{"id":2242,"date":"2022-03-18T08:12:32","date_gmt":"2022-03-18T08:12:32","guid":{"rendered":"https:\/\/taizyagromachine.com\/"},"modified":"2023-12-29T16:37:07","modified_gmt":"2023-12-29T08:37:07","slug":"wheat-thresher","status":"publish","type":"product","link":"https:\/\/taizyagromachine.com\/pt\/product\/wheat-thresher\/","title":{"rendered":"Debulhador de trigo multifuncional para arroz em casca, trigo, cevada e soja"},"content":{"rendered":"<p class=\"translation-block\">A <strong>debulhadora de trigo<\/strong> \u00e9 usada principalmente para debulhar cevada, trigo, arroz e outros gr\u00e3os (como sorgo, milho, soja, etc.). Tem uma capacidade de 500-1200kg\/h e uma taxa de perda e danos de \u22641,5%.<\/p>    <p>Esta m\u00e1quina debulhadora para trigo de arroz \u00e9 usada principalmente para realizar a opera\u00e7\u00e3o de debulha de culturas, especialmente adequada para debulha p\u00f3s-colheita em grande escala em terras agr\u00edcolas. Assim, para f\u00e1bricas de processamento de farinha ou empres\u00e1rios de investimento, \u00e9 uma boa op\u00e7\u00e3o para obter lucros.<\/p>    <p>Nossa m\u00e1quina debulhadora de arroz e trigo tem sido muito popular em muitos pa\u00edses. Pa\u00edses como Peru, Nig\u00e9ria, EUA, Serra Leoa, Om\u00e3, Gana, G\u00e2mbia, Trinidad e Tobago. Ent\u00e3o, se voc\u00ea tiver interesse, entre em contato comigo a qualquer momento!<\/p>    <figure class=\"wp-block-embed is-type-video is-provider-youtube wp-block-embed-youtube wp-embed-aspect-16-9 wp-has-aspect-ratio\"><div class=\"wp-block-embed__wrapper\"> <iframe loading=\"lazy\" title=\"Debulhador de trigo com arroz em casca para arroz, trigo, sorgo, pain\u00e7o, feij\u00e3o, debulhador # de colza\" width=\"500\" height=\"281\" src=\"https:\/\/www.youtube.com\/embed\/VCyiJiKC3Fo?feature=oembed\" frameborder=\"0\" allow=\"accelerometer; autoplay; clipboard-write; encrypted-media; gyroscope; picture-in-picture; web-share\" referrerpolicy=\"strict-origin-when-cross-origin\" allowfullscreen><\/iframe> <\/div><figcaption class=\"wp-element-caption\">debulhador de arroz e trigo para gr\u00e3os diversos<\/figcaption><\/figure>    <h2 class=\"wp-block-heading\"><strong>M\u00e1quina debulhadora de trigo dispon\u00edvel para venda<\/strong><\/h2>    <p>As fun\u00e7\u00f5es da nossa m\u00e1quina debulhadora de trigo s\u00e3o:<\/p>    <ul class=\"wp-block-list\"> <li><strong>Debulha<\/strong>: Separar os gr\u00e3os da palha das espigas de arroz e trigo por meios mec\u00e2nicos.<\/li>    <li><strong>Limpeza<\/strong>: Limpeza sincronizada no processo de trilha, retirando detritos, gr\u00e3os desinflados, fragmentos de palha, etc., para garantir a pureza das sementes.<\/li>    <li><strong>Anti-mistura<\/strong>: com bom desempenho anti-mistura, garante que as sementes de diferentes variedades n\u00e3o se misturem.<\/li> <\/ul>    <p>Existem quatro modelos de debulhadores de gr\u00e3os dispon\u00edveis e os par\u00e2metros t\u00e9cnicos est\u00e3o listados abaixo para sua refer\u00eancia.<\/p>    <figure class=\"wp-block-table\"><table><tbody><tr><td>Modelo<\/td><td>Dimens\u00e3o externa<\/td><td>Pot\u00eancia correspondente<br>(<strong>motor el\u00e9trico<\/strong>)<\/td><td>Pot\u00eancia correspondente<br><strong>(Motor a gas\u00f3leo<\/strong>)<\/td><td>Peso total<\/td><td>Efici\u00eancia de trabalho<\/td><td>Velocidade de rota\u00e7\u00e3o do rolo<\/td><td>Velocidade de rota\u00e7\u00e3o do ventilador<\/td><td>Frequ\u00eancia de&nbsp;<br>tela vibrat\u00f3ria<\/td><td>Taxa de\u00a0perda\u00a0total<\/td><td>Taxa total de\u00a0dano<\/td><\/tr><tr><td>5TD-50<\/td><td>1400\u00d7900\u00d71050mm<\/td><td>2,2-3kW<\/td><td>6-8 CV<\/td><td>150kg<\/td><td>500-800 kg\/hora<\/td><td>1400 r\/min<\/td><td>2500 r\/min<\/td><td>580 vezes\/min<\/td><td>\u22643,0%<\/td><td>\u22641,5%<\/td><\/tr><tr><td>5TD-75<\/td><td>1070\u00d72060\u00d71340mm<\/td><td>7,5 kW<\/td><td>12-15 CV<\/td><td>260kg<\/td><td>700-1000 kg\/hora<\/td><td>1200 r\/min<\/td><td>2400 r\/min<\/td><td>320 horas\/min<\/td><td>\u22643,0%<\/td><td>\u22641,5%<\/td><\/tr><tr><td>5TD-90<\/td><td>2300\u00d72000\u00d71500mm<\/td><td>7,5-11kW<\/td><td>18-20 CV<\/td><td>420kg<\/td><td>1000-1500 kg\/hora<\/td><td>1060 r\/min<\/td><td>2500 r\/min<\/td><td>320 horas\/min<\/td><td>\u22641,5%<\/td><td>\u22641,5%<\/td><\/tr><tr><td>5TD-125<\/td><td>2400\u00d72490\u00d71530mm<\/td><td>11-13kW<\/td><td>24-25 CV<\/td><td>450kg<\/td><td>1500-2000 kg\/h<\/td><td>1000 r\/min<\/td><td>2500 r\/min<\/td><td>&nbsp;240 horas\/min<\/td><td>\u22641,5%<\/td><td>\u22641,5%<\/td><\/tr><\/tbody><\/table><figcaption class=\"wp-element-caption\">4 tipos de par\u00e2metros de debulhador de arroz e trigo<\/figcaption><\/figure>    <figure class=\"wp-block-gallery aligncenter has-nested-images columns-2 is-cropped wp-block-gallery-2 is-layout-flex wp-block-gallery-is-layout-flex\"> <figure class=\"wp-block-image size-full\"><img loading=\"lazy\" decoding=\"async\" width=\"720\" height=\"540\" data-id=\"2254\" src=\"https:\/\/taizyagromachine.com\/wp-content\/uploads\/2022\/03\/soybean-thresher-5TD-50.jpg\" alt=\"debulhador de soja-5TD-50\" class=\"wp-image-2254\" srcset=\"https:\/\/taizyagromachine.com\/wp-content\/uploads\/2022\/03\/soybean-thresher-5TD-50.jpg 720w, https:\/\/taizyagromachine.com\/wp-content\/uploads\/2022\/03\/soybean-thresher-5TD-50-300x225.jpg 300w\" sizes=\"auto, (max-width: 720px) 100vw, 720px\" \/><figcaption class=\"wp-element-caption\">debulhador de soja-5TD-50<\/figcaption><\/figure>    <figure class=\"wp-block-image size-large\"><img loading=\"lazy\" decoding=\"async\" width=\"720\" height=\"540\" data-id=\"2255\" src=\"https:\/\/taizyagromachine.com\/wp-content\/uploads\/2022\/03\/sorghum-thresher-5TD-75.jpg\" alt=\"debulhador de sorgo-5TD-75\" class=\"wp-image-2255\" srcset=\"https:\/\/taizyagromachine.com\/wp-content\/uploads\/2022\/03\/sorghum-thresher-5TD-75.jpg 720w, https:\/\/taizyagromachine.com\/wp-content\/uploads\/2022\/03\/sorghum-thresher-5TD-75-300x225.jpg 300w\" sizes=\"auto, (max-width: 720px) 100vw, 720px\" \/><figcaption class=\"wp-element-caption\">debulhador de sorgo-5TD-75<\/figcaption><\/figure>    <figure class=\"wp-block-image size-full\"><img loading=\"lazy\" decoding=\"async\" width=\"720\" height=\"540\" data-id=\"2257\" src=\"https:\/\/taizyagromachine.com\/wp-content\/uploads\/2022\/03\/rice-thresher-5TD-90.jpg\" alt=\"debulhador de arroz-5TD-90\" class=\"wp-image-2257\" srcset=\"https:\/\/taizyagromachine.com\/wp-content\/uploads\/2022\/03\/rice-thresher-5TD-90.jpg 720w, https:\/\/taizyagromachine.com\/wp-content\/uploads\/2022\/03\/rice-thresher-5TD-90-300x225.jpg 300w\" sizes=\"auto, (max-width: 720px) 100vw, 720px\" \/><figcaption class=\"wp-element-caption\">debulhador de arroz-5TD-90<\/figcaption><\/figure>    <figure class=\"wp-block-image size-large\"><img loading=\"lazy\" decoding=\"async\" width=\"720\" height=\"540\" data-id=\"2258\" src=\"https:\/\/taizyagromachine.com\/wp-content\/uploads\/2022\/03\/wehat-thresher-5TD-125.jpg\" alt=\"wehat-thresher-5TD-125\" class=\"wp-image-2258\" srcset=\"https:\/\/taizyagromachine.com\/wp-content\/uploads\/2022\/03\/wehat-thresher-5TD-125.jpg 720w, https:\/\/taizyagromachine.com\/wp-content\/uploads\/2022\/03\/wehat-thresher-5TD-125-300x225.jpg 300w\" sizes=\"auto, (max-width: 720px) 100vw, 720px\" \/><figcaption class=\"wp-element-caption\">que debulhador-5TD-125<\/figcaption><\/figure> <\/figure>    <h2 class=\"wp-block-heading\" id=\"h-what-materials-are-threshed-by-soybean-thresher\"><strong>Quais materiais s\u00e3o debulhados pelo debulhador de soja?<\/strong><\/h2>    <p>Arroz e farinha s\u00e3o muito comuns no dia a dia. S\u00e3o consumidos com muita frequ\u00eancia na vida di\u00e1ria e na fam\u00edlia de cada pessoa. Portanto, a debulhadora \u00e9 necess\u00e1ria para debulhar trigo e arroz em casca.<\/p>    <p>Al\u00e9m disso, o sorgo e a soja podem ser descascados. Eles s\u00e3o ricos em nutri\u00e7\u00e3o para a sa\u00fade humana. A soja e o sorgo t\u00eam as fun\u00e7\u00f5es de promover a digest\u00e3o, reduzir o a\u00e7\u00facar e os lip\u00eddios no sangue, clarear os cuidados com a pele e aumentar a imunidade. <\/p>    <figure class=\"wp-block-gallery has-nested-images columns-default is-cropped wp-block-gallery-3 is-layout-flex wp-block-gallery-is-layout-flex\"> <figure class=\"wp-block-image size-full\"><img loading=\"lazy\" decoding=\"async\" width=\"540\" height=\"720\" data-id=\"2261\" src=\"https:\/\/taizyagromachine.com\/wp-content\/uploads\/2022\/03\/applicable-materials.jpg\" alt=\"materiais aplic\u00e1veis\" class=\"wp-image-2261\" srcset=\"https:\/\/taizyagromachine.com\/wp-content\/uploads\/2022\/03\/applicable-materials.jpg 540w, https:\/\/taizyagromachine.com\/wp-content\/uploads\/2022\/03\/applicable-materials-225x300.jpg 225w\" sizes=\"auto, (max-width: 540px) 100vw, 540px\" \/><figcaption class=\"wp-element-caption\">materiais aplic\u00e1veis<\/figcaption><\/figure>    <figure class=\"wp-block-image size-full\"><img loading=\"lazy\" decoding=\"async\" width=\"540\" height=\"720\" data-id=\"2260\" src=\"https:\/\/taizyagromachine.com\/wp-content\/uploads\/2022\/03\/threshed-materials.jpg\" alt=\"materiais trilhados\" class=\"wp-image-2260\" srcset=\"https:\/\/taizyagromachine.com\/wp-content\/uploads\/2022\/03\/threshed-materials.jpg 540w, https:\/\/taizyagromachine.com\/wp-content\/uploads\/2022\/03\/threshed-materials-225x300.jpg 225w\" sizes=\"auto, (max-width: 540px) 100vw, 540px\" \/><figcaption class=\"wp-element-caption\">materiais trilhados<\/figcaption><\/figure> <\/figure>    <h2 class=\"wp-block-heading\" id=\"h-advantages-of-sorghum-thresher\"><strong>Vantagens estruturais do debulhador de gr\u00e3os para arroz de trigo<\/strong><\/h2>    <ul class=\"wp-block-list\"> <li><strong>Forte praticidade<\/strong>. Culturas diferentes utilizam peneiras diferentes e muitos gr\u00e3os podem ser debulhados.<\/li>    <li><strong>Rodas e suportes grandes<\/strong>. Esta debulhadora \u00e9 f\u00e1cil de mover e a constru\u00e7\u00e3o \u00e9 muito popular entre os clientes africanos.<\/li>    <li><strong>Sistema de energia<\/strong>. Pode ser equipada com motor diesel e motor, e a debulhadora de arroz 5TD-50 tamb\u00e9m pode utilizar motor a gasolina, o que resolve o problema de pot\u00eancia insuficiente.<\/li>    <li><strong>Atendimento personalizado<\/strong>. Para esta pequena debulhadora de trigo, diferentes modelos disponibilizamos m\u00e1quinas de acordo com sua necessidade para atender \u00e0s suas necessidades.<\/li> <\/ul>    <h2 class=\"wp-block-heading\"><strong>Destaques da debulhadora de arroz<\/strong><\/h2>    <ul class=\"wp-block-list\"> <li><strong>Alta efici\u00eancia e estabilidade<\/strong>: Esta debulhadora multiculturas de arroz\u00a0pode completar a tarefa de debulha de forma r\u00e1pida e eficiente e tem forte adaptabilidade ao estado seco e \u00famido das culturas, mantendo um efeito de debulha est\u00e1vel.<\/li>    <li><strong>Baixa taxa de perda<\/strong>: Menor perda de gr\u00e3os durante a debulha, melhora a efici\u00eancia da colheita e benef\u00edcios econ\u00f4micos.<\/li>    <li><strong>Opera\u00e7\u00e3o conveniente<\/strong>: Estrutura simples, f\u00e1cil de operar, parte do modelo pode ser aplicada em diversos tipos de trilha de gr\u00e3os atrav\u00e9s da substitui\u00e7\u00e3o da peneira.<\/li>    <li><strong>Ampla gama de aplica\u00e7\u00f5es<\/strong>: N\u00e3o s\u00f3 para arroz e trigo, mas tamb\u00e9m pode ser aplicado em diversos trabalhos de debulha de gr\u00e3os.<\/li>    <li><strong>Forte flexibilidade<\/strong>: Para debulhador el\u00e9trico pequeno de laborat\u00f3rio, ele pode ser usado para um \u00fanico pico at\u00e9 um certo n\u00famero de amostras de pico para processamento de debulha fina.<\/li>    <li><strong>Boa durabilidade<\/strong>: o corpo da debulhadora de arroz em casca \u00e9 feito de materiais resistentes \u00e0 corros\u00e3o, dur\u00e1veis \u200b\u200be capazes de atender \u00e0s necessidades das atividades agr\u00edcolas de longo prazo.<\/li> <\/ul>    <h2 class=\"wp-block-heading\" id=\"h-wheat-thresher-machine-benefits-and-price-analysis\"><strong>Benef\u00edcios da m\u00e1quina debulhadora de trigo e an\u00e1lise de pre\u00e7os<\/strong><\/h2>    <p class=\"translation-block\"><strong>An\u00e1lise de Benef\u00edcios da Debulhadora de Trigo para Venda<\/strong><\/p>    <p class=\"translation-block\">H\u00e1 uma grande popula\u00e7\u00e3o no mundo, e quase todos eles consomem arroz e farinha, quer seja na culin\u00e1ria ocidental ou chinesa. Portanto, no geral, o mercado de arroz e farinha \u00e9 muito amplo. A debulhadora de trigo pode debulhar uma variedade de gr\u00e3os, o que demonstra a sua grande praticidade. Tomemos como exemplo a debulha de arroz; ap\u00f3s usar a debulhadora de arroz, pode obter arroz em casca, depois pode usar a <a href=\"https:\/\/taizyagromachine.com\/pt\/product\/rice-mill\/\" target=\"_blank\" rel=\"noreferrer noopener\">planta de beneficiamento de arroz<\/a> e, finalmente, obter arroz comest\u00edvel. <\/p>    <p>Al\u00e9m disso, esta debulhadora para trigo e arroz, milho, sorgo, feij\u00e3o \u00e9 fabricada com rodas grandes e bandejas. Este tipo de debulhadora \u00e9 muito popular na \u00c1frica. <\/p>    <p class=\"translation-block\"><strong>An\u00e1lise do Pre\u00e7o da Debulhadora de Trigo<\/strong><\/p>    <p>Temos quatro modelos dispon\u00edveis. E cada modelo tem capacidade correspondente, pot\u00eancia correspondente e outros. Al\u00e9m disso, o pre\u00e7o da debulhadora de arroz \u00e9 influenciado pelo custo de tempo, custo de m\u00e3o de obra, produ\u00e7\u00e3o, etc. Voc\u00ea pode nos enviar uma mensagem com suas demandas detalhadas, podemos oferecer aconselhamento profissional sobre debulhadora de arroz para sua refer\u00eancia.<\/p>    <h2 class=\"wp-block-heading\" id=\"h-how-to-choose-proper-place-to-put-wheat-thresher\"><strong>Como escolher o local adequado para colocar o debulhador de trigo?<\/strong><\/h2>    <ol class=\"wp-block-list\"> <li>Determine um solo endurecido relativamente espa\u00e7oso de acordo com a quantidade de trabalho que voc\u00ea precisa para desaquecer.<\/li>    <li>A dist\u00e2ncia deve ser mantida relativamente sem obst\u00e1culos.<\/li>    <li>Tanto quanto poss\u00edvel, longe de \u00e1reas residenciais, n\u00e3o deve ficar sob a linha de transmiss\u00e3o de energia.<\/li>    <li>Devem ser fornecidas instala\u00e7\u00f5es adequadas de preven\u00e7\u00e3o de inc\u00eandios, tais como pilhas de areia e tanques de \u00e1gua cheios de \u00e1gua ou extintores de inc\u00eandio.<\/li>    <li>Ao trabalhar \u00e0 noite, deve estar equipado com ilumina\u00e7\u00e3o adequada.<\/li>    <li>A dire\u00e7\u00e3o da sa\u00edda de descarga de grama deve ser t\u00e3o consistente quanto poss\u00edvel com a dire\u00e7\u00e3o do vento.<\/li>    <li>Quando o motor for utilizado como pot\u00eancia, os equipamentos e linhas el\u00e9tricas utilizadas no local devem atender ao disposto na norma nacional de energia el\u00e9trica, e a faca deve ser instalada em local de f\u00e1cil acesso ao operador, para que a m\u00e1quina possa ser parado a tempo.<\/li>    <li>Ao utilizar o motor diesel como pot\u00eancia, o usu\u00e1rio deve conectar a chamin\u00e9 ao escapamento do diesel e conduzir o fogo at\u00e9 o solo para atender aos requisitos de aus\u00eancia de risco de inc\u00eandio.<\/li> <\/ol>    <h2 class=\"wp-block-heading\" id=\"h-maintennace-of-commercial-thresher\"><strong>Manuten\u00e7\u00e3o de debulhador comercial de trigo<\/strong><\/h2>    <ol class=\"wp-block-list\"> <li>A cada 40 horas de trabalho, verifique os rolamentos dos rolos e do ventilador e adicione a quantidade adequada de manteiga.<\/li>    <li>Ao final de cada utiliza\u00e7\u00e3o, a debulhadora deve funcionar vazia por 5 minutos para retirar a ra\u00e7\u00e3o restante da m\u00e1quina.<\/li>    <li>Ao final da obra, verifique o estado das pe\u00e7as da m\u00e1quina e fa\u00e7a a manuten\u00e7\u00e3o.<\/li> <\/ol>    <h2 class=\"wp-block-heading\" id=\"h-successful-case-rice-wheat-thresher-exported-to-pakistan\"><strong>Caso de sucesso: debulhador de arroz e trigo exportado para o Paquist\u00e3o<\/strong><\/h2>    <p>Em janeiro deste ano, nosso gerente de vendas, Coco, recebeu uma consulta do Paquist\u00e3o. Este cliente paquistan\u00eas perguntou sobre uma debulhadora. Depois de saber que queria debulhar sorgo, Coco recomendou-lhe esta debulhadora. Al\u00e9m disso, Coco enviou-lhe v\u00eddeos e fotos de trabalho. <\/p>    <p>Em compara\u00e7\u00e3o com o pre\u00e7o da debulhadora de trigo no Paquist\u00e3o, os clientes paquistaneses decidem comprar de n\u00f3s. Ambas as partes confirmaram os detalhes da m\u00e1quina um por um e depois assinaram o contrato. E a m\u00e1quina foi enviada com sucesso para o Paquist\u00e3o em mar\u00e7o deste ano.<\/p>   <div class=\"wp-block-image\"> <figure class=\"aligncenter size-full\"><img loading=\"lazy\" decoding=\"async\" width=\"720\" height=\"540\" src=\"https:\/\/taizyagromachine.com\/wp-content\/uploads\/2022\/03\/package-wheat-thresher-machine.jpg\" alt=\"m\u00e1quina debulhadora de trigo\" class=\"wp-image-2263\" srcset=\"https:\/\/taizyagromachine.com\/wp-content\/uploads\/2022\/03\/package-wheat-thresher-machine.jpg 720w, https:\/\/taizyagromachine.com\/wp-content\/uploads\/2022\/03\/package-wheat-thresher-machine-300x225.jpg 300w\" sizes=\"auto, (max-width: 720px) 100vw, 720px\" \/><figcaption class=\"wp-element-caption\">m\u00e1quina debulhadora de trigo pacote<\/figcaption><\/figure> <\/div>   <h2 class=\"wp-block-heading\"><strong>Feedback do cliente sobre m\u00e1quina debulhadora para arroz e trigo<\/strong><\/h2>    <p class=\"translation-block\"><strong>Feedback de cliente africano sobre debulhadora de trigo tratorizada<\/strong><\/p>    <p>Depois de utilizarem a debulhadora para trigo, os utilizadores africanos partilharam a sua experi\u00eancia pr\u00e1tica atrav\u00e9s de v\u00eddeos. Eles elogiaram a m\u00e1quina de arroz em casca pela sua alta efici\u00eancia e durabilidade, excelente desempenho em condi\u00e7\u00f5es clim\u00e1ticas vari\u00e1veis, melhorando significativamente a efici\u00eancia da colheita de terras agr\u00edcolas locais, reduzindo significativamente a intensidade de trabalho dos agricultores e sendo bem recebida pela maioria dos agricultores.<\/p>    <figure class=\"wp-block-embed is-type-video is-provider-youtube wp-block-embed-youtube wp-embed-aspect-16-9 wp-has-aspect-ratio\"><div class=\"wp-block-embed__wrapper\"> <iframe loading=\"lazy\" title=\"M\u00e1quina debulhadora de arroz e trigo de alta efici\u00eancia: Debulha de milho africano, arroz, trigo, colza\" width=\"500\" height=\"281\" src=\"https:\/\/www.youtube.com\/embed\/cN2OVH9_M58?feature=oembed\" frameborder=\"0\" allow=\"accelerometer; autoplay; clipboard-write; encrypted-media; gyroscope; picture-in-picture; web-share\" referrerpolicy=\"strict-origin-when-cross-origin\" allowfullscreen><\/iframe> <\/div><figcaption class=\"wp-element-caption\">feedback da debulhadora de trigo em casca da \u00c1frica<\/figcaption><\/figure>    <p class=\"translation-block\"><strong>Feedback de Gana sobre m\u00e1quina debulhadora de trigo<\/strong><\/p>    <p>Os clientes de Gana mostraram o efeito real da aplica\u00e7\u00e3o do debulhador de trigo no mercado local por meio de feedback em v\u00eddeo. Eles elogiaram o excelente desempenho de debulha, a facilidade de opera\u00e7\u00e3o e a boa adaptabilidade do equipamento, e acreditaram que ele resolveu efetivamente o problema da colheita de arroz e trigo em Gana, melhorou significativamente a produtividade agr\u00edcola e ansiava por mais coopera\u00e7\u00e3o e promo\u00e7\u00e3o.<\/p>    <figure class=\"wp-block-embed is-type-video is-provider-youtube wp-block-embed-youtube wp-embed-aspect-16-9 wp-has-aspect-ratio\"><div class=\"wp-block-embed__wrapper\"> <iframe loading=\"lazy\" title=\"Grande efeito de debulha do feedback do debulhador de trigo de Gana: M\u00e1quina debulhadora para arroz, trigo, milho\" width=\"500\" height=\"281\" src=\"https:\/\/www.youtube.com\/embed\/tgtGHWs_AUM?feature=oembed\" frameborder=\"0\" allow=\"accelerometer; autoplay; clipboard-write; encrypted-media; gyroscope; picture-in-picture; web-share\" referrerpolicy=\"strict-origin-when-cross-origin\" allowfullscreen><\/iframe> <\/div><figcaption class=\"wp-element-caption\">feedback da debulhadora de trigo de Gana<\/figcaption><\/figure>    <h2 class=\"wp-block-heading\"><strong>Comece sua debulha de gr\u00e3os agora!<\/strong><\/h2>    <p class=\"translation-block\">Quer come\u00e7ar facilmente com a debulha de <a href=\"https:\/\/en.wikipedia.org\/wiki\/Grain\" target=\"_blank\" rel=\"noopener\">gr\u00e3os<\/a>? Para obter o melhor pre\u00e7o da m\u00e1quina debulhadora para arroz e trigo, contacte-nos agora. Podemos fornecer a melhor solu\u00e7\u00e3o para ajud\u00e1-lo a alcan\u00e7ar facilmente a mecaniza\u00e7\u00e3o da colheita de gr\u00e3os.<\/p>","protected":false},"excerpt":{"rendered":"<p>Debulhador de trigo \u00e9 para debulhar cevada, trigo, arroz, sorgo, gr\u00e3os, soja e milho. Afirmamos que este debulhador de gr\u00e3os, vantagens, feedback do cliente, etc. Se voc\u00ea deseja esta m\u00e1quina, entre em contato conosco em tempo h\u00e1bil.<\/p>","protected":false},"author":1,"featured_media":2265,"parent":0,"template":"","tags":[205,204],"product-type":[20],"class_list":["post-2242","product","type-product","status-publish","has-post-thumbnail","hentry","tag-rice-wheat-thresher","tag-wheat-thresher","product-type-rice-and-wheat-machine"],"_links":{"self":[{"href":"https:\/\/taizyagromachine.com\/pt\/wp-json\/wp\/v2\/product\/2242","targetHints":{"allow":["GET"]}}],"collection":[{"href":"https:\/\/taizyagromachine.com\/pt\/wp-json\/wp\/v2\/product"}],"about":[{"href":"https:\/\/taizyagromachine.com\/pt\/wp-json\/wp\/v2\/types\/product"}],"author":[{"embeddable":true,"href":"https:\/\/taizyagromachine.com\/pt\/wp-json\/wp\/v2\/users\/1"}],"wp:featuredmedia":[{"embeddable":true,"href":"https:\/\/taizyagromachine.com\/pt\/wp-json\/wp\/v2\/media\/2265"}],"wp:attachment":[{"href":"https:\/\/taizyagromachine.com\/pt\/wp-json\/wp\/v2\/media?parent=2242"}],"wp:term":[{"taxonomy":"post_tag","embeddable":true,"href":"https:\/\/taizyagromachine.com\/pt\/wp-json\/wp\/v2\/tags?post=2242"},{"taxonomy":"product-type","embeddable":true,"href":"https:\/\/taizyagromachine.com\/pt\/wp-json\/wp\/v2\/product-type?post=2242"}],"curies":[{"name":"wp","href":"https:\/\/api.w.org\/{rel}","templated":true}]}}