{"id":2280,"date":"2022-03-24T07:51:15","date_gmt":"2022-03-24T07:51:15","guid":{"rendered":"https:\/\/taizyagromachine.com\/?post_type=product&#038;p=2280"},"modified":"2024-10-16T13:46:28","modified_gmt":"2024-10-16T05:46:28","slug":"fish-feed-extruder","status":"publish","type":"product","link":"https:\/\/taizyagromachine.com\/pt\/product\/fish-feed-extruder\/","title":{"rendered":"M\u00e1quina extrusora flutuante de ra\u00e7\u00e3o para peixes para aqu\u00e1rio"},"content":{"rendered":"<p class=\"translation-block\">Nosso <strong>extrusor de ra\u00e7\u00e3o para peixes<\/strong>, tamb\u00e9m chamado de m\u00e1quina de pellets de ra\u00e7\u00e3o flutuante para peixes, pode produzir pellets de ra\u00e7\u00e3o para peixes aquecendo e expandindo com uma certa propor\u00e7\u00e3o de v\u00e1rios tipos de farelo de milho, farinha de peixe, farinha e outras misturas. Esta m\u00e1quina de fazer pellets de ra\u00e7\u00e3o para peixes pode produzir n\u00e3o apenas ra\u00e7\u00e3o para aqu\u00e1ticos como peixes, mas tamb\u00e9m ra\u00e7\u00e3o para animais de estima\u00e7\u00e3o como c\u00e3es e gatos. <\/p>    <p>Al\u00e9m disso, esta m\u00e1quina peletizadora de ra\u00e7\u00e3o para peixes pode usar motor el\u00e9trico ou motor diesel para produzir material flutuante e afundante, bastando substituir a luva do parafuso. Tem capacidade de 40-450kg por hora. O tamanho do pellet de ra\u00e7\u00e3o varia de 1 a 13 mm e podemos personalizar o tamanho e a forma para voc\u00ea.<\/p>    <p>Nossa m\u00e1quina de pellets de ra\u00e7\u00e3o para peixes vende bem no pa\u00eds e no exterior, como no Peru, Gana, N\u00edger, Angola, Mal\u00e1sia, B\u00e9lgica, etc. Se voc\u00ea deseja fazer a produ\u00e7\u00e3o de pellets de ra\u00e7\u00e3o para peixes, entre em contato conosco a qualquer momento.<\/p>    <figure class=\"wp-block-embed is-type-video is-provider-youtube wp-block-embed-youtube wp-embed-aspect-16-9 wp-has-aspect-ratio\"><div class=\"wp-block-embed__wrapper\"> <iframe loading=\"lazy\" title=\"M\u00e1quina de fazer pelotas de ra\u00e7\u00e3o para peixes para produ\u00e7\u00e3o eficiente de pelotas de ra\u00e7\u00e3o para peixes flutuantes\ud83d\udc1f\ud83c\udf1f#fishfeedmachine\" width=\"500\" height=\"281\" src=\"https:\/\/www.youtube.com\/embed\/rAkP9XOblyA?feature=oembed\" frameborder=\"0\" allow=\"accelerometer; autoplay; clipboard-write; encrypted-media; gyroscope; picture-in-picture; web-share\" referrerpolicy=\"strict-origin-when-cross-origin\" allowfullscreen><\/iframe> <\/div><figcaption class=\"wp-element-caption\">V\u00eddeo de funcionamento da m\u00e1quina flutuante de pellets de ra\u00e7\u00e3o para peixes<\/figcaption><\/figure>    <h2 class=\"wp-block-heading\"><strong><strong>Quais s\u00e3o os par\u00e2metros da peletizadora de ra\u00e7\u00e3o para peixes?<\/strong><\/strong><\/h2>    <p>Na tabela abaixo, voc\u00ea pode descobrir que existem diferentes tipos. Quando voc\u00ea precisar desta m\u00e1quina extrusora de ra\u00e7\u00e3o para peixes, informe-nos suas necessidades, capacidade da m\u00e1quina, configura\u00e7\u00e3o da m\u00e1quina, pot\u00eancia da m\u00e1quina, etc., nosso gerente de vendas fornecer\u00e1 o plano mais adequado com conhecimento profissional.<\/p>    <figure class=\"wp-block-table\"><table><tbody><tr><td>Modelo<\/td><td>Capacidade<\/td><td>Alimenta\u00e7\u00e3o principal<\/td><td>Poder do cortador<\/td><td>Alimenta\u00e7\u00e3o de energia<\/td><td>Di\u00e2metro do parafuso<\/td><td>Tamanho<\/td><td>Peso<\/td><\/tr><tr><td>DGP-40<\/td><td>40-50 kg\/hora<\/td><td>7,5 kW<\/td><td>0,4kW<\/td><td>0,4kW<\/td><td>40mm<\/td><td>1260*860*1250mm<\/td><td>290kg<\/td><\/tr><tr><td>DGP-60<\/td><td>150kg\/hora<\/td><td>15kW<\/td><td>0,4kW<\/td><td>0,4kW<\/td><td>60mm<\/td><td>1450*950*1430mm<\/td><td>480kg<\/td><\/tr><tr><td>DGP-70<\/td><td>180-250 kg\/hora<\/td><td>18,5 kW<\/td><td>0,4kW<\/td><td>0,4kW<\/td><td>70mm<\/td><td>1600*1400*1450mm<\/td><td>600kg<\/td><\/tr><tr><td>DGP-80<\/td><td>300-350 kg\/hora<\/td><td>22kW<\/td><td>0,4kW<\/td><td>0,4kW<\/td><td>80mm<\/td><td>1850*1470*1500mm<\/td><td>800kg<\/td><\/tr><tr><td>DGP-100<\/td><td>400-450 kg\/hora<\/td><td>37kW<\/td><td>1,1kW<\/td><td>1,5kW<\/td><td>100 mm<\/td><td>2000*1600*1600mm<\/td><td>1500kg<\/td><\/tr><\/tbody><\/table><figcaption class=\"wp-element-caption\">Par\u00e2metros t\u00e9cnicos da m\u00e1quina extrusora flutuante de ra\u00e7\u00e3o para peixes<\/figcaption><\/figure>    <h2 class=\"wp-block-heading\" id=\"h-floating-fish-feed-extruder-machine-for-sale\"><strong>M\u00e1quina extrusora flutuante de ra\u00e7\u00e3o para peixes para venda<\/strong><\/h2>    <p>Como uma empresa profissional de m\u00e1quinas agr\u00edcolas, temos v\u00e1rias m\u00e1quinas flutuantes para alimentos para peixes \u00e0 venda. De modo geral, temos PIB-40, PIB-60, PIB-70, PIB-80, PIB-100, PIB-100. Se voc\u00ea precisar de uma capacidade maior, temos dispon\u00edvel a linha de produ\u00e7\u00e3o de ra\u00e7\u00e3o para peixes. Bem-vindo a entrar em contato conosco para mais esclarecimentos!<\/p>    <figure class=\"wp-block-gallery aligncenter has-nested-images columns-default is-cropped wp-block-gallery-2 is-layout-flex wp-block-gallery-is-layout-flex\"> <figure class=\"wp-block-image size-full\"><img loading=\"lazy\" decoding=\"async\" width=\"720\" height=\"540\" data-id=\"3925\" src=\"https:\/\/taizyagromachine.com\/wp-content\/uploads\/2022\/11\/electric-motor-fish-feed-extruder-machine.webp\" alt=\"m\u00e1quina extrusora de ra\u00e7\u00e3o para peixes com motor el\u00e9trico\" class=\"wp-image-3925\"\/><figcaption class=\"wp-element-caption\">M\u00e1quina extrusora de ra\u00e7\u00e3o para peixes com motor el\u00e9trico<\/figcaption><\/figure>    <figure class=\"wp-block-image size-full\"><img loading=\"lazy\" decoding=\"async\" width=\"720\" height=\"540\" data-id=\"3929\" src=\"https:\/\/taizyagromachine.com\/wp-content\/uploads\/2022\/11\/diesel-engine-fish-feed-extruder-machinel.webp\" alt=\"m\u00e1quina extrusora de ra\u00e7\u00e3o para peixes com motor diesel\" class=\"wp-image-3929\"\/><figcaption class=\"wp-element-caption\">M\u00e1quina extrusora de ra\u00e7\u00e3o para peixes com motor diesel<\/figcaption><\/figure> <\/figure>    <h2 class=\"wp-block-heading\" id=\"h-progress-video-for-producing-floating-fish-feed\"><strong>V\u00eddeo de progresso na produ\u00e7\u00e3o de ra\u00e7\u00e3o flutuante para peixes<\/strong><\/h2>    <p>Desde a mistura da mat\u00e9ria-prima at\u00e9 a produ\u00e7\u00e3o da ra\u00e7\u00e3o animal, cada etapa tem uma descri\u00e7\u00e3o muito clara. E no final, ap\u00f3s finalizar a produ\u00e7\u00e3o, o v\u00eddeo explica como limpar a m\u00e1quina. Atrav\u00e9s deste v\u00eddeo, voc\u00ea poder\u00e1 entender como utilizar a extrusora de ra\u00e7\u00e3o para peixes para produzir os pellets de ra\u00e7\u00e3o que deseja.<\/p>    <figure class=\"wp-block-embed aligncenter is-type-video is-provider-youtube wp-block-embed-youtube wp-embed-aspect-16-9 wp-has-aspect-ratio\"><div class=\"wp-block-embed__wrapper\"> <iframe loading=\"lazy\" title=\"ra\u00e7\u00e3o para peixes que faz a m\u00e1quina flutuante da pelota | peletizadora de ra\u00e7\u00e3o animal para gado, bagre, cabra...\" width=\"500\" height=\"281\" src=\"https:\/\/www.youtube.com\/embed\/5P-SJe4C0-I?feature=oembed\" frameborder=\"0\" allow=\"accelerometer; autoplay; clipboard-write; encrypted-media; gyroscope; picture-in-picture; web-share\" referrerpolicy=\"strict-origin-when-cross-origin\" allowfullscreen><\/iframe> <\/div><figcaption class=\"wp-element-caption\">processo de produ\u00e7\u00e3o de ra\u00e7\u00e3o para peixes flutuantes<\/figcaption><\/figure>    <p>Depois de produzir uma certa quantidade de pellets de ra\u00e7\u00e3o para peixes, o mofo pode ficar entupido com ingredientes. Neste momento, voc\u00ea precisa limpar o molde da m\u00e1quina de fazer pellets de ra\u00e7\u00e3o para peixes, o processo exato de limpeza \u00e9 mostrado no v\u00eddeo:<\/p>    <figure class=\"wp-block-embed is-type-video is-provider-youtube wp-block-embed-youtube wp-embed-aspect-16-9 wp-has-aspect-ratio\"><div class=\"wp-block-embed__wrapper\"> <iframe loading=\"lazy\" title=\"Limpeza eficiente de moldes ap\u00f3s usar a peletizadora de ra\u00e7\u00e3o para peixes! M\u00e1quina flutuante de pellets de ra\u00e7\u00e3o para peixes\" width=\"500\" height=\"281\" src=\"https:\/\/www.youtube.com\/embed\/ulpNlVMb1d0?feature=oembed\" frameborder=\"0\" allow=\"accelerometer; autoplay; clipboard-write; encrypted-media; gyroscope; picture-in-picture; web-share\" referrerpolicy=\"strict-origin-when-cross-origin\" allowfullscreen><\/iframe> <\/div><figcaption class=\"wp-element-caption\">processo de limpeza de moldes de ra\u00e7\u00e3o para peixes<\/figcaption><\/figure>    <h2 class=\"wp-block-heading\" id=\"h-what-are-the-parameters-of-the-fish-feed-machine\"><strong>Aplica\u00e7\u00f5es da extrusora de ra\u00e7\u00e3o para peixes<\/strong><\/h2>    <p>A m\u00e1quina flutuante de pellets de ra\u00e7\u00e3o para peixes Taizy pode produzir v\u00e1rios pellets de ra\u00e7\u00e3o, usados \u200b\u200b\u200b\u200bpara diversas \u00e1reas. Esta m\u00e1quina pode produzir v\u00e1rios pellets de ra\u00e7\u00e3o para animais, ra\u00e7\u00e3o aqu\u00e1tica, ra\u00e7\u00e3o para animais de estima\u00e7\u00e3o, etc. Por exemplo, todos os tipos de peixes, tartarugas, p\u00e1ssaros, c\u00e3es e gatos de estima\u00e7\u00e3o, etc.<\/p>    <figure class=\"wp-block-gallery aligncenter has-nested-images columns-default is-cropped wp-block-gallery-3 is-layout-flex wp-block-gallery-is-layout-flex\"> <figure class=\"wp-block-image size-full\"><img loading=\"lazy\" decoding=\"async\" width=\"720\" height=\"540\" data-id=\"6258\" src=\"https:\/\/taizyagromachine.com\/wp-content\/uploads\/2023\/12\/applications-of-small-floating-fish-feed-machine.webp\" alt=\"aplica\u00e7\u00f5es de pequena m\u00e1quina flutuante de alimenta\u00e7\u00e3o de peixes\" class=\"wp-image-6258\"\/><figcaption class=\"wp-element-caption\">aplica\u00e7\u00f5es de pequena m\u00e1quina flutuante de alimenta\u00e7\u00e3o de peixes<\/figcaption><\/figure>    <figure class=\"wp-block-image size-large\"><img loading=\"lazy\" decoding=\"async\" width=\"720\" height=\"450\" data-id=\"2303\" src=\"https:\/\/taizyagromachine.com\/wp-content\/uploads\/2022\/03\/wide-applications-fish-feed-extruder.jpg\" alt=\"ampla extrusora de ra\u00e7\u00e3o para peixes\" class=\"wp-image-2303\" srcset=\"https:\/\/taizyagromachine.com\/wp-content\/uploads\/2022\/03\/wide-applications-fish-feed-extruder.jpg 720w, https:\/\/taizyagromachine.com\/wp-content\/uploads\/2022\/03\/wide-applications-fish-feed-extruder-300x188.jpg 300w\" sizes=\"auto, (max-width: 720px) 100vw, 720px\" \/><figcaption class=\"wp-element-caption\">ampla extrusora de ra\u00e7\u00e3o para peixes<\/figcaption><\/figure> <\/figure>    <h2 class=\"wp-block-heading\" id=\"h-fish-feed-extruder-design-and-parts\"><strong>Projeto e pe\u00e7as da extrusora de ra\u00e7\u00e3o para peixes<\/strong><\/h2>    <p>Para ser honesto, as m\u00e1quinas de fabrica\u00e7\u00e3o de alimentos para peixes possuem tr\u00eas partes, respectivamente alimentador, dispositivo de extrus\u00e3o e sistema de controle eletr\u00f4nico. <\/p>    <p>Entre eles, o dispositivo de extrus\u00e3o e extrus\u00e3o \u00e9 a parte central da extrusora. A combina\u00e7\u00e3o correspondente \u00e9 selecionada de acordo com os diferentes usos. Isto \u00e9, extrus\u00e3o de diferentes materiais e diferentes m\u00e9todos de descarga.<\/p>    <p>O sistema de controle eletr\u00f4nico \u00e9 fixado separadamente. De acordo com a pot\u00eancia do hospedeiro e a forma de alimenta\u00e7\u00e3o, a configura\u00e7\u00e3o tamb\u00e9m \u00e9 diferente.<\/p>   <div class=\"wp-block-image\"> <figure class=\"aligncenter size-full\"><img loading=\"lazy\" decoding=\"async\" width=\"720\" height=\"450\" src=\"https:\/\/taizyagromachine.com\/wp-content\/uploads\/2022\/03\/structure-of-fish-feed-pellet-mill.jpg\" alt=\"estrutura da pelotizadora de ra\u00e7\u00e3o para peixes\" class=\"wp-image-2301\" srcset=\"https:\/\/taizyagromachine.com\/wp-content\/uploads\/2022\/03\/structure-of-fish-feed-pellet-mill.jpg 720w, https:\/\/taizyagromachine.com\/wp-content\/uploads\/2022\/03\/structure-of-fish-feed-pellet-mill-300x188.jpg 300w\" sizes=\"auto, (max-width: 720px) 100vw, 720px\" \/><figcaption class=\"wp-element-caption\">estrutura da pelotizadora de ra\u00e7\u00e3o para peixes<\/figcaption><\/figure> <\/div>   <h2 class=\"wp-block-heading\" id=\"h-spotlights-of-floating-fish-feed-machine\"><strong>Destaques da m\u00e1quina flutuante de ra\u00e7\u00e3o para peixes<\/strong><\/h2>    <ol class=\"wp-block-list\"> <li><strong>Forte adaptabilidade<\/strong>. Esta extrusora de ra\u00e7\u00e3o para peixes seca e \u00famida pode se adaptar a diferentes necessidades de produ\u00e7\u00e3o, desde pequenas m\u00e1quinas extrusoras el\u00e9tricas de ra\u00e7\u00e3o para peixes at\u00e9 grandes produ\u00e7\u00f5es de ra\u00e7\u00e3o. A m\u00e1quina extrusora de ra\u00e7\u00e3o flutuante de grande e m\u00e9dio porte pode usar a m\u00e1quina para processamento de mat\u00e9ria-prima ou produ\u00e7\u00e3o de ra\u00e7\u00e3o especial.<\/li>    <li><strong>Ampla gama de aplica\u00e7\u00f5es<\/strong>. Como a desintoxica\u00e7\u00e3o de soja integral tufada, milho tufado, farelo de algod\u00e3o (ou farelo de colza) ou ra\u00e7\u00e3o tufada para animais de estima\u00e7\u00e3o, ra\u00e7\u00e3o aqu\u00e1tica, ra\u00e7\u00e3o para raposa ou outra ra\u00e7\u00e3o especial.<\/li>    <li><strong>Aplic\u00e1vel a diferentes materiais<\/strong>. Esta m\u00e1quina est\u00e1 equipada com um alimentador de ajuste autom\u00e1tico de velocidade e a quantidade de alimenta\u00e7\u00e3o pode ser alterada de acordo com a situa\u00e7\u00e3o.<\/li>    <li>Estrutura simples, grande praticidade, apar\u00eancia requintada.<\/li>    <li>Opera\u00e7\u00e3o f\u00e1cil, f\u00e1cil de manter.<\/li> <\/ol>   <div class=\"wp-block-image\"> <figure class=\"aligncenter size-full\"><img loading=\"lazy\" decoding=\"async\" width=\"720\" height=\"540\" src=\"https:\/\/taizyagromachine.com\/wp-content\/uploads\/2022\/03\/dry-type-fish-feed-extruder-DGP-80.jpg\" alt=\"extrusora de ra\u00e7\u00e3o para peixes tipo seco-DGP-80\" class=\"wp-image-2291\" srcset=\"https:\/\/taizyagromachine.com\/wp-content\/uploads\/2022\/03\/dry-type-fish-feed-extruder-DGP-80.jpg 720w, https:\/\/taizyagromachine.com\/wp-content\/uploads\/2022\/03\/dry-type-fish-feed-extruder-DGP-80-300x225.jpg 300w\" sizes=\"auto, (max-width: 720px) 100vw, 720px\" \/><figcaption class=\"wp-element-caption\">extrusora de ra\u00e7\u00e3o para peixes tipo seco-DGP-80<\/figcaption><\/figure> <\/div>   <h2 class=\"wp-block-heading\" id=\"h-what-affects-fish-feed-extruder-machine-price\"><strong>O que afeta o pre\u00e7o da m\u00e1quina extrusora de ra\u00e7\u00e3o para peixes?<\/strong><\/h2>    <p class=\"translation-block\"><strong>Configura\u00e7\u00f5es<\/strong>. Porque a configura\u00e7\u00e3o da m\u00e1quina de pellets varia. Sa\u00edda, pot\u00eancia, etc. podem afetar a configura\u00e7\u00e3o da m\u00e1quina de pellets para peixes. Por exemplo, o pre\u00e7o de uma pequena m\u00e1quina extrusora el\u00e9trica para ra\u00e7\u00e3o de peixes \u00e9 mais barato do que uma grande.<\/p>    <p class=\"translation-block\"><strong>Fun\u00e7\u00f5es<\/strong>. Esta m\u00e1quina de fazer pellets de ra\u00e7\u00e3o flutuante para peixes \u00e9 totalmente funcional e pode produzir diferentes pellets de ra\u00e7\u00e3o. A produ\u00e7\u00e3o de diferentes part\u00edculas requer moldes correspondentes. Este tamb\u00e9m \u00e9 um fator que afeta o pre\u00e7o.<\/p>    <figure class=\"wp-block-gallery aligncenter has-nested-images columns-default is-cropped wp-block-gallery-4 is-layout-flex wp-block-gallery-is-layout-flex\"> <figure class=\"wp-block-image size-large\"><img loading=\"lazy\" decoding=\"async\" width=\"715\" height=\"954\" data-id=\"2298\" src=\"https:\/\/taizyagromachine.com\/wp-content\/uploads\/2022\/03\/nolds-of-floating-fish-feed-extruder-machine.jpg\" alt=\"m\u00e1quina extrusora de ra\u00e7\u00e3o para peixes flutuante\" class=\"wp-image-2298\" srcset=\"https:\/\/taizyagromachine.com\/wp-content\/uploads\/2022\/03\/nolds-of-floating-fish-feed-extruder-machine.jpg 715w, https:\/\/taizyagromachine.com\/wp-content\/uploads\/2022\/03\/nolds-of-floating-fish-feed-extruder-machine-225x300.jpg 225w\" sizes=\"auto, (max-width: 715px) 100vw, 715px\" \/><figcaption class=\"wp-element-caption\">Bolores<\/figcaption><\/figure>    <figure class=\"wp-block-image size-large\"><img loading=\"lazy\" decoding=\"async\" width=\"540\" height=\"720\" data-id=\"2299\" src=\"https:\/\/taizyagromachine.com\/wp-content\/uploads\/2022\/03\/various-types-of-animal-feed.jpg\" alt=\"v\u00e1rios tipos de ra\u00e7\u00e3o para animais\" class=\"wp-image-2299\" srcset=\"https:\/\/taizyagromachine.com\/wp-content\/uploads\/2022\/03\/various-types-of-animal-feed.jpg 540w, https:\/\/taizyagromachine.com\/wp-content\/uploads\/2022\/03\/various-types-of-animal-feed-225x300.jpg 225w\" sizes=\"auto, (max-width: 540px) 100vw, 540px\" \/><figcaption class=\"wp-element-caption\">v\u00e1rios tipos de ra\u00e7\u00e3o animal<\/figcaption><\/figure> <\/figure>    <p class=\"translation-block\"><strong>Materiais<\/strong>. Esta m\u00e1quina utiliza materiais de alta qualidade, portanto a m\u00e1quina possui alta qualidade e longa vida \u00fatil, e o pre\u00e7o ser\u00e1 relativamente alto.<\/p>    <h2 class=\"wp-block-heading\" id=\"h-why-is-taizy-agro-the-top-choice\"><strong>Por que a Taizy Agro \u00e9 a melhor escolha para extrusora flutuante de ra\u00e7\u00e3o para peixes? <\/strong><\/h2>    <ul class=\"wp-block-list\"> <li><strong>Certificado CE<\/strong>. Nossa f\u00e1brica flutuante de ra\u00e7\u00e3o para peixes possui o certificado CE, que afirma que a m\u00e1quina \u00e9 de boa qualidade. E est\u00e1 em conformidade com os regulamentos e regras relevantes.<\/li>    <li><strong>Equipe profissional<\/strong>. As pessoas que trabalham em nossa empresa possuem conhecimento profissional e podem oferecer as melhores solu\u00e7\u00f5es. Nossos gerentes de vendas sempre encontrar\u00e3o a solu\u00e7\u00e3o mais adequada para facilitar o seu neg\u00f3cio.<\/li>    <li><strong>Servi\u00e7o p\u00f3s-venda<\/strong>. Na verdade, ap\u00f3s o recebimento da m\u00e1quina, o atendimento p\u00f3s-venda tamb\u00e9m \u00e9 muito importante. Oferecemos atendimento 24 horas para que voc\u00ea possa nos encontrar a qualquer hora.<\/li> <\/ul>   <div class=\"wp-block-image\"> <figure class=\"aligncenter size-full\"><img loading=\"lazy\" decoding=\"async\" width=\"720\" height=\"540\" src=\"https:\/\/taizyagromachine.com\/wp-content\/uploads\/2022\/03\/professional-team.jpg\" alt=\"equipe profissional\" class=\"wp-image-2304\" srcset=\"https:\/\/taizyagromachine.com\/wp-content\/uploads\/2022\/03\/professional-team.jpg 720w, https:\/\/taizyagromachine.com\/wp-content\/uploads\/2022\/03\/professional-team-300x225.jpg 300w\" sizes=\"auto, (max-width: 720px) 100vw, 720px\" \/><figcaption class=\"wp-element-caption\">equipe profissional<\/figcaption><\/figure> <\/div>   <h2 class=\"wp-block-heading\" id=\"h-operation-precautions\"><strong>Precau\u00e7\u00f5es de opera\u00e7\u00e3o da m\u00e1quina extrusora de ra\u00e7\u00e3o para peixes tipo seco<\/strong><\/h2>    <ol class=\"wp-block-list\"> <li>Durante a produ\u00e7\u00e3o \u00e9 proibido ficar em frente \u00e0 porta de descarga da extrusora.<\/li>    <li>Os operadores devem usar luvas resistentes a altas temperaturas para evitar queimaduras.<\/li>    <li>Antes de iniciar o equipamento, deve-se confirmar se as ferramentas e demais itens foram retirados da extrusora.<\/li>    <li>Durante a opera\u00e7\u00e3o do equipamento, o operador deve inspecionar frequentemente o funcionamento de toda a unidade, e ajust\u00e1-la a tempo caso seja encontrada alguma anormalidade.<\/li>    <li>Ap\u00f3s a parada da m\u00e1quina, ao desmontar a caixa de descarga, tome cuidado para evitar que algu\u00e9m fique na frente do cabe\u00e7ote da m\u00e1quina, para evitar queimaduras pelo vapor da m\u00e1quina.<\/li> <\/ol>    <h2 class=\"wp-block-heading\"><strong>Caso de sucesso: M\u00e1quina flutuante de produ\u00e7\u00e3o de ra\u00e7\u00e3o para peixes para o mercado mundial<\/strong><\/h2>    <p class=\"translation-block\"><strong>M\u00e1quina de Fazer Pellets de Peixe Exportada para a Nig\u00e9ria<\/strong><\/p>    <p id=\"h-\">Este ano, nossa gerente de vendas, Grace, recebeu uma consulta de um cliente sobre o pre\u00e7o de uma m\u00e1quina extrusora de ra\u00e7\u00e3o para peixes na Nig\u00e9ria. Ele dirige uma pequena f\u00e1brica de ra\u00e7\u00f5es e quer comprar uma extrusora para ra\u00e7\u00e3o de peixes. Ent\u00e3o Grace enviou v\u00eddeos e fotos de trabalho relevantes. <\/p>    <p id=\"h-\">Na verdade, ele estava muito preocupado com o tamanho dos pellets de ra\u00e7\u00e3o para peixes. Grace explicou isso a ele. Nossas s\u00e9ries de di\u00e2metros de furo de descarga de m\u00e1quina s\u00e3o \u03c61mm, \u03c61,5mm, \u03c62mm, \u03c63mm, \u03c63,5mm, \u03c64mm, \u03c65mm, \u03c66,8mm. Os usu\u00e1rios podem escolher entre eles. Depois disso, o cliente nigeriano assinou um contrato connosco e pagou um dep\u00f3sito. Ele tamb\u00e9m ficou muito satisfeito depois de receber a m\u00e1quina.<\/p>   <div class=\"wp-block-image\"> <figure class=\"aligncenter size-full\"><img loading=\"lazy\" decoding=\"async\" width=\"720\" height=\"540\" src=\"https:\/\/taizyagromachine.com\/wp-content\/uploads\/2022\/03\/packaging-and-shipping-fish-pellet-making-machine.jpg\" alt=\"m\u00e1quina de fazer pelotas de peixe para embalagem e transporte\" class=\"wp-image-2307\" srcset=\"https:\/\/taizyagromachine.com\/wp-content\/uploads\/2022\/03\/packaging-and-shipping-fish-pellet-making-machine.jpg 720w, https:\/\/taizyagromachine.com\/wp-content\/uploads\/2022\/03\/packaging-and-shipping-fish-pellet-making-machine-300x225.jpg 300w\" sizes=\"auto, (max-width: 720px) 100vw, 720px\" \/><figcaption class=\"wp-element-caption\">m\u00e1quina de fazer pelotas de peixe para embalagem e transporte<\/figcaption><\/figure> <\/div>   <p class=\"translation-block\"><strong>Pequena m\u00e1quina de ra\u00e7\u00e3o flutuante para peixes para Camar\u00f5es<\/strong><\/p>    <p>A peletizadora de ra\u00e7\u00e3o para peixes movida a diesel que lan\u00e7amos foi vendida com sucesso para Camar\u00f5es. Esta m\u00e1quina conquistou a prefer\u00eancia dos agricultores locais com sua pot\u00eancia poderosa e desempenho de produ\u00e7\u00e3o eficiente. Ele pode converter todos os tipos de ingredientes de ra\u00e7\u00e3o para peixes em pellets nutritivos, ajudando o desenvolvimento da ind\u00fastria pesqueira dos Camar\u00f5es e aumentando os benef\u00edcios da agricultura.<\/p>    <figure class=\"wp-block-gallery aligncenter has-nested-images columns-default is-cropped wp-block-gallery-5 is-layout-flex wp-block-gallery-is-layout-flex\"> <figure class=\"wp-block-image size-large\"><img loading=\"lazy\" decoding=\"async\" width=\"720\" height=\"540\" data-id=\"6263\" src=\"https:\/\/taizyagromachine.com\/wp-content\/uploads\/2022\/03\/diesel-engined-fish-feed-pellet-machine.webp\" alt=\"M\u00e1quina de pellets de ra\u00e7\u00e3o para peixes com motor diesel\" class=\"wp-image-6263\"\/><figcaption class=\"wp-element-caption\">M\u00e1quina de pellets de ra\u00e7\u00e3o para peixes com motor diesel<\/figcaption><\/figure>    <figure class=\"wp-block-image size-large\"><img loading=\"lazy\" decoding=\"async\" width=\"720\" height=\"540\" data-id=\"6264\" src=\"https:\/\/taizyagromachine.com\/wp-content\/uploads\/2022\/03\/floating-feed-making-machine-for-sale.webp\" alt=\"m\u00e1quina de fazer ra\u00e7\u00e3o flutuante para venda\" class=\"wp-image-6264\"\/><figcaption class=\"wp-element-caption\">m\u00e1quina de fazer ra\u00e7\u00e3o flutuante para venda<\/figcaption><\/figure> <\/figure>    <p>Temos muitos cases de sucesso, liste alguns abaixo:<\/p>    <p><strong><a href=\"https:\/\/taizyagromachine.com\/pt\/info\/fish-pellet-machine-mozambique\/\">M\u00e1quina peletizadora de ra\u00e7\u00e3o para peixes de grande venda vendida para Mo\u00e7ambique&nbsp;<\/a><\/strong><\/p>    <p><a href=\"https:\/\/taizyagromachine.com\/pt\/info\/fish-feed-extruder-machine-bukifaso\/\"><strong>Novo tipo de m\u00e1quina flutuante de pellets de ra\u00e7\u00e3o para peixes para Burkina Faso<\/strong><\/a><\/p>    <h2 class=\"wp-block-heading\"><strong>Consulta sobre m\u00e1quina extrusora flutuante de ra\u00e7\u00e3o para peixes!<\/strong><\/h2>    <p class=\"translation-block\">Voc\u00ea sabe como produzir <a href=\"https:\/\/en.wikipedia.org\/wiki\/Aquarium_fish_feed\" target=\"_blank\" rel=\"noopener\">ra\u00e7\u00e3o de peixe de alta qualidade<\/a>? Acelere e entre em contato conosco! N\u00f3s forneceremos a voc\u00ea a solu\u00e7\u00e3o mais adequada e a melhor oferta.<\/p>","protected":false},"excerpt":{"rendered":"<p>Nossa extrusora de ra\u00e7\u00e3o para peixes pode realizar a produ\u00e7\u00e3o de pellets de ra\u00e7\u00e3o para peixes de 1-13mm com uma produ\u00e7\u00e3o de 40-450kg\/h, al\u00e9m disso, tamb\u00e9m podemos personaliz\u00e1-la. Este artigo descreve principalmente o tipo de peletizadora de ra\u00e7\u00e3o para peixes \u00e0 venda, o processo de produ\u00e7\u00e3o, a ra\u00e7\u00e3o para peixes que pode ser produzida e os casos de sucesso para sua refer\u00eancia.<\/p>","protected":false},"author":1,"featured_media":3923,"parent":0,"template":"","tags":[147,139,148,143,135,137,142,138,140,146,144,136,145,141],"product-type":[29],"class_list":["post-2280","product","type-product","status-publish","has-post-thumbnail","hentry","tag-animal-feed-extruder","tag-extruder-fish-feed-machine","tag-feed-pellets","tag-fish-feed-extruder","tag-fish-feed-machine","tag-fish-feed-machine-price","tag-fish-feed-pelleting-machine","tag-fish-feeding-machine-for-aquarium","tag-fish-floating-feed-machine","tag-fish-pellet-making-machine","tag-floating-fish-feed","tag-floating-fish-feed-machine","tag-floating-fish-feed-mill","tag-sinking-fish-feed-machine","product-type-feed-pellet-machine"],"_links":{"self":[{"href":"https:\/\/taizyagromachine.com\/pt\/wp-json\/wp\/v2\/product\/2280","targetHints":{"allow":["GET"]}}],"collection":[{"href":"https:\/\/taizyagromachine.com\/pt\/wp-json\/wp\/v2\/product"}],"about":[{"href":"https:\/\/taizyagromachine.com\/pt\/wp-json\/wp\/v2\/types\/product"}],"author":[{"embeddable":true,"href":"https:\/\/taizyagromachine.com\/pt\/wp-json\/wp\/v2\/users\/1"}],"wp:featuredmedia":[{"embeddable":true,"href":"https:\/\/taizyagromachine.com\/pt\/wp-json\/wp\/v2\/media\/3923"}],"wp:attachment":[{"href":"https:\/\/taizyagromachine.com\/pt\/wp-json\/wp\/v2\/media?parent=2280"}],"wp:term":[{"taxonomy":"post_tag","embeddable":true,"href":"https:\/\/taizyagromachine.com\/pt\/wp-json\/wp\/v2\/tags?post=2280"},{"taxonomy":"product-type","embeddable":true,"href":"https:\/\/taizyagromachine.com\/pt\/wp-json\/wp\/v2\/product-type?post=2280"}],"curies":[{"name":"wp","href":"https:\/\/api.w.org\/{rel}","templated":true}]}}