{"id":2333,"date":"2022-03-31T01:53:37","date_gmt":"2022-03-31T01:53:37","guid":{"rendered":"https:\/\/taizyagromachine.com\/?post_type=product&#038;p=2333"},"modified":"2022-11-16T10:28:06","modified_gmt":"2022-11-16T02:28:06","slug":"hand-corn-planter-walk-behind-corn-planter-1-row-corn-planter","status":"publish","type":"product","link":"https:\/\/taizyagromachine.com\/pt\/product\/hand-corn-planter-walk-behind-corn-planter-1-row-corn-planter\/","title":{"rendered":"Plantador de milho manual | Ande atr\u00e1s do plantador de milho | Plantador de milho de 1 linha"},"content":{"rendered":"<p class=\"translation-block\">O milho \u00e9 uma das culturas mais importantes do mundo. Portanto, desde o in\u00edcio do plantio at\u00e9 a colheita, \u00e9 insepar\u00e1vel das m\u00e1quinas de milho relevantes. O <strong>semeador manual de milho<\/strong> a ser apresentado hoje \u00e9 especialmente concebido para a sementeira de milho. Claro, tamb\u00e9m pode semear trigo, amendoim, feij\u00e3o, sorgo, colza, algod\u00e3o, etc. Esta m\u00e1quina semeadora manual de milho \u00e9 adequada para semear em montes, montanhas, etc. O nosso semeador manual em linha \u00e9 muito popular na Nig\u00e9ria, Qu\u00e9nia e outras regi\u00f5es. Bem-vindo a consultar a qualquer momento.<\/p>    <h2 class=\"wp-block-heading\" id=\"h-type-one-walk-behind-corn-planter\"><strong>Tipo Um: Caminhe Atr\u00e1s do Plantador de Milho<\/strong><\/h2>    <p class=\"translation-block\">Este tipo de semeador manual de milho tem uma estrutura muito simples e f\u00e1cil opera\u00e7\u00e3o. Na verdade, este<a href=\"https:\/\/cornmachines.com\/manual-seed-planter\/\" target=\"_blank\" rel=\"noreferrer noopener\"> semeador de uma linha<\/a> requer duas pessoas para trabalhar em conjunto. Uma pessoa deve puxar a corda e depois avan\u00e7ar, e outra pessoa est\u00e1 a segurar o semeador de milho para se mover. Pela sua estrutura, podemos saber claramente que o semeador manual de milho pode fertilizar e semear, mas n\u00e3o pode fazer ao mesmo tempo. Este pequeno semeador de milho n\u00e3o utiliza qualquer energia, apenas m\u00e3o de obra. Portanto, \u00e9 especialmente adequado para projetos de ajuda em alguns pa\u00edses, trazendo conveni\u00eancia para as pessoas em \u00e1reas pobres.<\/p>   <div class=\"wp-block-image\"> <figure class=\"aligncenter size-full\"><img loading=\"lazy\" decoding=\"async\" width=\"720\" height=\"540\" src=\"https:\/\/taizyagromachine.com\/wp-content\/uploads\/2022\/03\/walk-behind-corn-planter.jpg\" alt=\"ande atr\u00e1s do plantador de milho\" class=\"wp-image-2369\" srcset=\"https:\/\/taizyagromachine.com\/wp-content\/uploads\/2022\/03\/walk-behind-corn-planter.jpg 720w, https:\/\/taizyagromachine.com\/wp-content\/uploads\/2022\/03\/walk-behind-corn-planter-300x225.jpg 300w\" sizes=\"auto, (max-width: 720px) 100vw, 720px\" \/><figcaption class=\"wp-element-caption\">ande atr\u00e1s do plantador de milho<\/figcaption><\/figure> <\/div>   <h3 class=\"wp-block-heading\"><strong>V\u00eddeo de trabalho de plantadores manuais de milho para venda<\/strong><\/h3>    <figure class=\"wp-block-embed aligncenter is-type-video is-provider-youtube wp-block-embed-youtube wp-embed-aspect-16-9 wp-has-aspect-ratio\"><div class=\"wp-block-embed__wrapper\"> <iframe loading=\"lazy\" title=\"Semeador manual de milho, plantador de sementes de milho operado manualmente, amendoim, trigo, sorgo, plantador de colza\" width=\"500\" height=\"281\" src=\"https:\/\/www.youtube.com\/embed\/1PT06n0p09I?feature=oembed\" frameborder=\"0\" allow=\"accelerometer; autoplay; clipboard-write; encrypted-media; gyroscope; picture-in-picture; web-share\" referrerpolicy=\"strict-origin-when-cross-origin\" allowfullscreen><\/iframe> <\/div><\/figure>    <h3 class=\"wp-block-heading\"><strong>Especifica\u00e7\u00f5es t\u00e9cnicas<\/strong><\/h3>    <figure class=\"wp-block-table\"><table><tbody><tr><td>Modelo<\/td><td>TZY-100<\/td><\/tr><tr><td>Capacidade<\/td><td>0,5 acres\/h<\/td><\/tr><tr><td>Tamanho<\/td><td>1370*420*900mm<\/td><\/tr><tr><td>Peso<\/td><td>12kg<\/td><\/tr><\/tbody><\/table><\/figure>    <h2 class=\"wp-block-heading\"><strong>Tipo dois: plantador de milho de 1 linha com motor a gasolina<\/strong><\/h2>    <p>Este plantador de milho manual \u00e9 uma atualiza\u00e7\u00e3o baseada no antigo plantador de sementes, equipado com motor a gasolina. Este plantador de milho manual pode semear por uma pessoa e tem o motor a gasolina como pot\u00eancia, o que pode economizar muito m\u00e3o de obra e melhorar a efici\u00eancia. <\/p>   <div class=\"wp-block-image\"> <figure class=\"aligncenter size-full\"><img loading=\"lazy\" decoding=\"async\" width=\"720\" height=\"540\" src=\"https:\/\/taizyagromachine.com\/wp-content\/uploads\/2022\/03\/gasoline-engine-equipped-walk-behind-planter.jpg\" alt=\"plantador de milho manual com motor a gasolina\" class=\"wp-image-2371\" srcset=\"https:\/\/taizyagromachine.com\/wp-content\/uploads\/2022\/03\/gasoline-engine-equipped-walk-behind-planter.jpg 720w, https:\/\/taizyagromachine.com\/wp-content\/uploads\/2022\/03\/gasoline-engine-equipped-walk-behind-planter-300x225.jpg 300w\" sizes=\"auto, (max-width: 720px) 100vw, 720px\" \/><figcaption class=\"wp-element-caption\">plantador de milho manual com motor a gasolina<\/figcaption><\/figure> <\/div>   <p>Comparado com a m\u00e1quina tipo um, exceto o motor a gasolina, o resto \u00e9 basicamente o mesmo. Se voc\u00ea tiver alguma d\u00favida, pode entrar em contato conosco a qualquer momento.<\/p>    <h3 class=\"wp-block-heading\"><strong>Equipado com motor a gasolina<\/strong><\/h3>    <p>Em nossa f\u00e1brica existem dois tipos de motores a gasolina. Um \u00e9 um motor a gasolina 170F e o outro \u00e9 um motor a gasolina 152F. A forma espec\u00edfica da m\u00e1quina \u00e9 mostrada na figura abaixo.<\/p>   <div class=\"wp-block-image\"> <figure class=\"aligncenter size-full\"><img loading=\"lazy\" decoding=\"async\" width=\"720\" height=\"540\" src=\"https:\/\/taizyagromachine.com\/wp-content\/uploads\/2022\/03\/1-row-corn-planter-with-the-gasoline-engine.jpg\" alt=\"ande atr\u00e1s da plantadeira com motor a gasolina\" class=\"wp-image-2373\" srcset=\"https:\/\/taizyagromachine.com\/wp-content\/uploads\/2022\/03\/1-row-corn-planter-with-the-gasoline-engine.jpg 720w, https:\/\/taizyagromachine.com\/wp-content\/uploads\/2022\/03\/1-row-corn-planter-with-the-gasoline-engine-300x225.jpg 300w\" sizes=\"auto, (max-width: 720px) 100vw, 720px\" \/><figcaption class=\"wp-element-caption\">dois motores a gasolina diferentes<\/figcaption><\/figure> <\/div>   <h2 class=\"wp-block-heading\"><strong>Tipo tr\u00eas: plantador de milho manual de uma fileira<\/strong><\/h2>    <p>A plantadeira manual de milho possui bico de pato, que pode ser utilizado para as culturas correspondentes trocando a roda de sementes. H\u00e1 um total de 8 tipos de rodas de sementes. Al\u00e9m disso, o n\u00famero de bicos de pato determina o tamanho do espa\u00e7amento entre plantas. Quanto mais bicos de pato, menor ser\u00e1 o espa\u00e7amento entre plantas. E h\u00e1 no m\u00e1ximo 12 notas de pato. A profundidade de semeadura \u00e9 de 3,5-7,8 cm. Temos exportado um pequeno gabinete desta m\u00e1quina para a Z\u00e2mbia.<\/p>   <div class=\"wp-block-image\"> <figure class=\"aligncenter size-large\"><img loading=\"lazy\" decoding=\"async\" width=\"1024\" height=\"384\" src=\"https:\/\/taizyagromachine.com\/wp-content\/uploads\/2022\/03\/different-colors-of-1-row-hand-corn-planter-1024x384.jpg\" alt=\"cores diferentes de plantador de milho manual de 1 linha\" class=\"wp-image-2376\" srcset=\"https:\/\/taizyagromachine.com\/wp-content\/uploads\/2022\/03\/different-colors-of-1-row-hand-corn-planter-1024x384.jpg 1024w, https:\/\/taizyagromachine.com\/wp-content\/uploads\/2022\/03\/different-colors-of-1-row-hand-corn-planter-300x113.jpg 300w, https:\/\/taizyagromachine.com\/wp-content\/uploads\/2022\/03\/different-colors-of-1-row-hand-corn-planter-768x288.jpg 768w, https:\/\/taizyagromachine.com\/wp-content\/uploads\/2022\/03\/different-colors-of-1-row-hand-corn-planter.jpg 1440w\" sizes=\"auto, (max-width: 1024px) 100vw, 1024px\" \/><figcaption class=\"wp-element-caption\">cores diferentes de plantador de milho manual de 1 linha<\/figcaption><\/figure> <\/div>   <h3 class=\"wp-block-heading\"><strong>Estrutura do plantador de linha de milho<\/strong><\/h3>    <p>Na verdade, existe um apoio de bra\u00e7o para empurrar para frente. A caixa de sementes serve para segurar as sementes e depois semear atrav\u00e9s do bico de pato. A roda deve cobrir o solo. Al\u00e9m disso, temos diversas cores para esta plantadeira manual de milho. Voc\u00ea pode escolher o que preferir.<\/p>   <div class=\"wp-block-image\"> <figure class=\"aligncenter size-full\"><img loading=\"lazy\" decoding=\"async\" width=\"720\" height=\"540\" src=\"https:\/\/taizyagromachine.com\/wp-content\/uploads\/2022\/03\/structure-of-hand-pushed-corn-seeder.jpg\" alt=\"estrutura da semeadora de milho empurrada manualmente\" class=\"wp-image-2379\" srcset=\"https:\/\/taizyagromachine.com\/wp-content\/uploads\/2022\/03\/structure-of-hand-pushed-corn-seeder.jpg 720w, https:\/\/taizyagromachine.com\/wp-content\/uploads\/2022\/03\/structure-of-hand-pushed-corn-seeder-300x225.jpg 300w\" sizes=\"auto, (max-width: 720px) 100vw, 720px\" \/><figcaption class=\"wp-element-caption\">estrutura da semeadora de milho empurrada manualmente<\/figcaption><\/figure> <\/div>   <h3 class=\"wp-block-heading\"><strong>Par\u00e2metros t\u00e9cnicos<\/strong><\/h3>    <figure class=\"wp-block-table\"><table><tbody><tr><td>Profundidade de semeadura<\/td><td>3,5-7,8 cm<\/td><\/tr><tr><td>Quantidade de semeadura<\/td><td>1-3 pe\u00e7as, ajust\u00e1vel<\/td><\/tr><tr><td>Bico de pato<\/td><td>M\u00e1x. 12 pe\u00e7as<\/td><\/tr><tr><td>Peso<\/td><td>11kg<\/td><\/tr><tr><td>Tamanho da embalagem<\/td><td>58*58*25\u00a0mm<\/td><\/tr><\/tbody><\/table><\/figure>    <h2 class=\"wp-block-heading\" id=\"h-highlights-of-single-row-walk-behind-corn-planter\"><strong>Destaques da caminhada em fileira \u00fanica atr\u00e1s da plantadeira de milho<\/strong> <\/h2>    <ol class=\"wp-block-list\"> <li>Opera\u00e7\u00e3o f\u00e1cil, estrutura simples, boa qualidade.<\/li>    <li>Leve, f\u00e1cil de mover.<\/li>    <li>Adequado para \u00e1reas montanhosas e montanhosas.<\/li>    <li>Conveniente para semear diversas culturas, como trigo, algod\u00e3o, sorgo, trigo, feij\u00e3o, milho, colza, etc.<\/li>    <li>Prote\u00e7\u00e3o ambiental. Opera\u00e7\u00e3o manual, amig\u00e1vel ao meio ambiente.<\/li> <\/ol>    <h2 class=\"wp-block-heading\" id=\"h-why-choose-taizy-as-top-choice\"><strong>Por que escolher Taizy como melhor escolha?<\/strong><\/h2>    <p class=\"translation-block\"><strong>Certificado ISO<\/strong>. O nosso semeador manual de milho possui o certificado ISO, cumprindo os regulamentos e regras relevantes. Assim, as m\u00e1quinas s\u00e3o de boa qualidade e atingem os padr\u00f5es nacionais. <\/p>    <p class=\"translation-block\"><strong>Rica experi\u00eancia em exporta\u00e7\u00e3o<\/strong>. Export\u00e1mos as nossas v\u00e1rias m\u00e1quinas agr\u00edcolas, como colheitadeira de milho, <a href=\"https:\/\/taizyagromachine.com\/pt\/product\/maize-thresher\/\" target=\"_blank\" rel=\"noreferrer noopener\">debulhadora de milho<\/a> para muitos pa\u00edses e regi\u00f5es. Como Z\u00e2mbia, \u00c1frica, Am\u00e9rica do Sul, Nig\u00e9ria, Peru, etc. Portanto, para exporta\u00e7\u00e3o, temos muitas experi\u00eancias. <\/p>    <p class=\"translation-block\"><strong>Servi\u00e7o p\u00f3s-venda atencioso.<\/strong> Ap\u00f3s receber as m\u00e1quinas, continuamos a acompanhar a situa\u00e7\u00e3o dos nossos clientes. Al\u00e9m disso, fornecemos um servi\u00e7o online 24 horas para responder a todas as quest\u00f5es dos clientes. em Peru <\/p>   <div class=\"wp-block-image\"> <figure class=\"aligncenter size-full\"><img loading=\"lazy\" decoding=\"async\" width=\"720\" height=\"540\" src=\"https:\/\/taizyagromachine.com\/wp-content\/uploads\/2022\/03\/professional-team.jpg\" alt=\"equipe profissional\" class=\"wp-image-2304\" srcset=\"https:\/\/taizyagromachine.com\/wp-content\/uploads\/2022\/03\/professional-team.jpg 720w, https:\/\/taizyagromachine.com\/wp-content\/uploads\/2022\/03\/professional-team-300x225.jpg 300w\" sizes=\"auto, (max-width: 720px) 100vw, 720px\" \/><figcaption class=\"wp-element-caption\">equipe profissional<\/figcaption><\/figure> <\/div>   <h2 class=\"wp-block-heading\"><strong>Caso de sucesso: plantadeira de milho manual exportada para o Peru<\/strong><\/h2>    <p>Recebemos o coment\u00e1rio do nosso site do Google. Nosso cliente no Peru disse que queria uma semeadora de milho de 20 unidades e 1 linha com motor a gasolina. Por ser um grande propriet\u00e1rio de uma fazenda, ele queria comprar pelo seu trabalho. Nosso gerente de vendas Coco prestou servi\u00e7os para ele. O cliente do Peru encomendou 20 unidades uma vez e se preocupou com o prazo de entrega. Coco explicou-lhe que a nossa f\u00e1brica produziria a m\u00e1quina dentro do prazo e fez um plano de progresso para ele. Al\u00e9m disso, Coco enviaria o progresso para ele. Depois de ler isto, o cliente do Peru sentiu-se \u00e0 vontade e assinou um contrato e pagou integralmente rapidamente.<\/p>    <h2 class=\"wp-block-heading\"><strong>Perguntas frequentes sobre plantador de milho manual<\/strong><\/h2>   <div id=\"rank-math-faq\" class=\"rank-math-block\"> <div class=\"rank-math-list\"> <div id=\"faq-question-1668565608199\" class=\"rank-math-list-item\"> <h3 class=\"rank-math-question\"><strong>P: Quantas pe\u00e7as devem ser encomendadas uma vez?<\/strong><\/h3> <div class=\"rank-math-answer\">  <p>R: O pedido m\u00ednimo \u00e9 de 20 unidades.<\/p>  <\/div> <\/div> <div id=\"faq-question-1668565613558\" class=\"rank-math-list-item\"> <h3 class=\"rank-math-question\"><strong>P: Quais culturas podem ser plantadas por esta plantadeira?<\/strong><\/h3> <div class=\"rank-math-answer\">  <p>R: Muitas culturas est\u00e3o dispon\u00edveis. Por exemplo, trigo, algod\u00e3o, sorgo, amendoim, feij\u00e3o, colza, etc.<\/p>  <\/div> <\/div> <div id=\"faq-question-1668565623984\" class=\"rank-math-list-item\"> <h3 class=\"rank-math-question\"><strong>P: Como voc\u00ea garante a produ\u00e7\u00e3o se pedir 100 unidades uma vez?<\/strong><\/h3> <div class=\"rank-math-answer\">  <p>R: Somos fabrica\u00e7\u00e3o e com\u00e9rcio integrados. Conseq\u00fcentemente, temos grande for\u00e7a para produzir os produtos necess\u00e1rios no prazo. Al\u00e9m disso, faremos um plano de progresso para garantir seus direitos.<\/p>  <\/div> <\/div> <div id=\"faq-question-1668565639991\" class=\"rank-math-list-item\"> <h3 class=\"rank-math-question\"><strong>P: Quanto tempo voc\u00ea pode entregar m\u00e1quinas?<\/strong><\/h3> <div class=\"rank-math-answer\">  <p>R: De modo geral, ap\u00f3s receber o dep\u00f3sito, precisamos de uma semana para providenciar a mercadoria. Ent\u00e3o, se tudo correr bem, come\u00e7amos a entregar as m\u00e1quinas depois de uma semana.<\/p>  <\/div> <\/div> <div id=\"faq-question-1668565653725\" class=\"rank-math-list-item\"> <h3 class=\"rank-math-question\"><strong>P: Qual m\u00e9todo de transporte voc\u00ea usa?<\/strong><\/h3> <div class=\"rank-math-answer\">  <p>R: Geralmente, por mar. Se voc\u00ea tiver outros requisitos, informe-nos. E providenciaremos o m\u00e9todo de transporte mais adequado.<\/p>  <\/div> <\/div> <\/div> <\/div>   <p><\/p>","protected":false},"excerpt":{"rendered":"<p>Corn is one of the most important crops in the world. Therefore, from the beginning of planting to harvesting, it is inseparable from the relevant corn machinery. The hand corn planter to be introduced today is specially designed for corn sowing. Of course, it can also sow wheat, peanuts, beans, sorghum, rape, cotton, etc. This [&hellip;]<\/p>\n","protected":false},"author":1,"featured_media":2368,"parent":0,"template":"","tags":[],"product-type":[17],"class_list":["post-2333","product","type-product","status-publish","has-post-thumbnail","hentry","product-type-corn-machine"],"_links":{"self":[{"href":"https:\/\/taizyagromachine.com\/pt\/wp-json\/wp\/v2\/product\/2333","targetHints":{"allow":["GET"]}}],"collection":[{"href":"https:\/\/taizyagromachine.com\/pt\/wp-json\/wp\/v2\/product"}],"about":[{"href":"https:\/\/taizyagromachine.com\/pt\/wp-json\/wp\/v2\/types\/product"}],"author":[{"embeddable":true,"href":"https:\/\/taizyagromachine.com\/pt\/wp-json\/wp\/v2\/users\/1"}],"wp:featuredmedia":[{"embeddable":true,"href":"https:\/\/taizyagromachine.com\/pt\/wp-json\/wp\/v2\/media\/2368"}],"wp:attachment":[{"href":"https:\/\/taizyagromachine.com\/pt\/wp-json\/wp\/v2\/media?parent=2333"}],"wp:term":[{"taxonomy":"post_tag","embeddable":true,"href":"https:\/\/taizyagromachine.com\/pt\/wp-json\/wp\/v2\/tags?post=2333"},{"taxonomy":"product-type","embeddable":true,"href":"https:\/\/taizyagromachine.com\/pt\/wp-json\/wp\/v2\/product-type?post=2333"}],"curies":[{"name":"wp","href":"https:\/\/api.w.org\/{rel}","templated":true}]}}