{"id":2416,"date":"2022-04-06T09:36:20","date_gmt":"2022-04-06T09:36:20","guid":{"rendered":"https:\/\/taizyagromachine.com\/?post_type=product&#038;p=2416"},"modified":"2025-01-02T13:53:45","modified_gmt":"2025-01-02T05:53:45","slug":"oil-press-machine-cold-oil-press-hot-oil-press-machine","status":"publish","type":"product","link":"https:\/\/taizyagromachine.com\/pt\/product\/oil-press-machine-cold-oil-press-hot-oil-press-machine\/","title":{"rendered":"M\u00e1quina de prensa de \u00f3leo | M\u00e1quina de extra\u00e7\u00e3o de \u00f3leo"},"content":{"rendered":"<p class=\"translation-block\">O \u00f3leo comest\u00edvel \u00e9 indissoci\u00e1vel da vida quotidiana das pessoas. O \u00f3leo comest\u00edvel requer uma prensa de \u00f3leo para extra\u00e7\u00e3o. Portanto, investir em <strong>m\u00e1quinas de prensagem de \u00f3leo<\/strong> pode trazer enormes lucros aos investidores. Como fabricante e fornecedor profissional de prensas de \u00f3leo, a nossa extrusora de \u00f3leo cobre quase todas as variedades no mercado. Al\u00e9m disso, a nossa m\u00e1quina extratora de \u00f3leo tem prensagem a quente e a frio. Pode escolher de acordo com as suas necessidades de neg\u00f3cio. Al\u00e9m disso, as nossas prensas de \u00f3leo autom\u00e1ticas tamb\u00e9m s\u00e3o exportadas para Mali, Angola, Nig\u00e9ria, Burkina Faso, Tail\u00e2ndia, etc. Em suma, a m\u00e1quina de prensagem de \u00f3leo pode gerar rendimento para o seu propriet\u00e1rio.<\/p>    <h2 class=\"wp-block-heading\" id=\"h-type-one-automatic-screw-hot-oil-press-machine\"><strong>Tipo Um: Prensa autom\u00e1tica de \u00f3leo quente com parafuso<\/strong><\/h2>    <p class=\"translation-block\">Como uma das extrusoras de \u00f3leo autom\u00e1ticas mais vendidas, a <a href=\"https:\/\/taizyagromachine.com\/pt\/product\/automatic-groundnut-oil-sunflower-oil-making-machine\/\" target=\"_blank\" rel=\"noreferrer noopener\">prensa de \u00f3leo por parafuso<\/a> tem um design \u00fanico, apar\u00eancia atraente e bom desempenho. Esta m\u00e1quina est\u00e1 equipada com um motor e adota um m\u00e9todo de prensagem a quente, pois a sa\u00edda de \u00f3leo \u00e9 alta e o \u00f3leo \u00e9 perfumado. Al\u00e9m disso, a m\u00e1quina extrusora autom\u00e1tica tem dois barris de filtro a v\u00e1cuo, que garantem bastante a sa\u00edda da m\u00e1quina. <\/p>    <p>Al\u00e9m disso, as mat\u00e9rias-primas utilizadas s\u00e3o muito amplas. Por exemplo, soja, amendoim, sementes de algod\u00e3o, colza, sementes de girassol, sementes de pimenta, etc. Em caso de d\u00favidas, pode sempre contactar-nos para esclarecimentos.<\/p>   <div class=\"wp-block-image\"> <figure class=\"aligncenter size-full\"><img loading=\"lazy\" decoding=\"async\" width=\"720\" height=\"540\" src=\"https:\/\/taizyagromachine.com\/wp-content\/uploads\/2022\/04\/hot-screw-oil-press-machine.jpg\" alt=\"m\u00e1quina de prensa de \u00f3leo de parafuso quente\" class=\"wp-image-2418\" srcset=\"https:\/\/taizyagromachine.com\/wp-content\/uploads\/2022\/04\/hot-screw-oil-press-machine.jpg 720w, https:\/\/taizyagromachine.com\/wp-content\/uploads\/2022\/04\/hot-screw-oil-press-machine-300x225.jpg 300w\" sizes=\"auto, (max-width: 720px) 100vw, 720px\" \/><figcaption class=\"wp-element-caption\">m\u00e1quina de prensa de \u00f3leo de parafuso quente<\/figcaption><\/figure> <\/div>   <h3 class=\"wp-block-heading\" id=\"h-reasonable-structure-of-electric-oil-press-machine\"><strong>Estrutura razo\u00e1vel da prensa el\u00e9trica de \u00f3leo <\/strong><\/h3>    <p>Possui um design \u00fanico e simples, entrada de alimenta\u00e7\u00e3o, gabinete de controle, parafuso e filtro de v\u00e1cuo. <\/p>   <div class=\"wp-block-image\"> <figure class=\"aligncenter size-full\"><img loading=\"lazy\" decoding=\"async\" width=\"720\" height=\"540\" src=\"https:\/\/taizyagromachine.com\/wp-content\/uploads\/2022\/02\/structure-of-groundnut-oil-processing-machine.jpg\" alt=\"estrutura da m\u00e1quina de processamento de \u00f3leo de amendoim\" class=\"wp-image-2094\" srcset=\"https:\/\/taizyagromachine.com\/wp-content\/uploads\/2022\/02\/structure-of-groundnut-oil-processing-machine.jpg 720w, https:\/\/taizyagromachine.com\/wp-content\/uploads\/2022\/02\/structure-of-groundnut-oil-processing-machine-300x225.jpg 300w\" sizes=\"auto, (max-width: 720px) 100vw, 720px\" \/><figcaption class=\"wp-element-caption\">estrutura da m\u00e1quina de processamento de \u00f3leo de amendoim<\/figcaption><\/figure> <\/div>   <figure class=\"wp-block-table\"><table><tbody><tr><td>1. regulador de temperatura<\/td><td>7. entrada de alimenta\u00e7\u00e3o<\/td><\/tr><tr><td>2. sa\u00edda de fuma\u00e7a<\/td><td>8. se\u00e7\u00e3o de ajuste<\/td><\/tr><tr><td>3. gabinete de distribui\u00e7\u00e3o de energia<\/td><td>9. elemento de aquecimento<\/td><\/tr><tr><td>4. posi\u00e7\u00e3o de lubrifica\u00e7\u00e3o<\/td><td>10. parte de sa\u00edda de \u00f3leo<\/td><\/tr><tr><td>5. redutor<\/td><td>11. pressione parte<\/td><\/tr><tr><td>6. motor<\/td><td>12. filtro de \u00f3leo a v\u00e1cuo<\/td><\/tr><\/tbody><\/table><\/figure>    <h3 class=\"wp-block-heading\"><strong>Princ\u00edpio de funcionamento da m\u00e1quina de extra\u00e7\u00e3o de \u00f3leo quente com parafuso de a\u00e7o inoxid\u00e1vel<\/strong><\/h3>    <p>Como o nome indica, esta m\u00e1quina adota principalmente o parafuso para extrair \u00f3leo de mat\u00e9rias-primas. Assim, o parafuso \u00e9 a parte central. E ent\u00e3o, o \u00f3leo prensado \u00e9 filtrado pelo filtro a v\u00e1cuo. Nosso parafuso \u00e9 de a\u00e7o inoxid\u00e1vel de alta qualidade, com requisitos de qualidade alimentar.<\/p>   <div class=\"wp-block-image\"> <figure class=\"aligncenter size-full\"><img loading=\"lazy\" decoding=\"async\" width=\"720\" height=\"540\" src=\"https:\/\/taizyagromachine.com\/wp-content\/uploads\/2022\/02\/screw-sunflower-oil-press.jpg\" alt=\"parafuso\" class=\"wp-image-2100\" srcset=\"https:\/\/taizyagromachine.com\/wp-content\/uploads\/2022\/02\/screw-sunflower-oil-press.jpg 720w, https:\/\/taizyagromachine.com\/wp-content\/uploads\/2022\/02\/screw-sunflower-oil-press-300x225.jpg 300w\" sizes=\"auto, (max-width: 720px) 100vw, 720px\" \/><figcaption class=\"wp-element-caption\">parafuso<\/figcaption><\/figure> <\/div>   <h3 class=\"wp-block-heading\"><strong>Par\u00e2metros t\u00e9cnicos<\/strong><\/h3>    <p>Temos v\u00e1rios tipos para voc\u00ea escolher. Voc\u00ea deve saber que classificamos o modelo de acordo com o di\u00e2metro do parafuso. Assim, voc\u00ea pode saber claramente sua capacidade. Os dados abaixo indicam claramente sua principal pot\u00eancia, capacidade, peso, tamanho, etc. Se ainda tiver d\u00favidas, entre em contato conosco a qualquer momento.<\/p>    <figure class=\"wp-block-table\"><table><tbody><tr><td>Modelo<\/td><td>6YL-60<\/td><td>6YL-70<\/td><td>6YL-80<\/td><td>6YL-100<\/td><td>6YL-125<\/td><\/tr><tr><td>Di\u00e2metro do parafuso (mm)<\/td><td>\u03a655<\/td><td>\u03a665<\/td><td>\u03a680<\/td><td>\u03a6100<\/td><td>\u03a6125<\/td><\/tr><tr><td>Velocidade de rota\u00e7\u00e3o do parafuso (r\/min)<\/td><td>64<\/td><td>38<\/td><td>35<\/td><td>37<\/td><td>34<\/td><\/tr><tr><td>Pot\u00eancia principal (kW)<\/td><td>2.2<\/td><td>3<\/td><td>4<\/td><td>7.5<\/td><td>15<\/td><\/tr><tr><td>Pot\u00eancia da bomba de v\u00e1cuo (kW)<\/td><td>0.75<\/td><td>0.75<\/td><td>0.55<\/td><td>0.75<\/td><td>0.75<\/td><\/tr><tr><td>Pot\u00eancia de aquecimento (kW)<\/td><td>0.9<\/td><td>1.8<\/td><td>2.2<\/td><td>3<\/td><td>3.75<\/td><\/tr><tr><td>Capacidade (kg\/h)<\/td><td>40-60<\/td><td>50-70<\/td><td>80-120<\/td><td>150-230<\/td><td>300-350<\/td><\/tr><tr><td>Peso (kg)<\/td><td>220<\/td><td>280<\/td><td>880<\/td><td>1100<\/td><td>1400<\/td><\/tr><tr><td>Tamanho (mm)<\/td><td>1200*480*1100<\/td><td>1400*500*1200<\/td><td>1700*110*1600<\/td><td>1900*1200*1300<\/td><td>2600*1300*2300<\/td><\/tr><\/tbody><\/table><\/figure>    <h2 class=\"wp-block-heading\" id=\"h-type-two-commercial-oil-hydraulic-press-machine\"><strong>Tipo dois: prensa hidr\u00e1ulica de \u00f3leo comercial<\/strong><\/h2>    <p>Comparada ao tipo um, esta m\u00e1quina de extra\u00e7\u00e3o de \u00f3leo hidr\u00e1ulico tem uma capacidade menor. Portanto, esta m\u00e1quina \u00e9 normalmente usada para produ\u00e7\u00e3o de \u00f3leo de gergelim. Definitivamente, adota a prensa quente. E usamos o separador para garantir a produ\u00e7\u00e3o de \u00f3leo de gergelim de alta qualidade. Al\u00e9m disso, o res\u00edduo de gergelim pode ser triturado e usado como ra\u00e7\u00e3o. <\/p>    <p>Al\u00e9m do mais, gergelim, nozes e nozes podem usar esta m\u00e1quina. Deve-se notar que as nozes devem ser esmagadas at\u00e9 ficarem do tamanho de gergelim e fritas primeiro.<\/p>    <figure class=\"wp-block-gallery aligncenter has-nested-images columns-default is-cropped wp-block-gallery-2 is-layout-flex wp-block-gallery-is-layout-flex\"> <figure class=\"wp-block-image size-large\"><img loading=\"lazy\" decoding=\"async\" width=\"720\" height=\"540\" data-id=\"2419\" src=\"https:\/\/taizyagromachine.com\/wp-content\/uploads\/2022\/04\/hydraulic-oil-expeller.jpg\" alt=\"expulsor de \u00f3leo hidr\u00e1ulico\" class=\"wp-image-2419\" srcset=\"https:\/\/taizyagromachine.com\/wp-content\/uploads\/2022\/04\/hydraulic-oil-expeller.jpg 720w, https:\/\/taizyagromachine.com\/wp-content\/uploads\/2022\/04\/hydraulic-oil-expeller-300x225.jpg 300w\" sizes=\"auto, (max-width: 720px) 100vw, 720px\" \/><figcaption class=\"wp-element-caption\">expulsor de \u00f3leo hidr\u00e1ulico<\/figcaption><\/figure>    <figure class=\"wp-block-image size-large\"><img loading=\"lazy\" decoding=\"async\" width=\"720\" height=\"540\" data-id=\"2420\" src=\"https:\/\/taizyagromachine.com\/wp-content\/uploads\/2022\/04\/machine-display.jpg\" alt=\"display de m\u00e1quina\" class=\"wp-image-2420\" srcset=\"https:\/\/taizyagromachine.com\/wp-content\/uploads\/2022\/04\/machine-display.jpg 720w, https:\/\/taizyagromachine.com\/wp-content\/uploads\/2022\/04\/machine-display-300x225.jpg 300w\" sizes=\"auto, (max-width: 720px) 100vw, 720px\" \/><figcaption class=\"wp-element-caption\">exibi\u00e7\u00e3o da m\u00e1quina<\/figcaption><\/figure> <\/figure>    <h3 class=\"wp-block-heading\" id=\"h-hydraulic-hot-oil-press-structure\"><strong>Estrutura hidr\u00e1ulica de prensa de \u00f3leo quente<\/strong><\/h3>    <p>Este tipo de m\u00e1quina ocupa um espa\u00e7o pequeno. A principal pe\u00e7a de trabalho \u00e9 o cilindro, incluindo o separador, etc. Possui tamb\u00e9m o pedestal para apoiar a m\u00e1quina.<\/p>   <div class=\"wp-block-image\"> <figure class=\"aligncenter size-full\"><img loading=\"lazy\" decoding=\"async\" width=\"720\" height=\"500\" src=\"https:\/\/taizyagromachine.com\/wp-content\/uploads\/2022\/04\/structure-of-hydraulic-oil-press-machine.jpg\" alt=\"estrutura da prensa de \u00f3leo hidr\u00e1ulico\" class=\"wp-image-2421\" srcset=\"https:\/\/taizyagromachine.com\/wp-content\/uploads\/2022\/04\/structure-of-hydraulic-oil-press-machine.jpg 720w, https:\/\/taizyagromachine.com\/wp-content\/uploads\/2022\/04\/structure-of-hydraulic-oil-press-machine-300x208.jpg 300w\" sizes=\"auto, (max-width: 720px) 100vw, 720px\" \/><figcaption class=\"wp-element-caption\">estrutura da prensa de \u00f3leo hidr\u00e1ulico<\/figcaption><\/figure> <\/div>   <h3 class=\"wp-block-heading\" id=\"h-hydraulic-oil-press-machine-specifications\"><strong>Especifica\u00e7\u00f5es da m\u00e1quina de prensa de \u00f3leo hidr\u00e1ulico<\/strong><\/h3>    <p>Em nossa empresa ainda existem muitos tipos. Voc\u00ea pode escolher um adequado com base nos dados abaixo. Se voc\u00ea n\u00e3o tem ideia, entre em contato conosco. Nosso gerente de vendas profissional fornecer\u00e1 aconselhamento t\u00e9cnico para voc\u00ea. <\/p>    <figure class=\"wp-block-table\"><table><tbody><tr><td>Modelo<\/td><td>6YZ-180<\/td><td>6YZ-230<\/td><td>6YZ-260<\/td><td>6YZ-320<\/td><\/tr><tr><td>Tamanho (mm)<\/td><td>920*480*1190<\/td><td>1065*540*1550<\/td><td>900*1000*1560<\/td><td>980*1050*1680<\/td><\/tr><tr><td>Peso (kg)<\/td><td>450<\/td><td>880<\/td><td>1250<\/td><td>1680<\/td><\/tr><tr><td>Press\u00e3o em kg (kn)<\/td><td>1600<\/td><td>2200<\/td><td>2600<\/td><td>3000<\/td><\/tr><tr><td>Press\u00e3o m\u00e1xima de trabalho<\/td><td>55Mpa<\/td><td>55Mpa<\/td><td>55Mpa<\/td><td>55Mpa<\/td><\/tr><tr><td>Pot\u00eancia de aquecimento el\u00e9trico<\/td><td>1<\/td><td>1<\/td><td>1.2<\/td><td>2<\/td><\/tr><tr><td>Peso de sementes de gergelim (de cada vez)<\/td><td>&nbsp;2-4 &nbsp;&nbsp;&nbsp;&nbsp;&nbsp;&nbsp;<\/td><td>5 -8<\/td><td>&nbsp;6-10<\/td><td>&nbsp;7-18<\/td><\/tr><tr><td>Pot\u00eancia (kW)<\/td><td>3(220v)<\/td><td>1.5<\/td><td>1.5<\/td><td>2.2<\/td><\/tr><\/tbody><\/table><\/figure>    <h2 class=\"wp-block-heading\"><strong>Tipo tr\u00eas: melhor prensa de \u00f3leo frio e quente para venda<\/strong><\/h2>    <p>Pelo seu nome, podemos facilmente saber que este tipo de extrator de \u00f3leo pode utilizar a prensa de \u00f3leo quente ou fria. Pela sua apar\u00eancia, possui elevador. Portanto, \u00e9 f\u00e1cil distinguir. <\/p>    <p>Se voc\u00ea usar uma prensa de \u00f3leo quente, o \u00f3leo ter\u00e1 uma cor profunda e alto rendimento.<\/p>    <p>Se voc\u00ea usar uma prensa de \u00f3leo fria, o \u00f3leo ter\u00e1 uma cor clara.<\/p>   <div class=\"wp-block-image\"> <figure class=\"aligncenter size-full\"><img loading=\"lazy\" decoding=\"async\" width=\"720\" height=\"540\" src=\"https:\/\/taizyagromachine.com\/wp-content\/uploads\/2022\/04\/cold-and-hot-oil-press-machine.jpg\" alt=\"prensa de \u00f3leo frio e quente\" class=\"wp-image-2422\" srcset=\"https:\/\/taizyagromachine.com\/wp-content\/uploads\/2022\/04\/cold-and-hot-oil-press-machine.jpg 720w, https:\/\/taizyagromachine.com\/wp-content\/uploads\/2022\/04\/cold-and-hot-oil-press-machine-300x225.jpg 300w\" sizes=\"auto, (max-width: 720px) 100vw, 720px\" \/><figcaption class=\"wp-element-caption\">prensa de \u00f3leo frio e quente<\/figcaption><\/figure> <\/div>   <h3 class=\"wp-block-heading\" id=\"h-technical-parameters\"><strong>Par\u00e2metros t\u00e9cnicos<\/strong><\/h3>    <p>Tipos diferentes t\u00eam capacidades diferentes. Claro, deve ter motor, tamanho e peso correspondentes.<\/p>    <figure class=\"wp-block-table\"><table><tbody><tr><td>Modelo<\/td><td>ZY-125<\/td><td>ZY-150<\/td><\/tr><tr><td>Motor<\/td><td>&nbsp;15 kW<\/td><td>37 kW<\/td><\/tr><tr><td>Motor da bomba de v\u00e1cuo<\/td><td>1,5 kW<\/td><td>2,2 kW<\/td><\/tr><tr><td>Capacidade<\/td><td>150-200 kg\/hora<\/td><td>300-350 kg\/hora<\/td><\/tr><tr><td>Peso<\/td><td>986kg<\/td><td>2500kg<\/td><\/tr><tr><td>Tamanho<\/td><td>1900*1100*1500mm<\/td><td>2100*1300*1700mm<\/td><\/tr><\/tbody><\/table><\/figure>    <h2 class=\"wp-block-heading\"><strong>Tipo Quatro: Prensa de \u00f3leo manual por atacado para projetos de licita\u00e7\u00e3o<\/strong><\/h2>    <p>A maior vantagem desta prensa de \u00f3leo semiautom\u00e1tica \u00e9 o motor diesel dispon\u00edvel. E \u00e9 muito simples e f\u00e1cil de operar. Porque s\u00f3 tem o parafuso para funcionar, produzindo o \u00f3leo comest\u00edvel.<\/p>    <p>Al\u00e9m disso, esta m\u00e1quina \u00e9 utilizada principalmente para projetos de licita\u00e7\u00e3o para clientes africanos. <\/p>   <div class=\"wp-block-image\"> <figure class=\"aligncenter size-full\"><img loading=\"lazy\" decoding=\"async\" width=\"720\" height=\"540\" src=\"https:\/\/taizyagromachine.com\/wp-content\/uploads\/2022\/04\/semi-automatic-oil-extraction-machine.jpg\" alt=\"m\u00e1quina semiautom\u00e1tica de extra\u00e7\u00e3o de \u00f3leo\" class=\"wp-image-2423\" srcset=\"https:\/\/taizyagromachine.com\/wp-content\/uploads\/2022\/04\/semi-automatic-oil-extraction-machine.jpg 720w, https:\/\/taizyagromachine.com\/wp-content\/uploads\/2022\/04\/semi-automatic-oil-extraction-machine-300x225.jpg 300w\" sizes=\"auto, (max-width: 720px) 100vw, 720px\" \/><figcaption class=\"wp-element-caption\">m\u00e1quina semiautom\u00e1tica de extra\u00e7\u00e3o de \u00f3leo<\/figcaption><\/figure> <\/div>   <h2 class=\"wp-block-heading\"><strong>Amplas aplica\u00e7\u00f5es <\/strong><\/h2>    <p class=\"translation-block\">Uma variedade de aplica\u00e7\u00f5es est\u00e1 dispon\u00edvel para a m\u00e1quina de prensagem de \u00f3leo. Como feij\u00f5es, amendoins, sementes de algod\u00e3o, colza, sementes de girassol, sementes de pimenta, s\u00e9samo, <a href=\"https:\/\/en.wikipedia.org\/wiki\/Walnut\" target=\"_blank\" rel=\"noreferrer noopener\">noz<\/a>, frutos secos, etc. <\/p>   <div class=\"wp-block-image\"> <figure class=\"aligncenter size-full\"><img loading=\"lazy\" decoding=\"async\" width=\"720\" height=\"540\" src=\"https:\/\/taizyagromachine.com\/wp-content\/uploads\/2022\/02\/application-of-screw-groudnut-oil-extraction.jpg\" alt=\"aplica\u00e7\u00e3o de extra\u00e7\u00e3o de \u00f3leo de amendoim de parafuso\" class=\"wp-image-2135\" srcset=\"https:\/\/taizyagromachine.com\/wp-content\/uploads\/2022\/02\/application-of-screw-groudnut-oil-extraction.jpg 720w, https:\/\/taizyagromachine.com\/wp-content\/uploads\/2022\/02\/application-of-screw-groudnut-oil-extraction-300x225.jpg 300w\" sizes=\"auto, (max-width: 720px) 100vw, 720px\" \/><figcaption class=\"wp-element-caption\">aplicativo<\/figcaption><\/figure> <\/div>   <h2 class=\"wp-block-heading\" id=\"h-working-video-of-oil-press-machine\"><strong>V\u00eddeo de trabalho da m\u00e1quina de prensa de \u00f3leo<\/strong><\/h2>    <figure class=\"wp-block-embed is-type-video is-provider-youtube wp-block-embed-youtube wp-embed-aspect-16-9 wp-has-aspect-ratio\"><div class=\"wp-block-embed__wrapper\"> <iframe loading=\"lazy\" title=\"m\u00e1quina para fazer \u00f3leo de amendoim | extrac\u00e7\u00e3o de \u00f3leo de amendoim | m\u00e1quina de fazer \u00f3leo de girassol e semente de algod\u00e3o\" width=\"500\" height=\"281\" src=\"https:\/\/www.youtube.com\/embed\/o5xYWrWoEQg?feature=oembed\" frameborder=\"0\" allow=\"accelerometer; autoplay; clipboard-write; encrypted-media; gyroscope; picture-in-picture; web-share\" referrerpolicy=\"strict-origin-when-cross-origin\" allowfullscreen><\/iframe> <\/div><\/figure>    <h2 class=\"wp-block-heading\"><strong>Quais s\u00e3o os pontos fortes da Taizy Agro Machine Co., Ltd?<\/strong><\/h2>    <p class=\"translation-block\"><strong>Modelos completos<\/strong>. Percorrendo este artigo completo, pode aprender que a nossa m\u00e1quina de prensagem de \u00f3leo cobre quase todos os modelos dispon\u00edveis no mercado. Assim, a partir de n\u00f3s, pode conhecer todos os tipos completos de uma vez, muito simples e conveniente.<\/p>    <p class=\"translation-block\"><strong>Gestor de vendas profissional<\/strong>. Os nossos gestores de vendas t\u00eam vasta experi\u00eancia e um bom conhecimento da m\u00e1quina. A partir da sua discuss\u00e3o, eles podem saber claramente o que precisa e fornecer as solu\u00e7\u00f5es perfeitas.<\/p>    <p class=\"translation-block\"><strong>Servi\u00e7o p\u00f3s-venda atencioso<\/strong>. A nossa empresa fornece servi\u00e7o online e tamb\u00e9m suporte por v\u00eddeo. Sempre que precisar de ajuda, estamos sempre consigo.<\/p>    <h2 class=\"wp-block-heading\"><strong>Manuten\u00e7\u00e3o da prensa de \u00f3leo Taizy<\/strong><\/h2>    <ol class=\"wp-block-list\"> <li>Quando a quantidade de press\u00e3o for reduzida e o res\u00edduo ou a sa\u00edda de \u00f3leo estiver anormal, retire o eixo do parafuso e verifique o desgaste do parafuso, da haste de press\u00e3o e do anel de res\u00edduo. As pe\u00e7as desgastadas devem ser substitu\u00eddas a tempo.<\/li>    <li>Ap\u00f3s cada turno, o bolo residual da m\u00e1quina deve ser removido e a poeira e a graxa da superf\u00edcie da m\u00e1quina devem ser limpas.<\/li>    <li>Ao armazenar por muito tempo ap\u00f3s a temporada de produ\u00e7\u00e3o, deve-se realizar a manuten\u00e7\u00e3o, e os carac\u00f3is prensados, barras prensadas e an\u00e9is de res\u00edduos devem ser desmontados, lavados e lubrificados novamente, e colocados em local seco.<\/li> <\/ol>    <h2 class=\"wp-block-heading\"><strong>Caso de sucesso:<\/strong> <strong>M\u00e1quina de prensa de \u00f3leo de parafuso quente totalmente autom\u00e1tica vendida para a Tail\u00e2ndia<\/strong><\/h2>    <p>Nosso gerente de vendas, Winne, recebeu uma consulta de um cliente da Tail\u00e2ndia. Este cliente tailand\u00eas administra uma f\u00e1brica de processamento de \u00f3leo de amendoim. Ele quer atualizar o equipamento. Atrav\u00e9s da comunica\u00e7\u00e3o, o cliente tailand\u00eas vende uma grande variedade de \u00f3leos usados. Como \u00f3leo de amendoim, \u00f3leo de colza, \u00f3leo de girassol, etc. \u00c9 por isso que Winne recomenda sua prensa de rosca totalmente autom\u00e1tica. Ent\u00e3o, de acordo com seu volume di\u00e1rio de vendas, Winne recomendou o tipo 60. Por vender \u00f3leo e querer ter mais clareza, ele tamb\u00e9m quer um filtro de \u00f3leo centr\u00edfugo. Depois de ter uma compreens\u00e3o detalhada do desempenho da m\u00e1quina, par\u00e2metros, v\u00eddeos de trabalho, etc., ele chegou a cooperar conosco.<\/p>   <div class=\"wp-block-image\"> <figure class=\"aligncenter size-full\"><img loading=\"lazy\" decoding=\"async\" width=\"720\" height=\"280\" src=\"https:\/\/taizyagromachine.com\/wp-content\/uploads\/2022\/04\/order-details-fully-automatic-screw-oil-press-machine.jpg\" alt=\"detalhes do pedido - prensa de \u00f3leo de parafuso totalmente autom\u00e1tica\" class=\"wp-image-2426\" srcset=\"https:\/\/taizyagromachine.com\/wp-content\/uploads\/2022\/04\/order-details-fully-automatic-screw-oil-press-machine.jpg 720w, https:\/\/taizyagromachine.com\/wp-content\/uploads\/2022\/04\/order-details-fully-automatic-screw-oil-press-machine-300x117.jpg 300w\" sizes=\"auto, (max-width: 720px) 100vw, 720px\" \/><figcaption class=\"wp-element-caption\">detalhes do pedido - prensa de \u00f3leo de parafuso totalmente autom\u00e1tica<\/figcaption><\/figure> <\/div>   <h2 class=\"wp-block-heading\" id=\"h-\"><strong> <\/strong><\/h2>","protected":false},"excerpt":{"rendered":"<p>Edible oil is inseparable from people&#8217;s daily life. Edible oil requires an oil press for extraction. Therefore, investing in oil press machine can bring huge profits to investors. As a professional oil press manufacturer and supplier, our oil expeller covers almost all varieties on the market. Besides, our oil extraction machine has hot pressing and [&hellip;]<\/p>\n","protected":false},"author":1,"featured_media":2417,"parent":0,"template":"","tags":[],"product-type":[22],"class_list":["post-2416","product","type-product","status-publish","has-post-thumbnail","hentry","product-type-others"],"_links":{"self":[{"href":"https:\/\/taizyagromachine.com\/pt\/wp-json\/wp\/v2\/product\/2416","targetHints":{"allow":["GET"]}}],"collection":[{"href":"https:\/\/taizyagromachine.com\/pt\/wp-json\/wp\/v2\/product"}],"about":[{"href":"https:\/\/taizyagromachine.com\/pt\/wp-json\/wp\/v2\/types\/product"}],"author":[{"embeddable":true,"href":"https:\/\/taizyagromachine.com\/pt\/wp-json\/wp\/v2\/users\/1"}],"wp:featuredmedia":[{"embeddable":true,"href":"https:\/\/taizyagromachine.com\/pt\/wp-json\/wp\/v2\/media\/2417"}],"wp:attachment":[{"href":"https:\/\/taizyagromachine.com\/pt\/wp-json\/wp\/v2\/media?parent=2416"}],"wp:term":[{"taxonomy":"post_tag","embeddable":true,"href":"https:\/\/taizyagromachine.com\/pt\/wp-json\/wp\/v2\/tags?post=2416"},{"taxonomy":"product-type","embeddable":true,"href":"https:\/\/taizyagromachine.com\/pt\/wp-json\/wp\/v2\/product-type?post=2416"}],"curies":[{"name":"wp","href":"https:\/\/api.w.org\/{rel}","templated":true}]}}