{"id":2431,"date":"2022-04-08T09:50:52","date_gmt":"2022-04-08T09:50:52","guid":{"rendered":"https:\/\/taizyagromachine.com\/?post_type=product&#038;p=2431"},"modified":"2025-04-28T16:51:17","modified_gmt":"2025-04-28T08:51:17","slug":"groundnut-shelling-machine-groundnut-shell-removing-machine","status":"publish","type":"product","link":"https:\/\/taizyagromachine.com\/pt\/product\/groundnut-shelling-machine-groundnut-shell-removing-machine\/","title":{"rendered":"M\u00e1quina de descascar amendoim para remo\u00e7\u00e3o de casca de amendoim"},"content":{"rendered":"<p class=\"translation-block\">A <strong>m\u00e1quina debulhadora de amendoins<\/strong> funciona para remover facilmente a casca do amendoim, obtendo os gr\u00e3os de amendoim limpos e inteiros. Este tipo de m\u00e1quina debulhadora de amendoins tem uma capacidade de 200-800kg\/h, com as vantagens de sistemas de energia flex\u00edveis, uma alta taxa de debulha e uma baixa taxa de quebra.<\/p>    <p>Os amendoins s\u00e3o ricos em nutrientes. N\u00e3o s\u00f3 para a extra\u00e7\u00e3o de petr\u00f3leo, mas tamb\u00e9m para a ind\u00fastria aliment\u00edcia. Al\u00e9m disso, tamb\u00e9m pode ser consumido diretamente. \u00c9 por isso que usamos o descascador de amendoim. Al\u00e9m disso, nosso descascador de amendoim possui certificado CE. <\/p>    <p>Al\u00e9m disso, a nossa m\u00e1quina para descascar amendoim \u00e9 muito popular em muitos pa\u00edses e regi\u00f5es. Como Senegal, Nig\u00e9ria, Qu\u00e9nia, Congo, Zimbabu\u00e9, G\u00e2mbia, Gr\u00e9cia, etc.<\/p>    <figure class=\"wp-block-embed is-type-video is-provider-youtube wp-block-embed-youtube wp-embed-aspect-16-9 wp-has-aspect-ratio\"><div class=\"wp-block-embed__wrapper\"> <iframe loading=\"lazy\" title=\"Descascador de amendoim econ\u00f4mico para remo\u00e7\u00e3o de cascas de nozes | Como funciona um descascador industrial de amendoim?\" width=\"500\" height=\"281\" src=\"https:\/\/www.youtube.com\/embed\/laJ9QAIVMf0?feature=oembed\" frameborder=\"0\" allow=\"accelerometer; autoplay; clipboard-write; encrypted-media; gyroscope; picture-in-picture; web-share\" referrerpolicy=\"strict-origin-when-cross-origin\" allowfullscreen><\/iframe> <\/div><figcaption class=\"wp-element-caption\">v\u00eddeo de m\u00e1quina de descascar amendoim<\/figcaption><\/figure>    <h2 class=\"wp-block-heading\" id=\"h-industrial-automatic-peanut-shelling-machine-for-sale\"><strong>M\u00e1quina industrial autom\u00e1tica para descascar amendoim para venda<\/strong><\/h2>    <p>Como fabricante e fornecedor l\u00edder e profissional de m\u00e1quinas agr\u00edcolas, temos v\u00e1rios modelos para atender \u00e0s suas necessidades. \u00c9 claro que cada modelo de descascador de amendoim tem sua resist\u00eancia e caracter\u00edsticas. Eu os apresento a voc\u00ea um por um.<\/p>    <h3 class=\"wp-block-heading\"><strong>M\u00e1quina pequena para descascar amendoim TBH-200<\/strong><\/h3>    <p>Este tipo de descascador de amendoim pode usar motor diesel, motor e motor a gasolina. Uma peneira \u00e9 usada nesta m\u00e1quina descascadora. Mas vamos providenciar duas peneiras junto com a m\u00e1quina. <\/p>    <p>Voc\u00ea tamb\u00e9m pode personalizar a peneira de acordo com o formato do amendoim. Este tipo de m\u00e1quina para remo\u00e7\u00e3o de casca de amendoim tem as vantagens de alta efici\u00eancia, baixo dano e alta taxa de descascamento. Portanto, \u00e9 uma m\u00e1quina de descascar amendoim para resid\u00eancias e pequenos neg\u00f3cios.<\/p>   <div class=\"wp-block-image\"> <figure class=\"aligncenter size-full\"><img loading=\"lazy\" decoding=\"async\" width=\"720\" height=\"540\" src=\"https:\/\/taizyagromachine.com\/wp-content\/uploads\/2022\/04\/peanut-shelling-machine-TBH-200.jpg\" alt=\"m\u00e1quina de descascar amendoim-TBH-200\" class=\"wp-image-2433\" srcset=\"https:\/\/taizyagromachine.com\/wp-content\/uploads\/2022\/04\/peanut-shelling-machine-TBH-200.jpg 720w, https:\/\/taizyagromachine.com\/wp-content\/uploads\/2022\/04\/peanut-shelling-machine-TBH-200-300x225.jpg 300w\" sizes=\"auto, (max-width: 720px) 100vw, 720px\" \/><figcaption class=\"wp-element-caption\">m\u00e1quina de descascar amendoim-TBH-200<\/figcaption><\/figure> <\/div>   <figure class=\"wp-block-embed is-type-video is-provider-youtube wp-block-embed-youtube wp-embed-aspect-16-9 wp-has-aspect-ratio\"><div class=\"wp-block-embed__wrapper\"> <iframe loading=\"lazy\" title=\"Como funciona um descascador de amendoim? Como eles removem as cascas do amendoim?\" width=\"500\" height=\"281\" src=\"https:\/\/www.youtube.com\/embed\/ItqAlwJXEL8?feature=oembed\" frameborder=\"0\" allow=\"accelerometer; autoplay; clipboard-write; encrypted-media; gyroscope; picture-in-picture; web-share\" referrerpolicy=\"strict-origin-when-cross-origin\" allowfullscreen><\/iframe> <\/div><figcaption class=\"wp-element-caption\">v\u00eddeo de funcionamento da m\u00e1quina descascadora de amendoim<\/figcaption><\/figure>    <h3 class=\"wp-block-heading\"><strong>Removedor Autom\u00e1tico de Pele de Amendoim TBH-400 <\/strong><\/h3>    <p>O descascador de amendoim possui um sistema de alimenta\u00e7\u00e3o semelhante ao TBH-200, tr\u00eas dispositivos de alimenta\u00e7\u00e3o est\u00e3o dispon\u00edveis. Al\u00e9m disso, duas peneiras est\u00e3o dispon\u00edveis e apenas uma est\u00e1 instalada. O soprador est\u00e1 removendo as impurezas. Ele usa um rolo de borracha. <\/p>    <p>Comparada com a m\u00e1quina acima, esta m\u00e1quina industrial para descascar amendoim tem uma capacidade maior.<\/p>    <figure class=\"wp-block-gallery aligncenter has-nested-images columns-default is-cropped wp-block-gallery-2 is-layout-flex wp-block-gallery-is-layout-flex\"> <figure class=\"wp-block-image size-large\"><img loading=\"lazy\" decoding=\"async\" width=\"540\" height=\"720\" data-id=\"2435\" src=\"https:\/\/taizyagromachine.com\/wp-content\/uploads\/2022\/04\/groundnut-sheller-TBH-400.jpg\" alt=\"descascador de amendoim-TBH-400\" class=\"wp-image-2435\" srcset=\"https:\/\/taizyagromachine.com\/wp-content\/uploads\/2022\/04\/groundnut-sheller-TBH-400.jpg 540w, https:\/\/taizyagromachine.com\/wp-content\/uploads\/2022\/04\/groundnut-sheller-TBH-400-225x300.jpg 225w\" sizes=\"auto, (max-width: 540px) 100vw, 540px\" \/><figcaption class=\"wp-element-caption\">descascador de amendoim-TBH-400<\/figcaption><\/figure>    <figure class=\"wp-block-image size-full\"><img loading=\"lazy\" decoding=\"async\" width=\"540\" height=\"720\" data-id=\"2436\" src=\"https:\/\/taizyagromachine.com\/wp-content\/uploads\/2022\/04\/peanut-shell-removing-machine-TBH-400.jpg\" alt=\"m\u00e1quina de remo\u00e7\u00e3o de casca de amendoim-TBH-400\" class=\"wp-image-2436\" srcset=\"https:\/\/taizyagromachine.com\/wp-content\/uploads\/2022\/04\/peanut-shell-removing-machine-TBH-400.jpg 540w, https:\/\/taizyagromachine.com\/wp-content\/uploads\/2022\/04\/peanut-shell-removing-machine-TBH-400-225x300.jpg 225w\" sizes=\"auto, (max-width: 540px) 100vw, 540px\" \/><figcaption class=\"wp-element-caption\">m\u00e1quina de remo\u00e7\u00e3o de casca de amendoim-TBH-400<\/figcaption><\/figure> <\/figure>    <figure class=\"wp-block-gallery aligncenter has-nested-images columns-default is-cropped wp-block-gallery-3 is-layout-flex wp-block-gallery-is-layout-flex\"> <figure class=\"wp-block-image size-full\"><img loading=\"lazy\" decoding=\"async\" width=\"720\" height=\"540\" data-id=\"2434\" src=\"https:\/\/taizyagromachine.com\/wp-content\/uploads\/2022\/04\/rubber-roller.jpg\" alt=\"Rolo de borracha\" class=\"wp-image-2434\" srcset=\"https:\/\/taizyagromachine.com\/wp-content\/uploads\/2022\/04\/rubber-roller.jpg 720w, https:\/\/taizyagromachine.com\/wp-content\/uploads\/2022\/04\/rubber-roller-300x225.jpg 300w\" sizes=\"auto, (max-width: 720px) 100vw, 720px\" \/><figcaption class=\"wp-element-caption\">Rolo de borracha<\/figcaption><\/figure> <\/figure>    <h3 class=\"wp-block-heading\"><strong>M\u00e1quina comercial para descascar amendoim TBH-800<\/strong>  <\/h3>    <p>A m\u00e1quina decorticadora de amendoim pode usar tr\u00eas dispositivos de energia. E tem as vantagens de dois sopradores e duas peneiras instaladas. O rolo de ferro \u00e9 aplicado para debulhar amendoim. <\/p>    <p>Al\u00e9m disso, esta m\u00e1quina autom\u00e1tica para descascar amendoim pode descascar o amendoim duas vezes, o que traz gr\u00e3os de amendoim muito mais limpos.<\/p>   <div class=\"wp-block-image\"> <figure class=\"aligncenter size-full\"><img loading=\"lazy\" decoding=\"async\" width=\"720\" height=\"540\" src=\"https:\/\/taizyagromachine.com\/wp-content\/uploads\/2022\/04\/peanut-skin-remover-TBH-800.jpg\" alt=\"removedor de casca de amendoim-TBH-800\" class=\"wp-image-2438\" srcset=\"https:\/\/taizyagromachine.com\/wp-content\/uploads\/2022\/04\/peanut-skin-remover-TBH-800.jpg 720w, https:\/\/taizyagromachine.com\/wp-content\/uploads\/2022\/04\/peanut-skin-remover-TBH-800-300x225.jpg 300w\" sizes=\"auto, (max-width: 720px) 100vw, 720px\" \/><figcaption class=\"wp-element-caption\">removedor de casca de amendoim-TBH-800<\/figcaption><\/figure> <\/div>   <h3 class=\"wp-block-heading\"><strong>M\u00e1quina de descascar amendoim 6BHD-800D para projeto<\/strong><\/h3>    <p>Este equipamento para descascar amendoim \u00e9 muito semelhante ao TBH-800. Mas esta m\u00e1quina pode ser equipada com rodas grandes. Os clientes africanos gostam muito deste tipo de descascador de amendoim port\u00e1til. Assim, se houver algum projeto em \u00c1frica, pode contactar-nos para escolher este modelo para facilitar o seu neg\u00f3cio.<\/p>   <div class=\"wp-block-image\"> <figure class=\"aligncenter size-full\"><img loading=\"lazy\" decoding=\"async\" width=\"720\" height=\"540\" src=\"https:\/\/taizyagromachine.com\/wp-content\/uploads\/2022\/04\/groundnut-shell-removing-machine-6BHD-800B.jpg\" alt=\"m\u00e1quina de remo\u00e7\u00e3o de casca de amendoim-6BHD-800B\" class=\"wp-image-2439\" srcset=\"https:\/\/taizyagromachine.com\/wp-content\/uploads\/2022\/04\/groundnut-shell-removing-machine-6BHD-800B.jpg 720w, https:\/\/taizyagromachine.com\/wp-content\/uploads\/2022\/04\/groundnut-shell-removing-machine-6BHD-800B-300x225.jpg 300w\" sizes=\"auto, (max-width: 720px) 100vw, 720px\" \/><figcaption class=\"wp-element-caption\">m\u00e1quina de remo\u00e7\u00e3o de casca de amendoim-6BHD-800B<\/figcaption><\/figure> <\/div>   <h2 class=\"wp-block-heading\"><strong>Par\u00e2metros t\u00e9cnicos da m\u00e1quina de descascar amendoim<\/strong><\/h2>    <figure class=\"wp-block-table\"><table><tbody><tr><td>Modelo<\/td><td>Capacidade<\/td><td>Poder<\/td><td>Peso<\/td><td>Tamanho<\/td><\/tr><tr><td>TBH-200<\/td><td>200kg\/hora<\/td><td>Motor de 2,2 kW, motor a gasolina 170F, motor diesel de 6 HP<\/td><td>40kg<\/td><td>650*<em>560<\/em>*1000mm<\/td><\/tr><tr><td>TBH-400<\/td><td>300-400 kg\/hora<\/td><td>Motor de 3 kW, motor a gasolina 170F, motor diesel de 8 HP<\/td><td>\/<\/td><td>\/<\/td><\/tr><tr><td>TBH-800<\/td><td>600-800 kg\/hora<\/td><td>Motor de 3 kW OU motor a gasolina 170F, motor diesel de 8 HP<\/td><td>160kg<\/td><td>1330*750*1570mm<\/td><\/tr><tr><td>6BHD-800B<\/td><td>600-800 kg\/hora<\/td><td>Motor de 2,2-3,0 kW<\/td><td>160kg<\/td><td>1330*750*1570mm<\/td><\/tr><\/tbody><\/table><figcaption class=\"wp-element-caption\">par\u00e2metros t\u00e9cnicos do descascador de amendoim<\/figcaption><\/figure>    <h2 class=\"wp-block-heading\" id=\"h-highlights-of-groundnut-shell-removing-machine\"><strong>Destaques da m\u00e1quina de remo\u00e7\u00e3o de casca de amendoim<\/strong><\/h2>    <ul class=\"wp-block-list\"> <li><strong>Tr\u00eas sistemas de energia est\u00e3o dispon\u00edveis<\/strong>. O motor diesel, o motor el\u00e9trico e o motor a gasolina podem ser aplicados a esses quatro modelos. Portanto, voc\u00ea tem muito espa\u00e7o de sele\u00e7\u00e3o.<\/li>    <li><strong>As peneiras podem ser personalizadas<\/strong>. Na verdade, reunimos peneiras suficientes junto com a m\u00e1quina de descascar amendoim. Por\u00e9m, ainda podemos personalizar a peneira com base no formato do amendoim.<\/li>    <li><strong>Diferentes capacidades podem atender \u00e0s suas demandas<\/strong>. Nosso removedor de casca de amendoim serve para descascar cascas de amendoim variando de 200kg por hora a 800kg por hora. Conseq\u00fcentemente, isso pode satisfazer suas diversas escalas de neg\u00f3cios.<\/li>    <li>Estrutura simples, opera\u00e7\u00e3o f\u00e1cil e desempenho est\u00e1vel.<\/li>    <li>Alta taxa de bombardeio, baixa taxa de dano.<\/li> <\/ul>   <div class=\"wp-block-image\"> <figure class=\"aligncenter size-full\"><img loading=\"lazy\" decoding=\"async\" width=\"720\" height=\"400\" src=\"https:\/\/taizyagromachine.com\/wp-content\/uploads\/2022\/04\/sieve.jpg\" alt=\"peneira\" class=\"wp-image-2440\" srcset=\"https:\/\/taizyagromachine.com\/wp-content\/uploads\/2022\/04\/sieve.jpg 720w, https:\/\/taizyagromachine.com\/wp-content\/uploads\/2022\/04\/sieve-300x167.jpg 300w\" sizes=\"auto, (max-width: 720px) 100vw, 720px\" \/><figcaption class=\"wp-element-caption\">peneira<\/figcaption><\/figure> <\/div>   <h2 class=\"wp-block-heading\"><strong>Projeto e fabrica\u00e7\u00e3o de m\u00e1quinas para descascar amendoim<\/strong><\/h2>    <p>Em nossa empresa, o projeto e a fabrica\u00e7\u00e3o da m\u00e1quina de descascar amendoim s\u00e3o essencialmente amig\u00e1veis \u200b\u200bpara os usu\u00e1rios. Do funil \u00e0 entrada, toda a estrutura \u00e9 muito f\u00e1cil de entender. <\/p>    <p>Inclui a entrada e a sa\u00edda. Os detalhes da m\u00e1quina possuem rolo de borracha, tela de filtro, eixo do defletor de controle e ventilador. Tomando TBH-400 como exemplo, mostrado abaixo:<\/p>    <figure class=\"wp-block-gallery aligncenter has-nested-images columns-default is-cropped wp-block-gallery-4 is-layout-flex wp-block-gallery-is-layout-flex\"> <figure class=\"wp-block-image size-full\"><img loading=\"lazy\" decoding=\"async\" width=\"720\" height=\"540\" data-id=\"2441\" src=\"https:\/\/taizyagromachine.com\/wp-content\/uploads\/2022\/04\/structure-of-groundnut-skin-remover.jpg\" alt=\"removedor de casca de amendoim\" class=\"wp-image-2441\" srcset=\"https:\/\/taizyagromachine.com\/wp-content\/uploads\/2022\/04\/structure-of-groundnut-skin-remover.jpg 720w, https:\/\/taizyagromachine.com\/wp-content\/uploads\/2022\/04\/structure-of-groundnut-skin-remover-300x225.jpg 300w\" sizes=\"auto, (max-width: 720px) 100vw, 720px\" \/><figcaption class=\"wp-element-caption\">estrutura do removedor de casca de amendoim<\/figcaption><\/figure>    <figure class=\"wp-block-image size-full\"><img loading=\"lazy\" decoding=\"async\" width=\"720\" height=\"540\" data-id=\"2442\" src=\"https:\/\/taizyagromachine.com\/wp-content\/uploads\/2022\/04\/machine-details-groundnut-shelling-machine.jpg\" alt=\"detalhes da m\u00e1quina-m\u00e1quina de descascar amendoim\" class=\"wp-image-2442\" srcset=\"https:\/\/taizyagromachine.com\/wp-content\/uploads\/2022\/04\/machine-details-groundnut-shelling-machine.jpg 720w, https:\/\/taizyagromachine.com\/wp-content\/uploads\/2022\/04\/machine-details-groundnut-shelling-machine-300x225.jpg 300w\" sizes=\"auto, (max-width: 720px) 100vw, 720px\" \/><figcaption class=\"wp-element-caption\">detalhes da m\u00e1quina <\/figcaption><\/figure> <\/figure>    <h2 class=\"wp-block-heading\"><strong>Princ\u00edpio de funcionamento da m\u00e1quina industrial de descascar amendoim<\/strong><\/h2>    <ol class=\"wp-block-list\"> <li>Coloque os amendoins na tremonha. E ent\u00e3o, dependendo da\u00a0rota\u00e7\u00e3o da manga de suspens\u00e3o e da for\u00e7a de fric\u00e7\u00e3o da placa c\u00f4ncava, para separar completamente a casca e os gr\u00e3os do amendoim.<\/li>    <li>Em seguida, comece a segunda sele\u00e7\u00e3o de acordo com a peneira de separa\u00e7\u00e3o por gravidade.<\/li>    <li>Os gr\u00e3os saem pela sa\u00edda. <\/li> <\/ol>    <h2 class=\"wp-block-heading\"><strong>Por que escolher a Taizy como a melhor escolha do fabricante de m\u00e1quinas para descascar amendoim?<\/strong><\/h2>    <ol class=\"wp-block-list\"> <li><strong>Certificado CE<\/strong>. Nossa m\u00e1quina de descascar amendoim possui certificado CE. <\/li>    <li><strong>Experi\u00eancia rica<\/strong>. Nossos gerentes de vendas possuem rico conhecimento sobre produtos e experi\u00eancia em exporta\u00e7\u00e3o.  <\/li>    <li><strong>Marca famosa<\/strong>. Desde a funda\u00e7\u00e3o em 2011, fornecemos m\u00e1quinas para mais de 80 pa\u00edses. Como <strong>Nig\u00e9ria, Qu\u00e9nia, Uganda, Angola, Zimbabu\u00e9, Col\u00f4mbia, Gana, Singapura<\/strong>, etc.<\/li> <\/ol>    <h2 class=\"wp-block-heading\"><strong>Caso de sucesso: 4 conjuntos de descascadores de amendoim exportados para a Nig\u00e9ria<\/strong><\/h2>    <p>Este cliente nigeriano tem uma grande fazenda que cultiva amendoim, ent\u00e3o ele quer comprar uma m\u00e1quina para descascar amendoim. E porque iria contratar trabalhadores, ele precisava de v\u00e1rias m\u00e1quinas. Nosso gerente de vendas sabia, ao comunicar-lhe, que queria 4 m\u00e1quinas e a produ\u00e7\u00e3o era de cerca de 700kg. <\/p>    <p class=\"translation-block\">De acordo com o pedido de um cliente nigeriano, Winne recomendou-lhe a <a href=\"https:\/\/taizyagromachine.com\/pt\/product\/groundnut-sheller\/\">m\u00e1quina debulhadora de amendoins industrial TBH-800<\/a>. Ela enviou uma introdu\u00e7\u00e3o detalhada sobre os par\u00e2metros da m\u00e1quina, desempenho, configura\u00e7\u00e3o, etc., e o v\u00eddeo de trabalho. Ele ficou muito satisfeito depois de o ver e assinou um contrato connosco.<\/p>    <h2 class=\"wp-block-heading\"><strong>Contate-nos para saber o pre\u00e7o da m\u00e1quina de descascar amendoim Taizy!<\/strong><\/h2>    <p class=\"translation-block\">Quer fazer uma r\u00e1pida debulha de <a href=\"https:\/\/en.wikipedia.org\/wiki\/Peanut\" target=\"_blank\" rel=\"noopener\">amendoins<\/a>? Contacte-nos e podemos fornecer-lhe a solu\u00e7\u00e3o e cota\u00e7\u00e3o ideais.<\/p>    <p><\/p>","protected":false},"excerpt":{"rendered":"<p>A Descascadora de Amendoim funciona para retirar a casca do amendoim, obtendo os gr\u00e3os de amendoim limpos e inteiros, com capacidade de 400-800kg\/h. Neste artigo apresentamos quatro tipos de descascador de amendoim para sua refer\u00eancia, sempre h\u00e1 um para sua necessidade.<\/p>","protected":false},"author":1,"featured_media":2432,"parent":0,"template":"","tags":[],"product-type":[21],"class_list":["post-2431","product","type-product","status-publish","has-post-thumbnail","hentry","product-type-peanut-machine"],"_links":{"self":[{"href":"https:\/\/taizyagromachine.com\/pt\/wp-json\/wp\/v2\/product\/2431","targetHints":{"allow":["GET"]}}],"collection":[{"href":"https:\/\/taizyagromachine.com\/pt\/wp-json\/wp\/v2\/product"}],"about":[{"href":"https:\/\/taizyagromachine.com\/pt\/wp-json\/wp\/v2\/types\/product"}],"author":[{"embeddable":true,"href":"https:\/\/taizyagromachine.com\/pt\/wp-json\/wp\/v2\/users\/1"}],"wp:featuredmedia":[{"embeddable":true,"href":"https:\/\/taizyagromachine.com\/pt\/wp-json\/wp\/v2\/media\/2432"}],"wp:attachment":[{"href":"https:\/\/taizyagromachine.com\/pt\/wp-json\/wp\/v2\/media?parent=2431"}],"wp:term":[{"taxonomy":"post_tag","embeddable":true,"href":"https:\/\/taizyagromachine.com\/pt\/wp-json\/wp\/v2\/tags?post=2431"},{"taxonomy":"product-type","embeddable":true,"href":"https:\/\/taizyagromachine.com\/pt\/wp-json\/wp\/v2\/product-type?post=2431"}],"curies":[{"name":"wp","href":"https:\/\/api.w.org\/{rel}","templated":true}]}}