{"id":2457,"date":"2022-04-15T10:28:05","date_gmt":"2022-04-15T10:28:05","guid":{"rendered":"https:\/\/taizyagromachine.com\/?post_type=product&#038;p=2457"},"modified":"2025-02-11T16:31:15","modified_gmt":"2025-02-11T08:31:15","slug":"vegetable-transplanter","status":"publish","type":"product","link":"https:\/\/taizyagromachine.com\/pt\/product\/vegetable-transplanter\/","title":{"rendered":"Transplantador de Vegetais | Transplantador de Mudas de Vegetais | M\u00e1quina transplantadora de mudas"},"content":{"rendered":"<p class=\"translation-block\">Como o nome sugere, o <strong>transplantador de vegetais<\/strong> \u00e9 especialmente projetado para transplantar v\u00e1rias mudas de vegetais, frutas e flores. <a href=\"https:\/\/nurseryseedingmachine.com\/vegetable-transplanter\/\" target=\"_blank\" rel=\"noreferrer noopener\">M\u00e1quinas de transplantadores de sementes<\/a> est\u00e3o dispon\u00edveis em uma ampla gama de fileiras, de 2 a 12 fileiras. Esta \u00e9 uma m\u00e1quina personalizada que pode se adaptar exatamente \u00e0s suas necessidades. A pot\u00eancia geralmente \u00e9 de um motor a gasolina, mas tamb\u00e9m pode ser alterada de acordo com seus requisitos. Al\u00e9m disso, nosso transplantador de plantas vegetais pode adicionar muitas fun\u00e7\u00f5es, como irriga\u00e7\u00e3o por gotejamento, cobertura com filme, cultivo rotativo, e assim por diante. Depende de suas necessidades espec\u00edficas. Sinta-se \u00e0 vontade para perguntar a qualquer momento.<\/p>    <p class=\"translation-block\"><br>Como <a href=\"https:\/\/taizyagromachine.com\/pt\/\" target=\"_blank\" rel=\"noreferrer noopener\">um fabricante e fornecedor de m\u00e1quinas credenciado<\/a>, nossas m\u00e1quinas possuem certificado CE e s\u00e3o frequentemente exportadas para <strong>Col\u00f4mbia, Estados Unidos, Finl\u00e2ndia, Marrocos, Austr\u00e1lia<\/strong> e outros pa\u00edses e regi\u00f5es.<\/p>    <h2 class=\"wp-block-heading\" id=\"h-working-video-of-tractor-driven-vegetable-transplanter-machine\"><strong>V\u00eddeo de trabalho da m\u00e1quina transplantadora de vegetais movida por trator<\/strong><\/h2>    <figure class=\"wp-block-embed is-type-video is-provider-youtube wp-block-embed-youtube wp-embed-aspect-16-9 wp-has-aspect-ratio\"><div class=\"wp-block-embed__wrapper\"> <iframe loading=\"lazy\" title=\"O transplantador de hortali\u00e7as tipo trator funciona em campos planos, agregando tamb\u00e9m a fun\u00e7\u00e3o de cobertura de filme.\" width=\"500\" height=\"281\" src=\"https:\/\/www.youtube.com\/embed\/u7n76TRlcD8?feature=oembed\" frameborder=\"0\" allow=\"accelerometer; autoplay; clipboard-write; encrypted-media; gyroscope; picture-in-picture; web-share\" referrerpolicy=\"strict-origin-when-cross-origin\" allowfullscreen><\/iframe> <\/div><\/figure>    <h2 class=\"wp-block-heading\" id=\"h-fully-automatic-vegetable-transplanter-for-sale\"><strong>Transplantador de vegetais totalmente autom\u00e1tico para venda<\/strong><\/h2>    <p><br>Cada transplantador de vegetais tem suas vantagens e caracter\u00edsticas, e todas s\u00e3o m\u00e1quinas que podem ser customizadas de acordo com sua necessidade.<\/p>    <h3 class=\"wp-block-heading\"><br><strong>Tipo 1: Transplantador Autopropelido<\/strong><\/h3>    <p><br>Este transplantador tem apenas 2 e 4 linhas, e o espa\u00e7amento entre plantas e entre linhas s\u00e3o pequenos. A pot\u00eancia utilizada \u00e9 um motor a gasolina. Adequado para todos os tipos de vegetais, como cebola, tomate, alface, berinjela, etc. Esta m\u00e1quina \u00e9 muito econ\u00f4mica e pr\u00e1tica. Pode ser usado em campos planos ou estriados. Este \u00e9 um transplantador de vegetais de plantio direto.<\/p>   <div class=\"wp-block-image\"> <figure class=\"aligncenter size-full\"><img loading=\"lazy\" decoding=\"async\" width=\"720\" height=\"540\" src=\"https:\/\/taizyagromachine.com\/wp-content\/uploads\/2022\/04\/self-propelled-transplanter-machine.jpg\" alt=\"m\u00e1quina transplantadora autopropelida\" class=\"wp-image-2462\" srcset=\"https:\/\/taizyagromachine.com\/wp-content\/uploads\/2022\/04\/self-propelled-transplanter-machine.jpg 720w, https:\/\/taizyagromachine.com\/wp-content\/uploads\/2022\/04\/self-propelled-transplanter-machine-300x225.jpg 300w\" sizes=\"auto, (max-width: 720px) 100vw, 720px\" \/><figcaption class=\"wp-element-caption\">m\u00e1quina transplantadora autopropelida<\/figcaption><\/figure> <\/div>   <h4 class=\"wp-block-heading\"><strong>Projeto de transplante manual de vegetais<\/strong><\/h4>    <p>A maior caracter\u00edstica desse tipo de transplantador \u00e9 que ele precisa ser segurado com a m\u00e3o para controlar a dire\u00e7\u00e3o do avan\u00e7o. Outras estruturas s\u00e3o semelhantes, incluindo bandejas, copos para mudas, assentos e dukctills.<\/p>   <div class=\"wp-block-image\"> <figure class=\"aligncenter size-full\"><img loading=\"lazy\" decoding=\"async\" width=\"720\" height=\"540\" src=\"https:\/\/taizyagromachine.com\/wp-content\/uploads\/2022\/04\/strcture-of-self-propelled-vegetable-transplanter-machine.jpg\" alt=\"estrutura da m\u00e1quina autopropelida de transplantador de vegetais\" class=\"wp-image-2459\" srcset=\"https:\/\/taizyagromachine.com\/wp-content\/uploads\/2022\/04\/strcture-of-self-propelled-vegetable-transplanter-machine.jpg 720w, https:\/\/taizyagromachine.com\/wp-content\/uploads\/2022\/04\/strcture-of-self-propelled-vegetable-transplanter-machine-300x225.jpg 300w\" sizes=\"auto, (max-width: 720px) 100vw, 720px\" \/><figcaption class=\"wp-element-caption\">estrutura da m\u00e1quina autopropelida de transplantador de vegetais<\/figcaption><\/figure> <\/div>   <h4 class=\"wp-block-heading\" id=\"h-technical-parameters\"><strong>Par\u00e2metros t\u00e9cnicos do Transplantador autopropelido<\/strong><\/h4>    <figure class=\"wp-block-table\"><table><tbody><tr><td>Modelo<\/td><td>2ZBZ-2<\/td><td>2ZBZ-4<\/td><\/tr><tr><td>Espa\u00e7amento entre plantas<\/td><td>200-500 mm<\/td><td>200-500 mm<\/td><\/tr><tr><td>Espa\u00e7amento entre linhas<\/td><td>300-500mm<\/td><td>150-300 mm<\/td><\/tr><tr><td>Capacidade<\/td><td>1000-1400\u33a1\/h<\/td><td>1400-2000\u33a1\/h<\/td><\/tr><tr><td>Linha<\/td><td>2<\/td><td>4<\/td><\/tr><tr><td>Poder<\/td><td>4,05 kW<\/td><td>4,05 kW<\/td><\/tr><\/tbody><\/table><\/figure>    <h4 class=\"wp-block-heading\"><strong>V\u00eddeo de opera\u00e7\u00f5es da M\u00e1quina de Transplante Autopropelida<\/strong><\/h4>    <figure class=\"wp-block-embed is-type-video is-provider-youtube wp-block-embed-youtube wp-embed-aspect-16-9 wp-has-aspect-ratio\"><div class=\"wp-block-embed__wrapper\"> <iframe loading=\"lazy\" title=\"Guia do operador do transplantador autopropelido: dicas f\u00e1ceis para um plantio eficiente! Plantador de mudas\" width=\"500\" height=\"281\" src=\"https:\/\/www.youtube.com\/embed\/_AfuL5t-4YM?feature=oembed\" frameborder=\"0\" allow=\"accelerometer; autoplay; clipboard-write; encrypted-media; gyroscope; picture-in-picture; web-share\" referrerpolicy=\"strict-origin-when-cross-origin\" allowfullscreen><\/iframe> <\/div><figcaption class=\"wp-element-caption\">transplantador mec\u00e2nico<\/figcaption><\/figure>    <h3 class=\"wp-block-heading\"><strong>Tipo 2: Transplantador de mudas de vegetais tipo esteira rolante<\/strong><\/h3>    <p>O transplantador de plantas adota a esteira da lagarta, como um tanque para avan\u00e7ar. O n\u00famero de linhas \u00e9 4-12 (linhas pares). O motor a gasolina utilizado \u00e9 maior que o transplantador autopropelido. Al\u00e9m disso, pode ser substitu\u00eddo por um motor diesel. Esta m\u00e1quina possui uma pequena faixa de ajuste para espa\u00e7amento entre plantas e entre linhas. No entanto, as fun\u00e7\u00f5es de cobertura de filme e irriga\u00e7\u00e3o por gotejamento podem ser adicionadas. A altura da crista pode estar dentro de 20 cm.<\/p>   <div class=\"wp-block-image\"> <figure class=\"aligncenter size-full\"><img loading=\"lazy\" decoding=\"async\" width=\"720\" height=\"540\" src=\"https:\/\/taizyagromachine.com\/wp-content\/uploads\/2022\/04\/crawler-type-transplanter.jpg\" alt=\"transplantador tipo rastreador\" class=\"wp-image-2463\" srcset=\"https:\/\/taizyagromachine.com\/wp-content\/uploads\/2022\/04\/crawler-type-transplanter.jpg 720w, https:\/\/taizyagromachine.com\/wp-content\/uploads\/2022\/04\/crawler-type-transplanter-300x225.jpg 300w\" sizes=\"auto, (max-width: 720px) 100vw, 720px\" \/><figcaption class=\"wp-element-caption\">transplantador tipo rastreador<\/figcaption><\/figure> <\/div>   <h4 class=\"wp-block-heading\"><strong>Estrutura do transplante de vegetais de plantio direto<\/strong><\/h4>    <p>A maior diferen\u00e7a \u00e9 que existem esteiras e um assento especialmente projetado para quem controla toda a m\u00e1quina. O resto \u00e9 igual.<\/p>   <div class=\"wp-block-image\"> <figure class=\"aligncenter size-full\"><img loading=\"lazy\" decoding=\"async\" width=\"720\" height=\"540\" src=\"https:\/\/taizyagromachine.com\/wp-content\/uploads\/2022\/04\/strucutre-of-cralwer-vegetable-transplanter-machine.jpg\" alt=\"estrutura da m\u00e1quina transplantadora de vegetais Cralwer\" class=\"wp-image-2460\" srcset=\"https:\/\/taizyagromachine.com\/wp-content\/uploads\/2022\/04\/strucutre-of-cralwer-vegetable-transplanter-machine.jpg 720w, https:\/\/taizyagromachine.com\/wp-content\/uploads\/2022\/04\/strucutre-of-cralwer-vegetable-transplanter-machine-300x225.jpg 300w\" sizes=\"auto, (max-width: 720px) 100vw, 720px\" \/><figcaption class=\"wp-element-caption\">estrutura da m\u00e1quina transplantadora de vegetais sobre esteiras<\/figcaption><\/figure> <\/div>   <h4 class=\"wp-block-heading\" id=\"h-technical-parameters-1\"><strong>Par\u00e2metros t\u00e9cnicos do Transplantador de mudas<\/strong><\/h4>    <figure class=\"wp-block-table\"><table><tbody><tr><td>Modelo<\/td><td>2ZBLZ-4<\/td><td>2ZBLZ-6<\/td><td>2ZBLZ-8<\/td><td>2ZBLZ-10<\/td><td>2ZBLZ-12<\/td><\/tr><tr><td>Espa\u00e7amento entre plantas<\/td><td>200-450 mm<\/td><td>80-200mm<\/td><td>80-200mm<\/td><td>80-200mm<\/td><td>80-200mm<\/td><\/tr><tr><td>Espa\u00e7amento entre linhas<\/td><td>100 mm<\/td><td>150-200mm<\/td><td>100-200mm<\/td><td>150 mm<\/td><td>100-150mm<\/td><\/tr><tr><td>Linha<\/td><td>4<\/td><td>6<\/td><td>8<\/td><td>10<\/td><td>12<\/td><\/tr><tr><td>Poder<\/td><td>4,05kW<\/td><td>7,5 kW<\/td><td>7,5 kW<\/td><td>7,5 kW<\/td><td>7,5 kW<\/td><\/tr><\/tbody><\/table><\/figure>    <h3 class=\"wp-block-heading\"><strong>Tipo 3: M\u00e1quina transplantadora de mudas movida por trator<\/strong><\/h3>    <p>Esta m\u00e1quina transplantadora possui um trator. As linhas de transplante variam de 2 a 12 (linhas pares). Mas a maioria das fun\u00e7\u00f5es est\u00e3o dispon\u00edveis, como fertiliza\u00e7\u00e3o, preparo rotativo, camalh\u00f5es, semeadura, irriga\u00e7\u00e3o por gotejamento, cobertura com filme e irriga\u00e7\u00e3o. Se voc\u00ea tiver alguma necessidade, entre em contato conosco a qualquer momento.<\/p>   <div class=\"wp-block-image\"> <figure class=\"aligncenter size-full\"><img loading=\"lazy\" decoding=\"async\" width=\"720\" height=\"540\" src=\"https:\/\/taizyagromachine.com\/wp-content\/uploads\/2022\/04\/tractor-driven-type-tranaplanter-machine-.jpg\" alt=\"m\u00e1quina tranaplanter tipo trator \" class=\"wp-image-2464\" srcset=\"https:\/\/taizyagromachine.com\/wp-content\/uploads\/2022\/04\/tractor-driven-type-tranaplanter-machine-.jpg 720w, https:\/\/taizyagromachine.com\/wp-content\/uploads\/2022\/04\/tractor-driven-type-tranaplanter-machine--300x225.jpg 300w\" sizes=\"auto, (max-width: 720px) 100vw, 720px\" \/><figcaption class=\"wp-element-caption\">m\u00e1quina tranaplanter tipo trator <\/figcaption><\/figure> <\/div>   <h4 class=\"wp-block-heading\"><strong>Constru\u00e7\u00e3o de m\u00e1quina transplantadora movida por trator<\/strong><\/h4>    <p>Esta m\u00e1quina transplantadora de vegetais possui um trator, um operador deve estar dispon\u00edvel. Os outros t\u00eam uma estrutura semelhante aos dois tipos acima.<\/p>   <div class=\"wp-block-image\"> <figure class=\"aligncenter size-full\"><img loading=\"lazy\" decoding=\"async\" width=\"720\" height=\"540\" src=\"https:\/\/taizyagromachine.com\/wp-content\/uploads\/2022\/04\/structure-of-tractor-type-vegetable-transplanter-machine.jpg\" alt=\"estrutura-da-m\u00e1quina-transplantadora-de-vegetais-tipo-trator\" class=\"wp-image-2458\" srcset=\"https:\/\/taizyagromachine.com\/wp-content\/uploads\/2022\/04\/structure-of-tractor-type-vegetable-transplanter-machine.jpg 720w, https:\/\/taizyagromachine.com\/wp-content\/uploads\/2022\/04\/structure-of-tractor-type-vegetable-transplanter-machine-300x225.jpg 300w\" sizes=\"auto, (max-width: 720px) 100vw, 720px\" \/><figcaption class=\"wp-element-caption\">estrutura da m\u00e1quina transplantadora tipo trator<\/figcaption><\/figure> <\/div>   <h4 class=\"wp-block-heading\" id=\"h-technical-parameters-2\"><strong>Par\u00e2metros t\u00e9cnicos da M\u00e1quina de Transplante de mudas acionada por trator<\/strong><\/h4>    <figure class=\"wp-block-table\"><table><tbody><tr><td>Modelo<\/td><td>2ZBX-2<\/td><td>2ZBX-4<\/td><td>2ZBX-6<\/td><td>2ZBX-8<\/td><td>2ZBX-10<\/td><td>2ZBX-12<\/td><\/tr><tr><td>Espa\u00e7amento entre plantas<\/td><td>200-500 mm<\/td><td>200-500 mm<\/td><td>100-400mm<\/td><td>100-400mm<\/td><td>100-400mm<\/td><td>100-400mm<\/td><\/tr><tr><td>Espa\u00e7amento entre linhas<\/td><td>250-500mm<\/td><td>250-300mm<\/td><td>150-300 mm<\/td><td>150-300 mm<\/td><td>150-300 mm<\/td><td>150-300 mm<\/td><\/tr><tr><td>Capacidade<\/td><td>1000-1700\u33a1\/h<\/td><td>1000-2700\u33a1\/h<\/td><td>1400-3400\u33a1\/h<\/td><td>2.000-4.000\u33a1\/h<\/td><td>2700-5400\u33a1\/h<\/td><td>3700-6700\u33a1\/h<\/td><\/tr><tr><td>Linha<\/td><td>2<\/td><td>4<\/td><td>6<\/td><td>8<\/td><td>10<\/td><td>12<\/td><\/tr><tr><td>Poder<\/td><td>\u226530<\/td><td>\u226550<\/td><td>\u226560<\/td><td>\u226560<\/td><td>\u226560<\/td><td>\u226560<\/td><\/tr><\/tbody><\/table><\/figure>    <h2 class=\"wp-block-heading\"><strong>Amplas aplica\u00e7\u00f5es de transplante de mudas de vegetais<\/strong><\/h2>    <p>Esta m\u00e1quina tem uma variedade de aplica\u00e7\u00f5es, incluindo vegetais, mel\u00f5es, flores e outras.<\/p>    <p>Legumes como cebola, tomate, alface, repolho, berinjela, piment\u00e3o, pepino, etc.<br>Mel\u00f5es como melancia, mel\u00e3o, ab\u00f3bora, abobrinha, etc.<br>Flores como pe\u00f4nia, jasmim, etc.<br>Outros como c\u00e2nhamo, tabaco, etc.<\/p>    <p>Aguardamos suas d\u00favidas e entraremos em contato com voc\u00ea em breve.<\/p>   <div class=\"wp-block-image\"> <figure class=\"aligncenter size-full\"><img loading=\"lazy\" decoding=\"async\" width=\"720\" height=\"540\" src=\"https:\/\/taizyagromachine.com\/wp-content\/uploads\/2022\/04\/wide-applications.jpg\" alt=\"amplas aplica\u00e7\u00f5es\" class=\"wp-image-2461\" srcset=\"https:\/\/taizyagromachine.com\/wp-content\/uploads\/2022\/04\/wide-applications.jpg 720w, https:\/\/taizyagromachine.com\/wp-content\/uploads\/2022\/04\/wide-applications-300x225.jpg 300w\" sizes=\"auto, (max-width: 720px) 100vw, 720px\" \/><figcaption class=\"wp-element-caption\">amplas aplica\u00e7\u00f5es<\/figcaption><\/figure> <\/div>   <h2 class=\"wp-block-heading\"><strong>Compara\u00e7\u00e3o de Transplantador Autopropelido e Transplantador Tipo Esteira<\/strong><\/h2>    <p class=\"translation-block\">1. <strong>Diferentes fileiras aplic\u00e1veis<\/strong><\/p>    <p>O transplantador manual \u00e9 adequado para pequenas fileiras de trabalho, como 2 fileiras e 4 fileiras. Se plantar acima de 4 linhas, altere outros tipos. Embora o tipo rastreador tenha de 4 a 12 linhas, ao trabalhar como um tanque, ele \u00e9 mais estabilizado com uma estrutura especial.<\/p>    <p class=\"translation-block\">2. <strong>Espa\u00e7amento entre plantas e espa\u00e7amento entre fileiras<\/strong><\/p>    <p>Se o espa\u00e7o de plantio for inferior a 15 cm, comprar o tipo autopropelido n\u00e3o \u00e9 uma boa escolha. <\/p>    <p>O tipo rastreador tem um espa\u00e7o de plantio estreito e espa\u00e7amento estreito entre linhas, como 10 * 10 cm com alta densidade de plantio. As fileiras de plantas podem ter de 2 a 12 fileiras. Sugerimos uma m\u00e1quina transplantadora do tipo rastreador.<\/p>    <p class=\"translation-block\">3. <strong>\u00c1rea de trabalho<\/strong><\/p>    <p>A m\u00e1quina autopropelida funciona principalmente em campos pequenos, como estufas, maci\u00e7os e \u00e1reas montanhosas. Trabalhar nos campos sulcados tamb\u00e9m \u00e9 bom. \u00c9 pequeno e f\u00e1cil de operar.<\/p>    <p>O tipo rastreador funciona principalmente em grandes terras agr\u00edcolas, terrenos planos, trabalhar sem cume ser\u00e1 melhor. Possui alta efici\u00eancia de trabalho.<\/p>    <h2 class=\"wp-block-heading\"><strong>Caso de sucesso: M\u00e1quina transplantadora autom\u00e1tica de vegetais exportada para Col\u00f4mbia<\/strong><\/h2>    <p>Este cliente colombiano est\u00e1 pronto para transplantar alface e j\u00e1 possui uma m\u00e1quina para cultivo de mudas de alface. Ent\u00e3o depois que ele veio at\u00e9 n\u00f3s do site do Google, o prop\u00f3sito ficou muito claro, ou seja, transplantar alface. Ent\u00e3o, ao falar dos detalhes, nosso gerente de vendas sabia que estava transplantando em terreno plano, e eram 4 fileiras. Foi por isso que nosso gerente de vendas lhe recomendou o transplantador autopropelido. Depois de compreender o desempenho relevante da m\u00e1quina, par\u00e2metros, v\u00eddeos de trabalho, etc., chegamos \u00e0 coopera\u00e7\u00e3o este ano. E em abril preparamos a m\u00e1quina e tamb\u00e9m a enviamos para o destino.<\/p>    <h2 class=\"wp-block-heading\"><strong>Perguntas frequentes sobre transplante de vegetais<\/strong><\/h2>   <div id=\"rank-math-faq\" class=\"rank-math-block\"> <div class=\"rank-math-list\"> <div id=\"faq-question-1665561421755\" class=\"rank-math-list-item\"> <h3 class=\"rank-math-question\"><strong>P: Onde est\u00e1 sua f\u00e1brica?<\/strong><\/h3> <div class=\"rank-math-answer\">  <p>R: Cidade de Qingzhou, prov\u00edncia de Shangdong. \u00c9 a cidade da f\u00e1brica.<\/p>  <\/div> <\/div> <div id=\"faq-question-1665561428575\" class=\"rank-math-list-item\"> <h3 class=\"rank-math-question\"><strong>P: Quais vegetais s\u00e3o adequados para esta m\u00e1quina transplantar?<\/strong><a href=\"\/pt\/What vegetables are suitable for this machine to transplant\/\"><\/a><\/h3> <div class=\"rank-math-answer\">  <p>R: Tomate, alface, couve chinesa, repolho, milho doce, ab\u00f3bora, semente de c\u00e2nhamo, quiabo, pepino, berinjela, mel\u00e3o, melancia, piment\u00e3o, pimenta, feij\u00e3o, etc.\u00a0<\/p>  <\/div> <\/div> <div id=\"faq-question-1665561446928\" class=\"rank-math-list-item\"> <h3 class=\"rank-math-question\"><strong>P: Qual \u00e9 a capacidade de um transplantador de vegetais conduzido por trator?<\/strong><\/h3> <div class=\"rank-math-answer\">  <p>R: 3600 plantas\/hora.<\/p>  <\/div> <\/div> <div id=\"faq-question-1665561466160\" class=\"rank-math-list-item\"> <h3 class=\"rank-math-question\"><strong>P: Esta m\u00e1quina pode ter uma fun\u00e7\u00e3o de filme?<\/strong><\/h3> <div class=\"rank-math-answer\">  <p>R: Claro, o tipo de esteira e o tipo de trator podem.<\/p>  <\/div> <\/div> <div id=\"faq-question-1665561479407\" class=\"rank-math-list-item\"> <h3 class=\"rank-math-question\"><strong>P: Que tal a fun\u00e7\u00e3o de sulco?<\/strong><\/h3> <div class=\"rank-math-answer\">  <p>R: Apenas a m\u00e1quina transplantadora do tipo trator est\u00e1 dispon\u00edvel.<\/p>  <\/div> <\/div> <div id=\"faq-question-1665561496575\" class=\"rank-math-list-item\"> <h3 class=\"rank-math-question\"><strong>P: Que tal garantia e servi\u00e7o p\u00f3s-venda?<\/strong><\/h3> <div class=\"rank-math-answer\">  <p>R: 2 anos como garantia. Oferecemos pe\u00e7as da m\u00e1quina, v\u00eddeos sobre como instalar a m\u00e1quina e servi\u00e7o de engenharia online.<\/p>  <\/div> <\/div> <div id=\"faq-question-1665561509407\" class=\"rank-math-list-item\"> <h3 class=\"rank-math-question\"><strong>P: Qual \u00e9 o aeroporto mais pr\u00f3ximo?<\/strong><\/h3> <div class=\"rank-math-answer\">  <p>R: Aeroporto de Qingdao. Do aeroporto at\u00e9 a f\u00e1brica s\u00e3o 3 horas de carro.<\/p>  <\/div> <\/div> <\/div> <\/div>   <h2 class=\"wp-block-heading\"><strong>V\u00eddeo da m\u00e1quina transplantadora de vegetais de 4 fileiras<\/strong><\/h2>    <figure class=\"wp-block-embed is-type-video is-provider-youtube wp-block-embed-youtube wp-embed-aspect-16-9 wp-has-aspect-ratio\"><div class=\"wp-block-embed__wrapper\"> <iframe loading=\"lazy\" title=\"Como funciona o transplante de mudas de vegetais de 4 fileiras acionado por trator? | M\u00e1quina de Transplante #replant\" width=\"500\" height=\"281\" src=\"https:\/\/www.youtube.com\/embed\/-hwDno985Kk?feature=oembed\" frameborder=\"0\" allow=\"accelerometer; autoplay; clipboard-write; encrypted-media; gyroscope; picture-in-picture; web-share\" referrerpolicy=\"strict-origin-when-cross-origin\" allowfullscreen><\/iframe> <\/div><\/figure>","protected":false},"excerpt":{"rendered":"<p>As the name suggests, the vegetable transplanter is specially transplanting various vegetables, fruits, and flower seedlings. Seed transplanter machines are available in a wide range of rows, from 2-12 rows. This is a custom machine that can exactly fit your needs. The power is usually a gasoline engine, but it can also be changed according [&hellip;]<\/p>\n","protected":false},"author":1,"featured_media":2465,"parent":0,"template":"","tags":[],"product-type":[31],"class_list":["post-2457","product","type-product","status-publish","has-post-thumbnail","hentry","product-type-nursery-transplanter"],"_links":{"self":[{"href":"https:\/\/taizyagromachine.com\/pt\/wp-json\/wp\/v2\/product\/2457","targetHints":{"allow":["GET"]}}],"collection":[{"href":"https:\/\/taizyagromachine.com\/pt\/wp-json\/wp\/v2\/product"}],"about":[{"href":"https:\/\/taizyagromachine.com\/pt\/wp-json\/wp\/v2\/types\/product"}],"author":[{"embeddable":true,"href":"https:\/\/taizyagromachine.com\/pt\/wp-json\/wp\/v2\/users\/1"}],"wp:featuredmedia":[{"embeddable":true,"href":"https:\/\/taizyagromachine.com\/pt\/wp-json\/wp\/v2\/media\/2465"}],"wp:attachment":[{"href":"https:\/\/taizyagromachine.com\/pt\/wp-json\/wp\/v2\/media?parent=2457"}],"wp:term":[{"taxonomy":"post_tag","embeddable":true,"href":"https:\/\/taizyagromachine.com\/pt\/wp-json\/wp\/v2\/tags?post=2457"},{"taxonomy":"product-type","embeddable":true,"href":"https:\/\/taizyagromachine.com\/pt\/wp-json\/wp\/v2\/product-type?post=2457"}],"curies":[{"name":"wp","href":"https:\/\/api.w.org\/{rel}","templated":true}]}}