{"id":2551,"date":"2022-05-07T02:48:46","date_gmt":"2022-05-07T02:48:46","guid":{"rendered":"https:\/\/taizyagromachine.com\/?post_type=product&#038;p=2551"},"modified":"2025-01-06T14:21:19","modified_gmt":"2025-01-06T06:21:19","slug":"chaff-cutter-and-grain-grinder","status":"publish","type":"product","link":"https:\/\/taizyagromachine.com\/pt\/product\/chaff-cutter-and-grain-grinder\/","title":{"rendered":"Cortador de palha e moedor de gr\u00e3os"},"content":{"rendered":"<p>Esta m\u00e1quina cortadora de palha e moedor de gr\u00e3os \u00e9 nosso produto atualizado para corte de grama e moagem de gr\u00e3os. As m\u00e1quinas da s\u00e9rie 9ZRF s\u00e3o de estrutura simples, design razo\u00e1vel e f\u00e1ceis de operar. Esta m\u00e1quina cortadora de palha e trituradora de gr\u00e3os pode realizar o processamento de uma ampla variedade de palhas agr\u00edcolas e \u00e9 adequada para o uso de animais de grande porte, como bovinos, porcos, gansos e cavalos. A m\u00e1quina pode cortar palha e grama em tiras macias de comprimento uniforme. Tamb\u00e9m pode moer cereais como ra\u00e7\u00e3o animal adequada para aves. Se estiver interessado, n\u00e3o hesite em contactar-nos.<\/p>    <h2 class=\"wp-block-heading\" id=\"h-working-video-of-combined-grass-grain-grinder-machine\"><strong>V\u00eddeo de trabalho da m\u00e1quina combinada de moagem de gr\u00e3os de grama<\/strong><\/h2>    <figure class=\"wp-block-embed is-type-video is-provider-youtube wp-block-embed-youtube wp-embed-aspect-16-9 wp-has-aspect-ratio\"><div class=\"wp-block-embed__wrapper\"> <iframe loading=\"lazy\" title=\"Corte de grama e triturador de gr\u00e3os - Como cortar grama e talos e moer gr\u00e3os? #cortador de palha #silagem\" width=\"500\" height=\"281\" src=\"https:\/\/www.youtube.com\/embed\/G5bzZxbTA6I?feature=oembed\" frameborder=\"0\" allow=\"accelerometer; autoplay; clipboard-write; encrypted-media; gyroscope; picture-in-picture; web-share\" referrerpolicy=\"strict-origin-when-cross-origin\" allowfullscreen><\/iframe> <\/div><\/figure>    <figure class=\"wp-block-embed is-type-video is-provider-youtube wp-block-embed-youtube wp-embed-aspect-16-9 wp-has-aspect-ratio\"><div class=\"wp-block-embed__wrapper\"> <iframe loading=\"lazy\" title=\"Cortador de palha e moedor de gr\u00e3os | triturador combinado de gr\u00e3os de grama | cortador de palha e moedor de gr\u00e3os\" width=\"500\" height=\"281\" src=\"https:\/\/www.youtube.com\/embed\/cF8y2xCfVfk?feature=oembed\" frameborder=\"0\" allow=\"accelerometer; autoplay; clipboard-write; encrypted-media; gyroscope; picture-in-picture; web-share\" referrerpolicy=\"strict-origin-when-cross-origin\" allowfullscreen><\/iframe> <\/div><\/figure>    <h2 class=\"wp-block-heading\"><strong>Estrutura da m\u00e1quina cortadora de palha e moedor de gr\u00e3os <\/strong><\/h2>    <p>Esta m\u00e1quina de moer grama \u00e0 venda tem um design muito f\u00e1cil de usar. Porque \u00e9 fabricado de acordo com o desenvolvimento agr\u00edcola. Em primeiro lugar, a erva e os cereais entram por entradas diferentes. Al\u00e9m disso, o comprimento da grama cortada pode ser ajustado. H\u00e1 tamb\u00e9m o ciclone, que pode ser acoplado com um saco de pano por baixo para reduzir a poeira. Geralmente, a m\u00e1quina trituradora combinada de gr\u00e3os de grama usa um motor el\u00e9trico, mas tamb\u00e9m pode ser equipada com um motor diesel para fornecer energia suficiente para o funcionamento da m\u00e1quina.<\/p>   <div class=\"wp-block-image\"> <figure class=\"aligncenter size-full\"><img loading=\"lazy\" decoding=\"async\" width=\"720\" height=\"540\" src=\"https:\/\/taizyagromachine.com\/wp-content\/uploads\/2022\/05\/structure-of-chaff-cutter-and-grinder.jpg\" alt=\"estrutura do cortador e moedor de palha\" class=\"wp-image-2555\"\/><figcaption class=\"wp-element-caption\">estrutura do cortador e moedor de palha<\/figcaption><\/figure> <\/div>   <h2 class=\"wp-block-heading\"><strong>Par\u00e2metros T\u00e9cnicos do Cortador de Palha e Moedor de Gr\u00e3os<\/strong><\/h2>    <p>A m\u00e1quina cortadora de palha e moedor de gr\u00e3os est\u00e1 dispon\u00edvel em diferentes rendimentos, para que voc\u00ea possa escolher a que mais lhe convier. Embora o n\u00famero de l\u00e2minas seja o mesmo, as l\u00e2minas n\u00e3o t\u00eam o mesmo comprimento, portanto a produ\u00e7\u00e3o varia.<\/p>    <figure class=\"wp-block-table\"><table><tbody><tr><td>Modelo<\/td><td>Poder<\/td><td>Capacidade<\/td><td>Comprimento da l\u00e2mina<\/td><td>Quantidade de l\u00e2minas<\/td><td>Tamanho \u00fanico<\/td><\/tr><tr><td>9ZRF-3.8<\/td><td>bif\u00e1sico 4,5kW, trif\u00e1sico 3kW<\/td><td>3800kg\/hora<\/td><td>220*70*6mm<\/td><td>5<\/td><td>1700*1200*1500mm<\/td><\/tr><tr><td>9ZRF-4.8<\/td><td>bif\u00e1sico 4,5kW, trif\u00e1sico 3kW<\/td><td>4000kg\/hora<\/td><td>280*70*6mm<\/td><td>5<\/td><td>1950*1200*1800mm<\/td><\/tr><\/tbody><\/table><\/figure>    <h2 class=\"wp-block-heading\" id=\"h-spotlights-of-straw-cutter-and-grain-grinder\"><strong>Destaques do Cortador de Palha e Moedor de Gr\u00e3os<\/strong><\/h2>    <ul class=\"wp-block-list\"> <li>Alimenta\u00e7\u00e3o autom\u00e1tica. Coloque a grama molhada ou seca na entrada e a grama entrar\u00e1 automaticamente na cavidade de trabalho, muito pr\u00e1tica e r\u00e1pida, economizando tempo.<\/li>    <li>As l\u00e2minas s\u00e3o resistentes ao desgaste e duram muito tempo. Este cortador de palha e moedor de gr\u00e3os \u00e9 feito com l\u00e2minas de alta qualidade para longa vida \u00fatil.<\/li>    <li>O soprador de ar permite que a grama e os gr\u00e3os sejam descarregados de forma r\u00e1pida e eficiente.<\/li>    <li>Vers\u00e1til. Esta m\u00e1quina de cortar grama e moer milho pode n\u00e3o apenas cortar grama, mas tamb\u00e9m moer gr\u00e3os.<\/li>    <li>Equipado com tr\u00eas tipos de l\u00e2minas. Quando o material entra na oficina, a l\u00e2mina torna a grama cortada mais macia e fina.<\/li> <\/ul>    <figure class=\"wp-block-gallery aligncenter has-nested-images columns-default is-cropped wp-block-gallery-2 is-layout-flex wp-block-gallery-is-layout-flex\"> <figure class=\"wp-block-image size-large\"><img loading=\"lazy\" decoding=\"async\" width=\"720\" height=\"540\" data-id=\"2562\" src=\"https:\/\/taizyagromachine.com\/wp-content\/uploads\/2022\/05\/automatic-feeding.jpg\" alt=\"alimenta\u00e7\u00e3o autom\u00e1tica\" class=\"wp-image-2562\"\/><figcaption class=\"wp-element-caption\">alimenta\u00e7\u00e3o autom\u00e1tica<\/figcaption><\/figure>    <figure class=\"wp-block-image size-full\"><img loading=\"lazy\" decoding=\"async\" width=\"720\" height=\"540\" data-id=\"2561\" src=\"https:\/\/taizyagromachine.com\/wp-content\/uploads\/2022\/05\/internal-blades.jpg\" alt=\"l\u00e2minas internas\" class=\"wp-image-2561\"\/><figcaption class=\"wp-element-caption\">l\u00e2minas internas<\/figcaption><\/figure>    <figure class=\"wp-block-image size-full\"><img loading=\"lazy\" decoding=\"async\" width=\"720\" height=\"540\" data-id=\"2560\" src=\"https:\/\/taizyagromachine.com\/wp-content\/uploads\/2022\/05\/blower.jpg\" alt=\"ventilador\" class=\"wp-image-2560\"\/><figcaption class=\"wp-element-caption\">ventilador<\/figcaption><\/figure> <\/figure>    <h2 class=\"wp-block-heading\"><strong>Quais aplica\u00e7\u00f5es da m\u00e1quina cortadora de palha para ra\u00e7\u00e3o animal?<\/strong><\/h2>    <p class=\"translation-block\">Como <a href=\"https:\/\/taizyagromachine.com\/pt\/\" target=\"_blank\" rel=\"noreferrer noopener\">um fabricante e fornecedor profissional de m\u00e1quinas agr\u00edcolas<\/a>, temos uma ampla gama de produtos. Este tipo de m\u00e1quina cortadora de palha para agricultura possui m\u00faltiplas fun\u00e7\u00f5es. Esta m\u00e1quina \u00e9 capaz de triturar grama e moer gr\u00e3os. Gramas secas e \u00famidas, como alfafa, poejo, talos de milho, poejo roxo, palha de trigo, grama de pastagem, etc. Cereais como milho, soja, aveia, milheto, cascas de amendoim, espigas de milho, etc. Na verdade, a gama de aplica\u00e7\u00f5es \u00e9 muito ampla. \u00c9 uma m\u00e1quina muito boa para comprar.<\/p>    <div class=\"wp-block-columns is-layout-flex wp-container-core-columns-is-layout-9d6595d7 wp-block-columns-is-layout-flex\"> <div class=\"wp-block-column is-layout-flow wp-block-column-is-layout-flow\"><div class=\"wp-block-image\"> <figure class=\"aligncenter size-full\"><img loading=\"lazy\" decoding=\"async\" width=\"720\" height=\"540\" src=\"https:\/\/taizyagromachine.com\/wp-content\/uploads\/2022\/05\/applicable-grass.jpg\" alt=\"grama aplic\u00e1vel\" class=\"wp-image-2558\"\/><figcaption class=\"wp-element-caption\">grama aplic\u00e1vel<\/figcaption><\/figure> <\/div><\/div>    <div class=\"wp-block-column is-layout-flow wp-block-column-is-layout-flow\"><div class=\"wp-block-image\"> <figure class=\"aligncenter size-full\"><img loading=\"lazy\" decoding=\"async\" width=\"720\" height=\"540\" src=\"https:\/\/taizyagromachine.com\/wp-content\/uploads\/2022\/05\/various-grains.jpg\" alt=\"v\u00e1rios gr\u00e3os\" class=\"wp-image-2559\"\/><figcaption class=\"wp-element-caption\">v\u00e1rios gr\u00e3os<\/figcaption><\/figure> <\/div><\/div> <\/div>    <h2 class=\"wp-block-heading\" id=\"h-working-principle-of-grass-cutting-and-grain-crushing-machine\"><strong>Princ\u00edpio de funcionamento da m\u00e1quina de corte de grama e tritura\u00e7\u00e3o de gr\u00e3os<\/strong><\/h2>    <p>Os materiais de grama s\u00e3o colocados manualmente na entrada e transportados automaticamente. Sob a a\u00e7\u00e3o conjunta das l\u00e2minas rotativas de alta velocidade e do fluxo de ar causado pela p\u00e1 (p\u00e1 de vento), os materiais entram na oficina e s\u00e3o picados, cortados, rasgados e amassados \u200b\u200bpelas l\u00e2minas m\u00f3veis e fixas em seda solta e quebrada tiras, que s\u00e3o lan\u00e7adas para fora da m\u00e1quina pela p\u00e1 do vento.<br>Os gr\u00e3os s\u00e3o iguais, exceto que passam pela peneira e s\u00e3o descarregados pela sa\u00edda.<\/p>   <div class=\"wp-block-image\"> <figure class=\"aligncenter size-full\"><img loading=\"lazy\" decoding=\"async\" width=\"720\" height=\"540\" src=\"https:\/\/taizyagromachine.com\/wp-content\/uploads\/2022\/05\/combined-straw-cutter-and-grinder-machine.jpg\" alt=\"m\u00e1quina combinada de cortador e moedor de palha\" class=\"wp-image-2571\"\/><figcaption class=\"wp-element-caption\">m\u00e1quina combinada de cortador e moedor de palha<\/figcaption><\/figure> <\/div>   <h2 class=\"wp-block-heading\"><strong>Por que escolher o fabricante e fornecedor de moedor de gr\u00e3os e triturador de gr\u00e3os credenciado pela Taizy Machinery?<\/strong><\/h2>    <ol class=\"wp-block-list\"> <li><strong>Custo-beneficio<\/strong>. Por sermos uma f\u00e1brica e com\u00e9rcio integrados, os pre\u00e7os das m\u00e1quinas s\u00e3o pre\u00e7os de f\u00e1brica, por isso temos uma vantagem de pre\u00e7o em compara\u00e7\u00e3o. Ao mesmo tempo, a qualidade das nossas m\u00e1quinas \u00e9 muito boa.<\/li>    <li><strong>Com experi\u00eancia em exporta\u00e7\u00e3o<\/strong>. Atuamos no setor de com\u00e9rcio exterior h\u00e1 mais de dez anos, para que nossa equipe esteja familiarizada com o processo de com\u00e9rcio exterior, de forma mais conveniente e r\u00e1pida.<\/li>    <li><strong>S\u00f3lidos conhecimentos profissionais<\/strong>. Nossa equipe est\u00e1 muito familiarizada e entende nossos produtos de m\u00e1quinas agr\u00edcolas. Por exemplo, se voc\u00ea precisar de uma m\u00e1quina cortadora de palha, nossa equipe de vendas fornecer\u00e1 a m\u00e1quina certa de acordo com suas necessidades.<\/li> <\/ol>    <h2 class=\"wp-block-heading\"><strong>Aten\u00e7\u00e3o e precau\u00e7\u00f5es do cortador de palha e moedor de gr\u00e3os<\/strong><\/h2>    <ol class=\"wp-block-list\"> <li>Ao operar o cortador de palha e a m\u00e1quina trituradora de gr\u00e3os, o equipamento de prote\u00e7\u00e3o de seguran\u00e7a deve estar completo.<\/li>    <li>O operador deve compreender totalmente o desempenho da m\u00e1quina, sendo estritamente proibido lig\u00e1-la ap\u00f3s beber, quando estiver doente ou excessivamente cansado. <\/li>    <li>O local de trabalho deve ser espa\u00e7oso e equipado com equipamentos de preven\u00e7\u00e3o de inc\u00eandio.<\/li>    <li>A guilhotina deve trabalhar na velocidade prescrita e \u00e9 terminantemente proibido trabalhar em velocidade excessiva ou sobrecarga.<\/li>    <li>A quantidade de alimenta\u00e7\u00e3o de material deve ser apropriada, muito \u00e9 f\u00e1cil de causar parada por sobrecarga. Claro, nem muito pouco, muito pouco afetar\u00e1 a efici\u00eancia do corte.<\/li>    <li>Antes de parar o trabalho, a alavanca vari\u00e1vel deve ser puxada para a posi\u00e7\u00e3o 0, deixar a m\u00e1quina em marcha lenta por cerca de 2 minutos e depois parar depois de soprar a poeira e as ervas daninhas para dentro da m\u00e1quina.<\/li> <\/ol>    <h2 class=\"wp-block-heading\"><strong>Caso de sucesso: M\u00e1quina comercial de corte de palha e moedor de gr\u00e3os exportada para Keyna<\/strong><\/h2>    <p class=\"translation-block\">Em fevereiro deste ano, um cliente do Qu\u00eania pediu informa\u00e7\u00f5es sobre m\u00e1quinas cortadoras e trituradores de grama. Ele possui uma grande planta agr\u00edcola com gado, ovelhas e galinhas. Portanto, uma grande quantidade de ra\u00e7\u00e3o \u00e9 necess\u00e1ria todos os dias. Ap\u00f3s entender a situa\u00e7\u00e3o, nosso gerente de vendas, Coco, recomendou uma m\u00e1quina combinada de cortadora de palha e moedor para ele. Isso porque a m\u00e1quina pode ser usada tanto para cortar grama quanto para moer gr\u00e3os. \u00c9 muito pr\u00e1tica. Coco tamb\u00e9m enviou v\u00eddeos e fotos da m\u00e1quina. Depois de assistir a isso, o cliente queniano fez um pedido imediatamente. Entregamos a m\u00e1quina no cont\u00eainer para seu destino por via mar\u00edtima. Duas semanas depois, ele comprou outra <a href=\"https:\/\/taizyagromachine.com\/pt\/product\/silage-baler\/\">m\u00e1quina de enfardar e embrulhar<\/a>.<\/p>   <div class=\"wp-block-image\"> <figure class=\"aligncenter size-full\"><img loading=\"lazy\" decoding=\"async\" width=\"720\" height=\"540\" src=\"https:\/\/taizyagromachine.com\/wp-content\/uploads\/2022\/04\/load-into-the-container-maize-grits-milling-machine.jpg\" alt=\"carregar-no-cont\u00eainer-m\u00e1quina-fresadora de gr\u00e3os de milho\" class=\"wp-image-2385\" srcset=\"https:\/\/taizyagromachine.com\/wp-content\/uploads\/2022\/04\/load-into-the-container-maize-grits-milling-machine.jpg 720w, https:\/\/taizyagromachine.com\/wp-content\/uploads\/2022\/04\/load-into-the-container-maize-grits-milling-machine-300x225.jpg 300w\" sizes=\"auto, (max-width: 720px) 100vw, 720px\" \/><figcaption class=\"wp-element-caption\">carregar no cont\u00eainer <\/figcaption><\/figure> <\/div>   <h2 class=\"wp-block-heading\"><strong>Perguntas frequentes<\/strong><\/h2>   <div id=\"rank-math-faq\" class=\"rank-math-block\"> <div class=\"rank-math-list\"> <div id=\"faq-question-1666246457624\" class=\"rank-math-list-item\"> <h3 class=\"rank-math-question\"><strong>P: Os acess\u00f3rios est\u00e3o dispon\u00edveis?<\/strong><\/h3> <div class=\"rank-math-answer\">  <p>R: Voc\u00ea pode comprar l\u00e2minas extras.<\/p>  <\/div> <\/div> <div id=\"faq-question-1666246461628\" class=\"rank-math-list-item\"> <h3 class=\"rank-math-question\"><strong>P: O cortador de palha e a m\u00e1quina moedora de gr\u00e3os podem esmagar a cana-de-a\u00e7\u00facar?<\/strong><\/h3> <div class=\"rank-math-answer\">  <p>R: Sim, mas as l\u00e2minas ficar\u00e3o desgastadas.<\/p>  <\/div> <\/div> <div id=\"faq-question-1666246478374\" class=\"rank-math-list-item\"> <h3 class=\"rank-math-question\"><strong>P: Pode ser equipado com motor diesel?<\/strong><\/h3> <div class=\"rank-math-answer\">  <p>R: Sim, basta combinar o motor diesel correspondente aos seus requisitos de pot\u00eancia.<\/p>  <\/div> <\/div> <div id=\"faq-question-1666246494123\" class=\"rank-math-list-item\"> <h3 class=\"rank-math-question\"><strong>P: Qual \u00e9 a diferen\u00e7a entre os tr\u00eas em compara\u00e7\u00e3o com o cortador de palha e o triturador?<\/strong><\/h3> <div class=\"rank-math-answer\">  <p class=\"translation-block\">R: A\u00a0<a href=\"https:\/\/silagebaler.com\/chaff-chopper-corn-stalk-cutter\/\" target=\"_blank\" rel=\"noreferrer noopener\">m\u00e1quina cortadora de palha<\/a>\u00a0serve para cortar a grama em pequenos peda\u00e7os; a m\u00e1quina cortadora de palha e moedor de gr\u00e3os serve para cortar a grama em peda\u00e7os mais macios e finos; a cortadora de palha e moedor de gr\u00e3os pode n\u00e3o apenas cortar grama, mas tamb\u00e9m moer gr\u00e3os.<\/p>  <\/div> <\/div> <div id=\"faq-question-1666246509069\" class=\"rank-math-list-item\"> <h3 class=\"rank-math-question\"><strong>P: Que tal o per\u00edodo de garantia do cortador de palha e do moedor de gr\u00e3os?<\/strong><\/h3> <div class=\"rank-math-answer\">  <p>R: 1 ano.<\/p>  <\/div> <\/div> <div id=\"faq-question-1666246532341\" class=\"rank-math-list-item\"> <h3 class=\"rank-math-question\"><strong>P: Como usar o cortador de palha e a m\u00e1quina trituradora\uff1f<\/strong><\/h3> <div class=\"rank-math-answer\">  <p>R: A opera\u00e7\u00e3o \u00e9 muito simples e forneceremos ajuda em v\u00eddeo e orienta\u00e7\u00e3o on-line, se necess\u00e1rio.<\/p>  <\/div> <\/div> <\/div> <\/div>","protected":false},"excerpt":{"rendered":"<p>This chaff cutter and grain grinder machine is our upgraded product for grass cutting and grain grinding. 9ZRF series machines are simple in structure, reasonable in design and easy to operate. This straw cutter and grain crusher machine can carry out the processing of a wide range of crop straws and is suitable for the [&hellip;]<\/p>\n","protected":false},"author":1,"featured_media":2574,"parent":0,"template":"","tags":[],"product-type":[19],"class_list":["post-2551","product","type-product","status-publish","has-post-thumbnail","hentry","product-type-silage-machine"],"_links":{"self":[{"href":"https:\/\/taizyagromachine.com\/pt\/wp-json\/wp\/v2\/product\/2551","targetHints":{"allow":["GET"]}}],"collection":[{"href":"https:\/\/taizyagromachine.com\/pt\/wp-json\/wp\/v2\/product"}],"about":[{"href":"https:\/\/taizyagromachine.com\/pt\/wp-json\/wp\/v2\/types\/product"}],"author":[{"embeddable":true,"href":"https:\/\/taizyagromachine.com\/pt\/wp-json\/wp\/v2\/users\/1"}],"wp:featuredmedia":[{"embeddable":true,"href":"https:\/\/taizyagromachine.com\/pt\/wp-json\/wp\/v2\/media\/2574"}],"wp:attachment":[{"href":"https:\/\/taizyagromachine.com\/pt\/wp-json\/wp\/v2\/media?parent=2551"}],"wp:term":[{"taxonomy":"post_tag","embeddable":true,"href":"https:\/\/taizyagromachine.com\/pt\/wp-json\/wp\/v2\/tags?post=2551"},{"taxonomy":"product-type","embeddable":true,"href":"https:\/\/taizyagromachine.com\/pt\/wp-json\/wp\/v2\/product-type?post=2551"}],"curies":[{"name":"wp","href":"https:\/\/api.w.org\/{rel}","templated":true}]}}