{"id":2620,"date":"2022-05-10T03:11:54","date_gmt":"2022-05-10T03:11:54","guid":{"rendered":"https:\/\/taizyagromachine.com\/?post_type=product&#038;p=2620"},"modified":"2025-01-02T13:55:15","modified_gmt":"2025-01-02T05:55:15","slug":"straw-cutter-and-grain-grinder","status":"publish","type":"product","link":"https:\/\/taizyagromachine.com\/pt\/product\/straw-cutter-and-grain-grinder\/","title":{"rendered":"Cortador de palha e moedor de gr\u00e3os"},"content":{"rendered":"<p class=\"translation-block\">Esta s\u00e9rie de cortadores de palha e moedores de gr\u00e3o alcan\u00e7a uso multifuncional, permitindo guilhotina e esmagamento de gr\u00e3os. Esta guilhotina oferece alto desempenho, baixo ru\u00eddo, alta produ\u00e7\u00e3o, seguran\u00e7a e estabilidade, elevada efici\u00eancia, baixo consumo de energia, robustez e durabilidade. A <a href=\"https:\/\/taizyagromachine.com\/pt\/product\/chaff-cutter-and-grain-grinder\/\" target=\"_blank\" rel=\"noreferrer noopener\">m\u00e1quina combinada cortadora de palha e moedor de gr\u00e3o<\/a> pode n\u00e3o apenas moer palha seca e molhada, palha de arroz, palha de trigo, palha de algod\u00e3o, v\u00e1rias gram\u00edneas, mas tamb\u00e9m cereais como gr\u00e3os, cascas de amendoim, talos de milho, cabe\u00e7as de palha doce, etc. O produto acabado triturado pode ser usado como ra\u00e7\u00e3o animal. Portanto, a m\u00e1quina \u00e9 adequada para pequenas e m\u00e9dias f\u00e1bricas, mas tamb\u00e9m para uso dom\u00e9stico.<br>As nossas m\u00e1quinas tamb\u00e9m s\u00e3o muito populares no estrangeiro, por exemplo no Qu\u00e9nia, Zimbabu\u00e9, Peru, Dubai, \u00c1frica do Sul, Lesoto, etc.<\/p>    <h2 class=\"wp-block-heading\" id=\"h-type-one-9zf-500b-new-type-chaff-cutter-and-grinder-machine\"><strong>Tipo Um: 9ZF-500B (Novo Tipo) M\u00e1quina Cortadora e Trituradora de palha<\/strong><\/h2>    <p>Esta guilhotina possui cinco portas, tr\u00eas das quais s\u00e3o sa\u00eddas e duas s\u00e3o entradas. Esta m\u00e1quina \u00e9 f\u00e1cil de operar, possui uma ampla faixa de processamento e \u00e9 capaz de triturar uma ampla variedade de culturas. Tem um bom efeito de esmagamento no material e tem um longo tempo de armazenamento. Portanto, \u00e9 ideal para uso em fazendas.<\/p>   <div class=\"wp-block-image\"> <figure class=\"aligncenter size-full\"><img loading=\"lazy\" decoding=\"async\" width=\"720\" height=\"540\" src=\"https:\/\/taizyagromachine.com\/wp-content\/uploads\/2022\/05\/combined-hay-cutter-and-grain-grinder.jpg\" alt=\"cortador de feno combinado e moedor de gr\u00e3os\" class=\"wp-image-2635\"\/><figcaption class=\"wp-element-caption\">cortador de feno combinado e moedor de gr\u00e3os<\/figcaption><\/figure> <\/div>   <h3 class=\"wp-block-heading\"><strong>Estrutura do triturador de palha e moedor de gr\u00e3os <\/strong><\/h3>    <p class=\"translation-block\">Esta <a href=\"https:\/\/silagebaler.com\/combined-chaff-cutter-and-grain-crusher\/\" target=\"_blank\" rel=\"noreferrer noopener\">m\u00e1quina de corte de relva e moagem<\/a> consiste em tr\u00eas sa\u00eddas, uma na parte superior, uma no meio e uma na parte inferior, e entradas para relva e cereais, respetivamente. A m\u00e1quina est\u00e1 equipada com um motor de cobre puro e rodas m\u00f3veis para facilitar o movimento da m\u00e1quina. Entre as tr\u00eas sa\u00eddas, a superior \u00e9 para relva seca, a do meio para relva h\u00famida e a inferior para cereais. A tela pode ser retirada quando a relva \u00e9 cortada separadamente.<\/p>   <div class=\"wp-block-image\"> <figure class=\"aligncenter size-full\"><img loading=\"lazy\" decoding=\"async\" width=\"720\" height=\"540\" src=\"https:\/\/taizyagromachine.com\/wp-content\/uploads\/2022\/05\/structure-of-straw-cutting-and-grain-grinding-machine.jpg\" alt=\"estrutura da m\u00e1quina de corte de palha e moagem de gr\u00e3os\" class=\"wp-image-2632\"\/><figcaption class=\"wp-element-caption\">estrutura da m\u00e1quina de corte de palha e moagem de gr\u00e3os<\/figcaption><\/figure> <\/div>   <h3 class=\"wp-block-heading\"><strong>Especifica\u00e7\u00f5es T\u00e9cnicas do Cortador de Palha e Moedor de Gr\u00e3os<\/strong><\/h3>    <figure class=\"wp-block-table\"><table><tbody><tr><td>Modelo<\/td><td>9ZF-500B (novo tipo)<\/td><\/tr><tr><td>Telas correspondentes<\/td><td>4 unidades (2\/3\/10\/30)<\/td><\/tr><tr><td>Poder correspondente<\/td><td>Motor de 3kW<\/td><\/tr><tr><td>Velocidade do motor<\/td><td>2800rpm<\/td><\/tr><tr><td>Peso da m\u00e1quina<\/td><td>68kg (excluindo motor)<\/td><\/tr><tr><td>Tens\u00e3o nominal<\/td><td>220 V<\/td><\/tr><tr><td>Sa\u00edda da m\u00e1quina<\/td><td>1200kg\/hora<\/td><\/tr><tr><td>Dimens\u00e3o total<\/td><td>1220*1070*1190mm<\/td><\/tr><\/tbody><\/table><\/figure>    <h2 class=\"wp-block-heading\"><strong>Tipo dois: cortador e triturador de palha 9ZF-500B <\/strong><\/h2>    <p>Comparada com a m\u00e1quina acima, esta \u00e9 mais simples e seu desempenho \u00e9 o mesmo. A aspereza do material triturado \u00e9 controlada pelo tamanho dos orif\u00edcios da peneira quando esta m\u00e1quina cortadora de palha e moedor de gr\u00e3os \u00e9 triturada. E a peneira pode ser substitu\u00edda. Tamb\u00e9m \u00e9 poss\u00edvel personalizar as telas de acordo com a necessidade do cliente.<\/p>   <div class=\"wp-block-image\"> <figure class=\"aligncenter size-full\"><img loading=\"lazy\" decoding=\"async\" width=\"720\" height=\"540\" src=\"https:\/\/taizyagromachine.com\/wp-content\/uploads\/2022\/05\/chaff-cutter-and-grain-crusher-machine.jpg\" alt=\"cortador de palha e m\u00e1quina trituradora de gr\u00e3os\" class=\"wp-image-2637\"\/><figcaption class=\"wp-element-caption\">cortador de palha e m\u00e1quina trituradora de gr\u00e3os<\/figcaption><\/figure> <\/div>   <h3 class=\"wp-block-heading\"><strong>Estrutura da m\u00e1quina de corte de palha e moagem de gr\u00e3os <\/strong><\/h3>    <p>A m\u00e1quina cortadora de palha e triturador de gr\u00e3os \u00e9 composta por uma entrada de guilhotina, uma entrada de gr\u00e3os, uma sa\u00edda de alta pulveriza\u00e7\u00e3o, uma sa\u00edda de britagem e um protetor de correia, um motor com n\u00facleo de cobre puro e rod\u00edzios m\u00f3veis. Algumas configura\u00e7\u00f5es podem ser personalizadas de acordo com as necessidades do cliente. Por favor, ligue para mais detalhes.<\/p>   <div class=\"wp-block-image\"> <figure class=\"aligncenter size-full\"><img loading=\"lazy\" decoding=\"async\" width=\"720\" height=\"540\" src=\"https:\/\/taizyagromachine.com\/wp-content\/uploads\/2022\/05\/construction-of-combined-chaff-cutter.jpg\" alt=\"constru\u00e7\u00e3o de cortador de palha combinado\" class=\"wp-image-2633\"\/><figcaption class=\"wp-element-caption\">constru\u00e7\u00e3o de cortador de palha combinado<\/figcaption><\/figure> <\/div>   <h3 class=\"wp-block-heading\"><strong>Par\u00e2metros T\u00e9cnicos do Cortador de Palha e Moedor de Gr\u00e3os<\/strong><\/h3>    <figure class=\"wp-block-table\"><table><tbody><tr><td>Modelo<\/td><td>9ZF-500B<\/td><\/tr><tr><td>Telas correspondentes<\/td><td>4 PCS<\/td><\/tr><tr><td>Poder correspondente<\/td><td>Motor de 3kW<\/td><\/tr><tr><td>Velocidade do motor<\/td><td>2800rpm<\/td><\/tr><tr><td>Peso da m\u00e1quina<\/td><td>55kg (excluindo motor)<\/td><\/tr><tr><td>Dimens\u00e3o total<\/td><td>920*930*1250mm<\/td><\/tr><tr><td>Sa\u00edda da m\u00e1quina<\/td><td>1200kg\/hora<\/td><\/tr><tr><td>Efici\u00eancia de britagem<\/td><td>300-500 kg\/hora<\/td><\/tr><tr><td>N\u00famero de l\u00e2minas<\/td><td>3 pecas<\/td><\/tr><tr><td>Arremessando facas<\/td><td>24 unidades<\/td><\/tr><tr><td>Facas de fric\u00e7\u00e3o triangulares<\/td><td>18 pcs<\/td><\/tr><tr><td>M\u00e9todo de alimenta\u00e7\u00e3o<\/td><td>alimenta\u00e7\u00e3o manual<\/td><\/tr><tr><td>Efeito de descarga<\/td><td>Suave e sedoso\/P\u00f3<\/td><\/tr><\/tbody><\/table><\/figure>    <h2 class=\"wp-block-heading\"><strong>Tipo tr\u00eas: m\u00e1quina combinada de cortador e moedor de palha 9ZF-1800<\/strong><\/h2>    <p>Pela forma, \u00e9 \u00f3bvio que esta m\u00e1quina cortadora de estacas tem uma abertura de descarga mais alta do que os outros dois modelos. Esta m\u00e1quina \u00e9 muito mais enxuta e longa e tem uma estrutura mais alta em compara\u00e7\u00e3o. Tamb\u00e9m \u00e9 muito f\u00e1cil de operar.<\/p>   <div class=\"wp-block-image\"> <figure class=\"aligncenter size-full\"><img loading=\"lazy\" decoding=\"async\" width=\"720\" height=\"540\" src=\"https:\/\/taizyagromachine.com\/wp-content\/uploads\/2022\/05\/multifunctional-chaff-cutter.jpg\" alt=\"cortador de palha multifuncional\" class=\"wp-image-2638\"\/><figcaption class=\"wp-element-caption\">cortador de palha multifuncional<\/figcaption><\/figure> <\/div>   <h3 class=\"wp-block-heading\"><strong>Estrutura da m\u00e1quina combinada cortadora de palha e trituradora<\/strong><\/h3>    <p>Este cortador de palha e moedor de gr\u00e3os \u00e9 composto por uma porta de descarga alta, uma porta de descarga baixa, uma entrada de gr\u00e3os, uma entrada de palha, motor e rod\u00edzios m\u00f3veis. <\/p>   <div class=\"wp-block-image\"> <figure class=\"aligncenter size-full\"><img loading=\"lazy\" decoding=\"async\" width=\"720\" height=\"540\" src=\"https:\/\/taizyagromachine.com\/wp-content\/uploads\/2022\/05\/structure-details-of-grass-cutting-machine.jpg\" alt=\"detalhes da estrutura da m\u00e1quina de corte de grama\" class=\"wp-image-2634\"\/><figcaption class=\"wp-element-caption\">detalhes da estrutura da m\u00e1quina de corte de grama<\/figcaption><\/figure> <\/div>   <h3 class=\"wp-block-heading\"><strong>Especifica\u00e7\u00f5es T\u00e9cnicas do Cortador de Palha e Moedor de Gr\u00e3os<\/strong><\/h3>    <figure class=\"wp-block-table\"><table><tbody><tr><td>Modelo<\/td><td>9ZF-1800<\/td><\/tr><tr><td>Poder correspondente<\/td><td>Motor monof\u00e1sico de 3kW<\/td><\/tr><tr><td>Velocidade do motor<\/td><td>2800rpm<\/td><\/tr><tr><td>Peso da m\u00e1quina<\/td><td>75kg (excluindo motor)<\/td><\/tr><tr><td>Tens\u00e3o nominal<\/td><td>220 V<\/td><\/tr><tr><td>Sa\u00edda da m\u00e1quina<\/td><td>1800kg\/hora<\/td><\/tr><tr><td>Escopo aplic\u00e1vel<\/td><td>vacas, ovelhas, porcos, galinhas, patos, coelhos e outros animais<\/td><\/tr><\/tbody><\/table><\/figure>    <h2 class=\"wp-block-heading\" id=\"h-how-does-straw-cutting-and-corn-grinding-machine-mill-grains\"><strong>Como a m\u00e1quina de corte de palha e moagem de milho m\u00f3i gr\u00e3os?<\/strong><\/h2>    <figure class=\"wp-block-embed is-type-video is-provider-youtube wp-block-embed-youtube wp-embed-aspect-16-9 wp-has-aspect-ratio\"><div class=\"wp-block-embed__wrapper\"> <iframe loading=\"lazy\" title=\"Cortador de palha e moedor de gr\u00e3os | Como funciona o cortador e moedor de palha combinados? #retifica\u00e7\u00e3o #fresagem\" width=\"500\" height=\"281\" src=\"https:\/\/www.youtube.com\/embed\/Wafde3zwTtA?feature=oembed\" frameborder=\"0\" allow=\"accelerometer; autoplay; clipboard-write; encrypted-media; gyroscope; picture-in-picture; web-share\" referrerpolicy=\"strict-origin-when-cross-origin\" allowfullscreen><\/iframe> <\/div><\/figure>    <h2 class=\"wp-block-heading\"><strong>Benef\u00edcios do corte de grama e moedor de gr\u00e3os<\/strong><\/h2>    <ul class=\"wp-block-list\"> <li>L\u00e2mina de a\u00e7o mangan\u00eas espessada, forte, resistente e dur\u00e1vel.<\/li>    <li>Motor com n\u00facleo de cobre puro, proporcionando pot\u00eancia total e longa vida \u00fatil.<\/li>    <li>Devido ao suporte robusto, o motor \u00e9 colocado com mais firmeza e funciona de forma mais est\u00e1vel.<\/li>    <li>Alimentador de palha espessado, mais longo e largo, torna a alimenta\u00e7\u00e3o mais conveniente e r\u00e1pida.<\/li>    <li>Entrada de gr\u00e3os, mais espessa e forte, mais dur\u00e1vel.<\/li>    <li>Vasta gama de materiais produzidos para alimenta\u00e7\u00e3o de cavalos, bovinos, ovinos, su\u00ednos, coelhos, galinhas, patos e gansos, etc.<\/li> <\/ul>    <h2 class=\"wp-block-heading\"><strong>Instala\u00e7\u00e3o e comissionamento do cortador de palha e moedor de gr\u00e3os<\/strong><\/h2>    <ol class=\"wp-block-list\"> <li>A m\u00e1quina cortadora de palha e moedor de gr\u00e3os deve ser instalada em local plano e s\u00f3lido.<\/li>    <li>Equipar e instalar o motor de acordo com os requisitos especificados.<\/li>    <li>Antes de instalar a correia, verifique se o sentido de rota\u00e7\u00e3o da pot\u00eancia de indexa\u00e7\u00e3o \u00e9 consistente com o sentido de corte do cortador de palha. Confirme se est\u00e1 correto e depois ajuste a correia de instala\u00e7\u00e3o e aperte-a corretamente.<\/li>    <li>Antes de iniciar o triturador de palha e o granulador, verifique e ajuste a folga entre as facas m\u00f3veis e fixas, de modo que a folga seja ajustada e controlada em 0,8 mm ou menos sem bater, e a seguir trave os parafusos.<\/li>    <li>Depois que todas as pe\u00e7as estiverem ajustadas normalmente e confirmadas como corretas, ligue a energia para opera\u00e7\u00e3o de teste. E verifique se h\u00e1 alguma folga na conex\u00e3o de fixa\u00e7\u00e3o de cada pe\u00e7a e se h\u00e1 algum som anormal em cada pe\u00e7a rotativa.<\/li> <\/ol>    <h2 class=\"wp-block-heading\"><strong>Case de Sucesso: 20 Conjuntos de Cortador de Palha e Triturador de Gr\u00e3os Exportados para o Peru<\/strong><\/h2>    <p>O cliente peruano possui uma grande fazenda de cria\u00e7\u00e3o de gado e galinhas. Ele queria comprar o cortador de palha e o moedor de gr\u00e3os para cria\u00e7\u00e3o de animais. Nossa gerente de vendas, Emily, enviou-lhe os par\u00e2metros relevantes da m\u00e1quina, v\u00eddeos e fotos, etc. Depois de analisar essas informa\u00e7\u00f5es, o cliente peruano prop\u00f4s algumas modifica\u00e7\u00f5es na m\u00e1quina (4 rodas grandes, tremonha com defletores). Fizemos uma amostra e enviamos fotos e um v\u00eddeo para confirmar. No final, o cliente peruano nos fez um pedido de 20 unidades, que entregamos no seu destino de acordo com sua necessidade.<\/p>    <div class=\"wp-block-columns is-layout-flex wp-container-core-columns-is-layout-9d6595d7 wp-block-columns-is-layout-flex\"> <div class=\"wp-block-column is-layout-flow wp-block-column-is-layout-flow\"><div class=\"wp-block-image\"> <figure class=\"aligncenter size-full\"><img loading=\"lazy\" decoding=\"async\" width=\"720\" height=\"540\" src=\"https:\/\/taizyagromachine.com\/wp-content\/uploads\/2022\/05\/customized-straw-cutter-and-grinder.jpg\" alt=\"cortador e moedor de palha personalizado\" class=\"wp-image-2654\"\/><figcaption class=\"wp-element-caption\">cortador e moedor de palha personalizado<\/figcaption><\/figure> <\/div><\/div>    <div class=\"wp-block-column is-layout-flow wp-block-column-is-layout-flow\"><div class=\"wp-block-image\"> <figure class=\"aligncenter size-full\"><img loading=\"lazy\" decoding=\"async\" width=\"720\" height=\"540\" src=\"https:\/\/taizyagromachine.com\/wp-content\/uploads\/2022\/05\/package-straw-cutter-and-grain-grinder-machine.jpg\" alt=\"m\u00e1quina cortadora de palha e moedor de gr\u00e3os\" class=\"wp-image-2657\"\/><figcaption class=\"wp-element-caption\">pacote<\/figcaption><\/figure> <\/div><\/div> <\/div>    <h2 class=\"wp-block-heading\"><strong>Perguntas frequentes<\/strong><\/h2>   <div id=\"rank-math-faq\" class=\"rank-math-block\"> <div class=\"rank-math-list\"> <div id=\"faq-question-1666246094471\" class=\"rank-math-list-item\"> <h3 class=\"rank-math-question\"><strong>P: Que tipo de motiva\u00e7\u00e3o \u00e9 necess\u00e1ria para o cortador de palha e o moedor de gr\u00e3os\uff1f<\/strong><\/h3> <div class=\"rank-math-answer\">  <p>A: Motor diesel, motor el\u00e9trico, motor a gasolina. \u00c9 equipado com base na m\u00e1quina.<\/p>  <\/div> <\/div> <div id=\"faq-question-1666246100452\" class=\"rank-math-list-item\"> <h3 class=\"rank-math-question\"><strong>P: Interno com 4 telas, as telas podem ser trocadas?<\/strong><\/h3> <div class=\"rank-math-answer\">  <p>R: As telas podem ser personalizadas de acordo com as necessidades do cliente.<\/p>  <\/div> <\/div> <div id=\"faq-question-1666246109190\" class=\"rank-math-list-item\"> <h3 class=\"rank-math-question\"><strong>P: O moedor combinado de gr\u00e3os de grama 9ZF-500 (novo tipo) tem tr\u00eas sa\u00eddas, como sai a forragem?<\/strong><\/h3> <div class=\"rank-math-answer\">  <p>R: A grama sai pelas sa\u00eddas superior e intermedi\u00e1ria e os gr\u00e3os saem pela sa\u00edda inferior.<\/p>  <\/div> <\/div> <div id=\"faq-question-1666246122276\" class=\"rank-math-list-item\"> <h3 class=\"rank-math-question\"><strong>P: Quais pe\u00e7as est\u00e3o dispon\u00edveis como op\u00e7\u00f5es?<\/strong><\/h3> <div class=\"rank-math-answer\">  <p>R: Rodas e capa protetora.<\/p>  <\/div> <\/div> <div id=\"faq-question-1666246133492\" class=\"rank-math-list-item\"> <h3 class=\"rank-math-question\"><strong>P: Por que a estrutura da m\u00e1quina \u00e9 m\u00f3vel?<\/strong><\/h3> <div class=\"rank-math-answer\">  <p>R: Porque o cinto se solta com o uso prolongado e mover a estrutura pode apertar o cinto.<\/p>  <\/div> <\/div> <\/div> <\/div>   <h2 class=\"wp-block-heading\"><strong>V\u00eddeo de trabalho do cortador de palha e moedor de gr\u00e3os Taizy<\/strong><\/h2>    <figure class=\"wp-block-embed is-type-video is-provider-youtube wp-block-embed-youtube wp-embed-aspect-16-9 wp-has-aspect-ratio\"><div class=\"wp-block-embed__wrapper\"> <iframe loading=\"lazy\" title=\"2022 taizy combinado cortador de palha moedor para talos, palhas, grama, gr\u00e3o #chaffcutter #grinder\" width=\"500\" height=\"281\" src=\"https:\/\/www.youtube.com\/embed\/qBfLwxNCu6k?feature=oembed\" frameborder=\"0\" allow=\"accelerometer; autoplay; clipboard-write; encrypted-media; gyroscope; picture-in-picture; web-share\" referrerpolicy=\"strict-origin-when-cross-origin\" allowfullscreen><\/iframe> <\/div><\/figure>","protected":false},"excerpt":{"rendered":"<p>This series of straw cutter and grain grinder achieves multi-purpose use, allowing for guillotine and grain crushing. This guillotine features high performance, low noise, high output, safety and stability, high efficiency, low energy consumption, sturdiness and durability. The chaff cutter and grinder combined machine can not only crush dry and wet straw, rice straw, wheat [&hellip;]<\/p>\n","protected":false},"author":1,"featured_media":2629,"parent":0,"template":"","tags":[],"product-type":[19],"class_list":["post-2620","product","type-product","status-publish","has-post-thumbnail","hentry","product-type-silage-machine"],"_links":{"self":[{"href":"https:\/\/taizyagromachine.com\/pt\/wp-json\/wp\/v2\/product\/2620","targetHints":{"allow":["GET"]}}],"collection":[{"href":"https:\/\/taizyagromachine.com\/pt\/wp-json\/wp\/v2\/product"}],"about":[{"href":"https:\/\/taizyagromachine.com\/pt\/wp-json\/wp\/v2\/types\/product"}],"author":[{"embeddable":true,"href":"https:\/\/taizyagromachine.com\/pt\/wp-json\/wp\/v2\/users\/1"}],"wp:featuredmedia":[{"embeddable":true,"href":"https:\/\/taizyagromachine.com\/pt\/wp-json\/wp\/v2\/media\/2629"}],"wp:attachment":[{"href":"https:\/\/taizyagromachine.com\/pt\/wp-json\/wp\/v2\/media?parent=2620"}],"wp:term":[{"taxonomy":"post_tag","embeddable":true,"href":"https:\/\/taizyagromachine.com\/pt\/wp-json\/wp\/v2\/tags?post=2620"},{"taxonomy":"product-type","embeddable":true,"href":"https:\/\/taizyagromachine.com\/pt\/wp-json\/wp\/v2\/product-type?post=2620"}],"curies":[{"name":"wp","href":"https:\/\/api.w.org\/{rel}","templated":true}]}}