{"id":2822,"date":"2022-05-27T06:59:22","date_gmt":"2022-05-27T06:59:22","guid":{"rendered":"https:\/\/taizyagromachine.com\/?post_type=product&#038;p=2822"},"modified":"2025-01-02T13:55:22","modified_gmt":"2025-01-02T05:55:22","slug":"straw-cutting-machine","status":"publish","type":"product","link":"https:\/\/taizyagromachine.com\/pt\/product\/straw-cutting-machine\/","title":{"rendered":"M\u00e1quina de corte de palha | Cortador de palha multiuso"},"content":{"rendered":"<p>Este tipo de m\u00e1quina de corte de palha pertence \u00e0 s\u00e9rie 9ZR. \u00c9 uma nova gera\u00e7\u00e3o de cortador e triturador de palha multifuncional projetado e fabricado por nossa empresa com base na tecnologia avan\u00e7ada de produtos similares na sociedade e nas opini\u00f5es dos usu\u00e1rios. Esta s\u00e9rie de m\u00e1quinas cortadoras de palha tem as caracter\u00edsticas de estrutura razo\u00e1vel, f\u00e1cil de usar, opera\u00e7\u00e3o segura, formato bonito e forte adaptabilidade. \u00c9 adequado para guilhotinar talos de milho, palha de arroz, palha de cereais, palha de trigo, ervas daninhas verdes e secas e outros materiais. Os usu\u00e1rios podem escolher qualquer um de seus modelos de acordo com as condi\u00e7\u00f5es locais e pr\u00f3prias. Bem-vindo a entrar em contato conosco para mais detalhes!<\/p>    <h2 class=\"wp-block-heading\"><strong>M\u00e1quina cortadora de grama para venda<\/strong><\/h2>    <p class=\"translation-block\">Como <a href=\"https:\/\/taizyagromachine.com\/pt\/\" target=\"_blank\" rel=\"noreferrer noopener\">um fabricante e fornecedor profissional de maquinaria agr\u00edcola<\/a>, n\u00e3o s\u00f3 temos m\u00e1quinas de corte de relva e moagem de gr\u00e3os, mas tamb\u00e9m <a href=\"https:\/\/taizyagromachine.com\/pt\/product\/straw-baling-machine\/\" target=\"_blank\" rel=\"noreferrer noopener\">m\u00e1quinas de enfardar e recolher palha<\/a>, etc. A Taizy tem v\u00e1rios modelos de m\u00e1quinas de corte e tritura\u00e7\u00e3o de relva para satisfazer as suas diversas necessidades de produ\u00e7\u00e3o. Al\u00e9m disso, ap\u00f3s cortar e triturar o material em pequenos peda\u00e7os, pode utilizar a <a href=\"https:\/\/silagebaler.com\/silage-baler-machine-round-baler\/\" target=\"_blank\" rel=\"noreferrer noopener\">m\u00e1quina de enfardar silagem<\/a> para agrupar a ra\u00e7\u00e3o de silagem e prolongar o tempo de armazenamento.<\/p>    <figure class=\"wp-block-gallery aligncenter has-nested-images columns-default is-cropped wp-block-gallery-2 is-layout-flex wp-block-gallery-is-layout-flex\"> <figure class=\"wp-block-image size-large\"><img loading=\"lazy\" decoding=\"async\" width=\"720\" height=\"540\" data-id=\"2830\" src=\"https:\/\/taizyagromachine.com\/wp-content\/uploads\/2022\/05\/chaff-cutter-and-crusher-9ZR-2.5.jpg\" alt=\"cortador e triturador de palha\" class=\"wp-image-2830\"\/><figcaption class=\"wp-element-caption\">cortador e triturador de palha<\/figcaption><\/figure>    <figure class=\"wp-block-image size-large\"><img loading=\"lazy\" decoding=\"async\" width=\"720\" height=\"540\" data-id=\"2833\" src=\"https:\/\/taizyagromachine.com\/wp-content\/uploads\/2022\/05\/grass-cutter-machine-9ZR-3.8A.jpg\" alt=\"m\u00e1quina de cortar grama\" class=\"wp-image-2833\"\/><figcaption class=\"wp-element-caption\">m\u00e1quina de cortar grama<\/figcaption><\/figure>    <figure class=\"wp-block-image size-large\"><img loading=\"lazy\" decoding=\"async\" width=\"720\" height=\"540\" data-id=\"2834\" src=\"https:\/\/taizyagromachine.com\/wp-content\/uploads\/2022\/05\/chaff-cutter-and-crusher-for-sale-9ZR-3.8B.jpg\" alt=\"cortador de palha e triturador para venda\" class=\"wp-image-2834\"\/><figcaption class=\"wp-element-caption\">cortador de palha e triturador para venda<\/figcaption><\/figure> <\/figure>    <figure class=\"wp-block-gallery aligncenter has-nested-images columns-default is-cropped wp-block-gallery-3 is-layout-flex wp-block-gallery-is-layout-flex\"> <figure class=\"wp-block-image size-large\"><img loading=\"lazy\" decoding=\"async\" width=\"720\" height=\"540\" data-id=\"2836\" src=\"https:\/\/taizyagromachine.com\/wp-content\/uploads\/2022\/05\/straw-cutter-and-shredder-9ZR-4.8.jpg\" alt=\"cortador e triturador de palha\" class=\"wp-image-2836\"\/><figcaption class=\"wp-element-caption\">cortador e triturador de palha<\/figcaption><\/figure>    <figure class=\"wp-block-image size-large\"><img loading=\"lazy\" decoding=\"async\" width=\"720\" height=\"540\" data-id=\"2837\" src=\"https:\/\/taizyagromachine.com\/wp-content\/uploads\/2022\/05\/paddy-straw-cutter-machine-9ZR-6.8.jpg\" alt=\"m\u00e1quina cortadora de palha de arroz\" class=\"wp-image-2837\"\/><figcaption class=\"wp-element-caption\">m\u00e1quina cortadora de palha de arroz<\/figcaption><\/figure>    <figure class=\"wp-block-image size-large\"><img loading=\"lazy\" decoding=\"async\" width=\"720\" height=\"540\" data-id=\"2838\" src=\"https:\/\/taizyagromachine.com\/wp-content\/uploads\/2022\/05\/multipurpose-chaff-cutter-9ZR-8.jpg\" alt=\"cortador de palha multiuso\" class=\"wp-image-2838\"\/><figcaption class=\"wp-element-caption\">cortador de palha multiuso<\/figcaption><\/figure> <\/figure>    <h2 class=\"wp-block-heading\"><strong>Aplica\u00e7\u00f5es da m\u00e1quina de corte de palha de arroz<\/strong><\/h2>    <p>O cortador e triturador de palha horizontal s\u00e9rie 9ZR \u00e9 um tipo de m\u00e1quina de tritura\u00e7\u00e3o em grande escala desenvolvida recentemente por nossa empresa. Adequado para milho, trigo, cereais, amendoim, palha de arroz, palha de feij\u00e3o, talos de milho, grama verde, alfafa e outras palhas agr\u00edcolas. <\/p>   <div class=\"wp-block-image\"> <figure class=\"aligncenter size-full\"><img loading=\"lazy\" decoding=\"async\" width=\"720\" height=\"540\" src=\"https:\/\/taizyagromachine.com\/wp-content\/uploads\/2022\/05\/wide-applications-of-straw-cutting-machine.jpg\" alt=\"amplas aplica\u00e7\u00f5es de m\u00e1quina de corte de palha\" class=\"wp-image-2842\"\/><figcaption class=\"wp-element-caption\">amplas aplica\u00e7\u00f5es de m\u00e1quina de corte de palha<\/figcaption><\/figure> <\/div>   <p>Para processamento de amassamento de forragem de bovinos e ovinos, comprimento de grama de 10 mm a 180 mm, largura n\u00e3o superior a 5 mm de material triturado. Melhora a palatabilidade da forragem para bovinos e ovinos e aumenta a taxa de utiliza\u00e7\u00e3o da forragem. Portanto, esta m\u00e1quina cortadora de palha \u00e9 o equipamento ideal preferido pelos profissionais da cria\u00e7\u00e3o de m\u00e9dio e grande porte para processamento de forragem.<\/p>   <div class=\"wp-block-image\"> <figure class=\"aligncenter size-full\"><img loading=\"lazy\" decoding=\"async\" width=\"720\" height=\"400\" src=\"https:\/\/taizyagromachine.com\/wp-content\/uploads\/2022\/05\/animal-to-be-fed.jpg\" alt=\"animal para ser alimentado\" class=\"wp-image-2843\"\/><figcaption class=\"wp-element-caption\">animal para ser alimentado<\/figcaption><\/figure> <\/div>   <h2 class=\"wp-block-heading\"><strong>Princ\u00edpio de funcionamento da m\u00e1quina de corte de alimenta\u00e7\u00e3o<\/strong><\/h2>    <p>Atrav\u00e9s da esteira, transporte o material (a ser processado) at\u00e9 a sala de amassadura. Pela alta rota\u00e7\u00e3o da l\u00e2mina do martelo e da placa de amassamento, o material ser\u00e1 amassado. A m\u00e1quina de corte de palha amassar\u00e1 as mat\u00e9rias-primas coletadas. Use o n\u00famero de l\u00e2minas de martelo ajust\u00e1veis \u200b\u200bpara ajustar o efeito de amassamento da palha e a quantidade de material triturado. Diminua o n\u00famero de l\u00e2minas do martelo, a palha de sa\u00edda ser\u00e1 mais longa e o material triturado ser\u00e1 reduzido; aumentar o n\u00famero de l\u00e2minas do martelo, a palha de sa\u00edda ser\u00e1 mais curta e o material triturado aumentar\u00e1.<\/p>    <p>Ele alimenta automaticamente a palha atrav\u00e9s da correia transportadora para achatar, fatiar, espremer e amassar a palha, destruindo os n\u00f3s duros do caule na superf\u00edcie da palha. Processe a palha que o gado n\u00e3o consegue alimentar diretamente em forragem triturada com boa palatabilidade sem perder seus nutrientes, que s\u00e3o f\u00e1ceis de digerir e absorver pelo gado.<\/p>    <figure class=\"wp-block-gallery aligncenter has-nested-images columns-default is-cropped wp-block-gallery-4 is-layout-flex wp-block-gallery-is-layout-flex\"> <figure class=\"wp-block-image size-large\"><img loading=\"lazy\" decoding=\"async\" width=\"720\" height=\"450\" data-id=\"2865\" src=\"https:\/\/taizyagromachine.com\/wp-content\/uploads\/2022\/05\/multipurpose-chaff-cutter-blade.jpg\" alt=\"l\u00e2mina multiuso para cortar palha\" class=\"wp-image-2865\"\/><figcaption class=\"wp-element-caption\">l\u00e2mina multiuso para cortar palha<\/figcaption><\/figure>    <figure class=\"wp-block-image size-large\"><img loading=\"lazy\" decoding=\"async\" width=\"720\" height=\"450\" data-id=\"2866\" src=\"https:\/\/taizyagromachine.com\/wp-content\/uploads\/2022\/05\/straw-cutter-blade.jpg\" alt=\"l\u00e2mina cortadora de palha\" class=\"wp-image-2866\"\/><figcaption class=\"wp-element-caption\">l\u00e2mina de corte de palha<\/figcaption><\/figure> <\/figure>    <h2 class=\"wp-block-heading\"><strong>Benef\u00edcios da m\u00e1quina de corte de palha<\/strong><\/h2>    <ol class=\"wp-block-list\"> <li>A m\u00e1quina tem uma estrutura razo\u00e1vel, bela apar\u00eancia, opera\u00e7\u00e3o e manuten\u00e7\u00e3o segura e confi\u00e1vel, conveniente e alta efici\u00eancia de produ\u00e7\u00e3o.<\/li>    <li>A m\u00e1quina n\u00e3o pode ser aplicada apenas em m\u00e9dios e grandes agricultores, mas tamb\u00e9m em pequenas m\u00e1quinas de corte de palha para uso dom\u00e9stico.<\/li>    <li>Equipado com dois tipos de l\u00e2minas, uma \u00e9 a l\u00e2mina de corte e outra \u00e9 a l\u00e2mina triangular.<\/li>    <li>Est\u00e3o dispon\u00edveis motor el\u00e9trico e motor diesel, resolvendo o problema de falta de energia em \u00e1reas onde o uso de m\u00e1quinas \u00e9 dif\u00edcil.<\/li>    <li>Cortador de palha multiuso, seco e \u00famido.<\/li> <\/ol>    <h2 class=\"wp-block-heading\"><strong>O que constr\u00f3i a m\u00e1quina trituradora de palha?<\/strong><\/h2>    <p class=\"translation-block\">Este tipo de picador e amassador tem uma estrutura muito simples. Consiste no transportador, entrada, sistema de opera\u00e7\u00e3o, sa\u00edda, estrutura, alavanca de engrenagem, roda, estrutura do motor, motor e cobertura de prote\u00e7\u00e3o. O transportador ajuda a erva seca\/h\u00famida a entrar na c\u00e2mara de trabalho atrav\u00e9s da entrada. A estrutura suporta toda a m\u00e1quina, enquanto a cobertura de prote\u00e7\u00e3o ajuda a proteger os funcion\u00e1rios durante o trabalho, tal como algumas <a href=\"https:\/\/taizyagromachine.com\/pt\/product\/forage-chopper-machine\/\" target=\"_blank\" rel=\"noreferrer noopener\">m\u00e1quinas de cortar chaff<\/a>. Al\u00e9m disso, o motor fornece a pot\u00eancia suficiente necess\u00e1ria para a m\u00e1quina.<\/p>   <div class=\"wp-block-image\"> <figure class=\"aligncenter size-full\"><img loading=\"lazy\" decoding=\"async\" width=\"720\" height=\"470\" src=\"https:\/\/taizyagromachine.com\/wp-content\/uploads\/2022\/05\/straw-cutting-machine-structure.jpg\" alt=\"estrutura da m\u00e1quina de corte de palha\" class=\"wp-image-2847\"\/><figcaption class=\"wp-element-caption\">estrutura da m\u00e1quina de corte de palha<\/figcaption><\/figure> <\/div>   <h2 class=\"wp-block-heading\" id=\"h-technical-parameters-of-rice-straw-cutting-and-shredding-machine\"><strong>Par\u00e2metros t\u00e9cnicos da m\u00e1quina de corte e tritura\u00e7\u00e3o de palha de arroz<\/strong><\/h2>    <figure class=\"wp-block-table\"><table><tbody><tr><td>Modelo<\/td><td>9ZR-2.5<\/td><td>9ZR-3.8A<\/td><td>9ZR-3.8B<\/td><td>9ZR-4.8T<\/td><td>9ZR-6.8<\/td><td>9ZR-8<\/td><\/tr><tr><td>Poder<\/td><td>3-4,5 kW<\/td><td>3-4,5 kW<\/td><td>3-4,5 kW<\/td><td>5,5 kW<\/td><td>7,5 kW<\/td><td>11kW<\/td><\/tr><tr><td>Capacidade<\/td><td>2500kg\/hora<\/td><td>3800kg\/hora<\/td><td>3800kg\/hora<\/td><td>4800kg\/hora<\/td><td>6.800kg\/h<\/td><td>8.000 kg\/hora<\/td><\/tr><tr><td>Tamanho<\/td><td>1350*490*750mm<\/td><td>1650*550*900mm<\/td><td>1750*550*900mm<\/td><td>1750*600*930mm<\/td><td>2283*740*1040mm<\/td><td>3400*830*1200mm<\/td><\/tr><tr><td>Peso<\/td><td>67kg<\/td><td>88kg<\/td><td>93kg<\/td><td>116kg<\/td><td>189kg<\/td><td>320kg<\/td><\/tr><\/tbody><\/table><\/figure>    <h2 class=\"wp-block-heading\"><strong>Caso de sucesso: Cortador de palha multiuso exportado para o Qu\u00eania<\/strong><\/h2>    <p>Em Fevereiro deste ano, um cliente do Qu\u00e9nia pediu informa\u00e7\u00f5es sobre a m\u00e1quina de corte de palha. Atrav\u00e9s da comunica\u00e7\u00e3o com ele, nossa gerente de vendas, Grace, soube que ele estava comprando para produ\u00e7\u00e3o de ra\u00e7\u00e3o para gado. Portanto, Grace enviou a ele os par\u00e2metros da m\u00e1quina, fotos e v\u00eddeos de trabalho. Depois de conferir a m\u00e1quina, o cliente queniano escolheu a m\u00e1quina de corte de palha de 4.800 kg\/hora. Ap\u00f3s a confirma\u00e7\u00e3o dos detalhes da m\u00e1quina, o contrato foi assinado. Enviamos a m\u00e1quina para o terminal designado. Depois de receber a m\u00e1quina, o cliente queniano nos enviou um feedback positivo.<\/p>    <h2 class=\"wp-block-heading\"><strong>V\u00eddeo de funcionamento da m\u00e1quina de corte de palha<\/strong><\/h2>    <figure class=\"wp-block-embed is-type-video is-provider-youtube wp-block-embed-youtube wp-embed-aspect-16-9 wp-has-aspect-ratio\"><div class=\"wp-block-embed__wrapper\"> <iframe loading=\"lazy\" title=\"M\u00e1quina multifuncional cortadora de palha | M\u00e1quina de corte de grama para produ\u00e7\u00e3o de silagem como ra\u00e7\u00e3o animal\" width=\"500\" height=\"281\" src=\"https:\/\/www.youtube.com\/embed\/wYag_P8TQhY?feature=oembed\" frameborder=\"0\" allow=\"accelerometer; autoplay; clipboard-write; encrypted-media; gyroscope; picture-in-picture; web-share\" referrerpolicy=\"strict-origin-when-cross-origin\" allowfullscreen><\/iframe> <\/div><\/figure>","protected":false},"excerpt":{"rendered":"<p>This kind of straw cutting machine belongs to the 9ZR series. It is a new generation of multifunctional chaff cutter and shredder designed and manufactured by our company based on the advanced technology of similar products in the society and users&#8217; opinions. This series of straw cutter machines has the characteristics of reasonable structure, easy [&hellip;]<\/p>\n","protected":false},"author":1,"featured_media":2829,"parent":0,"template":"","tags":[96,93,206],"product-type":[19],"class_list":["post-2822","product","type-product","status-publish","has-post-thumbnail","hentry","tag-chaff-cutter-machine","tag-forage-chopper-machine","tag-straw-cutting-machine","product-type-silage-machine"],"_links":{"self":[{"href":"https:\/\/taizyagromachine.com\/pt\/wp-json\/wp\/v2\/product\/2822","targetHints":{"allow":["GET"]}}],"collection":[{"href":"https:\/\/taizyagromachine.com\/pt\/wp-json\/wp\/v2\/product"}],"about":[{"href":"https:\/\/taizyagromachine.com\/pt\/wp-json\/wp\/v2\/types\/product"}],"author":[{"embeddable":true,"href":"https:\/\/taizyagromachine.com\/pt\/wp-json\/wp\/v2\/users\/1"}],"wp:featuredmedia":[{"embeddable":true,"href":"https:\/\/taizyagromachine.com\/pt\/wp-json\/wp\/v2\/media\/2829"}],"wp:attachment":[{"href":"https:\/\/taizyagromachine.com\/pt\/wp-json\/wp\/v2\/media?parent=2822"}],"wp:term":[{"taxonomy":"post_tag","embeddable":true,"href":"https:\/\/taizyagromachine.com\/pt\/wp-json\/wp\/v2\/tags?post=2822"},{"taxonomy":"product-type","embeddable":true,"href":"https:\/\/taizyagromachine.com\/pt\/wp-json\/wp\/v2\/product-type?post=2822"}],"curies":[{"name":"wp","href":"https:\/\/api.w.org\/{rel}","templated":true}]}}