{"id":2905,"date":"2022-06-02T03:35:30","date_gmt":"2022-06-02T03:35:30","guid":{"rendered":"https:\/\/taizyagromachine.com\/?post_type=product&#038;p=2905"},"modified":"2025-03-27T15:18:33","modified_gmt":"2025-03-27T07:18:33","slug":"self-propelled-baler","status":"publish","type":"product","link":"https:\/\/taizyagromachine.com\/pt\/product\/self-propelled-baler\/","title":{"rendered":"Enfardadeira autopropelida | Cortador de feno e enfardadeira"},"content":{"rendered":"<p class=\"translation-block\">A enfardadeira autopropulsada \u00e9 uma m\u00e1quina agr\u00edcola que integra \u201crecolha, corte e enfardamento\u201d. Esta <a href=\"https:\/\/silagebaler.com\/hay-cutter-and-baler\/\" target=\"_blank\" rel=\"noreferrer noopener\">m\u00e1quina de corte e enfardamento de feno<\/a> n\u00e3o s\u00f3 pode funcionar em \u00e1reas baixas, mas tamb\u00e9m alimentar o material de forma mais suave e n\u00e3o ser facilmente bloqueada. Al\u00e9m disso, esta m\u00e1quina possui certificado CE, o que a torna muito popular no mercado dom\u00e9stico e internacional. A m\u00e1quina \u00e9 combinada com trator de rodas e operada por um condutor de trator, sendo adequada para trabalhar em todos os tipos de pastagens naturais e cultivadas, bem como em terras agr\u00edcolas.<\/p>    <p>Esta enfardadeira de feno combina as vantagens de produtos similares no pa\u00eds e no exterior e, ao mesmo tempo, combina a situa\u00e7\u00e3o atual da produ\u00e7\u00e3o agr\u00edcola e pecu\u00e1ria. Portanto, a enfardadeira autopropelida possui estrutura avan\u00e7ada, opera\u00e7\u00e3o conveniente, desempenho est\u00e1vel e confi\u00e1vel, baixo custo de produ\u00e7\u00e3o e economia de m\u00e3o de obra, etc. \u00c9 o produto mais ideal para colher e enfardar diversas palhas e forragens agr\u00edcolas.<\/p>    <h2 class=\"wp-block-heading\" id=\"h-what-are-the-functions-of-the-self-propelled-baler-for-sale\"><strong>Quais s\u00e3o as fun\u00e7\u00f5es da enfardadeira autopropelida para venda?<\/strong><\/h2>    <p>As fun\u00e7\u00f5es espec\u00edficas s\u00e3o as seguintes:<\/p>    <ol class=\"wp-block-list\"> <li><strong>Escolhendo<\/strong>: Pode coletar grama, alfafa, palha de arroz e palha de trigo cuspidas pela colheitadeira.<\/li>    <li><strong>Corte<\/strong>: Pode colher grama, alfafa, palha de milho e tamb\u00e9m cortar o restolho alto do trigo pela segunda vez. O restolho pode ser reduzido para menos de 10 cm. A palha coletada por unidade de \u00e1rea \u00e9 cerca de duas vezes maior que a coletada pelo catador. Melhora muito a taxa de coleta de palha e torna mais conveniente para os agricultores cultivar e aumentar a quantidade de palha coletada por acre.<\/li>    <li><strong>Enfardamento<\/strong>: ou seja, a palha solta \u00e9 compactada e batida em fardos quadrados ou redondos (fardos quadrados ou redondos s\u00e3o convenientes para transporte, empilhamento e preserva\u00e7\u00e3o).<\/li> <\/ol>   <div class=\"wp-block-image\"> <figure class=\"aligncenter size-full\"><img loading=\"lazy\" decoding=\"async\" width=\"720\" height=\"540\" src=\"https:\/\/taizyagromachine.com\/wp-content\/uploads\/2022\/06\/working-scenes.jpg\" alt=\"cenas de trabalho\" class=\"wp-image-2945\"\/><figcaption class=\"wp-element-caption\">cenas de trabalho<\/figcaption><\/figure> <\/div>   <h2 class=\"wp-block-heading\" id=\"h-type-1-self-propelled-round-baler\"><strong>Tipo 1: enfardadeira redonda autopropelida<\/strong><\/h2>    <p class=\"translation-block\">A enfardadeira redonda de esmagamento e recolha \u00e9 um equipamento especial concebido e produzido pela nossa empresa para recolher palhas de trigo, arroz, milho e outras culturas, bem como v\u00e1rias forragens e enfard\u00e1-las. \u00c9 um novo tipo de enfardadeira redonda de alta efici\u00eancia e tipo transversal desenvolvida independentemente pela nossa empresa. Esta m\u00e1quina pode usar corda e rede para enfardar. Tamb\u00e9m pode ajustar a altura e a densidade do fardo de acordo com a situa\u00e7\u00e3o real. Deve notar-se que esta m\u00e1quina \u00e9 diferente da <a href=\"https:\/\/taizyagromachine.com\/pt\/product\/silage-baler\/\" target=\"_blank\" rel=\"noreferrer noopener\">m\u00e1quina de enfardamento e embalagem de silagem<\/a>, pois n\u00e3o possui embalagem com filme.<\/p>    <figure class=\"wp-block-gallery aligncenter has-nested-images columns-default is-cropped wp-block-gallery-2 is-layout-flex wp-block-gallery-is-layout-flex\"> <figure class=\"wp-block-image size-full\"><img loading=\"lazy\" decoding=\"async\" width=\"720\" height=\"540\" data-id=\"2948\" src=\"https:\/\/taizyagromachine.com\/wp-content\/uploads\/2022\/06\/round-self-propelled-hay-baler.jpg\" alt=\"enfardadeira de feno autopropelida redonda\" class=\"wp-image-2948\"\/><figcaption class=\"wp-element-caption\">enfardadeira de feno autopropelida redonda<\/figcaption><\/figure>    <figure class=\"wp-block-image size-full\"><img loading=\"lazy\" decoding=\"async\" width=\"720\" height=\"540\" data-id=\"2949\" src=\"https:\/\/taizyagromachine.com\/wp-content\/uploads\/2022\/06\/round-hay-cutter-and-baler.jpg\" alt=\"cortador e enfardadeira de feno redondo\" class=\"wp-image-2949\"\/><figcaption class=\"wp-element-caption\">cortador de feno redondo e enfardadeira<\/figcaption><\/figure> <\/figure>    <figure class=\"wp-block-embed is-type-video is-provider-youtube wp-block-embed-youtube wp-embed-aspect-16-9 wp-has-aspect-ratio\"><div class=\"wp-block-embed__wrapper\"> <iframe loading=\"lazy\" title=\"M\u00e1quina de enfardamento de palha de palha para fardos redondos de feno | Solu\u00e7\u00e3o eficiente para alimenta\u00e7\u00e3o de silagem agr\u00edcola\" width=\"500\" height=\"281\" src=\"https:\/\/www.youtube.com\/embed\/pgxaeEiL908?feature=oembed\" frameborder=\"0\" allow=\"accelerometer; autoplay; clipboard-write; encrypted-media; gyroscope; picture-in-picture; web-share\" referrerpolicy=\"strict-origin-when-cross-origin\" allowfullscreen><\/iframe> <\/div><figcaption class=\"wp-element-caption\">V\u00eddeo da m\u00e1quina de enfardamento de corte de feno<\/figcaption><\/figure>    <h3 class=\"wp-block-heading\" id=\"h-construction-of-round-hay-cutter-and-baler\"><strong>Constru\u00e7\u00e3o de cortador e enfardadeira de feno redondo<\/strong><\/h3>    <p>A enfardadeira autopropelida redonda possui tomada de for\u00e7a, alimentador, interruptor de silo e cilindro hidr\u00e1ulico. Voc\u00ea deve saber que o fio pode ser substitu\u00eddo pela rede. <\/p>   <div class=\"wp-block-image\"> <figure class=\"aligncenter size-full\"><img loading=\"lazy\" decoding=\"async\" width=\"720\" height=\"540\" src=\"https:\/\/taizyagromachine.com\/wp-content\/uploads\/2022\/06\/structure-of-round-cutter-and-baler.jpg\" alt=\"estrutura do cortador redondo e enfardadeira\" class=\"wp-image-2927\"\/><figcaption class=\"wp-element-caption\">estrutura do cortador redondo e enfardadeira<\/figcaption><\/figure> <\/div>   <h3 class=\"wp-block-heading\" id=\"h-what-are-parameters-of-round-baling-machine\"><strong>Quais s\u00e3o os par\u00e2metros da m\u00e1quina de enfardamento redondo?<\/strong><\/h3>    <figure class=\"wp-block-table\"><table><tbody><tr><td>Modelo<\/td><td>9YY80<\/td><td>9AA100<\/td><\/tr><tr><td>Tamanho do pacote<\/td><td>80cm*100cm<\/td><td>100cm*125cm<\/td><\/tr><tr><td>Largura colhida<\/td><td>1,3m<\/td><td>1,8m<\/td><\/tr><tr><td>Tamanho l\u00edquido<\/td><td>2000m*105cm<\/td><td>3000m*125cm<\/td><\/tr><tr><td>Trator equipado<\/td><td>Mais de 70cv<\/td><td>Mais de 90cv<\/td><\/tr><\/tbody><\/table><\/figure>    <h2 class=\"wp-block-heading\" id=\"h-type-2-self-propelled-square-baler\"><strong>Tipo 2: enfardadeira quadrada autopropelida<\/strong><\/h2>    <p class=\"translation-block\">A m\u00e1quina de corte, recolha e enfardamento quadrado \u00e9 uma m\u00e1quina de ceifa de esmagamento e recolha de forragem para enfardamento. \u00c9 utilizada principalmente para a colheita e enfardamento de v\u00e1rios tipos de forragem, palhas de arroz, trigo e milho e outras palhas de culturas no campo. A enfardadeira de feno autopropelida pode esmagar e recolher automaticamente as tiras de relva dispostas no campo, e atar a forragem solta em fardos retangulares com apar\u00eancia arrumada e regular atrav\u00e9s dos processos de alimenta\u00e7\u00e3o, compress\u00e3o e forma\u00e7\u00e3o, atamento e amarra\u00e7\u00e3o. \u00c9 importante notar que apenas a corda pode ser usada para enfardar. Bem-vindo a <a href=\"https:\/\/taizyagromachine.com\/pt\/contact\/\" target=\"_blank\" rel=\"noreferrer noopener\">contactar-nos<\/a> para mais detalhes!<\/p>    <figure class=\"wp-block-gallery aligncenter has-nested-images columns-default is-cropped wp-block-gallery-3 is-layout-flex wp-block-gallery-is-layout-flex\"> <figure class=\"wp-block-image size-full\"><img loading=\"lazy\" decoding=\"async\" width=\"720\" height=\"540\" data-id=\"2953\" src=\"https:\/\/taizyagromachine.com\/wp-content\/uploads\/2022\/06\/square-cutter-and-baler.jpg\" alt=\"cortador quadrado e enfardador\" class=\"wp-image-2953\"\/><figcaption class=\"wp-element-caption\">cortador quadrado e enfardadeira<\/figcaption><\/figure>    <figure class=\"wp-block-image size-full\"><img loading=\"lazy\" decoding=\"async\" width=\"720\" height=\"540\" data-id=\"2952\" src=\"https:\/\/taizyagromachine.com\/wp-content\/uploads\/2022\/06\/square-self-propelled-baler.jpg\" alt=\"enfardadeira automotora quadrada\" class=\"wp-image-2952\"\/><figcaption class=\"wp-element-caption\">enfardadeira automotora quadrada<\/figcaption><\/figure> <\/figure>    <h3 class=\"wp-block-heading\"><strong>Estrutura do equipamento de enfardamento quadrado<\/strong><\/h3>    <p>A enfardadeira autopropelida consiste no sistema de transmiss\u00e3o, viga de tra\u00e7\u00e3o, selecionador, c\u00e2mara de enfardamento e sa\u00edda. \u00c9 uma constru\u00e7\u00e3o muito simples. <\/p>   <div class=\"wp-block-image\"> <figure class=\"aligncenter size-full\"><img loading=\"lazy\" decoding=\"async\" width=\"720\" height=\"450\" src=\"https:\/\/taizyagromachine.com\/wp-content\/uploads\/2022\/06\/structure-of-square-cutting-and-baling-machine.jpg\" alt=\"estrutura da m\u00e1quina de corte e enfardamento quadrado\" class=\"wp-image-2928\"\/><figcaption class=\"wp-element-caption\">estrutura da m\u00e1quina de corte e enfardamento quadrado<\/figcaption><\/figure> <\/div>   <h3 class=\"wp-block-heading\"><strong>Par\u00e2metros t\u00e9cnicos da m\u00e1quina enfardadeira quadrada<\/strong><\/h3>    <figure class=\"wp-block-table\"><table><tbody><tr><td>Modelo<\/td><td>9YFQ-2.0<\/td><\/tr><tr><td>Largura colhida<\/td><td>2,0 m<\/td><\/tr><tr><td>Trator equipado<\/td><td>Mais de 75cv<\/td><\/tr><tr><td>Efici\u00eancia de produ\u00e7\u00e3o<\/td><td>3t\/h<\/td><\/tr><tr><td>Tamanho \u00fanico<\/td><td>4150*2850*1800mm<\/td><\/tr><\/tbody><\/table><\/figure>    <h2 class=\"wp-block-heading\" id=\"h-applications-of-self-propelled-hay-baler\"><strong>Aplica\u00e7\u00f5es da enfardadeira de feno autopropelida<\/strong><\/h2>    <p>Como este tipo de cortador de feno e enfardadeira \u00e9 adequado para o trabalho de campo, ele tem uma variedade de aplica\u00e7\u00f5es. Como talos de milho, folhas de cana-de-a\u00e7\u00facar, palhas de trigo, palhas de arroz, mudas de amendoim, mudas de batata doce, grama verde, feno, etc. <\/p>   <div class=\"wp-block-image\"> <figure class=\"aligncenter size-full\"><img loading=\"lazy\" decoding=\"async\" width=\"720\" height=\"450\" src=\"https:\/\/taizyagromachine.com\/wp-content\/uploads\/2022\/06\/wide-applications-of-self-propelled-hay-baler.jpg\" alt=\"amplas aplica\u00e7\u00f5es de enfardadeira de feno autopropelida\" class=\"wp-image-2932\"\/><figcaption class=\"wp-element-caption\">amplas aplica\u00e7\u00f5es de enfardadeira de feno autopropelida<\/figcaption><\/figure> <\/div>   <h2 class=\"wp-block-heading\"><strong>Quais s\u00e3o as caracter\u00edsticas do cortador de feno e da enfardadeira?<\/strong><\/h2>    <ol class=\"wp-block-list\"> <li>Atador alem\u00e3o importado e sistema de transmiss\u00e3o principal, toda a enfardadeira autopropelida tem desempenho est\u00e1vel e alta taxa de forma\u00e7\u00e3o de fardos.<\/li>    <li>A enfardadeira autopropelida possui eixo longitudinal sim\u00e9trico, boa estabilidade de condu\u00e7\u00e3o, \u00e9 de f\u00e1cil tra\u00e7\u00e3o e pode se adaptar para trabalhar em terrenos pequenos e irregulares.<\/li>    <li>As tiras de grama est\u00e3o sempre se movendo em linha reta desde a colheita at\u00e9 a forma\u00e7\u00e3o dos fardos no solo, e o processo de transporte e enfardamento das tiras de grama \u00e9 razo\u00e1vel, o que ajuda a melhorar a frequ\u00eancia alternativa do pist\u00e3o e aumentar a capacidade de produ\u00e7\u00e3o.<\/li>    <li>A c\u00e2mara de enfardamento e a agulha de enfiamento t\u00eam dist\u00e2ncia suficiente do solo para operar em lotes baixos sem que a agulha de enfiamento toque o solo, eliminando assim a tradicional estrutura de prote\u00e7\u00e3o da agulha de enfiamento. O selecionador \u00e9 equipado com roda perfiladora, permitindo a opera\u00e7\u00e3o em lotes baixos.<\/li>    <li>Tritura\u00e7\u00e3o e colheita, suspens\u00e3o de 3 bra\u00e7os com o trator.<\/li> <\/ol>    <figure class=\"wp-block-gallery aligncenter has-nested-images columns-default is-cropped wp-block-gallery-4 is-layout-flex wp-block-gallery-is-layout-flex\"> <figure class=\"wp-block-image size-large\"><img loading=\"lazy\" decoding=\"async\" width=\"720\" height=\"540\" data-id=\"2939\" src=\"https:\/\/taizyagromachine.com\/wp-content\/uploads\/2022\/06\/German-knotter.jpg\" alt=\"Enfardadeira autopropelida com n\u00f3 alem\u00e3o\" class=\"wp-image-2939\"\/><figcaption class=\"wp-element-caption\">Atador alem\u00e3o<\/figcaption><\/figure>    <figure class=\"wp-block-image size-full\"><img loading=\"lazy\" decoding=\"async\" width=\"720\" height=\"540\" data-id=\"2940\" src=\"https:\/\/taizyagromachine.com\/wp-content\/uploads\/2022\/06\/multifunction-crushing-picking.jpg\" alt=\"multifuncional-tritura\u00e7\u00e3o e colheita\" class=\"wp-image-2940\"\/><figcaption class=\"wp-element-caption\">esmagamento e colheita<\/figcaption><\/figure>    <figure class=\"wp-block-image size-full\"><img loading=\"lazy\" decoding=\"async\" width=\"720\" height=\"540\" data-id=\"2938\" src=\"https:\/\/taizyagromachine.com\/wp-content\/uploads\/2022\/06\/3-linkage-suspension.jpg\" alt=\"Suspens\u00e3o de 3 articula\u00e7\u00f5es com enfardadeira autopropelida por trator\" class=\"wp-image-2938\"\/><figcaption class=\"wp-element-caption\">Suspens\u00e3o de 3 liga\u00e7\u00f5es<\/figcaption><\/figure> <\/figure>    <h2 class=\"wp-block-heading\" id=\"h-why-choose-taizy-company-as-top-choice\"><strong>Por que escolher a Taizy Company como melhor escolha?<\/strong><\/h2>    <p class=\"translation-block\">N\u00f3s, <a href=\"https:\/\/taizyagromachine.com\/pt\/\" target=\"_blank\" rel=\"noreferrer noopener\">Taizy Agro Machinery<\/a>, estamos profundamente envolvidos na ind\u00fastria agr\u00edcola h\u00e1 mais de 10 anos. Todas as vezes nos tornamos a primeira escolha porque temos as nossas pr\u00f3prias vantagens \u00fanicas.<\/p>    <p class=\"translation-block\"><strong>Excelente qualidade<\/strong>. A nossa enfardadeira autopropelida tem regras de produ\u00e7\u00e3o rigorosas, assim como a enfardadeira de palha, <a href=\"https:\/\/taizyagromachine.com\/pt\/product\/straw-crushing-and-recycling-machine\/\" target=\"_blank\" rel=\"noreferrer noopener\">m\u00e1quina de esmagamento e reciclagem de silagem<\/a>, etc. Al\u00e9m disso, as nossas m\u00e1quinas agr\u00edcolas t\u00eam certificado CE, sendo bem recebidas em pa\u00edses e regi\u00f5es estrangeiras. <\/p>    <p class=\"translation-block\"><strong>Tecnologia avan\u00e7ada<\/strong>. A enfardadeira adota tecnologia avan\u00e7ada e combina as exig\u00eancias do mercado, projetando um novo tipo de enfardadeira de forragem. \u00c9 popular no mercado.<\/p>    <p class=\"translation-block\"><strong>Servi\u00e7o perfeito<\/strong>. Ap\u00f3s a venda, tamb\u00e9m fornecemos um servi\u00e7o p\u00f3s-venda confort\u00e1vel para resolver todos os tipos de problemas que os clientes possam ter num futuro pr\u00f3ximo.<\/p>    <h2 class=\"wp-block-heading\" id=\"h-successful-case-self-propelled-small-square-baler-sold-to-iran\"><strong>Caso de sucesso: Enfardadeira quadrada pequena autopropelida vendida ao Ir\u00e3o  <\/strong><\/h2>    <p>Nosso gerente de vendas Winnie recebeu uma consulta de um cliente no Ir\u00e3. Ele quer colher forragem e tem seu pr\u00f3prio trator. Como o Ir\u00e3 est\u00e1 localizado no Oriente M\u00e9dio e prefere fardos quadrados, Winnie enviou as informa\u00e7\u00f5es relevantes sobre a enfardadeira quadrada, incluindo par\u00e2metros, configura\u00e7\u00e3o, fotos, v\u00eddeos, etc. O cliente iraniano gostou muito ap\u00f3s a confirma\u00e7\u00e3o. Ent\u00e3o o contrato foi assinado. Enviamos para o destino dele. Depois de receber a m\u00e1quina, o cliente iraniano disse que a enfardadeira autopropelida funciona muito bem e que teremos a oportunidade de trabalhar juntos novamente.<\/p>    <h2 class=\"wp-block-heading\" id=\"h-faq\"><strong>Perguntas frequentes<\/strong><\/h2>   <div id=\"rank-math-faq\" class=\"rank-math-block\"> <div class=\"rank-math-list\"> <div id=\"faq-question-1665309290478\" class=\"rank-math-list-item\"> <h3 class=\"rank-math-question\"><strong>P: Qual \u00e9 a largura de colheita da enfardadeira autopropelida?<\/strong><\/h3> <div class=\"rank-math-answer\">  <p>R: 1,3m, 1,8m, 2m.<\/p>  <\/div> <\/div> <div id=\"faq-question-1665309298217\" class=\"rank-math-list-item\"> <h3 class=\"rank-math-question\"><strong>P: Que tipo de equipamento voc\u00ea produz principalmente?<\/strong><\/h3> <div class=\"rank-math-answer\">  <p>R: Produzimos principalmente m\u00e1quinas agr\u00edcolas e m\u00e1quinas agr\u00edcolas.<\/p>  <\/div> <\/div> <div id=\"faq-question-1665309313441\" class=\"rank-math-list-item\"> <h3 class=\"rank-math-question\"><strong>P: Onde fica o local de envio?<\/strong><\/h3> <div class=\"rank-math-answer\">  <p>R: Localizado na plan\u00edcie central da China, Henan, por isso desenvolvemos transporte e entrega r\u00e1pida.<\/p>  <\/div> <\/div> <\/div> <\/div>   <h2 class=\"wp-block-heading\"><strong>V\u00eddeo de trabalho do cortador de feno e enfardadeira <\/strong><\/h2>    <figure class=\"wp-block-embed is-type-video is-provider-youtube wp-block-embed-youtube wp-embed-aspect-16-9 wp-has-aspect-ratio\"><div class=\"wp-block-embed__wrapper\"> <iframe loading=\"lazy\" title=\"Cortador de feno e enfardadeira | M\u00e1quina de colheita, tritura\u00e7\u00e3o e enfardamento de palha com trator #hay #strawbale\" width=\"500\" height=\"281\" src=\"https:\/\/www.youtube.com\/embed\/PhkH7-TU5-I?feature=oembed\" frameborder=\"0\" allow=\"accelerometer; autoplay; clipboard-write; encrypted-media; gyroscope; picture-in-picture; web-share\" referrerpolicy=\"strict-origin-when-cross-origin\" allowfullscreen><\/iframe> <\/div><\/figure>","protected":false},"excerpt":{"rendered":"<p>The self propelled baler is an agricultural machine that integrates &#8220;picking, cutting and baling&#8221;. This hay cutter and baler machine can not only work in low-lying areas, but also feed the material more smoothly and not easily blocked. Besides, this machine has CE certificate, which is very popular in domestic and international market. The machine [&hellip;]<\/p>\n","protected":false},"author":1,"featured_media":2907,"parent":0,"template":"","tags":[120,117,103,119,118,122,121,116],"product-type":[19],"class_list":["post-2905","product","type-product","status-publish","has-post-thumbnail","hentry","tag-agriculture-machinery","tag-baling-machine","tag-hay-baler","tag-hay-baling-machine","tag-hay-cutter-and-baler","tag-self-propelled-round-baler","tag-self-propelled-square-baler","tag-silage","product-type-silage-machine"],"_links":{"self":[{"href":"https:\/\/taizyagromachine.com\/pt\/wp-json\/wp\/v2\/product\/2905","targetHints":{"allow":["GET"]}}],"collection":[{"href":"https:\/\/taizyagromachine.com\/pt\/wp-json\/wp\/v2\/product"}],"about":[{"href":"https:\/\/taizyagromachine.com\/pt\/wp-json\/wp\/v2\/types\/product"}],"author":[{"embeddable":true,"href":"https:\/\/taizyagromachine.com\/pt\/wp-json\/wp\/v2\/users\/1"}],"wp:featuredmedia":[{"embeddable":true,"href":"https:\/\/taizyagromachine.com\/pt\/wp-json\/wp\/v2\/media\/2907"}],"wp:attachment":[{"href":"https:\/\/taizyagromachine.com\/pt\/wp-json\/wp\/v2\/media?parent=2905"}],"wp:term":[{"taxonomy":"post_tag","embeddable":true,"href":"https:\/\/taizyagromachine.com\/pt\/wp-json\/wp\/v2\/tags?post=2905"},{"taxonomy":"product-type","embeddable":true,"href":"https:\/\/taizyagromachine.com\/pt\/wp-json\/wp\/v2\/product-type?post=2905"}],"curies":[{"name":"wp","href":"https:\/\/api.w.org\/{rel}","templated":true}]}}