{"id":3038,"date":"2022-06-10T03:38:55","date_gmt":"2022-06-10T03:38:55","guid":{"rendered":"https:\/\/taizyagromachine.com\/?post_type=product&#038;p=3038"},"modified":"2025-01-02T13:49:22","modified_gmt":"2025-01-02T05:49:22","slug":"bean-peeling-machine","status":"publish","type":"product","link":"https:\/\/taizyagromachine.com\/pt\/product\/bean-peeling-machine\/","title":{"rendered":"M\u00e1quina de descascar feij\u00e3o para soja, fava, feij\u00e3o lachi"},"content":{"rendered":"<p class=\"translation-block\">Como o nome indica, a <strong>m\u00e1quina descascadora de feij\u00e3o<\/strong> \u00e9 uma m\u00e1quina de remo\u00e7\u00e3o de pele especializada no desenvolvimento de uma variedade de feij\u00f5es, inventada pela nossa empresa de acordo com a procura do mercado. \u00c9 principalmente aplic\u00e1vel ao descascamento e separa\u00e7\u00e3o de v\u00e1rios feij\u00f5es como feij\u00e3o (soja), ervilha, feij\u00e3o preto, feij\u00e3o vermelho, am\u00eandoa, etc. <\/p>    <p>A taxa de descascamento est\u00e1 acima de 98%. A m\u00e1quina para remo\u00e7\u00e3o de casca de soja \u00e9 adequada para f\u00e1bricas de processamento de alimentos, hot\u00e9is, restaurantes, cantinas, resid\u00eancias profissionais, etc. <\/p>    <p>Este equipamento \u00e9 uma nova gera\u00e7\u00e3o de m\u00e1quinas descascadoras, que foi cuidadosamente projetada e otimizada ap\u00f3s extensa pesquisa de mercado e consulta aos usu\u00e1rios, aproveitando as vantagens e experi\u00eancias de muitos tipos de m\u00e1quinas descascadoras de feij\u00e3o no pa\u00eds e no exterior. <\/p>    <p>Nossa m\u00e1quina descascadora de feij\u00e3o \u00e9 bem projetada, f\u00e1cil de operar e tem alto rendimento. N\u00f3s, Taizy Machinery, temos tr\u00eas modelos para voc\u00ea escolher. Se voc\u00ea tiver alguma necessidade, pode entrar em contato conosco. Diga-nos o que voc\u00ea precisa e nosso gerente de vendas lhe fornecer\u00e1 a solu\u00e7\u00e3o mais adequada \u00e0s suas necessidades.<\/p>    <h2 class=\"wp-block-heading\" id=\"h-who-uses-peeled-beans\"><strong>Quem usa feij\u00e3o descascado?<\/strong><\/h2>    <p>Esta m\u00e1quina descascadora de feij\u00e3o tem uma ampla gama de aplica\u00e7\u00f5es. Porque esta m\u00e1quina pode processar gr\u00e3os como soja, feij\u00e3o preto, ervilha, etc. para descascar e partir. Existem principalmente as seguintes \u00e1reas de uso:<\/p>    <p>Grandes f\u00e1bricas, oficinas de pequeno e m\u00e9dio porte, lojas de varejo, cantinas, particulares e f\u00e1bricas de processamento de alimentos. Se voc\u00ea tiver alguma necessidade, entre em contato conosco o mais r\u00e1pido poss\u00edvel! E nossa equipe de profissionais fornecer\u00e1 o plano mais adequado para facilitar o seu neg\u00f3cio.<\/p>   <div class=\"wp-block-image\"> <figure class=\"aligncenter size-full\"><img loading=\"lazy\" decoding=\"async\" width=\"720\" height=\"540\" src=\"https:\/\/taizyagromachine.com\/wp-content\/uploads\/2022\/06\/usages-of-bean-peling-machine.jpg\" alt=\"usos da m\u00e1quina de descascar feij\u00e3o\" class=\"wp-image-3053\"\/><figcaption class=\"wp-element-caption\">usos da m\u00e1quina de descascar feij\u00e3o<\/figcaption><\/figure> <\/div>   <h2 class=\"wp-block-heading\" id=\"h-type-1-soybean-peeling-machine\"><strong>Tipo 1: M\u00e1quina de descascar soja para venda<\/strong><\/h2>    <p class=\"translation-block\">Esta m\u00e1quina descascadora de soja \u00e9 uma m\u00e1quina de divis\u00e3o e amassamento de soja desenvolvida pelo pessoal de pesquisa e desenvolvimento t\u00e9cnico da Taizy Machinery de acordo com a procura do mercado. A m\u00e1quina descascadora de feij\u00e3o pode descascar feij\u00f5es redondos e regulares, como soja, <strong>feij\u00e3o frade<\/strong>, <strong>ervilhas<\/strong> e assim por diante. Esta m\u00e1quina \u00e9 f\u00e1cil de operar. <\/p>   <div class=\"wp-block-image\"> <figure class=\"aligncenter size-full\"><img loading=\"lazy\" decoding=\"async\" width=\"720\" height=\"540\" src=\"https:\/\/taizyagromachine.com\/wp-content\/uploads\/2022\/06\/soybean-peeling-machine.jpg\" alt=\"m\u00e1quina de descascar soja\" class=\"wp-image-3044\"\/><figcaption class=\"wp-element-caption\">m\u00e1quina de descascar soja<\/figcaption><\/figure> <\/div>   <p>Al\u00e9m disso, a casca, o caro\u00e7o e a parte flavon\u00f3ide da folha s\u00e3o separados de forma limpa. Possui menos gr\u00e3os quebrados, bom efeito de descascamento, bela apar\u00eancia, opera\u00e7\u00e3o conveniente, desempenho confi\u00e1vel, prote\u00e7\u00e3o ambiental verde, uma m\u00e1quina para usos m\u00faltiplos.<\/p>    <p>\u00c9 adequado para pequenas f\u00e1bricas de processamento de feij\u00e3o ou f\u00e1bricas de alimentos. Ao mesmo tempo, voc\u00ea tamb\u00e9m pode ajustar a m\u00e1quina para descascar ervilhas e feij\u00e3o-nhemba. Soja descascada, ervilha para desodorizar e real\u00e7ar o sabor de produtos de soja, como tofu, suco de feij\u00e3o, etc.<\/p>    <h3 class=\"wp-block-heading\" id=\"h-what-is-the-structure-of-soy-bean-skin-removing-machine\"><strong>Qual \u00e9 a estrutura da m\u00e1quina de remo\u00e7\u00e3o de casca de soja?<\/strong><\/h3>    <p>Este descascador de soja tem como fun\u00e7\u00f5es descascar e separar gr\u00e3os. \u00c9 multifuncional e descasca e racha. Consiste em motor, ventilador, caixa de distribui\u00e7\u00e3o, funil de alimenta\u00e7\u00e3o, al\u00e7a ajust\u00e1vel, tubula\u00e7\u00e3o de ar e sa\u00edda. Se estiver interessado na m\u00e1quina descascadora de feij\u00e3o, entre em contato conosco a qualquer momento.<\/p>    <h3 class=\"wp-block-heading\" id=\"h-\"><strong> <\/strong><\/h3>   <div class=\"wp-block-image\"> <figure class=\"aligncenter size-full\"><img loading=\"lazy\" decoding=\"async\" width=\"720\" height=\"540\" src=\"https:\/\/taizyagromachine.com\/wp-content\/uploads\/2022\/06\/soybean-peeler-construction.jpg\" alt=\"constru\u00e7\u00e3o de descascador de soja\" class=\"wp-image-3046\"\/><figcaption class=\"wp-element-caption\">constru\u00e7\u00e3o de descascador de soja<\/figcaption><\/figure> <\/div>   <h3 class=\"wp-block-heading\" id=\"h-how-does-bean-peeling-machine-work\"><strong>Como funciona a m\u00e1quina de descascar feij\u00e3o?<\/strong><\/h3>    <p>Durante o trabalho, o material entra no descascamento entre os dois discos de moagem pela tremonha atrav\u00e9s do dispositivo de transporte por guincho. E a finalidade de descascar ou triturar \u00e9 alcan\u00e7ada pela rota\u00e7\u00e3o diferencial dos dois discos de moagem. Ap\u00f3s o descascamento da soja, atrav\u00e9s da c\u00e2mara de separa\u00e7\u00e3o, sob a a\u00e7\u00e3o do vento, a parte do fruto do feij\u00e3o \u00e9 descarregada pela sa\u00edda.<\/p>    <p> A pele e o p\u00f3 residual s\u00e3o descarregados pela sa\u00edda com ar, completando assim o processo de peeling.<\/p>    <h3 class=\"wp-block-heading\" id=\"h-technical-specifications-of-beans-peeler\"><strong>Especifica\u00e7\u00f5es T\u00e9cnicas do Descascador de Feij\u00e3o<\/strong><\/h3>    <figure class=\"wp-block-table\"><table><tbody><tr><td>Modelo<\/td><td>TZ-10<\/td><\/tr><tr><td>Peso<\/td><td>&nbsp;200kg<\/td><\/tr><tr><td>Tamanho<\/td><td>190*140*75cm<\/td><\/tr><tr><td>Capacidade<\/td><td>300-400 kg\/hora<\/td><\/tr><tr><td>Poder<\/td><td>5,5kW +1,5kW<\/td><\/tr><\/tbody><\/table><figcaption class=\"wp-element-caption\">par\u00e2metros do descascador de feij\u00e3o multifuncional <\/figcaption><\/figure>    <h2 class=\"wp-block-heading\"><strong>Tipo 2: M\u00e1quina de descascar lentilhas de venda quente<\/strong><\/h2>    <p>A m\u00e1quina descascadora de lentilha \u00e9 uma pesquisa e desenvolvimento independente de uma m\u00e1quina descascadora de feij\u00e3o. Pode descascar tanto feij\u00e3o redondo quanto feij\u00e3o achatado. Com as vantagens de um bom efeito de peeling, alta taxa de rendimento e desempenho est\u00e1vel, \u00e9 uma m\u00e1quina de peeling multifuncional.<\/p>   <div class=\"wp-block-image\"> <figure class=\"aligncenter size-full\"><img loading=\"lazy\" decoding=\"async\" width=\"720\" height=\"540\" src=\"https:\/\/taizyagromachine.com\/wp-content\/uploads\/2022\/06\/lentil-skin-peeling-machine.jpg\" alt=\"m\u00e1quina de descascar pele de lentilha\" class=\"wp-image-3069\"\/><figcaption class=\"wp-element-caption\">m\u00e1quina de descascar pele de lentilha<\/figcaption><\/figure> <\/div>   <p>\u00c9 adequado para descascar v\u00e1rios feij\u00f5es, como feij\u00e3o mungo, feij\u00e3o, lentilha, feij\u00e3o olho de gato, feij\u00e3o nhemba, etc. Esta m\u00e1quina tem duas fun\u00e7\u00f5es, como descascar e separar, que podem efetivamente remover a casca e desodorizar o feij\u00e3o. Portanto, \u00e9 o equipamento ideal para elevar o grau dos produtos de feij\u00e3o, com alto \u00edndice de descascamento, qualidade dispon\u00edvel e f\u00e1cil opera\u00e7\u00e3o.<\/p>    <h3 class=\"wp-block-heading\" id=\"h-what-constructs-the-lentil-skin-peeling-machine\"><strong>O que constr\u00f3i a m\u00e1quina de descascar pele de lentilha?<\/strong><\/h3>    <p>De modo geral, esta m\u00e1quina tem uma constru\u00e7\u00e3o clara. \u00c9 composto por tremonha, barra de controle, coletor de p\u00f3, sala de descascamento, sa\u00edda. <\/p>   <div class=\"wp-block-image\"> <figure class=\"aligncenter size-full\"><img loading=\"lazy\" decoding=\"async\" width=\"720\" height=\"540\" src=\"https:\/\/taizyagromachine.com\/wp-content\/uploads\/2022\/06\/structure-of-lentil-peeler.jpg\" alt=\"estrutura do descascador de lentilha\" class=\"wp-image-3048\"\/><figcaption class=\"wp-element-caption\">estrutura do descascador de lentilha<\/figcaption><\/figure> <\/div>   <h3 class=\"wp-block-heading\" id=\"h-working-principle-of-industrial-beans-peeler\"><strong>Princ\u00edpio de funcionamento do descascador de feij\u00e3o industrial<\/strong><\/h3>    <p>Durante a opera\u00e7\u00e3o, a m\u00e1quina descascadora de feij\u00e3o usa uma l\u00e2mina diamantada rotativa de alta velocidade para cortar e esfregar continuamente a camada da pele. Desta forma, a for\u00e7a de liga\u00e7\u00e3o entre a pele e a camada interna pode ser destru\u00edda, de modo que a camada da pele pode ser gradualmente triturada e removida. <\/p>    <p>E a pele pode ser removida de forma mais eficaz. Atrav\u00e9s do sistema de suc\u00e7\u00e3o e despoeiramento embutido na m\u00e1quina, ela coleta a pele em processo de peeling para garantir a limpeza e higiene da oficina de processamento.<\/p>    <h3 class=\"wp-block-heading\" id=\"h-parameters-of-lentil-peeler\"><strong>Par\u00e2metros do descascador de lentilha<\/strong><\/h3>    <figure class=\"wp-block-table\"><table><tbody><tr><td>Modelo<\/td><td>T18<\/td><\/tr><tr><td>Poder<\/td><td>15kW<\/td><\/tr><tr><td>Capacidade<\/td><td>500kg\/h<\/td><\/tr><tr><td>Tamanho<\/td><td>1800*1200*2150mm<\/td><\/tr><\/tbody><\/table><figcaption class=\"wp-element-caption\">par\u00e2metros t\u00e9cnicos da m\u00e1quina de descascar lentilhas<\/figcaption><\/figure>    <h2 class=\"wp-block-heading\"><strong>Tipo 3: M\u00e1quina comercial de descascar favas<\/strong><\/h2>    <p>Esta m\u00e1quina descascadora de fava possui material de a\u00e7o inoxid\u00e1vel. A m\u00e1quina descascadora de fava possui caracter\u00edsticas de estrutura compacta, opera\u00e7\u00e3o simples e descascamento limpo. A fava n\u00e3o precisa de molho, n\u00e3o precisa secar. Ligue a m\u00e1quina e, em seguida, conclua um descascamento \u00fanico, economize tempo e esfor\u00e7o, seja conveniente, economize m\u00e3o de obra e melhore a efici\u00eancia do trabalho.<\/p>   <div class=\"wp-block-image\"> <figure class=\"aligncenter size-full is-resized\"><img loading=\"lazy\" decoding=\"async\" width=\"720\" height=\"540\" src=\"https:\/\/taizyagromachine.com\/wp-content\/uploads\/2022\/06\/broad-bean-peeling-machine.jpg\" alt=\"m\u00e1quina de descascar feij\u00e3o largo\" class=\"wp-image-3051\" style=\"width:720px;height:auto\"\/><figcaption class=\"wp-element-caption\">m\u00e1quina de descascar feij\u00e3o largo<\/figcaption><\/figure> <\/div>   <p>A Taizy Machinery desenvolveu uma m\u00e1quina de descascar para o formato irregular das favas. Esta m\u00e1quina multifuncional de descascar feij\u00e3o pode ser mais adequada para favas, feij\u00f5es oleaginosos, feij\u00f5es-de-lima, sementes de c\u00e2nhamo, sementes de pe\u00f4nia e outros feij\u00f5es achatados parciais para descascar, de modo que a taxa de descascamento e remo\u00e7\u00e3o do produto seja maior.<\/p>    <h3 class=\"wp-block-heading\" id=\"h-composition-of-broad-bean-skin-removing-machine\"><strong>Composi\u00e7\u00e3o da m\u00e1quina de remo\u00e7\u00e3o de casca de fava<\/strong><\/h3>    <p>A m\u00e1quina descascadora de fava possui funil, dispositivo descascador, sa\u00edda e painel de controle. <\/p>   <div class=\"wp-block-image\"> <figure class=\"aligncenter size-full\"><img loading=\"lazy\" decoding=\"async\" width=\"720\" height=\"540\" src=\"https:\/\/taizyagromachine.com\/wp-content\/uploads\/2022\/06\/broad-bean-skin-remover-structure.jpg\" alt=\"estrutura removedora de casca de fava\" class=\"wp-image-3052\"\/><figcaption class=\"wp-element-caption\">estrutura removedora de casca de fava<\/figcaption><\/figure> <\/div>   <h3 class=\"wp-block-heading\" id=\"h-what-are-parameters-of-fava-beans-peeler\"><strong>Quais s\u00e3o os par\u00e2metros do descascador de feij\u00e3o Vicia Fava?<\/strong><\/h3>    <figure class=\"wp-block-table\"><table><tbody><tr><td>Modelo<\/td><td>ZX-CD<\/td><\/tr><tr><td>Tamanho<\/td><td>1000*1150*1400mm<\/td><\/tr><tr><td>Poder<\/td><td>5kW<\/td><\/tr><tr><td>Capacidade<\/td><td>200kg\/hora<\/td><\/tr><tr><td>Peso<\/td><td>400<\/td><\/tr><\/tbody><\/table><figcaption class=\"wp-element-caption\">especifica\u00e7\u00f5es da m\u00e1quina de descascar favas<\/figcaption><\/figure>    <h2 class=\"wp-block-heading\" id=\"h-hightlights-of-bean-peeling-machine\"><strong>Destaques da m\u00e1quina industrial de descascar feij\u00e3o<\/strong><\/h2>    <ul class=\"wp-block-list\"> <li>Com duas fun\u00e7\u00f5es de descascamento e separa\u00e7\u00e3o, alta taxa de descascamento, qualidade dispon\u00edvel e opera\u00e7\u00e3o conveniente.<\/li>    <li>\u00c9 uma m\u00e1quina descascadora de feij\u00e3o tipo combinada com pequena pot\u00eancia, pequena \u00e1rea, alta automa\u00e7\u00e3o e boa qualidade de produtos acabados.<\/li>    <li><strong>\u00c2mbito de aplica\u00e7\u00e3o<\/strong>: soja, fava, feij\u00e3o-soldado, feij\u00e3o-caupi, feij\u00e3o mungo, feij\u00e3o preto, feij\u00e3o-roxo e outros tipos de processamento de feij\u00e3o.<\/li>    <li><strong>Rendimento do produto<\/strong>: pode ser regulado de acordo com as necessidades do cliente.<\/li>    <li><strong>\u00cdndice de produto acabado<\/strong>: A. Conte\u00fado de areia: &lt;0,02%; B. Conte\u00fado de metal magn\u00e9tico: &lt;0,003\/kg; C. Umidade: tipo de armazenamento &lt;15%; D. Apar\u00eancia e sabor: boa cor, bom efeito de peeling, gr\u00e3o de feij\u00e3o brilhante e macio, sabor de feij\u00e3o muito positivo.<\/li> <\/ul>   <div class=\"wp-block-image\"> <figure class=\"aligncenter size-full\"><img loading=\"lazy\" decoding=\"async\" width=\"720\" height=\"540\" src=\"https:\/\/taizyagromachine.com\/wp-content\/uploads\/2022\/06\/wide-applications-of-bean-peeling-machine.jpg\" alt=\"amplas aplica\u00e7\u00f5es de m\u00e1quina de descascar feij\u00e3o\" class=\"wp-image-3084\"\/><figcaption class=\"wp-element-caption\">amplas aplica\u00e7\u00f5es de m\u00e1quina de descascar feij\u00e3o<\/figcaption><\/figure> <\/div>   <h2 class=\"wp-block-heading\"><strong>Taizy: fabricante e fornecedor profissional de m\u00e1quina para descascar e dividir feij\u00e3o<\/strong><\/h2>    <p class=\"translation-block\">Como produtor e fornecedor abrangente de maquinaria agr\u00edcola, temos muitas m\u00e1quinas agr\u00edcolas, como enfardadeira de forragem, <a href=\"https:\/\/taizyagromachine.com\/pt\/product\/maize-grits-milling-machine\/\">m\u00e1quina de moagem de milho<\/a>, debulhadora de arroz e trigo, etc. As seguintes vantagens s\u00e3o absolutamente atrativas para si:<\/p>    <ul class=\"wp-block-list\"> <li><strong>Pre\u00e7o competitivo da m\u00e1quina<\/strong>: Sendo fabricantes e fornecedores, podemos garantir a qualidade da m\u00e1quina enquanto o pre\u00e7o \u00e9 mais competitivo do que os pre\u00e7os de outros fornecedores.<\/li>    <li><strong>Costumiza\u00e7\u00e3o<\/strong>: Para as suas diferentes necessidades, oferecemos servi\u00e7os de customiza\u00e7\u00e3o personalizados para customizar a m\u00e1quina de acordo com suas necessidades espec\u00edficas. <\/li>    <li><strong>Servi\u00e7o p\u00f3s-venda<\/strong>: Uma forte equipe de servi\u00e7o p\u00f3s-venda est\u00e1 de prontid\u00e3o 24 horas por dia para fornecer um servi\u00e7o completo, como instala\u00e7\u00e3o e comissionamento, treinamento de opera\u00e7\u00e3o, manuten\u00e7\u00e3o e assim por diante.<\/li> <\/ul>    <h2 class=\"wp-block-heading\"><strong>Comece seu neg\u00f3cio de processamento de feij\u00e3o agora!<\/strong><\/h2>    <p class=\"translation-block\">Se quiser come\u00e7ar j\u00e1 o seu neg\u00f3cio de descascamento de <a href=\"https:\/\/en.wikipedia.org\/wiki\/Bean\" target=\"_blank\" rel=\"noopener\">feij\u00f5es<\/a>, contacte-nos imediatamente! <\/p>    <p>Informe suas necessidades espec\u00edficas, como tipo de equipamento necess\u00e1rio, requisitos de capacidade, configura\u00e7\u00e3o esperada e outras necessidades especiais e outras informa\u00e7\u00f5es. Nossa equipe de vendas responder\u00e1 rapidamente \u00e0 sua consulta e fornecer\u00e1 uma cota\u00e7\u00e3o precisa e detalhada, ansiosa para trabalhar com voc\u00ea para criar uma situa\u00e7\u00e3o ganha-ganha.<\/p>","protected":false},"excerpt":{"rendered":"<p>A M\u00e1quina Descascadora de Feij\u00e3o tem fun\u00e7\u00f5es de descascar e partir v\u00e1rios feij\u00f5es, como soja, lentilha, feij\u00e3o fradinho, ervilha, fava, etc. Apresentamos informa\u00e7\u00f5es sobre tr\u00eas tipos de m\u00e1quinas descascadoras de soja incluindo par\u00e2metros e as vantagens de nossa empresa para ajudar \u00e9 melhor voc\u00ea come\u00e7ar seu neg\u00f3cio de descascamento de soja.<\/p>","protected":false},"author":1,"featured_media":3043,"parent":0,"template":"","tags":[185,181,177,178,184,182,179,180],"product-type":[22],"class_list":["post-3038","product","type-product","status-publish","has-post-thumbnail","hentry","tag-bean-peeler","tag-bean-peeling-equipment","tag-bean-peeling-machine","tag-beans","tag-broad-bean-peeling-machine","tag-lentil-peeling-machine","tag-soybean-peeling-machine","tag-soybean-skin-removing-machine","product-type-others"],"_links":{"self":[{"href":"https:\/\/taizyagromachine.com\/pt\/wp-json\/wp\/v2\/product\/3038","targetHints":{"allow":["GET"]}}],"collection":[{"href":"https:\/\/taizyagromachine.com\/pt\/wp-json\/wp\/v2\/product"}],"about":[{"href":"https:\/\/taizyagromachine.com\/pt\/wp-json\/wp\/v2\/types\/product"}],"author":[{"embeddable":true,"href":"https:\/\/taizyagromachine.com\/pt\/wp-json\/wp\/v2\/users\/1"}],"wp:featuredmedia":[{"embeddable":true,"href":"https:\/\/taizyagromachine.com\/pt\/wp-json\/wp\/v2\/media\/3043"}],"wp:attachment":[{"href":"https:\/\/taizyagromachine.com\/pt\/wp-json\/wp\/v2\/media?parent=3038"}],"wp:term":[{"taxonomy":"post_tag","embeddable":true,"href":"https:\/\/taizyagromachine.com\/pt\/wp-json\/wp\/v2\/tags?post=3038"},{"taxonomy":"product-type","embeddable":true,"href":"https:\/\/taizyagromachine.com\/pt\/wp-json\/wp\/v2\/product-type?post=3038"}],"curies":[{"name":"wp","href":"https:\/\/api.w.org\/{rel}","templated":true}]}}