{"id":3216,"date":"2022-06-24T07:39:12","date_gmt":"2022-06-24T07:39:12","guid":{"rendered":"https:\/\/taizyagromachine.com\/?post_type=product&#038;p=3216"},"modified":"2025-01-02T13:51:50","modified_gmt":"2025-01-02T05:51:50","slug":"disk-mill-machine","status":"publish","type":"product","link":"https:\/\/taizyagromachine.com\/pt\/product\/disk-mill-machine\/","title":{"rendered":"M\u00e1quina fresadora de disco | Moedor de milho | Fresadora de milho"},"content":{"rendered":"<p class=\"translation-block\">Esta s\u00e9rie de moinhos de discos funciona para moer e triturar v\u00e1rios materiais secos em p\u00f3 para diversos usos. Este <a href=\"https:\/\/cornmachines.com\/disk-mill-machine\/\" target=\"_blank\" rel=\"noreferrer noopener\">moinho de milho<\/a> pode utilizar um motor a diesel, um motor el\u00e9trico e um motor a gasolina. O interior do triturador \u00e9 um compartimento de tritura\u00e7\u00e3o rotativo tipo mesa. O moinho de discos est\u00e1 equipado com dentes planos longos e curtos. A finura dos materiais triturados atinge o amido. <\/p>    <p>Al\u00e9m disso, a fresadora de disco pode ter duas entradas. Ao utilizar este tipo de fresadora de milho, voc\u00ea pode escolher a que preferir. Al\u00e9m disso, a trituradora de milho pode ser equipada com o ciclone, que \u00e9 um dispositivo de coleta de p\u00f3. \u00c9 bom para os usu\u00e1rios, para proteger sua sa\u00fade. Nossas m\u00e1quinas s\u00e3o de boa qualidade, desempenho est\u00e1vel e economia. Assim, \u00e9 muito popular no pa\u00eds e no exterior devido \u00e0 sua forte praticidade.<\/p>    <h2 class=\"wp-block-heading\" id=\"h-why-use-the-disk-mill\"><strong>Por que usar o moinho de disco?<\/strong><\/h2>    <p>O milho \u00e9 a cultura mais plantada no mundo. Ent\u00e3o, h\u00e1 muitas \u00e1reas onde h\u00e1 calos. E o milho tamb\u00e9m \u00e9 muito vers\u00e1til. Com esta m\u00e1quina moinho de disco, v\u00e1rios gr\u00e3os ou especiarias s\u00e3o mo\u00eddos e o p\u00f3 resultante est\u00e1 pronto para a pr\u00f3xima etapa. No caso do milho, por exemplo, o p\u00f3 de milho mo\u00eddo pode ser usado tanto como material pr\u00e9-selecionado para a pr\u00f3xima etapa de alimenta\u00e7\u00e3o quanto como alimento b\u00e1sico para consumo humano. Como o milho em si \u00e9 uma part\u00edcula relativamente grande antes da moagem, ele n\u00e3o pode ser usado diretamente. Ap\u00f3s a moagem, a farinha de milho pode ser utilizada para diversas atividades.<\/p>    <figure class=\"wp-block-gallery aligncenter has-nested-images columns-default is-cropped wp-block-gallery-2 is-layout-flex wp-block-gallery-is-layout-flex\"> <figure class=\"wp-block-image size-large\"><img loading=\"lazy\" decoding=\"async\" width=\"720\" height=\"540\" data-id=\"3256\" src=\"https:\/\/taizyagromachine.com\/wp-content\/uploads\/2022\/06\/corn-grinder-machine-with-double-inlets.jpg\" alt=\"m\u00e1quina-moedor-de-milho-com-entradas-duplas\" class=\"wp-image-3256\"\/><figcaption class=\"wp-element-caption\">m\u00e1quina moedora de milho com entradas duplas<\/figcaption><\/figure>    <figure class=\"wp-block-image size-large\"><img loading=\"lazy\" decoding=\"async\" width=\"720\" height=\"540\" data-id=\"3255\" src=\"https:\/\/taizyagromachine.com\/wp-content\/uploads\/2022\/06\/corn-milling-machine.jpg\" alt=\"fresadora de milho\" class=\"wp-image-3255\"\/><figcaption class=\"wp-element-caption\">fresadora de milho<\/figcaption><\/figure> <\/figure>    <h2 class=\"wp-block-heading\"><strong>Quem est\u00e1 interessado nesta m\u00e1quina fresadora de disco\uff1f<\/strong><\/h2>    <p>Esta m\u00e1quina moinho de disco \u00e9 adaptada principalmente para f\u00e1bricas de produtos qu\u00edmicos de m\u00e9dio porte, f\u00e1bricas farmac\u00eauticas, f\u00e1bricas de glutamato monoss\u00f3dico, f\u00e1bricas de ra\u00e7\u00f5es, f\u00e1bricas de p\u00f3 de gesso, f\u00e1bricas de c\u00e1lcio met\u00e1lico, f\u00e1bricas de papel, f\u00e1bricas de soja, f\u00e1bricas de p\u00f3 de espinha de peixe e outras ind\u00fastrias. <\/p>    <p>Este produto tem as vantagens de alto rendimento, menos eletricidade, trabalho suave, f\u00e1cil carga e descarga, etc. Este produto tamb\u00e9m pode ser equipado com um dispositivo autoescorvante, ventilador e descarregador, o que reduz bastante a intensidade de trabalho do operador . Al\u00e9m disso, as duas entradas est\u00e3o dispon\u00edveis. <\/p>    <h2 class=\"wp-block-heading\"><strong>Quais materiais podem ser fresados?<\/strong><\/h2>    <p>O britador \u00e9 adequado para materiais secos e espec\u00edficos. \u00c9 adequado moer milho, soja, sorgo, amendoim seco, bolo de feij\u00e3o e outros gr\u00e3os diversos. <\/p>    <p class=\"translation-block\">Este tipo de moinho de discos \u00e9 tamb\u00e9m utilizado para pimenta, especiarias, etc. Se tiver alguma d\u00favida, seja bem-vindo a <a href=\"https:\/\/taizyagromachine.com\/pt\/contact\/\" target=\"_blank\" rel=\"noreferrer noopener\">contactar-nos<\/a> para mais classifica\u00e7\u00f5es!<\/p>    <h2 class=\"wp-block-heading\"><strong>Composi\u00e7\u00e3o do Moedor de Milho<\/strong><\/h2>    <p>Na verdade, a fresadora de disco tem uma estrutura muito simples. Pela constru\u00e7\u00e3o interna fica f\u00e1cil de entender. Possui entrada, sa\u00edda, c\u00e2mara de trabalho e pot\u00eancia de suporte. Ent\u00e3o, \u00e9 muito f\u00e1cil. Tomando como exemplo a m\u00e1quina com ciclone, a estrutura \u00e9 mostrada abaixo. Voc\u00ea pode escolher o que quiser entre v\u00e1rios tipos.<\/p>   <div class=\"wp-block-image\"> <figure class=\"aligncenter size-full\"><img loading=\"lazy\" decoding=\"async\" width=\"720\" height=\"540\" src=\"https:\/\/taizyagromachine.com\/wp-content\/uploads\/2022\/06\/disk-mill-machine-structure.jpg\" alt=\"estrutura da m\u00e1quina do moinho de disco\" class=\"wp-image-3253\"\/><figcaption class=\"wp-element-caption\">estrutura da m\u00e1quina do moinho de disco<\/figcaption><\/figure> <\/div>   <h2 class=\"wp-block-heading\"><strong>Princ\u00edpio de funcionamento da m\u00e1quina fresadora de discos<\/strong><\/h2>    <p>\u00c9 um pulverizador multifuncional. Sua estrutura interna \u00e9 dente e rastreador e tela. O rastreador dente pode transformar a mat\u00e9ria-prima em p\u00f3 e a tela determina a finura do p\u00f3. <\/p>    <p>A tela tem 0,2 mm-8 mm. De modo geral, se voc\u00ea deseja moer alguns materiais em 1 mm, este tipo de fresadora de disco \u00e9 recomendado.<\/p>    <figure class=\"wp-block-gallery aligncenter has-nested-images columns-default is-cropped wp-block-gallery-3 is-layout-flex wp-block-gallery-is-layout-flex\"> <figure class=\"wp-block-image size-large\"><img loading=\"lazy\" decoding=\"async\" width=\"720\" height=\"540\" data-id=\"3254\" src=\"https:\/\/taizyagromachine.com\/wp-content\/uploads\/2022\/06\/internal-structure-tooth-claw.jpg\" alt=\"garra de dente de estrutura interna\" class=\"wp-image-3254\"\/><figcaption class=\"wp-element-caption\">garra de dente de estrutura interna<\/figcaption><\/figure>    <figure class=\"wp-block-image size-large\"><img loading=\"lazy\" decoding=\"async\" width=\"720\" height=\"540\" data-id=\"3252\" src=\"https:\/\/taizyagromachine.com\/wp-content\/uploads\/2022\/06\/disk-mill-machine-screens.jpg\" alt=\"telas para m\u00e1quinas de moinho de disco\" class=\"wp-image-3252\"\/><figcaption class=\"wp-element-caption\">telas para m\u00e1quinas de moinho de disco<\/figcaption><\/figure> <\/figure>    <h2 class=\"wp-block-heading\"><strong>Destaques da m\u00e1quina moedora de milho<\/strong><\/h2>    <ol class=\"wp-block-list\"> <li>Estrutura compacta, apar\u00eancia bonita, tamanho pequeno, uso leve e confi\u00e1vel, f\u00e1cil manuten\u00e7\u00e3o.<\/li>    <li>Uma ampla gama de aplica\u00e7\u00f5es, alta produ\u00e7\u00e3o de britagem e boa economia de energia podem atender \u00e0s necessidades dos clientes.<\/li>    <li>Esmagamento de uma variedade de materiais qu\u00edmicos, polpa de papel, processamento de fitoter\u00e1picos, processamento de gesso em p\u00f3, pimenta e processamento de especiarias.<\/li>    <li>Instale o coletor de p\u00f3, dispositivo de absor\u00e7\u00e3o de poeira, sem polui\u00e7\u00e3o por poeira e baixo ru\u00eddo.<\/li>    <li>Uma variedade de tipos, h\u00e1 mais tipos para escolher, sempre h\u00e1 um adequado para voc\u00ea.<\/li>    <li>A estrutura da m\u00e1quina \u00e9 racional, dur\u00e1vel, segura e confi\u00e1vel, f\u00e1cil de instalar, opera\u00e7\u00e3o conveniente, pequeno efeito antivibra\u00e7\u00e3o.<\/li> <\/ol>    <h2 class=\"wp-block-heading\"><strong>Par\u00e2metros da fresadora de milho<\/strong><\/h2>    <p>A partir das informa\u00e7\u00f5es abaixo, \u00e9 f\u00e1cil perceber que existem fresadoras de disco vari\u00e1veis. Diferentes tipos t\u00eam diferentes configura\u00e7\u00f5es e capacidades, tamb\u00e9m diferentes pre\u00e7os. Quando voc\u00ea quiser comprar este tipo de retificadora, voc\u00ea pode informar suas necessidades, configura\u00e7\u00e3o da m\u00e1quina, capacidade da m\u00e1quina, etc. E ent\u00e3o nosso gerente de vendas fornecer\u00e1 a melhor solu\u00e7\u00e3o para facilitar o seu neg\u00f3cio. <\/p>   <div class=\"wp-block-image\"> <figure class=\"aligncenter size-large\"><img loading=\"lazy\" decoding=\"async\" width=\"720\" height=\"540\" src=\"https:\/\/taizyagromachine.com\/wp-content\/uploads\/2022\/06\/disk-mill-parameters-1.jpg\" alt=\"\" class=\"wp-image-3228\"\/><\/figure> <\/div>  <div class=\"wp-block-image\"> <figure class=\"aligncenter size-full\"><img loading=\"lazy\" decoding=\"async\" width=\"720\" height=\"540\" src=\"https:\/\/taizyagromachine.com\/wp-content\/uploads\/2022\/06\/disk-mill-parameters-2.jpg\" alt=\"\" class=\"wp-image-3225\"\/><\/figure> <\/div>  <div class=\"wp-block-image\"> <figure class=\"aligncenter size-full\"><img loading=\"lazy\" decoding=\"async\" width=\"720\" height=\"540\" src=\"https:\/\/taizyagromachine.com\/wp-content\/uploads\/2022\/06\/disk-mill-parameters-3.jpg\" alt=\"\" class=\"wp-image-3226\"\/><\/figure> <\/div>  <div class=\"wp-block-image\"> <figure class=\"aligncenter size-large\"><img loading=\"lazy\" decoding=\"async\" width=\"720\" height=\"540\" src=\"https:\/\/taizyagromachine.com\/wp-content\/uploads\/2022\/06\/disk-mill-parameters-4.jpg\" alt=\"\" class=\"wp-image-3224\"\/><\/figure> <\/div>  <div class=\"wp-block-image\"> <figure class=\"aligncenter size-large\"><img loading=\"lazy\" decoding=\"async\" width=\"720\" height=\"540\" src=\"https:\/\/taizyagromachine.com\/wp-content\/uploads\/2022\/06\/disk-mill-parameters-5.jpg\" alt=\"\" class=\"wp-image-3223\"\/><\/figure> <\/div>  <div class=\"wp-block-image\"> <figure class=\"aligncenter size-full\"><img loading=\"lazy\" decoding=\"async\" width=\"720\" height=\"200\" src=\"https:\/\/taizyagromachine.com\/wp-content\/uploads\/2022\/06\/disk-mill-parameters-6.jpg\" alt=\"par\u00e2metros-6 do moinho de disco\" class=\"wp-image-3227\"\/><figcaption class=\"wp-element-caption\">par\u00e2metros do moedor de milho<\/figcaption><\/figure> <\/div>   <h2 class=\"wp-block-heading\" id=\"h-how-does-the-disk-mill-machine-grind-corns\"><strong>Como a m\u00e1quina moinho de discos m\u00f3i gr\u00e3os?<\/strong><\/h2>    <figure class=\"wp-block-embed aligncenter is-type-video is-provider-youtube wp-block-embed-youtube wp-embed-aspect-16-9 wp-has-aspect-ratio\"><div class=\"wp-block-embed__wrapper\"> <iframe loading=\"lazy\" title=\"M\u00e1quina comercial de moinho de milho | M\u00e1quina fresadora de disco | M\u00e1quina trituradora de milho | Moedor de Milho #moagem\" width=\"500\" height=\"281\" src=\"https:\/\/www.youtube.com\/embed\/GRTjkVrY2m8?feature=oembed\" frameborder=\"0\" allow=\"accelerometer; autoplay; clipboard-write; encrypted-media; gyroscope; picture-in-picture; web-share\" referrerpolicy=\"strict-origin-when-cross-origin\" allowfullscreen><\/iframe> <\/div><\/figure>    <h2 class=\"wp-block-heading\"><strong>Perguntas frequentes<\/strong><\/h2>    <div class=\"schema-faq wp-block-yoast-faq-block\"><div class=\"schema-faq-section\" id=\"faq-question-1656063952280\"><strong class=\"schema-faq-question\">P: Que tal a capacidade desta m\u00e1quina fresadora de disco&gt;<\/strong> <p class=\"schema-faq-answer\">R: A capacidade varia de 50-2.000 kg\/h. Se voc\u00ea estiver interessado, entre em contato conosco para mais detalhes.<\/p> <\/div> <div class=\"schema-faq-section\" id=\"faq-question-1656063971666\"><strong class=\"schema-faq-question\">P: Que tipo de materiais podem ser fresados?<\/strong> <p class=\"schema-faq-answer\">R: Gr\u00e3os, gr\u00e3os, pimenta, especiarias, etc. Todos os materiais secos e espec\u00edficos s\u00e3o aplic\u00e1veis.<\/p> <\/div> <div class=\"schema-faq-section\" id=\"faq-question-1656063982772\"><strong class=\"schema-faq-question\">P: Quanta finura posso obter?<\/strong> <p class=\"schema-faq-answer\">R: Normalmente, temos tela de 0,2 mm a 8 mm. Claro, se voc\u00ea quiser outros, como 1cm, tamb\u00e9m podemos satisfaz\u00ea-lo. Depende de voc\u00ea.<\/p> <\/div> <\/div>","protected":false},"excerpt":{"rendered":"<p>This series of disk mill machines function to grind and mill various dry materials into powder for the purpose of various usages. This corn grinder can use a diesel engine, electric motor, and gasoline engine. The inside of the crusher is a rotary table-type crushing bin. The disk mill machine is equipped with long and [&hellip;]<\/p>\n","protected":false},"author":1,"featured_media":3250,"parent":0,"template":"","tags":[134,130,132,133,131,187,129,186],"product-type":[17],"class_list":["post-3216","product","type-product","status-publish","has-post-thumbnail","hentry","tag-corn-crusher","tag-corn-grinder","tag-corn-grinder-machine","tag-corn-grinding-machine","tag-corn-milling-machine","tag-disk-mill","tag-disk-mill-machine","tag-grinding-machine","product-type-corn-machine"],"_links":{"self":[{"href":"https:\/\/taizyagromachine.com\/pt\/wp-json\/wp\/v2\/product\/3216","targetHints":{"allow":["GET"]}}],"collection":[{"href":"https:\/\/taizyagromachine.com\/pt\/wp-json\/wp\/v2\/product"}],"about":[{"href":"https:\/\/taizyagromachine.com\/pt\/wp-json\/wp\/v2\/types\/product"}],"author":[{"embeddable":true,"href":"https:\/\/taizyagromachine.com\/pt\/wp-json\/wp\/v2\/users\/1"}],"wp:featuredmedia":[{"embeddable":true,"href":"https:\/\/taizyagromachine.com\/pt\/wp-json\/wp\/v2\/media\/3250"}],"wp:attachment":[{"href":"https:\/\/taizyagromachine.com\/pt\/wp-json\/wp\/v2\/media?parent=3216"}],"wp:term":[{"taxonomy":"post_tag","embeddable":true,"href":"https:\/\/taizyagromachine.com\/pt\/wp-json\/wp\/v2\/tags?post=3216"},{"taxonomy":"product-type","embeddable":true,"href":"https:\/\/taizyagromachine.com\/pt\/wp-json\/wp\/v2\/product-type?post=3216"}],"curies":[{"name":"wp","href":"https:\/\/api.w.org\/{rel}","templated":true}]}}