{"id":3340,"date":"2022-09-13T03:47:17","date_gmt":"2022-09-13T03:47:17","guid":{"rendered":"https:\/\/taizyagromachine.com\/?post_type=product&#038;p=3340"},"modified":"2025-04-10T17:46:16","modified_gmt":"2025-04-10T09:46:16","slug":"9fq-hammer-mill-grinder","status":"publish","type":"product","link":"https:\/\/taizyagromachine.com\/pt\/product\/9fq-hammer-mill-grinder\/","title":{"rendered":"Moedor de martelo 9FQ para milho, milho, gr\u00e3os, esmagamento de ra\u00e7\u00e3o"},"content":{"rendered":"<p class=\"translation-block\">Este <strong>moinho martelo triturador<\/strong> \u00e9 um britador multifuncional, desde que materiais secos, como milho, soja, mudas de amendoim, palha seca, etc. A produ\u00e7\u00e3o da m\u00e1quina varia de 100 kg por hora a 3 toneladas por hora, com uma ampla gama de capacidade e adaptabilidade. <\/p>    <p>Al\u00e9m disso, este pulverizador de martelo 9FQ pode usar tanto a pot\u00eancia do motor el\u00e9trico quanto a do motor diesel. Ent\u00e3o, se voc\u00ea estiver interessado nesta m\u00e1quina, entre em contato conosco!<\/p>    <figure class=\"wp-block-embed is-type-video is-provider-youtube wp-block-embed-youtube wp-embed-aspect-16-9 wp-has-aspect-ratio\"><div class=\"wp-block-embed__wrapper\"> <iframe loading=\"lazy\" title=\"M\u00e1quina moinho de martelo 9FQ | M\u00e1quina de moagem\/fresagem de milho | M\u00e1quina trituradora de gr\u00e3os de milho #grinder\" width=\"500\" height=\"281\" src=\"https:\/\/www.youtube.com\/embed\/dN4giu5-BQk?feature=oembed\" frameborder=\"0\" allow=\"accelerometer; autoplay; clipboard-write; encrypted-media; gyroscope; picture-in-picture; web-share\" referrerpolicy=\"strict-origin-when-cross-origin\" allowfullscreen><\/iframe> <\/div><figcaption class=\"wp-element-caption\">v\u00eddeo de funcionamento do moinho de martelo<\/figcaption><\/figure>    <h2 class=\"wp-block-heading\" id=\"h-hot-sale-9fq-hammer-mill-grinder\"><strong>Venda quente Moedor de martelo 9FQ<\/strong><\/h2>    <p>O moinho de martelo Taizy \u00e0 venda cont\u00e9m uma variedade de tipos e varia no tamanho de produ\u00e7\u00e3o. Modelos detalhados est\u00e3o listados abaixo para sua refer\u00eancia: <\/p>    <div class=\"wp-block-media-text alignwide is-stacked-on-mobile\"><figure class=\"wp-block-media-text__media\"><img loading=\"lazy\" decoding=\"async\" width=\"720\" height=\"540\" src=\"https:\/\/taizyagromachine.com\/wp-content\/uploads\/2022\/09\/hammer-mill-for-sale-9FQ-320.webp\" alt=\"moinho de martelo para venda-9FQ-320\" class=\"wp-image-3347 size-full\"\/><\/figure><div class=\"wp-block-media-text__content\"> <p class=\"translation-block\"><strong>Moinho de martelo \u00e0 venda - 9FQ-320<\/strong><\/p>    <p>Este tipo de moedor de milho tem capacidade de 100kg por hora, e est\u00e3o dispon\u00edveis motor el\u00e9trico e motor diesel. <\/p>    <p>Se voc\u00ea deseja este modelo, precisa fazer o pedido a granel, pois s\u00f3 produzimos este em massa.<\/p> <\/div><\/div>    <div class=\"wp-block-media-text alignwide has-media-on-the-right is-stacked-on-mobile\"><div class=\"wp-block-media-text__content\"> <p class=\"translation-block\"><strong>M\u00e1quina de moinho de martelo - 9FQ-360<\/strong><\/p>    <p>A fresadora de farinha de milho 9FQ-360 \u00e9 muito popular no mercado internacional, pode esmagar milho, palhas e outros em p\u00f3 fino, como farinhas ou ra\u00e7\u00e3o animal. Tem capacidade de 150kg por hora.<\/p> <\/div><figure class=\"wp-block-media-text__media\"><img loading=\"lazy\" decoding=\"async\" width=\"750\" height=\"750\" src=\"https:\/\/taizyagromachine.com\/wp-content\/uploads\/2022\/09\/hammer-mill-machine.webp\" alt=\"m\u00e1quina de moinho de martelo\" class=\"wp-image-3349 size-full\"\/><\/figure><\/div>    <div class=\"wp-block-media-text alignwide is-stacked-on-mobile\"><figure class=\"wp-block-media-text__media\"><img loading=\"lazy\" decoding=\"async\" width=\"720\" height=\"540\" src=\"https:\/\/taizyagromachine.com\/wp-content\/uploads\/2022\/09\/commercial-hammer-mill-crusher.webp\" alt=\"triturador de martelo comercial\" class=\"wp-image-3352 size-full\"\/><\/figure><div class=\"wp-block-media-text__content\"> <p class=\"translation-block\"><strong>Britador de moinho de martelo comercial - 9FQ-420<\/strong><\/p>    <p>O moinho de martelo possui um ciclone de 1800 mm de altura, \u00e9 claro, o motor diesel tamb\u00e9m \u00e9 aplic\u00e1vel. Tem capacidade de 400kg por hora para tritura\u00e7\u00e3o de gr\u00e3os e 200kg\/h para moagem em p\u00f3.<\/p> <\/div><\/div>    <div class=\"wp-block-media-text alignwide has-media-on-the-right is-stacked-on-mobile\"><div class=\"wp-block-media-text__content\"> <p class=\"translation-block\"><strong>Britador de moinho de martelo - 9FQ-500<\/strong><\/p>    <p>De modo geral, esse tipo de moinho de martelos de gr\u00e3os utiliza sempre o motor diesel, pois sua produ\u00e7\u00e3o \u00e9 de 500kg\/h. Al\u00e9m disso, tamb\u00e9m utiliza quadro e pneus. Assim, \u00e9 muito popular na \u00e1rea africana.<\/p> <\/div><figure class=\"wp-block-media-text__media\"><img loading=\"lazy\" decoding=\"async\" width=\"720\" height=\"540\" src=\"https:\/\/taizyagromachine.com\/wp-content\/uploads\/2022\/09\/Hammer-mill-crusher.webp\" alt=\"Triturador de martelo\" class=\"wp-image-3354 size-full\"\/><\/figure><\/div>    <div class=\"wp-block-media-text alignwide is-stacked-on-mobile\"><figure class=\"wp-block-media-text__media\"><img loading=\"lazy\" decoding=\"async\" width=\"720\" height=\"540\" src=\"https:\/\/taizyagromachine.com\/wp-content\/uploads\/2022\/09\/hammer-mill-feed-grinder.webp\" alt=\"moinho de martelo moedor de alimenta\u00e7\u00e3o\" class=\"wp-image-3356 size-full\"\/><\/figure><div class=\"wp-block-media-text__content\"> <p class=\"translation-block\"><strong>Triturador de ra\u00e7\u00e3o moinho de martelo - 9FQ-600<\/strong><\/p>    <p>Ao escolher este tipo de triturador de martelo industrial, voc\u00ea pode escolher um motor diesel ou el\u00e9trico. Al\u00e9m disso, o quadro e os pneus tamb\u00e9m s\u00e3o opcionais. Sua produ\u00e7\u00e3o \u00e9 de 1000kg\/h.<\/p> <\/div><\/div>    <div class=\"wp-block-media-text alignwide has-media-on-the-right is-stacked-on-mobile\"><div class=\"wp-block-media-text__content\"> <p class=\"translation-block\"><strong><a href=\"https:\/\/taizyagromachine.com\/pt\/product\/disk-mill-machine\/?swcfpc=1\" target=\"_blank\" rel=\"noreferrer noopener\">Triturador de milho<\/a> - 9FQ-750<\/strong><\/p>    <p>Pela foto, podemos ver que esta m\u00e1quina comercial de moer milho pode usar um conjunto de motor diesel. Tem capacidade de 1500kg\/h.<\/p> <\/div><figure class=\"wp-block-media-text__media\"><img loading=\"lazy\" decoding=\"async\" width=\"720\" height=\"540\" src=\"https:\/\/taizyagromachine.com\/wp-content\/uploads\/2022\/09\/corn-grinder.webp\" alt=\"moedor de milho\" class=\"wp-image-3358 size-full\"\/><\/figure><\/div>    <div class=\"wp-block-media-text alignwide is-stacked-on-mobile\"><figure class=\"wp-block-media-text__media\"><img loading=\"lazy\" decoding=\"async\" width=\"720\" height=\"540\" src=\"https:\/\/taizyagromachine.com\/wp-content\/uploads\/2023\/12\/image.webp\" alt=\"pulverizador de moinho de martelo\" class=\"wp-image-6305 size-full\"\/><\/figure><div class=\"wp-block-media-text__content\"> <p class=\"translation-block\"><strong>Pulverizador de moinho de martelo - 9FQ-1000<\/strong><\/p>    <p>O moinho de martelo de milho 9FQ-1000 tem uma grande produ\u00e7\u00e3o de 3.000 kg por hora. Pode atender sua produ\u00e7\u00e3o em massa.<\/p> <\/div><\/div>    <h2 class=\"wp-block-heading\"><strong>Par\u00e2metros t\u00e9cnicos do triturador de martelo multifuncional<\/strong><\/h2>    <figure class=\"wp-block-table\"><table><tbody><tr><td>Modelo<\/td><td>Pot\u00eancia\u00a0(kW)<\/td><td>Pot\u00eancia (HP)<\/td><td>Peso (kg)<\/td><td>Capacidade (kg\/h)<\/td><td>Martelo<\/td><td>Dia\u00a0da\u00a0peneira<\/td><td>Tamanho do pacote (mm)<\/td><td>&nbsp;Tamanho da instala\u00e7\u00e3o (mm) com ciclone e motor&nbsp;<\/td><\/tr><tr><\/tr><tr><td>9FQ-320<\/td><td>2.2<\/td><td>5<\/td><td>50<\/td><td>100<\/td><td>16 unidades<\/td><td>0,5-5 mm<\/td><td>500*300*600<\/td><td>500*300*600<\/td><\/tr><tr><td>9FQ-360<\/td><td>5.5<\/td><td>8<\/td><td>120<\/td><td>150<\/td><td>24 unidades<\/td><td>0,5-5 mm<\/td><td>1100*600*1200<\/td><td>1500*1000*1900<\/td><\/tr><tr><td>9FQ-420<\/td><td>11<\/td><td>15<\/td><td>200<\/td><td>300<\/td><td>24 unidades<\/td><td>1,2-3 mm<\/td><td>1200*800*1900<\/td><td>1500*1000*1900<\/td><\/tr><tr><td>9FQ-500<\/td><td>11<\/td><td>20<\/td><td>300<\/td><td>500<\/td><td>24 unidades<\/td><td>1,2-3 mm<\/td><td>1200*800*1300<\/td><td>1500*1000*1900<\/td><\/tr><tr><td>9FQ-600<\/td><td>18.5-22<\/td><td>30<\/td><td>500<\/td><td>1000<\/td><td>32 unidades<\/td><td>1,2-3 mm<\/td><td>1500*900*1500<\/td><td>2000*1100*2300<\/td><\/tr><tr><td>9FQ-750<\/td><td>22-30<\/td><td>35<\/td><td>850<\/td><td>1500<\/td><td>32 unidades<\/td><td>1,2-3 mm<\/td><td>1500*1000*1600<\/td><td>2000*1200*2300<\/td><\/tr><tr><td>9FQ-800<\/td><td>37<\/td><td>45<\/td><td>1000<\/td><td>2000<\/td><td>40 unidades<\/td><td>1,2-5 mm<\/td><td>1500*1200*1600<\/td><td>2000*1300*2300<\/td><\/tr><tr><td>9FQ-1000<\/td><td>45-55<\/td><td>75<\/td><td>1200<\/td><td>3000<\/td><td>64 unidades<\/td><td>1,2-5 mm<\/td><td>1500*1300*1800<\/td><td>2000*1400*2300<\/td><\/tr><\/tbody><\/table><figcaption class=\"wp-element-caption\">dados t\u00e9cnicos do moinho de martelo industrial<\/figcaption><\/figure>    <h2 class=\"wp-block-heading\"><strong>Aplica\u00e7\u00f5es do Moedor de Martelo<\/strong><\/h2>    <p class=\"translation-block\">Devido ao moinho de martelo multifuncional, esta m\u00e1quina pode triturar <strong>trigo, feij\u00e3o, milho, capim seco, cascas de amendoim, talos secos de milho, mudas de amendoim, madeira, especiarias, feno,<\/strong> <strong>espiga de milho, ra\u00e7\u00e3o de galinha<\/strong>, etc. Se desejar saber mais materiais que podem ser triturados, entre em contato connosco imediatamente! <\/p>   <div class=\"wp-block-image\"> <figure class=\"aligncenter size-full\"><img loading=\"lazy\" decoding=\"async\" width=\"720\" height=\"540\" src=\"https:\/\/taizyagromachine.com\/wp-content\/uploads\/2022\/09\/applications-of-the-hammer-mill-grinder.webp\" alt=\"aplica\u00e7\u00f5es do moinho de martelo\" class=\"wp-image-3360\"\/><figcaption class=\"wp-element-caption\">aplica\u00e7\u00f5es do moinho de martelo<\/figcaption><\/figure> <\/div>   <h2 class=\"wp-block-heading\"><strong>Projeto de estrutura de moinho de martelo el\u00e9trico<\/strong><\/h2>    <p>Sua estrutura \u00e9 muito simples. O triturador de martelo \u00e9 composto de entrada, sa\u00edda, ciclone de peneira e motor\/motor diesel. Para a fonte de energia, voc\u00ea pode escolher o que deseja. <\/p>   <div class=\"wp-block-image\"> <figure class=\"aligncenter size-full\"><img loading=\"lazy\" decoding=\"async\" width=\"720\" height=\"540\" src=\"https:\/\/taizyagromachine.com\/wp-content\/uploads\/2022\/09\/electric-hammer-mill-structure.webp\" alt=\"estrutura do moinho de martelo el\u00e9trico\" class=\"wp-image-3367\"\/><figcaption class=\"wp-element-caption\">estrutura do moinho de martelo el\u00e9trico<\/figcaption><\/figure> <\/div>   <h2 class=\"wp-block-heading\" id=\"h-advanatges-of-the-hammer-mill-feed-grinder\"><strong>Vantagens do moedor de alimenta\u00e7\u00e3o para moinho de martelo<\/strong><\/h2>    <ul class=\"wp-block-list\"> <li>Estrutura simples, opera\u00e7\u00e3o f\u00e1cil e desempenho est\u00e1vel.<\/li>    <li>Amplas aplica\u00e7\u00f5es, porque \u00e9 a grande entrada.<\/li>    <li>Grande capacidade, de 100kg por hora a 3t por hora.<\/li>    <li>O martelo \u00e9 a parte principal da estrutura, diferentes capacidades possuem martelos diferentes.<\/li>    <li>A tela: 1mm-3mm, 4cm, 5cm. Se voc\u00ea quiser muitos moinhos de martelo, podemos personalizar a tela e o moedor de martelo para voc\u00ea.<\/li> <\/ul>    <h2 class=\"wp-block-heading\" id=\"h-consumable-parts-of-the-hammer-mill-for-sale\"><strong>Pe\u00e7as consum\u00edveis do moinho de martelo para venda<\/strong><\/h2>    <p>Para o moedor de martelo Taizy, existem tr\u00eas pe\u00e7as de desgaste, ou seja, correias, telas e l\u00e2minas de martelo.<\/p>    <p>Se a correia estiver frouxa, voc\u00ea pode mover o motor e depois apertar.<\/p>    <p>A tela e o martelo se desgastam naturalmente dentro de um ano, podemos fornec\u00ea-los gratuitamente, mas voc\u00ea (o cliente) deve pagar os custos do correio.<\/p>    <h2 class=\"wp-block-heading\"><strong>Caso de sucesso de moinho de martelo comercial para gr\u00e3os<\/strong><\/h2>    <p class=\"translation-block\"><strong>Triturador de milho com motor a diesel 9FQ-500 exportado para a Nig\u00e9ria<\/strong><\/p>    <p>O cliente nigeriano estava a trabalhar num projecto de concurso p\u00fablico, principalmente para necessidades locais. Desde o momento em que recebemos o projeto, lemos e estudamos cuidadosamente os requisitos da m\u00e1quina. <\/p>    <p>Seguimos rigorosamente os requisitos da licita\u00e7\u00e3o para fornecer as informa\u00e7\u00f5es relevantes da m\u00e1quina e cada item atendeu aos requisitos. Como resultado, o cliente nigeriano comprou a m\u00e1quina de n\u00f3s, Taizy.<\/p>   <div class=\"wp-block-image\"> <figure class=\"aligncenter size-full\"><img loading=\"lazy\" decoding=\"async\" width=\"720\" height=\"540\" src=\"https:\/\/taizyagromachine.com\/wp-content\/uploads\/2022\/09\/loading-diesel-engine-9FQ-500.webp\" alt=\"carregando motor diesel 9FQ-500\" class=\"wp-image-3371\"\/><figcaption class=\"wp-element-caption\">carregando motor diesel 9FQ-500<\/figcaption><\/figure> <\/div>   <p class=\"translation-block\"><strong>3 tipos de moinhos de martelo vendidos para a Tail\u00e2ndia<\/strong><\/p>    <p>A Taize Machinery vendeu com sucesso tr\u00eas modelos de moinhos de martelo da s\u00e9rie 9FQ para o mercado tailand\u00eas, que s\u00e3o adequados para diferentes tamanhos e aplica\u00e7\u00f5es. Todos os nossos moinhos de martelos de alimenta\u00e7\u00e3o conquistaram amplo reconhecimento dos clientes tailandeses por sua alta efici\u00eancia, durabilidade e estabilidade.<\/p>    <figure class=\"wp-block-gallery aligncenter has-nested-images columns-default is-cropped wp-block-gallery-2 is-layout-flex wp-block-gallery-is-layout-flex\"> <figure class=\"wp-block-image size-large\"><img loading=\"lazy\" decoding=\"async\" width=\"720\" height=\"540\" data-id=\"6311\" src=\"https:\/\/taizyagromachine.com\/wp-content\/uploads\/2022\/09\/hammer-mill-crusher.webp\" alt=\"triturador de martelo\" class=\"wp-image-6311\"\/><figcaption class=\"wp-element-caption\">triturador de martelo<\/figcaption><\/figure>    <figure class=\"wp-block-image size-large\"><img loading=\"lazy\" decoding=\"async\" width=\"720\" height=\"540\" data-id=\"6310\" src=\"https:\/\/taizyagromachine.com\/wp-content\/uploads\/2022\/09\/hammer-mill-crusher-for-Thailand.webp\" alt=\"triturador de martelo para a tail\u00e2ndia\" class=\"wp-image-6310\"\/><figcaption class=\"wp-element-caption\">triturador de martelo para a tail\u00e2ndia<\/figcaption><\/figure> <\/figure>    <h2 class=\"wp-block-heading\" id=\"h-faq\"><strong>Perguntas frequentes sobre moedor de moinho de martelo industrial<\/strong><\/h2>   <div id=\"rank-math-faq\" class=\"rank-math-block\"> <div class=\"rank-math-list\"> <div id=\"faq-question-1667377290190\" class=\"rank-math-list-item\"> <h3 class=\"rank-math-question\"><strong>Q1: Que pot\u00eancia est\u00e1 dispon\u00edvel para o moinho de martelo 9FQ?<\/strong><\/h3> <div class=\"rank-math-answer\">  <p>A1: Motor a gasolina, motor el\u00e9trico e motor diesel.<\/p>  <\/div> <\/div> <div id=\"faq-question-1667377295222\" class=\"rank-math-list-item\"> <h3 class=\"rank-math-question\"><strong>Q2: Qual \u00e9 a capacidade?<\/strong><\/h3> <div class=\"rank-math-answer\">  <p>A2: Sua capacidade \u00e9 muito grande, de 100kg\/h a 3t\/h.<\/p>  <\/div> <\/div> <div id=\"faq-question-1667377303614\" class=\"rank-math-list-item\"> <h3 class=\"rank-math-question\"><strong>Q3: Qu\u00e3o fino o material pode ser triturado?<\/strong><\/h3> <div class=\"rank-math-answer\">  <p>A3: Depende da tela que voc\u00ea escolher e da qualidade que voc\u00ea precisa. A tela tem 1 mm-3 cm, 4 cm e 5 cm. Se voc\u00ea tiver demandas especiais, entre em contato conosco para obter detalhes!<\/p>  <\/div> <\/div> <\/div> <\/div>   <h2 class=\"wp-block-heading\"><strong>Entre em contato conosco para saber o pre\u00e7o da fresadora de gr\u00e3os!<\/strong><\/h2>    <p class=\"translation-block\">Para informa\u00e7\u00f5es sobre o pre\u00e7o de m\u00e1quinas de moagem de <a href=\"https:\/\/en.wikipedia.org\/wiki\/Grain\" target=\"_blank\" rel=\"noopener\">gr\u00e3os<\/a>, entre em contato conosco agora! Fornecemos todos os tipos de equipamentos de processamento de gr\u00e3os de alta qualidade, e nossa equipe profissional lhe dar\u00e1 uma cota\u00e7\u00e3o detalhada de acordo com suas necessidades, e lhe fornecer\u00e1 introdu\u00e7\u00e3o abrangente de produtos e servi\u00e7os de consultoria de compra.<\/p>    <figure class=\"wp-block-embed is-type-video is-provider-youtube wp-block-embed-youtube wp-embed-aspect-16-9 wp-has-aspect-ratio\"><div class=\"wp-block-embed__wrapper\"> <iframe loading=\"lazy\" title=\"M\u00e1quina de moagem de milho 9fq: moagem de milho eficiente para f\u00e1cil fabrica\u00e7\u00e3o de farinho | Moinho de moedor de milho\" width=\"500\" height=\"281\" src=\"https:\/\/www.youtube.com\/embed\/g81m6gqrChs?feature=oembed\" frameborder=\"0\" allow=\"accelerometer; autoplay; clipboard-write; encrypted-media; gyroscope; picture-in-picture; web-share\" referrerpolicy=\"strict-origin-when-cross-origin\" allowfullscreen><\/iframe> <\/div><figcaption class=\"wp-element-caption\">v\u00eddeo de moinho de moagem de milho<\/figcaption><\/figure>","protected":false},"excerpt":{"rendered":"<p>O moinho de martelo tritura materiais secos, como milho, soja, mudas de amendoim, palha seca, etc., com capacidade de 100kg-3000kg por hora. Neste artigo, descrevemos principalmente os modelos de moinho de martelo para sua refer\u00eancia na escolha.<\/p>","protected":false},"author":1,"featured_media":3362,"parent":0,"template":"","tags":[189,131,190],"product-type":[17],"class_list":["post-3340","product","type-product","status-publish","has-post-thumbnail","hentry","tag-corn-grits-making-machine","tag-corn-milling-machine","tag-maize-grits-milling-machine","product-type-corn-machine"],"_links":{"self":[{"href":"https:\/\/taizyagromachine.com\/pt\/wp-json\/wp\/v2\/product\/3340","targetHints":{"allow":["GET"]}}],"collection":[{"href":"https:\/\/taizyagromachine.com\/pt\/wp-json\/wp\/v2\/product"}],"about":[{"href":"https:\/\/taizyagromachine.com\/pt\/wp-json\/wp\/v2\/types\/product"}],"author":[{"embeddable":true,"href":"https:\/\/taizyagromachine.com\/pt\/wp-json\/wp\/v2\/users\/1"}],"wp:featuredmedia":[{"embeddable":true,"href":"https:\/\/taizyagromachine.com\/pt\/wp-json\/wp\/v2\/media\/3362"}],"wp:attachment":[{"href":"https:\/\/taizyagromachine.com\/pt\/wp-json\/wp\/v2\/media?parent=3340"}],"wp:term":[{"taxonomy":"post_tag","embeddable":true,"href":"https:\/\/taizyagromachine.com\/pt\/wp-json\/wp\/v2\/tags?post=3340"},{"taxonomy":"product-type","embeddable":true,"href":"https:\/\/taizyagromachine.com\/pt\/wp-json\/wp\/v2\/product-type?post=3340"}],"curies":[{"name":"wp","href":"https:\/\/api.w.org\/{rel}","templated":true}]}}