{"id":3385,"date":"2022-09-15T07:13:10","date_gmt":"2022-09-15T07:13:10","guid":{"rendered":"https:\/\/taizyagromachine.com\/?post_type=product&#038;p=3385"},"modified":"2023-12-28T17:40:18","modified_gmt":"2023-12-28T09:40:18","slug":"fresh-corn-sheller","status":"publish","type":"product","link":"https:\/\/taizyagromachine.com\/pt\/product\/fresh-corn-sheller\/","title":{"rendered":"Descascador de milho fresco para debulha de milho doce"},"content":{"rendered":"<p class=\"translation-block\">A debulhadora de milho fresco Taizy \u00e9 um tipo de equipamento de processamento de milho utilizado para debulhar milho glutinoso, milho fresco, milho doce, milho congelado, etc. Esta debulhadora de milho doce tem alta efici\u00eancia e \u00e9 f\u00e1cil de usar. Portanto, esta m\u00e1quina \u00e9 muito popular em casa e no estrangeiro, sendo frequentemente exportada para outros pa\u00edses. <\/p>    <p>Nossa m\u00e1quina para descascar milho fresco \u00e9 frequentemente exportada para pa\u00edses como Marrocos, Tail\u00e2ndia e Estados Unidos. Se voc\u00ea estiver interessado nesta m\u00e1quina, entre em contato conosco!<\/p>    <figure class=\"wp-block-embed is-type-video is-provider-youtube wp-block-embed-youtube wp-embed-aspect-16-9 wp-has-aspect-ratio\"><div class=\"wp-block-embed__wrapper\"> <iframe loading=\"lazy\" title=\"M\u00e1quina Debulhadora de Milho Doce 2022 | M\u00e1quina descascadora de milho fresco para uso comercial e dom\u00e9stico #sweetcorn\" width=\"500\" height=\"281\" src=\"https:\/\/www.youtube.com\/embed\/22IhEMWITb8?start=5&#038;feature=oembed\" frameborder=\"0\" allow=\"accelerometer; autoplay; clipboard-write; encrypted-media; gyroscope; picture-in-picture; web-share\" referrerpolicy=\"strict-origin-when-cross-origin\" allowfullscreen><\/iframe> <\/div><figcaption class=\"wp-element-caption\">v\u00eddeo de trabalho do debulhador mazie de milho doce<\/figcaption><\/figure>    <h2 class=\"wp-block-heading\"><strong>Tipos de m\u00e1quina descascadora de milho fresco para venda<\/strong><\/h2>    <p> Para a debulhadora de milho doce, dispomos de dois tipos de acordo com a disponibilidade da correia transportadora: SL-268 e SL-368.<\/p>    <figure class=\"wp-block-gallery aligncenter has-nested-images columns-default is-cropped wp-block-gallery-2 is-layout-flex wp-block-gallery-is-layout-flex\"> <figure class=\"wp-block-image size-large\"><img loading=\"lazy\" decoding=\"async\" width=\"540\" height=\"720\" data-id=\"3395\" src=\"https:\/\/taizyagromachine.com\/wp-content\/uploads\/2022\/09\/SL-268-sweet-corn-sheller.webp\" alt=\"SL-268-descascador de milho doce\" class=\"wp-image-3395\"\/><figcaption class=\"wp-element-caption\">Descascador de milho doce SL-268<\/figcaption><\/figure>    <figure class=\"wp-block-image size-large\"><img loading=\"lazy\" decoding=\"async\" width=\"540\" height=\"720\" data-id=\"3396\" src=\"https:\/\/taizyagromachine.com\/wp-content\/uploads\/2022\/09\/SL-368-fresh-corn-thresher.webp\" alt=\"SL-368-debulhador de milho fresco\" class=\"wp-image-3396\"\/><figcaption class=\"wp-element-caption\">Debulhador de milho fresco SL-368<\/figcaption><\/figure> <\/figure>    <ul class=\"wp-block-list\"> <li><strong>Debulhador de milho fresco sem correia transportadora<\/strong>: Este tipo de m\u00e1quina geralmente requer alimenta\u00e7\u00e3o manual do milho, que \u00e9 trilhado atrav\u00e9s do tambor girat\u00f3rio interno e da estrutura dent\u00e1ria da espiga. \u00c9 relativamente simples de operar e adequado para uso dom\u00e9stico ou em pequena escala.<\/li>    <li><strong>Descascador de milho fresco doce com correia transportadora<\/strong>: Este modelo \u00e9 equipado com um sistema de transporte autom\u00e1tico, que pode alimentar o milho de forma cont\u00ednua e eficiente na \u00e1rea de debulha, melhorando muito a efici\u00eancia de trabalho. Adequado para produ\u00e7\u00e3o agr\u00edcola em grande escala ou processamento comercial, pode reduzir a intensidade do trabalho manual e melhorar a produtividade.<\/li> <\/ul>    <figure class=\"wp-block-embed is-type-video is-provider-youtube wp-block-embed-youtube wp-embed-aspect-16-9 wp-has-aspect-ratio\"><div class=\"wp-block-embed__wrapper\"> <iframe loading=\"lazy\" title=\"Debulha Eficiente! Debulhador de milho doce fresco | M\u00e1quina de descascar milho fresco\" width=\"500\" height=\"281\" src=\"https:\/\/www.youtube.com\/embed\/DJhhB9xqRE0?feature=oembed\" frameborder=\"0\" allow=\"accelerometer; autoplay; clipboard-write; encrypted-media; gyroscope; picture-in-picture; web-share\" referrerpolicy=\"strict-origin-when-cross-origin\" allowfullscreen><\/iframe> <\/div><figcaption class=\"wp-element-caption\">v\u00eddeo de trabalho do descascador de milho fresco com correia transportadora <\/figcaption><\/figure>    <p>Independentemente do tipo, o debulhador de milho fresco pode separar com efic\u00e1cia os gr\u00e3os de milho das espigas para posterior processamento e armazenamento.<\/p>    <h2 class=\"wp-block-heading\" id=\"h-technical-parameters-of-the-fresh-sweet-corn-sheller\"><strong>Par\u00e2metros T\u00e9cnicos do Descascador de Milho Doce Fresco<\/strong><\/h2>    <figure class=\"wp-block-table\"><table><tbody><tr><td>Modelo<\/td><td>TZ-268<\/td><td>TZ-368<\/td><\/tr><tr><td>Poder<\/td><td>1,0kW<\/td><td>0,4kW + 0,75kW+0,25kW<\/td><\/tr><tr><td>Capacidade<\/td><td>400-500 kg\/hora<\/td><td>400-500 kg\/hora<\/td><\/tr><tr><td>Peso<\/td><td>100kg<\/td><td>110kg<\/td><\/tr><tr><td>Tamanho<\/td><td>700(C)\u00d7620(L)\u00d71250(A)mm<\/td><td>1320(C)*620(L)*1250(A)mm<\/td><\/tr><tr><td>Tens\u00e3o<\/td><td>220V,1 fase, 50Hz<\/td><td>240 V, monof\u00e1sico, 60 Hz<\/td><\/tr><\/tbody><\/table><figcaption class=\"wp-element-caption\">par\u00e2metros t\u00e9cnicos da debulhadora de milho doce fresco<\/figcaption><\/figure>    <h2 class=\"wp-block-heading\"><strong>Aplica\u00e7\u00f5es da M\u00e1quina Descascadora de Milho Fresco<\/strong><\/h2>    <p class=\"translation-block\"><strong>Tipos de milho<\/strong>: a m\u00e1quina debulhadora de milho doce pode debulhar milho doce, milho fresco, milho de fruta, milho congelado, etc.<\/p>    <p class=\"translation-block\"><strong>Empresas fabris aplic\u00e1veis<\/strong>: cozinhas centrais, sementes de milho enlatadas, milho em sumo congelado r\u00e1pido, f\u00e1brica de sementes de milho, processamento de alimentos secos, processamento de subprodutos agr\u00edcolas, etc.<\/p>    <h2 class=\"wp-block-heading\"><strong>Etapas de trabalho da debulhadora de milho fresco<\/strong><\/h2>    <div class=\"wp-block-media-text alignwide is-stacked-on-mobile\"><figure class=\"wp-block-media-text__media\"><img loading=\"lazy\" decoding=\"async\" width=\"720\" height=\"540\" src=\"https:\/\/taizyagromachine.com\/wp-content\/uploads\/2022\/09\/feeding-system.webp\" alt=\"Sistema de alimenta\u00e7\u00e3o\" class=\"wp-image-3407 size-full\"\/><\/figure><div class=\"wp-block-media-text__content\"> <p class=\"translation-block\"><strong>Sistema de alimenta\u00e7\u00e3o<\/strong><\/p> <\/div><\/div>    <div class=\"wp-block-media-text alignwide has-media-on-the-right is-stacked-on-mobile\"><div class=\"wp-block-media-text__content\"> <p class=\"translation-block\"><strong>A parte central da debulhadora de milho doce<\/strong><\/p> <\/div><figure class=\"wp-block-media-text__media\"><img loading=\"lazy\" decoding=\"async\" width=\"540\" height=\"540\" src=\"https:\/\/taizyagromachine.com\/wp-content\/uploads\/2022\/09\/corn-part-of-the-sweet-corn-thresher.webp\" alt=\"parte de milho da debulhadora de milho doce\" class=\"wp-image-3419 size-full\"\/><\/figure><\/div>    <div class=\"wp-block-media-text alignwide is-stacked-on-mobile\"><figure class=\"wp-block-media-text__media\"><img loading=\"lazy\" decoding=\"async\" width=\"540\" height=\"540\" src=\"https:\/\/taizyagromachine.com\/wp-content\/uploads\/2022\/09\/corn-seeds-and-corn-cob-separation.webp\" alt=\"Sementes de milho e separa\u00e7\u00e3o de espigas de milho\" class=\"wp-image-3421 size-full\"\/><\/figure><div class=\"wp-block-media-text__content\"> <p class=\"translation-block\"><strong>Separa\u00e7\u00e3o de sementes de milho e espigas de milho<\/strong><\/p> <\/div><\/div>    <div class=\"wp-block-media-text alignwide has-media-on-the-right is-stacked-on-mobile\"><div class=\"wp-block-media-text__content\"> <p class=\"translation-block\"><strong>Descarga de espigas de milho<\/strong><\/p> <\/div><figure class=\"wp-block-media-text__media\"><img loading=\"lazy\" decoding=\"async\" width=\"540\" height=\"540\" src=\"https:\/\/taizyagromachine.com\/wp-content\/uploads\/2022\/09\/corn-cob-discharge.webp\" alt=\"descarga de espiga de milho\" class=\"wp-image-3423 size-full\"\/><\/figure><\/div>    <h2 class=\"wp-block-heading\"><strong>Acess\u00f3rios da Descascadora de Milho Doce<\/strong><\/h2>    <div class=\"wp-block-media-text alignwide is-stacked-on-mobile\"><figure class=\"wp-block-media-text__media\"><img loading=\"lazy\" decoding=\"async\" width=\"610\" height=\"540\" src=\"https:\/\/taizyagromachine.com\/wp-content\/uploads\/2022\/09\/plate-and-blades.webp\" alt=\"placa e l\u00e2minas\" class=\"wp-image-3425 size-full\"\/><\/figure><div class=\"wp-block-media-text__content\"> <p class=\"translation-block\"><strong>Placa e l\u00e2minas<\/strong><\/p>    <p>Estes s\u00e3o os acess\u00f3rios do descascador de milho fresco. Se voc\u00ea quiser mais op\u00e7\u00f5es, diga-nos diretamente.<\/p> <\/div><\/div>    <h2 class=\"wp-block-heading\"><strong>M\u00e1quinas Taizy: fabricante credenciado de descascador de milho fresco<\/strong><\/h2>    <p class=\"translation-block\">Como fabricante e fornecedor profissional de maquinaria agr\u00edcola, temos uma vasta gama de maquinaria agr\u00edcola na Taizy. Existem n\u00e3o s\u00f3 debulhadoras de milho fresco, semeadoras de milho e ceifeiras de milho, mas tamb\u00e9m m\u00e1quinas de amendoim relacionadas, m\u00e1quinas de silagem, e assim por diante. Temos as seguintes vantagens:<\/p>    <ul class=\"wp-block-list\"> <li><strong>Produtos de alta qualidade<\/strong>: A Taizy Machinery concentra-se na qualidade do produto e controla rigorosamente o processo de produ\u00e7\u00e3o para garantir a durabilidade e estabilidade de desempenho do equipamento. Seus produtos contam com a confian\u00e7a dos clientes por seu excelente processo de fabrica\u00e7\u00e3o, alta efici\u00eancia e longa vida \u00fatil.<\/li>    <li><strong>Atendimento personalizado<\/strong>: Para as necessidades espec\u00edficas de diferentes clientes, a Taize Machinery fornece solu\u00e7\u00f5es personalizadas, desde a sele\u00e7\u00e3o, design e fabrica\u00e7\u00e3o de equipamentos at\u00e9 a instala\u00e7\u00e3o e comissionamento, fornecendo aos clientes servi\u00e7os profissionais durante todo o processo.<\/li>    <li><strong>Servi\u00e7o p\u00f3s-venda abrangente<\/strong>: Atribu\u00edmos grande import\u00e2ncia ao servi\u00e7o p\u00f3s-venda, prestando uma gama completa de servi\u00e7os, incluindo manuten\u00e7\u00e3o de equipamentos, suporte t\u00e9cnico, fornecimento de pe\u00e7as, para garantir que os problemas encontrados pelos clientes no processo de utiliza\u00e7\u00e3o possam ser resolvidos prontamente.<\/li>    <li><strong>Credibilidade e experi\u00eancia<\/strong>: Com anos de experi\u00eancia na ind\u00fastria e boa reputa\u00e7\u00e3o no mercado, a Taize Machinery estabeleceu uma base de clientes est\u00e1vel e uma ampla rede de neg\u00f3cios, que conquistou a confian\u00e7a e elogios de nossos clientes.<\/li> <\/ul>    <h2 class=\"wp-block-heading\"><strong>Casos globais de m\u00e1quina debulhadora de milho doce fresco <\/strong><\/h2>    <p class=\"translation-block\"><strong>Debulhadora de Milho Doce Vendida para Marrocos<\/strong><\/p>    <p>Este cliente marroquino tinha uma grande quantidade de milho doce glutinoso que precisava de ser debulhado e assim processado para a pr\u00f3xima etapa do processo do milho. Quando ele encontrou nosso descascador de milho fresco online, ele nos enviou uma consulta. <\/p>    <p>Nosso gerente de vendas profissional apresentou a ele duas de nossas m\u00e1quinas. Depois de ler as informa\u00e7\u00f5es, o cliente marroquino se interessou pela m\u00e1quina que mais economiza m\u00e3o de obra, a SL-368, e assistiu ao v\u00eddeo de funcionamento da m\u00e1quina. Finalmente, ele fez o pedido. Embalamos a m\u00e1quina e entregamos em seu porto.<\/p>   <div class=\"wp-block-image\"> <figure class=\"aligncenter size-full\"><img loading=\"lazy\" decoding=\"async\" width=\"720\" height=\"540\" src=\"https:\/\/taizyagromachine.com\/wp-content\/uploads\/2022\/09\/sweet-corn-sheller-machine-package.webp\" alt=\"pacote de m\u00e1quina descascadora de milho doce\" class=\"wp-image-3401\"\/><figcaption class=\"wp-element-caption\">pacote de m\u00e1quina descascadora de milho doce<\/figcaption><\/figure> <\/div>   <p class=\"translation-block\"><strong>Debulhadora de Milho Fresco Vendida para o Egito<\/strong><\/p>    <p>No mercado eg\u00edpcio, nossa debulhadora industrial de milho fresco ganhou grande reconhecimento por seu excelente desempenho e adaptabilidade. Projetada especificamente para milho fresco, esta m\u00e1quina \u00e9 capaz de lidar com efici\u00eancia com a descasque e debulha de uma ampla variedade de variedades de milho, incluindo milho glutinoso. Simples de operar e f\u00e1cil de manter, garante um processo r\u00e1pido e limpo, mantendo a integridade do gr\u00e3o de milho. <\/p>    <figure class=\"wp-block-gallery aligncenter has-nested-images columns-default is-cropped wp-block-gallery-3 is-layout-flex wp-block-gallery-is-layout-flex\"> <figure class=\"wp-block-image size-large\"><img loading=\"lazy\" decoding=\"async\" width=\"540\" height=\"720\" data-id=\"6277\" src=\"https:\/\/taizyagromachine.com\/wp-content\/uploads\/2022\/09\/fresh-corn-sheller-with-conveyor-belt.webp\" alt=\"descascador de milho fresco com correia transportadora\" class=\"wp-image-6277\"\/><figcaption class=\"wp-element-caption\">descascador de milho fresco com correia transportadora<\/figcaption><\/figure>    <figure class=\"wp-block-image size-large\"><img loading=\"lazy\" decoding=\"async\" width=\"540\" height=\"720\" data-id=\"6279\" src=\"https:\/\/taizyagromachine.com\/wp-content\/uploads\/2022\/09\/sweet-corn-shelling-machine-for-sale.webp\" alt=\"M\u00e1quina de descascar milho doce para venda\" class=\"wp-image-6279\"\/><figcaption class=\"wp-element-caption\">M\u00e1quina de descascar milho doce para venda<\/figcaption><\/figure>    <figure class=\"wp-block-image size-large\"><img loading=\"lazy\" decoding=\"async\" width=\"540\" height=\"720\" data-id=\"6278\" src=\"https:\/\/taizyagromachine.com\/wp-content\/uploads\/2022\/09\/package-sweet-fresh-corn-sheller-and-threser.webp\" alt=\"pacote descascador e debulhador de milho doce fresco\" class=\"wp-image-6278\"\/><figcaption class=\"wp-element-caption\">pacote descascador e debulhador de milho doce fresco<\/figcaption><\/figure> <\/figure>    <h2 class=\"wp-block-heading\" id=\"h-faq\"><strong>Perguntas frequentes sobre a m\u00e1quina de descascar milho doce fresco<\/strong><\/h2>   <div id=\"rank-math-faq\" class=\"rank-math-block\"> <div class=\"rank-math-list\"> <div id=\"faq-question-1663828057565\" class=\"rank-math-list-item\"> <h3 class=\"rank-math-question\"><strong>Q1: Quais s\u00e3o os materiais da m\u00e1quina descascadora de milho fresco?<\/strong><\/h3> <div class=\"rank-math-answer\">  <p class=\"translation-block\"><strong>R1: Material de a\u00e7o inoxid\u00e1vel SUS304.<\/strong><\/p>  <\/div> <\/div> <div id=\"faq-question-1663828063454\" class=\"rank-math-list-item\"> <h3 class=\"rank-math-question\"><strong>Q2: Que tipo de milho esta m\u00e1quina \u00e9 adequada para debulhar?<\/strong><\/h3> <div class=\"rank-math-answer\">  <p>A2: Milho doce, milho glutinoso, milho fresco, milho frutado, milho congelado, etc.<\/p>  <\/div> <\/div> <div id=\"faq-question-1663828088495\" class=\"rank-math-list-item\"> <h3 class=\"rank-math-question\"><strong>Q3: Que tal a garantia de qualidade?<\/strong><\/h3> <div class=\"rank-math-answer\">  <p>A3: Per\u00edodo de um ano. Somos respons\u00e1veis \u200b\u200bpelas avarias causadas pela pr\u00f3pria m\u00e1quina e pela qualidade. Se outras avarias forem causadas por erros de opera\u00e7\u00e3o, problemas provocados pelo homem, etc., voc\u00ea, o cliente, dever\u00e1 ser respons\u00e1vel.<\/p>  <\/div> <\/div> <\/div> <\/div>   <h2 class=\"wp-block-heading\"><strong>Contate-nos para obter detalhes e pre\u00e7os da m\u00e1quina debulhadora de milho doce fresco!<\/strong><\/h2>    <p class=\"translation-block\">Se procura uma debulhadora de milho fresco eficiente e fi\u00e1vel para melhorar a efici\u00eancia do seu processamento de <a href=\"https:\/\/en.wikipedia.org\/wiki\/Sweet_corn\" target=\"_blank\" rel=\"noopener\">milho doce<\/a>, convidamo-lo a contactar-nos. A nossa gama de debulhadoras de milho doce inclui modelos para satisfazer uma variedade de necessidades, quer se trate de uma pequena explora\u00e7\u00e3o agr\u00edcola familiar ou de uma grande produ\u00e7\u00e3o comercial, temos uma solu\u00e7\u00e3o para si.<\/p>","protected":false},"excerpt":{"rendered":"<p>Nosso Descascador de Milho Fresco \u00e9 uma m\u00e1quina para debulhar v\u00e1rios tipos de milho pegajoso, existem dois tipos de SL-268 e SL-368. Neste artigo descrevemos os tipos de m\u00e1quinas, par\u00e2metros, hist\u00f3rias de sucesso, nossas vantagens, etc.<\/p>","protected":false},"author":1,"featured_media":3388,"parent":0,"template":"","tags":[191,193,192,194],"product-type":[17],"class_list":["post-3385","product","type-product","status-publish","has-post-thumbnail","hentry","tag-corn-sheller","tag-fresh-corn-sheller","tag-maize-thresher","tag-sweet-corn-thresher","product-type-corn-machine"],"_links":{"self":[{"href":"https:\/\/taizyagromachine.com\/pt\/wp-json\/wp\/v2\/product\/3385","targetHints":{"allow":["GET"]}}],"collection":[{"href":"https:\/\/taizyagromachine.com\/pt\/wp-json\/wp\/v2\/product"}],"about":[{"href":"https:\/\/taizyagromachine.com\/pt\/wp-json\/wp\/v2\/types\/product"}],"author":[{"embeddable":true,"href":"https:\/\/taizyagromachine.com\/pt\/wp-json\/wp\/v2\/users\/1"}],"wp:featuredmedia":[{"embeddable":true,"href":"https:\/\/taizyagromachine.com\/pt\/wp-json\/wp\/v2\/media\/3388"}],"wp:attachment":[{"href":"https:\/\/taizyagromachine.com\/pt\/wp-json\/wp\/v2\/media?parent=3385"}],"wp:term":[{"taxonomy":"post_tag","embeddable":true,"href":"https:\/\/taizyagromachine.com\/pt\/wp-json\/wp\/v2\/tags?post=3385"},{"taxonomy":"product-type","embeddable":true,"href":"https:\/\/taizyagromachine.com\/pt\/wp-json\/wp\/v2\/product-type?post=3385"}],"curies":[{"name":"wp","href":"https:\/\/api.w.org\/{rel}","templated":true}]}}