{"id":3454,"date":"2022-09-21T08:14:33","date_gmt":"2022-09-21T08:14:33","guid":{"rendered":"https:\/\/taizyagromachine.com\/?post_type=product&#038;p=3454"},"modified":"2025-05-20T14:03:14","modified_gmt":"2025-05-20T06:03:14","slug":"corn-cleaning-machine","status":"publish","type":"product","link":"https:\/\/taizyagromachine.com\/pt\/product\/corn-cleaning-machine\/","title":{"rendered":"M\u00e1quina de limpeza de milho"},"content":{"rendered":"<p>A m\u00e1quina de limpeza de milho limpa principalmente os gr\u00e3os de milho ap\u00f3s a debulha, o que pode remover as impurezas do milho e obter uma semente de milho mais limpa. O limpador de milho Taizy tem as vantagens de opera\u00e7\u00e3o simples, f\u00e1cil utiliza\u00e7\u00e3o e alta efici\u00eancia. Este limpador de milho pode remover areia, pequenas pedras, espigas de milho, etc., para obter sementes de milho limpas. Assim, voc\u00ea pode armazenar o milho por um per\u00edodo mais longo. Portanto, se estiver interessado, entre em contato conosco imediatamente!<\/p>    <figure class=\"wp-block-embed is-type-video is-provider-youtube wp-block-embed-youtube wp-embed-aspect-16-9 wp-has-aspect-ratio\"><div class=\"wp-block-embed__wrapper\"> <iframe loading=\"lazy\" title=\"M\u00e1quina de limpeza de milho eficiente para processamento de milho | Limpador de milho usado na limpeza de telas de gr\u00e3os\" width=\"500\" height=\"281\" src=\"https:\/\/www.youtube.com\/embed\/y8_33pFPUaI?feature=oembed\" frameborder=\"0\" allow=\"accelerometer; autoplay; clipboard-write; encrypted-media; gyroscope; picture-in-picture; web-share\" referrerpolicy=\"strict-origin-when-cross-origin\" allowfullscreen><\/iframe> <\/div><figcaption class=\"wp-element-caption\">v\u00eddeo de m\u00e1quina de limpeza de milho<\/figcaption><\/figure>    <h2 class=\"wp-block-heading\"><strong>Estrutura do Equipamento de Limpeza de Milho<\/strong><\/h2>    <p>Na verdade, esta m\u00e1quina de limpeza de milho tem uma estrutura muito simples. Sua composi\u00e7\u00e3o conta com entrada de milho, sa\u00edda de milho, sa\u00edda de impurezas, sa\u00edda de areia, sa\u00edda de pedra, ventilador, motor e correia. A partir disso, voc\u00ea pode entender facilmente a m\u00e1quina e us\u00e1-la bem e rapidamente. <\/p>    <figure class=\"wp-block-gallery aligncenter has-nested-images columns-default is-cropped wp-block-gallery-2 is-layout-flex wp-block-gallery-is-layout-flex\"> <figure class=\"wp-block-image size-full\"><img loading=\"lazy\" decoding=\"async\" width=\"720\" height=\"540\" data-id=\"3464\" src=\"https:\/\/taizyagromachine.com\/wp-content\/uploads\/2022\/09\/structure-of-the-maize-cleaner.webp\" alt=\"estrutura-do-limpador-de-milho\" class=\"wp-image-3464\"\/><figcaption class=\"wp-element-caption\">estrutura do limpador de milho<\/figcaption><\/figure>    <figure class=\"wp-block-image size-full\"><img loading=\"lazy\" decoding=\"async\" width=\"720\" height=\"540\" data-id=\"3463\" src=\"https:\/\/taizyagromachine.com\/wp-content\/uploads\/2022\/09\/structure-of-the-corn-cleaner.webp\" alt=\"estrutura-do-limpador de milho\" class=\"wp-image-3463\"\/><figcaption class=\"wp-element-caption\">estrutura do limpador de milho<\/figcaption><\/figure> <\/figure>    <h2 class=\"wp-block-heading\"><strong>Vantagens do limpador de milho<\/strong><\/h2>    <ol class=\"wp-block-list\"> <li>Estrutura simples, f\u00e1cil utiliza\u00e7\u00e3o e boa qualidade.<\/li>    <li>Desempenho est\u00e1vel, super qualidade e longa vida \u00fatil.<\/li>    <li>Leve e de pequeno volume. <\/li>    <li>Baixo consumo de energia, economizando energia.<\/li>    <li>Apar\u00eancia bonita, combina\u00e7\u00e3o forte.<\/li>    <li>Alto grau de automa\u00e7\u00e3o.<\/li>    <li>Marca famosa, a m\u00e1quina de limpeza de milho \u00e9 produzida pela Taizy Machinery.<\/li> <\/ol>    <h2 class=\"wp-block-heading\"><strong>Caso de Sucesso: 400-600kg de Limpador de Milho Exportado para Angola<\/strong><\/h2>    <p class=\"translation-block\">O cliente de Angola queria limpar o milho para que a qualidade dos gr\u00e3os pudesse ser garantida, quer para venda quer para armazenamento. Por isso, quando viu que est\u00e1vamos a vender as <a href=\"https:\/\/taizyagromachine.com\/pt\/product\/corn-machine\/\" target=\"_blank\" rel=\"noreferrer noopener\">m\u00e1quinas de milho<\/a> relevantes, perguntou se t\u00ednhamos tais m\u00e1quinas. Sabemos que depois do milho ser debulhado com a <a href=\"https:\/\/taizyagromachine.com\/pt\/product\/maize-thresher\/\" target=\"_blank\" rel=\"noreferrer noopener\">debulhadora de milho<\/a>, ainda existem v\u00e1rias impurezas no milho (como bigodes de milho, espigas de milho, pequenas pedras, etc.). Portanto, o milho precisa de ser limpo adicionalmente. O nosso gestor de vendas recomendou esta m\u00e1quina de limpeza de milho a ele, enviando informa\u00e7\u00f5es sobre a m\u00e1quina (par\u00e2metros, fotos, v\u00eddeo de trabalho, configura\u00e7\u00e3o, etc.). O cliente angolano ficou satisfeito com a m\u00e1quina e fez imediatamente uma encomenda.<\/p>   <div class=\"wp-block-image\"> <figure class=\"aligncenter size-full\"><img loading=\"lazy\" decoding=\"async\" width=\"720\" height=\"540\" src=\"https:\/\/taizyagromachine.com\/wp-content\/uploads\/2022\/09\/corn-cleaning-equipment.webp\" alt=\"equipamento de limpeza de milho\" class=\"wp-image-3477\"\/><figcaption class=\"wp-element-caption\">equipamento de limpeza de milho<\/figcaption><\/figure> <\/div>   <h2 class=\"wp-block-heading\"><strong>Par\u00e2metros do limpador de gr\u00e3os de milho<\/strong><\/h2>    <figure class=\"wp-block-table\"><table><tbody><tr><td>Modelo<\/td><td>TY-57<\/td><td>TY-100<\/td><\/tr><tr><td>Capacidade<\/td><td>400-600kg<\/td><td>800-1200kg<\/td><\/tr><tr><td>Poder de apoio<\/td><td>3kW<\/td><td>4kW<\/td><\/tr><tr><td>Tamanho (C*L*A)<\/td><td>1,7*0,8*2,9m<\/td><td>1,9*1*3m<\/td><\/tr><tr><td>Peso<\/td><td>300kg<\/td><td>\/<\/td><\/tr><\/tbody><\/table><\/figure>    <h2 class=\"wp-block-heading\"><strong>FAQ do limpador de milho<\/strong><\/h2>   <div id=\"rank-math-faq\" class=\"rank-math-block\"> <div class=\"rank-math-list\"> <div id=\"faq-question-1663750458497\" class=\"rank-math-list-item\"> <h3 class=\"rank-math-question\">Q1: Esta m\u00e1quina de limpeza de milho \u00e9 adequada apenas para milho?<\/h3> <div class=\"rank-math-answer\">  <p>A1: Sim, \u00e9. Este equipamento de limpeza de milho s\u00f3 pode ser usado para milho. Se voc\u00ea deseja limpar trigo, milho, etc., podemos recomendar um limpador adequado para voc\u00ea, entre em contato conosco e diga-nos o que voc\u00ea precisa.  <\/p>  <\/div> <\/div> <div id=\"faq-question-1663750592473\" class=\"rank-math-list-item\"> <h3 class=\"rank-math-question\">Q2: Qual \u00e9 o sistema de energia da m\u00e1quina?<\/h3> <div class=\"rank-math-answer\">  <p>A2: Normalmente, usamos o motor para venda de limpador de milho.<\/p>  <\/div> <\/div> <div id=\"faq-question-1663750758008\" class=\"rank-math-list-item\"> <h3 class=\"rank-math-question\">Q3: Como entregar no meu destino?<\/h3> <div class=\"rank-math-answer\">  <p>A3: Geralmente, usamos o envio. Se voc\u00ea tiver outras demandas, \u00e9 s\u00f3 nos contar. N\u00f3s tentamos o nosso melhor para satisfaz\u00ea-lo.<\/p>  <\/div> <\/div> <\/div> <\/div>   <h2 class=\"wp-block-heading\"><strong>V\u00eddeo de trabalho da m\u00e1quina de limpeza de milho<\/strong><\/h2>    <figure class=\"wp-block-embed is-type-video is-provider-youtube wp-block-embed-youtube wp-embed-aspect-16-9 wp-has-aspect-ratio\"><div class=\"wp-block-embed__wrapper\"> <iframe loading=\"lazy\" title=\"M\u00e1quina eficiente de limpeza de milho | Equipamento de limpeza de milho |Limpador de milho de Taizy, 2022 #milho\" width=\"500\" height=\"281\" src=\"https:\/\/www.youtube.com\/embed\/M8XF9pRwodI?feature=oembed\" frameborder=\"0\" allow=\"accelerometer; autoplay; clipboard-write; encrypted-media; gyroscope; picture-in-picture; web-share\" referrerpolicy=\"strict-origin-when-cross-origin\" allowfullscreen><\/iframe> <\/div><\/figure>","protected":false},"excerpt":{"rendered":"<p>The corn cleaning machine mainly cleans the corn kernels after threshing, which can remove the impurities in the corn and get a cleaner corn seed. Taizy corn cleaner has the advantages of simple operation, easy use, and high efficiency. This maize cleaner can remove sand, small stones, corn cobs, etc. for getting clean corn seeds. [&hellip;]<\/p>\n","protected":false},"author":1,"featured_media":3455,"parent":0,"template":"","tags":[196,195],"product-type":[17],"class_list":["post-3454","product","type-product","status-publish","has-post-thumbnail","hentry","tag-corn-cleaning-machine","tag-corn-thresher","product-type-corn-machine"],"_links":{"self":[{"href":"https:\/\/taizyagromachine.com\/pt\/wp-json\/wp\/v2\/product\/3454","targetHints":{"allow":["GET"]}}],"collection":[{"href":"https:\/\/taizyagromachine.com\/pt\/wp-json\/wp\/v2\/product"}],"about":[{"href":"https:\/\/taizyagromachine.com\/pt\/wp-json\/wp\/v2\/types\/product"}],"author":[{"embeddable":true,"href":"https:\/\/taizyagromachine.com\/pt\/wp-json\/wp\/v2\/users\/1"}],"wp:featuredmedia":[{"embeddable":true,"href":"https:\/\/taizyagromachine.com\/pt\/wp-json\/wp\/v2\/media\/3455"}],"wp:attachment":[{"href":"https:\/\/taizyagromachine.com\/pt\/wp-json\/wp\/v2\/media?parent=3454"}],"wp:term":[{"taxonomy":"post_tag","embeddable":true,"href":"https:\/\/taizyagromachine.com\/pt\/wp-json\/wp\/v2\/tags?post=3454"},{"taxonomy":"product-type","embeddable":true,"href":"https:\/\/taizyagromachine.com\/pt\/wp-json\/wp\/v2\/product-type?post=3454"}],"curies":[{"name":"wp","href":"https:\/\/api.w.org\/{rel}","templated":true}]}}