{"id":3644,"date":"2022-10-11T13:50:29","date_gmt":"2022-10-11T05:50:29","guid":{"rendered":"https:\/\/taizyagromachine.com\/?post_type=product&#038;p=3644"},"modified":"2025-01-02T13:53:27","modified_gmt":"2025-01-02T05:53:27","slug":"corn-threshing-machine","status":"publish","type":"product","link":"https:\/\/taizyagromachine.com\/pt\/product\/corn-threshing-machine\/","title":{"rendered":"M\u00e1quina debulhadora de milho multifuncional"},"content":{"rendered":"<p class=\"translation-block\">A m\u00e1quina de debulhar milho Taizy pertence na verdade ao <a href=\"https:\/\/taizyagromachine.com\/pt\/product\/multifunctional-thresher\/\" target=\"_blank\" rel=\"noreferrer noopener\">debuller de gr\u00e3os multifuncional<\/a>, utilizada para descascar milho, sorgo, milhete e soja. A m\u00e1quina debulhadora multifuncional pode usar um motor el\u00e9trico, motor a diesel e PTO como sistema de pot\u00eancia. Al\u00e9m disso, a m\u00e1quina debulhadora de milho \u00e0 venda pode ser equipada com pneus grandes, que s\u00e3o preferidos pelos clientes africanos. <\/p>    <p class=\"translation-block\">Al\u00e9m disso, nossa m\u00e1quina debulhadora multifuncional \u00e9 muito popular em casa e no exterior. Exportamos para muitos pa\u00edses, como Nig\u00e9ria, Botswana, Uganda, Estados Unidos, Bangladesh, <a href=\"https:\/\/taizyagromachine.com\/pt\/info\/corn-sheller-machine-ghana\/\" target=\"_blank\" rel=\"noreferrer noopener\">Gana<\/a>, etc. Se voc\u00ea estiver interessado, sinta-se \u00e0 vontade para nos contatar para mais detalhes!<\/p>    <h2 class=\"wp-block-heading\"><strong>Tipos de debulhadora de milho <\/strong><\/h2>    <p class=\"translation-block\">Como <a href=\"https:\/\/taizyagromachine.com\/pt\/about-us\/\" target=\"_blank\" rel=\"noreferrer noopener\">fabricante e fornecedor profissional de debulhadores de milho<\/a>, temos diferentes apar\u00eancias de m\u00e1quinas para sua refer\u00eancia. Abaixo est\u00e3o exibidos tr\u00eas tipos: respectivamente tipo comum, tipo PTO com pneus grandes e tipo motor a diesel com pneus grandes. Claro, voc\u00ea tamb\u00e9m pode selecionar o motor el\u00e9trico como pot\u00eancia. Depende do que voc\u00ea prefere. <\/p>    <figure class=\"wp-block-gallery aligncenter has-nested-images columns-default is-cropped wp-block-gallery-2 is-layout-flex wp-block-gallery-is-layout-flex\"> <figure class=\"wp-block-image size-large\"><img loading=\"lazy\" decoding=\"async\" width=\"720\" height=\"540\" data-id=\"3648\" src=\"https:\/\/taizyagromachine.com\/wp-content\/uploads\/2022\/10\/corn-thresher-for-sale.webp\" alt=\"debulhador de milho para venda\" class=\"wp-image-3648\"\/><figcaption class=\"wp-element-caption\">debulhador de milho para venda<\/figcaption><\/figure>    <figure class=\"wp-block-image size-large\"><img loading=\"lazy\" decoding=\"async\" width=\"720\" height=\"540\" data-id=\"3650\" src=\"https:\/\/taizyagromachine.com\/wp-content\/uploads\/2022\/10\/corn-threshing-machine-with-PTO-and-tire.webp\" alt=\"debulhadora de milho com tomada de for\u00e7a e pneu\" class=\"wp-image-3650\"\/><figcaption class=\"wp-element-caption\">debulhadora de milho com tomada de for\u00e7a e pneu<\/figcaption><\/figure>    <figure class=\"wp-block-image size-large\"><img loading=\"lazy\" decoding=\"async\" width=\"720\" height=\"540\" data-id=\"3649\" src=\"https:\/\/taizyagromachine.com\/wp-content\/uploads\/2022\/10\/maize-thresher-with-the-diesel-engine-and-tire-.webp\" alt=\"debulhador-de-milho-com-motor-diesel-e-pneu-\" class=\"wp-image-3649\"\/><figcaption class=\"wp-element-caption\">debulhador de milho com motor diesel e pneu <\/figcaption><\/figure> <\/figure>    <h2 class=\"wp-block-heading\"><strong>Aplica\u00e7\u00f5es da m\u00e1quina debulhadora de milho multigr\u00e3os 5T-1000<\/strong><\/h2>    <div class=\"wp-block-media-text alignwide is-stacked-on-mobile\"><figure class=\"wp-block-media-text__media\"><img loading=\"lazy\" decoding=\"async\" width=\"540\" height=\"600\" src=\"https:\/\/taizyagromachine.com\/wp-content\/uploads\/2022\/10\/applications-of-the-mutifunctional-thresher-machine.webp\" alt=\"aplica\u00e7\u00f5es da m\u00e1quina debulhadora multifuncional\" class=\"wp-image-3656 size-full\"\/><\/figure><div class=\"wp-block-media-text__content\"> <p>Devido \u00e0s suas multifun\u00e7\u00f5es, este tipo de debulhadora de milho \u00e9 principalmente para milho, sorgo, milheto e soja. Al\u00e9m disso, serve para debulhar fava, milheto, arroz, trigo, gr\u00e3o de bico, etc. <\/p> <\/div><\/div>    <h2 class=\"wp-block-heading\"><strong>Estrutura do <a href=\"https:\/\/cornmachines.com\/multifunctional-thresher-machine\/\" target=\"_blank\" rel=\"noreferrer noopener\">Debulhador de milho multifuncional para venda<\/a><\/strong><\/h2>    <p>Sua estrutura fica bem clara na imagem abaixo. A debulhadora de milho \u00e9 composta por entrada, sa\u00edda, ventiladores duplos, rodas grandes, pe\u00e7a de reten\u00e7\u00e3o e sistema de energia (PTO). Deve-se atentar que esta m\u00e1quina possui 3 peneiras e 2 ventiladores, o que permite obter um milho mais limpo.<\/p>   <div class=\"wp-block-image\"> <figure class=\"aligncenter size-full\"><img loading=\"lazy\" decoding=\"async\" width=\"720\" height=\"540\" src=\"https:\/\/taizyagromachine.com\/wp-content\/uploads\/2022\/10\/structure-of-the-corn-thresher-machine.webp\" alt=\"estrutura da m\u00e1quina debulhadora de milho\" class=\"wp-image-3658\"\/><figcaption class=\"wp-element-caption\">estrutura da m\u00e1quina debulhadora de milho<\/figcaption><\/figure> <\/div>   <h2 class=\"wp-block-heading\"><strong>O que afeta o pre\u00e7o da debulhadora de milho?<\/strong><\/h2>    <ul class=\"wp-block-list\"> <li><strong>Configura\u00e7\u00e3o da m\u00e1quina<\/strong>. \u00c9 muito f\u00e1cil de entender. Se voc\u00ea quiser comprar uma debulhadora de milho sem pneus, ela deve ser bem mais barata do que uma m\u00e1quina com pneus grandes.<\/li>    <li><strong>Sistema de energia da m\u00e1quina<\/strong>. Como esse tipo de debulhador de milho multifuncional pode usar tr\u00eas pot\u00eancias, cada tipo tem um pre\u00e7o diferente. <\/li>    <li><strong>A dist\u00e2ncia de entrega<\/strong>. Quando voc\u00ea deseja enviar para a Nig\u00e9ria ou para Gana, as dist\u00e2ncias s\u00e3o diferentes. Claro, a taxa de transporte \u00e9 diferente.<\/li> <\/ul>    <h2 class=\"wp-block-heading\"><strong>Vantagens da Debulhadora Multifuncional<\/strong><\/h2>    <ol class=\"wp-block-list\"> <li>Tr\u00eas sistemas de energia: tomada de for\u00e7a, motor diesel e motor el\u00e9trico.<\/li>    <li>Pneus e quadro grandes, f\u00e1ceis de mover.<\/li>    <li>Multifun\u00e7\u00f5es: \u00e9 utilizado para trilhar milho, sorgo, milheto e soja. <\/li>    <li>Alta efici\u00eancia e op\u00e7\u00f5es de energia flex\u00edveis.<\/li> <\/ol>    <h2 class=\"wp-block-heading\"><strong>Caso de sucesso: Grande m\u00e1quina debulhadora multifuncional de milho vendida para Bangladesh<\/strong><\/h2>    <div class=\"wp-block-media-text alignwide is-stacked-on-mobile\"><figure class=\"wp-block-media-text__media\"><img loading=\"lazy\" decoding=\"async\" width=\"540\" height=\"600\" src=\"https:\/\/taizyagromachine.com\/wp-content\/uploads\/2022\/10\/package.webp\" alt=\"pacote\" class=\"wp-image-3659 size-full\"\/><\/figure><div class=\"wp-block-media-text__content\"> <p>O cliente de Bangladesh queria comprar uma debulhadora de milho e nos contatou depois de ver nossa m\u00e1quina enquanto pesquisava online.<\/p>    <p>Enquanto navegava em nosso site, ele viu esta m\u00e1quina multifuncional e ficou mais interessado nela. E atrav\u00e9s da apresenta\u00e7\u00e3o da nossa gerente de vendas Anna, ele sabia que esta m\u00e1quina \u00e9 multifuncional e queria compr\u00e1-la ainda mais.<\/p>    <p>Finalmente, o cliente de Bangladesh encomendou uma debulhadora vermelha com rodas grandes.<\/p> <\/div><\/div>    <h2 class=\"wp-block-heading\"><strong>V\u00eddeo de trabalho da grande m\u00e1quina debulhadora de milho<\/strong><\/h2>    <figure class=\"wp-block-embed is-type-video is-provider-youtube wp-block-embed-youtube wp-embed-aspect-16-9 wp-has-aspect-ratio\"><div class=\"wp-block-embed__wrapper\"> <iframe loading=\"lazy\" title=\"Grande m\u00e1quina debulhadora de gr\u00e3os multifuncional para milho\/milho, sorgo, soja, milho, arroz, trigo\" width=\"500\" height=\"281\" src=\"https:\/\/www.youtube.com\/embed\/6AIQ2-hvsdY?start=4&#038;feature=oembed\" frameborder=\"0\" allow=\"accelerometer; autoplay; clipboard-write; encrypted-media; gyroscope; picture-in-picture; web-share\" referrerpolicy=\"strict-origin-when-cross-origin\" allowfullscreen><\/iframe> <\/div><\/figure>    <h2 class=\"wp-block-heading\"><strong>Par\u00e2metros T\u00e9cnicos da M\u00e1quina Debulhadora de Milho<\/strong><\/h2>    <figure class=\"wp-block-table\"><table><tbody><tr><td>Modelo<\/td><td>5T-1000<\/td><\/tr><tr><td>Aplicativo<\/td><td>Milho, sorgo, milho, soja<\/td><\/tr><tr><td>Poder<\/td><td>Motor diesel 12HP<\/td><\/tr><tr><td>Velocidade do eixo principal<\/td><td>550\u2013620 rpm<\/td><\/tr><tr><td>Capacidade<\/td><td>Milho: 2-4t\/h<br>Sorgo, milho: 1-2t\/h<br>Soja: 0,5-0,8 t\/h<\/td><\/tr><tr><td>Peneira<\/td><td>3 pecas<br>Peneira de milho: \u03c618mm<br>Sorgo, peneira de milho: \u03c66mm<br>Soja: \u03c612mm<\/td><\/tr><tr><td>Peso<\/td><td>650kg<\/td><\/tr><tr><td>Tamanho \u00fanico<\/td><td>3400*2100*1980mm<\/td><\/tr><tr><td>Tamanho da embalagem<\/td><td>2800*740*1400mm<\/td><\/tr><\/tbody><\/table><\/figure>","protected":false},"excerpt":{"rendered":"<p>Taizy corn threshing machine actually belongs to the multifunctional grain thresher, used for shelling maize, sorghum, millet, and soybean. The multifunctional thresher machine can use an electric motor, diesel engine, and PTO as the power system. Besides, the corn thresher machine for sale can be equipped with big tyres, which is preferred by African customers. [&hellip;]<\/p>\n","protected":false},"author":1,"featured_media":3661,"parent":0,"template":"","tags":[195,197,198],"product-type":[17],"class_list":["post-3644","product","type-product","status-publish","has-post-thumbnail","hentry","tag-corn-thresher","tag-corn-threshing-machine","tag-multifunctional-thresher","product-type-corn-machine"],"_links":{"self":[{"href":"https:\/\/taizyagromachine.com\/pt\/wp-json\/wp\/v2\/product\/3644","targetHints":{"allow":["GET"]}}],"collection":[{"href":"https:\/\/taizyagromachine.com\/pt\/wp-json\/wp\/v2\/product"}],"about":[{"href":"https:\/\/taizyagromachine.com\/pt\/wp-json\/wp\/v2\/types\/product"}],"author":[{"embeddable":true,"href":"https:\/\/taizyagromachine.com\/pt\/wp-json\/wp\/v2\/users\/1"}],"wp:featuredmedia":[{"embeddable":true,"href":"https:\/\/taizyagromachine.com\/pt\/wp-json\/wp\/v2\/media\/3661"}],"wp:attachment":[{"href":"https:\/\/taizyagromachine.com\/pt\/wp-json\/wp\/v2\/media?parent=3644"}],"wp:term":[{"taxonomy":"post_tag","embeddable":true,"href":"https:\/\/taizyagromachine.com\/pt\/wp-json\/wp\/v2\/tags?post=3644"},{"taxonomy":"product-type","embeddable":true,"href":"https:\/\/taizyagromachine.com\/pt\/wp-json\/wp\/v2\/product-type?post=3644"}],"curies":[{"name":"wp","href":"https:\/\/api.w.org\/{rel}","templated":true}]}}