{"id":3756,"date":"2022-10-19T13:17:50","date_gmt":"2022-10-19T05:17:50","guid":{"rendered":"https:\/\/taizyagromachine.com\/?post_type=product&#038;p=3756"},"modified":"2025-01-02T13:54:48","modified_gmt":"2025-01-02T05:54:48","slug":"small-rice-milling-machine","status":"publish","type":"product","link":"https:\/\/taizyagromachine.com\/pt\/product\/small-rice-milling-machine\/","title":{"rendered":"Fresadora de arroz pequena"},"content":{"rendered":"<p class=\"translation-block\">A m\u00e1quina de moagem de arroz serve para produzir arroz branco, para uso comercial e dom\u00e9stico. Esta m\u00e1quina de polir arroz \u00e9 econ\u00f3mica, de boa qualidade e dur\u00e1vel. Al\u00e9m disso, esta m\u00e1quina pode ser alimentada por um motor el\u00e9trico ou um motor a diesel. Ao contr\u00e1rio da <a href=\"https:\/\/taizyagromachine.com\/pt\/product\/rice-mill\/\" target=\"_blank\" rel=\"noreferrer noopener\">unidade de moagem de arroz<\/a>, esta m\u00e1quina de polir arroz Taizy \u00e9 uma m\u00e1quina pequena, que \u00e9 frequentemente utilizada em resid\u00eancias, pequenas lojas, etc. <\/p>    <p class=\"translation-block\">A m\u00e1quina de moagem de arroz Taizy tem sido exportada para os EUA, Maurit\u00e2nia, Burquina Faso, Guin\u00e9, Nig\u00e9ria, Mo\u00e7ambique, etc. Se estiver interessado neste tipo de m\u00e1quina, por favor <a href=\"https:\/\/taizyagromachine.com\/pt\/contact\/\" target=\"_blank\" rel=\"noreferrer noopener\">contacte-nos<\/a>!<\/p>    <h2 class=\"wp-block-heading\"><strong>Tipos de fresadora de arroz<\/strong><\/h2>    <p>Como fabricante e produtor profissional de m\u00e1quinas para moer arroz, temos uma ampla gama de modelos de m\u00e1quinas para moer arroz. Temos quatro tipos de moinhos de arroz, SB-05D, SB-10D, SB-30D e SB-50D. A produ\u00e7\u00e3o e o peso de cada modelo s\u00e3o diferentes.<\/p>    <p>Em termos de apar\u00eancia, nossos moinhos de arroz est\u00e3o dispon\u00edveis em diversas apar\u00eancias, modelos comuns, com ciclone, com sacos de pano, etc. Resumindo, depende da sua necessidade. Se voc\u00ea tiver necessidades especiais e razo\u00e1veis, nossas m\u00e1quinas certamente ir\u00e3o satisfaz\u00ea-lo.<\/p>    <p class=\"translation-block\"><strong>Mini m\u00e1quina de moagem de arroz do tipo normal<\/strong><\/p>    <figure class=\"wp-block-gallery aligncenter has-nested-images columns-default is-cropped wp-block-gallery-2 is-layout-flex wp-block-gallery-is-layout-flex\"> <figure class=\"wp-block-image size-large\"><img loading=\"lazy\" decoding=\"async\" width=\"540\" height=\"720\" data-id=\"3789\" src=\"https:\/\/taizyagromachine.com\/wp-content\/uploads\/2022\/10\/rice-husk-miller.webp\" alt=\"moleiro de casca de arroz\" class=\"wp-image-3789\"\/><figcaption>moleiro de casca de arroz<\/figcaption><\/figure>    <figure class=\"wp-block-image size-large\"><img loading=\"lazy\" decoding=\"async\" width=\"540\" height=\"720\" data-id=\"3788\" src=\"https:\/\/taizyagromachine.com\/wp-content\/uploads\/2022\/10\/rice-husker.webp\" alt=\"descascador de arroz\" class=\"wp-image-3788\"\/><figcaption>descascador de arroz<\/figcaption><\/figure> <\/figure>    <p class=\"translation-block\"><strong>M\u00e1quina de polir arroz com ciclone<\/strong><\/p>    <figure class=\"wp-block-gallery aligncenter has-nested-images columns-default is-cropped wp-block-gallery-3 is-layout-flex wp-block-gallery-is-layout-flex\"> <figure class=\"wp-block-image size-large\"><img loading=\"lazy\" decoding=\"async\" width=\"540\" height=\"720\" data-id=\"3790\" src=\"https:\/\/taizyagromachine.com\/wp-content\/uploads\/2022\/10\/mini-rice-miller.webp\" alt=\"mini-moedor de arroz\" class=\"wp-image-3790\"\/><figcaption>mini moinho de arroz<\/figcaption><\/figure>    <figure class=\"wp-block-image size-large\"><img loading=\"lazy\" decoding=\"async\" width=\"540\" height=\"720\" data-id=\"3791\" src=\"https:\/\/taizyagromachine.com\/wp-content\/uploads\/2022\/10\/rice-mini-milling-machine-with-the-cyclone.webp\" alt=\"mini-fresadora-de-arroz-com-ciclone\" class=\"wp-image-3791\"\/><figcaption>mini fresadora de arroz <\/figcaption><\/figure> <\/figure>    <p class=\"translation-block\"><strong>M\u00e1quina combinada de processamento de arroz<\/strong><\/p>    <figure class=\"wp-block-gallery aligncenter has-nested-images columns-default is-cropped wp-block-gallery-4 is-layout-flex wp-block-gallery-is-layout-flex\"> <figure class=\"wp-block-image size-large\"><img loading=\"lazy\" decoding=\"async\" width=\"540\" height=\"850\" data-id=\"3793\" src=\"https:\/\/taizyagromachine.com\/wp-content\/uploads\/2022\/10\/combined-rice-mill.webp\" alt=\"moinho de arroz combinado\" class=\"wp-image-3793\"\/><figcaption>moinho de arroz combinado<\/figcaption><\/figure>    <figure class=\"wp-block-image size-large\"><img loading=\"lazy\" decoding=\"async\" width=\"540\" height=\"850\" data-id=\"3794\" src=\"https:\/\/taizyagromachine.com\/wp-content\/uploads\/2022\/10\/combined-rice-processing-machine.webp\" alt=\"m\u00e1quina combinada de processamento de arroz\" class=\"wp-image-3794\"\/><figcaption>m\u00e1quina combinada de processamento de arroz<\/figcaption><\/figure> <\/figure>    <h2 class=\"wp-block-heading\"><strong>Vantagens da fresadora de arroz comercial<\/strong><\/h2>    <ol class=\"wp-block-list\"><li>Esta pequena fresadora de arroz da Taizy possui uma estrutura razo\u00e1vel e um layout adequado, que \u00e9 muito f\u00e1cil de usar.<\/li><li>A produ\u00e7\u00e3o deste pequeno polidor de arroz varia de 400-2300kg por hora, com uma ampla gama de op\u00e7\u00f5es para economizar tempo.<\/li><li>O arroz branco produzido por esta m\u00e1quina atende \u00e0s normas nacionais de seguran\u00e7a alimentar e \u00e9 um arroz de alta qualidade.<\/li><li>A m\u00e1quina de processamento de arroz Taizy produz descascamento de arroz limpo, baixa taxa de quebra de arroz e um efeito de descascamento muito bom.<\/li><li>Esta m\u00e1quina descascadora de arroz pode escolher o motor el\u00e9trico ou o motor diesel como pot\u00eancia, o que \u00e9 opcional.<\/li><\/ol>    <h2 class=\"wp-block-heading\"><strong>Fatores que afetam o pre\u00e7o da m\u00e1quina de moagem de arroz<\/strong><\/h2>    <p>Nossa pequena m\u00e1quina de moagem de arroz Taizy \u00e9 compacta e de estrutura razo\u00e1vel e tem um pre\u00e7o competitivo no mercado de m\u00e1quinas de moagem de arroz. Mas o pre\u00e7o \u00e9 influenciado pelos seguintes aspectos (incluindo, mas n\u00e3o se limitando a).<\/p>    <p class=\"translation-block\"><strong>Os modelos s\u00e3o diferentes<\/strong>. Assumindo que a pot\u00eancia selecionada \u00e9 a mesma, escolha modelos diferentes, a produ\u00e7\u00e3o da m\u00e1quina, o tamanho, etc., s\u00e3o diferentes, pelo que o pre\u00e7o da m\u00e1quina tamb\u00e9m \u00e9 diferente.<\/p>    <p class=\"translation-block\"><strong>Sele\u00e7\u00e3o de pot\u00eancia<\/strong>. Por exemplo, escolher o tipo SB-30D de m\u00e1quina de moagem de arroz, porque este tipo pode ser equipado com um motor e um motor a diesel, mas o pre\u00e7o de ambos \u00e9 diferente. Assim, o pre\u00e7o da m\u00e1quina tamb\u00e9m ser\u00e1 diferente.<\/p>    <p class=\"translation-block\"><strong>M\u00e1quina de venda por grosso<\/strong>. Como esta <a href=\"https:\/\/en.wikipedia.org\/wiki\/Rice_huller\" target=\"_blank\" rel=\"noreferrer noopener\">m\u00e1quina descascadora de arroz<\/a> \u00e9 relativamente pequena, geralmente vendemo-la a granel. O pre\u00e7o da m\u00e1quina quando vendida a granel tamb\u00e9m \u00e9 diferente do pre\u00e7o de compra da m\u00e1quina individualmente.<\/p>   <div class=\"wp-block-image\"> <figure class=\"aligncenter size-full\"><img loading=\"lazy\" decoding=\"async\" width=\"720\" height=\"540\" src=\"https:\/\/taizyagromachine.com\/wp-content\/uploads\/2022\/10\/wholesale-rice-milling-machine.webp\" alt=\"fresadora de arroz por atacado\" class=\"wp-image-3784\"\/><figcaption>fresadora de arroz por atacado<\/figcaption><\/figure> <\/div>   <h2 class=\"wp-block-heading\"><strong>Pe\u00e7as de desgaste da m\u00e1quina de processamento de arroz<\/strong><\/h2>    <div class=\"wp-block-media-text alignwide is-stacked-on-mobile\"><figure class=\"wp-block-media-text__media\"><img loading=\"lazy\" decoding=\"async\" width=\"540\" height=\"720\" src=\"https:\/\/taizyagromachine.com\/wp-content\/uploads\/2022\/10\/wearing-parts-of-the-rice-processing-machine.webp\" alt=\"pe\u00e7as desgastadas da m\u00e1quina de processamento de arroz\" class=\"wp-image-3763 size-full\"\/><\/figure><div class=\"wp-block-media-text__content\"> <p>Rolo de borracha: 2 unidades\/conjunto<\/p>    <p>Rolo de ferro: 1 unidade\/conjunto<\/p>    <p>Cabe\u00e7a de transporte: 1 unidade\/conjunto <\/p>    <p>Peneira: 2 pol.<\/p>    <p>Cinto hexagonal: 3 pol.<\/p>    <p>Estas s\u00e3o as pe\u00e7as consum\u00edveis quando voc\u00ea usa a m\u00e1quina de moer arroz. Ent\u00e3o, preste aten\u00e7\u00e3o nessas partes. Al\u00e9m disso, voc\u00ea pode comprar pe\u00e7as de reposi\u00e7\u00e3o extras para prontas.<\/p> <\/div><\/div>    <h2 class=\"wp-block-heading\"><strong>Case de Sucesso: Mini Moenda de Arroz Vendida para Mo\u00e7ambique<\/strong><\/h2>    <p>Em Junho deste ano, um cliente de Mo\u00e7ambique contactou-nos e enviou-nos uma consulta sobre o moinho de arroz dom\u00e9stico via WhatsApp. Ele \u00e9 distribuidor e vende diversas m\u00e1quinas de moagem de arroz na regi\u00e3o. Nosso gerente, Winnie, forneceu-lhe informa\u00e7\u00f5es sobre a m\u00e1quina. Depois de olhar, ele encomendou 5 unidades pela primeira vez e disse que continuaria encomendando se funcionasse bem. Em outubro deste ano, encomendou mais 10 unidades.<\/p>    <figure class=\"wp-block-gallery aligncenter has-nested-images columns-default is-cropped wp-block-gallery-5 is-layout-flex wp-block-gallery-is-layout-flex\"> <figure class=\"wp-block-image size-full\"><img loading=\"lazy\" decoding=\"async\" width=\"720\" height=\"540\" data-id=\"3759\" src=\"https:\/\/taizyagromachine.com\/wp-content\/uploads\/2022\/10\/rice-milling-machine-for-sale.webp\" alt=\"M\u00e1quina de moagem de arroz para venda\" class=\"wp-image-3759\"\/><figcaption>M\u00e1quina de moagem de arroz para venda<\/figcaption><\/figure>    <figure class=\"wp-block-image size-full\"><img loading=\"lazy\" decoding=\"async\" width=\"720\" height=\"540\" data-id=\"3758\" src=\"https:\/\/taizyagromachine.com\/wp-content\/uploads\/2022\/10\/packages.webp\" alt=\"pacotes\" class=\"wp-image-3758\"\/><figcaption>pacotes<\/figcaption><\/figure> <\/figure>    <h2 class=\"wp-block-heading\"><strong>Par\u00e2metros t\u00e9cnicos da fresadora de arroz para venda<\/strong><\/h2>    <figure class=\"wp-block-table\"><table><tbody><tr><td>Modelo<\/td><td>SB-05D<\/td><td>SB-10D<\/td><td>SB-30D<\/td><td>SB-50D<\/td><\/tr><tr><td>Poder<\/td><td>Motor diesel de 10 CV \/ motor de 5,5 kW<\/td><td>Motor diesel de 15 CV\/motor de 11 kW<\/td><td>&nbsp;&nbsp;&nbsp;&nbsp;Motor diesel de 18 CV\/motor de 15 kW<\/td><td>Motor diesel de 30 HP\/motor de 22 kW<\/td><\/tr><tr><td>Capacidade<\/td><td>400-600 kg\/hora<\/td><td>700-1000 kg\/hora<\/td><td>&nbsp;&nbsp;&nbsp;1100-1500 kg\/hora<\/td><td>1800-2300 kg\/h<\/td><\/tr><tr><td>Peso l\u00edquido<\/td><td>130kg<\/td><td>230kg<\/td><td>&nbsp;&nbsp;&nbsp;&nbsp;&nbsp;270kg<\/td><td>530kg<\/td><\/tr><tr><td>Peso bruto<\/td><td>160kg<\/td><td>&nbsp;285kg<\/td><td>&nbsp;&nbsp;&nbsp;&nbsp;&nbsp;300kg<\/td><td>580kg<\/td><\/tr><tr><td>Tamanho \u00fanico<\/td><td>860*692*1290mm<\/td><td>760*730*1735mm<\/td><td>1070*760*1760mm<\/td><td>2400*1080*2080mm<\/td><\/tr><tr><td>Carregando QTY\/20GP<\/td><td>27 conjuntos<\/td><td>24 conjuntos<\/td><td>18 conjuntos<\/td><td>12 conjuntos<\/td><\/tr><\/tbody><\/table><\/figure>    <h2 class=\"wp-block-heading\"><strong>V\u00eddeo de trabalho da fresadora de arroz Taizy<\/strong><\/h2>    <p><\/p>    <figure class=\"wp-block-embed is-type-video is-provider-youtube wp-block-embed-youtube wp-embed-aspect-16-9 wp-has-aspect-ratio\"><div class=\"wp-block-embed__wrapper\"> <iframe loading=\"lazy\" title=\"Melhor fresadora de arroz pequeno | M\u00e1quina de moinho de arroz para casa #ricemillmachine\" width=\"500\" height=\"281\" src=\"https:\/\/www.youtube.com\/embed\/oXby4Zx-N4s?feature=oembed\" frameborder=\"0\" allow=\"accelerometer; autoplay; clipboard-write; encrypted-media; gyroscope; picture-in-picture; web-share\" referrerpolicy=\"strict-origin-when-cross-origin\" allowfullscreen><\/iframe> <\/div><\/figure>","protected":false},"excerpt":{"rendered":"<p>The rice milling machine uses to produce white rice, for commercial and home use. This rice miller machine is cost-effective, good quality, and durable. Besides, this machine can be powered by an electric motor or diesel engine. Unlike the rice milling unit, this Taizy rice mill machine is a small machine, which is often used [&hellip;]<\/p>\n","protected":false},"author":1,"featured_media":3783,"parent":0,"template":"","tags":[35,56,57],"product-type":[18],"class_list":["post-3756","product","type-product","status-publish","has-post-thumbnail","hentry","tag-rice-mill","tag-rice-mill-machine","tag-rice-milling-machine","product-type-rice-mill"],"_links":{"self":[{"href":"https:\/\/taizyagromachine.com\/pt\/wp-json\/wp\/v2\/product\/3756","targetHints":{"allow":["GET"]}}],"collection":[{"href":"https:\/\/taizyagromachine.com\/pt\/wp-json\/wp\/v2\/product"}],"about":[{"href":"https:\/\/taizyagromachine.com\/pt\/wp-json\/wp\/v2\/types\/product"}],"author":[{"embeddable":true,"href":"https:\/\/taizyagromachine.com\/pt\/wp-json\/wp\/v2\/users\/1"}],"wp:featuredmedia":[{"embeddable":true,"href":"https:\/\/taizyagromachine.com\/pt\/wp-json\/wp\/v2\/media\/3783"}],"wp:attachment":[{"href":"https:\/\/taizyagromachine.com\/pt\/wp-json\/wp\/v2\/media?parent=3756"}],"wp:term":[{"taxonomy":"post_tag","embeddable":true,"href":"https:\/\/taizyagromachine.com\/pt\/wp-json\/wp\/v2\/tags?post=3756"},{"taxonomy":"product-type","embeddable":true,"href":"https:\/\/taizyagromachine.com\/pt\/wp-json\/wp\/v2\/product-type?post=3756"}],"curies":[{"name":"wp","href":"https:\/\/api.w.org\/{rel}","templated":true}]}}