{"id":4091,"date":"2022-11-21T11:05:17","date_gmt":"2022-11-21T03:05:17","guid":{"rendered":"https:\/\/taizyagromachine.com\/?post_type=product&#038;p=4091"},"modified":"2025-01-02T13:50:30","modified_gmt":"2025-01-02T05:50:30","slug":"corn-sheller-maize-threshing-machine","status":"publish","type":"product","link":"https:\/\/taizyagromachine.com\/pt\/product\/corn-sheller-maize-threshing-machine\/","title":{"rendered":"Descascador de Milho | M\u00e1quina debulhadora de milho"},"content":{"rendered":"<p class=\"translation-block\">A debulhadora de milho foi especialmente concebida para debulhar milho, sendo ben\u00e9fica para os agricultores de milho. Esta <a href=\"https:\/\/taizyagromachine.com\/pt\/product\/multifunctional-thresher\/\" target=\"_blank\" rel=\"noreferrer noopener\">debulhadora de milho<\/a> tem uma estrutura simples e \u00e9 muito eficiente, capaz de debulhar 3-4 toneladas de milho por hora, o que a torna ideal para pequenos ou m\u00e9dios produtores de milho. Al\u00e9m disso, esta <a href=\"https:\/\/cornmachines.com\/corn-sheller-machine\/\" target=\"_blank\" rel=\"noreferrer noopener\">m\u00e1quina debulhadora de milho<\/a> \u00e9 muito econ\u00f3mica, barata e de boa qualidade ao mesmo tempo.<\/p>    <p>Portanto, esta debulhadora de milho \u00e9 muito popular nos mercados interno e externo, como Nig\u00e9ria, Filipinas, Qu\u00eania, etc. s\u00e3o os pa\u00edses que queremos exportar.<\/p>    <h2 class=\"wp-block-heading\"><strong>Tipos de descascador de milho para venda<\/strong><\/h2>    <div class=\"wp-block-columns is-layout-flex wp-container-core-columns-is-layout-9d6595d7 wp-block-columns-is-layout-flex\"> <div class=\"wp-block-column is-layout-flow wp-block-column-is-layout-flow\"><div class=\"wp-block-image\"> <figure class=\"aligncenter size-full\"><img loading=\"lazy\" decoding=\"async\" width=\"540\" height=\"600\" src=\"https:\/\/taizyagromachine.com\/wp-content\/uploads\/2022\/11\/corn-sheller-machine-for-sale.webp\" alt=\"M\u00e1quina descascadora de milho para venda\" class=\"wp-image-4099\"\/><figcaption class=\"wp-element-caption\">M\u00e1quina descascadora de milho para venda<\/figcaption><\/figure> <\/div><\/div>    <div class=\"wp-block-column is-layout-flow wp-block-column-is-layout-flow\"> <p><\/p>    <p>Esta m\u00e1quina de descascar milho da Taizy foi projetada de acordo com as necessidades da maioria dos produtores de milho e \u00e9 altamente seletiva. A m\u00e1quina descascadora de milho pode ser equipada com motor el\u00e9trico, motor a gasolina e motor diesel para fornecer suporte de pot\u00eancia. A unidade de pot\u00eancia correspondente pode ser combinada de acordo com as necessidades do cliente.<\/p>    <p>Al\u00e9m disso, como voc\u00ea pode ver na foto, esta m\u00e1quina pode ser equipada com pequenas rodas, que s\u00e3o muito convenientes para mover. Existem tamb\u00e9m suportes que permitem aos usu\u00e1rios usar a m\u00e1quina com mais facilidade.<\/p>    <p>Nossa descascadora de milho possui \u00f3timo desempenho para debulhar milho em alta taxa de descasque, com o objetivo de obter gr\u00e3os de milho limpos e inteiros. Assim, \u00e9 um bom ajudante para os agricultores. Se voc\u00ea estiver interessado, entre em contato conosco!<\/p> <\/div> <\/div>    <h2 class=\"wp-block-heading\"><strong>Projeto de m\u00e1quina descascadora de milho<\/strong><\/h2>    <p>Na verdade, como voc\u00ea pode ver nas fotos abaixo, o design de nossa m\u00e1quina \u00e9 muito simples, consistindo principalmente de entrada de milho, sa\u00edda de milho, sa\u00edda de semente de milho, sistema de energia, suporte, etc. <\/p>    <p>A debulhadora de milho como um todo parece simples e bonita, muito atraente, e esta m\u00e1quina tem uma boa rela\u00e7\u00e3o custo-benef\u00edcio e \u00e9 muito adequada para atacado.<\/p>   <div class=\"wp-block-image\"> <figure class=\"aligncenter size-full\"><img loading=\"lazy\" decoding=\"async\" width=\"720\" height=\"540\" src=\"https:\/\/taizyagromachine.com\/wp-content\/uploads\/2022\/11\/corn-sheller-machine-structure.webp\" alt=\"estrutura da m\u00e1quina descascadora de milho\" class=\"wp-image-4104\"\/><figcaption class=\"wp-element-caption\">estrutura da m\u00e1quina descascadora de milho<\/figcaption><\/figure> <\/div>   <h2 class=\"wp-block-heading\"><strong>Como funciona o descascador de milho?<\/strong><\/h2>    <p>Na verdade, o princ\u00edpio de funcionamento \u00e9 muito f\u00e1cil de entender. O milho \u00e9 alimentado pela entrada e internamente as espigas e os gr\u00e3os s\u00e3o separados, ap\u00f3s o que os gr\u00e3os vazam da peneira enquanto as espigas s\u00e3o descarregadas pela extremidade da m\u00e1quina. Este processo \u00e9 muito r\u00e1pido e eficaz na debulha. Ele tamb\u00e9m precisa ser verificado corretamente antes do uso.<\/p>    <figure class=\"wp-block-gallery aligncenter has-nested-images columns-default is-cropped wp-block-gallery-2 is-layout-flex wp-block-gallery-is-layout-flex\"> <figure class=\"wp-block-image size-full\"><img loading=\"lazy\" decoding=\"async\" width=\"750\" height=\"750\" data-id=\"4113\" src=\"https:\/\/taizyagromachine.com\/wp-content\/uploads\/2022\/11\/working-scene-of-the-corn-sheller-machine.webp\" alt=\"cena de trabalho da m\u00e1quina descascadora de milho\" class=\"wp-image-4113\"\/><figcaption class=\"wp-element-caption\">cena de trabalho da m\u00e1quina descascadora de milho<\/figcaption><\/figure>    <figure class=\"wp-block-image size-full\"><img loading=\"lazy\" decoding=\"async\" width=\"750\" height=\"750\" data-id=\"4112\" src=\"https:\/\/taizyagromachine.com\/wp-content\/uploads\/2022\/11\/corn-kernels.webp\" alt=\"Gr\u00e3os de milho\" class=\"wp-image-4112\"\/><figcaption class=\"wp-element-caption\">Gr\u00e3os de milho<\/figcaption><\/figure> <\/figure>    <h2 class=\"wp-block-heading\"><strong>M\u00e1quina debulhadora de milho por atacado <\/strong><\/h2>    <p class=\"translation-block\">A debulhadora de milho Taizy oferece um bom valor pelo dinheiro, pelo que n\u00e3o \u00e9 incomum os clientes come\u00e7arem com 5 unidades e adquirirem dezenas ou centenas de unidades. Por exemplo, em outubro deste ano, envi\u00e1mos <a href=\"https:\/\/taizyagromachine.com\/pt\/info\/corn-thresher-philippines\/\" target=\"_blank\" rel=\"noreferrer noopener\">10 destas debulhadoras de milho para as Filipinas<\/a>. Quando as m\u00e1quinas s\u00e3o carregadas, s\u00e3o frequentemente carregadas da forma mostrada abaixo, e o nosso pessoal experiente carrega as m\u00e1quinas com a m\u00e1xima prote\u00e7\u00e3o contra danos durante o transporte.<\/p>    <figure class=\"wp-block-gallery aligncenter has-nested-images columns-default is-cropped wp-block-gallery-3 is-layout-flex wp-block-gallery-is-layout-flex\"> <figure class=\"wp-block-image size-full\"><img loading=\"lazy\" decoding=\"async\" width=\"720\" height=\"540\" data-id=\"4115\" src=\"https:\/\/taizyagromachine.com\/wp-content\/uploads\/2022\/11\/maize-sheller-ready-for-load.webp\" alt=\"descascador de milho pronto para carregar\" class=\"wp-image-4115\"\/><figcaption class=\"wp-element-caption\">descascador de milho <\/figcaption><\/figure>    <figure class=\"wp-block-image size-full\"><img loading=\"lazy\" decoding=\"async\" width=\"720\" height=\"540\" data-id=\"4114\" src=\"https:\/\/taizyagromachine.com\/wp-content\/uploads\/2022\/11\/load-in-the-container.webp\" alt=\"carregar no cont\u00eainer\" class=\"wp-image-4114\"\/><figcaption class=\"wp-element-caption\">carregue o descascador de milho no cont\u00eainer<\/figcaption><\/figure>    <figure class=\"wp-block-image size-large\"><img loading=\"lazy\" decoding=\"async\" width=\"720\" height=\"540\" data-id=\"4116\" src=\"https:\/\/taizyagromachine.com\/wp-content\/uploads\/2022\/11\/wholesale-corn-thresher.webp\" alt=\"debulhador de milho no atacado\" class=\"wp-image-4116\"\/><figcaption class=\"wp-element-caption\">debulhador de milho por atacado<\/figcaption><\/figure> <\/figure>    <h2 class=\"wp-block-heading\"><strong>Par\u00e2metros t\u00e9cnicos da m\u00e1quina descascadora de milho<\/strong><\/h2>    <figure class=\"wp-block-table\"><table><tbody><tr><td>Modelo<\/td><td>SL-B<\/td><\/tr><tr><td>Poder<\/td><td>Motor a gasolina 170F ou motor 2.2kw ou motor diesel<\/td><\/tr><tr><td>Capacidade<\/td><td>3t-4t\/h<\/td><\/tr><tr><td>Tamanho<\/td><td>1300*400*900mm<\/td><\/tr><tr><td>Peso<\/td><td>71kg<\/td><\/tr><\/tbody><\/table><\/figure>    <h2 class=\"wp-block-heading\"><strong>V\u00eddeo da debulhadora de casca de milho - uso em fazendas agr\u00edcolas<\/strong><\/h2>    <figure class=\"wp-block-embed is-type-video is-provider-youtube wp-block-embed-youtube wp-embed-aspect-16-9 wp-has-aspect-ratio\"><div class=\"wp-block-embed__wrapper\"> <iframe loading=\"lazy\" title=\"M\u00e1quina descascadora de milho de \u00f3timo desempenho | M\u00e1quina debulhadora de milho da Taizy 2022 #corn\" width=\"500\" height=\"281\" src=\"https:\/\/www.youtube.com\/embed\/Qe2O6ylATT8?feature=oembed\" frameborder=\"0\" allow=\"accelerometer; autoplay; clipboard-write; encrypted-media; gyroscope; picture-in-picture; web-share\" referrerpolicy=\"strict-origin-when-cross-origin\" allowfullscreen><\/iframe> <\/div><\/figure>","protected":false},"excerpt":{"rendered":"<p>The corn sheller is specially designed for threshing maize beneficial to corn farmers. This corn thresher is simple in structure and very efficient, capable of threshing 3-4 tons of corn per hour, making it ideal for small or medium-sized corn growers. Besides, this maize threshing machine is very cost-effective, cheap and of good quality at [&hellip;]<\/p>\n","protected":false},"author":1,"featured_media":4092,"parent":0,"template":"","tags":[191,195,200],"product-type":[17],"class_list":["post-4091","product","type-product","status-publish","has-post-thumbnail","hentry","tag-corn-sheller","tag-corn-thresher","tag-maize-threshing-machine","product-type-corn-machine"],"_links":{"self":[{"href":"https:\/\/taizyagromachine.com\/pt\/wp-json\/wp\/v2\/product\/4091","targetHints":{"allow":["GET"]}}],"collection":[{"href":"https:\/\/taizyagromachine.com\/pt\/wp-json\/wp\/v2\/product"}],"about":[{"href":"https:\/\/taizyagromachine.com\/pt\/wp-json\/wp\/v2\/types\/product"}],"author":[{"embeddable":true,"href":"https:\/\/taizyagromachine.com\/pt\/wp-json\/wp\/v2\/users\/1"}],"wp:featuredmedia":[{"embeddable":true,"href":"https:\/\/taizyagromachine.com\/pt\/wp-json\/wp\/v2\/media\/4092"}],"wp:attachment":[{"href":"https:\/\/taizyagromachine.com\/pt\/wp-json\/wp\/v2\/media?parent=4091"}],"wp:term":[{"taxonomy":"post_tag","embeddable":true,"href":"https:\/\/taizyagromachine.com\/pt\/wp-json\/wp\/v2\/tags?post=4091"},{"taxonomy":"product-type","embeddable":true,"href":"https:\/\/taizyagromachine.com\/pt\/wp-json\/wp\/v2\/product-type?post=4091"}],"curies":[{"name":"wp","href":"https:\/\/api.w.org\/{rel}","templated":true}]}}