{"id":4122,"date":"2022-11-23T18:15:43","date_gmt":"2022-11-23T10:15:43","guid":{"rendered":"https:\/\/taizyagromachine.com\/?post_type=product&#038;p=4122"},"modified":"2024-01-09T16:59:21","modified_gmt":"2024-01-09T08:59:21","slug":"rice-transplanter-planting-machine","status":"publish","type":"product","link":"https:\/\/taizyagromachine.com\/pt\/product\/rice-transplanter-planting-machine\/","title":{"rendered":"Transplantador de arroz para plantio de mudas de arroz"},"content":{"rendered":"<p class=\"translation-block\">O <strong>transplantador de arroz<\/strong> \u00e9 uma m\u00e1quina especializada para plantar mudas de arroz em campos de arroz, o que poupa m\u00e3o de obra e facilita o bom andamento do trabalho subsequente. <\/p>    <p>Temos tr\u00eas tipos de transplantadores de arroz: 4 linhas, 6 linhas e 8 linhas. As m\u00e1quinas transplantadoras de arroz de 4 e 6 linhas s\u00e3o semiautom\u00e1ticas, enquanto a m\u00e1quina de plantar arroz de 8 linhas \u00e9 totalmente autom\u00e1tica. <\/p>    <p>O transplantador de arroz Taizy \u00e9 de excelente qualidade e alta efici\u00eancia, tornando-se um auxiliar mec\u00e2nico indispens\u00e1vel para os produtores de arroz.<\/p>    <p>Caso tenha interesse, entre em contato conosco e entraremos em contato o mais breve poss\u00edvel com a solu\u00e7\u00e3o ideal para suas necessidades!<\/p>    <figure class=\"wp-block-embed is-type-video is-provider-youtube wp-block-embed-youtube wp-embed-aspect-16-9 wp-has-aspect-ratio\"><div class=\"wp-block-embed__wrapper\"> <iframe loading=\"lazy\" title=\"Transplantador autom\u00e1tico de arroz para trator | m\u00e1quina transplantadora de arroz | pre\u00e7o do transplantador de arroz\" width=\"500\" height=\"281\" src=\"https:\/\/www.youtube.com\/embed\/xBPZr90CwV0?feature=oembed\" frameborder=\"0\" allow=\"accelerometer; autoplay; clipboard-write; encrypted-media; gyroscope; picture-in-picture; web-share\" referrerpolicy=\"strict-origin-when-cross-origin\" allowfullscreen><\/iframe> <\/div><figcaption class=\"wp-element-caption\">v\u00eddeo de funcionamento da m\u00e1quina de plantar arroz em casca<\/figcaption><\/figure>    <h2 class=\"wp-block-heading\"><strong>Tipo 1: transplantador manual de mudas de arroz de 4 linhas<\/strong><\/h2>    <p>Esta m\u00e1quina de transplante manual de arroz de 4 fileiras \u00e9 acionada por um motor a gasolina e precisa ser operada manualmente, o que a torna adequada para o cultivo de arroz em pequena escala. \u00c9 tamb\u00e9m uma m\u00e1quina que economiza m\u00e3o-de-obra que permite um plantio preciso e evita transplantes perdidos. Se voc\u00ea tem pequenos campos para plantar mudas de arroz, este transplantador de arroz ser\u00e1 uma boa escolha para voc\u00ea.<\/p>    <figure class=\"wp-block-gallery aligncenter has-nested-images columns-default is-cropped wp-block-gallery-2 is-layout-flex wp-block-gallery-is-layout-flex\"> <figure class=\"wp-block-image size-large\"><img loading=\"lazy\" decoding=\"async\" width=\"720\" height=\"540\" data-id=\"4130\" src=\"https:\/\/taizyagromachine.com\/wp-content\/uploads\/2022\/11\/4-row-paddy-transplanter.webp\" alt=\"Transplantador de arroz de 4 fileiras\" class=\"wp-image-4130\"\/><figcaption class=\"wp-element-caption\">Transplantador de arroz de 4 fileiras<\/figcaption><\/figure>    <figure class=\"wp-block-image size-large\"><img loading=\"lazy\" decoding=\"async\" width=\"720\" height=\"540\" data-id=\"4131\" src=\"https:\/\/taizyagromachine.com\/wp-content\/uploads\/2022\/11\/4-row-rice-transplanter.webp\" alt=\"Transplantador de arroz de 4 fileiras\" class=\"wp-image-4131\"\/><figcaption class=\"wp-element-caption\">Transplantador de arroz de 4 fileiras<\/figcaption><\/figure> <\/figure>    <h3 class=\"wp-block-heading\"><strong>Estrutura da m\u00e1quina plantadora de arroz de 4 fileiras<\/strong><\/h3>    <p>De modo geral, s\u00e3o v\u00e1rias partes que formam a estrutura para que os produtores de arroz possam operar com mais facilidade e comodidade. <\/p>    <p>Para as mudas de arroz, a caixa de semeadura e a moldura da bandeja de semeadura servem para sustent\u00e1-las. Por trabalhar nos campos aqu\u00e1ticos, a roda deve ser a roda do arroz em casca para se mover facilmente. Para o sistema de pot\u00eancia, costuma-se utilizar o motor a gasolina para dar suporte ao trabalho da m\u00e1quina. <\/p>    <p>Estas s\u00e3o apenas algumas pe\u00e7as, se quiser saber mais consulte a imagem da estrutura abaixo ou entre em contato conosco para mais detalhes!<\/p>   <div class=\"wp-block-image\"> <figure class=\"aligncenter size-full\"><img loading=\"lazy\" decoding=\"async\" width=\"720\" height=\"540\" src=\"https:\/\/taizyagromachine.com\/wp-content\/uploads\/2022\/11\/4-row-rice-transplanter-machine-structure.webp\" alt=\"Estrutura da m\u00e1quina transplantadora de arroz de 4 fileiras\" class=\"wp-image-4128\"\/><figcaption class=\"wp-element-caption\">Estrutura da m\u00e1quina transplantadora de arroz de 4 fileiras<\/figcaption><\/figure> <\/div>   <h3 class=\"wp-block-heading\"><strong>Caracter\u00edsticas da m\u00e1quina de plantio de arroz de 4 linhas<\/strong><\/h3>    <ol class=\"wp-block-list\"> <li>A dist\u00e2ncia pode ser ajustada no transplante de mudas de arroz atrav\u00e9s da alavanca de ajuste de velocidade e dist\u00e2ncia, cujo alcance \u00e9 de 12-14cm ou 16-19 cm.<\/li>    <li>Quando a m\u00e1quina estiver trabalhando em campos de arroz, a profundidade da lama deve ser de 15 a 35 cm.<\/li>    <li>Esta m\u00e1quina permite que o transplante do arroz seja realizado de forma r\u00e1pida e eficiente, economizando m\u00e3o de obra e n\u00e3o havendo erros ou omiss\u00f5es no transplante.<\/li> <\/ol>    <h3 class=\"wp-block-heading\"><strong>Par\u00e2metros t\u00e9cnicos da m\u00e1quina plantadora de arroz de 4 linhas<\/strong><\/h3>    <figure class=\"wp-block-table\"><table><tbody><tr><td>Modelo<\/td><td>CY-4<\/td><\/tr><tr><td>N\u00famero de linha de transplante<\/td><td>4<\/td><\/tr><tr><td>Poder<\/td><td>YAMAHA\u00a0motor a gasolina<\/td><\/tr><tr><td>Dimens\u00e3o C*L*A(mm)<\/td><td>1950*1250*1300<\/td><\/tr><tr><td>Velocidade de rota\u00e7\u00e3o do motor (r\/min)<\/td><td>1800<\/td><\/tr><tr><td>Dist\u00e2ncia linha a linha (mm)<\/td><td>300<\/td><\/tr><tr><td>Dist\u00e2ncia de planta a planta (mm)<\/td><td>120\/140\/160\/180\/210<\/td><\/tr><tr><td>Efici\u00eancia de transplante<\/td><td>0,5 acres\/h<\/td><\/tr><tr><td>Peso bruto<\/td><td>165kg<\/td><\/tr><\/tbody><\/table><figcaption class=\"wp-element-caption\">dados t\u00e9cnicos da transplantadora de arroz de 4 fileiras <\/figcaption><\/figure>    <h2 class=\"wp-block-heading\"><strong>Tipos 2: m\u00e1quina transplantadora de arroz tipo caminhada de 6 fileiras<\/strong><\/h2>    <p>Este equipamento de transplante de arroz de 6 fileiras pode ser usado em campos de arroz de tamanho m\u00e9dio, o que \u00e9 mais econ\u00f4mico para os agricultores. Nossa m\u00e1quina de plantar arroz de 6 fileiras tamb\u00e9m \u00e9 manual e uma pessoa deve controlar a m\u00e1quina durante o trabalho. Assim, consegue o trabalho combinado de pessoa e m\u00e1quina. Se voc\u00ea estiver interessado, entre em contato conosco para mais detalhes! <\/p>   <div class=\"wp-block-image\"> <figure class=\"aligncenter size-full\"><img loading=\"lazy\" decoding=\"async\" width=\"720\" height=\"540\" src=\"https:\/\/taizyagromachine.com\/wp-content\/uploads\/2022\/11\/6-row-hand-paddy-rice-transplanter.webp\" alt=\"Transplantador manual de arroz em casca de 6 fileiras\" class=\"wp-image-4132\"\/><figcaption class=\"wp-element-caption\">Transplantador manual de arroz em casca de 6 fileiras<\/figcaption><\/figure> <\/div>   <h3 class=\"wp-block-heading\"><strong>Caracter\u00edsticas da m\u00e1quina transplantadora de arroz de 6 fileiras<\/strong><\/h3>    <ol class=\"wp-block-list\"> <li>Este tipo de transplantador de arroz tem uma faixa de ajuste de 12-14 cm\u00a0ou 16\u00a0-21 cm.<\/li>    <li>Esta m\u00e1quina pode trabalhar em campos onde a profundidade da lama \u00e9 de 15 a 35 cm.<\/li>    <li>Alta efici\u00eancia e plantio de alta precis\u00e3o. <\/li> <\/ol>    <h3 class=\"wp-block-heading\"><strong>Par\u00e2metros t\u00e9cnicos do transplantador manual de arroz de 6 fileiras<\/strong><\/h3>    <figure class=\"wp-block-table\"><table><tbody><tr><td>Modelo<\/td><td>2ZS-6<\/td><\/tr><tr><td>N\u00famero de linha de transplante<\/td><td>6<\/td><\/tr><tr><td>Tipo de estrutura<\/td><td>Andando com a m\u00e3o<\/td><\/tr><tr><td>Di\u00e2metro da roda (mm)<\/td><td>660<\/td><\/tr><tr><td>Roda<\/td><td>Impulsor<\/td><\/tr><tr><td>Poder<\/td><td>Motor a gasolina quatro tempos<\/td><\/tr><tr><td>Pot\u00eancia de sa\u00edda do motor (kW\/rpm)<\/td><td>3.3\/3600<\/td><\/tr><tr><td>Dimens\u00e3o C*L*A(mm)<\/td><td>2370*2280*910<\/td><\/tr><tr><td>Dist\u00e2ncia linha a linha (mm)<\/td><td>300<\/td><\/tr><tr><td>Espa\u00e7amento entre plantas (mm)<\/td><td>210\/180\/160\/140\/120<\/td><\/tr><tr><td>Profundidade de transplante (mm)<\/td><td>15-37<\/td><\/tr><tr><td>Efici\u00eancia de Transplante (Hectares\/h)<\/td><td>0.1-0.25<\/td><\/tr><tr><td>Velocidade de plantio (m\/s)<\/td><td>0.28-0.5<\/td><\/tr><tr><td>Tamanho da embalagem (mm)<\/td><td>2810*1760*600<\/td><\/tr><tr><td>Peso bruto (kg)<\/td><td>187<\/td><\/tr><tr><td>Unidades por cont\u00eainer de 40 HQ<\/td><td>12\u00a0conjuntos<\/td><\/tr><\/tbody><\/table><figcaption class=\"wp-element-caption\">especifica\u00e7\u00f5es manuais da m\u00e1quina de plantio de arroz em casca<\/figcaption><\/figure>    <h2 class=\"wp-block-heading\"><strong>Tipos 3: m\u00e1quina transplantadora mec\u00e2nica de arroz de 8 fileiras<\/strong><\/h2>    <p>O transplantador de arroz do tipo Taizy de 8 fileiras \u00e9 uma m\u00e1quina de plantio de arroz totalmente autom\u00e1tica, com grande capacidade, adequada para fazendas de grande porte. Ao usar esta m\u00e1quina, o operador pode sentar-se para controlar a m\u00e1quina, o que economiza muito tempo e energia, muito mais conveniente para plantar mudas de arroz em casca. <\/p>    <figure class=\"wp-block-gallery aligncenter has-nested-images columns-default is-cropped wp-block-gallery-3 is-layout-flex wp-block-gallery-is-layout-flex\"> <figure class=\"wp-block-image size-large\"><img loading=\"lazy\" decoding=\"async\" width=\"720\" height=\"540\" data-id=\"4133\" src=\"https:\/\/taizyagromachine.com\/wp-content\/uploads\/2022\/11\/8-row-rice-planting-machine.webp\" alt=\"M\u00e1quina de plantar arroz de 8 linhas\" class=\"wp-image-4133\"\/><figcaption class=\"wp-element-caption\">M\u00e1quina de plantar arroz de 8 linhas<\/figcaption><\/figure>    <figure class=\"wp-block-image size-large\"><img loading=\"lazy\" decoding=\"async\" width=\"720\" height=\"540\" data-id=\"4134\" src=\"https:\/\/taizyagromachine.com\/wp-content\/uploads\/2022\/11\/8-row-rice-transplanter.webp\" alt=\"Transplantador de arroz de 8 fileiras\" class=\"wp-image-4134\"\/><figcaption class=\"wp-element-caption\">Transplantador de arroz de 8 fileiras<\/figcaption><\/figure> <\/figure>    <h3 class=\"wp-block-heading\"><strong>Caracter\u00edsticas do equipamento de transplante de arroz em casca de 8 fileiras<\/strong><\/h3>    <ol class=\"wp-block-list\"> <li>A dist\u00e2ncia de transplante pode ser ajustada pela al\u00e7a para atender \u00e0s necessidades do seu campo. <\/li>    <li>A\u00a0profundidade\u00a0da\u00a0lama\u00a0\u00e9 de 15 a 35 cm quando a m\u00e1quina est\u00e1 trabalhando nos arrozais.<\/li>    <li>M\u00e1quina leve e de grande capacidade, para atender \u00e0s necessidades dos agricultores.<\/li> <\/ol>    <h3 class=\"wp-block-heading\"><strong>Especifica\u00e7\u00f5es do transplantador de arroz de 8 linhas para venda<\/strong><\/h3>    <figure class=\"wp-block-table\"><table><tbody><tr><td>Modelo<\/td><td>CY-8<\/td><\/tr><tr><td>N\u00famero de linha de transplante<\/td><td>8<\/td><\/tr><tr><td>Modelo de motor diesel<\/td><td>178F<\/td><\/tr><tr><td>Dimens\u00e3o C*L*A(mm)<\/td><td>2410*2165*1300mm<\/td><\/tr><tr><td>Pot\u00eancia do motor diesel (kW\/HP)<\/td><td>4.05\/5.5<\/td><\/tr><tr><td>Velocidade de rota\u00e7\u00e3o do motor diesel (r\/min)<\/td><td>1800<\/td><\/tr><tr><td>Dist\u00e2ncia linha a linha (mm)<\/td><td>238<\/td><\/tr><tr><td>Dist\u00e2ncia colina a colina (mm)<\/td><td>120\/140<\/td><\/tr><tr><td>Efici\u00eancia de transplante<\/td><td>0,5-0,75 acres\/h<\/td><\/tr><tr><td>Tamanho da embalagem<\/td><td>2810*1760*600mm<\/td><\/tr><tr><td>Peso bruto<\/td><td>460kg<\/td><\/tr><tr><td>Unidades por cont\u00eainer de 20 p\u00e9s<\/td><td>9 conjuntos<\/td><\/tr><\/tbody><\/table><figcaption class=\"wp-element-caption\">dados t\u00e9cnicos do transplantador de arroz de 8 fileiras <\/figcaption><\/figure>    <h2 class=\"wp-block-heading\"><strong>Como fazer o transplante de arroz em arrozais?<\/strong><\/h2>   <div id=\"rank-math-howto\" class=\"rank-math-block\" > <div class=\"rank-math-howto-description\">  <\/div>  <div class=\"rank-math-steps\"> <div id=\"howto-step-1704785977534\" class=\"rank-math-step\"> <h3 class=\"rank-math-step-title\"><strong>Verifica\u00e7\u00e3o pr\u00e9-partida do equipamento<\/strong><\/h3> <div class=\"rank-math-step-content\"><p>Antes de iniciar a opera\u00e7\u00e3o, certifique-se de que todas as fun\u00e7\u00f5es da transplantadora de arroz estejam intactas, que o n\u00edvel do \u00f3leo do motor e do l\u00edquido refrigerante do tanque de \u00e1gua sejam suficientes e que o combust\u00edvel seja suficiente e livre de impurezas. <br \/>Verifique se as pe\u00e7as est\u00e3o bem conectadas e se as agulhas das mudas e os garfos de transplante est\u00e3o normais.<\/p> <\/div> <\/div> <div id=\"howto-step-1704786004293\" class=\"rank-math-step\"> <h3 class=\"rank-math-step-title\"><strong>Iniciando e ajustando<\/strong><\/h3> <div class=\"rank-math-step-content\"><p>Sente-se no banco do motorista, pendure o freio, coloque a alavanca do c\u00e2mbio principal na posi\u00e7\u00e3o \u201creabastecimento de mudas\u201d ou ponto morto e d\u00ea partida no motor com a alavanca de plantio na posi\u00e7\u00e3o neutra. <br \/>Depois de certificar-se de que a m\u00e1quina est\u00e1 funcionando perfeitamente, ajuste a profundidade de plantio e o espa\u00e7amento entre linhas de acordo com as condi\u00e7\u00f5es do solo e o espa\u00e7amento entre as plantas de arroz.<\/p> <\/div> <\/div> <div id=\"howto-step-1704786042269\" class=\"rank-math-step\"> <h3 class=\"rank-math-step-title\"><strong>Prepara\u00e7\u00e3o e posicionamento do arrozal<\/strong><\/h3> <div class=\"rank-math-step-content\"><p>Certifique-se de que o arrozal esteja nivelado e tenha umidade adequada e, em seguida, posicione com precis\u00e3o a plantadeira de arroz atrav\u00e9s do dispositivo de dire\u00e7\u00e3o e eleva\u00e7\u00e3o da m\u00e1quina, de modo que ela se desloque ao longo da linha de plantio pr\u00e9-planejada.<\/p> <\/div> <\/div> <div id=\"howto-step-1704786076693\" class=\"rank-math-step\"> <h3 class=\"rank-math-step-title\"><strong>Plantio e depura\u00e7\u00e3o de arroz<\/strong><\/h3> <div class=\"rank-math-step-content\"><p>Coloque as mudas de arroz nutridas ordenadamente na caixa de mudas e ajuste a quantidade de colheita de mudas para que seja uniforme e consistente. Ligue a porta de mudas e o mecanismo de alimenta\u00e7\u00e3o de mudas, observe se a muda \u00e9 sugada e inserida suavemente e ajuste as pe\u00e7as relacionadas a tempo, se necess\u00e1rio.<\/p> <\/div> <\/div> <div id=\"howto-step-1704786105818\" class=\"rank-math-step\"> <h3 class=\"rank-math-step-title\"><strong>Iniciar opera\u00e7\u00e3o de transplante<\/strong><\/h3> <div class=\"rank-math-step-content\"><p>Quando todas as configura\u00e7\u00f5es e ajustes estiverem conclu\u00eddos, solte lentamente o freio e acelere gradualmente o transplantador de arroz at\u00e9 a condi\u00e7\u00e3o normal de funcionamento. O operador precisa estar atento ao efeito do transplante e fazer ajustes a qualquer momento.<\/p> <\/div> <\/div> <div id=\"howto-step-1704786138253\" class=\"rank-math-step\"> <h3 class=\"rank-math-step-title\"><strong>Manuten\u00e7\u00e3o e inspe\u00e7\u00e3o intermedi\u00e1ria<\/strong><\/h3> <div class=\"rank-math-step-content\"><p>Durante a opera\u00e7\u00e3o cont\u00ednua, pare a m\u00e1quina regularmente para verificar o abastecimento de mudas na caixa de mudas, retire eventuais ra\u00edzes ou outros detritos que possam estar presos nas pe\u00e7as e mantenha o equipamento limpo e em bom estado de funcionamento.<\/p> <\/div> <\/div> <div id=\"howto-step-1704786153477\" class=\"rank-math-step\"> <h3 class=\"rank-math-step-title\"><strong>Reabastecimento e acabamento de mudas<\/strong><\/h3> <div class=\"rank-math-step-content\"><p>Voc\u00ea pode usar a fun\u00e7\u00e3o \u201creabastecer mudas\u201d para reabastecer as \u00e1reas faltantes ou esparsas. Ap\u00f3s concluir todas as tarefas de transplante, desligue o motor, limpe os res\u00edduos do equipamento e fa\u00e7a a manuten\u00e7\u00e3o de rotina para garantir que a pr\u00f3xima opera\u00e7\u00e3o corra bem.<\/p> <\/div> <\/div> <\/div> <\/div>       <h2 class=\"wp-block-heading\"><strong>Lista de pe\u00e7as sobressalentes para transplantador de arroz em casca<\/strong><\/h2>    <figure class=\"wp-block-table\"><table><tbody><tr><td>S\/N<\/td><td>Nome das pe\u00e7as de desgaste<\/td><td>Foto<\/td><\/tr><tr><td>1<\/td><td>carburador&nbsp;<\/td><td><img loading=\"lazy\" decoding=\"async\" width=\"150\" height=\"200\" class=\"wp-image-4165\" style=\"width: 150px;\" src=\"https:\/\/taizyagromachine.com\/wp-content\/uploads\/2022\/11\/carburetter.webp\" alt=\"carburador\"><\/td><\/tr><tr><td>2<\/td><td>Cinto SB-33<\/td><td><img loading=\"lazy\" decoding=\"async\" width=\"150\" height=\"129\" class=\"wp-image-4167\" style=\"width: 150px;\" src=\"https:\/\/taizyagromachine.com\/wp-content\/uploads\/2022\/11\/Belt-SB-33.webp\" alt=\"Cinto SB-33\"><\/td><\/tr><tr><td>3<\/td><td>selo de \u00f3leo 20\u00d732\u00d77<\/td><td><img loading=\"lazy\" decoding=\"async\" width=\"150\" height=\"139\" class=\"wp-image-4168\" style=\"width: 150px;\" src=\"https:\/\/taizyagromachine.com\/wp-content\/uploads\/2022\/11\/oilseal.webp\" alt=\"selo de \u00f3leo\"><\/td><\/tr><tr><td>4<\/td><td>conjunto de veda\u00e7\u00e3o de \u00f3leo30\u00d752\u00d712<\/td><td><img loading=\"lazy\" decoding=\"async\" width=\"150\" height=\"140\" class=\"wp-image-4169\" style=\"width: 150px;\" src=\"https:\/\/taizyagromachine.com\/wp-content\/uploads\/2022\/11\/oil-seal-assemble.webp\" alt=\"montagem de veda\u00e7\u00e3o de \u00f3leo\"><\/td><\/tr><tr><td>5<\/td><td>conjunto de veda\u00e7\u00e3o de \u00f3leo15\u00d735\u00d711,5<\/td><td><img loading=\"lazy\" decoding=\"async\" width=\"150\" height=\"142\" class=\"wp-image-4171\" style=\"width: 150px;\" src=\"https:\/\/taizyagromachine.com\/wp-content\/uploads\/2022\/11\/oil-seal-assemble15.webp\" alt=\"conjunto de veda\u00e7\u00e3o de \u00f3leo15\"><\/td><\/tr><tr><td>6<\/td><td>fio do acelerador&nbsp;<\/td><td><img loading=\"lazy\" decoding=\"async\" width=\"150\" height=\"110\" class=\"wp-image-4172\" style=\"width: 150px;\" src=\"https:\/\/taizyagromachine.com\/wp-content\/uploads\/2022\/11\/throttle-wire.webp\" alt=\"fio do acelerador\"><\/td><\/tr><tr><td>7<\/td><td>Fio da embreagem de dire\u00e7\u00e3o<\/td><td><img loading=\"lazy\" decoding=\"async\" width=\"150\" height=\"84\" class=\"wp-image-4178\" style=\"width: 150px;\" src=\"https:\/\/taizyagromachine.com\/wp-content\/uploads\/2022\/11\/Steering-clutch-wire.webp\" alt=\"Fio da embreagem de dire\u00e7\u00e3o\"><\/td><\/tr><tr><td>8<\/td><td>fio de estrangulamento<\/td><td><img loading=\"lazy\" decoding=\"async\" width=\"150\" height=\"92\" class=\"wp-image-4177\" style=\"width: 150px;\" src=\"https:\/\/taizyagromachine.com\/wp-content\/uploads\/2022\/11\/choke-wire.webp\" alt=\"fio de estrangulamento\"><\/td><\/tr><tr><td>9<\/td><td>correia de transmiss\u00e3o<\/td><td><img loading=\"lazy\" decoding=\"async\" width=\"150\" height=\"128\" class=\"wp-image-4176\" style=\"width: 150px;\" src=\"https:\/\/taizyagromachine.com\/wp-content\/uploads\/2022\/11\/transmission-belt.webp\" alt=\"correia de transmiss\u00e3o\"><\/td><\/tr><tr><td>10<\/td><td>bra\u00e7o de plantio&nbsp;<\/td><td><img loading=\"lazy\" decoding=\"async\" width=\"150\" height=\"116\" class=\"wp-image-4175\" style=\"width: 150px;\" src=\"https:\/\/taizyagromachine.com\/wp-content\/uploads\/2022\/11\/planting-arm-.webp\" alt=\"bra\u00e7o de plantio&nbsp;\"><\/td><\/tr><tr><td>11<\/td><td>agulha de plantio<\/td><td><img loading=\"lazy\" decoding=\"async\" width=\"150\" height=\"113\" class=\"wp-image-4174\" style=\"width: 150px;\" src=\"https:\/\/taizyagromachine.com\/wp-content\/uploads\/2022\/11\/planting-needle.webp\" alt=\"agulha de plantio\"><\/td><\/tr><\/tbody><\/table><figcaption class=\"wp-element-caption\">lista de reposi\u00e7\u00e3o de m\u00e1quina de plantar arroz<\/figcaption><\/figure>    <p>A lista acima \u00e9 uma lista de pe\u00e7as de desgaste da m\u00e1quina transplantadora de arroz semiautom\u00e1tica. As diversas partes e fun\u00e7\u00f5es do transplantador de arroz podem ser vistas em seu nome. Ao comprar uma m\u00e1quina, voc\u00ea tamb\u00e9m pode adquirir alguns conjuntos extras de pe\u00e7as de desgaste para garantir que a m\u00e1quina funcione corretamente.<\/p>    <h2 class=\"wp-block-heading\"><strong>Casos de sucesso da m\u00e1quina transplantadora m\u00faltipla de arroz<\/strong><\/h2>    <p>Nossos transplantadores de arroz s\u00e3o m\u00e1quinas de excelente qualidade, bom desempenho e longa dura\u00e7\u00e3o. \u00c9 por isso que s\u00e3o t\u00e3o populares no pa\u00eds e no exterior. <\/p>    <p>As nossas m\u00e1quinas s\u00e3o frequentemente exportadas para o estrangeiro, por exemplo, para o Togo e o Paquist\u00e3o. Normalmente embalamos as m\u00e1quinas em caixas de madeira antes de carreg\u00e1-las e envi\u00e1-las por via mar\u00edtima at\u00e9 o destino do cliente (caso o cliente necessite de uma forma de entrega diferente, tamb\u00e9m \u00e9 poss\u00edvel).<\/p>    <figure class=\"wp-block-gallery aligncenter has-nested-images columns-default is-cropped wp-block-gallery-4 is-layout-flex wp-block-gallery-is-layout-flex\"> <figure class=\"wp-block-image size-large\"><img loading=\"lazy\" decoding=\"async\" width=\"720\" height=\"540\" data-id=\"4163\" src=\"https:\/\/taizyagromachine.com\/wp-content\/uploads\/2022\/11\/package-rice-planting-machine-in-the-wooden-case.webp\" alt=\"pacote de m\u00e1quina de plantio de arroz em caixa de madeira\" class=\"wp-image-4163\"\/><figcaption class=\"wp-element-caption\">pacote de m\u00e1quina de plantio de arroz em caixa de madeira<\/figcaption><\/figure>    <figure class=\"wp-block-image size-large\"><img loading=\"lazy\" decoding=\"async\" width=\"720\" height=\"540\" data-id=\"4164\" src=\"https:\/\/taizyagromachine.com\/wp-content\/uploads\/2022\/11\/rice-transplanter-in-the-wooden-case.webp\" alt=\"transplantador de arroz em caixa de madeira\" class=\"wp-image-4164\"\/><figcaption class=\"wp-element-caption\">transplantador de arroz em caixa de madeira<\/figcaption><\/figure> <\/figure>    <h2 class=\"wp-block-heading\"><strong>Como solicitar o transplante mec\u00e2nico de arroz Taizy?<\/strong><\/h2>    <ul class=\"wp-block-list\"> <li><strong>Compreens\u00e3o do produto e confirma\u00e7\u00e3o da demanda<\/strong>: Ao entrar em contato conosco, nossa equipe de vendas ir\u00e1 ajud\u00e1-lo a entender detalhadamente os par\u00e2metros t\u00e9cnicos, caracter\u00edsticas de desempenho e escopo de aplica\u00e7\u00e3o dos diferentes modelos de transplantador de arroz, e selecionar o modelo certo de acordo com o tamanho de sua \u00e1rea agr\u00edcola, necessidades de plantio e or\u00e7amento.<\/li>    <li><strong>Sele\u00e7\u00e3o de configura\u00e7\u00e3o e servi\u00e7o personalizado<\/strong>: De acordo com as reais necessidades de plantio, determine se voc\u00ea precisa adquirir equipamentos auxiliares adicionais (como bandejas de mudas, dispositivos de fertilizantes, etc.) ou apresentar requisitos especiais de personaliza\u00e7\u00e3o, como ajuste de espa\u00e7amento entre linhas, espa\u00e7amento entre plantas e outros par\u00e2metros.<\/li>    <li><strong>Cota\u00e7\u00e3o e negocia\u00e7\u00e3o de contrato<\/strong>: Enviaremos o or\u00e7amento e realizaremos comunica\u00e7\u00e3o e negocia\u00e7\u00e3o aprofundada sobre o pre\u00e7o de compra, data de entrega, forma de pagamento e servi\u00e7o p\u00f3s-venda, etc.<\/li>    <li><strong>Assine o contrato e pague o dep\u00f3sito<\/strong>: As duas partes assinaram formalmente o contrato de venda, voc\u00ea paga uma determinada quantia de adiantamento ou dep\u00f3sito de acordo com o acordo, para garantir que o pedido entre em vigor e entre no processo de produ\u00e7\u00e3o.<\/li>    <li><strong>Entrega, instala\u00e7\u00e3o e comissionamento de equipamentos<\/strong>: Produzimos a m\u00e1quina de acordo com o prazo acordado e testamos a m\u00e1quina, e voc\u00ea paga o restante do pagamento de acordo com o contrato ap\u00f3s a aceita\u00e7\u00e3o. Depois disso, entregaremos o transplantador de arroz no prazo.<\/li> <\/ul>    <h2 class=\"wp-block-heading\"><strong>Entre em contato conosco para o seu plantio de arroz!<\/strong><\/h2>    <p class=\"translation-block\">Quer melhorar a efici\u00eancia do transplante de mudas de arroz em campos de arroz? Se sim, contacte-nos.<\/p>    <p class=\"translation-block\">Como fabricante e fornecedor agr\u00edcola abrangente, tamb\u00e9m temos transplantadores de vegetais e <a href=\"https:\/\/taizyagromachine.com\/pt\/product\/nursery-seedling-machine\/\">m\u00e1quinas de cultivo de viveiros<\/a> para todo o tipo de mudas de frutas e vegetais. Forneceremos a solu\u00e7\u00e3o e o or\u00e7amento ideais de acordo com as suas necessidades, para garantir a rela\u00e7\u00e3o custo-efic\u00e1cia da m\u00e1quina e, ao mesmo tempo, garantir a sua taxa de plantio de arroz!<\/p>","protected":false},"excerpt":{"rendered":"<p>O transplantador de arroz \u00e9 especialmente para plantio de arroz em arrozais, com plantio de alta precis\u00e3o, boa efici\u00eancia, possuindo tipos de 4, 6 e 8 linhas. Apresentamos cada tipo detalhadamente neste artigo para sua refer\u00eancia.<\/p>","protected":false},"author":1,"featured_media":4146,"parent":0,"template":"","tags":[202,201,203],"product-type":[31],"class_list":["post-4122","product","type-product","status-publish","has-post-thumbnail","hentry","tag-rice-planting-machine","tag-rice-transplanter","tag-vegetable-transplanter","product-type-nursery-transplanter"],"_links":{"self":[{"href":"https:\/\/taizyagromachine.com\/pt\/wp-json\/wp\/v2\/product\/4122","targetHints":{"allow":["GET"]}}],"collection":[{"href":"https:\/\/taizyagromachine.com\/pt\/wp-json\/wp\/v2\/product"}],"about":[{"href":"https:\/\/taizyagromachine.com\/pt\/wp-json\/wp\/v2\/types\/product"}],"author":[{"embeddable":true,"href":"https:\/\/taizyagromachine.com\/pt\/wp-json\/wp\/v2\/users\/1"}],"wp:featuredmedia":[{"embeddable":true,"href":"https:\/\/taizyagromachine.com\/pt\/wp-json\/wp\/v2\/media\/4146"}],"wp:attachment":[{"href":"https:\/\/taizyagromachine.com\/pt\/wp-json\/wp\/v2\/media?parent=4122"}],"wp:term":[{"taxonomy":"post_tag","embeddable":true,"href":"https:\/\/taizyagromachine.com\/pt\/wp-json\/wp\/v2\/tags?post=4122"},{"taxonomy":"product-type","embeddable":true,"href":"https:\/\/taizyagromachine.com\/pt\/wp-json\/wp\/v2\/product-type?post=4122"}],"curies":[{"name":"wp","href":"https:\/\/api.w.org\/{rel}","templated":true}]}}