{"id":4358,"date":"2022-12-27T13:53:59","date_gmt":"2022-12-27T05:53:59","guid":{"rendered":"https:\/\/taizyagromachine.com\/?post_type=product&#038;p=4358"},"modified":"2025-12-18T15:02:32","modified_gmt":"2025-12-18T07:02:32","slug":"sorghum-threshing-machine","status":"publish","type":"product","link":"https:\/\/taizyagromachine.com\/pt\/product\/sorghum-threshing-machine\/","title":{"rendered":"M\u00e1quina debulhadora de sorgo multiuso para milho, sorgo, colza"},"content":{"rendered":"<p>A debulhadora de sorgo s\u00e9rie 5TGQ \u00e9 uma descascadora desenvolvida por nossa empresa especificamente para sorgo, milho e colza. Com uma taxa de debulha superior a 99%, esta m\u00e1quina \u00e9 uma debulhadora de gr\u00e3os imbat\u00edvel.<\/p>    <p class=\"translation-block\">Como <a href=\"https:\/\/taizyagromachine.com\/pt\/\" target=\"_blank\" rel=\"noreferrer noopener\">um fabricante e fornecedor profissional de maquinaria agr\u00edcola<\/a>, existem tr\u00eas modelos: 5TGQ-100A, 5TGQ-100B e 5TGQ-100C. Modelos diferentes est\u00e3o dispon\u00edveis dependendo da produ\u00e7\u00e3o. Al\u00e9m disso, as nossas debulhadoras de gr\u00e3os s\u00e3o frequentemente adquiridas por governos africanos para v\u00e1rios projetos governamentais.<\/p>    <h2 class=\"wp-block-heading\"><strong>Tipos de m\u00e1quina debulhadora multiculturas para sorgo, milho, colza<\/strong><\/h2>    <p>Temos tr\u00eas tipos de debulhador de sorgo na Taizy, cada um com caracter\u00edsticas pr\u00f3prias. Abaixo voc\u00ea encontrar\u00e1 uma introdu\u00e7\u00e3o a cada um deles. Esperamos que o que se segue o ajude a compreender melhor os nossos tr\u00eas tipos diferentes de debulhadores de sorgo e lhe d\u00ea uma compreens\u00e3o b\u00e1sica desta m\u00e1quina.<\/p>    <h3 class=\"wp-block-heading\"><strong>Tipo 1: M\u00e1quina Descascadora de Sorgo 1000kg\/h<\/strong><\/h3>    <div class=\"wp-block-media-text alignwide is-stacked-on-mobile\"><figure class=\"wp-block-media-text__media\"><img loading=\"lazy\" decoding=\"async\" width=\"540\" height=\"720\" src=\"https:\/\/taizyagromachine.com\/wp-content\/uploads\/2022\/12\/large-sorghum-threshing-machine.webp\" alt=\"grande m\u00e1quina de debulha de sorgo\" class=\"wp-image-4392 size-full\"\/><\/figure><div class=\"wp-block-media-text__content\"> <p>Este tipo de debulhador de sorgo \u00e9 o maior dos tr\u00eas modelos. Esta m\u00e1quina tem uma produ\u00e7\u00e3o de 1000kg por hora e \u00e9 muito eficiente. Para os agricultores que desejam fazer debulha em grande escala, esta m\u00e1quina \u00e9 de grande ajuda.<\/p>    <p>Al\u00e9m disso, esta m\u00e1quina tamb\u00e9m pode ser utilizada com motor el\u00e9trico, motor diesel ou conectada a uma tomada de for\u00e7a, facilitando a movimenta\u00e7\u00e3o. Se voc\u00ea est\u00e1 interessado nesta m\u00e1quina, entre em contato conosco!<\/p> <\/div><\/div>    <h3 class=\"wp-block-heading\"><strong>Tipo 2: 500-600kg\/h <a href=\"https:\/\/taizyagromachine.com\/pt\/product\/multifunctional-thresher\/\" target=\"_blank\" rel=\"noreferrer noopener\">M\u00e1quina debulhadora multiuso<\/a><\/strong><\/h3>    <p>Essa debulhadora de sorgo \u00e9 uma esp\u00e9cie de m\u00e1quina de venda quente em Taizy, e muitas vezes temos clientes estrangeiros fazendo compras centralizadas, sempre em cont\u00eaineres cheios. Com uma produ\u00e7\u00e3o de 500-600kg por hora, esta m\u00e1quina \u00e9 ideal para produtores de pequeno e m\u00e9dio porte. A m\u00e1quina tamb\u00e9m \u00e9 muito popular entre institui\u00e7\u00f5es de caridade.<\/p>    <p>A m\u00e1quina descascadora de sorgo pode usar motor diesel, motor el\u00e9trico ou acionado por tomada de for\u00e7a. \u00c9 muito amig\u00e1vel para pessoas que n\u00e3o t\u00eam eletricidade. Se precisar, entre em contato conosco imediatamente!<\/p>    <figure class=\"wp-block-gallery aligncenter has-nested-images columns-default is-cropped wp-block-gallery-2 is-layout-flex wp-block-gallery-is-layout-flex\"> <figure class=\"wp-block-image size-large\"><img loading=\"lazy\" decoding=\"async\" width=\"720\" height=\"540\" data-id=\"4378\" src=\"https:\/\/taizyagromachine.com\/wp-content\/uploads\/2022\/12\/diesel-engine-thresher-machine.webp\" alt=\"m\u00e1quina debulhadora com motor diesel\" class=\"wp-image-4378\"\/><figcaption class=\"wp-element-caption\">m\u00e1quina debulhadora com motor diesel<\/figcaption><\/figure>    <figure class=\"wp-block-image size-large\"><img loading=\"lazy\" decoding=\"async\" width=\"720\" height=\"540\" data-id=\"4379\" src=\"https:\/\/taizyagromachine.com\/wp-content\/uploads\/2022\/12\/electric-motor-sorghum-thresher.webp\" alt=\"debulhador de sorgo com motor el\u00e9trico\" class=\"wp-image-4379\"\/><figcaption class=\"wp-element-caption\">debulhador de sorgo com motor el\u00e9trico<\/figcaption><\/figure>    <figure class=\"wp-block-image size-large\"><img loading=\"lazy\" decoding=\"async\" width=\"720\" height=\"540\" data-id=\"4380\" src=\"https:\/\/taizyagromachine.com\/wp-content\/uploads\/2022\/12\/PTO-driven-crop-thresher.webp\" alt=\"Debulhador de culturas acionado por tomada de for\u00e7a\" class=\"wp-image-4380\"\/><figcaption class=\"wp-element-caption\">Debulhador de culturas acionado por tomada de for\u00e7a<\/figcaption><\/figure> <\/figure>    <h4 class=\"wp-block-heading\"><strong>Estrutura da debulhadora multicultura 5TGQ-100A e 5TGQ-100B<\/strong><\/h4>    <figure class=\"wp-block-gallery aligncenter has-nested-images columns-default is-cropped wp-block-gallery-3 is-layout-flex wp-block-gallery-is-layout-flex\"> <figure class=\"wp-block-image size-large\"><img loading=\"lazy\" decoding=\"async\" width=\"540\" height=\"900\" data-id=\"4390\" src=\"https:\/\/taizyagromachine.com\/wp-content\/uploads\/2022\/12\/big-sorghum-thresher-structure.webp\" alt=\"grande estrutura debulhadora de sorgo\" class=\"wp-image-4390\"\/><figcaption class=\"wp-element-caption\">grande estrutura debulhadora de sorgo<\/figcaption><\/figure>    <figure class=\"wp-block-image size-large\"><img loading=\"lazy\" decoding=\"async\" width=\"540\" height=\"900\" data-id=\"4391\" src=\"https:\/\/taizyagromachine.com\/wp-content\/uploads\/2022\/12\/PTO-big-tires.webp\" alt=\"TDF e pneus grandes\" class=\"wp-image-4391\"\/><figcaption class=\"wp-element-caption\">TDF e pneus grandes<\/figcaption><\/figure> <\/figure>    <figure class=\"wp-block-table\"><table><tbody><tr><td>S\/N<\/td><td>Pe\u00e7a da m\u00e1quina<\/td><td>S\/N<\/td><td>Pe\u00e7a da m\u00e1quina<\/td><\/tr><tr><td>1<\/td><td>Entrada<\/td><td>4<\/td><td>Sa\u00edda de poeira<\/td><\/tr><tr><td>2<\/td><td>Malha de tela<\/td><td>5<\/td><td>Outlet Icker<\/td><\/tr><tr><td>3<\/td><td>Tomada<\/td><td>6<\/td><td>Motor a gas\u00f3leo<\/td><\/tr><\/tbody><\/table><\/figure>    <p>Esta debulhadora de sorgo tamb\u00e9m est\u00e1 dispon\u00edvel com motor, tomada de for\u00e7a e esta m\u00e1quina pode ser equipada com pneus grandes, dependendo da necessidade do cliente.<\/p>    <h3 class=\"wp-block-heading\"><strong>Tipo 3: M\u00e1quina debulhadora de sorgo 400kg \/ h<\/strong><\/h3>    <p>Esta m\u00e1quina \u00e9 a menor das tr\u00eas e \u00e9 adequada para pequenos produtores. Com uma produ\u00e7\u00e3o de 400kg por hora, esta m\u00e1quina \u00e9 muito econ\u00f3mica. Tamb\u00e9m pode ser utilizado com motores el\u00e9tricos, a gasolina ou diesel, dependendo da necessidade do cliente.<\/p>    <p>Se voc\u00ea n\u00e3o tem certeza de qual tipo de debulhador de sorgo \u00e9 ideal para voc\u00ea, entre em contato conosco e nossos profissionais recomendar\u00e3o o tipo de m\u00e1quina mais adequado para sua necessidade!<\/p>    <figure class=\"wp-block-gallery aligncenter has-nested-images columns-default is-cropped wp-block-gallery-4 is-layout-flex wp-block-gallery-is-layout-flex\"> <figure class=\"wp-block-image size-large\"><img loading=\"lazy\" decoding=\"async\" width=\"720\" height=\"540\" data-id=\"4383\" src=\"https:\/\/taizyagromachine.com\/wp-content\/uploads\/2022\/12\/electric-motor-sorghum-threshing-machine.webp\" alt=\"debulhadora de sorgo com motor el\u00e9trico\" class=\"wp-image-4383\"\/><figcaption class=\"wp-element-caption\">debulhadora de sorgo com motor el\u00e9trico<\/figcaption><\/figure>    <figure class=\"wp-block-image size-large\"><img loading=\"lazy\" decoding=\"async\" width=\"720\" height=\"540\" data-id=\"4384\" src=\"https:\/\/taizyagromachine.com\/wp-content\/uploads\/2022\/12\/small-sorghum-millet-thresher.webp\" alt=\"debulhador de milho de sorgo pequeno\" class=\"wp-image-4384\"\/><figcaption class=\"wp-element-caption\">debulhador de milho de sorgo pequeno<\/figcaption><\/figure>    <figure class=\"wp-block-image size-large\"><img loading=\"lazy\" decoding=\"async\" width=\"720\" height=\"540\" data-id=\"4382\" src=\"https:\/\/taizyagromachine.com\/wp-content\/uploads\/2022\/12\/5TGQ-100C-sheller-machine.webp\" alt=\"M\u00e1quina descascadora 5TGQ-100C\" class=\"wp-image-4382\"\/><figcaption class=\"wp-element-caption\">M\u00e1quina descascadora 5TGQ-100C<\/figcaption><\/figure> <\/figure>    <h4 class=\"wp-block-heading\"><strong>Estrutura da Debulhadora de Sorgo Millet 5TGQ-100C <\/strong><\/h4>   <div class=\"wp-block-image\"> <figure class=\"aligncenter size-full\"><img loading=\"lazy\" decoding=\"async\" width=\"720\" height=\"540\" src=\"https:\/\/taizyagromachine.com\/wp-content\/uploads\/2022\/12\/structure-of-small-sorghum-threshing-machine.webp\" alt=\"estrutura da pequena debulhadora de sorgo\" class=\"wp-image-4388\"\/><figcaption class=\"wp-element-caption\">estrutura da pequena debulhadora de sorgo<\/figcaption><\/figure> <\/div>   <figure class=\"wp-block-table\"><table><tbody><tr><td>S\/N<\/td><td>Conte\u00fado indicado<\/td><\/tr><tr><td>A<\/td><td>Entrada \u2013 os trabalhadores colocam as mat\u00e9rias-primas na entrada<\/td><\/tr><tr><td>B<\/td><td>Sa\u00edda do Icker \u2013 o icker ser\u00e1 descarregado da sa\u00edda<\/td><\/tr><tr><td>C<\/td><td>Sa\u00edda de sementes \u2013 esta sa\u00edda para bons produtos finais, e os produtos finais ser\u00e3o muito limpos<\/td><\/tr><tr><td>D<\/td><td>Sa\u00edda de impurezas \u2013 a poeira ser\u00e1 descarregada desta sa\u00edda<\/td><\/tr><tr><td>E<\/td><td>Motor \u2013 este motor el\u00e9trico pode ser transformado em motores a gasolina ou diesel<\/td><\/tr><\/tbody><\/table><\/figure>    <h2 class=\"wp-block-heading\"><strong>Aplica\u00e7\u00f5es da M\u00e1quina Debulhadora de Sorgo Taizy<\/strong><\/h2>    <p>O nosso debulhador multifuncional de cereais \u00e9 principalmente utilizado para debulhar sorgo, millet e colza, e as suas aplica\u00e7\u00f5es s\u00e3o semelhantes a estes tr\u00eas cereais. Se tiver alguma d\u00favida, pode contactar-nos e o nosso gestor de vendas recomendar-lhe-\u00e1 a m\u00e1quina certa para si, de acordo com os seus cereais!<\/p>   <div class=\"wp-block-image\"> <figure class=\"aligncenter size-full\"><img loading=\"lazy\" decoding=\"async\" width=\"720\" height=\"540\" src=\"https:\/\/taizyagromachine.com\/wp-content\/uploads\/2022\/12\/applications-of-sorghum-thresher-machine.webp\" alt=\"aplica\u00e7\u00f5es da m\u00e1quina debulhadora de sorgo\" class=\"wp-image-4374\"\/><figcaption class=\"wp-element-caption\">aplica\u00e7\u00f5es da m\u00e1quina debulhadora de sorgo<\/figcaption><\/figure> <\/div>   <h2 class=\"wp-block-heading\"><strong>Caracter\u00edsticas do debulhador de sorgo pain\u00e7o<\/strong><\/h2>    <ol class=\"wp-block-list\"> <li>Esta debulhadora pode debulhar sorgo, milho-mi\u00fado e colza com uma taxa de debulha 99%.<\/li>    <li>Esta m\u00e1quina pode ser utilizada com motor el\u00e9trico ou diesel, o que a torna muito adequada para \u00e1reas com eletricidade menos desenvolvida.<\/li>    <li>A debulhadora de sorgo \u00e9 cientificamente projetada, estruturalmente s\u00f3lida, est\u00e1vel e f\u00e1cil de operar.<\/li>    <li>A m\u00e1quina foi projetada para gr\u00e3os diferentes e precisa ser substitu\u00edda por uma peneira correspondente.<\/li>    <li>A m\u00e1quina pode ser equipada com uma roda grande e tamb\u00e9m pode ser utilizada com tomada de for\u00e7a e trator, o que \u00e9 muito pr\u00e1tico.<\/li> <\/ol>    <h2 class=\"wp-block-heading\"><strong>Casos de sucesso da m\u00e1quina debulhadora de sorgo Taizy<\/strong><\/h2>    <p>Nossa m\u00e1quina descascadora de sorgo \u00e9 muito popular no mercado internacional, muitas vezes para exporta\u00e7\u00e3o no varejo, e cada vez que nossos clientes compram nossas m\u00e1quinas em grandes quantidades para projetos governamentais ou compras governamentais. Por exemplo, Qu\u00e9nia, Nig\u00e9ria e outros pa\u00edses. A imagem abaixo mostra cenas do nosso transporte quando o cliente adquire uma grande quantidade de debulhadoras.<\/p>    <figure class=\"wp-block-gallery aligncenter has-nested-images columns-default is-cropped wp-block-gallery-5 is-layout-flex wp-block-gallery-is-layout-flex\"> <figure class=\"wp-block-image size-large\"><img loading=\"lazy\" decoding=\"async\" width=\"540\" height=\"720\" data-id=\"4365\" src=\"https:\/\/taizyagromachine.com\/wp-content\/uploads\/2022\/12\/packing-sorghum-thresher-machine.webp\" alt=\"m\u00e1quina debulhadora de sorgo para embalagem\" class=\"wp-image-4365\"\/><figcaption class=\"wp-element-caption\">m\u00e1quina debulhadora de sorgo para embalagem<\/figcaption><\/figure>    <figure class=\"wp-block-image size-large\"><img loading=\"lazy\" decoding=\"async\" width=\"540\" height=\"720\" data-id=\"4366\" src=\"https:\/\/taizyagromachine.com\/wp-content\/uploads\/2022\/12\/sorghum-threshing-machine-1.webp\" alt=\"debulhadora de sorgo\" class=\"wp-image-4366\"\/><figcaption class=\"wp-element-caption\">debulhadora de sorgo<\/figcaption><\/figure> <\/figure>    <h2 class=\"wp-block-heading\"><strong>Par\u00e2metros t\u00e9cnicos da m\u00e1quina debulhadora de sorgo<\/strong><\/h2>    <figure class=\"wp-block-table\"><table><tbody><tr><td>Modelo<\/td><td>5TGQ-100A<\/td><td>5TGQ-100B<\/td><td>5TGQ-100C<\/td><\/tr><tr><td>Poder<\/td><td>7,5-11 kW ou 12-15 CV<\/td><td>4-5,5 kW ou 6-8 CV<\/td><td>3 kW ou 6 CV<\/td><\/tr><tr><td>Taxa de descascamento<\/td><td>99%<\/td><td>99%<\/td><td>99%<\/td><\/tr><tr><td>Capacidade<\/td><td>1000kg\/hora<\/td><td>500-600 kg\/hora<\/td><td>400kg\/hora<\/td><\/tr><tr><td>Peso<\/td><td>300kg<\/td><td>200kg<\/td><td>120kg<\/td><\/tr><tr><td>Tamanho<\/td><td>1800*1000*2300mm<\/td><td>1700*900*2000mm<\/td><td>1650*1200*950mm<\/td><\/tr><tr><td>Embalagem<\/td><td>1800*800*1700mm<\/td><td>1700*530*1300mm<\/td><td>1650*530*930mm<\/td><\/tr><\/tbody><\/table><\/figure>    <h2 class=\"wp-block-heading\"><strong>V\u00eddeo da m\u00e1quina debulhadora de sorgo Taizy<\/strong> <strong>\u2013 Como Debulhar Sorgo, Pain\u00e7o?<\/strong><\/h2>    <figure class=\"wp-block-embed is-type-video is-provider-youtube wp-block-embed-youtube wp-embed-aspect-16-9 wp-has-aspect-ratio\"><div class=\"wp-block-embed__wrapper\"> <iframe loading=\"lazy\" title=\"M\u00e1quina debulhadora de sorgo Taizy para milho, milheto, sorgo, debulhador multifuncional de colza\" width=\"500\" height=\"281\" src=\"https:\/\/www.youtube.com\/embed\/ypdBGXZhrZs?feature=oembed\" frameborder=\"0\" allow=\"accelerometer; autoplay; clipboard-write; encrypted-media; gyroscope; picture-in-picture; web-share\" referrerpolicy=\"strict-origin-when-cross-origin\" allowfullscreen><\/iframe> <\/div><\/figure>","protected":false},"excerpt":{"rendered":"<p>The 5TGQ series sorghum threshing machine is a sheller developed by our company specifically for sorghum, millet, and rapeseed. With a threshing rate of over 99%, this machine is an unbeatable grain thresher. As a professional manufacturer and supplier of agricultural machinery, there are three models: 5TGQ-100A, 5TGQ-100B, and 5TGQ-100C. Different models are available depending [&hellip;]<\/p>\n","protected":false},"author":1,"featured_media":4359,"parent":0,"template":"","tags":[198,207],"product-type":[22],"class_list":["post-4358","product","type-product","status-publish","has-post-thumbnail","hentry","tag-multifunctional-thresher","tag-sorghum-threshing-machine","product-type-others"],"_links":{"self":[{"href":"https:\/\/taizyagromachine.com\/pt\/wp-json\/wp\/v2\/product\/4358","targetHints":{"allow":["GET"]}}],"collection":[{"href":"https:\/\/taizyagromachine.com\/pt\/wp-json\/wp\/v2\/product"}],"about":[{"href":"https:\/\/taizyagromachine.com\/pt\/wp-json\/wp\/v2\/types\/product"}],"author":[{"embeddable":true,"href":"https:\/\/taizyagromachine.com\/pt\/wp-json\/wp\/v2\/users\/1"}],"wp:featuredmedia":[{"embeddable":true,"href":"https:\/\/taizyagromachine.com\/pt\/wp-json\/wp\/v2\/media\/4359"}],"wp:attachment":[{"href":"https:\/\/taizyagromachine.com\/pt\/wp-json\/wp\/v2\/media?parent=4358"}],"wp:term":[{"taxonomy":"post_tag","embeddable":true,"href":"https:\/\/taizyagromachine.com\/pt\/wp-json\/wp\/v2\/tags?post=4358"},{"taxonomy":"product-type","embeddable":true,"href":"https:\/\/taizyagromachine.com\/pt\/wp-json\/wp\/v2\/product-type?post=4358"}],"curies":[{"name":"wp","href":"https:\/\/api.w.org\/{rel}","templated":true}]}}