{"id":4407,"date":"2022-12-29T11:06:32","date_gmt":"2022-12-29T03:06:32","guid":{"rendered":"https:\/\/taizyagromachine.com\/?post_type=product&#038;p=4407"},"modified":"2022-12-29T16:34:35","modified_gmt":"2022-12-29T08:34:35","slug":"corn-peeling-machine","status":"publish","type":"product","link":"https:\/\/taizyagromachine.com\/pt\/product\/corn-peeling-machine\/","title":{"rendered":"M\u00e1quina de descascamento de milho pequena para remo\u00e7\u00e3o de pele de milho"},"content":{"rendered":"<p class=\"translation-block\">Esta m\u00e1quina descascadora de milho \u00e9 usada principalmente para remover a pele do milho para a prepara\u00e7\u00e3o do pr\u00f3ximo processo. Al\u00e9m disso, esta m\u00e1quina tamb\u00e9m serve para o trigo. Ap\u00f3s a descascagem, funciona sempre com o <a href=\"https:\/\/taizyagromachine.com\/pt\/product\/disk-mill-machine\/\" target=\"_blank\" rel=\"noreferrer noopener\">moinho de milho<\/a> para obter p\u00f3 fino. <\/p>    <p class=\"translation-block\">Com o desenvolvimento dos tempos, a nossa maquinaria agr\u00edcola tamb\u00e9m tem mudan\u00e7as r\u00e1pidas, utilizando a <a href=\"https:\/\/taizyagromachine.com\/pt\/product\/maize-grits-milling-machine\/\" target=\"_blank\" rel=\"noreferrer noopener\">m\u00e1quina de moagem de milho<\/a> pode alcan\u00e7ar tanto a fun\u00e7\u00e3o de descasque de milho como a de produ\u00e7\u00e3o de gr\u00e3os de milho. Depende principalmente de si planear. Se estiver interessado, contacte-nos para mais informa\u00e7\u00f5es!<\/p>    <h2 class=\"wp-block-heading\"><strong>Tipos de m\u00e1quina multifuncional de descascar milho para venda<\/strong><\/h2>    <p class=\"translation-block\">Como <a href=\"https:\/\/taizyagromachine.com\/pt\/\" target=\"_blank\" rel=\"noreferrer noopener\">fabricante e fornecedor profissional de maquinaria agr\u00edcola<\/a>, a nossa descascadora de milho pode ser utilizada com motores el\u00e9tricos ou a diesel. Para aqueles que preferem uma m\u00e1quina com m\u00faltiplas configura\u00e7\u00f5es de pot\u00eancia, esta m\u00e1quina \u00e9 a escolha ideal.<\/p>    <p class=\"translation-block\">Esta m\u00e1quina descascadora de milho \u00e9 muito popular entre os nossos clientes devido ao seu bom desempenho, facilidade de movimenta\u00e7\u00e3o, design compacto e estrutura razo\u00e1vel. Frequentemente, os clientes compram o conjunto completo ou juntamente com outras m\u00e1quinas, por exemplo, <a href=\"https:\/\/taizyagromachine.com\/pt\/info\/corn-grinder-machine-australia\/\" target=\"_blank\" rel=\"noreferrer noopener\">um cliente australiano comprou recentemente m\u00e1quinas de milho incluindo uma descascadora de milho<\/a> connosco.<\/p>    <figure class=\"wp-block-gallery aligncenter has-nested-images columns-default is-cropped wp-block-gallery-2 is-layout-flex wp-block-gallery-is-layout-flex\"> <figure class=\"wp-block-image size-full\"><img loading=\"lazy\" decoding=\"async\" width=\"540\" height=\"720\" data-id=\"4416\" src=\"https:\/\/taizyagromachine.com\/wp-content\/uploads\/2022\/12\/electric-motor-maize-peeler.webp\" alt=\"descascador de milho com motor el\u00e9trico\" class=\"wp-image-4416\"\/><figcaption class=\"wp-element-caption\">descascador de milho com motor el\u00e9trico<\/figcaption><\/figure>    <figure class=\"wp-block-image size-full\"><img loading=\"lazy\" decoding=\"async\" width=\"540\" height=\"720\" data-id=\"4417\" src=\"https:\/\/taizyagromachine.com\/wp-content\/uploads\/2022\/12\/diesel-engined-corn-peeler.webp\" alt=\"descascador de milho com motor diesel\" class=\"wp-image-4417\"\/><figcaption class=\"wp-element-caption\">descascador de milho com motor diesel<\/figcaption><\/figure> <\/figure>    <h2 class=\"wp-block-heading\"><strong>Qual \u00e9 o design da m\u00e1quina para descascar milho?<\/strong><\/h2>   <div class=\"wp-block-image\"> <figure class=\"aligncenter size-full\"><img loading=\"lazy\" decoding=\"async\" width=\"720\" height=\"540\" src=\"https:\/\/taizyagromachine.com\/wp-content\/uploads\/2022\/12\/structure-of-the-corn-skin-peeling-machine.webp\" alt=\"estrutura da m\u00e1quina de descascar pele de milho\" class=\"wp-image-4414\"\/><figcaption class=\"wp-element-caption\">estrutura da m\u00e1quina de descascar pele de milho<\/figcaption><\/figure> <\/div>   <figure class=\"wp-block-table\"><table><tbody><tr><td class=\"has-text-align-center\" data-align=\"center\">S\/N<\/td><td class=\"has-text-align-center\" data-align=\"center\">Pe\u00e7a da m\u00e1quina<\/td><td class=\"has-text-align-center\" data-align=\"center\">S\/N<\/td><td class=\"has-text-align-center\" data-align=\"center\">Pe\u00e7a da m\u00e1quina<\/td><\/tr><tr><td class=\"has-text-align-center\" data-align=\"center\">1<\/td><td class=\"has-text-align-center\" data-align=\"center\">Alimentador<\/td><td class=\"has-text-align-center\" data-align=\"center\">4<\/td><td class=\"has-text-align-center\" data-align=\"center\">Controlar a velocidade de alimenta\u00e7\u00e3o<\/td><\/tr><tr><td class=\"has-text-align-center\" data-align=\"center\">2<\/td><td class=\"has-text-align-center\" data-align=\"center\">L\u00e2mina de casca<\/td><td class=\"has-text-align-center\" data-align=\"center\">5<\/td><td class=\"has-text-align-center\" data-align=\"center\">Sa\u00edda de gr\u00e3os pequenos<\/td><\/tr><tr><td class=\"has-text-align-center\" data-align=\"center\">3<\/td><td class=\"has-text-align-center\" data-align=\"center\">Sa\u00edda de peeling de pele<\/td><td class=\"has-text-align-center\" data-align=\"center\">6<\/td><td class=\"has-text-align-center\" data-align=\"center\">Sa\u00edda de produto acabado<\/td><\/tr><\/tbody><\/table><\/figure>    <h2 class=\"wp-block-heading\"><strong>Fatores que afetaram o pre\u00e7o da m\u00e1quina de descascar milho<\/strong><\/h2>    <p>O pre\u00e7o de uma m\u00e1quina descascadora de milho \u00e9 influenciado por v\u00e1rios aspectos, como a escolha da pot\u00eancia da m\u00e1quina, a dist\u00e2ncia do pa\u00eds de transporte, o per\u00edodo de compra, a quantidade de m\u00e1quinas a serem adquiridas, etc. o pre\u00e7o da m\u00e1quina. Se voc\u00ea est\u00e1 interessado em adquirir este tipo de m\u00e1quina descascadora de casca de milho, entre em contato conosco e nossa equipe de vendas lhe fornecer\u00e1 a melhor solu\u00e7\u00e3o de acordo com sua necessidade.<\/p>    <h2 class=\"wp-block-heading\"><strong>Caso de sucesso: 30 conjuntos de m\u00e1quinas de descascar milho vendidos para Bukifarnasso<\/strong><\/h2>    <p class=\"translation-block\">Um cliente de Bukifarnasso encomendou 30 descascadoras de milho. O cliente contactou-nos via whatsapp, indicando que estava a trabalhar num projeto de concurso e precisava de comprar um grande n\u00famero destas m\u00e1quinas. A nossa equipa de vendas ajudou-o proativamente com os v\u00e1rios materiais necess\u00e1rios para o concurso e o projeto foi eventualmente ganho. O cliente tamb\u00e9m encomendou 30 conjuntos de <a href=\"https:\/\/en.wikipedia.org\/wiki\/Peeler\" target=\"_blank\" rel=\"noreferrer noopener\">descascadores<\/a> de milho diretamente de n\u00f3s. Abaixo est\u00e3o as fotos da produ\u00e7\u00e3o da m\u00e1quina e do carregamento e envio.<\/p>    <figure class=\"wp-block-gallery aligncenter has-nested-images columns-default is-cropped wp-block-gallery-3 is-layout-flex wp-block-gallery-is-layout-flex\"> <figure class=\"wp-block-image size-large\"><img loading=\"lazy\" decoding=\"async\" width=\"540\" height=\"550\" data-id=\"4418\" src=\"https:\/\/taizyagromachine.com\/wp-content\/uploads\/2022\/12\/corn-peeling-machine-manufacturer-supplier.webp\" alt=\"fabricante e fornecedor de m\u00e1quina de descascar milho\" class=\"wp-image-4418\"\/><figcaption class=\"wp-element-caption\">fabricante e fornecedor de m\u00e1quina de descascar milho<\/figcaption><\/figure>    <figure class=\"wp-block-image size-large\"><img loading=\"lazy\" decoding=\"async\" width=\"540\" height=\"550\" data-id=\"4419\" src=\"https:\/\/taizyagromachine.com\/wp-content\/uploads\/2022\/12\/loading-and-shipping-corn-peeling-machine.webp\" alt=\"m\u00e1quina de descascar milho para carregar e enviar\" class=\"wp-image-4419\"\/><figcaption class=\"wp-element-caption\">m\u00e1quina de descascar milho para carregar e enviar<\/figcaption><\/figure> <\/figure>    <h2 class=\"wp-block-heading\"><strong>Par\u00e2metros t\u00e9cnicos da m\u00e1quina descascadora de milho pequeno<\/strong><\/h2>    <figure class=\"wp-block-table\"><table><tbody><tr><td>Nome da maquina<\/td><td>M\u00e1quina de descascar milho<\/td><\/tr><tr><td>Poder<\/td><td>Motor el\u00e9trico de 5,5 kW ou motor diesel de 12 HP<\/td><\/tr><tr><td>Capacidade<\/td><td>300-500 kg\/hora<\/td><\/tr><tr><td>Peso<\/td><td>100kg<\/td><\/tr><tr><td>Tamanho<\/td><td>660*450*1020mm<\/td><\/tr><tr><td>Volume de embalagem<\/td><td>0,6 CBM<\/td><\/tr><tr><td>Aplicativo<\/td><td>Milho, trigo<\/td><\/tr><\/tbody><\/table><\/figure>    <h2 class=\"wp-block-heading\"><strong>V\u00eddeo da m\u00e1quina de descascar milho Taizy Farm Use - Como descascar a pele do milho?<\/strong><\/h2>    <figure class=\"wp-block-embed is-type-video is-provider-youtube wp-block-embed-youtube wp-embed-aspect-16-9 wp-has-aspect-ratio\"><div class=\"wp-block-embed__wrapper\"> <iframe loading=\"lazy\" title=\"M\u00e1quina de descascar milho pequena - M\u00e1quina de descascar milho para venda com melhor pre\u00e7o de Taizy 2022 #corns\" width=\"500\" height=\"281\" src=\"https:\/\/www.youtube.com\/embed\/GhLNC2FutO4?feature=oembed\" frameborder=\"0\" allow=\"accelerometer; autoplay; clipboard-write; encrypted-media; gyroscope; picture-in-picture; web-share\" referrerpolicy=\"strict-origin-when-cross-origin\" allowfullscreen><\/iframe> <\/div><\/figure>","protected":false},"excerpt":{"rendered":"<p>This corn peeling machine is mainly used to remove the maize skin for the preparation of the next process. Besides, this machine is also for the wheat. After peeling, it always works with the corn grinder machine for fine powder. With the development of the times, our agricultural machinery also has rapid changes, using the [&hellip;]<\/p>\n","protected":false},"author":1,"featured_media":4408,"parent":0,"template":"","tags":[189,208],"product-type":[17],"class_list":["post-4407","product","type-product","status-publish","has-post-thumbnail","hentry","tag-corn-grits-making-machine","tag-corn-peeling-machine","product-type-corn-machine"],"_links":{"self":[{"href":"https:\/\/taizyagromachine.com\/pt\/wp-json\/wp\/v2\/product\/4407","targetHints":{"allow":["GET"]}}],"collection":[{"href":"https:\/\/taizyagromachine.com\/pt\/wp-json\/wp\/v2\/product"}],"about":[{"href":"https:\/\/taizyagromachine.com\/pt\/wp-json\/wp\/v2\/types\/product"}],"author":[{"embeddable":true,"href":"https:\/\/taizyagromachine.com\/pt\/wp-json\/wp\/v2\/users\/1"}],"wp:featuredmedia":[{"embeddable":true,"href":"https:\/\/taizyagromachine.com\/pt\/wp-json\/wp\/v2\/media\/4408"}],"wp:attachment":[{"href":"https:\/\/taizyagromachine.com\/pt\/wp-json\/wp\/v2\/media?parent=4407"}],"wp:term":[{"taxonomy":"post_tag","embeddable":true,"href":"https:\/\/taizyagromachine.com\/pt\/wp-json\/wp\/v2\/tags?post=4407"},{"taxonomy":"product-type","embeddable":true,"href":"https:\/\/taizyagromachine.com\/pt\/wp-json\/wp\/v2\/product-type?post=4407"}],"curies":[{"name":"wp","href":"https:\/\/api.w.org\/{rel}","templated":true}]}}