{"id":4448,"date":"2023-01-03T15:20:28","date_gmt":"2023-01-03T07:20:28","guid":{"rendered":"https:\/\/taizyagromachine.com\/?post_type=product&#038;p=4448"},"modified":"2025-03-20T14:03:30","modified_gmt":"2025-03-20T06:03:30","slug":"hydraulic-hay-baler","status":"publish","type":"product","link":"https:\/\/taizyagromachine.com\/pt\/product\/hydraulic-hay-baler\/","title":{"rendered":"Enfardadeira de feno hidr\u00e1ulica de 2 cilindros para prensagem de fardos quadrados"},"content":{"rendered":"<p class=\"translation-block\">Esta balan\u00e7a hidr\u00e1ulica de feno \u00e9 usada para balizar v\u00e1rias mat\u00e9rias-primas de silagem, como palha, palha de pinheiro, relva, etc., para formar fardos quadrados. \u00c9 frequentemente chamada de <a href=\"https:\/\/taizyagromachine.com\/pt\/product\/3-cylinder-hydraulic-silage-baler\/\" target=\"_blank\" rel=\"noreferrer noopener\">m\u00e1quina de fardos de silagem hidr\u00e1ulica<\/a> porque possui 2 cilindros hidr\u00e1ulicos. A balan\u00e7a de silagem pode ser usada com motores el\u00e9tricos ou a diesel, tornando-a uma escolha flex\u00edvel.<\/p>   <div class=\"wp-block-image\"> <figure class=\"aligncenter size-full\"><img loading=\"lazy\" decoding=\"async\" width=\"720\" height=\"300\" src=\"https:\/\/taizyagromachine.com\/wp-content\/uploads\/2023\/01\/hydraulic-silage-press-baler-machine.webp\" alt=\"Prensa enfardadeira hidr\u00e1ulica para silagem\" class=\"wp-image-4461\"\/><figcaption class=\"wp-element-caption\">Prensa enfardadeira hidr\u00e1ulica para silagem<\/figcaption><\/figure> <\/div>   <p>Al\u00e9m disso, os fardos quadrados formados por esta enfardadeira de silagem quadrada precisam ser ensacados em sacos de tecido PE\/PP. O ensacamento evita que a silagem fique mofada.<\/p>    <figure class=\"wp-block-embed is-type-video is-provider-youtube wp-block-embed-youtube wp-embed-aspect-16-9 wp-has-aspect-ratio\"><div class=\"wp-block-embed__wrapper\"> <iframe loading=\"lazy\" title=\"M\u00e1quina enfardadeira de ensilagem de prensa hidr\u00e1ulica para enfardamento de ensilagem quadrada - m\u00e1quinas de embalagem de ensilagem #silage\" width=\"500\" height=\"281\" src=\"https:\/\/www.youtube.com\/embed\/hkYSZuUMRCA?feature=oembed\" frameborder=\"0\" allow=\"accelerometer; autoplay; clipboard-write; encrypted-media; gyroscope; picture-in-picture; web-share\" referrerpolicy=\"strict-origin-when-cross-origin\" allowfullscreen><\/iframe> <\/div><figcaption class=\"wp-element-caption\">Bra\u00e7adeira de silagem hidr\u00e1ulica para fardos quadrados<\/figcaption><\/figure>    <h2 class=\"wp-block-heading\"><strong>Estrutura de <a href=\"https:\/\/silagebaler.com\/double-cylinder-hydraulic-silage-baler\/\" target=\"_blank\" rel=\"noreferrer noopener\">M\u00e1quina enfardadeira de feno hidr\u00e1ulica de 2 cilindros<\/a><\/strong><\/h2>    <p>Nossa enfardadeira hidr\u00e1ulica de palha de pinho vem sendo constantemente atualizada e hoje \u00e9 uma m\u00e1quina com melhor desempenho e qualidade.<\/p>   <div class=\"wp-block-image\"> <figure class=\"aligncenter size-full\"><img loading=\"lazy\" decoding=\"async\" width=\"720\" height=\"540\" src=\"https:\/\/taizyagromachine.com\/wp-content\/uploads\/2023\/01\/structure-2-cylinder-hydraulic-hay-baler.webp\" alt=\"estrutura da enfardadeira de feno hidr\u00e1ulica de 2 cilindros\" class=\"wp-image-4457\"\/><figcaption class=\"wp-element-caption\">estrutura da enfardadeira de feno hidr\u00e1ulica de 2 cilindros<\/figcaption><\/figure> <\/div>   <figure class=\"wp-block-table\"><table><tbody><tr><td>S\/N<\/td><td>Nome da pe\u00e7a da m\u00e1quina<\/td><td>S\/N<\/td><td>Nome da pe\u00e7a da m\u00e1quina<\/td><\/tr><tr><td>&nbsp;1<\/td><td>&nbsp;Entrada<\/td><td>&nbsp;4<\/td><td>&nbsp;Cabine de controle<\/td><\/tr><tr><td>&nbsp;2<\/td><td>&nbsp;Armazenamento de \u00f3leo<\/td><td>&nbsp;5<\/td><td>&nbsp;Cilindro hidr\u00e1ulico (totalmente 2 cilindros)<\/td><\/tr><tr><td>&nbsp;3<\/td><td>&nbsp;Motor diesel (tamb\u00e9m pode usar o motor el\u00e9trico)<\/td><td>&nbsp;6<\/td><td>Orif\u00edcio de descarga<\/td><\/tr><\/tbody><\/table><\/figure>    <h2 class=\"wp-block-heading\"><strong>Vantagens da enfardadeira de feno e silagem de prensa hidr\u00e1ulica Taizy<\/strong><\/h2>    <ol class=\"wp-block-list\"> <li>Esta m\u00e1quina pode espremer todos os tipos de silagem (palhas secas e \u00famidas, feno, silagem) em fardos quadrados para armazenamento a longo prazo.<\/li>    <li>A m\u00e1quina pode ser alimentada de forma flex\u00edvel por um motor el\u00e9trico ou diesel, o que \u00e9 muito amig\u00e1vel para \u00e1reas com eletricidade inst\u00e1vel.<\/li>    <li>A enfardadeira de feno com prensa hidr\u00e1ulica \u00e9 acionada principalmente hidraulicamente para a prensa de forragem, o que \u00e9 muito bom e eficiente.<\/li>    <li>A m\u00e1quina tamb\u00e9m pode ser equipada com pneus e cavaletes (de acordo com a necessidade do cliente) para facilitar a mobilidade.<\/li>    <li>A enfardadeira de feno hidr\u00e1ulica est\u00e1 equipada com uma sonda hidr\u00e1ulica para detectar o funcionamento da m\u00e1quina.<\/li> <\/ol>    <h2 class=\"wp-block-heading\"><strong>Princ\u00edpio de funcionamento da enfardadeira hidr\u00e1ulica de feno <\/strong><\/h2>    <p>A m\u00e1quina \u00e9 baseada em hidr\u00e1ulica para realizar diversas atividades. Primeiramente a m\u00e1quina \u00e9 acionada e a silagem \u00e9 introduzida pela entrada, geralmente por meio de uma esteira transportadora. Em seguida, os cilindros hidr\u00e1ulicos comprimem a silagem para formar um fardo quadrado. Em seguida, o fardo quadrado \u00e9 descarregado pela sa\u00edda e ensacado em saco de tecido. Todo o processo est\u00e1 conclu\u00eddo.<\/p>   <div class=\"wp-block-image\"> <figure class=\"aligncenter size-full\"><img loading=\"lazy\" decoding=\"async\" width=\"720\" height=\"400\" src=\"https:\/\/taizyagromachine.com\/wp-content\/uploads\/2023\/01\/hydraulic-hay-baler-manufacturer-supplier.webp\" alt=\"fabricante e fornecedor de enfardadeira de feno hidr\u00e1ulica\" class=\"wp-image-4469\"\/><figcaption class=\"wp-element-caption\">fabricante e fornecedor de enfardadeira de feno hidr\u00e1ulica<\/figcaption><\/figure> <\/div>   <p>Antes de utilizar a m\u00e1quina, verifique se o \u00f3leo hidr\u00e1ulico e as tubula\u00e7\u00f5es hidr\u00e1ulicas est\u00e3o em boas condi\u00e7\u00f5es. Isto \u00e9 particularmente importante porque toda a m\u00e1quina \u00e9 operada hidraulicamente.<\/p>    <h2 class=\"wp-block-heading\"><strong>M\u00e1quinas opcionais dispon\u00edveis para enfardadeira hidr\u00e1ulica de feno<\/strong><\/h2>    <p class=\"translation-block\"><strong>1. Correia transportadora e misturador de alimenta\u00e7\u00e3o.<\/strong><\/p>   <div class=\"wp-block-image\"> <figure class=\"aligncenter size-full\"><img loading=\"lazy\" decoding=\"async\" width=\"720\" height=\"300\" src=\"https:\/\/taizyagromachine.com\/wp-content\/uploads\/2023\/01\/hydraulic-press-hay-baler-with-the-conveyor-belt-and-feed-mixer.webp\" alt=\"enfardadeira de feno com prensa hidr\u00e1ulica com correia transportadora e misturador de alimenta\u00e7\u00e3o\" class=\"wp-image-4465\"\/><figcaption class=\"wp-element-caption\">enfardadeira de feno com prensa hidr\u00e1ulica com correia transportadora e misturador de alimenta\u00e7\u00e3o<\/figcaption><\/figure> <\/div>   <p class=\"translation-block\"><strong>2. Pneus grandes e cavaletes.<\/strong><\/p>    <figure class=\"wp-block-gallery aligncenter has-nested-images columns-default is-cropped wp-block-gallery-2 is-layout-flex wp-block-gallery-is-layout-flex\"> <figure class=\"wp-block-image size-large\"><img loading=\"lazy\" decoding=\"async\" width=\"720\" height=\"540\" data-id=\"4466\" src=\"https:\/\/taizyagromachine.com\/wp-content\/uploads\/2023\/01\/diesel-engine-hydraulic-silage-baling-machine.webp\" alt=\"Enfardadeira de silagem hidr\u00e1ulica com motor diesel com pneus e suportes\" class=\"wp-image-4466\"\/><figcaption class=\"wp-element-caption\">Enfardadeira de silagem hidr\u00e1ulica com motor diesel com pneus e suportes<\/figcaption><\/figure>    <figure class=\"wp-block-image size-large\"><img loading=\"lazy\" decoding=\"async\" width=\"720\" height=\"540\" data-id=\"4467\" src=\"https:\/\/taizyagromachine.com\/wp-content\/uploads\/2023\/01\/electric-motor-hydraulic-press-hay-baling-machine.webp\" alt=\"Prensa enfardadeira hidr\u00e1ulica com motor el\u00e9trico e pneus e suportes\" class=\"wp-image-4467\"\/><figcaption class=\"wp-element-caption\">Prensa enfardadeira hidr\u00e1ulica com motor el\u00e9trico e pneus e suportes<\/figcaption><\/figure> <\/figure>    <p>Al\u00e9m disso, antes da correia transportadora, pode ser utilizada em conjunto com um cortador de palha, ou seja, uma m\u00e1quina de corte de grama \u2014- correia transportadora \u2014\u2013 enfardadeira hidr\u00e1ulica de silagem.<\/p>    <h2 class=\"wp-block-heading\"><strong>Casos de sucesso de enfardadeira hidr\u00e1ulica de palha de feno Taizy<\/strong><\/h2>    <p>A enfardadeira de feno hidr\u00e1ulica da Taizy economiza muito trabalho e todo o processo \u00e9 mecanizado, raz\u00e3o pela qual s\u00e3o adorados por muitos clientes estrangeiros. Exportamos regularmente as nossas m\u00e1quinas para pa\u00edses como Qu\u00e9nia, Bangladesh, Nig\u00e9ria e Jord\u00e2nia. Carregamos as m\u00e1quinas em cont\u00eaineres e as entregamos por via mar\u00edtima aos portos de destino de nossos clientes.<\/p>    <h2 class=\"wp-block-heading\"><strong>Par\u00e2metros da enfardadeira de feno hidr\u00e1ulica de 2 cilindros para venda<\/strong><\/h2>    <figure class=\"wp-block-table\"><table><tbody><tr><td>Modelo<\/td><td>9YF-5B<\/td><\/tr><tr><td>Poder<\/td><td>Motor el\u00e9trico de 15 kW ou motor diesel de 28 HP<\/td><\/tr><tr><td>Di\u00e2metro do cilindro<\/td><td>2*168mm<\/td><\/tr><tr><td>numero de cilindros<\/td><td>2 unidades<\/td><\/tr><tr><td>Capacidade<\/td><td>90-120 fardos\/h<\/td><\/tr><tr><td>Peso do fardo quadrado (palha fresca)<\/td><td>60-70kg\/fardo<\/td><\/tr><tr><td>\u00d3leo hidr\u00e1ulico 46#<\/td><td>230kg (prepare voc\u00ea mesmo)<\/td><\/tr><tr><td>M\u00e9todo de resfriamento de \u00f3leo hidr\u00e1ulico<\/td><td>refrigera\u00e7\u00e3o a \u00e1gua<\/td><\/tr><tr><td>Controle da caixa de distribui\u00e7\u00e3o el\u00e9trica<\/td><td>CLP<\/td><\/tr><tr><td>N\u00famero de pneus<\/td><td>2 unidades<\/td><\/tr><tr><td>N\u00famero de fardos a serem empurrados<\/td><td>1-3 nos (ajust\u00e1vel)<\/td><\/tr><tr><td>Peso da m\u00e1quina<\/td><td>1500kg<\/td><\/tr><tr><td>Tamanho do orif\u00edcio de descarga<\/td><td>70*28*38cm<\/td><\/tr><tr><td>Dimens\u00f5es da m\u00e1quina (L<em>C<\/em>H)<\/td><td>3450*2700*2800mm<\/td><\/tr><\/tbody><\/table><figcaption class=\"wp-element-caption\">Especifica\u00e7\u00f5es da imprensa de silagem hidr\u00e1ulica de 2 cilindros<\/figcaption><\/figure>    <h2 class=\"wp-block-heading\"><strong>V\u00eddeo da enfardadeira hidr\u00e1ulica de feno \u2013 como fazer fardos quadrados?<\/strong><\/h2>    <figure class=\"wp-block-embed is-type-video is-provider-youtube wp-block-embed-youtube wp-embed-aspect-16-9 wp-has-aspect-ratio\"><div class=\"wp-block-embed__wrapper\"> <iframe loading=\"lazy\" title=\"Local de enfardamento de palha seco de silagem hidr\u00e1ulica de cilindro duplo | Pressionamento quadrado de alta efici\u00eancia\" width=\"500\" height=\"281\" src=\"https:\/\/www.youtube.com\/embed\/XL54NXQ-9i8?feature=oembed\" frameborder=\"0\" allow=\"accelerometer; autoplay; clipboard-write; encrypted-media; gyroscope; picture-in-picture; web-share\" referrerpolicy=\"strict-origin-when-cross-origin\" allowfullscreen><\/iframe> <\/div><figcaption class=\"wp-element-caption\">M\u00e1quina de enfardadeira hidr\u00e1ulica de silagem seca<\/figcaption><\/figure>","protected":false},"excerpt":{"rendered":"<p>This hydraulic hay baler is used for baling various silage materials such as straw, pine straws, grass, etc. to form square bales. It is often called a 2-cylinder hydraulic silage baler machine because it has 2 hydraulic cylinders. The silage baler can be used with either electric or diesel engines, making it a flexible choice. [&hellip;]<\/p>\n","protected":false},"author":1,"featured_media":4449,"parent":0,"template":"","tags":[209,168],"product-type":[19],"class_list":["post-4448","product","type-product","status-publish","has-post-thumbnail","hentry","tag-hydraulic-hay-baler","tag-silage-baler","product-type-silage-machine"],"_links":{"self":[{"href":"https:\/\/taizyagromachine.com\/pt\/wp-json\/wp\/v2\/product\/4448","targetHints":{"allow":["GET"]}}],"collection":[{"href":"https:\/\/taizyagromachine.com\/pt\/wp-json\/wp\/v2\/product"}],"about":[{"href":"https:\/\/taizyagromachine.com\/pt\/wp-json\/wp\/v2\/types\/product"}],"author":[{"embeddable":true,"href":"https:\/\/taizyagromachine.com\/pt\/wp-json\/wp\/v2\/users\/1"}],"wp:featuredmedia":[{"embeddable":true,"href":"https:\/\/taizyagromachine.com\/pt\/wp-json\/wp\/v2\/media\/4449"}],"wp:attachment":[{"href":"https:\/\/taizyagromachine.com\/pt\/wp-json\/wp\/v2\/media?parent=4448"}],"wp:term":[{"taxonomy":"post_tag","embeddable":true,"href":"https:\/\/taizyagromachine.com\/pt\/wp-json\/wp\/v2\/tags?post=4448"},{"taxonomy":"product-type","embeddable":true,"href":"https:\/\/taizyagromachine.com\/pt\/wp-json\/wp\/v2\/product-type?post=4448"}],"curies":[{"name":"wp","href":"https:\/\/api.w.org\/{rel}","templated":true}]}}