{"id":4524,"date":"2023-01-11T15:56:22","date_gmt":"2023-01-11T07:56:22","guid":{"rendered":"https:\/\/taizyagromachine.com\/?post_type=product&#038;p=4524"},"modified":"2023-01-11T16:05:49","modified_gmt":"2023-01-11T08:05:49","slug":"horizontal-feed-mixer","status":"publish","type":"product","link":"https:\/\/taizyagromachine.com\/pt\/product\/horizontal-feed-mixer\/","title":{"rendered":"Misturador de ra\u00e7\u00e3o horizontal para silagem como ra\u00e7\u00e3o para bovinos e ovinos"},"content":{"rendered":"<p>O misturador de alimenta\u00e7\u00e3o horizontal da Taizy \u00e9 uma m\u00e1quina de processamento de silagem que integra moagem e mistura. Nesta parte do processamento da silagem, esta m\u00e1quina \u00e9 frequentemente utilizada como m\u00e1quina auxiliar juntamente com outras m\u00e1quinas para maximizar a efici\u00eancia e a qualidade da silagem.<\/p>    <p>A silagem \u00e9 um importante alimento animal na pecu\u00e1ria, ocupando a necessidade. Usar esta m\u00e1quina misturadora de ra\u00e7\u00e3o tem as vantagens de economizar m\u00e3o de obra e melhorar a efici\u00eancia. <\/p>    <h2 class=\"wp-block-heading\"><strong>Por que usar o misturador de alimenta\u00e7\u00e3o horizontal Taizy?<\/strong><\/h2>    <p class=\"translation-block\">A <strong>silagem \u00e9 ben\u00e9fica para os animais<\/strong>. Ap\u00f3s a mistura, a ra\u00e7\u00e3o de silagem \u00e9 popular devido \u00e0 sua boa palatabilidade, baixo desperd\u00edcio e alta digestibilidade.<\/p>    <p class=\"translation-block\">Misturar completamente a ra\u00e7\u00e3o animal aumenta a nossa efici\u00eancia, poupa o nosso trabalho e, ao mesmo tempo, preparamos uma variedade de alimentos mais uniforme para os nossos animais de cria\u00e7\u00e3o.<\/p>    <h2 class=\"wp-block-heading\"><strong>Amplamente utilizado em diversas fazendas \u2013 Aplica\u00e7\u00f5es de misturador de ra\u00e7\u00e3o horizontal para venda<\/strong><\/h2>    <div class=\"wp-block-media-text alignwide is-stacked-on-mobile\"><figure class=\"wp-block-media-text__media\"><img loading=\"lazy\" decoding=\"async\" width=\"540\" height=\"600\" src=\"https:\/\/taizyagromachine.com\/wp-content\/uploads\/2023\/01\/various-farms.webp\" alt=\"\" class=\"wp-image-4527 size-full\"\/><\/figure><div class=\"wp-block-media-text__content\"> <p>Porque este misturador de ra\u00e7\u00e3o serve principalmente para triturar e misturar ra\u00e7\u00f5es diversas, utilizando diversas fazendas que criam animais. Conforme mostrado na imagem, fazendas de galinhas, fazendas de coelhos, fazendas de su\u00ednos, fazendas de cavalos, fazendas de gado, fazendas de ovelhas, etc.<\/p>    <p>Se voc\u00ea estiver interessado nisso, entre em contato conosco!<\/p> <\/div><\/div>    <h2 class=\"wp-block-heading\"><strong>Pontos fortes do misturador de ra\u00e7\u00e3o Taizy <\/strong><\/h2>    <ol class=\"wp-block-list\"> <li>O design \u00e9 razo\u00e1vel e o trabalho pode ser realizado em qualquer ambiente, seguro e confi\u00e1vel.<\/li>    <li>Melhore bastante a efici\u00eancia, dependendo do volume da c\u00e2mara de mistura, cada misturador de ra\u00e7\u00e3o pode alimentar de 200 a 2.000 vacas por dia.<\/li>    <li>Economize m\u00e3o de obra, um misturador pode substituir o trabalho de mais de 20 trabalhadores.<\/li>    <li>O misturador de ra\u00e7\u00e3o horizontal pode ser usado com outras m\u00e1quinas de silagem, como a <a href=\"https:\/\/silagebaler.com\/silage-baler-machine-round-baler\/\" target=\"_blank\" rel=\"noreferrer noopener\">m\u00e1quina de enfardamento e embalagem<\/a>, e a enfardadeira de feno hidr\u00e1ulica.<\/li> <\/ol>   <div class=\"wp-block-image\"> <figure class=\"aligncenter size-full\"><img loading=\"lazy\" decoding=\"async\" width=\"720\" height=\"540\" src=\"https:\/\/taizyagromachine.com\/wp-content\/uploads\/2023\/01\/horizontal-cattle-feed-mixer.webp\" alt=\"misturador horizontal de ra\u00e7\u00e3o para gado\" class=\"wp-image-4529\"\/><figcaption class=\"wp-element-caption\">misturador horizontal de ra\u00e7\u00e3o para gado<\/figcaption><\/figure> <\/div>   <h2 class=\"wp-block-heading\"><strong>M\u00e1quina combinada com misturador horizontal de ra\u00e7\u00e3o para gado<\/strong><\/h2>    <p class=\"translation-block\">O misturador de forragem \u00e9 sempre utilizado em conjunto com outras m\u00e1quinas de silagem, como <a href=\"https:\/\/taizyagromachine.com\/pt\/product\/hydraulic-hay-baler\/\" target=\"_blank\" rel=\"noreferrer noopener\">enfardadeiras hidr\u00e1ulicas de silagem<\/a>, <a href=\"https:\/\/taizyagromachine.com\/pt\/product\/silage-baler\/\">m\u00e1quinas de enfardar e envolver<\/a>, etc.<\/p>   <div class=\"wp-block-image\"> <figure class=\"aligncenter size-full\"><img loading=\"lazy\" decoding=\"async\" width=\"720\" height=\"230\" src=\"https:\/\/taizyagromachine.com\/wp-content\/uploads\/2023\/01\/horizontal-feed-mixer-with-the-hydraulic-hay-bales-machine.webp\" alt=\"misturador de alimenta\u00e7\u00e3o horizontal com m\u00e1quina hidr\u00e1ulica de fardos de feno\" class=\"wp-image-4528\"\/><figcaption class=\"wp-element-caption\">misturador de alimenta\u00e7\u00e3o horizontal com m\u00e1quina hidr\u00e1ulica de fardos de feno<\/figcaption><\/figure> <\/div>  <div class=\"wp-block-image\"> <figure class=\"aligncenter size-full\"><img loading=\"lazy\" decoding=\"async\" width=\"720\" height=\"300\" src=\"https:\/\/taizyagromachine.com\/wp-content\/uploads\/2023\/01\/feed-mixer-with-silage-baler.webp\" alt=\"misturador de ra\u00e7\u00e3o com enfardadeira de silagem\" class=\"wp-image-4530\"\/><figcaption class=\"wp-element-caption\">misturador de ra\u00e7\u00e3o com enfardadeira de silagem<\/figcaption><\/figure> <\/div>   <h2 class=\"wp-block-heading\"><strong>Par\u00e2metros t\u00e9cnicos do misturador horizontal TMR<\/strong><\/h2>    <figure class=\"wp-block-table\"><table><tbody><tr><td>Modelo<\/td><td>TMR-5<\/td><td>TMR-9<\/td><td>TMR-12<\/td><\/tr><tr><td>Poder correspondente<\/td><td>11-15 kW<\/td><td>22-30 kW<\/td><td>50-75 kW<\/td><\/tr><tr><td>Volume da caixa de mistura<\/td><td>5m\u00b3<\/td><td>9m\u00b3<\/td><td>12m\u00b3<\/td><\/tr><tr><td>Velocidade de rota\u00e7\u00e3o<\/td><td>23,5 r\/min<\/td><td>23,5 r\/min<\/td><td>23,5 r\/min<\/td><\/tr><tr><td>Peso<\/td><td>1600kg<\/td><td>3300kg<\/td><td>4500kg<\/td><\/tr><tr><td>Dimens\u00e3o<\/td><td>3930*1850*2260mm<\/td><td>4820*2130*2480mm<\/td><td>5600*2400*2500mm<\/td><\/tr><\/tbody><\/table><\/figure>    <p>TMR \u00e9 a abreviatura de Total Mixed Rations, indicando que a m\u00e1quina pode misturar bem a ra\u00e7\u00e3o, muito popular entre a cria\u00e7\u00e3o de animais. <\/p>","protected":false},"excerpt":{"rendered":"<p>Taizy&#8217;s horizontal feed mixer is a silage processing machine that integrates grinding and mixing. In this part of silage processing, this machine is often used as an auxiliary machine together with other machines to maximize the efficiency and quality of silage. Silage is an important animal feed in livestock farming, occupying the necessity. Using this [&hellip;]<\/p>\n","protected":false},"author":1,"featured_media":4526,"parent":0,"template":"","tags":[210,209],"product-type":[19],"class_list":["post-4524","product","type-product","status-publish","has-post-thumbnail","hentry","tag-horizontal-feed-mixer","tag-hydraulic-hay-baler","product-type-silage-machine"],"_links":{"self":[{"href":"https:\/\/taizyagromachine.com\/pt\/wp-json\/wp\/v2\/product\/4524","targetHints":{"allow":["GET"]}}],"collection":[{"href":"https:\/\/taizyagromachine.com\/pt\/wp-json\/wp\/v2\/product"}],"about":[{"href":"https:\/\/taizyagromachine.com\/pt\/wp-json\/wp\/v2\/types\/product"}],"author":[{"embeddable":true,"href":"https:\/\/taizyagromachine.com\/pt\/wp-json\/wp\/v2\/users\/1"}],"wp:featuredmedia":[{"embeddable":true,"href":"https:\/\/taizyagromachine.com\/pt\/wp-json\/wp\/v2\/media\/4526"}],"wp:attachment":[{"href":"https:\/\/taizyagromachine.com\/pt\/wp-json\/wp\/v2\/media?parent=4524"}],"wp:term":[{"taxonomy":"post_tag","embeddable":true,"href":"https:\/\/taizyagromachine.com\/pt\/wp-json\/wp\/v2\/tags?post=4524"},{"taxonomy":"product-type","embeddable":true,"href":"https:\/\/taizyagromachine.com\/pt\/wp-json\/wp\/v2\/product-type?post=4524"}],"curies":[{"name":"wp","href":"https:\/\/api.w.org\/{rel}","templated":true}]}}