{"id":4618,"date":"2023-02-10T17:38:26","date_gmt":"2023-02-10T09:38:26","guid":{"rendered":"https:\/\/taizyagromachine.com\/?post_type=product&#038;p=4618"},"modified":"2023-02-13T11:42:42","modified_gmt":"2023-02-13T03:42:42","slug":"rice-nursery-seedling-machine","status":"publish","type":"product","link":"https:\/\/taizyagromachine.com\/pt\/product\/rice-nursery-seedling-machine\/","title":{"rendered":"M\u00e1quina autom\u00e1tica de mudas para viveiro de arroz em casca"},"content":{"rendered":"<p>A m\u00e1quina de mudas de viveiro de arroz da Taizy \u00e9 especialmente projetada para o cultivo de arroz, principalmente para v\u00e1rios tipos de cultivo de mudas de arroz. Esta m\u00e1quina possui alta efici\u00eancia e pode realizar 969-1017 bandejas de cultivo de mudas em uma hora. \u00c9 uma m\u00e1quina de viveiro que desempenha um papel positivo no plantio de arroz para produtores de arroz em grandes \u00e1reas.<\/p>    <p>Devido \u00e0 sua alta efici\u00eancia, boa qualidade e bom desempenho, esta m\u00e1quina de mudas de arroz \u00e9 amplamente apreciada pelos clientes, especialmente pelos produtores de arroz. Se voc\u00ea estiver interessado neste tipo de m\u00e1quina, entre em contato conosco!<\/p>    <h2 class=\"wp-block-heading\"><strong>Por que usar a m\u00e1quina de mudas para viveiro de arroz em casca?<\/strong><\/h2>    <p>O plantio de arroz \u00e9 um plantio agr\u00edcola muito importante, respons\u00e1vel por grande parte do gr\u00e3o. Todos os produtores de arroz sabem que as mudas de arroz devem ser cultivadas, mas a forma tradicional de cultivo \u00e9 muito cansativa.<\/p>    <figure class=\"wp-block-gallery aligncenter has-nested-images columns-default is-cropped wp-block-gallery-2 is-layout-flex wp-block-gallery-is-layout-flex\"> <figure class=\"wp-block-image size-large\"><img loading=\"lazy\" decoding=\"async\" width=\"720\" height=\"540\" data-id=\"4624\" src=\"https:\/\/taizyagromachine.com\/wp-content\/uploads\/2023\/02\/manual-seedlings-raising.webp\" alt=\"cultivo manual de mudas\" class=\"wp-image-4624\"\/><figcaption class=\"wp-element-caption\">cultivo manual de mudas<\/figcaption><\/figure>    <figure class=\"wp-block-image size-large\"><img loading=\"lazy\" decoding=\"async\" width=\"720\" height=\"540\" data-id=\"4625\" src=\"https:\/\/taizyagromachine.com\/wp-content\/uploads\/2023\/02\/mechnical-nursery-machine.webp\" alt=\"m\u00e1quina mec\u00e2nica para ber\u00e7\u00e1rio\" class=\"wp-image-4625\"\/><figcaption class=\"wp-element-caption\">m\u00e1quina mec\u00e2nica para ber\u00e7\u00e1rio<\/figcaption><\/figure> <\/figure>    <p>Antes da semeadura, os campos de mudas devem ser revirados v\u00e1rias vezes e colocado esterco suficiente, na esperan\u00e7a de obter uma boa colheita naquele ano. Muitas vezes as pessoas trabalham no campo o dia todo. <\/p>    <p class=\"translation-block\">O uso da <a href=\"https:\/\/taizyagromachine.com\/pt\/product\/nursery-seedling-machine\/\" target=\"_blank\" rel=\"noreferrer noopener\">m\u00e1quina de levantar pl\u00e2ntulas<\/a> pode levantar rapidamente pl\u00e2ntulas de arroz, e 969-1017 tabuleiros podem ser processados numa hora, o que n\u00e3o s\u00f3 \u00e9 eficiente, mas tamb\u00e9m poupa m\u00e3o de obra. 969-1017 tabuleiros podem ser processados numa hora, o que n\u00e3o s\u00f3 \u00e9 eficiente, mas tamb\u00e9m poupa m\u00e3o de obra.<\/p>    <h2 class=\"wp-block-heading\"><strong>M\u00e1quina de mudas de viveiro de arroz para venda<\/strong><\/h2>    <p class=\"translation-block\">Como <a href=\"https:\/\/taizyagromachine.com\/pt\/\" target=\"_blank\" rel=\"noreferrer noopener\">fabricante e produtor profissional de v\u00e1rias m\u00e1quinas agr\u00edcolas<\/a>, temos dois tipos de m\u00e1quinas de levantar pl\u00e2ntulas de arroz, uma \u00e9 totalmente autom\u00e1tica e a outra \u00e9 semiautom\u00e1tica.<\/p>    <h3 class=\"wp-block-heading\"><strong>M\u00e1quina de mudas de viveiro de arroz totalmente autom\u00e1tica<\/strong><\/h3>    <p>Como o nome indica, a m\u00e1quina de cultivo de mudas de arroz totalmente autom\u00e1tica pode completar todo o processo de trabalho com total mecaniza\u00e7\u00e3o e automa\u00e7\u00e3o. Al\u00e9m da m\u00e1quina principal de mudas de arroz mais b\u00e1sica, tamb\u00e9m existem m\u00e1quinas que incluem um alimentador de bandejas \u2013 um carregador de solo \u2013 um empilhador de bandejas.<\/p>    <h3 class=\"wp-block-heading\"><strong>Semeadora semiautom\u00e1tica de viveiro de arroz<\/strong><\/h3>   <div class=\"wp-block-image\"> <figure class=\"aligncenter size-full\"><img loading=\"lazy\" decoding=\"async\" width=\"1000\" height=\"220\" src=\"https:\/\/taizyagromachine.com\/wp-content\/uploads\/2023\/02\/Semi-automatic-rice-nursery-sowing-machine.webp\" alt=\"Semeadora semiautom\u00e1tica de viveiro de arroz\" class=\"wp-image-4623\"\/><figcaption class=\"wp-element-caption\">Semeadora semiautom\u00e1tica de viveiro de arroz<\/figcaption><\/figure> <\/div>   <p>A m\u00e1quina semiautom\u00e1tica de mudas de viveiro de arroz n\u00e3o possui carregador de solo, portanto necessita de carregamento manual de solo. As outras m\u00e1quinas s\u00e3o iguais.<\/p>    <h2 class=\"wp-block-heading\"><strong>Estrutura da M\u00e1quina Semeadora Autom\u00e1tica de Arroz<\/strong><\/h2>   <div class=\"wp-block-image\"> <figure class=\"aligncenter size-full\"><img loading=\"lazy\" decoding=\"async\" width=\"720\" height=\"450\" src=\"https:\/\/taizyagromachine.com\/wp-content\/uploads\/2023\/02\/structure-of-paddy-rice-seed-sowing-machine.webp\" alt=\"estrutura da m\u00e1quina semeadora de sementes de arroz em casca\" class=\"wp-image-4619\"\/><figcaption class=\"wp-element-caption\">estrutura da m\u00e1quina semeadora de sementes de arroz em casca<\/figcaption><\/figure> <\/div>   <p class=\"translation-block\">Com base no excelente design, a <a href=\"https:\/\/nurseryseedingmachine.com\/nursery-seeding\/\" target=\"_blank\" rel=\"noreferrer noopener\">m\u00e1quina autom\u00e1tica de semear<\/a> tem a fun\u00e7\u00e3o de espalhar terra, regar, semear e cobrir terra numa integra\u00e7\u00e3o, que pode concluir todos os procedimentos de opera\u00e7\u00e3o de tabuleiros de arroz de uma s\u00f3 vez.<\/p>    <h2 class=\"wp-block-heading\"><strong>Par\u00e2metros t\u00e9cnicos da m\u00e1quina semeadora de viveiro de arroz Taizy <\/strong><\/h2>    <figure class=\"wp-block-table\"><table><tbody><tr><td>Modelo<\/td><td>TZY-280A<\/td><\/tr><tr><td>Capacidade<\/td><td>969-1017 bandejas\/hora<\/td><\/tr><tr><td>Poder<\/td><td>240kw para entrega<br>120kw para semeadura<\/td><\/tr><tr><td>Funil auxiliar de solo para sementeira<\/td><td>45L<\/td><\/tr><tr><td>Funil de sementes<\/td><td>30L<\/td><\/tr><tr><td>Funil auxiliar de solo para sementeira<\/td><td>45L<\/td><\/tr><tr><td>Quantidade de semeadura (arroz h\u00edbrido)<\/td><td>95~304,5g\/bandeja<\/td><\/tr><tr><td>Tamanho<\/td><td>6830*460*1020mm<\/td><\/tr><tr><td>Peso<\/td><td>190kg<\/td><\/tr><tr><td>Espessura do subsolo<\/td><td>18-25mm<\/td><\/tr><tr><td>Espessura da superf\u00edcie do solo<\/td><td>3-9 mm<\/td><\/tr><\/tbody><\/table><\/figure>    <h2 class=\"wp-block-heading\"><strong>V\u00eddeo da M\u00e1quina de Mudas para Viveiro de Arroz - M\u00e1quina Semeadora de Arroz Totalmente Autom\u00e1tica e Semiautom\u00e1tica<\/strong><\/h2>    <figure class=\"wp-block-embed is-type-video is-provider-youtube wp-block-embed-youtube wp-embed-aspect-16-9 wp-has-aspect-ratio\"><div class=\"wp-block-embed__wrapper\"> <iframe loading=\"lazy\" title=\"M\u00e1quina autom\u00e1tica de semeadura de ber\u00e7\u00e1rio de arroz - M\u00e1quina de mudas de ber\u00e7\u00e1rio de arroz em casca - M\u00e1quina semeadora de arroz\" width=\"500\" height=\"281\" src=\"https:\/\/www.youtube.com\/embed\/VWi1lazSsO0?feature=oembed\" frameborder=\"0\" allow=\"accelerometer; autoplay; clipboard-write; encrypted-media; gyroscope; picture-in-picture; web-share\" referrerpolicy=\"strict-origin-when-cross-origin\" allowfullscreen><\/iframe> <\/div><\/figure>","protected":false},"excerpt":{"rendered":"<p>Taizy&#8217;s rice nursery seedling machine is specially designed for rice cultivation, mainly for various kinds of rice seedling raising. This machine has high efficiency and can carry out 969-1017 trays of seedling raising in an hour. It is a nursery machine that plays a positive role in rice planting for large-area rice growers. Because of [&hellip;]<\/p>\n","protected":false},"author":1,"featured_media":4620,"parent":0,"template":"","tags":[211],"product-type":[31],"class_list":["post-4618","product","type-product","status-publish","has-post-thumbnail","hentry","tag-rice-nursery-seedling-machine","product-type-nursery-transplanter"],"_links":{"self":[{"href":"https:\/\/taizyagromachine.com\/pt\/wp-json\/wp\/v2\/product\/4618","targetHints":{"allow":["GET"]}}],"collection":[{"href":"https:\/\/taizyagromachine.com\/pt\/wp-json\/wp\/v2\/product"}],"about":[{"href":"https:\/\/taizyagromachine.com\/pt\/wp-json\/wp\/v2\/types\/product"}],"author":[{"embeddable":true,"href":"https:\/\/taizyagromachine.com\/pt\/wp-json\/wp\/v2\/users\/1"}],"wp:featuredmedia":[{"embeddable":true,"href":"https:\/\/taizyagromachine.com\/pt\/wp-json\/wp\/v2\/media\/4620"}],"wp:attachment":[{"href":"https:\/\/taizyagromachine.com\/pt\/wp-json\/wp\/v2\/media?parent=4618"}],"wp:term":[{"taxonomy":"post_tag","embeddable":true,"href":"https:\/\/taizyagromachine.com\/pt\/wp-json\/wp\/v2\/tags?post=4618"},{"taxonomy":"product-type","embeddable":true,"href":"https:\/\/taizyagromachine.com\/pt\/wp-json\/wp\/v2\/product-type?post=4618"}],"curies":[{"name":"wp","href":"https:\/\/api.w.org\/{rel}","templated":true}]}}