{"id":4641,"date":"2023-02-16T15:50:08","date_gmt":"2023-02-16T07:50:08","guid":{"rendered":"https:\/\/taizyagromachine.com\/?post_type=product&#038;p=4641"},"modified":"2025-01-02T13:49:29","modified_gmt":"2025-01-02T05:49:29","slug":"brick-making-machine-for-sale","status":"publish","type":"product","link":"https:\/\/taizyagromachine.com\/pt\/product\/brick-making-machine-for-sale\/","title":{"rendered":"M\u00e1quina para fazer tijolos de cimento para venda"},"content":{"rendered":"<p class=\"translation-block\">O <strong>tijolo de fabrico de m\u00e1quinas<\/strong> \u00e9 especialmente concebido para a produ\u00e7\u00e3o de v\u00e1rios tipos de tijolos. \u00c9 amado por clientes de todo o mundo devido \u00e0 sua estrutura simples, opera\u00e7\u00e3o f\u00e1cil e alto desempenho de custo. Como <a href=\"https:\/\/taizyagromachine.com\/pt\/\" target=\"_blank\" rel=\"noreferrer noopener\">um fabricante e fornecedor s\u00e9nior de m\u00e1quinas de tijolos<\/a>, temos uma vasta gama de modelos de m\u00e1quinas de tijolos.<\/p>    <p>Em geral, a m\u00e1quina para fazer blocos \u00e0 venda pode ser dividida em m\u00e1quina para fazer tijolos de barro e m\u00e1quina para fazer tijolos de cimento. Existem diferentes configura\u00e7\u00f5es para cada tipo de m\u00e1quina de tijolos, continue lendo para obter mais informa\u00e7\u00f5es.<\/p>    <h2 class=\"wp-block-heading\"><strong>Tipo 1: M\u00e1quina para fazer tijolos de cimento para venda<\/strong><\/h2>    <p>A m\u00e1quina para fazer tijolos de cimento \u00e9 o modelo mais vendido no mercado, e muitos clientes voltam para perguntar sobre a m\u00e1quina para fazer blocos de cimento. Nossa m\u00e1quina de tijolos possui diversos modelos e \u00e9 f\u00e1cil de aprender, e o pre\u00e7o \u00e9 adequado, \u00e9 uma boa op\u00e7\u00e3o de investimento para produ\u00e7\u00e3o de tijolos.<\/p>    <p>Al\u00e9m disso, nossas m\u00e1quinas s\u00e3o frequentemente exportadas em grande escala devido ao seu excelente desempenho, portanto, se voc\u00ea estiver interessado em m\u00e1quinas de tijolos, entre em contato conosco!<\/p>    <h3 class=\"wp-block-heading\"><strong>V\u00e1rias amostras de tijolos e moldes de tijolos<\/strong><\/h3>    <figure class=\"wp-block-gallery aligncenter has-nested-images columns-default is-cropped wp-block-gallery-2 is-layout-flex wp-block-gallery-is-layout-flex\"> <figure class=\"wp-block-image size-full\"><img loading=\"lazy\" decoding=\"async\" width=\"540\" height=\"600\" data-id=\"4674\" src=\"https:\/\/taizyagromachine.com\/wp-content\/uploads\/2023\/02\/various-sample-bricks.webp\" alt=\"v\u00e1rios tijolos de amostra\" class=\"wp-image-4674\"\/><figcaption class=\"wp-element-caption\">v\u00e1rios tijolos de amostra<\/figcaption><\/figure>    <figure class=\"wp-block-image size-full\"><img loading=\"lazy\" decoding=\"async\" width=\"540\" height=\"600\" data-id=\"4675\" src=\"https:\/\/taizyagromachine.com\/wp-content\/uploads\/2023\/02\/all-kinds-of-moulds.webp\" alt=\"todos os tipos de moldes\" class=\"wp-image-4675\"\/><figcaption class=\"wp-element-caption\">todos os tipos de moldes<\/figcaption><\/figure> <\/figure>    <p>Os formatos de tijolos que podem ser produzidos, bem como os tipos de tijolos que podem ser produzidos, conforme mencionado na imagem acima, podem ser produzidos pela nossa m\u00e1quina para fabricar tijolos.<\/p>    <p>Blocos de pavimenta\u00e7\u00e3o, blocos coloridos, tijolos de grama, blocos de prote\u00e7\u00e3o de encostas, cubos, blocos usados \u200b\u200bao longo da estrada, etc. podem ser produzidos pela m\u00e1quina para fabricar blocos Taizy. <\/p>    <h3 class=\"wp-block-heading\"><strong>Par\u00e2metros detalhados da m\u00e1quina de tijolos de cimento para venda<\/strong><\/h3>    <p>Temos \u00e0 venda 10 modelos de m\u00e1quinas de tijolos de cimento, cada uma com diferentes capacidades e detalhes de configura\u00e7\u00e3o, os par\u00e2metros espec\u00edficos podem ser encontrados abaixo.<\/p>    <figure class=\"wp-block-table\"><table><tbody><tr><td>Modelo<\/td><td>Imagem da m\u00e1quina<\/td><td>Ciclo de moldagem<\/td><td>Equipado com energia<\/td><td>Capacidade<\/td><td>Tamanho da placa<\/td><td>Tamanho \u00fanico<\/td><td>Peso<\/td><td>Operador necess\u00e1rio<\/td><\/tr><tr><td>DF2-45<\/td><td><img loading=\"lazy\" decoding=\"async\" width=\"150\" height=\"158\" class=\"wp-image-4650\" style=\"width: 150px;\" src=\"https:\/\/taizyagromachine.com\/wp-content\/uploads\/2023\/02\/DF2-45-block-machine.webp\" alt=\"\"><\/td><td>45 anos<\/td><td>1,1 kW<\/td><td>Tijolo padr\u00e3o 240*53*115mm 3600PCS<br>Tijolos ocos 390*190*190mm 600PCS<\/td><td>\/<\/td><td>900*700*1150mm<\/td><td>200kg<\/td><td>1-2<\/td><\/tr><tr><td>DF3-45<\/td><td><img loading=\"lazy\" decoding=\"async\" width=\"150\" height=\"203\" class=\"wp-image-4654\" style=\"width: 150px;\" src=\"https:\/\/taizyagromachine.com\/wp-content\/uploads\/2023\/02\/DF3-45-brick-machine.webp\" alt=\"\"><\/td><td>45 anos<\/td><td>1,1 kW<\/td><td>Tijolo padr\u00e3o 240*53*115mm 8000PCS<br>Tijolos ocos 390*190*190mm 1000PCS<\/td><td>\/<\/td><td>1100*1050*1300mm<\/td><td>300kg<\/td><td>1-2<\/td><\/tr><tr><td>DF4-45<\/td><td><img loading=\"lazy\" decoding=\"async\" width=\"150\" height=\"158\" class=\"wp-image-4655\" style=\"width: 150px;\" src=\"https:\/\/taizyagromachine.com\/wp-content\/uploads\/2023\/02\/DF4-45.webp\" alt=\"\"><\/td><td>45 anos<\/td><td>3,7 kW<\/td><td>Tijolo padr\u00e3o 240*53*115mm 12000PCS<br>Tijolos ocos 390*190*190mm 1800PCS<\/td><td>\/<\/td><td>1250*1350*1550mm<\/td><td>750kg<\/td><td>2-3<\/td><\/tr><tr><td>Motor diesel DF<\/td><td><img loading=\"lazy\" decoding=\"async\" width=\"150\" height=\"247\" class=\"wp-image-4656\" style=\"width: 150px;\" src=\"https:\/\/taizyagromachine.com\/wp-content\/uploads\/2023\/02\/DF.webp\" alt=\"\"><\/td><td>45 anos<\/td><td>8cv<\/td><td>Tijolo padr\u00e3o 240*53*115mm 3600PCS<br>Tijolos ocos 390*190*190mm 600PCS<\/td><td>\/<\/td><td>1900*1000*1550mm<\/td><td>250kg<\/td><td>1-2<\/td><\/tr><tr><td>DF4-35A sem tremonha<\/td><td><img loading=\"lazy\" decoding=\"async\" width=\"150\" height=\"171\" class=\"wp-image-4657\" style=\"width: 150px;\" src=\"https:\/\/taizyagromachine.com\/wp-content\/uploads\/2023\/02\/DF4-35A-without-hopper.webp\" alt=\"\"><\/td><td>35 anos<\/td><td>4,8 kW<\/td><td>Tijolo padr\u00e3o 240*53*115mm 15000PCS<br>Tijolos ocos 390*190*190mm 2400PCS<\/td><td>850*550*30mm<\/td><td>1250*1350*1550mm<\/td><td>750kg<\/td><td>2-3<\/td><\/tr><tr><td>DF4-35A com tremonha<\/td><td><img loading=\"lazy\" decoding=\"async\" width=\"150\" height=\"229\" class=\"wp-image-4658\" style=\"width: 150px;\" src=\"https:\/\/taizyagromachine.com\/wp-content\/uploads\/2023\/02\/DF4-35A-with-hopper.webp\" alt=\"\"><\/td><td>35 anos<\/td><td>4,8 kW<\/td><td>Tijolo padr\u00e3o 240*53*115mm 20000PCS<br>Tijolos ocos 390*190*190mm 3200PCS<\/td><td>850*550*30mm<\/td><td>1200*1280*1950mm<\/td><td>780kg<\/td><td>2-3<\/td><\/tr><tr><td>DF4-35B sem tremonha<\/td><td><img loading=\"lazy\" decoding=\"async\" width=\"150\" height=\"186\" class=\"wp-image-4659\" style=\"width: 150px;\" src=\"https:\/\/taizyagromachine.com\/wp-content\/uploads\/2023\/02\/DF4-35B-without-hopper.webp\" alt=\"\"><\/td><td>35 anos<\/td><td>6,3 kW<\/td><td>Tijolo padr\u00e3o 240*53*115mm 15000PCS<br>Tijolos ocos 390*190*190mm 2400PCS<\/td><td>850*550*30mm<\/td><td>1250*1350*1550mm<\/td><td>800kg<\/td><td>2-3<\/td><\/tr><tr><td>DF4-35B com tremonha<\/td><td><img loading=\"lazy\" decoding=\"async\" width=\"150\" height=\"244\" class=\"wp-image-4660\" style=\"width: 150px;\" src=\"https:\/\/taizyagromachine.com\/wp-content\/uploads\/2023\/02\/DF4-35B-with-hopper.webp\" alt=\"\"><\/td><td>35 anos<\/td><td>6,3 kW<\/td><td>Tijolo padr\u00e3o 240*53*115mm 20000PCS<br>Tijolos ocos 390*190*190mm 3200PCS<\/td><td>850*550*30mm<\/td><td>1200*1280*1950mm<\/td><td>830kg<\/td><td>2-3<\/td><\/tr><tr><td>DF4-40A sem tremonha<\/td><td><img loading=\"lazy\" decoding=\"async\" width=\"150\" height=\"194\" class=\"wp-image-4661\" style=\"width: 150px;\" src=\"https:\/\/taizyagromachine.com\/wp-content\/uploads\/2023\/02\/DF4-40A-without-hopper.webp\" alt=\"\"><\/td><td>35 anos<\/td><td>7,5 kW<\/td><td>Tijolo padr\u00e3o 240*53*115mm 20000PCS<br>Tijolos ocos 390*190*190mm 3200PCS<\/td><td>850*550*30mm<\/td><td>1500*1300*1800mm<\/td><td>1100kg<\/td><td>2-3<\/td><\/tr><tr><td>M\u00e1quina autom\u00e1tica de tijolos DF4-40A<\/td><td><img loading=\"lazy\" decoding=\"async\" width=\"150\" height=\"137\" class=\"wp-image-4662\" style=\"width: 150px;\" src=\"https:\/\/taizyagromachine.com\/wp-content\/uploads\/2023\/02\/DF4-40A-automatic-brick-machine.webp\" alt=\"\"><\/td><td>35 anos<\/td><td>7,5 kW<\/td><td>Tijolo padr\u00e3o 240*53*115mm 24000PCS<br>Tijolos ocos 390*190*190mm 3600PCS<\/td><td>850*550*30mm<\/td><td>1600*1300*2300mm<\/td><td>1150kg<\/td><td>2-3<\/td><\/tr><\/tbody><\/table><figcaption class=\"wp-element-caption\">todos os tipos de m\u00e1quina para fazer tijolos de cimento para venda<\/figcaption><\/figure>    <h2 class=\"wp-block-heading\"><strong>Tipo 2: M\u00e1quina para fazer tijolos de barro - M\u00e1quina de blocos de enterrar gr\u00e1tis<\/strong><\/h2>    <p>Esta m\u00e1quina de tijolos \u00e9 uma m\u00e1quina de tijolos de barro, ou seja, uma m\u00e1quina de tijolos que n\u00e3o queima, que utiliza principalmente argila para a produ\u00e7\u00e3o de tijolos que podem ser feitos. Esta m\u00e1quina de tijolos pode ser usada em conjunto com outras m\u00e1quinas para produzir tijolos de barro de forma totalmente autom\u00e1tica.<\/p>    <h3 class=\"wp-block-heading\"><strong>Estrutura da m\u00e1quina de tijolos intertravados totalmente autom\u00e1tica<\/strong><\/h3>    <div class=\"wp-block-columns is-layout-flex wp-container-core-columns-is-layout-9d6595d7 wp-block-columns-is-layout-flex\"> <div class=\"wp-block-column is-layout-flow wp-block-column-is-layout-flow\"><div class=\"wp-block-image\"> <figure class=\"aligncenter size-full\"><img loading=\"lazy\" decoding=\"async\" width=\"720\" height=\"540\" src=\"https:\/\/taizyagromachine.com\/wp-content\/uploads\/2023\/02\/clay-block-machine-structure.webp\" alt=\"estrutura da m\u00e1quina de bloco de argila\" class=\"wp-image-4642\"\/><figcaption class=\"wp-element-caption\">estrutura da m\u00e1quina de bloco de argila<\/figcaption><\/figure> <\/div><\/div>    <div class=\"wp-block-column is-layout-flow wp-block-column-is-layout-flow\"> <p>Essa combina\u00e7\u00e3o ajuda os compradores a produzir blocos de argila de maneira muito conveniente e eficiente, o que \u00e9 muito pr\u00e1tico na ind\u00fastria de produ\u00e7\u00e3o de tijolos. <\/p>    <p>Se voc\u00ea estiver interessado, entre em contato conosco!<\/p>    <figure class=\"wp-block-table\"><table><tbody><tr><td>N\u00e3o.<\/td><td>Nome da pe\u00e7a da m\u00e1quina<\/td><\/tr><tr><td>1<\/td><td>Misturador<\/td><\/tr><tr><td>2<\/td><td>Transportador de correia<\/td><\/tr><tr><td>3<\/td><td>Cilindro de \u00f3leo hidr\u00e1ulico<\/td><\/tr><tr><td>4<\/td><td>M\u00e1quina de bloco principal<\/td><\/tr><\/tbody><\/table><figcaption class=\"wp-element-caption\">lista de tabelas de m\u00e1quina autom\u00e1tica de blocos de argila<\/figcaption><\/figure> <\/div> <\/div>    <h3 class=\"wp-block-heading\"><strong>Formas de blocos de argila e produtividade da m\u00e1quina<\/strong><\/h3>    <figure class=\"wp-block-table\"><table><tbody><tr><td>Tipos<\/td><td>Imagem de tijolo<\/td><td>Tamanho<\/td><td>Ciclo de moldagem<\/td><td>Quantidade\/Molde<\/td><td>Quantidade\/hora<\/td><td>Quantidade\/8 horas<\/td><\/tr><tr><td>Tijolo de argila<\/td><td><img loading=\"lazy\" decoding=\"async\" width=\"150\" height=\"94\" class=\"wp-image-4647\" style=\"width: 150px;\" src=\"https:\/\/taizyagromachine.com\/wp-content\/uploads\/2023\/02\/Clay-brick.png\" alt=\"\"><\/td><td>300*150*100mm<\/td><td>10s<\/td><td>7 unidades<\/td><td>2520 unidades<\/td><td>20160 unidades<\/td><\/tr><\/tbody><\/table><\/figure>    <h2 class=\"wp-block-heading\"><strong>Qual \u00e9 o pre\u00e7o da m\u00e1quina para fazer tijolos Flyash?<\/strong><\/h2>    <p>Ao decidir comprar uma m\u00e1quina de tijolos, voc\u00ea definitivamente considerar\u00e1 o pre\u00e7o da m\u00e1quina de tijolos. E o pre\u00e7o da m\u00e1quina de tijolos \u00e9 influenciado por v\u00e1rios aspectos. Por exemplo, o pre\u00e7o da m\u00e1quina manual para fazer tijolos de cimento \u00e9 diferente do pre\u00e7o de uma m\u00e1quina de tijolos de barro totalmente autom\u00e1tica. O pre\u00e7o do modelo motorizado da m\u00e1quina de tijolos e do modelo diesel da m\u00e1quina de blocos tamb\u00e9m ser\u00e1 diferente. Al\u00e9m disso, deve-se considerar o tipo de tijolo que o cliente deseja fabricar. Como s\u00e3o utilizados diferentes tipos de moldes, o pre\u00e7o tamb\u00e9m \u00e9 diferente.<\/p>    <p>Assim, quando quiser comprar uma m\u00e1quina, voc\u00ea pode informar ao nosso gerente de vendas o formato dos tijolos que deseja produzir e seu or\u00e7amento, etc. Nosso gerente de vendas pode recomendar a solu\u00e7\u00e3o certa para voc\u00ea de acordo com suas necessidades.<\/p>    <h2 class=\"wp-block-heading\"><strong>Pacote e entrega da m\u00e1quina para fazer tijolos Taizy<\/strong><\/h2>    <figure class=\"wp-block-gallery aligncenter has-nested-images columns-default is-cropped wp-block-gallery-3 is-layout-flex wp-block-gallery-is-layout-flex\"> <figure class=\"wp-block-image size-large\"><img loading=\"lazy\" decoding=\"async\" width=\"540\" height=\"540\" data-id=\"4679\" src=\"https:\/\/taizyagromachine.com\/wp-content\/uploads\/2023\/02\/package-of-the-cement-block-machine.webp\" alt=\"pacote-da-m\u00e1quina-de-bloco-de-cimento\" class=\"wp-image-4679\"\/><figcaption class=\"wp-element-caption\">pacote da m\u00e1quina de bloco de cimento<\/figcaption><\/figure>    <figure class=\"wp-block-image size-large\"><img loading=\"lazy\" decoding=\"async\" width=\"540\" height=\"540\" data-id=\"4680\" src=\"https:\/\/taizyagromachine.com\/wp-content\/uploads\/2023\/02\/package-of-the-cement-brick-machine.webp\" alt=\"pacote-da-m\u00e1quina-de-tijolos-de-cimento\" class=\"wp-image-4680\"\/><figcaption class=\"wp-element-caption\">pacote da m\u00e1quina de tijolos de cimento<\/figcaption><\/figure> <\/figure>    <p>Depois que os clientes comprarem a m\u00e1quina de tijolos de n\u00f3s, embalaremos a m\u00e1quina ap\u00f3s a produ\u00e7\u00e3o. Porque normalmente ele \u00e9 enviado por via mar\u00edtima at\u00e9 o destino do cliente, e v\u00e1rios problemas podem ser encontrados no mar. O objetivo de embalar a m\u00e1quina para fabricar tijolos de cinza volante em caixas de madeira \u00e9 proteger melhor a m\u00e1quina de blocos durante a viagem mar\u00edtima e evitar qualquer dano \u00e0 m\u00e1quina antes que ela chegue ao seu destino. A foto acima \u00e9 a embalagem da m\u00e1quina de tijolos.<\/p>    <h2 class=\"wp-block-heading\"><strong>V\u00eddeo da m\u00e1quina para fazer tijolos de cimento Taizy<\/strong><\/h2>    <figure class=\"wp-block-embed is-type-video is-provider-youtube wp-block-embed-youtube wp-embed-aspect-16-9 wp-has-aspect-ratio\"><div class=\"wp-block-embed__wrapper\"> <iframe loading=\"lazy\" title=\"As 3 principais m\u00e1quinas para fazer tijolos para venda - Fabricante e fornecedor de m\u00e1quina para fazer blocos de cimento #bricks\" width=\"500\" height=\"281\" src=\"https:\/\/www.youtube.com\/embed\/Jt3gWnMqpbc?feature=oembed\" frameborder=\"0\" allow=\"accelerometer; autoplay; clipboard-write; encrypted-media; gyroscope; picture-in-picture; web-share\" referrerpolicy=\"strict-origin-when-cross-origin\" allowfullscreen><\/iframe> <\/div><\/figure>","protected":false},"excerpt":{"rendered":"<p>The brick making machine is specially designed for the production of various types of bricks. It is loved by customers from all over the world because of its simple structure, easy operation and high cost performance. As a senior brick machine manufacturer and supplier, we have a wide range of brick machine models. In general, [&hellip;]<\/p>\n","protected":false},"author":1,"featured_media":4683,"parent":0,"template":"","tags":[212],"product-type":[22],"class_list":["post-4641","product","type-product","status-publish","has-post-thumbnail","hentry","tag-brick-making-machine","product-type-others"],"_links":{"self":[{"href":"https:\/\/taizyagromachine.com\/pt\/wp-json\/wp\/v2\/product\/4641","targetHints":{"allow":["GET"]}}],"collection":[{"href":"https:\/\/taizyagromachine.com\/pt\/wp-json\/wp\/v2\/product"}],"about":[{"href":"https:\/\/taizyagromachine.com\/pt\/wp-json\/wp\/v2\/types\/product"}],"author":[{"embeddable":true,"href":"https:\/\/taizyagromachine.com\/pt\/wp-json\/wp\/v2\/users\/1"}],"wp:featuredmedia":[{"embeddable":true,"href":"https:\/\/taizyagromachine.com\/pt\/wp-json\/wp\/v2\/media\/4683"}],"wp:attachment":[{"href":"https:\/\/taizyagromachine.com\/pt\/wp-json\/wp\/v2\/media?parent=4641"}],"wp:term":[{"taxonomy":"post_tag","embeddable":true,"href":"https:\/\/taizyagromachine.com\/pt\/wp-json\/wp\/v2\/tags?post=4641"},{"taxonomy":"product-type","embeddable":true,"href":"https:\/\/taizyagromachine.com\/pt\/wp-json\/wp\/v2\/product-type?post=4641"}],"curies":[{"name":"wp","href":"https:\/\/api.w.org\/{rel}","templated":true}]}}