{"id":4700,"date":"2023-02-21T17:21:57","date_gmt":"2023-02-21T09:21:57","guid":{"rendered":"https:\/\/taizyagromachine.com\/?post_type=product&#038;p=4700"},"modified":"2025-02-25T11:48:17","modified_gmt":"2025-02-25T03:48:17","slug":"reaper-machine","status":"publish","type":"product","link":"https:\/\/taizyagromachine.com\/pt\/product\/reaper-machine\/","title":{"rendered":"M\u00e1quina Mini Reaper para colheita de milho, arroz, trigo, sorgo, grama, alfafa"},"content":{"rendered":"<p>A m\u00e1quina ceifadora \u00e9 uma m\u00e1quina econ\u00f4mica especialmente projetada para a colheita de diversas culturas. Possui caracter\u00edsticas de desempenho de alto custo, f\u00e1cil opera\u00e7\u00e3o e alta aplicabilidade. Portanto, muitos clientes compram nossa m\u00e1quina ceifadora manual como um todo e se tornam revendedores ou varejistas de nossas m\u00e1quinas.<\/p>    <h2 class=\"wp-block-heading\"><strong>O que \u00e9 a colheitadeira Reaper?<\/strong><\/h2>    <p>A fun\u00e7\u00e3o espec\u00edfica \u00e9 cortar a colheita e coloc\u00e1-la de lado. Esta m\u00e1quina foi projetada e inventada para facilitar a colheita dos agricultores, por isso \u00e9 muito pr\u00e1tica. Pode ser usado n\u00e3o apenas para a colheita de diversas culturas, mas tamb\u00e9m em \u00e1reas montanhosas, plan\u00edcies, montanhas e estufas.<\/p>    <p>Esta m\u00e1quina tamb\u00e9m pode ser utilizada com trator de passeio, o que ser\u00e1 mais pr\u00e1tico de usar e de grande comodidade para o usu\u00e1rio. Se voc\u00ea estiver interessado neste tipo de m\u00e1quina, entre em contato conosco para obter mais informa\u00e7\u00f5es!<\/p>    <figure class=\"wp-block-embed is-type-video is-provider-youtube wp-block-embed-youtube wp-embed-aspect-16-9 wp-has-aspect-ratio\"><div class=\"wp-block-embed__wrapper\"> <iframe loading=\"lazy\" title=\"Harvester de milho e junco eficiente com o Reaper Machine | M\u00e1quina de colheita de colheita de colheita de alto desempenho\" width=\"500\" height=\"281\" src=\"https:\/\/www.youtube.com\/embed\/GudCYyAzqm0?feature=oembed\" frameborder=\"0\" allow=\"accelerometer; autoplay; clipboard-write; encrypted-media; gyroscope; picture-in-picture; web-share\" referrerpolicy=\"strict-origin-when-cross-origin\" allowfullscreen><\/iframe> <\/div><figcaption class=\"wp-element-caption\">colheita da m\u00e1quina de colheita<\/figcaption><\/figure>    <h2 class=\"wp-block-heading\"><strong>Tipos de m\u00e1quina ceifeira para agricultura<\/strong><\/h2>    <p class=\"translation-block\">A nossa <a href=\"https:\/\/en.wikipedia.org\/wiki\/Reaper\" target=\"_blank\" rel=\"noreferrer noopener\">m\u00e1quina ceifeira<\/a> pode ser dividida em ceifeira-envolvedora e ceifeira. A diferen\u00e7a entre as duas reside na fun\u00e7\u00e3o. A ceifeira-envolvedora \u00e9 usada para atar enquanto ceifa, enquanto a ceifeira \u00e9 apenas usada para ceifar.<\/p>    <p class=\"translation-block\">Deve notar-se tamb\u00e9m que os nossos modelos de m\u00e1quinas s\u00e3o classificados de acordo com as diferentes larguras de ceifa, que podem ser divididas em 4GK-90, 4G-100, 4G-120, 4G-120A, 4G-150, etc. Os par\u00e2metros detalhados referem-se a \"<strong>Par\u00e2metros T\u00e9cnicos da Ceifeira Debulhadora Taizy \u00e0 Venda<\/strong>\" abaixo.<\/p>    <h2 class=\"wp-block-heading\"><strong>Aplica\u00e7\u00f5es da M\u00e1quina Colheitadeira Reaper<\/strong><\/h2>    <p>A m\u00e1quina ceifeira Taizy tem uma ampla gama de aplica\u00e7\u00f5es, como milho, cana-de-a\u00e7\u00facar, arroz, trigo, grama, alfafa, sorgo, milheto, batata, alho-por\u00f3, alho, soja, pimenta, capim-elefante doce, etc. culturas, entre em contato conosco! Nossa equipe de vendas recomendar\u00e1 a m\u00e1quina ceifeira mais adequada para voc\u00ea, de acordo com suas necessidades espec\u00edficas.<\/p>   <div class=\"wp-block-image\"> <figure class=\"aligncenter size-full\"><img loading=\"lazy\" decoding=\"async\" width=\"720\" height=\"540\" src=\"https:\/\/taizyagromachine.com\/wp-content\/uploads\/2023\/02\/applications-of-reaper-harvester-machine.webp\" alt=\"aplica\u00e7\u00f5es da m\u00e1quina colheitadeira ceifeira\" class=\"wp-image-4706\"\/><figcaption class=\"wp-element-caption\">aplica\u00e7\u00f5es da m\u00e1quina colheitadeira ceifeira<\/figcaption><\/figure> <\/div>   <h2 class=\"wp-block-heading\"><strong>Caracter\u00edsticas da m\u00e1quina ceifeira de arroz\/trigo\/milho Taizy<\/strong><\/h2>    <ol class=\"wp-block-list\"> <li>Economizando tempo e m\u00e3o de obra e colheita econ\u00f4mica e eficiente.<\/li>    <li>Opera\u00e7\u00e3o multifuncional, simples e pot\u00eancia poderosa.<\/li>    <li>Amplamente aplic\u00e1vel a plan\u00edcies, montanhas, colinas e estufas.<\/li>    <li>\u00c9 aplic\u00e1vel a uma ampla gama de culturas que podem ser colhidas, como milho, cana-de-a\u00e7\u00facar, capim, soja, pimenta, etc.<\/li>    <li>Economia de energia, redu\u00e7\u00e3o do consumo de combust\u00edvel e redu\u00e7\u00e3o de custos.<\/li>    <li>Acess\u00f3rios de alta qualidade, boa qualidade da m\u00e1quina; Forte praticidade, estabilidade e durabilidade; O efeito da colheita \u00e9 bom.<\/li> <\/ol>   <div class=\"wp-block-image\"> <figure class=\"aligncenter size-full\"><img loading=\"lazy\" decoding=\"async\" width=\"720\" height=\"350\" src=\"https:\/\/taizyagromachine.com\/wp-content\/uploads\/2023\/02\/reaper-machine-manufacturer.webp\" alt=\"fabricante de m\u00e1quina ceifadora\" class=\"wp-image-4707\"\/><figcaption class=\"wp-element-caption\">fabricante de m\u00e1quina ceifadora<\/figcaption><\/figure> <\/div>   <h2 class=\"wp-block-heading\"><strong>Que tal o pre\u00e7o da m\u00e1quina Reaper?<\/strong><\/h2>    <p class=\"translation-block\">Como <a href=\"https:\/\/taizyagromachine.com\/pt\/\" target=\"_blank\" rel=\"noreferrer noopener\">fabricante e fornecedor profissional de maquinaria agr\u00edcola<\/a>, os nossos modelos de m\u00e1quinas s\u00e3o muito abrangentes e os pre\u00e7os das ceifeiras-envolvedoras tamb\u00e9m s\u00e3o diferentes.<\/p>    <p>Por exemplo, nossas m\u00e1quinas de colheita ceifeira s\u00e3o divididas em ceifadeira e ceifeira, as fun\u00e7\u00f5es necess\u00e1rias s\u00e3o m\u00e1quinas diferentes e o pre\u00e7o tamb\u00e9m \u00e9 diferente. Al\u00e9m disso, a configura\u00e7\u00e3o de energia da m\u00e1quina. Nossas m\u00e1quinas podem usar motores a gasolina e motores a diesel. Se o mesmo modelo utilizar pot\u00eancia diferente, os pre\u00e7os das m\u00e1quinas tamb\u00e9m ser\u00e3o diferentes. Al\u00e9m disso, a largura de colheita da m\u00e1quina. O pre\u00e7o da m\u00e1quina \u00e9 naturalmente diferente para as diferentes larguras de colheita desejadas pelos clientes.<\/p>    <p>Resumindo, escolha a m\u00e1quina certa para voc\u00ea. Voc\u00ea tamb\u00e9m pode pedir ajuda ao nosso profissional e ele recomendar\u00e1 o mais adequado para voc\u00ea!<\/p>    <h2 class=\"wp-block-heading\"><strong>Par\u00e2metros t\u00e9cnicos da m\u00e1quina Taizy Reaper para venda<\/strong><\/h2>    <figure class=\"wp-block-table\"><table><tbody><tr><td>Modelo<\/td><td>Pasta ceifeira 4GK-90<\/td><td>Ceifador 4G-100<\/td><td>Ceifador 4G-120<\/td><td>Ceifeira 4G-120A<\/td><td>Ceifeira 4G-150<\/td><\/tr><tr><td>Largura de colheita (mm) <\/td><td>900 <\/td><td>1000 <\/td><td>1200 <\/td><td>1200 <\/td><td>1500 <\/td><\/tr><tr><td>Altura de corte m\u00ednima (mm)<\/td><td>\u226550 <\/td><td>\u226550 <\/td><td>\u226550 <\/td><td>\u226550 <\/td><td>\u226550 <\/td><\/tr><tr><td>Tipo de coloca\u00e7\u00e3o<\/td><td>Agrupamento lateral colocado<\/td><td>Colocado lateralmente<\/td><td>Colocado lateralmente<\/td><td>Colocado lateralmente<\/td><td>Colocado lateralmente<\/td><\/tr><tr><td>\u00c2ngulo de coloca\u00e7\u00e3o (graus)<\/td><td>\/<\/td><td>90\u00b120 <\/td><td>90\u00b120 <\/td><td>90\u00b120 <\/td><td>90\u00b120 <\/td><\/tr><tr><td>Capacidade (mu\/hora)<\/td><td>2-3<\/td><td>2.5-4<\/td><td>3-5<\/td><td>3-5<\/td><td>3.5-5.5<\/td><\/tr><tr><td>Poder correspondente<\/td><td>R175\/6,6 cv <\/td><td>170F\/4,5 cv <\/td><td>170F\/6,6 cv <\/td><td>170F\/4,4 cv <\/td><td>R175\/6,6 cv <\/td><\/tr><tr><td>Peso l\u00edquido (kg)<\/td><td>330<\/td><td>210<\/td><td>230<\/td><td>216<\/td><td>230<\/td><\/tr><tr><td>Peso bruto (kg)<\/td><td>380<\/td><td>250<\/td><td>270<\/td><td>260<\/td><td>300<\/td><\/tr><tr><td>Tamanho da embalagem (L*W*H)(m)<\/td><td>1.55*1.35*0.9<\/td><td>1.3*1.07*0.65<\/td><td>1.47*1.07*0.65<\/td><td>1.47*1.07*0.65<\/td><td>1.8*1.07*0.65<\/td><\/tr><tr><td>Dimens\u00e3o da m\u00e1quina (L*W*H)(m)<\/td><td>\/<\/td><td>2.1*1.25*1.0<\/td><td>2.15*1.5*1.1<\/td><td>2.15*1.5*1.1<\/td><td>2.25*1.85*1.1<\/td><\/tr><tr><td>Ritmo de perda(%)<\/td><td>&lt;1<\/td><td>&lt;1<\/td><td>&lt;1<\/td><td>&lt;1<\/td><td>&lt;1<\/td><\/tr><tr><td>Taxa de corte e empacotamento (%)<\/td><td>90<\/td><td>\/<\/td><td>\/<\/td><td>\/<\/td><td>\/<\/td><\/tr><\/tbody><\/table><\/figure>    <p>Nossa colheitadeira pode ser movida por motores diesel ou gasolina, e a largura de colheita \u00e9 diferente, dependendo da necessidade do cliente.<\/p>    <h2 class=\"wp-block-heading\"><strong>V\u00eddeo de trabalho da m\u00e1quina Taizy Reaper para venda<\/strong><\/h2>    <figure class=\"wp-block-embed is-type-video is-provider-youtube wp-block-embed-youtube wp-embed-aspect-16-9 wp-has-aspect-ratio\"><div class=\"wp-block-embed__wrapper\"> <iframe loading=\"lazy\" title=\"Great Reaper Binder para colheita de milho, arroz, trigo, sorgo, soja, grama, alfafa, etc #reaper\" width=\"500\" height=\"281\" src=\"https:\/\/www.youtube.com\/embed\/6N6YqNMlX24?feature=oembed\" frameborder=\"0\" allow=\"accelerometer; autoplay; clipboard-write; encrypted-media; gyroscope; picture-in-picture; web-share\" referrerpolicy=\"strict-origin-when-cross-origin\" allowfullscreen><\/iframe> <\/div><\/figure>    <figure class=\"wp-block-embed is-type-video is-provider-youtube wp-block-embed-youtube wp-embed-aspect-16-9 wp-has-aspect-ratio\"><div class=\"wp-block-embed__wrapper\"> <iframe loading=\"lazy\" title=\"Melhor M\u00e1quina Ceifadora de Taizy - M\u00e1quina Ceifadora Manual para Agricultura - M\u00e1quina Colheitadeira Reaper\" width=\"500\" height=\"281\" src=\"https:\/\/www.youtube.com\/embed\/50z7cpO7OIs?feature=oembed\" frameborder=\"0\" allow=\"accelerometer; autoplay; clipboard-write; encrypted-media; gyroscope; picture-in-picture; web-share\" referrerpolicy=\"strict-origin-when-cross-origin\" allowfullscreen><\/iframe> <\/div><\/figure>","protected":false},"excerpt":{"rendered":"<p>The reaper machine is an economical machine specially designed for harvesting various crops. It has the characteristics of high cost performance, easy operation, and high applicability. Therefore, many customers buy our hand reaper machine as a whole and become dealers or retailers of our machines. What is the Reaper Harvester? The specific function is to [&hellip;]<\/p>\n","protected":false},"author":1,"featured_media":4705,"parent":0,"template":"","tags":[213],"product-type":[22],"class_list":["post-4700","product","type-product","status-publish","has-post-thumbnail","hentry","tag-reaper-machine","product-type-others"],"_links":{"self":[{"href":"https:\/\/taizyagromachine.com\/pt\/wp-json\/wp\/v2\/product\/4700","targetHints":{"allow":["GET"]}}],"collection":[{"href":"https:\/\/taizyagromachine.com\/pt\/wp-json\/wp\/v2\/product"}],"about":[{"href":"https:\/\/taizyagromachine.com\/pt\/wp-json\/wp\/v2\/types\/product"}],"author":[{"embeddable":true,"href":"https:\/\/taizyagromachine.com\/pt\/wp-json\/wp\/v2\/users\/1"}],"wp:featuredmedia":[{"embeddable":true,"href":"https:\/\/taizyagromachine.com\/pt\/wp-json\/wp\/v2\/media\/4705"}],"wp:attachment":[{"href":"https:\/\/taizyagromachine.com\/pt\/wp-json\/wp\/v2\/media?parent=4700"}],"wp:term":[{"taxonomy":"post_tag","embeddable":true,"href":"https:\/\/taizyagromachine.com\/pt\/wp-json\/wp\/v2\/tags?post=4700"},{"taxonomy":"product-type","embeddable":true,"href":"https:\/\/taizyagromachine.com\/pt\/wp-json\/wp\/v2\/product-type?post=4700"}],"curies":[{"name":"wp","href":"https:\/\/api.w.org\/{rel}","templated":true}]}}