{"id":4760,"date":"2023-03-09T15:35:40","date_gmt":"2023-03-09T07:35:40","guid":{"rendered":"https:\/\/taizyagromachine.com\/?post_type=product&#038;p=4760"},"modified":"2023-03-09T17:32:18","modified_gmt":"2023-03-09T09:32:18","slug":"peanut-harvester-machine","status":"publish","type":"product","link":"https:\/\/taizyagromachine.com\/pt\/product\/peanut-harvester-machine\/","title":{"rendered":"M\u00e1quina colhedora de amendoim tipo corrente para venda"},"content":{"rendered":"<p>Este tipo de m\u00e1quina colhedora de amendoim \u00e9 um novo tipo de m\u00e1quina desenvolvida especificamente para realizar a colheita de amendoim na lavoura, trabalhando com trator. Na verdade, a m\u00e1quina colheitadeira de amendoim possui caracter\u00edsticas de bom desempenho, alta efici\u00eancia, economia de tempo e esfor\u00e7o e f\u00e1cil opera\u00e7\u00e3o. <\/p>    <p class=\"translation-block\">Al\u00e9m disso, as nossas m\u00e1quinas de amendoim n\u00e3o se limitam \u00e0 m\u00e1quina de colheita de amendoim, mas tamb\u00e9m o <a href=\"https:\/\/taizyagromachine.com\/pt\/product\/4-row-groundnut-sowing-machine\/\" target=\"_blank\" rel=\"noreferrer noopener\">plantador de amendoim<\/a>, a <a href=\"https:\/\/taizyagromachine.com\/pt\/product\/combined-groundnut-shelling-and-cleaning-machine\/\" target=\"_blank\" rel=\"noreferrer noopener\">maquina de descascagem e limpeza de amendoim<\/a>, e o<a href=\"https:\/\/taizyagromachine.com\/pt\/product\/small-groundnut-picker-for-sale\/\" target=\"_blank\" rel=\"noreferrer noopener\"> m\u00e1quina de apanha de amendoim<\/a>. N\u00e3o importa qual m\u00e1quina de amendoim o interesse, sinta-se \u00e0 vontade para nos contactar!<\/p>    <h2 class=\"wp-block-heading\"><strong>Tipo 1: M\u00e1quina de colheita de amendoim HS-800<\/strong><\/h2>    <figure class=\"wp-block-gallery aligncenter has-nested-images columns-default is-cropped wp-block-gallery-2 is-layout-flex wp-block-gallery-is-layout-flex\"> <figure class=\"wp-block-image size-large\"><img loading=\"lazy\" decoding=\"async\" width=\"720\" height=\"540\" data-id=\"4766\" src=\"https:\/\/taizyagromachine.com\/wp-content\/uploads\/2023\/03\/peanut-harvester-machine.webp\" alt=\"m\u00e1quina colheitadeira de amendoim\" class=\"wp-image-4766\"\/><figcaption class=\"wp-element-caption\">m\u00e1quina colheitadeira de amendoim<\/figcaption><\/figure>    <figure class=\"wp-block-image size-large\"><img loading=\"lazy\" decoding=\"async\" width=\"720\" height=\"540\" data-id=\"4767\" src=\"https:\/\/taizyagromachine.com\/wp-content\/uploads\/2023\/03\/peanut-harvester.webp\" alt=\"colheitadeira de amendoim \" class=\"wp-image-4767\"\/><figcaption class=\"wp-element-caption\">colheitadeira de amendoim <\/figcaption><\/figure> <\/figure>    <p>A nova gera\u00e7\u00e3o da m\u00e1quina colhedora de amendoim Taizy \u00e9 uma m\u00e1quina de colheita que completa a opera\u00e7\u00e3o de escava\u00e7\u00e3o, separa\u00e7\u00e3o do solo, coloca\u00e7\u00e3o de tiras, colheita, colheita de frutas e limpeza no processo de colheita de amendoim. E a m\u00e1quina de colheita de amendoim apresenta um design exclusivo de corrente de fixa\u00e7\u00e3o, que pode tornar o processo de colheita mais eficiente e com efeito de colheita perfeito.  <\/p>    <h3 class=\"wp-block-heading\">Destaques da M\u00e1quina Colhedora de Amendoim HS-800<\/h3>    <figure class=\"wp-block-gallery aligncenter has-nested-images columns-default is-cropped wp-block-gallery-3 is-layout-flex wp-block-gallery-is-layout-flex\"> <figure class=\"wp-block-image size-large\"><img loading=\"lazy\" decoding=\"async\" width=\"720\" height=\"540\" data-id=\"4775\" src=\"https:\/\/taizyagromachine.com\/wp-content\/uploads\/2023\/03\/advantages-of-peanut-harvesting-machine.webp\" alt=\"vantagens da m\u00e1quina de colheita de amendoim\" class=\"wp-image-4775\"\/><figcaption class=\"wp-element-caption\">vantagens da m\u00e1quina de colheita de amendoim<\/figcaption><\/figure>    <figure class=\"wp-block-image size-large\"><img loading=\"lazy\" decoding=\"async\" width=\"720\" height=\"540\" data-id=\"4774\" src=\"https:\/\/taizyagromachine.com\/wp-content\/uploads\/2023\/03\/strength-of-peanut-harvester-machine.webp\" alt=\"for\u00e7a da m\u00e1quina de colheita de amendoim\" class=\"wp-image-4774\"\/><figcaption class=\"wp-element-caption\">for\u00e7a da m\u00e1quina de colheita de amendoim<\/figcaption><\/figure> <\/figure>    <figure class=\"wp-block-table\"><table><tbody><tr><td>S\/N<\/td><td>Destaques<\/td><\/tr><tr><td>1<\/td><td>Corrente trepadeira \u2013 transporte de amendoim colhido<\/td><\/tr><tr><td>2<\/td><td>Peneira vibrat\u00f3ria adicional \u2013 armazenamento de amendoim ca\u00eddo sem colheita manual<\/td><\/tr><tr><td>3<\/td><td>L\u00e2mina m\u00f3vel \u2013 minimiza a resist\u00eancia \u00e0 colheita<\/td><\/tr><tr><td>4<\/td><td>Rolo de press\u00e3o frontal \u2013 solta o solo para facilitar a colheita<\/td><\/tr><tr><td>5<\/td><td>Caixa de c\u00e2mbio \u2013 conex\u00e3o de sa\u00edda traseira do trator<\/td><\/tr><tr><td>6<\/td><td>Espiral traseira \u2013 gire as mudas de amendoim com cuidado e coloque-as de maneira ordenada<\/td><\/tr><\/tbody><\/table><\/figure>    <h3 class=\"wp-block-heading\"><strong>Par\u00e2metros t\u00e9cnicos da m\u00e1quina colhedora de amendoim<\/strong><\/h3>    <figure class=\"wp-block-table\"><table><tbody><tr><td>Modelo<\/td><td>HS-800<\/td><\/tr><tr><td>Efici\u00eancia<\/td><td>1300-2000\u33a1\/dia<\/td><\/tr><tr><td>Taxa de colheita<\/td><td>\u226598%<\/td><\/tr><tr><td>Taxa de quebra<\/td><td>\u22641%<\/td><\/tr><tr><td>Taxa de limpeza<\/td><td>\u226595%<\/td><\/tr><tr><td>Peso<\/td><td>280kg<\/td><\/tr><tr><td>Pot\u00eancia<\/td><td>30 CV<\/td><\/tr><tr><td>Largura da colheitadeira<\/td><td>duas linhas<\/td><\/tr><tr><td>Dist\u00e2ncia entre linhas<\/td><td>750-800mm<\/td><\/tr><tr><td>Espa\u00e7amento entre linhas<\/td><td>180-250mm<\/td><\/tr><tr><td>Dimens\u00e3o<\/td><td>2100*1050*1030mm<\/td><\/tr><\/tbody><\/table><\/figure>    <h2 class=\"wp-block-heading\"><strong>Tipo 2: M\u00e1quina colhedora de amendoim HS-1500<\/strong><\/h2>    <figure class=\"wp-block-gallery aligncenter has-nested-images columns-default is-cropped wp-block-gallery-4 is-layout-flex wp-block-gallery-is-layout-flex\"> <figure class=\"wp-block-image size-large\"><img loading=\"lazy\" decoding=\"async\" width=\"720\" height=\"540\" data-id=\"4769\" src=\"https:\/\/taizyagromachine.com\/wp-content\/uploads\/2023\/03\/groundnut-harvesting-machine.webp\" alt=\"m\u00e1quina de colheita de amendoim\" class=\"wp-image-4769\"\/><figcaption class=\"wp-element-caption\">m\u00e1quina de colheita de amendoim<\/figcaption><\/figure>    <figure class=\"wp-block-image size-large\"><img loading=\"lazy\" decoding=\"async\" width=\"720\" height=\"540\" data-id=\"4770\" src=\"https:\/\/taizyagromachine.com\/wp-content\/uploads\/2023\/03\/peanut-harvesting-machine.webp\" alt=\"m\u00e1quina de colheita de amendoim\" class=\"wp-image-4770\"\/><figcaption class=\"wp-element-caption\">m\u00e1quina de colheita de amendoim<\/figcaption><\/figure> <\/figure>    <p class=\"translation-block\">Na produ\u00e7\u00e3o real, de acordo com as necessidades dos clientes e as caracter\u00edsticas da m\u00e1quina de colheita de amendoim, pode escolher a m\u00e1quina adequada. O equipamento de colheita de amendoim pode completar de uma s\u00f3 vez a <a href=\"https:\/\/en.wikipedia.org\/wiki\/Peanut\" target=\"_blank\" rel=\"noreferrer noopener\">escava\u00e7\u00e3o de amendoim<\/a>, remo\u00e7\u00e3o de solo, colheita de frutos, limpeza, recolha de frutos e outras opera\u00e7\u00f5es, alta efici\u00eancia de produ\u00e7\u00e3o, menos perdas operacionais, velocidade de transfer\u00eancia r\u00e1pida e uso seguro e confi\u00e1vel.<\/p>    <h3 class=\"wp-block-heading\"><strong>Caracter\u00edsticas da m\u00e1quina colhedora de amendoim<\/strong><\/h3>    <ol class=\"wp-block-list\"> <li>O processo de opera\u00e7\u00e3o \u00e9 completo e ordenado, durante a opera\u00e7\u00e3o para completar o suporte das mudas, cavar, triturar, sacudir o solo e colocar o amendoim.<\/li>    <li>Baixa taxa de perdas, alta efici\u00eancia operacional e baixo custo de colheita.<\/li>    <li>O tempo de colheita do amendoim \u00e9 curto, o custo da colheita \u00e9 menor.<\/li>    <li>Uma ampla gama de aplica\u00e7\u00f5es. A m\u00e1quina colhedora de amendoim \u00e9 aplic\u00e1vel a uma variedade de solos, plantio plano e monopolista de terras de amendoim.<\/li> <\/ol>    <h3 class=\"wp-block-heading\"><strong>Par\u00e2metros T\u00e9cnicos do Equipamento de Colheita de Amendoim<\/strong><\/h3>    <figure class=\"wp-block-table\"><table><tbody><tr><td>Modelo<\/td><td>HS-1500<\/td><\/tr><tr><td>Poder<\/td><td>Trator \u226580HP<\/td><\/tr><tr><td>Tomada de for\u00e7a<\/td><td>estrias 6 ou 8<\/td><\/tr><tr><td>Largura de trabalho<\/td><td>1500mm<\/td><\/tr><tr><td>Tamanho<\/td><td>3140*1770*1150mm<\/td><\/tr><tr><td>Peso<\/td><td>498kg<\/td><\/tr><\/tbody><\/table><\/figure>    <h2 class=\"wp-block-heading\"><strong>Que tal o pre\u00e7o da m\u00e1quina colhedora de amendoim?<\/strong><\/h2>    <p class=\"translation-block\">Como <a href=\"https:\/\/taizyagromachine.com\/pt\/\" target=\"_blank\" rel=\"noreferrer noopener\">fabricante e fornecedor profissional de maquinaria agr\u00edcola<\/a>, as nossas m\u00e1quinas agr\u00edcolas cobrem todos os aspetos, tal como a <a href=\"https:\/\/taizyagromachine.com\/pt\/product\/peanut-machine\/\" target=\"_blank\" rel=\"noreferrer noopener\">maquinaria de amendoim<\/a>. A m\u00e1quina colheitadeira de amendoim produzida pela Taizy tem pre\u00e7os de f\u00e1brica, por isso o pre\u00e7o da colheitadeira de amendoim \u00e9 muito vantajoso. Mas isso n\u00e3o significa que a qualidade da m\u00e1quina seja m\u00e1. <\/p>    <p>Porque somos uma f\u00e1brica, estamos no ramo de com\u00e9rcio exterior, ent\u00e3o economizamos um custo intermedi\u00e1rio. Al\u00e9m disso, contamos com um conjunto pr\u00f3prio de sistema de controle de qualidade para produzir a m\u00e1quina, e a m\u00e1quina produzida tem excelente qualidade. Portanto, nossas m\u00e1quinas Taizy s\u00e3o de boa qualidade e baixo pre\u00e7o. Se voc\u00ea estiver interessado, n\u00e3o hesite em nos contatar e visitar nossa f\u00e1brica!<\/p>    <h2 class=\"wp-block-heading\"><strong>Casos de sucesso da m\u00e1quina colhedora de amendoim Taizy<\/strong><\/h2>    <p>Nosso escavador de amendoim foi exportado para muitos pa\u00edses estrangeiros, como Senegal, Nig\u00e9ria, Alemanha, It\u00e1lia, EUA, Zimb\u00e1bue, Turcomenist\u00e3o, etc. Listado est\u00e1 o \u00faltimo caso dos EUA para sua refer\u00eancia que foi fechado.<\/p>    <figure class=\"wp-block-embed is-type-wp-embed is-provider-taizyagromachine-com wp-block-embed-taizyagromachine-com\"><div class=\"wp-block-embed__wrapper\"> <blockquote class=\"wp-embedded-content\" data-secret=\"NMjLVa3kCY\"><a href=\"https:\/\/taizyagromachine.com\/sw\/info\/peanut-harvester-usa\/\">Colheitadeira de amendoim e plantadeira de amendoim de 4 fileiras para venda nos EUA<\/a><\/blockquote><iframe loading=\"lazy\" class=\"wp-embedded-content\" sandbox=\"allow-scripts\" security=\"restricted\" style=\"position: absolute; clip: rect(1px, 1px, 1px, 1px);\" title=\"&quot;Colheitadeira de amendoim e plantadeira de amendoim de 4 fileiras \u00e0 venda nos EUA&quot; \u2014 taizyagromachine.com\" src=\"https:\/\/taizyagromachine.com\/sw\/info\/peanut-harvester-usa\/embed\/#?secret=97eZYTO8Gm#?secret=NMjLVa3kCY\" data-secret=\"NMjLVa3kCY\" width=\"500\" height=\"282\" frameborder=\"0\" marginwidth=\"0\" marginheight=\"0\" scrolling=\"no\"><\/iframe> <\/div><\/figure>    <h2 class=\"wp-block-heading\"><strong>Pacote e entrega de novo tipo de m\u00e1quina colhedora de amendoim<\/strong><\/h2>    <figure class=\"wp-block-gallery aligncenter has-nested-images columns-default is-cropped wp-block-gallery-5 is-layout-flex wp-block-gallery-is-layout-flex\"> <figure class=\"wp-block-image size-full\"><img loading=\"lazy\" decoding=\"async\" width=\"850\" height=\"540\" data-id=\"4785\" src=\"https:\/\/taizyagromachine.com\/wp-content\/uploads\/2023\/03\/peanut-harvester-in-the-wooden-case.webp\" alt=\"colheitadeira de amendoim em caixa de madeira\" class=\"wp-image-4785\"\/><figcaption class=\"wp-element-caption\">colheitadeira de amendoim em caixa de madeira<\/figcaption><\/figure>    <figure class=\"wp-block-image size-full\"><img loading=\"lazy\" decoding=\"async\" width=\"850\" height=\"540\" data-id=\"4786\" src=\"https:\/\/taizyagromachine.com\/wp-content\/uploads\/2023\/03\/load-in-the-container-for-delivery.webp\" alt=\"carregar no cont\u00eainer para entrega\" class=\"wp-image-4786\"\/><figcaption class=\"wp-element-caption\">carregar no cont\u00eainer para entrega<\/figcaption><\/figure> <\/figure>    <p>Ap\u00f3s a produ\u00e7\u00e3o da m\u00e1quina colhedora de amendoim, ela precisa ser preparada para entrega ao cliente, que geralmente \u00e9 por via mar\u00edtima. Antes do envio, embalaremos a m\u00e1quina em uma caixa de madeira de acordo com a necessidade do cliente e, em seguida, providenciaremos o carregamento em um cont\u00eainer. Por fim, a log\u00edstica enviar\u00e1 a mercadoria ao porto correspondente para embarque.<\/p>    <h2 class=\"wp-block-heading\"><strong>Bom feedback dos clientes sobre a m\u00e1quina colhedora de amendoim<\/strong><\/h2>    <p>Esta colhedora de amendoim da Taizy \u00e9 exportada para todo o mundo. Devido ao bom desempenho e \u00e0 qualidade da m\u00e1quina, recebemos bons coment\u00e1rios de clientes em todo o mundo. A imagem a seguir faz parte do feedback coletado do cliente. Se voc\u00ea estiver interessado em nossas m\u00e1quinas de amendoim, entre em contato conosco e visite nossa f\u00e1brica!<\/p>   <div class=\"wp-block-image\"> <figure class=\"aligncenter size-full\"><img loading=\"lazy\" decoding=\"async\" width=\"750\" height=\"816\" src=\"https:\/\/taizyagromachine.com\/wp-content\/uploads\/2023\/03\/client-feedback.webp\" alt=\"coment\u00e1rios do cliente\" class=\"wp-image-4763\"\/><figcaption class=\"wp-element-caption\">coment\u00e1rios do cliente<\/figcaption><\/figure> <\/div>   <h2 class=\"wp-block-heading\"><strong>V\u00eddeo da m\u00e1quina colhedora de amendoim - Como funciona uma escavadeira de amendoim?<\/strong><\/h2>    <figure class=\"wp-block-embed is-type-video is-provider-youtube wp-block-embed-youtube wp-embed-aspect-16-9 wp-has-aspect-ratio\"><div class=\"wp-block-embed__wrapper\"> <iframe loading=\"lazy\" title=\"Novo tipo de m\u00e1quina colhedora de amendoim - M\u00e1quina colhedora de amendoim para venda - Como colher amendoim?\" width=\"500\" height=\"281\" src=\"https:\/\/www.youtube.com\/embed\/wRYBLEBXfQY?feature=oembed\" frameborder=\"0\" allow=\"accelerometer; autoplay; clipboard-write; encrypted-media; gyroscope; picture-in-picture; web-share\" referrerpolicy=\"strict-origin-when-cross-origin\" allowfullscreen><\/iframe> <\/div><\/figure>","protected":false},"excerpt":{"rendered":"<p>This kind of peanut harvester machine is a new type of machine developed specifically to carry out groundnut harvesting in the fields, working with the tractor. Actually, the groundnut harvesting machine has features of good performance, high efficiency, time and effort saving, and easy operation. Besides, our peanut machines are not limited to the peanut [&hellip;]<\/p>\n","protected":false},"author":1,"featured_media":4778,"parent":0,"template":"","tags":[214],"product-type":[21],"class_list":["post-4760","product","type-product","status-publish","has-post-thumbnail","hentry","tag-peanut-harvester-machine","product-type-peanut-machine"],"_links":{"self":[{"href":"https:\/\/taizyagromachine.com\/pt\/wp-json\/wp\/v2\/product\/4760","targetHints":{"allow":["GET"]}}],"collection":[{"href":"https:\/\/taizyagromachine.com\/pt\/wp-json\/wp\/v2\/product"}],"about":[{"href":"https:\/\/taizyagromachine.com\/pt\/wp-json\/wp\/v2\/types\/product"}],"author":[{"embeddable":true,"href":"https:\/\/taizyagromachine.com\/pt\/wp-json\/wp\/v2\/users\/1"}],"wp:featuredmedia":[{"embeddable":true,"href":"https:\/\/taizyagromachine.com\/pt\/wp-json\/wp\/v2\/media\/4778"}],"wp:attachment":[{"href":"https:\/\/taizyagromachine.com\/pt\/wp-json\/wp\/v2\/media?parent=4760"}],"wp:term":[{"taxonomy":"post_tag","embeddable":true,"href":"https:\/\/taizyagromachine.com\/pt\/wp-json\/wp\/v2\/tags?post=4760"},{"taxonomy":"product-type","embeddable":true,"href":"https:\/\/taizyagromachine.com\/pt\/wp-json\/wp\/v2\/product-type?post=4760"}],"curies":[{"name":"wp","href":"https:\/\/api.w.org\/{rel}","templated":true}]}}