{"id":4805,"date":"2023-03-16T14:52:19","date_gmt":"2023-03-16T06:52:19","guid":{"rendered":"https:\/\/taizyagromachine.com\/?post_type=product&#038;p=4805"},"modified":"2023-03-16T17:13:23","modified_gmt":"2023-03-16T09:13:23","slug":"grain-milling-machine-for-corn-chilli-beans-grass","status":"publish","type":"product","link":"https:\/\/taizyagromachine.com\/pt\/product\/grain-milling-machine-for-corn-chilli-beans-grass\/","title":{"rendered":"M\u00e1quina fresadora de gr\u00e3os de a\u00e7o inoxid\u00e1vel para milho, pimenta, feij\u00e3o, grama"},"content":{"rendered":"<p class=\"translation-block\">Esta m\u00e1quina de moagem de gr\u00e3os em a\u00e7o inoxid\u00e1vel foi especialmente concebida para moer v\u00e1rios gr\u00e3os, a fim de obter um p\u00f3 fino. E este <a href=\"https:\/\/taizyagromachine.com\/pt\/product\/disk-mill-machine\/\" target=\"_blank\" rel=\"noreferrer noopener\">moinho de gr\u00e3os<\/a> \u00e9 utilizado para uma vasta gama de aplica\u00e7\u00f5es, como milho, trigo, arroz, especiarias, malagueta, pimenta preta, feij\u00e3o, gr\u00e3os de caf\u00e9, gengibre, ervas, doces, etc. <\/p>    <p> Nossa m\u00e1quina moinho de milho \u00e9 de bom desempenho e qualidade, simples e f\u00e1cil de operar e muito f\u00e1cil de usar. Al\u00e9m disso, a nossa fresadora de milho \u00e9 frequentemente exportada por grosso, e os distribuidores e retalhistas muitas vezes importam-nos do nosso lado para vendas locais e actividades de retalho, como na Nig\u00e9ria. Portanto, se voc\u00ea desenvolve atividades relacionadas, n\u00e3o hesite em nos contatar e lhe apresentaremos a melhor oferta!<\/p>    <h2 class=\"wp-block-heading\"><strong>Tipos de fresadora de gr\u00e3os da Taizy Machinery<\/strong><\/h2>    <p class=\"translation-block\">Como <a href=\"https:\/\/taizyagromachine.com\/pt\/\" target=\"_blank\" rel=\"noreferrer noopener\">fabricante e fornecedor profissional de m\u00e1quinas de moagem<\/a>, temos diferentes tipos de moinhos de milho para venda. Moinho de gr\u00e3os el\u00e9trico, moinho de milho a gasolina, triturador pequeno s\u00e3o apresentados abaixo para sua refer\u00eancia.<\/p>    <p class=\"translation-block\"><strong>M\u00e1quina de moagem de milho a gasolina<\/strong>:<\/p>    <figure class=\"wp-block-gallery aligncenter has-nested-images columns-4 is-cropped wp-block-gallery-2 is-layout-flex wp-block-gallery-is-layout-flex\"> <figure class=\"wp-block-image size-large\"><img loading=\"lazy\" decoding=\"async\" width=\"540\" height=\"720\" data-id=\"4835\" src=\"https:\/\/taizyagromachine.com\/wp-content\/uploads\/2023\/03\/gasoline-grain-grinding-machine-1.webp\" alt=\"m\u00e1quina de moer gr\u00e3os a gasolina-1\" class=\"wp-image-4835\"\/><figcaption class=\"wp-element-caption\">m\u00e1quina de moer gr\u00e3os a gasolina-1<\/figcaption><\/figure>    <figure class=\"wp-block-image size-large\"><img loading=\"lazy\" decoding=\"async\" width=\"540\" height=\"720\" data-id=\"4836\" src=\"https:\/\/taizyagromachine.com\/wp-content\/uploads\/2023\/03\/gasoline-grain-grinding-machine-2.webp\" alt=\"m\u00e1quina de moer gr\u00e3os a gasolina-2\" class=\"wp-image-4836\"\/><figcaption class=\"wp-element-caption\">m\u00e1quina de moer gr\u00e3os a gasolina-2<\/figcaption><\/figure>    <figure class=\"wp-block-image size-large\"><img loading=\"lazy\" decoding=\"async\" width=\"540\" height=\"720\" data-id=\"4838\" src=\"https:\/\/taizyagromachine.com\/wp-content\/uploads\/2023\/03\/gasoline-grain-grinding-machine-3.webp\" alt=\"m\u00e1quina de moer gr\u00e3os a gasolina-3\" class=\"wp-image-4838\"\/><figcaption class=\"wp-element-caption\">m\u00e1quina de moer gr\u00e3os a gasolina-3<\/figcaption><\/figure>    <figure class=\"wp-block-image size-large\"><img loading=\"lazy\" decoding=\"async\" width=\"540\" height=\"720\" data-id=\"4837\" src=\"https:\/\/taizyagromachine.com\/wp-content\/uploads\/2023\/03\/gasoline-grain-grinding-machine-4.webp\" alt=\"m\u00e1quina de moer gr\u00e3os a gasolina-4\" class=\"wp-image-4837\"\/><figcaption class=\"wp-element-caption\">m\u00e1quina de moer gr\u00e3os a gasolina-4<\/figcaption><\/figure> <\/figure>    <p class=\"translation-block\"><strong>M\u00e1quina de moagem de gr\u00e3os em a\u00e7o inoxid\u00e1vel el\u00e9trica<\/strong>:<\/p>   <div class=\"wp-block-image\"> <figure class=\"aligncenter size-full\"><img loading=\"lazy\" decoding=\"async\" width=\"720\" height=\"540\" src=\"https:\/\/taizyagromachine.com\/wp-content\/uploads\/2023\/03\/electric-driven-milling-machine.webp\" alt=\"fresadora el\u00e9trica\" class=\"wp-image-4842\"\/><figcaption class=\"wp-element-caption\">fresadora el\u00e9trica<\/figcaption><\/figure> <\/div>   <p class=\"translation-block\"><strong>Moinho de milho pequeno para venda por grosso<\/strong>:<\/p>   <div class=\"wp-block-image\"> <figure class=\"aligncenter size-full\"><img loading=\"lazy\" decoding=\"async\" width=\"720\" height=\"540\" src=\"https:\/\/taizyagromachine.com\/wp-content\/uploads\/2023\/03\/mini-grain-milling-machine.webp\" alt=\"mini fresadora de gr\u00e3os\" class=\"wp-image-4844\"\/><figcaption class=\"wp-element-caption\">mini fresadora de gr\u00e3os<\/figcaption><\/figure> <\/div>   <h2 class=\"wp-block-heading\"><strong>Estrutura da fresadora comercial de gr\u00e3os para venda<\/strong><\/h2>    <div class=\"wp-block-media-text alignwide is-stacked-on-mobile\"><figure class=\"wp-block-media-text__media\"><img loading=\"lazy\" decoding=\"async\" width=\"720\" height=\"540\" src=\"https:\/\/taizyagromachine.com\/wp-content\/uploads\/2023\/03\/structure-of-maize-milling-machine.webp\" alt=\"estrutura da fresadora de milho\" class=\"wp-image-4827 size-full\"\/><\/figure><div class=\"wp-block-media-text__content\"> <p class=\"translation-block\">A estrutura geral do <a href=\"https:\/\/cornmachines.com\/disk-mill-machine\/\" target=\"_blank\" rel=\"noreferrer noopener\">moinho de milho<\/a> \u00e9 muito simples e clara, o utilizador pode compreender facilmente como oper\u00e1-la.<\/p>    <figure class=\"wp-block-table\"><table><tbody><tr><td>S\/N<\/td><td>Nome da pe\u00e7a da m\u00e1quina<\/td><\/tr><tr><td>1<\/td><td>Entrada<\/td><\/tr><tr><td>2<\/td><td>Ajuste de velocidade<\/td><\/tr><tr><td>3<\/td><td>Porca solta<\/td><\/tr><tr><td>4<\/td><td>Cavidade de esmagamento<\/td><\/tr><tr><td>5<\/td><td>Bot\u00e3o de troca<\/td><\/tr><tr><td>6<\/td><td>Tomada<\/td><\/tr><\/tbody><\/table><\/figure> <\/div><\/div>    <h2 class=\"wp-block-heading\"><strong>Aplica\u00e7\u00f5es do Moedor El\u00e9trico de Gr\u00e3os<\/strong><\/h2>    <figure class=\"wp-block-gallery aligncenter has-nested-images columns-default is-cropped wp-block-gallery-3 is-layout-flex wp-block-gallery-is-layout-flex\"> <figure class=\"wp-block-image size-large\"><img loading=\"lazy\" decoding=\"async\" width=\"720\" height=\"540\" data-id=\"4824\" src=\"https:\/\/taizyagromachine.com\/wp-content\/uploads\/2023\/03\/applications-of-grain-corn-milling-machine.webp\" alt=\"aplica\u00e7\u00f5es da fresadora de gr\u00e3os de milho\" class=\"wp-image-4824\"\/><figcaption class=\"wp-element-caption\">aplica\u00e7\u00f5es da fresadora de gr\u00e3os de milho<\/figcaption><\/figure>    <figure class=\"wp-block-image size-large\"><img loading=\"lazy\" decoding=\"async\" width=\"720\" height=\"540\" data-id=\"4823\" src=\"https:\/\/taizyagromachine.com\/wp-content\/uploads\/2023\/03\/applications-of-milling-machine.webp\" alt=\"aplica\u00e7\u00f5es de fresadora\" class=\"wp-image-4823\"\/><figcaption class=\"wp-element-caption\">aplica\u00e7\u00f5es de fresadora<\/figcaption><\/figure> <\/figure>    <p>Esta fresadora de gr\u00e3os tem uma ampla gama de aplica\u00e7\u00f5es, como feij\u00e3o, pimenta preta, pimenta, gr\u00e3os de cacau, gengibre, temperos, milho, grama, trigo, arroz, ervas, etc. <\/p>    <p>Pode haver outros que n\u00e3o est\u00e3o listados, enfim, se voc\u00ea quiser triturar materiais, pode usar nosso moedor. Se voc\u00ea tem essa necessidade, entre em contato conosco agora!<\/p>    <h2 class=\"wp-block-heading\"><strong>Princ\u00edpio de funcionamento da m\u00e1quina moedora de gr\u00e3os Taizy<\/strong><\/h2>    <p>Com alta velocidade, esta retificadora comercial utiliza o movimento relativo entre o disco dent\u00e1rio m\u00f3vel e o disco dent\u00e1rio fixo, para esmagar os materiais por impacto dent\u00e1rio, cisalhamento, fric\u00e7\u00e3o e colis\u00e3o.<\/p>    <figure class=\"wp-block-gallery aligncenter has-nested-images columns-default is-cropped wp-block-gallery-4 is-layout-flex wp-block-gallery-is-layout-flex\"> <figure class=\"wp-block-image size-full\"><img loading=\"lazy\" decoding=\"async\" width=\"720\" height=\"540\" data-id=\"4833\" src=\"https:\/\/taizyagromachine.com\/wp-content\/uploads\/2023\/03\/blades-of-grain-maize-milling-machine.webp\" alt=\"l\u00e2minas de m\u00e1quina de moagem de milho\" class=\"wp-image-4833\"\/><figcaption class=\"wp-element-caption\">l\u00e2minas de m\u00e1quina de moagem de milho<\/figcaption><\/figure>    <figure class=\"wp-block-image size-full\"><img loading=\"lazy\" decoding=\"async\" width=\"720\" height=\"540\" data-id=\"4831\" src=\"https:\/\/taizyagromachine.com\/wp-content\/uploads\/2023\/03\/internal-part-of-grain-milling-machine.webp\" alt=\"parte interna da fresadora de gr\u00e3os\" class=\"wp-image-4831\"\/><figcaption class=\"wp-element-caption\">parte interna da fresadora de gr\u00e3os<\/figcaption><\/figure> <\/figure>   <div class=\"wp-block-image\"> <figure class=\"aligncenter size-full\"><img loading=\"lazy\" decoding=\"async\" width=\"720\" height=\"400\" src=\"https:\/\/taizyagromachine.com\/wp-content\/uploads\/2023\/03\/sieves.webp\" alt=\"peneiras\" class=\"wp-image-4834\"\/><figcaption class=\"wp-element-caption\">peneiras<\/figcaption><\/figure> <\/div>   <p>Esta m\u00e1quina possui uma estrutura simples, opera\u00e7\u00e3o suave, baixo ru\u00eddo e bom efeito de esmagamento. Ap\u00f3s a britagem, o material \u00e9 descarregado diretamente da c\u00e2mara de britagem. O tamanho do tamanho das part\u00edculas pode ser alcan\u00e7ado selecionando diferentes telas.<\/p>    <h2 class=\"wp-block-heading\"><strong>Que tal o pre\u00e7o da fresadora de gr\u00e3os? <\/strong><\/h2>    <p>Temos v\u00e1rios tipos de m\u00e1quinas trituradoras de gr\u00e3os e podemos moer v\u00e1rios tipos de gr\u00e3os. Se voc\u00ea deseja saber o pre\u00e7o dessas m\u00e1quinas, primeiro precisa saber que tipo de material deseja triturar. Como os produtos s\u00e3o diferentes, a fresadora de gr\u00e3os de milho\/trigo escolhida ser\u00e1 diferente. O pre\u00e7o da fresadora de gr\u00e3os tamb\u00e9m \u00e9 diferente. <\/p>    <p>Em segundo lugar, a finalidade, como moedor de milho para ra\u00e7\u00e3o de frango. De acordo com os diferentes usos do cliente, nosso profissional recomenda a m\u00e1quina que combina com o cliente, diferentes configura\u00e7\u00f5es de tela para diferentes m\u00e1quinas, ent\u00e3o o pre\u00e7o naturalmente n\u00e3o \u00e9 o mesmo. <\/p>    <p>Al\u00e9m disso, o pa\u00eds de destino. Isso \u00e9 afetado principalmente pelo frete mar\u00edtimo internacional, ao mesmo tempo que o frete de diferentes destinos tamb\u00e9m \u00e9 diferente, ent\u00e3o o pre\u00e7o geral da m\u00e1quina tamb\u00e9m \u00e9 diferente.<\/p>    <p>Claro, o pre\u00e7o da fresadora de gr\u00e3os tamb\u00e9m \u00e9 afetado por outros aspectos, como a compra de acess\u00f3rios da m\u00e1quina, o tempo de compra da m\u00e1quina, a quantidade de compra da m\u00e1quina, etc. , N\u00e3o hesite em nos contatar! Forneceremos a voc\u00ea a melhor solu\u00e7\u00e3o.<\/p>    <h2 class=\"wp-block-heading\"><strong>Perguntas frequentes sobre fresadora de gr\u00e3os para venda<\/strong><\/h2>   <div id=\"rank-math-faq\" class=\"rank-math-block\"> <div class=\"rank-math-list\"> <div id=\"faq-question-1678949494900\" class=\"rank-math-list-item\"> <h3 class=\"rank-math-question\">1. Quais podem ser as mat\u00e9rias-primas para o moedor de milho em gr\u00e3o?<\/h3> <div class=\"rank-math-answer\">  <p>Gr\u00e3os e cereais, pimenta e outras categorias de temperos, inhame e outros ingredientes s\u00f3lidos.<\/p>  <\/div> <\/div> <div id=\"faq-question-1678949592861\" class=\"rank-math-list-item\"> <h3 class=\"rank-math-question\">2. Qual \u00e9 a aspereza do produto acabado?<\/h3> <div class=\"rank-math-answer\">  <p>Geralmente em malha 20-40.<\/p>  <\/div> <\/div> <div id=\"faq-question-1678949651997\" class=\"rank-math-list-item\"> <h3 class=\"rank-math-question\">3. Que tal o material da m\u00e1quina trituradora de gr\u00e3os?<\/h3> <div class=\"rank-math-answer\">  <p>A\u00e7o inoxid\u00e1vel 304.<\/p>  <\/div> <\/div> <div id=\"faq-question-1678949760637\" class=\"rank-math-list-item\"> <h3 class=\"rank-math-question\">4. Se a voltagem n\u00e3o corresponder ao meu pa\u00eds, voc\u00ea pode alter\u00e1-la?<\/h3> <div class=\"rank-math-answer\">  <p>Sim claro. Podemos personalizar a tens\u00e3o da m\u00e1quina para seu uso conveniente. <\/p>  <\/div> <\/div> <div id=\"faq-question-1678949842052\" class=\"rank-math-list-item\"> <h3 class=\"rank-math-question\">5. Qual \u00e9 a capacidade da m\u00e1quina trituradora de gr\u00e3os?<\/h3> <div class=\"rank-math-answer\">  <p>Existem muitas capacidades de produ\u00e7\u00e3o, e podemos aconselhar a mais adequada de acordo com as suas necessidades<\/p>  <\/div> <\/div> <\/div> <\/div>   <h2 class=\"wp-block-heading\"><strong>Par\u00e2metros t\u00e9cnicos do moedor de gr\u00e3os <\/strong><\/h2>    <figure class=\"wp-block-gallery aligncenter has-nested-images columns-default is-cropped wp-block-gallery-5 is-layout-flex wp-block-gallery-is-layout-flex\"> <figure class=\"wp-block-image size-large\"><img loading=\"lazy\" decoding=\"async\" width=\"720\" height=\"540\" data-id=\"4813\" src=\"https:\/\/taizyagromachine.com\/wp-content\/uploads\/2023\/03\/small-corn-milling-machine.webp\" alt=\"pequena fresadora de milho\" class=\"wp-image-4813\"\/><figcaption class=\"wp-element-caption\">pequena fresadora de milho<\/figcaption><\/figure>    <figure class=\"wp-block-image size-large\"><img loading=\"lazy\" decoding=\"async\" width=\"720\" height=\"540\" data-id=\"4812\" src=\"https:\/\/taizyagromachine.com\/wp-content\/uploads\/2023\/03\/electric-grain-grinding-machine.webp\" alt=\"m\u00e1quina el\u00e9trica de moer gr\u00e3os\" class=\"wp-image-4812\"\/><figcaption class=\"wp-element-caption\">m\u00e1quina el\u00e9trica de moer gr\u00e3os<\/figcaption><\/figure> <\/figure>    <figure class=\"wp-block-table\"><table><tbody><tr><td><strong>Modelo<\/strong><strong><\/strong><\/td><td><strong>HAO-1200<\/strong><strong><\/strong><\/td><td><strong>HAO-2200<\/strong><strong><\/strong><\/td><td><strong>HAO-3000<\/strong><strong><\/strong><\/td><\/tr><tr><td>Pot\u00eancia (kW)<\/td><td>1. 1<\/td><td>2.2<\/td><td>3<\/td><\/tr><tr><td>Velocidade de rota\u00e7\u00e3o<\/td><td>1400 r\/min<\/td><td>1420 rpm<\/td><td>1420 r\/min<\/td><\/tr><tr><td>\u00a0Finura (malha)<\/td><td>\u00a050-200<\/td><td>\u00a050-200<\/td><td>\u00a050-200<\/td><\/tr><tr><td>Capacidade (kg\/h)<\/td><td>15-40<\/td><td>30-50<\/td><td>30-60<\/td><\/tr><tr><td>Finura (malha)<\/td><td>50-200<\/td><td>50-200<\/td><td>50-200<\/td><\/tr><tr><td>Tamanho (cm)<\/td><td>47*22*34<\/td><td>55*28*41<\/td><td>60*30*46<\/td><\/tr><tr><td>Peso (kg)<\/td><td>30<\/td><td>40<\/td><td>48<\/td><\/tr><\/tbody><\/table><figcaption class=\"wp-element-caption\">especifica\u00e7\u00f5es do pequeno triturador de gr\u00e3os de a\u00e7o inoxid\u00e1vel<\/figcaption><\/figure>   <div class=\"wp-block-image\"> <figure class=\"aligncenter size-full\"><img loading=\"lazy\" decoding=\"async\" width=\"1000\" height=\"350\" src=\"https:\/\/taizyagromachine.com\/wp-content\/uploads\/2023\/03\/grain-milling-machine-for-sale.webp\" alt=\"Vendo fresadora de gr\u00e3os\" class=\"wp-image-4815\"\/><figcaption class=\"wp-element-caption\">Vendo fresadora de gr\u00e3os<\/figcaption><\/figure> <\/div>   <figure class=\"wp-block-table\"><table><tbody><tr><td><strong>Modelo<\/strong><strong><\/strong><\/td><td><strong>15B<\/strong><strong><\/strong><\/td><td><strong>20B<\/strong><strong><\/strong><\/td><td><strong>30B<\/strong><strong><\/strong><\/td><td><strong>40B<\/strong><strong><\/strong><\/td><td><strong>50B<\/strong><strong><\/strong><\/td><\/tr><tr><td>Material<\/td><td>SUS 304<\/td><td>SUS 304<\/td><td>SUS 304<\/td><td>SUS 304<\/td><td>SUS 304<\/td><\/tr><tr><td>Capacidade (kg\/h)<\/td><td>10-60<\/td><td>60-150<\/td><td>100-300<\/td><td>160-800<\/td><td>500-1500<\/td><\/tr><tr><td>Tamanho do material (mm)<\/td><td>&lt;8<\/td><td>&lt;8<\/td><td>&lt;10<\/td><td>&lt;12<\/td><td>&lt;14<\/td><\/tr><tr><td>Finura (malha)<\/td><td>20-120<\/td><td>20-120<\/td><td>20-120<\/td><td>20-120<\/td><td>20-120<\/td><\/tr><tr><td>Pot\u00eancia (kW)<\/td><td>2.2<\/td><td>4<\/td><td>7.5<\/td><td>11<\/td><td>18.5<\/td><\/tr><tr><td>Velocidade de rota\u00e7\u00e3o (r\/min)<\/td><td>6000<\/td><td>4500<\/td><td>3800<\/td><td>3400<\/td><td>3200<\/td><\/tr><tr><td>Tamanho (mm)<\/td><td>550*6000*1000<\/td><td>600*550*1250<\/td><td>700*600*1450<\/td><td>900*800*1550<\/td><td>1000*900*1680<\/td><\/tr><tr><td>Peso (kg)<\/td><td>150<\/td><td>280<\/td><td>340<\/td><td>450<\/td><td>530<\/td><\/tr><\/tbody><\/table><figcaption class=\"wp-element-caption\">especifica\u00e7\u00f5es da m\u00e1quina de moagem de gr\u00e3os<\/figcaption><\/figure>    <h2 class=\"wp-block-heading\"><strong>V\u00eddeo da m\u00e1quina de moinho de farinha de gr\u00e3os Taizy - Como moer gr\u00e3os em p\u00f3 fino?<\/strong><\/h2>    <figure class=\"wp-block-embed is-type-video is-provider-youtube wp-block-embed-youtube wp-embed-aspect-16-9 wp-has-aspect-ratio\"><div class=\"wp-block-embed__wrapper\"> <iframe loading=\"lazy\" title=\"2023 \u00d3timo moedor de a\u00e7o inoxid\u00e1vel para milho, pimenta, grama, gr\u00e3os de caf\u00e9, etc. - Obtenha p\u00f3 fino!\" width=\"500\" height=\"281\" src=\"https:\/\/www.youtube.com\/embed\/kJSP-Rn9kTM?start=17&#038;feature=oembed\" frameborder=\"0\" allow=\"accelerometer; autoplay; clipboard-write; encrypted-media; gyroscope; picture-in-picture; web-share\" referrerpolicy=\"strict-origin-when-cross-origin\" allowfullscreen><\/iframe> <\/div><\/figure>    <p><\/p>","protected":false},"excerpt":{"rendered":"<p>This stainless steel grain milling machine is specially designed for grinding various grains in order to obtain a fine powder. And this grain mill grinder is used for a wide arrange of applications, such as corn, wheat, rice, spices, chili, black pepper, beans, coffee beans, ginger, herbs, candy, etc. Our corn mill machine is of [&hellip;]<\/p>\n","protected":false},"author":1,"featured_media":4820,"parent":0,"template":"","tags":[216],"product-type":[17],"class_list":["post-4805","product","type-product","status-publish","has-post-thumbnail","hentry","tag-grain-milling-machine","product-type-corn-machine"],"_links":{"self":[{"href":"https:\/\/taizyagromachine.com\/pt\/wp-json\/wp\/v2\/product\/4805","targetHints":{"allow":["GET"]}}],"collection":[{"href":"https:\/\/taizyagromachine.com\/pt\/wp-json\/wp\/v2\/product"}],"about":[{"href":"https:\/\/taizyagromachine.com\/pt\/wp-json\/wp\/v2\/types\/product"}],"author":[{"embeddable":true,"href":"https:\/\/taizyagromachine.com\/pt\/wp-json\/wp\/v2\/users\/1"}],"wp:featuredmedia":[{"embeddable":true,"href":"https:\/\/taizyagromachine.com\/pt\/wp-json\/wp\/v2\/media\/4820"}],"wp:attachment":[{"href":"https:\/\/taizyagromachine.com\/pt\/wp-json\/wp\/v2\/media?parent=4805"}],"wp:term":[{"taxonomy":"post_tag","embeddable":true,"href":"https:\/\/taizyagromachine.com\/pt\/wp-json\/wp\/v2\/tags?post=4805"},{"taxonomy":"product-type","embeddable":true,"href":"https:\/\/taizyagromachine.com\/pt\/wp-json\/wp\/v2\/product-type?post=4805"}],"curies":[{"name":"wp","href":"https:\/\/api.w.org\/{rel}","templated":true}]}}