{"id":5581,"date":"2023-07-06T14:19:40","date_gmt":"2023-07-06T06:19:40","guid":{"rendered":"https:\/\/taizyagromachine.com\/?post_type=product&#038;p=5581"},"modified":"2023-07-06T15:08:49","modified_gmt":"2023-07-06T07:08:49","slug":"multi-purpose-corn-shelling-machine","status":"publish","type":"product","link":"https:\/\/taizyagromachine.com\/pt\/product\/multi-purpose-corn-shelling-machine\/","title":{"rendered":"M\u00e1quina multifuncional para descascar milho"},"content":{"rendered":"<p class=\"translation-block\">A m\u00e1quina de debulha de milho multifuncional desempenha um papel importante na \u00e1rea de debulha de culturas como um equipamento agr\u00edcola eficiente e multifuncional. Ela possui as vantagens de alta efici\u00eancia e velocidade, versatilidade, facilidade de opera\u00e7\u00e3o e confiabilidade e durabilidade, o que n\u00e3o s\u00f3 melhora a produtividade e a produ\u00e7\u00e3o, mas tamb\u00e9m economiza custos e recursos humanos. A <a href=\"https:\/\/taizyagromachine.com\/pt\/product\/multifunctional-thresher\/\" target=\"_blank\" rel=\"noreferrer noopener\">m\u00e1quina de debulha multifuncional<\/a> tamb\u00e9m oferece aos agricultores flexibilidade e suporte t\u00e9cnico para ajud\u00e1-los a alcan\u00e7ar maior sucesso na produ\u00e7\u00e3o agr\u00edcola.<\/p>    <h2 class=\"wp-block-heading\"><strong>V\u00eddeo de introdu\u00e7\u00e3o da m\u00e1quina multifuncional para descascar milho<\/strong><\/h2>    <figure class=\"wp-block-embed is-type-video is-provider-youtube wp-block-embed-youtube wp-embed-aspect-16-9 wp-has-aspect-ratio\"><div class=\"wp-block-embed__wrapper\"> <iframe loading=\"lazy\" title=\"Nova Debulhadora Multifuncional! Para Milho, Soja, Sorgo, Milheto, Gr\u00e3o! #agr\u00edcolam\u00e1quinas\" width=\"500\" height=\"281\" src=\"https:\/\/www.youtube.com\/embed\/8Sj62tTGXfY?feature=oembed\" frameborder=\"0\" allow=\"accelerometer; autoplay; clipboard-write; encrypted-media; gyroscope; picture-in-picture; web-share\" referrerpolicy=\"strict-origin-when-cross-origin\" allowfullscreen><\/iframe> <\/div><\/figure>    <h2 class=\"wp-block-heading\"><strong>O que \u00e9 a m\u00e1quina multifuncional para descascar milho?<\/strong><\/h2>    <p class=\"translation-block\">A m\u00e1quina de debulha de milho multifuncional \u00e9 um dispositivo mec\u00e2nico para debulhar culturas com m\u00faltiplas fun\u00e7\u00f5es e aplica\u00e7\u00f5es. Sua fun\u00e7\u00e3o principal \u00e9 separar o gr\u00e3o do gr\u00e3o inteiro e remover as capas e impurezas para obter um produto de gr\u00e3o puro. \u00c9 amplamente utilizada para debulhar milho, trigo, soja, milheto e muitos outros gr\u00e3os. A <a href=\"https:\/\/taizyagromachine.com\/pt\/product\/corn-threshing-machine\/\" target=\"_blank\" rel=\"noreferrer noopener\">m\u00e1quina de debulha de m\u00faltiplos gr\u00e3os<\/a> pode melhorar significativamente a efici\u00eancia da debulha e economizar custos de m\u00e3o de obra e tempo. \u00c9 uma boa ajudante para ajudar a maioria dos agricultores com a debulha.<\/p>    <figure class=\"wp-block-gallery aligncenter has-nested-images columns-4 is-cropped wp-block-gallery-2 is-layout-flex wp-block-gallery-is-layout-flex\"> <figure class=\"wp-block-image size-large\"><img loading=\"lazy\" decoding=\"async\" width=\"720\" height=\"540\" data-id=\"5593\" src=\"https:\/\/taizyagromachine.com\/wp-content\/uploads\/2023\/07\/multi-purpose-corn-sheller-machine.webp\" alt=\"m\u00e1quina descascadora de milho multiuso\" class=\"wp-image-5593\"\/><figcaption class=\"wp-element-caption\">m\u00e1quina descascadora de milho multiuso<\/figcaption><\/figure>    <figure class=\"wp-block-image size-large\"><img loading=\"lazy\" decoding=\"async\" width=\"720\" height=\"540\" data-id=\"5592\" src=\"https:\/\/taizyagromachine.com\/wp-content\/uploads\/2023\/07\/multifunctional-corn-shelling-machine.webp\" alt=\"m\u00e1quina multifuncional de descascar milho\" class=\"wp-image-5592\"\/><figcaption class=\"wp-element-caption\">m\u00e1quina multifuncional de descascar milho<\/figcaption><\/figure>    <figure class=\"wp-block-image size-large\"><img loading=\"lazy\" decoding=\"async\" width=\"720\" height=\"540\" data-id=\"5590\" src=\"https:\/\/taizyagromachine.com\/wp-content\/uploads\/2023\/07\/multifunctional-corn-thresher.webp\" alt=\"debulhador de milho multifuncional\" class=\"wp-image-5590\"\/><figcaption class=\"wp-element-caption\">debulhador de milho multifuncional<\/figcaption><\/figure>    <figure class=\"wp-block-image size-large\"><img loading=\"lazy\" decoding=\"async\" width=\"720\" height=\"540\" data-id=\"5591\" src=\"https:\/\/taizyagromachine.com\/wp-content\/uploads\/2023\/07\/multifunctional-thresher.webp\" alt=\"debulhador multifuncional\" class=\"wp-image-5591\"\/><figcaption class=\"wp-element-caption\">debulhador multifuncional<\/figcaption><\/figure> <\/figure>    <p>Este tipo de m\u00e1quina possui dispon\u00edveis MT-860 e MT-1200, que possuem as mesmas fun\u00e7\u00f5es e aplica\u00e7\u00f5es. Mas a capacidade \u00e9 diferente. Al\u00e9m disso, esses dois tipos podem usar o motor diesel, o motor el\u00e9trico e o motor a gasolina para fazer a m\u00e1quina funcionar.<\/p>    <h2 class=\"wp-block-heading\"><strong>Estrutura da m\u00e1quina debulhadora de gr\u00e3os m\u00faltiplos<\/strong><\/h2>   <div class=\"wp-block-image\"> <figure class=\"aligncenter size-full\"><img loading=\"lazy\" decoding=\"async\" width=\"720\" height=\"540\" src=\"https:\/\/taizyagromachine.com\/wp-content\/uploads\/2023\/07\/structure-of-multi-corn-shelling-machine.webp\" alt=\"estrutura da m\u00e1quina de descascar multi milho\" class=\"wp-image-5586\"\/><figcaption class=\"wp-element-caption\">estrutura da m\u00e1quina de descascar multi milho<\/figcaption><\/figure> <\/div>   <figure class=\"wp-block-table\"><table><tbody><tr><td>S\/N<\/td><td>Nome da pe\u00e7a da m\u00e1quina<\/td><\/tr><tr><td>1<\/td><td>Entrada de milho<\/td><\/tr><tr><td>2<\/td><td>Sa\u00edda de espiga e casca de milho<\/td><\/tr><tr><td>3<\/td><td>Motor a gas\u00f3leo<\/td><\/tr><tr><td>4<\/td><td>Quadro<\/td><\/tr><tr><td>5<\/td><td>Rodas grandes<\/td><\/tr><tr><td>6<\/td><td>Sa\u00edda de sementes de milho<\/td><\/tr><tr><td>7<\/td><td>Sa\u00edda de impurezas<\/td><\/tr><\/tbody><\/table><figcaption class=\"wp-element-caption\">composi\u00e7\u00e3o da debulhadora multifuncional<\/figcaption><\/figure>    <h2 class=\"wp-block-heading\"><strong>Projeto de m\u00e1quina descascadora de milho multifuncional<\/strong><\/h2>    <p class=\"translation-block\">Esta m\u00e1quina foi concebida para satisfazer as necessidades dos clientes, e os destaques s\u00e3o as rodas grandes e a estrutura. O design com rodas grandes e estrutura melhora a estabilidade e mobilidade da <a href=\"https:\/\/taizyagromachine.com\/pt\/product\/multifunctional-thresher\/\" target=\"_blank\" rel=\"noreferrer noopener\">debulhadora multifuncional<\/a>. <\/p>    <div class=\"wp-block-columns is-layout-flex wp-container-core-columns-is-layout-9d6595d7 wp-block-columns-is-layout-flex\"> <div class=\"wp-block-column is-layout-flow wp-block-column-is-layout-flow\"> <p class=\"has-cyan-bluish-gray-background-color has-background\">As rodas grandes podem se adaptar a diferentes terrenos e proporcionar grande dist\u00e2ncia ao solo, o que facilita a movimenta\u00e7\u00e3o da m\u00e1quina em terrenos agr\u00edcolas irregulares.<\/p> <\/div>    <div class=\"wp-block-column is-layout-flow wp-block-column-is-layout-flow\"> <p class=\"has-cyan-bluish-gray-background-color has-background\">A estrutura da estrutura pode fornecer suporte e equil\u00edbrio est\u00e1veis, tornando a m\u00e1quina mais forte e segura durante o trabalho.<\/p> <\/div> <\/div>    <p><\/p>    <h2 class=\"wp-block-heading\"><strong>Pe\u00e7as de desgaste para m\u00e1quina descascadora de milho multifuncional Taizy<\/strong><\/h2>   <div class=\"wp-block-image\"> <figure class=\"aligncenter size-full\"><img loading=\"lazy\" decoding=\"async\" width=\"720\" height=\"350\" src=\"https:\/\/taizyagromachine.com\/wp-content\/uploads\/2023\/07\/screen-for-multifunctional-thresher-machine.webp\" alt=\"tela para m\u00e1quina debulhadora multifuncional\" class=\"wp-image-5601\"\/><figcaption class=\"wp-element-caption\">tela para m\u00e1quina debulhadora multifuncional<\/figcaption><\/figure> <\/div>   <p>As pe\u00e7as de desgaste da debulhadora multifuncional incluem principalmente telas, correias, correntes e outros componentes. Com o uso prolongado, essas pe\u00e7as podem desgastar-se e precisam ser verificadas e substitu\u00eddas regularmente. A manuten\u00e7\u00e3o razo\u00e1vel e a substitui\u00e7\u00e3o oportuna de pe\u00e7as de desgaste podem prolongar a vida \u00fatil da debulhadora multifuncional e garantir seu trabalho cont\u00ednuo e eficiente.<\/p>    <h2 class=\"wp-block-heading\"><strong>Vantagens da m\u00e1quina multifuncional de descascamento de milho<\/strong><\/h2>    <ol class=\"wp-block-list\"> <li>Alta efici\u00eancia e velocidade: A debulhadora multifuncional \u00e9 capaz de debulhar colheitas em alta velocidade e efici\u00eancia, melhorando significativamente a produtividade e a produ\u00e7\u00e3o.<\/li>    <li>Versatilidade: Al\u00e9m da fun\u00e7\u00e3o de debulha, o descascador mazie multifuncional Taizy geralmente tamb\u00e9m possui fun\u00e7\u00f5es como descascar e separar impurezas, que podem atender \u00e0s necessidades de processamento de diferentes culturas.<\/li>    <li>Garantia de qualidade: O debulhador multigr\u00e3os pode separar com efici\u00eancia cascas, impurezas e gr\u00e3os para garantir a qualidade e pureza do produto final.<\/li>    <li>Flexibilidade: A m\u00e1quina multifuncional de descascar milho geralmente possui tr\u00eas motores dispon\u00edveis, que podem usar motores combinados para funcionar de acordo com a situa\u00e7\u00e3o local. <\/li>    <li>Economia de custos: A alta efici\u00eancia e multifuncionalidade da debulhadora multifuncional podem economizar custos de m\u00e3o de obra e tempo, melhorar a efici\u00eancia da produ\u00e7\u00e3o e reduzir os custos de processamento.<\/li>    <li>Confiabilidade e durabilidade: A m\u00e1quina de descascar milho Taizy utiliza materiais de alta qualidade e processos de fabrica\u00e7\u00e3o de precis\u00e3o, que apresentam boa durabilidade e estabilidade e podem funcionar de forma est\u00e1vel por um longo tempo.<\/li> <\/ol>    <h2 class=\"wp-block-heading\"><strong>O que afeta o pre\u00e7o da m\u00e1quina de descascar multi milho?<\/strong><\/h2>    <p class=\"translation-block\">O pre\u00e7o da <a href=\"https:\/\/cornmachines.com\/multifunctional-thresher-machine\/\" target=\"_blank\" rel=\"noreferrer noopener\">m\u00e1quina de debulha de milho multifuncional<\/a> \u00e9 afetado por muitos aspectos, como o modelo da m\u00e1quina, marca, etc. O primeiro \u00e9 o modelo e a especifica\u00e7\u00e3o da m\u00e1quina, o pre\u00e7o de uma m\u00e1quina de debulha de milho multifuncional varia de uma especifica\u00e7\u00e3o para outra. O segundo \u00e9 a marca e o fabricante da m\u00e1quina. Produtos de marcas conhecidas e fabricantes de alta qualidade geralmente t\u00eam pre\u00e7os relativamente mais altos. <\/p>    <figure class=\"wp-block-gallery aligncenter has-nested-images columns-default is-cropped wp-block-gallery-3 is-layout-flex wp-block-gallery-is-layout-flex\"> <figure class=\"wp-block-image size-full\"><img loading=\"lazy\" decoding=\"async\" width=\"720\" height=\"540\" data-id=\"5608\" src=\"https:\/\/taizyagromachine.com\/wp-content\/uploads\/2023\/07\/multifunctional-threshing-machine.webp\" alt=\"debulhadora multifuncional\" class=\"wp-image-5608\"\/><figcaption class=\"wp-element-caption\">debulhadora multifuncional<\/figcaption><\/figure>    <figure class=\"wp-block-image size-full\"><img loading=\"lazy\" decoding=\"async\" width=\"720\" height=\"540\" data-id=\"5607\" src=\"https:\/\/taizyagromachine.com\/wp-content\/uploads\/2023\/07\/multi-purpose-thresher-1.webp\" alt=\"debulhador multiuso\" class=\"wp-image-5607\"\/><figcaption class=\"wp-element-caption\">debulhador multiuso<\/figcaption><\/figure> <\/figure>    <p>Al\u00e9m disso, a oferta e a procura do mercado, o custo das mat\u00e9rias-primas, a dist\u00e2ncia de transporte, etc., tamb\u00e9m ter\u00e3o impacto no pre\u00e7o. Se voc\u00ea quiser saber mais detalhes, entre em contato conosco para mais detalhes!<\/p>    <h2 class=\"wp-block-heading\"><strong>Servi\u00e7o sobre M\u00e1quina Debulhadora Multifuncional Taizy<\/strong><\/h2>    <p>Taizy, como uma boa m\u00e1quina de descascar milho multifuncional de marcas conhecidas, oferecemos suporte t\u00e9cnico e servi\u00e7o p\u00f3s-venda. O suporte t\u00e9cnico abrangente e o servi\u00e7o p\u00f3s-venda podem garantir que voc\u00ea obtenha orienta\u00e7\u00e3o e solu\u00e7\u00f5es profissionais. Al\u00e9m disso, podemos fornecer suporte online, suporte de v\u00eddeo, manual, etc. Todos podem ajud\u00e1-lo a usar a m\u00e1quina de descascar milho sem problemas.  <\/p>    <h2 class=\"wp-block-heading\"><strong>Produ\u00e7\u00e3o, embalagem e entrega de m\u00e1quina descascadora de milho multifuncional<\/strong><\/h2>    <p>O processo de produ\u00e7\u00e3o da debulhadora multifuncional geralmente \u00e9 realizado em uma oficina especial. Na oficina, os trabalhadores processam e montam os componentes de acordo com o processo de produ\u00e7\u00e3o e os requisitos t\u00e9cnicos para garantir que a qualidade e o desempenho da m\u00e1quina atendam aos padr\u00f5es. <\/p>    <figure class=\"wp-block-gallery has-nested-images columns-default is-cropped wp-block-gallery-4 is-layout-flex wp-block-gallery-is-layout-flex\"> <figure class=\"wp-block-image size-full\"><img loading=\"lazy\" decoding=\"async\" width=\"720\" height=\"540\" data-id=\"5604\" src=\"https:\/\/taizyagromachine.com\/wp-content\/uploads\/2023\/07\/machine-production.webp\" alt=\"produ\u00e7\u00e3o de m\u00e1quinas\" class=\"wp-image-5604\"\/><figcaption class=\"wp-element-caption\">produ\u00e7\u00e3o de m\u00e1quinas<\/figcaption><\/figure>    <figure class=\"wp-block-image size-large\"><img loading=\"lazy\" decoding=\"async\" width=\"720\" height=\"540\" data-id=\"5603\" src=\"https:\/\/taizyagromachine.com\/wp-content\/uploads\/2023\/07\/machine-loading.webp\" alt=\"carregamento da m\u00e1quina\" class=\"wp-image-5603\"\/><figcaption class=\"wp-element-caption\">carregamento da m\u00e1quina<\/figcaption><\/figure>    <figure class=\"wp-block-image size-full\"><img loading=\"lazy\" decoding=\"async\" width=\"720\" height=\"540\" data-id=\"5605\" src=\"https:\/\/taizyagromachine.com\/wp-content\/uploads\/2023\/07\/loaded-machine-.webp\" alt=\"m\u00e1quina carregada\" class=\"wp-image-5605\"\/><figcaption class=\"wp-element-caption\">m\u00e1quina carregada<\/figcaption><\/figure> <\/figure>    <p>Assim que a produ\u00e7\u00e3o for conclu\u00edda, a m\u00e1quina multifuncional de descascar milho \u00e9 cuidadosamente embalada. A forma comum de embalagem \u00e9 usar caixas de madeira resistentes para proteger a m\u00e1quina contra danos e vibra\u00e7\u00f5es. Durante o transporte, a debulhadora multifuncional geralmente \u00e9 enviada inteira em um cont\u00eainer para garantir a entrega segura ao seu destino. Este m\u00e9todo de envio integral reduz o risco de danos e facilita as opera\u00e7\u00f5es de carga e descarga.<\/p>","protected":false},"excerpt":{"rendered":"<p>The multi purpose corn shelling machine plays an important role in the field of crop threshing as an efficient and multifunctional agricultural processing equipment. It has the advantages of high efficiency and speed, versatility, ease of operation and reliability and durability, which not only improves productivity and output, but also saves cost and human resources. [&hellip;]<\/p>\n","protected":false},"author":1,"featured_media":5584,"parent":0,"template":"","tags":[217],"product-type":[17],"class_list":["post-5581","product","type-product","status-publish","has-post-thumbnail","hentry","tag-corn-shelling-machine","product-type-corn-machine"],"_links":{"self":[{"href":"https:\/\/taizyagromachine.com\/pt\/wp-json\/wp\/v2\/product\/5581","targetHints":{"allow":["GET"]}}],"collection":[{"href":"https:\/\/taizyagromachine.com\/pt\/wp-json\/wp\/v2\/product"}],"about":[{"href":"https:\/\/taizyagromachine.com\/pt\/wp-json\/wp\/v2\/types\/product"}],"author":[{"embeddable":true,"href":"https:\/\/taizyagromachine.com\/pt\/wp-json\/wp\/v2\/users\/1"}],"wp:featuredmedia":[{"embeddable":true,"href":"https:\/\/taizyagromachine.com\/pt\/wp-json\/wp\/v2\/media\/5584"}],"wp:attachment":[{"href":"https:\/\/taizyagromachine.com\/pt\/wp-json\/wp\/v2\/media?parent=5581"}],"wp:term":[{"taxonomy":"post_tag","embeddable":true,"href":"https:\/\/taizyagromachine.com\/pt\/wp-json\/wp\/v2\/tags?post=5581"},{"taxonomy":"product-type","embeddable":true,"href":"https:\/\/taizyagromachine.com\/pt\/wp-json\/wp\/v2\/product-type?post=5581"}],"curies":[{"name":"wp","href":"https:\/\/api.w.org\/{rel}","templated":true}]}}