{"id":6061,"date":"2023-12-04T17:45:32","date_gmt":"2023-12-04T09:45:32","guid":{"rendered":"https:\/\/taizyagromachine.com\/?post_type=product&#038;p=6061"},"modified":"2023-12-04T17:45:34","modified_gmt":"2023-12-04T09:45:34","slug":"rice-combine-harvester","status":"publish","type":"product","link":"https:\/\/taizyagromachine.com\/pt\/product\/rice-combine-harvester\/","title":{"rendered":"Colheitadeira de arroz para arroz em casca de trigo com debulhador"},"content":{"rendered":"<p class=\"translation-block\">Este <strong>ceifeira de arroz<\/strong> (tamb\u00e9m chamada ceifeira de trigo, ceifeira pequena) \u00e9 um equipamento agr\u00edcola multifuncional que n\u00e3o s\u00f3 colhe culturas como arroz e trigo de forma eficiente, mas tamb\u00e9m possui uma fun\u00e7\u00e3o de debulha que separa as sementes do inv\u00f3lucro usando uma debulhadora integrada. Esta m\u00e1quina aumenta a produtividade agr\u00edcola devido \u00e0 sua ajustabilidade flex\u00edvel que lhe permite adaptar-se \u00e0 colheita em \u00e1reas montanhosas. Al\u00e9m desta pequena ceifeira, temos tamb\u00e9m <a href=\"https:\/\/taizyagromachine.com\/pt\/product\/wheat-thresher\/\">m\u00e1quina de debulhar para trigo e arroz<\/a>. Se estiver interessado, contacte-nos para mais detalhes!<\/p>    <h2 class=\"wp-block-heading\"><strong>Voc\u00ea conhece as pe\u00e7as e fun\u00e7\u00f5es da colheitadeira de arroz?<\/strong><\/h2>    <figure class=\"wp-block-gallery aligncenter has-nested-images columns-default is-cropped wp-block-gallery-2 is-layout-flex wp-block-gallery-is-layout-flex\"> <figure class=\"wp-block-image size-large\"><img loading=\"lazy\" decoding=\"async\" width=\"720\" height=\"540\" data-id=\"6064\" src=\"https:\/\/taizyagromachine.com\/wp-content\/uploads\/2023\/12\/rice-wheat-combine-harvester-structure.webp\" alt=\"estrutura de colheitadeira de trigo de arroz\" class=\"wp-image-6064\"\/><figcaption class=\"wp-element-caption\">estrutura de colheitadeira de trigo de arroz<\/figcaption><\/figure>    <figure class=\"wp-block-image size-large\"><img loading=\"lazy\" decoding=\"async\" width=\"720\" height=\"540\" data-id=\"6063\" src=\"https:\/\/taizyagromachine.com\/wp-content\/uploads\/2023\/12\/rice-combine-harvester-parts.webp\" alt=\"pe\u00e7as de colheitadeira de arroz\" class=\"wp-image-6063\"\/><figcaption class=\"wp-element-caption\">pe\u00e7as de colheitadeira de arroz<\/figcaption><\/figure> <\/figure>    <figure class=\"wp-block-table\"><table><tbody><tr><td>Partes da m\u00e1quina<\/td><td>Fun\u00e7\u00e3o<\/td><\/tr><tr><td><strong>Sistema de energia<\/strong><\/td><td>Combinado com motor diesel de marca mundial<br>Alta pot\u00eancia, forte pot\u00eancia<br>Alta efici\u00eancia na colheita, debulha e deslocamento<\/td><\/tr><tr><td><strong>Sistema de viagem<\/strong><\/td><td>Trilhos mais longos e mais largos, efeito anti-aprisionamento\/antiderrapagem mais not\u00e1vel<br>Equipado com farol LED super brilhante para colheita noturna<br>Imperme\u00e1vel e \u00e0 prova de areia, dur\u00e1vel<\/td><\/tr><tr><td><strong>Sistema de transporte<\/strong><\/td><td>Tambor de alimenta\u00e7\u00e3o mais alto para reduzir derramamentos<br>Mesa de corte rebaixada em 8 cm para facilitar a colheita de arroz an\u00e3o e trigo<br>Estrutura de alimenta\u00e7\u00e3o e transporte, evitando respingos e congestionamentos de transporte<\/td><\/tr><tr><td><strong>Sistema de debulha<\/strong><\/td><td>O tambor de debulha adota um design gradual, sem emperramento e maior efici\u00eancia de debulha<br>Excelente design de abertura de descarga de palha, descarga de palha mais suave<br>Design de tela de formato graduado, reduz derramamento, diminui a taxa de impurezas<\/td><\/tr><tr><td><strong>Sistema operacional<\/strong><\/td><td>Design exclusivo, estrutura simples, opera\u00e7\u00e3o mais segura<br>Estrutura multivelocidade, mais f\u00e1cil de operar<br>O efeito de estacionamento em encostas \u00edngremes \u00e9 melhor, sem derrapagem ao subir encostas<\/td><\/tr><\/tbody><\/table><figcaption class=\"wp-element-caption\">componentes e fun\u00e7\u00f5es da colheitadeira de arroz e trigo<\/figcaption><\/figure>    <h2 class=\"wp-block-heading\"><strong>Especifica\u00e7\u00f5es da colheitadeira de arroz<\/strong><\/h2>    <p>Como fabricante profissional de equipamentos agr\u00edcolas, nossa mini colheitadeira para trigo e arroz \u00e9 dividida em diferentes modelos de acordo com as diferentes faixas, mas todas podem ser utilizadas para colheita e debulha de arroz e trigo, a seguir est\u00e3o os par\u00e2metros espec\u00edficos para o seu refer\u00eancia.<\/p>    <figure class=\"wp-block-table\"><table><tbody><tr><td>Modelo<\/td><td>4LZ-1.05C<\/td><td>4LZ-1.05D<\/td><\/tr><tr><td>Tipo de rastreador<\/td><td>Rastreador plano<\/td><td>Rastreador triangular<\/td><\/tr><tr><td>Largura de corte<\/td><td>1100 mm<\/td><td>1100 mm<\/td><\/tr><tr><td>Dist\u00e2ncia m\u00ednima ao solo<\/td><td>190mm<\/td><td>190mm<\/td><\/tr><tr><td>Press\u00e3o m\u00e9dia no solo<\/td><td>10,9KPA<\/td><td>10,9KPA<\/td><\/tr><tr><td>Volume de alimenta\u00e7\u00e3o<\/td><td>1,05 kg\/s<\/td><td>1,05 kg\/s<\/td><\/tr><tr><td>Tamanho <\/td><td>3100*1440*1630mm<\/td><td>3100*1440*1630mm<\/td><\/tr><tr><td>Peso<\/td><td>570kg<\/td><td>570kg<\/td><\/tr><tr><td>Modelo de motor<\/td><td>KD1100FB DIESEL<\/td><td>KD1100FB DIESEL<\/td><\/tr><tr><td>M\u00e9todo inicial<\/td><td>Partida el\u00e9trica<\/td><td>Partida el\u00e9trica<\/td><\/tr><\/tbody><\/table><figcaption class=\"wp-element-caption\">mini colheitadeira de arroz e trigo<\/figcaption><\/figure>    <figure class=\"wp-block-gallery aligncenter has-nested-images columns-default is-cropped wp-block-gallery-3 is-layout-flex wp-block-gallery-is-layout-flex\"> <figure class=\"wp-block-image size-large\"><img loading=\"lazy\" decoding=\"async\" width=\"720\" height=\"540\" data-id=\"6066\" src=\"https:\/\/taizyagromachine.com\/wp-content\/uploads\/2023\/12\/wheat-combine-harvester-for-sale.webp\" alt=\"colheitadeira de trigo para venda\" class=\"wp-image-6066\"\/><figcaption class=\"wp-element-caption\">colheitadeira de trigo para venda<\/figcaption><\/figure>    <figure class=\"wp-block-image size-large\"><img loading=\"lazy\" decoding=\"async\" width=\"720\" height=\"540\" data-id=\"6065\" src=\"https:\/\/taizyagromachine.com\/wp-content\/uploads\/2023\/12\/rice-combine-harvester-for-sale.webp\" alt=\"colheitadeira de arroz para venda\" class=\"wp-image-6065\"\/><figcaption class=\"wp-element-caption\">colheitadeira de arroz para venda<\/figcaption><\/figure> <\/figure>    <h2 class=\"wp-block-heading\"><strong>Caracter\u00edsticas da pequena colheitadeira para arroz e trigo<\/strong><\/h2>    <ul class=\"wp-block-list\"> <li><strong>Design compacto<\/strong>: Devido \u00e0 pequena colheitadeira, esta colheitadeira de trigo se adapta a terras ar\u00e1veis \u200b\u200blimitadas. Sua constru\u00e7\u00e3o relativamente leve facilita o uso em campos confinados.<\/li>    <li><strong>Versatilidade<\/strong>: Esta mini colheitadeira de arroz \u00e9 multifuncional e pode ser utilizada para colher arroz e trigo, aumentando o aproveitamento da m\u00e1quina.<\/li>    <li><strong>Capacidade eficiente<\/strong>: Apesar de seu pequeno tamanho, a pequena colheitadeira de arroz geralmente \u00e9 altamente eficiente. Pode completar a colheita em um per\u00edodo relativamente curto, aumentando a produtividade.<\/li>    <li><strong>F\u00e1cil de operar<\/strong>: A pequena colheitadeira de trigo costuma ser projetada para ser f\u00e1cil de operar para agricultores que n\u00e3o possuem habilidades especializadas. Controles e sistemas operacionais simplificados reduzem a carga do usu\u00e1rio.<\/li>    <li><strong>Adapt\u00e1vel<\/strong>: Gra\u00e7as \u00e0 sua relativa leveza e mobilidade, as colheitadeiras apresentam bom desempenho em diferentes tipos de solo e terreno, aumentando sua flexibilidade de aplica\u00e7\u00e3o.<\/li>    <li><strong>Acess\u00edvel<\/strong>: Em compara\u00e7\u00e3o com colheitadeiras combinadas maiores, esta m\u00e1quina colheitadeira de arroz \u00e9 geralmente mais acess\u00edvel. Isso torna o equipamento mais acess\u00edvel aos agricultores e melhora o n\u00edvel tecnol\u00f3gico das pequenas propriedades.<\/li>    <li><strong>Baixos custos de manuten\u00e7\u00e3o<\/strong>: Devido \u00e0 sua estrutura mec\u00e2nica relativamente simples, a mini colheitadeira para trigo e arroz costuma ter baixos custos de manuten\u00e7\u00e3o, reduzindo a carga dos agricultores.<\/li> <\/ul>    <figure class=\"wp-block-gallery aligncenter has-nested-images columns-default is-cropped wp-block-gallery-4 is-layout-flex wp-block-gallery-is-layout-flex\"> <figure class=\"wp-block-image size-large\"><img loading=\"lazy\" decoding=\"async\" width=\"720\" height=\"540\" data-id=\"6067\" src=\"https:\/\/taizyagromachine.com\/wp-content\/uploads\/2023\/12\/mini-rice-combine-harvester-working-scene.webp\" alt=\"cena de trabalho de mini colheitadeira de arroz\" class=\"wp-image-6067\"\/><figcaption class=\"wp-element-caption\">cena de trabalho de mini colheitadeira de arroz<\/figcaption><\/figure>    <figure class=\"wp-block-image size-large\"><img loading=\"lazy\" decoding=\"async\" width=\"720\" height=\"540\" data-id=\"6068\" src=\"https:\/\/taizyagromachine.com\/wp-content\/uploads\/2023\/12\/rice-combine-harvester-machine-working-in-the-paddy-field.webp\" alt=\"M\u00e1quina colheitadeira de arroz trabalhando no arrozal\" class=\"wp-image-6068\"\/><figcaption class=\"wp-element-caption\">M\u00e1quina colheitadeira de arroz trabalhando no arrozal<\/figcaption><\/figure> <\/figure>    <h2 class=\"wp-block-heading\"><strong>Como colher arroz de trigo em uma pequena colheitadeira?<\/strong><\/h2>   <div id=\"rank-math-howto\" class=\"rank-math-block\" > <div class=\"rank-math-howto-description\">  <\/div>  <div class=\"rank-math-steps\"> <div id=\"howto-step-1701671535865\" class=\"rank-math-step\"> <h3 class=\"rank-math-step-title\">Inicie a colheitadeira de arroz e trigo<\/h3> <div class=\"rank-math-step-content\"><p>O operador liga a pequena colheitadeira de arroz e garante que todos os sistemas estejam funcionando corretamente. Isto inclui o motor, sistema de corte, correia transportadora, etc.<\/p> <\/div> <\/div> <div id=\"howto-step-1701671671829\" class=\"rank-math-step\"> <h3 class=\"rank-math-step-title\">Navegue at\u00e9 o campo<\/h3> <div class=\"rank-math-step-content\"><p>Navegue com a mini colheitadeira de arroz at\u00e9 o campo a ser colhido. Durante o movimento, o operador precisa ter cuidado para evitar obst\u00e1culos e garantir que a m\u00e1quina funcione suavemente.<\/p> <\/div> <\/div> <div id=\"howto-step-1701671710110\" class=\"rank-math-step\"> <h3 class=\"rank-math-step-title\">Comece a colheita<\/h3> <div class=\"rank-math-step-content\"><p>Assim que a m\u00e1quina atingir a posi\u00e7\u00e3o adequada, o operador inicia a colheita. Uma colheitadeira de trigo geralmente colhe as plantas movendo a cabe\u00e7a de corte lateralmente e transferindo-as para dentro da m\u00e1quina para processamento posterior.<\/p> <\/div> <\/div> <div id=\"howto-step-1701671788720\" class=\"rank-math-step\"> <h3 class=\"rank-math-step-title\">Debulha e limpeza<\/h3> <div class=\"rank-math-step-content\"><p class=\"translation-block\">Dentro da m\u00e1quina, o trigo ou o <a href=\"https:\/\/en.wikipedia.org\/wiki\/Rice\" target=\"_blank\" rel=\"noopener\">arroz<\/a> passam atrav\u00e9s de um sistema de debulha que separa o gr\u00e3o da planta. A palha residual e as ervas daninhas s\u00e3o geralmente expelidas atrav\u00e9s de um sistema de limpeza.<\/p> <\/div> <\/div> <div id=\"howto-step-1701671966245\" class=\"rank-math-step\"> <h3 class=\"rank-math-step-title\">Coleta e armazenamento<\/h3> <div class=\"rank-math-step-content\"><p>O gr\u00e3o debulhado \u00e9 recolhido e armazenado em sacos pr\u00e9-preparados. Quando cheios, os gr\u00e3os podem ser descarregados para serem transferidos para armaz\u00e9ns ou ve\u00edculos de transporte.<\/p> <\/div> <\/div> <div id=\"howto-step-1701672719682\" class=\"rank-math-step\"> <h3 class=\"rank-math-step-title\">Monitoramento e ajuste<\/h3> <div class=\"rank-math-step-content\"><p>O operador precisa monitorar constantemente o desempenho da m\u00e1quina e fazer os ajustes necess\u00e1rios para garantir um processo de colheita eficiente.<\/p> <\/div> <\/div> <div id=\"howto-step-1701672734499\" class=\"rank-math-step\"> <h3 class=\"rank-math-step-title\">Fim da colheita<\/h3> <div class=\"rank-math-step-content\"><p>Quando o campo estiver totalmente colhido, o operador para a m\u00e1quina para realizar as tarefas finais de limpeza e manuten\u00e7\u00e3o.<\/p> <\/div> <\/div> <\/div> <\/div>       <h2 class=\"wp-block-heading\"><strong>Que tal o pre\u00e7o da colheitadeira de arroz?<\/strong><\/h2>    <p>O pre\u00e7o da colheitadeira de arroz e trigo \u00e9 afetado pela marca, modelo, desempenho, configura\u00e7\u00e3o e \u00e1rea de mercado. Geralmente, m\u00e1quinas colheitadeiras de arroz maiores e mais avan\u00e7adas s\u00e3o relativamente caras, enquanto modelos menores ou b\u00e1sicos s\u00e3o mais econ\u00f4micos. Da mesma forma, m\u00e1quinas com qualidade garantida geralmente custam mais. <\/p>    <figure class=\"wp-block-gallery aligncenter has-nested-images columns-default is-cropped wp-block-gallery-5 is-layout-flex wp-block-gallery-is-layout-flex\"> <figure class=\"wp-block-image size-large\"><img loading=\"lazy\" decoding=\"async\" width=\"720\" height=\"540\" data-id=\"6069\" src=\"https:\/\/taizyagromachine.com\/wp-content\/uploads\/2023\/12\/flat-crawler-combine-harvester-for-rice-wheat.webp\" alt=\"colheitadeira de esteira plana para arroz e trigo\" class=\"wp-image-6069\"\/><figcaption class=\"wp-element-caption\">colheitadeira de esteira plana para arroz e trigo<\/figcaption><\/figure>    <figure class=\"wp-block-image size-large\"><img loading=\"lazy\" decoding=\"async\" width=\"720\" height=\"540\" data-id=\"6070\" src=\"https:\/\/taizyagromachine.com\/wp-content\/uploads\/2023\/12\/triangular-crawler-small-rice-combine-harvester.webp\" alt=\"colheitadeira de arroz pequena com esteira triangular\" class=\"wp-image-6070\"\/><figcaption class=\"wp-element-caption\">colheitadeira de arroz pequena com esteira triangular<\/figcaption><\/figure> <\/figure>    <p>Por exemplo, nossa mini colheitadeira de arroz tem pre\u00e7os diferentes para diferentes configura\u00e7\u00f5es do mesmo modelo. O pre\u00e7o tamb\u00e9m \u00e9 diferente devido \u00e0 diferen\u00e7a nas esteiras, uma esteira plana e uma esteira triangular. Portanto, para saber o pre\u00e7o exato da colheitadeira de arroz, entre em contato conosco diretamente e faremos um or\u00e7amento detalhado e entenderemos os modelos dispon\u00edveis e suas caracter\u00edsticas.<\/p>    <h2 class=\"wp-block-heading\"><strong>Fabricante e fornecedor respeit\u00e1vel de mini colheitadeira de arroz<\/strong><\/h2>    <p>Somos um fabricante e fornecedor respeit\u00e1vel de mini colheitadeira de arroz, dedicado a fornecer solu\u00e7\u00f5es agr\u00edcolas confi\u00e1veis \u200b\u200bpara voc\u00ea. Conhecidos pela sua elevada efici\u00eancia, efici\u00eancia energ\u00e9tica e durabilidade, os nossos produtos s\u00e3o meticulosamente concebidos para se adaptarem a uma vasta gama de condi\u00e7\u00f5es agr\u00edcolas. Al\u00e9m disso, focamos na qualidade de nossos produtos e utilizamos tecnologia avan\u00e7ada e materiais de qualidade para garantir desempenho superior e longa vida \u00fatil de nossas m\u00e1quinas.<\/p>    <figure class=\"wp-block-gallery aligncenter has-nested-images columns-default is-cropped wp-block-gallery-6 is-layout-flex wp-block-gallery-is-layout-flex\"> <figure class=\"wp-block-image size-large\"><img loading=\"lazy\" decoding=\"async\" width=\"720\" height=\"540\" data-id=\"6074\" src=\"https:\/\/taizyagromachine.com\/wp-content\/uploads\/2023\/12\/small-rice-combine-harvester-machine-manufacturer.webp\" alt=\"pequeno fabricante de m\u00e1quina colheitadeira de arroz\" class=\"wp-image-6074\"\/><figcaption class=\"wp-element-caption\">pequeno fabricante de m\u00e1quina colheitadeira de arroz<\/figcaption><\/figure>    <figure class=\"wp-block-image size-large\"><img loading=\"lazy\" decoding=\"async\" width=\"720\" height=\"540\" data-id=\"6073\" src=\"https:\/\/taizyagromachine.com\/wp-content\/uploads\/2023\/12\/mini-combine-harvester-for-wheat-rice-in-stock.webp\" alt=\"mini colheitadeira para arroz de trigo em estoque\" class=\"wp-image-6073\"\/><figcaption class=\"wp-element-caption\">mini colheitadeira para arroz de trigo em estoque<\/figcaption><\/figure> <\/figure>    <p>Al\u00e9m disso, oferecemos um servi\u00e7o p\u00f3s-venda abrangente. Nossa equipe de atendimento \u00e9 formada por t\u00e9cnicos experientes que est\u00e3o sempre prontos para apoi\u00e1-lo e solucionar problemas. Fornecemos servi\u00e7os de manuten\u00e7\u00e3o regulares para garantir que as m\u00e1quinas funcionem de forma est\u00e1vel por um longo tempo. Para as necessidades e problemas dos clientes, oferecemos respostas e solu\u00e7\u00f5es oportunas e estamos comprometidos em fornecer aos clientes a melhor experi\u00eancia.<\/p>    <h2 class=\"wp-block-heading\"><strong>Pacote e entrega de m\u00e1quina colheitadeira de arroz para venda<\/strong><\/h2>    <p>Depois que o cliente entra em coopera\u00e7\u00e3o conosco, tomamos uma s\u00e9rie de iniciativas para garantir que a colheitadeira de arroz seja segura e sem danos durante o transporte. Podemos embalar a m\u00e1quina em uma caixa de madeira ou envi\u00e1-la diretamente, dependendo da necessidade do cliente.<\/p>    <figure class=\"wp-block-gallery aligncenter has-nested-images columns-default is-cropped wp-block-gallery-7 is-layout-flex wp-block-gallery-is-layout-flex\"> <figure class=\"wp-block-image size-large\"><img loading=\"lazy\" decoding=\"async\" width=\"720\" height=\"540\" data-id=\"6072\" src=\"https:\/\/taizyagromachine.com\/wp-content\/uploads\/2023\/12\/wooden-package-of-mini-wheat-rice-combine-harvester.webp\" alt=\"pacote de madeira de mini colheitadeira de arroz e trigo\" class=\"wp-image-6072\"\/><figcaption class=\"wp-element-caption\">pacote de madeira de mini colheitadeira de arroz e trigo<\/figcaption><\/figure>    <figure class=\"wp-block-image size-large\"><img loading=\"lazy\" decoding=\"async\" width=\"720\" height=\"540\" data-id=\"6071\" src=\"https:\/\/taizyagromachine.com\/wp-content\/uploads\/2023\/12\/loading-combine-harvester-machine-to-the-truck.webp\" alt=\"carregando a m\u00e1quina colheitadeira no caminh\u00e3o\" class=\"wp-image-6071\"\/><figcaption class=\"wp-element-caption\">carregando a m\u00e1quina colheitadeira no caminh\u00e3o<\/figcaption><\/figure> <\/figure>    <p class=\"translation-block\"><strong>Pacote com caixa de madeira<\/strong>: A nossa equipa embala cuidadosamente para garantir que cada pe\u00e7a cr\u00edtica fica devidamente protegida. Para as caixas de madeira, a nossa equipa embala com cuidado e garante que cada pe\u00e7a cr\u00edtica fica devidamente protegida. Marcamos r\u00f3tulos claros e preparamos a documenta\u00e7\u00e3o necess\u00e1ria para assegurar um processo de desalfandegamento tranquilo.<\/p>    <p class=\"translation-block\"><strong>Entrega<\/strong>: O modo de transporte \u00e9 organizado de acordo com as necessidades do cliente, incluindo transporte terrestre, mar\u00edtimo ou a\u00e9reo. Fornecemos informa\u00e7\u00f5es de rastreamento de envio para garantir que o cliente esteja ciente da localiza\u00e7\u00e3o e hora de chegada da m\u00e1quina.<\/p>    <p>Nosso objetivo \u00e9 fornecer um servi\u00e7o de embalagem e transporte seguro e eficiente para garantir que nossos clientes recebam a colheitadeira de arroz de qualidade.<\/p>    <h2 class=\"wp-block-heading\"><strong>Dicas para escolher a colheitadeira de arroz<\/strong><\/h2>   <div class=\"wp-block-image\"> <figure class=\"aligncenter size-full\"><img loading=\"lazy\" decoding=\"async\" width=\"720\" height=\"540\" src=\"https:\/\/taizyagromachine.com\/wp-content\/uploads\/2023\/12\/paddy-rice-fields.webp\" alt=\"campos de arroz em casca\" class=\"wp-image-6075\"\/><figcaption class=\"wp-element-caption\">campos de arroz em casca<\/figcaption><\/figure> <\/div>   <p>Selecione cuidadosamente a colheitadeira de arroz certa com base nas condi\u00e7\u00f5es e necessidades reais da fazenda. Voc\u00ea deve considerar o ambiente em que o arroz \u00e9 cultivado ao fazer sua sele\u00e7\u00e3o para garantir que a colheitadeira de arroz ter\u00e1 um bom desempenho em diferentes condi\u00e7\u00f5es. Aqui est\u00e3o algumas sugest\u00f5es para voc\u00ea considerar com base nas diferentes caracter\u00edsticas de nossos rastreadores de m\u00e1quinas:<\/p>    <p>Se seus campos s\u00e3o predominantemente secos e n\u00e3o muito lamacentos, o tipo de esteira triangular pode ser uma boa escolha, pois oferece melhor estabilidade.<\/p>    <p>Em \u00e1reas enlameadas ou com p\u00e9s de lama profundos, o tipo de pista plana \u00e9 mais adequado, pois reduz o impacto da bondade no solo e reduz o risco para sua m\u00e1quina.<\/p>    <h2 class=\"wp-block-heading\"><strong>Processo de pedido de m\u00e1quina colheitadeira<\/strong><\/h2>    <ol class=\"wp-block-list\"> <li><strong>Entre em contato conosco para solicitar um pre\u00e7o<\/strong>: Primeiro voc\u00ea precisa entrar em contato conosco para nos informar sobre suas necessidades e n\u00f3s lhe designaremos um gerente profissional para fornecer informa\u00e7\u00f5es detalhadas.<\/li>    <li><strong>Conhe\u00e7a a m\u00e1quina em detalhes<\/strong>: Durante suas discuss\u00f5es com o gerente profissional, voc\u00ea gradualmente se familiarizar\u00e1 com a m\u00e1quina combinadora de arroz e obter\u00e1 informa\u00e7\u00f5es sobre suas necessidades.<\/li>    <li><strong>Determinar a m\u00e1quina<\/strong>: Com base no acima exposto, voc\u00ea pode nos dizer claramente o tipo de m\u00e1quina que deseja, os detalhes da m\u00e1quina, etc.<\/li>    <li><strong>Assine o contrato e pague o dep\u00f3sito<\/strong>: Depois de decidir fazer o pedido, ambos assinaremos o contrato e voc\u00ea precisar\u00e1 pagar o adiantamento (geralmente 30%).<\/li>    <li><strong>Produ\u00e7\u00e3o de m\u00e1quinas<\/strong>: Ap\u00f3s receber o dep\u00f3sito, nossa f\u00e1brica come\u00e7a a produzir a m\u00e1quina, e iremos mant\u00ea-lo atualizado sobre o andamento da produ\u00e7\u00e3o da m\u00e1quina.<\/li>    <li><strong>Confirma\u00e7\u00e3o de conclus\u00e3o da m\u00e1quina e pagamento final<\/strong>: Ao concluir a mini colheitadeira de arroz, forneceremos fotos e v\u00eddeo de confirma\u00e7\u00e3o e voc\u00ea precisar\u00e1 pagar o saldo e embalar a m\u00e1quina para entrega.<\/li>    <li><strong>Pacote e envio<\/strong>: As m\u00e1quinas geralmente s\u00e3o embaladas e enviadas ao seu destino por via mar\u00edtima (em casos especiais, isso pode ser coordenado entre as duas partes).<\/li> <\/ol>","protected":false},"excerpt":{"rendered":"<p>This rice combine harvester (also called wheat combine harvester, small combine harvester )is multifunctional agricultural equipment that not only efficiently harvests crops such as rice and wheat, but also has a threshing function that separates the seeds from the husk using an inbuilt thresher. This machine improves agricultural productivity due to its flexible adjustability that [&hellip;]<\/p>\n","protected":false},"author":1,"featured_media":6062,"parent":0,"template":"","tags":[218,219],"product-type":[20],"class_list":["post-6061","product","type-product","status-publish","has-post-thumbnail","hentry","tag-rice","tag-wheat","product-type-rice-and-wheat-machine"],"_links":{"self":[{"href":"https:\/\/taizyagromachine.com\/pt\/wp-json\/wp\/v2\/product\/6061","targetHints":{"allow":["GET"]}}],"collection":[{"href":"https:\/\/taizyagromachine.com\/pt\/wp-json\/wp\/v2\/product"}],"about":[{"href":"https:\/\/taizyagromachine.com\/pt\/wp-json\/wp\/v2\/types\/product"}],"author":[{"embeddable":true,"href":"https:\/\/taizyagromachine.com\/pt\/wp-json\/wp\/v2\/users\/1"}],"wp:featuredmedia":[{"embeddable":true,"href":"https:\/\/taizyagromachine.com\/pt\/wp-json\/wp\/v2\/media\/6062"}],"wp:attachment":[{"href":"https:\/\/taizyagromachine.com\/pt\/wp-json\/wp\/v2\/media?parent=6061"}],"wp:term":[{"taxonomy":"post_tag","embeddable":true,"href":"https:\/\/taizyagromachine.com\/pt\/wp-json\/wp\/v2\/tags?post=6061"},{"taxonomy":"product-type","embeddable":true,"href":"https:\/\/taizyagromachine.com\/pt\/wp-json\/wp\/v2\/product-type?post=6061"}],"curies":[{"name":"wp","href":"https:\/\/api.w.org\/{rel}","templated":true}]}}