{"id":6523,"date":"2024-01-26T16:59:23","date_gmt":"2024-01-26T08:59:23","guid":{"rendered":"https:\/\/taizyagromachine.com\/?post_type=product&#038;p=6523"},"modified":"2025-11-04T13:50:08","modified_gmt":"2025-11-04T05:50:08","slug":"mobile-grain-dryer","status":"publish","type":"product","link":"https:\/\/taizyagromachine.com\/pt\/product\/mobile-grain-dryer\/","title":{"rendered":"Secador de gr\u00e3os m\u00f3vel para secagem de arroz, trigo e milho"},"content":{"rendered":"<p class=\"translation-block\">Our <strong>mobile grain dryer<\/strong> is specially designed for various crops drying, such as rice, wheat, maize, soybeans, etc. The main function is to quickly and effectively remove water from newly harvested grain to ensure that the grain reaches a safe moisture content before warehousing and storage to prevent losses such as mould, germination and insect damage.<\/p>    <p>Nossa m\u00e1quina de secagem de gr\u00e3os port\u00e1til est\u00e1 dispon\u00edvel em silos simples e duplos, com produ\u00e7\u00e3o variando de 10t a 240t por 24 horas. Se quiser saber mais informa\u00e7\u00f5es, entre em contato conosco agora!<\/p>    <figure class=\"wp-block-embed is-type-video is-provider-youtube wp-block-embed-youtube wp-embed-aspect-16-9 wp-has-aspect-ratio\"><div class=\"wp-block-embed__wrapper\"> <iframe loading=\"lazy\" title=\"Secador M\u00f3vel de Gr\u00e3os em A\u00e7\u00e3o: Secagem Eficiente de Milho na Fazenda | Secador de milho #secador #secador de gr\u00e3os\" width=\"500\" height=\"281\" src=\"https:\/\/www.youtube.com\/embed\/AJ6ZaE6ASIE?feature=oembed\" frameborder=\"0\" allow=\"accelerometer; autoplay; clipboard-write; encrypted-media; gyroscope; picture-in-picture; web-share\" referrerpolicy=\"strict-origin-when-cross-origin\" allowfullscreen><\/iframe> <\/div><figcaption class=\"wp-element-caption\">v\u00eddeo de trabalho do secador de gr\u00e3os m\u00f3vel<\/figcaption><\/figure>    <h2 class=\"wp-block-heading\"><strong>Tipos dispon\u00edveis de m\u00e1quina secadora de gr\u00e3os m\u00f3vel para venda<\/strong><\/h2>    <p class=\"translation-block\"><strong>Grain dryer with single silo<\/strong><\/p>    <figure class=\"wp-block-table\"><table class=\"has-fixed-layout\"><tbody><tr><td><strong>Silo <\/strong><strong>Volume <\/strong><strong><\/strong><\/td><td><strong>Tamanho total (L*W*H) mm<\/strong><\/td><td><strong>Peso (toneladas)<\/strong><\/td><td><strong>Pot\u00eancia do Transportador de Parafuso<\/strong><\/td><td><strong>Pot\u00eancia do Ventilador Principal<\/strong><\/td><td><strong>Ventilador de sopragem induzida<\/strong><\/td><td><strong>Envio<\/strong><\/td><\/tr><tr><td>2Ton<\/td><td>4000*1800*3800<\/td><td>2.8<\/td><td>4KW<\/td><td>3kW<\/td><td>0,75KW<\/td><td>20gp<\/td><\/tr><tr><td>4Ton<\/td><td>4200*2200*4600<\/td><td>4.5<\/td><td>7,5 kW<\/td><td>5,5kW<\/td><td>0,75KW<\/td><td>40HQ<\/td><\/tr><tr><td>6Ton<\/td><td>4600*2400*5000<\/td><td>5.3<\/td><td>7,5 kW<\/td><td>7,5 kW<\/td><td>0,75KW<\/td><td>40HQ<\/td><\/tr><tr><td>8Ton<\/td><td>4800*2400*5600<\/td><td>6.5<\/td><td>7,5 kW<\/td><td>7,5 kW<\/td><td>0,75KW<\/td><td>40HQ<\/td><\/tr><tr><td>10Ton<\/td><td>4800*2500*6200<\/td><td>7.4<\/td><td>7,5 kW<\/td><td>11 kW<\/td><td>1,5KW<\/td><td>40HQ<\/td><\/tr><\/tbody><\/table><figcaption class=\"wp-element-caption\">especifica\u00e7\u00f5es t\u00e9cnicas de secadores de gr\u00e3os pequenos com silo \u00fanico<\/figcaption><\/figure>    <p>\u00a0Observa\u00e7\u00e3o: este moinho de secagem de gr\u00e3os pode usar carv\u00e3o, diesel, g\u00e1s ou eletricidade como combust\u00edvel para o forno de combust\u00e3o.<\/p>   <div class=\"wp-block-image\"> <figure class=\"aligncenter size-full\"><img loading=\"lazy\" decoding=\"async\" width=\"720\" height=\"540\" src=\"https:\/\/taizyagromachine.com\/wp-content\/uploads\/2024\/01\/mobile-corn-maize-drying-machine.webp\" alt=\"m\u00e1quina de secagem de milho m\u00f3vel\" class=\"wp-image-6528\"\/><figcaption class=\"wp-element-caption\">m\u00e1quina de secagem de milho m\u00f3vel<\/figcaption><\/figure> <\/div>   <p class=\"translation-block\"><strong>Difference between single bin and double bins<\/strong>:<\/p>    <ul class=\"wp-block-list\"> <li><strong>Caixa \u00fanica<\/strong>: O tempo de secagem de cada silo \u00e9 de 2,5 a 3 horas (porque h\u00e1 tempo de alimenta\u00e7\u00e3o e descarga de gr\u00e3os). Cada caixa desperdi\u00e7ar\u00e1 o excesso de calor. O custo da secagem \u00e9 um pouco mais alto. Ocupa uma \u00e1rea pequena, \u00e9 pequeno, compacto e leve.<\/li>    <li><strong>Caixas duplas<\/strong>: O tempo de secagem de cada compartimento \u00e9 de 2 horas. Dois silos carregam e liberam gr\u00e3os alternadamente, sem qualquer intervalo. O rendimento \u00e9 alto e o calor \u00e9 totalmente aproveitado, o que reduz bastante o custo de secagem.<\/li> <\/ul>    <h2 class=\"wp-block-heading\"><strong>Culturas aplic\u00e1veis \u200b\u200ba serem secas por m\u00e1quina m\u00f3vel de secagem de gr\u00e3os<\/strong><\/h2>    <p>Nosso secador de gr\u00e3os em lote para venda \u00e9 adequado para secar trigo, sorgo, milho, arroz, gr\u00e3os, colza e feij\u00e3o.<\/p>   <div class=\"wp-block-image\"> <figure class=\"aligncenter size-full\"><img loading=\"lazy\" decoding=\"async\" width=\"720\" height=\"540\" src=\"https:\/\/taizyagromachine.com\/wp-content\/uploads\/2024\/01\/crops-that-can-be-dried-by-small-grain-dryer.webp\" alt=\"colheitas que podem ser secas por secador de gr\u00e3os pequenos\" class=\"wp-image-6527\"\/><figcaption class=\"wp-element-caption\">colheitas que podem ser secas por secador de gr\u00e3os pequenos<\/figcaption><\/figure> <\/div>   <h2 class=\"wp-block-heading\"><strong><strong>Temperatura de secagem recomendada para v\u00e1rias culturas<\/strong><\/strong><\/h2>    <figure class=\"wp-block-table\"><table class=\"has-fixed-layout\"><tbody><tr><td><strong>Gr\u00e3o <\/strong><strong><\/strong><\/td><td><strong>Temperatura de Secagem<\/strong><strong><\/strong><\/td><\/tr><tr><td>Milho<\/td><td>100-140\u2103<\/td><\/tr><tr><td>Trigo<\/td><td>80\u201390\u2103<\/td><\/tr><tr><td>Arroz<\/td><td>60-70\u2103<\/td><\/tr><tr><td>Sorgo<\/td><td>100-140\u2103<\/td><\/tr><tr><td>Feij\u00e3o<\/td><td>100\u2103<\/td><\/tr><tr><td>Fagi<\/td><td>80\u2103<\/td><\/tr><tr><td>Colza<\/td><td>100\u2103<\/td><\/tr><\/tbody><\/table><figcaption class=\"wp-element-caption\">temperatura de secagem de culturas<\/figcaption><\/figure>    <h2 class=\"wp-block-heading\"><strong>Projeto de secador de colheita comercial<\/strong><\/h2>    <p>Este tipo de secador de gr\u00e3os m\u00f3vel consiste em silo, escada, porta de alimenta\u00e7\u00e3o, forno, ciclone, traller, conbinet, rodas, ventiladores, etc.<\/p>   <div class=\"wp-block-image\"> <figure class=\"aligncenter size-full\"><img loading=\"lazy\" decoding=\"async\" width=\"720\" height=\"540\" src=\"https:\/\/taizyagromachine.com\/wp-content\/uploads\/2024\/01\/structure-of-mobile-grain-drying-machine.jpg\" alt=\"estrutura da m\u00e1quina m\u00f3vel de secagem de gr\u00e3os\" class=\"wp-image-6526\"\/><figcaption class=\"wp-element-caption\">estrutura da m\u00e1quina m\u00f3vel de secagem de gr\u00e3os<\/figcaption><\/figure> <\/div>   <p>Os silos de gr\u00e3os s\u00e3o todos de a\u00e7o inoxid\u00e1vel, as vantagens dos silos de a\u00e7o inoxid\u00e1vel:<\/p>    <ul class=\"wp-block-list\"> <li>N\u00e3o tem medo de neblina e corros\u00e3o por \u00e1gua, alta dureza e resist\u00eancia ao desgaste.<\/li>    <li>N\u00e3o enferrujar\u00e1 e causar\u00e1 manchas de ferrugem em grandes \u00e1reas e n\u00e3o afetar\u00e1 a qualidade do gr\u00e3o.<\/li>    <li>Depois de us\u00e1-lo por um ano, o a\u00e7o inoxid\u00e1vel para o ano ninho ainda est\u00e1 novo como sempre!<br><\/li> <\/ul>    <h2 class=\"wp-block-heading\"><strong>Diferen\u00e7as entre m\u00e1quina de secagem de gr\u00e3os m\u00f3vel e secador de gr\u00e3os em torre<\/strong><\/h2>    <figure class=\"wp-block-table\"><table><tbody><tr><td>Tipos<\/td><td>Secador de colheita m\u00f3vel<\/td><td><a href=\"https:\/\/taizyagromachine.com\/pt\/product\/paddy-dryer\/\">Secador de gr\u00e3os em torre<\/a><\/td><\/tr><tr><td>Ru\u00eddo ao trabalhar<\/td><td>Pequeno<\/td><td>Grande<\/td><\/tr><tr><td>Ocupando espa\u00e7o<\/td><td>Baixo<\/td><td>Alto<\/td><\/tr><tr><td>Conveniente para se mover<\/td><td>Tem rodas, f\u00e1ceis de mover<\/td><td>Ap\u00f3s a instala\u00e7\u00e3o, \u00e9 dif\u00edcil mover<\/td><\/tr><tr><td>Custo de manuten\u00e7\u00e3o<\/td><td>F\u00e1cil de mover, protegido do vento e da chuva, relativamente baixo<\/td><td>Est\u00e1 exposto ao vento e ao sol o ano todo e o custo anual de manuten\u00e7\u00e3o \u00e9 muito alto.<\/td><\/tr><\/tbody><\/table><figcaption class=\"wp-element-caption\">lista de diferen\u00e7as de dois tipos de secadores de gr\u00e3os<\/figcaption><\/figure>    <figure class=\"wp-block-gallery aligncenter has-nested-images columns-default is-cropped wp-block-gallery-2 is-layout-flex wp-block-gallery-is-layout-flex\"> <figure class=\"wp-block-image size-full\"><img loading=\"lazy\" decoding=\"async\" width=\"720\" height=\"750\" data-id=\"6533\" src=\"https:\/\/taizyagromachine.com\/wp-content\/uploads\/2024\/01\/Taizy-crop-dryer-for-sale.webp\" alt=\"Venda de secador de colheita Taizy\" class=\"wp-image-6533\"\/><figcaption class=\"wp-element-caption\">Venda de secador de colheita Taizy<\/figcaption><\/figure>    <figure class=\"wp-block-image size-large\"><img loading=\"lazy\" decoding=\"async\" width=\"640\" height=\"640\" data-id=\"6424\" src=\"https:\/\/taizyagromachine.com\/wp-content\/uploads\/2022\/02\/paddy-dryer-machine-for-corn.webp\" alt=\"m\u00e1quina de secar arroz para milho\" class=\"wp-image-6424\"\/><figcaption class=\"wp-element-caption\">m\u00e1quina de secar arroz para milho<\/figcaption><\/figure> <\/figure>    <h2 class=\"wp-block-heading\"><strong>Que tal o pre\u00e7o do secador de gr\u00e3os m\u00f3vel?<\/strong><\/h2>    <p>O pre\u00e7o de um secador de gr\u00e3os m\u00f3vel \u00e9 afetado por diversos fatores, sendo os principais o modelo da m\u00e1quina, a capacidade de produ\u00e7\u00e3o, o tipo de queimador e se \u00e9 customizado ou n\u00e3o.<\/p>    <ul class=\"wp-block-list\"> <li><strong>Modelos e capacidades: <\/strong>O pre\u00e7o dos diferentes modelos e capacidades de secadores de milho varia significativamente devido ao custo dos materiais de fabrica\u00e7\u00e3o, n\u00edvel t\u00e9cnico e capacidade de processamento. De modo geral, os secadores de arroz grandes e de alta produ\u00e7\u00e3o ter\u00e3o um pre\u00e7o de venda mais alto devido \u00e0 sua alta efici\u00eancia e design de grande capacidade.<\/li>    <li><strong>Combust\u00edvel para queima de fornalha<\/strong>: A sele\u00e7\u00e3o do tipo de queimador tamb\u00e9m afetar\u00e1 o pre\u00e7o, como a utiliza\u00e7\u00e3o de queimador a g\u00e1s, diesel, eletricidade ou combust\u00edvel de biomassa, h\u00e1 diferen\u00e7a nos custos operacionais, desempenho ambiental e custos de aquisi\u00e7\u00e3o de equipamentos.<\/li>    <li><strong>Costumiza\u00e7\u00e3o<\/strong>: Se o secador de gr\u00e3os m\u00f3vel oferece servi\u00e7o de personaliza\u00e7\u00e3o personalizado tamb\u00e9m \u00e9 um indicador importante para determinar seu pre\u00e7o. Op\u00e7\u00f5es adicionais de personaliza\u00e7\u00e3o, como um sistema de controle inteligente, sistema preciso de monitoramento de umidade ou materiais dur\u00e1veis \u200b\u200bpara ambientes de uso especial, far\u00e3o com que o pre\u00e7o aumente.<\/li> <\/ul>    <figure class=\"wp-block-gallery aligncenter has-nested-images columns-default is-cropped wp-block-gallery-3 is-layout-flex wp-block-gallery-is-layout-flex\"> <figure class=\"wp-block-image size-large\"><img loading=\"lazy\" decoding=\"async\" width=\"720\" height=\"750\" data-id=\"6529\" src=\"https:\/\/taizyagromachine.com\/wp-content\/uploads\/2024\/01\/mobile-grain-dryer-machine.webp\" alt=\"m\u00e1quina secadora de gr\u00e3os m\u00f3vel\" class=\"wp-image-6529\"\/><figcaption class=\"wp-element-caption\">m\u00e1quina secadora de gr\u00e3os m\u00f3vel<\/figcaption><\/figure>    <figure class=\"wp-block-image size-large\"><img loading=\"lazy\" decoding=\"async\" width=\"720\" height=\"750\" data-id=\"6530\" src=\"https:\/\/taizyagromachine.com\/wp-content\/uploads\/2024\/01\/small-batch-grain-dryer-for-sale.webp\" alt=\"secador de gr\u00e3os de pequeno lote para venda\" class=\"wp-image-6530\"\/><figcaption class=\"wp-element-caption\">secador de gr\u00e3os de pequeno lote para venda<\/figcaption><\/figure> <\/figure>    <p>Resumindo, ao adquirir secadores de gr\u00e3os m\u00f3veis, voc\u00ea deve considerar suas pr\u00f3prias necessidades de produ\u00e7\u00e3o, efici\u00eancia esperada, custos de consumo de energia e configura\u00e7\u00f5es personalizadas para garantir que voc\u00ea atenda \u00e0s necessidades reais e ao mesmo tempo controle razoavelmente os custos de investimento.<\/p>    <h2 class=\"wp-block-heading\"><strong>Taizy: um fabricante reconhecido de secadores de gr\u00e3os<\/strong><\/h2>    <p>Com sua tecnologia profissional, ampla gama de produtos, padr\u00f5es de alta qualidade, capacidade de personaliza\u00e7\u00e3o flex\u00edvel e sistema abrangente de servi\u00e7o p\u00f3s-venda, nos tornamos um fornecedor confi\u00e1vel de secadores de gr\u00e3os nas \u00e1reas agr\u00edcolas nacionais e internacionais.<\/p>    <ul class=\"wp-block-list\"> <li><strong>For\u00e7a t\u00e9cnica profissional<\/strong>: Taizy tem uma forte equipe t\u00e9cnica de pesquisa e desenvolvimento e processo de fabrica\u00e7\u00e3o avan\u00e7ado, inova\u00e7\u00e3o cont\u00ednua e otimiza\u00e7\u00e3o do design de produtos, para garantir que a produ\u00e7\u00e3o de secadores de gr\u00e3os m\u00f3veis em termos de desempenho, efici\u00eancia e economia de energia atinja o n\u00edvel de lideran\u00e7a da ind\u00fastria.<\/li>    <li><strong>Atendimento personalizado personalizado<\/strong>: Somos bons em projetos personalizados de acordo com as condi\u00e7\u00f5es e necessidades espec\u00edficas dos clientes, incluindo sele\u00e7\u00e3o do tipo de queimador, correspond\u00eancia de fonte de calor, configura\u00e7\u00e3o de sistema de controle inteligente, etc., para atender \u00e0s necessidades de mercados diversificados.<\/li>    <li><strong>Servi\u00e7o p\u00f3s-venda perfeito<\/strong>: Taizy promete fornecer aos clientes uma experi\u00eancia de servi\u00e7o sem preocupa\u00e7\u00f5es, incluindo, mas n\u00e3o se limitando a instala\u00e7\u00e3o e comissionamento, treinamento operacional, manuten\u00e7\u00e3o p\u00f3s-venda e suporte t\u00e9cnico, para garantir que o secador de milho opere de forma eficiente e est\u00e1vel durante todo o ciclo de uso.<\/li>    <li><strong>Reconhecimento e coopera\u00e7\u00e3o internacional<\/strong>: Como marca respeit\u00e1vel, a Taizy n\u00e3o s\u00f3 estabeleceu uma posi\u00e7\u00e3o s\u00f3lida no mercado interno, mas tamb\u00e9m ganhou grande aclama\u00e7\u00e3o no mercado internacional. Estabeleceu coopera\u00e7\u00e3o a longo prazo com empresas em muitos pa\u00edses e regi\u00f5es, o que comprova a competitividade dos seus produtos e a vis\u00e3o internacional.<\/li> <\/ul>    <figure class=\"wp-block-gallery aligncenter has-nested-images columns-default is-cropped wp-block-gallery-4 is-layout-flex wp-block-gallery-is-layout-flex\"> <figure class=\"wp-block-image size-large\"><img loading=\"lazy\" decoding=\"async\" width=\"720\" height=\"750\" data-id=\"6531\" src=\"https:\/\/taizyagromachine.com\/wp-content\/uploads\/2024\/01\/mobile-grain-dryer-for-rice-wheat-corn.webp\" alt=\"secador de gr\u00e3os m\u00f3vel para arroz, trigo, milho\" class=\"wp-image-6531\"\/><figcaption class=\"wp-element-caption\">secador de gr\u00e3os m\u00f3vel para arroz, trigo, milho<\/figcaption><\/figure>    <figure class=\"wp-block-image size-large\"><img loading=\"lazy\" decoding=\"async\" width=\"720\" height=\"750\" data-id=\"6532\" src=\"https:\/\/taizyagromachine.com\/wp-content\/uploads\/2024\/01\/portable-grain-dryer-for-maize.webp\" alt=\"secador de gr\u00e3os port\u00e1til para milho\" class=\"wp-image-6532\"\/><figcaption class=\"wp-element-caption\">secador de gr\u00e3os port\u00e1til para milho<\/figcaption><\/figure> <\/figure>    <h2 class=\"wp-block-heading\"><strong>Perguntas frequentes sobre m\u00e1quina de secagem de gr\u00e3os m\u00f3vel<\/strong><\/h2>   <div id=\"rank-math-faq\" class=\"rank-math-block\"> <div class=\"rank-math-list\"> <div id=\"faq-question-1706252443000\" class=\"rank-math-list-item\"> <h3 class=\"rank-math-question\"><strong>De que material \u00e9 o secador de cereais?<\/strong><\/h3> <div class=\"rank-math-answer\">  <p>O silo m\u00f3vel para gr\u00e3os \u00e9 de a\u00e7o inoxid\u00e1vel. A parte de aquecimento \u00e9 de a\u00e7o carbono.<\/p>  <\/div> <\/div> <div id=\"faq-question-1706252513798\" class=\"rank-math-list-item\"> <h3 class=\"rank-math-question\"><strong>Que tal as vantagens do a\u00e7o inoxid\u00e1vel e do a\u00e7o galvanizado?<\/strong><\/h3> <div class=\"rank-math-answer\">  <p class=\"translation-block\"><strong>Benefits of stainless steel<\/strong>: When the machine is running, water vapor will come out. Stainless steel is not afraid of corrosion and will not have rust spots. Even if it is used up this year, it will be fine for the second year after the machine is put away.<br \/><strong>Benefits of galvanized steel<\/strong>: It\u2019s cheap but it will rust.<\/p>  <\/div> <\/div> <div id=\"faq-question-1706255494220\" class=\"rank-math-list-item\"> <h3 class=\"rank-math-question\"><strong>Quais colheitas podem secar? Quantos graus \u00e9 a temperatura? Pode controlar o controle de temperatura?<\/strong><\/h3> <div class=\"rank-math-answer\">  <p class=\"translation-block\">Our mobile grain dryer can dry corn, wheat, beans, rice, sorghum and rapeseed.<br \/>Our dryer are hot air drying, and will not destroy the quality of grain. Do not affect the color. <a href=\"https:\/\/en.wikipedia.org\/wiki\/Grain\" target=\"_blank\" rel=\"noopener\">Grains<\/a> can be eaten.<br \/><strong>Corn temperature<\/strong>: 100-140 degrees<br \/><strong>Wheat temperature<\/strong>: 80-90 degrees<br \/><strong>Rice temperature<\/strong>: 60-70 degrees<br \/><strong>Sorghum temperature<\/strong>: 100-140 degrees<br \/><strong>Beans temperature<\/strong>: 100 degrees<br \/><strong>Grain temperature<\/strong>: 80 degrees (with 1mm mesh)<br \/><strong>Rapeseed temperature<\/strong>: 100 degrees (with 1mm mesh)<\/p>  <\/div> <\/div> <div id=\"faq-question-1706256407163\" class=\"rank-math-list-item\"> <h3 class=\"rank-math-question\"><strong>O que pode ser usado como fonte de calor?<\/strong><\/h3> <div class=\"rank-math-answer\">  <p>Carv\u00e3o, diesel, metanol, biomassa, eletricidade.<\/p>  <\/div> <\/div> <div id=\"faq-question-1706256430292\" class=\"rank-math-list-item\"> <h3 class=\"rank-math-question\"><strong>De quanto tempo \u00e9 a garantia?<\/strong><\/h3> <div class=\"rank-math-answer\">  <p>Toda a garantia da m\u00e1quina de um ano.<\/p>  <\/div> <\/div> <div id=\"faq-question-1706256454820\" class=\"rank-math-list-item\"> <h3 class=\"rank-math-question\"><strong>Se eu n\u00e3o souber como us\u00e1-lo, voc\u00ea pode vir at\u00e9 minha f\u00e1brica para instal\u00e1-lo?<\/strong><\/h3> <div class=\"rank-math-answer\">  <p>Caso n\u00e3o saiba como utiliz\u00e1-lo, fazemos instala\u00e7\u00e3o e depura\u00e7\u00e3o porta a porta, mas para reembolsar as despesas de viagem e alimenta\u00e7\u00e3o b\u00e1sica e hospedagem.<\/p>  <\/div> <\/div> <\/div> <\/div>","protected":false},"excerpt":{"rendered":"<p>Our mobile grain dryer is specially designed for various crops drying, such as rice, wheat, maize, soybeans, etc. The main function is to quickly and effectively remove water from newly harvested grain to ensure that the grain reaches a safe moisture content before warehousing and storage to prevent losses such as mould, germination and insect [&hellip;]<\/p>\n","protected":false},"author":1,"featured_media":6524,"parent":0,"template":"","tags":[223],"product-type":[30],"class_list":["post-6523","product","type-product","status-publish","has-post-thumbnail","hentry","tag-grain-drying","product-type-grain-dryer"],"_links":{"self":[{"href":"https:\/\/taizyagromachine.com\/pt\/wp-json\/wp\/v2\/product\/6523","targetHints":{"allow":["GET"]}}],"collection":[{"href":"https:\/\/taizyagromachine.com\/pt\/wp-json\/wp\/v2\/product"}],"about":[{"href":"https:\/\/taizyagromachine.com\/pt\/wp-json\/wp\/v2\/types\/product"}],"author":[{"embeddable":true,"href":"https:\/\/taizyagromachine.com\/pt\/wp-json\/wp\/v2\/users\/1"}],"wp:featuredmedia":[{"embeddable":true,"href":"https:\/\/taizyagromachine.com\/pt\/wp-json\/wp\/v2\/media\/6524"}],"wp:attachment":[{"href":"https:\/\/taizyagromachine.com\/pt\/wp-json\/wp\/v2\/media?parent=6523"}],"wp:term":[{"taxonomy":"post_tag","embeddable":true,"href":"https:\/\/taizyagromachine.com\/pt\/wp-json\/wp\/v2\/tags?post=6523"},{"taxonomy":"product-type","embeddable":true,"href":"https:\/\/taizyagromachine.com\/pt\/wp-json\/wp\/v2\/product-type?post=6523"}],"curies":[{"name":"wp","href":"https:\/\/api.w.org\/{rel}","templated":true}]}}