{"id":6542,"date":"2024-02-02T17:56:48","date_gmt":"2024-02-02T09:56:48","guid":{"rendered":"https:\/\/taizyagromachine.com\/?post_type=product&#038;p=6542"},"modified":"2025-01-08T10:31:10","modified_gmt":"2025-01-08T02:31:10","slug":"silage-spreader-feed-spreader-mixer","status":"publish","type":"product","link":"https:\/\/taizyagromachine.com\/pt\/product\/silage-spreader-feed-spreader-mixer\/","title":{"rendered":"Distribuidor de silagem para mistura de ra\u00e7\u00e3o para vacas, gado e ovelhas"},"content":{"rendered":"<p class=\"translation-block\">O nosso <strong>espalhador de silagem<\/strong> serve para lan\u00e7ar as ra\u00e7\u00f5es misturadas acabadas diretamente na \u00e1rea de alimenta\u00e7\u00e3o para completar a alimenta\u00e7\u00e3o de uma s\u00f3 vez, impulsionado pelo triciclo. O nosso misturador espalhador de silagem tem uma capacidade comum de 3 cmb e 5 cmb, com fun\u00e7\u00f5es de mistura e espalhamento.<\/p>    <p class=\"translation-block\">Este espalhador de ra\u00e7\u00e3o de silagem \u00e9 amplamente utilizado em \u00e1reas de cria\u00e7\u00e3o agr\u00edcola e pecu\u00e1ria, em grandes e m\u00e9dios lotes de alimenta\u00e7\u00e3o e regula as opera\u00e7\u00f5es de alimenta\u00e7\u00e3o comunit\u00e1ria em lotes de alimenta\u00e7\u00e3o. Uma variedade de<strong> pastagem, palha de cultura, silagem<\/strong> e outros<strong> alimentos fibrosos<\/strong> podem ser misturados e agitados, e depois usar este espalhador de ra\u00e7\u00e3o triciclo para opera\u00e7\u00f5es de alimenta\u00e7\u00e3o.<\/p>    <p>Temos dois tipos: misturadores espalhadores de ra\u00e7\u00e3o verticais e horizontais e ambos podem utilizar motor diesel e el\u00e9trico. Se estiver interessado, entre em contato conosco para mais detalhes da m\u00e1quina!<\/p>    <figure class=\"wp-block-embed is-type-video is-provider-youtube wp-block-embed-youtube wp-embed-aspect-16-9 wp-has-aspect-ratio\"><div class=\"wp-block-embed__wrapper\"> <iframe loading=\"lazy\" title=\"Efici\u00eancia alimentar revelada: um dia na vida de um caminh\u00e3o espalhador agr\u00edcola #silagem #spreader\" width=\"500\" height=\"281\" src=\"https:\/\/www.youtube.com\/embed\/wXCLrlhUAWk?feature=oembed\" frameborder=\"0\" allow=\"accelerometer; autoplay; clipboard-write; encrypted-media; gyroscope; picture-in-picture; web-share\" referrerpolicy=\"strict-origin-when-cross-origin\" allowfullscreen><\/iframe> <\/div><figcaption class=\"wp-element-caption\">V\u00eddeo de funcionamento da m\u00e1quina misturadora espalhadora agr\u00edcola<\/figcaption><\/figure>    <h2 class=\"wp-block-heading\"><strong>Tipos de m\u00e1quinas misturadoras espalhadoras de ra\u00e7\u00e3o para silagem para venda<\/strong><\/h2>    <p class=\"translation-block\"><strong>Modelos de m\u00e1quinas espalhadoras agr\u00edcolas com base na forma da m\u00e1quina<\/strong><\/p>    <p>De acordo com o formato da m\u00e1quina, ela pode ser dividida em vertical e horizontal, apenas o formato externo \u00e9 diferente e a fun\u00e7\u00e3o \u00e9 a mesma. O formato do espalhador de silagem \u00e9 o seguinte: <\/p>    <figure class=\"wp-block-gallery aligncenter has-nested-images columns-default is-cropped wp-block-gallery-2 is-layout-flex wp-block-gallery-is-layout-flex\"> <figure class=\"wp-block-image size-large\"><img loading=\"lazy\" decoding=\"async\" width=\"720\" height=\"540\" data-id=\"6545\" src=\"https:\/\/taizyagromachine.com\/wp-content\/uploads\/2024\/02\/vertical-feed-spreader-mixer.webp\" alt=\"misturador espalhador de ra\u00e7\u00e3o vertical\" class=\"wp-image-6545\"\/><figcaption class=\"wp-element-caption\">misturador espalhador de ra\u00e7\u00e3o vertical<\/figcaption><\/figure>    <figure class=\"wp-block-image size-large\"><img loading=\"lazy\" decoding=\"async\" width=\"720\" height=\"540\" data-id=\"6544\" src=\"https:\/\/taizyagromachine.com\/wp-content\/uploads\/2024\/02\/horizontal-feeding-mixer-spreading-machine.webp\" alt=\"m\u00e1quina de espalhamento misturador de alimenta\u00e7\u00e3o horizontal\" class=\"wp-image-6544\"\/><figcaption class=\"wp-element-caption\">m\u00e1quina de espalhamento misturador de alimenta\u00e7\u00e3o horizontal<\/figcaption><\/figure> <\/figure>    <p class=\"translation-block\"><strong>Modelos de espalhadores de alimenta\u00e7\u00e3o para gado e ovinos com base no motor da m\u00e1quina<\/strong><\/p>    <p>Dependendo da pot\u00eancia com que o espalhador autom\u00e1tico de silagem pode ser equipado, temos um modelo diesel e um modelo com motor el\u00e9trico.<\/p>    <div class=\"wp-block-columns is-layout-flex wp-container-core-columns-is-layout-9d6595d7 wp-block-columns-is-layout-flex\"> <div class=\"wp-block-column is-layout-flow wp-block-column-is-layout-flow\"> <figure class=\"wp-block-image size-full\"><img loading=\"lazy\" decoding=\"async\" width=\"720\" height=\"540\" src=\"https:\/\/taizyagromachine.com\/wp-content\/uploads\/2024\/02\/diesel-engined-silage-spreader-mixer-machine.webp\" alt=\"M\u00e1quina misturadora espalhadora de silagem com motor diesel\" class=\"wp-image-6546\"\/><figcaption class=\"wp-element-caption\">M\u00e1quina misturadora espalhadora de silagem com motor diesel<\/figcaption><\/figure> <\/div>    <div class=\"wp-block-column is-vertically-aligned-center is-layout-flow wp-block-column-is-layout-flow\"> <p class=\"has-text-align-center translation-block\"><strong>Distribuidor de ra\u00e7\u00e3o para gado triciclo com motor a diesel<\/strong><\/p>    <p>Este equipamento de espalhamento de silagem pode ter fun\u00e7\u00f5es de mistura e espalhamento, e \u00e9 muito conveniente dirigir um triciclo para espalhar materiais diretamente na fazenda.<\/p>    <p>O espalhador de ra\u00e7\u00e3o triciclo possui 3 metros c\u00fabicos e 5 metros c\u00fabicos. Normalmente, se optar pelo modelo diesel, estamos equipados com 5 metros c\u00fabicos.<\/p> <\/div> <\/div>    <div class=\"wp-block-columns is-layout-flex wp-container-core-columns-is-layout-9d6595d7 wp-block-columns-is-layout-flex\"> <div class=\"wp-block-column is-vertically-aligned-center is-layout-flow wp-block-column-is-layout-flow\"> <p class=\"has-text-align-center translation-block\"><strong>Espalhador de ra\u00e7\u00e3o triciclo el\u00e9trico especial para quintas<\/strong><\/p>    <p>Este espalhador alimentador de silagem pode ter apenas uma fun\u00e7\u00e3o de espalhamento e geralmente \u00e9 escolhido com capacidade de 3 metros c\u00fabicos.<\/p>    <p>Devido apenas \u00e0 fun\u00e7\u00e3o de espalhamento, geralmente \u00e9 usado em combina\u00e7\u00e3o com um misturador de ra\u00e7\u00e3o.<\/p> <\/div>    <div class=\"wp-block-column is-layout-flow wp-block-column-is-layout-flow\"> <figure class=\"wp-block-image size-full\"><img loading=\"lazy\" decoding=\"async\" width=\"720\" height=\"540\" src=\"https:\/\/taizyagromachine.com\/wp-content\/uploads\/2024\/02\/electric-silage-spreader-for-sale.webp\" alt=\"Distribuidor de silagem el\u00e9trico para venda\" class=\"wp-image-6547\"\/><figcaption class=\"wp-element-caption\">Distribuidor de silagem el\u00e9trico para venda<\/figcaption><\/figure> <\/div> <\/div>    <figure class=\"wp-block-gallery aligncenter has-nested-images columns-default is-cropped wp-block-gallery-3 is-layout-flex wp-block-gallery-is-layout-flex\"> <figure class=\"wp-block-image size-full\"><img loading=\"lazy\" decoding=\"async\" width=\"720\" height=\"540\" data-id=\"6549\" src=\"https:\/\/taizyagromachine.com\/wp-content\/uploads\/2024\/02\/latest-silage-feed-spreader.webp\" alt=\"mais recente espalhador de ra\u00e7\u00e3o para silagem\" class=\"wp-image-6549\"\/><figcaption class=\"wp-element-caption\">mais recente espalhador de ra\u00e7\u00e3o para silagem<\/figcaption><\/figure>    <figure class=\"wp-block-image size-full\"><img loading=\"lazy\" decoding=\"async\" width=\"720\" height=\"540\" data-id=\"6548\" src=\"https:\/\/taizyagromachine.com\/wp-content\/uploads\/2024\/02\/feed-mixer-and-silage-feed-spreader.webp\" alt=\"misturador de ra\u00e7\u00e3o e espalhador de ra\u00e7\u00e3o para silagem\" class=\"wp-image-6548\"\/><figcaption class=\"wp-element-caption\">misturador de ra\u00e7\u00e3o e espalhador de ra\u00e7\u00e3o para silagem<\/figcaption><\/figure> <\/figure>    <h2 class=\"wp-block-heading\"><strong>Par\u00e2metros t\u00e9cnicos do misturador espalhador de silagem autom\u00e1tico<\/strong><\/h2>    <p>Devido aos dois sistemas de pot\u00eancia para m\u00e1quinas espalhadoras agr\u00edcolas, existem especifica\u00e7\u00f5es diferentes. Lista para sua refer\u00eancia.<\/p>    <p class=\"translation-block\"><strong>Dados t\u00e9cnicos do misturador espalhador de silagem com motor a diesel<\/strong><\/p>    <figure class=\"wp-block-table\"><table><tbody><tr><td>Modelo<\/td><td>TZ-5<\/td><\/tr><tr><td>Tamanho \u00fanico<\/td><td>4,7*1,7*2,2m<\/td><\/tr><tr><td>Tamanho de espalhamento<\/td><td>600*470mm<\/td><\/tr><tr><td>Tamanho da alimenta\u00e7\u00e3o<\/td><td>2500*1400mm<\/td><\/tr><tr><td>N\u00famero de baterias<\/td><td>1<\/td><\/tr><tr><td>Tens\u00e3o<\/td><td>12V<\/td><\/tr><tr><td>Pneu750-16 600-14<\/td><td>3 pecas<\/td><\/tr><tr><td>Tamanho do compartimento<\/td><td>5m\u00b3<\/td><\/tr><tr><td>Consequ\u00eancia <\/td><td>F210\uff084\uff09<\/td><\/tr><tr><td>M\u00e9todo de transporte<\/td><td>raspador<\/td><\/tr><tr><td>M\u00e9todo de propaga\u00e7\u00e3o<\/td><td>bidirecionalidade<\/td><\/tr><tr><td>Freio<\/td><td>freio a \u00f3leo<\/td><\/tr><tr><td>Altura de espalhamento<\/td><td>60cm<\/td><\/tr><tr><td>Transmiss\u00e3o<\/td><td>correntes<\/td><\/tr><tr><td>M\u00e9todo de transmiss\u00e3o<\/td><td>hidr\u00e1ulico<\/td><\/tr><tr><td>Assento<\/td><td>2 unidades<\/td><\/tr><\/tbody><\/table><figcaption class=\"wp-element-caption\">dados do espalhador de mistura de ra\u00e7\u00e3o para silagem diesel<\/figcaption><\/figure>    <p class=\"translation-block\"><strong>Especifica\u00e7\u00f5es do espalhador de ra\u00e7\u00e3o el\u00e9trico<\/strong><\/p>    <figure class=\"wp-block-table\"><table><tbody><tr><td>Modelo<\/td><td>TZ-3<\/td><\/tr><tr><td>Tamanho \u00fanico<\/td><td>3,6*1,5*2,0m<\/td><\/tr><tr><td>Tamanho do compartimento<\/td><td>2,0*1,2*1,4m<\/td><\/tr><tr><td>Largura da correia<\/td><td>400mm<\/td><\/tr><tr><td>N\u00famero de baterias<\/td><td>6<\/td><\/tr><tr><td>Tens\u00e3o de entrada<\/td><td>72 V<\/td><\/tr><tr><td>Especifica\u00e7\u00e3o da bateria<\/td><td>bateria seca Chaowei ou marca Camel<\/td><\/tr><tr><td>Modelo de pneu<\/td><td>Rodas traseiras 3,50*12 (2) + 5,00*12 (1)<\/td><\/tr><tr><td>Tamanho do compartimento<\/td><td>3m\u00b3<\/td><\/tr><tr><td>Consequ\u00eancia<\/td><td>F206\uff084\uff09<\/td><\/tr><tr><td>M\u00e9todo de transporte<\/td><td>avental<\/td><\/tr><tr><td>M\u00e9todo de propaga\u00e7\u00e3o<\/td><td>bidirecionalidade<\/td><\/tr><tr><td>Freio<\/td><td>freio a \u00f3leo<\/td><\/tr><tr><td>Altura de espalhamento<\/td><td>60cm<\/td><\/tr><tr><td>Transmiss\u00e3o<\/td><td>correntes<\/td><\/tr><tr><td>Volante<\/td><td>nodoso<\/td><\/tr><tr><td>Motor el\u00e9trico<\/td><td>1.5\/1.5\/2.2<\/td><\/tr><tr><td>Capacidade de carga<\/td><td>70A<\/td><\/tr><\/tbody><\/table><figcaption class=\"wp-element-caption\">Par\u00e2metros da m\u00e1quina espalhadora de silagem de motor el\u00e9trico<\/figcaption><\/figure>    <h2 class=\"wp-block-heading\"><strong>Vantagens da m\u00e1quina espalhadora misturadora de alimenta\u00e7\u00e3o<\/strong><\/h2>    <ul class=\"wp-block-list\"> <li>Simples e conveniente de usar, f\u00e1cil de operar.<\/li>    <li>Qualidade de produto confi\u00e1vel, dur\u00e1vel.<\/li>    <li>O processo de espalhamento pode ser ajustado de acordo com a densidade do material de alimenta\u00e7\u00e3o do alojamento do gado.<\/li>    <li>Alta efici\u00eancia, economia de tempo e espa\u00e7o agr\u00edcola.<\/li> <\/ul>    <h2 class=\"wp-block-heading\"><strong>Fabricante e fornecedor profissional de espalhador de alimentador de silagem<\/strong><\/h2>    <ul class=\"wp-block-list\"> <li><strong>Tecnologia l\u00edder e desempenho de produto<\/strong>: Os caminh\u00f5es espalhadores de silagem Taizy adotam tecnologia de design e processos de fabrica\u00e7\u00e3o avan\u00e7ados para garantir a alta efici\u00eancia e estabilidade do equipamento. Os ve\u00edculos podem ser equipados com sistemas de energia potentes, sistemas precisos de controle de alimenta\u00e7\u00e3o e modos de opera\u00e7\u00e3o flex\u00edveis, que podem se adaptar \u00e0s necessidades de fazendas de diferentes escalas.<\/li>    <li><strong>Op\u00e7\u00f5es diversificadas de modelos<\/strong>: Oferecemos distribuidores triciclos verticais e horizontais de ra\u00e7\u00e3o para gado para atender \u00e0s necessidades dos clientes em diferentes tipos de distribui\u00e7\u00e3o de ra\u00e7\u00e3o.<\/li>    <li><strong>Fun\u00e7\u00e3o de espalhamento nos dois lados<\/strong>: Alguns espalhadores est\u00e3o equipados com uma fun\u00e7\u00e3o de espalhamento de dupla face, o que melhora muito a efici\u00eancia da alimenta\u00e7\u00e3o, reduz o tempo de espalhamento, ajuda os animais a se alimentarem uniformemente e contribui para melhorar a efici\u00eancia da reprodu\u00e7\u00e3o.<\/li>    <li><strong>Garantia de servi\u00e7o p\u00f3s-venda<\/strong>: Como fabricante respons\u00e1vel, a Taizy oferece servi\u00e7o p\u00f3s-venda e suporte t\u00e9cnico perfeitos para garantir que os usu\u00e1rios possam obter um servi\u00e7o oportuno e eficaz ap\u00f3s a compra, o que aumenta a confian\u00e7a e a satisfa\u00e7\u00e3o dos usu\u00e1rios com o produto.<\/li>    <li><strong>Solu\u00e7\u00f5es personalizadas<\/strong>: Para as necessidades especiais de diferentes clientes, a Taizy tamb\u00e9m pode fornecer solu\u00e7\u00f5es personalizadas de design de espalhadores para se adaptar a diferentes terrenos, diferentes escalas e diferentes modos de alimenta\u00e7\u00e3o do ambiente de pastagem.<\/li> <\/ul>    <figure class=\"wp-block-gallery aligncenter has-nested-images columns-default is-cropped wp-block-gallery-4 is-layout-flex wp-block-gallery-is-layout-flex\"> <figure class=\"wp-block-image size-large\"><img loading=\"lazy\" decoding=\"async\" width=\"720\" height=\"540\" data-id=\"6556\" src=\"https:\/\/taizyagromachine.com\/wp-content\/uploads\/2024\/02\/Automatic-Cattle-Sheep-Camels-Feeding-Mixer-Spreading-Machine.webp\" alt=\"M\u00e1quina autom\u00e1tica de espalhamento e alimenta\u00e7\u00e3o de camelos para ovelhas e gado\" class=\"wp-image-6556\"\/><figcaption class=\"wp-element-caption\">M\u00e1quina autom\u00e1tica de espalhamento e alimenta\u00e7\u00e3o de camelos para ovelhas e gado<\/figcaption><\/figure>    <figure class=\"wp-block-image size-large\"><img loading=\"lazy\" decoding=\"async\" width=\"720\" height=\"540\" data-id=\"6557\" src=\"https:\/\/taizyagromachine.com\/wp-content\/uploads\/2024\/02\/farm-special-electric-tricycle-feed-spreader.webp\" alt=\"espalhador de alimenta\u00e7\u00e3o de triciclo el\u00e9trico especial para fazenda\" class=\"wp-image-6557\"\/><figcaption class=\"wp-element-caption\">espalhador de alimenta\u00e7\u00e3o de triciclo el\u00e9trico especial para fazenda<\/figcaption><\/figure> <\/figure>    <h2 class=\"wp-block-heading\"><strong>Contate-nos para saber o pre\u00e7o do misturador espalhador de ra\u00e7\u00e3o\uff01<\/strong><\/h2>    <p class=\"translation-block\">Quer poupar tempo e esfor\u00e7o na sua quinta com a alimenta\u00e7\u00e3o de gado e ovelhas? Se sim, entre em contacto connosco, tamb\u00e9m temos a m\u00e1quina de enfardar silagem, picadora de forragem, ceifeira de silagem, etc. \u00e0 sua escolha. Recomendaremos a solu\u00e7\u00e3o ideal para si.<\/p>    <figure class=\"wp-block-embed is-type-video is-provider-youtube wp-block-embed-youtube wp-embed-aspect-16-9 wp-has-aspect-ratio\"><div class=\"wp-block-embed__wrapper\"> <iframe loading=\"lazy\" title=\"Distribuidor misturador de ra\u00e7\u00e3o para silagem | M\u00e1quina misturadora e espalhadora de ra\u00e7\u00e3o triciclo em fazendas de gado\" width=\"500\" height=\"281\" src=\"https:\/\/www.youtube.com\/embed\/fw7LzAcXnpc?feature=oembed\" frameborder=\"0\" allow=\"accelerometer; autoplay; clipboard-write; encrypted-media; gyroscope; picture-in-picture; web-share\" referrerpolicy=\"strict-origin-when-cross-origin\" allowfullscreen><\/iframe> <\/div><figcaption class=\"wp-element-caption\">carro de espalhamento de mistura de ra\u00e7\u00e3o para silagem<\/figcaption><\/figure>","protected":false},"excerpt":{"rendered":"<p>Our silage spreader is to throw the finished mixed feeds directly into the feeding area to complete the feeding at once, driven by the tricycle. Our silage feeder mixer spreader has a common capacity of 3 cmb and 5 cmb, with mixing and spreading functions. This silage feed spreader is widely used in agricultural and [&hellip;]<\/p>\n","protected":false},"author":1,"featured_media":6543,"parent":0,"template":"","tags":[],"product-type":[19],"class_list":["post-6542","product","type-product","status-publish","has-post-thumbnail","hentry","product-type-silage-machine"],"_links":{"self":[{"href":"https:\/\/taizyagromachine.com\/pt\/wp-json\/wp\/v2\/product\/6542","targetHints":{"allow":["GET"]}}],"collection":[{"href":"https:\/\/taizyagromachine.com\/pt\/wp-json\/wp\/v2\/product"}],"about":[{"href":"https:\/\/taizyagromachine.com\/pt\/wp-json\/wp\/v2\/types\/product"}],"author":[{"embeddable":true,"href":"https:\/\/taizyagromachine.com\/pt\/wp-json\/wp\/v2\/users\/1"}],"wp:featuredmedia":[{"embeddable":true,"href":"https:\/\/taizyagromachine.com\/pt\/wp-json\/wp\/v2\/media\/6543"}],"wp:attachment":[{"href":"https:\/\/taizyagromachine.com\/pt\/wp-json\/wp\/v2\/media?parent=6542"}],"wp:term":[{"taxonomy":"post_tag","embeddable":true,"href":"https:\/\/taizyagromachine.com\/pt\/wp-json\/wp\/v2\/tags?post=6542"},{"taxonomy":"product-type","embeddable":true,"href":"https:\/\/taizyagromachine.com\/pt\/wp-json\/wp\/v2\/product-type?post=6542"}],"curies":[{"name":"wp","href":"https:\/\/api.w.org\/{rel}","templated":true}]}}