{"id":6571,"date":"2024-02-22T17:50:35","date_gmt":"2024-02-22T09:50:35","guid":{"rendered":"https:\/\/taizyagromachine.com\/?post_type=product&#038;p=6571"},"modified":"2024-02-22T17:52:05","modified_gmt":"2024-02-22T09:52:05","slug":"tmr-feed-mixer-silage-mixer","status":"publish","type":"product","link":"https:\/\/taizyagromachine.com\/pt\/product\/tmr-feed-mixer-silage-mixer\/","title":{"rendered":"Misturador de ra\u00e7\u00e3o TMR para mistura de ra\u00e7\u00e3o animal | Misturador de silagem"},"content":{"rendered":"<p class=\"translation-block\">O misturador de ra\u00e7\u00e3o TMR, tamb\u00e9m chamado de misturador TMR, \u00e9 um tipo de equipamento de processamento de ra\u00e7\u00e3o que integra tritura\u00e7\u00e3o, mistura e homogeneiza\u00e7\u00e3o. Atualmente, \u00e9 maioritariamente utilizado em explora\u00e7\u00f5es de bovinos, ovinos e outras explora\u00e7\u00f5es de animais. <\/p>    <p>De acordo com os diferentes volumes das cabines de mistura, cada misturador de ra\u00e7\u00e3o pode alimentar de 200 a 2.000 vacas por dia, o que pode substituir o trabalho de mais de 20 trabalhadores, reduzir a intensidade de trabalho dos trabalhadores, economizar muito m\u00e3o de obra e recursos financeiros e melhorar a efici\u00eancia alimentar. .<\/p>    <p>Com base na estrutura do projeto, classificamos este misturador de ra\u00e7\u00e3o para gado em misturador de ra\u00e7\u00e3o horizontal e misturador de ra\u00e7\u00e3o vertical. De acordo com os m\u00e9todos de utiliza\u00e7\u00e3o, existem misturadores de silagem fixos e misturadores m\u00f3veis TMR. Interessado? entre em contato conosco para mais detalhes da m\u00e1quina!<\/p>    <h2 class=\"wp-block-heading\"><strong>Tipos de misturadores de ra\u00e7\u00e3o para gado \u00e0 venda<\/strong><\/h2>    <p class=\"translation-block\">Misturador de ra\u00e7\u00e3o vertical \u00e0 venda<\/p>    <p>Este tipo de m\u00e1quina \u00e9 usado principalmente para mistura e agita\u00e7\u00e3o de p\u00f3 e material granular, usando estrutura de eixo vertical, l\u00e2mina espiral que levanta o material para mistura for\u00e7ada, ocupa uma \u00e1rea pequena, \u00e9 f\u00e1cil de alimentar e \u00e9 adequada para produ\u00e7\u00e3o em pequena e m\u00e9dia escala.<\/p>    <figure class=\"wp-block-gallery aligncenter has-nested-images columns-default is-cropped wp-block-gallery-2 is-layout-flex wp-block-gallery-is-layout-flex\"> <figure class=\"wp-block-image size-large\"><img loading=\"lazy\" decoding=\"async\" width=\"720\" height=\"540\" data-id=\"6572\" src=\"https:\/\/taizyagromachine.com\/wp-content\/uploads\/2024\/02\/feed-mixing-equipment.webp\" alt=\"equipamento de mistura de ra\u00e7\u00e3o\" class=\"wp-image-6572\"\/><figcaption class=\"wp-element-caption\">equipamento de mistura de ra\u00e7\u00e3o<\/figcaption><\/figure>    <figure class=\"wp-block-image size-large\"><img loading=\"lazy\" decoding=\"async\" width=\"720\" height=\"540\" data-id=\"6573\" src=\"https:\/\/taizyagromachine.com\/wp-content\/uploads\/2024\/02\/internal-structure-of-vertical-TMR-mixer.webp\" alt=\"estrutura interna do misturador vertical TMR\" class=\"wp-image-6573\"\/><figcaption class=\"wp-element-caption\">estrutura interna do misturador vertical TMR<\/figcaption><\/figure> <\/figure>    <p class=\"translation-block\">Misturador de ra\u00e7\u00e3o horizontal para bovinos<\/p>    <p>\u00c9 adequado para a mistura uniforme de diversos alimentos, mat\u00e9rias-primas qu\u00edmicas, etc. \u00c9 caracterizado pelo desenho de correias espirais de camada dupla ou p\u00e1s no cilindro horizontal, o que garante que os materiais sejam totalmente misturados e tenham menos res\u00edduos, e \u00e9 adequado para opera\u00e7\u00e3o cont\u00ednua de grandes quantidades.<\/p>    <figure class=\"wp-block-gallery aligncenter has-nested-images columns-default is-cropped wp-block-gallery-3 is-layout-flex wp-block-gallery-is-layout-flex\"> <figure class=\"wp-block-image size-large\"><img loading=\"lazy\" decoding=\"async\" width=\"720\" height=\"540\" data-id=\"6579\" src=\"https:\/\/taizyagromachine.com\/wp-content\/uploads\/2024\/02\/animal-feed-mixer-for-sale.webp\" alt=\"Vendo misturador de ra\u00e7\u00e3o animal\" class=\"wp-image-6579\"\/><figcaption class=\"wp-element-caption\">Vendo misturador de ra\u00e7\u00e3o animal<\/figcaption><\/figure>    <figure class=\"wp-block-image size-large\"><img loading=\"lazy\" decoding=\"async\" width=\"720\" height=\"540\" data-id=\"6580\" src=\"https:\/\/taizyagromachine.com\/wp-content\/uploads\/2024\/02\/horizontal-TMR-mixer-for-cattle-feed.webp\" alt=\"misturador horizontal TMR para alimenta\u00e7\u00e3o de gado\" class=\"wp-image-6580\"\/><figcaption class=\"wp-element-caption\">misturador horizontal TMR para alimenta\u00e7\u00e3o de gado<\/figcaption><\/figure> <\/figure>    <p class=\"translation-block\">Misturador de ra\u00e7\u00e3o personalizado com espalhamento<\/p>    <p class=\"translation-block\">Semelhante ao <a href=\"https:\/\/taizyagromachine.com\/pt\/product\/silage-spreader-feed-spreader-mixer\/\">misturador espalhador<\/a>, este \u00e9 projetado e fabricado de acordo com os requisitos especiais do cliente, combinando as fun\u00e7\u00f5es integradas de alimenta\u00e7\u00e3o, mistura e espalhamento, que podem realizar propor\u00e7\u00f5es precisas e mistura eficiente, amplamente utilizado em linhas de produ\u00e7\u00e3o personalizadas. <\/p>    <figure class=\"wp-block-gallery aligncenter has-nested-images columns-default is-cropped wp-block-gallery-4 is-layout-flex wp-block-gallery-is-layout-flex\"> <figure class=\"wp-block-image size-large\"><img loading=\"lazy\" decoding=\"async\" width=\"720\" height=\"540\" data-id=\"6583\" src=\"https:\/\/taizyagromachine.com\/wp-content\/uploads\/2024\/02\/customized-silage-feeder-mixer.webp\" alt=\"misturador alimentador de silagem personalizado\" class=\"wp-image-6583\"\/><figcaption class=\"wp-element-caption\">misturador alimentador de silagem personalizado<\/figcaption><\/figure>    <figure class=\"wp-block-image size-large\"><img loading=\"lazy\" decoding=\"async\" width=\"720\" height=\"540\" data-id=\"6584\" src=\"https:\/\/taizyagromachine.com\/wp-content\/uploads\/2024\/02\/machine-with-mixing-and-feeding-function.webp\" alt=\"m\u00e1quina com fun\u00e7\u00e3o de mistura e alimenta\u00e7\u00e3o\" class=\"wp-image-6584\"\/><figcaption class=\"wp-element-caption\">m\u00e1quina com fun\u00e7\u00e3o de mistura e alimenta\u00e7\u00e3o<\/figcaption><\/figure> <\/figure>    <h2 class=\"wp-block-heading\"><strong>Par\u00e2metros t\u00e9cnicos da m\u00e1quina misturadora de silagem para gado<\/strong><\/h2>    <figure class=\"wp-block-table\"><table><tbody><tr><td>Modelo<\/td><td>TMR-5<\/td><td>TMR-9<\/td><td>TMR-12<\/td><\/tr><tr><td>Capacidade (m\u00b3)<\/td><td>5<\/td><td>9<\/td><td>12<\/td><\/tr><tr><td>Velocidade do sem-fim (R\/min)<\/td><td>23.5<\/td><td>23.5<\/td><td>23.5<\/td><\/tr><tr><td>Peso (kg)<\/td><td>1600<\/td><td>3300<\/td><td>4500<\/td><\/tr><tr><td>Dimens\u00e3o (mm)<\/td><td>3930*1850*2260<\/td><td>4820*2130*2480<\/td><td>5600*2400*2500<\/td><\/tr><tr><td>Forma estrutural<\/td><td>Fixo<\/td><td>Fixo<\/td><td>M\u00f3vel<\/td><\/tr><tr><td>Pot\u00eancia correspondente (kW)<\/td><td>11-15<\/td><td>22-30<\/td><td>50-75<\/td><\/tr><tr><td>Quantidade de l\u00e2minas (pcs)<\/td><td>L\u00e2minas fixas: 7<br>L\u00e2minas m\u00f3veis: 34 <\/td><td>L\u00e2minas fixas: 9<br>L\u00e2minas m\u00f3veis: 56<\/td><td>totalmente 192<\/td><\/tr><\/tbody><\/table><figcaption class=\"wp-element-caption\">especifica\u00e7\u00f5es do misturador de silagem para gado<\/figcaption><\/figure>    <h2 class=\"wp-block-heading\"><strong>Princ\u00edpio de funcionamento do vag\u00e3o misturador<\/strong><\/h2>    <p>O misturador de silagem de ra\u00e7\u00e3o totalmente misturada TMR \u00e9 composto principalmente de uma ou duas brocas. As brocas espirais s\u00e3o divididas em esquerda e direita. Durante a mistura, os materiais s\u00e3o girados e misturados de ambas as extremidades do vag\u00e3o misturador at\u00e9 o meio do misturador ao mesmo tempo.<\/p>    <figure class=\"wp-block-gallery aligncenter has-nested-images columns-default is-cropped wp-block-gallery-5 is-layout-flex wp-block-gallery-is-layout-flex\"> <figure class=\"wp-block-image size-large\"><img loading=\"lazy\" decoding=\"async\" width=\"720\" height=\"540\" data-id=\"6581\" src=\"https:\/\/taizyagromachine.com\/wp-content\/uploads\/2024\/02\/internal-of-TMR-mixer-machine.webp\" alt=\"interno da m\u00e1quina misturadora TMR\" class=\"wp-image-6581\"\/><figcaption class=\"wp-element-caption\">interno da m\u00e1quina misturadora TMR<\/figcaption><\/figure>    <figure class=\"wp-block-image size-large\"><img loading=\"lazy\" decoding=\"async\" width=\"720\" height=\"540\" data-id=\"6582\" src=\"https:\/\/taizyagromachine.com\/wp-content\/uploads\/2024\/02\/working-core-of-cattle-feed-mixing-plant.webp\" alt=\"n\u00facleo de trabalho da planta de mistura de ra\u00e7\u00e3o para gado\" class=\"wp-image-6582\"\/><figcaption class=\"wp-element-caption\">n\u00facleo de trabalho da planta de mistura de ra\u00e7\u00e3o para gado<\/figcaption><\/figure> <\/figure>    <p>Cada guia espiral no corpo espiral do sem-fim \u00e9 equipado com uma l\u00e2mina m\u00f3vel, que realiza o trabalho de corte com os dentes fixos na linha central do misturador alimentador. Corta e mistura as diversas forragens fibrosas e palhas que passam, de modo a obter tritura\u00e7\u00e3o e mistura uniforme com o efeito de alimenta\u00e7\u00e3o com ra\u00e7\u00e3o totalmente misturada.<\/p>    <h2 class=\"wp-block-heading\"><strong>Vantagens do misturador TMR para venda<\/strong><\/h2>    <ul class=\"wp-block-list\"> <li>O design avan\u00e7ado e razo\u00e1vel e a parte inferior do silo alimentador s\u00e3o feitos de liga de a\u00e7o de alta qualidade, adequado para opera\u00e7\u00e3o em qualquer ambiente, trabalho seguro e confi\u00e1vel.<\/li>    <li>A l\u00e2mina de corte \u00e9 feita de material de alta resist\u00eancia ao desgaste com excelente acabamento e a\u00e7o de alta liga de alta qualidade, o que melhora muito a vida \u00fatil e a efici\u00eancia de trabalho do produto.<\/li>    <li>Flex\u00edvel e conveniente, seguro e confi\u00e1vel.<\/li>    <li>Ele pode colocar diretamente silagem e v\u00e1rios tipos de fardos de palha, palha e outros alimentos fibrosos na cabine de mistura para serem picados e misturados, e a velocidade de mistura \u00e9 r\u00e1pida.<\/li>    <li><\/li> <\/ul>    <figure class=\"wp-block-gallery aligncenter has-nested-images columns-default is-cropped wp-block-gallery-6 is-layout-flex wp-block-gallery-is-layout-flex\"> <figure class=\"wp-block-image size-large\"><img loading=\"lazy\" decoding=\"async\" width=\"540\" height=\"720\" data-id=\"6578\" src=\"https:\/\/taizyagromachine.com\/wp-content\/uploads\/2024\/02\/strengths-of-feed-mixing-machine.webp\" alt=\"pontos fortes da m\u00e1quina misturadora de ra\u00e7\u00e3o\" class=\"wp-image-6578\"\/><figcaption class=\"wp-element-caption\">pontos fortes da m\u00e1quina misturadora de ra\u00e7\u00e3o<\/figcaption><\/figure>    <figure class=\"wp-block-image size-large\"><img loading=\"lazy\" decoding=\"async\" width=\"540\" height=\"720\" data-id=\"6577\" src=\"https:\/\/taizyagromachine.com\/wp-content\/uploads\/2024\/02\/internal-display-of-small-tmr-mixer.webp\" alt=\"display interno do pequeno mixer tmr\" class=\"wp-image-6577\"\/><figcaption class=\"wp-element-caption\">display interno do pequeno mixer tmr<\/figcaption><\/figure>    <figure class=\"wp-block-image size-large\"><img loading=\"lazy\" decoding=\"async\" width=\"540\" height=\"720\" data-id=\"6576\" src=\"https:\/\/taizyagromachine.com\/wp-content\/uploads\/2024\/02\/finer-silage-produced-by-cattle-feed-mixers.webp\" alt=\"silagem mais fina produzida por misturadores de ra\u00e7\u00e3o para gado\" class=\"wp-image-6576\"\/><figcaption class=\"wp-element-caption\">silagem mais fina produzida por misturadores de ra\u00e7\u00e3o para gado<\/figcaption><\/figure> <\/figure>    <h2 class=\"wp-block-heading\"><strong>M\u00e1quina de fabrica\u00e7\u00e3o de ra\u00e7\u00e3o para gado leiteiro aplic\u00e1vel a animais<\/strong><\/h2>    <p>Nosso misturador de forragem \u00e9 adequado para alimenta\u00e7\u00e3o de bovinos, vacas, ovelhas, porcos, coelhos, etc., especialmente para pecu\u00e1ria ou pecu\u00e1ria. <\/p>   <div class=\"wp-block-image\"> <figure class=\"aligncenter size-full\"><img loading=\"lazy\" decoding=\"async\" width=\"540\" height=\"720\" src=\"https:\/\/taizyagromachine.com\/wp-content\/uploads\/2024\/02\/applications-of-silage-mixing-machine.webp\" alt=\"aplica\u00e7\u00f5es da m\u00e1quina misturadora de silagem\" class=\"wp-image-6575\"\/><figcaption class=\"wp-element-caption\">aplica\u00e7\u00f5es da m\u00e1quina misturadora de silagem<\/figcaption><\/figure> <\/div>   <h2 class=\"wp-block-heading\"><strong>Por que usar o liquidificador de ra\u00e7\u00e3o animal TMR para misturar silagem?<\/strong><\/h2>    <ul class=\"wp-block-list\"> <li>Capacidade de fornecer nutrientes suficientes para satisfazer as necessidades nutricionais das vacas e aumentar a produ\u00e7\u00e3o de leite;<\/li>    <li>Aumentar o consumo de mat\u00e9ria seca das vacas, excluir a colheita seletiva das vacas para determinado tipo de ra\u00e7\u00e3o, o que contribui para minimizar o custo da formula\u00e7\u00e3o da ra\u00e7\u00e3o;<\/li>    <li>Reduzir bastante a ocorr\u00eancia ocasional de oligoelementos, defici\u00eancia de vitaminas ou envenenamento;<\/li>    <li>Reduzir a incid\u00eancia de doen\u00e7as das vacas e aumentar a taxa de reprodu\u00e7\u00e3o das vacas leiteiras;<\/li>    <li>Economizando muito tempo de trabalho e melhorando a efici\u00eancia econ\u00f4mica.<\/li> <\/ul>    <h2 class=\"wp-block-heading\"><strong>Que tal o pre\u00e7o do misturador de ra\u00e7\u00e3o para silagem?<\/strong><\/h2>    <p>O pre\u00e7o ir\u00e1 variar de acordo com fatores como especifica\u00e7\u00e3o do modelo, capacidade de processamento, grau de automa\u00e7\u00e3o e requisitos de customiza\u00e7\u00e3o. Voc\u00ea pode entrar em contato com nossa equipe de vendas para obter uma cota\u00e7\u00e3o detalhada do produto e um programa de servi\u00e7os de suporte para garantir que voc\u00ea invista em equipamento de mistura de silagem satisfat\u00f3rio a um pre\u00e7o razo\u00e1vel.<\/p>    <h2 class=\"wp-block-heading\"><strong>Contate-nos para mais detalhes da m\u00e1quina!<\/strong><\/h2>    <p class=\"translation-block\">Quer tornar a sua ra\u00e7\u00e3o mais amiga dos animais? Contacte-nos, o nosso misturador de alimenta\u00e7\u00e3o pode ajud\u00e1-lo a alcan\u00e7ar melhor este objetivo, contacte-nos e n\u00f3s fornecer-lhe-emos a melhor oferta de acordo com as suas necessidades.<\/p>","protected":false},"excerpt":{"rendered":"<p>TMR feed mixer, also called TMR mixer, is a kind of feed processing equipment integrating crushing, mixing and blending. At present, it is mostly used in cattle farms, sheep farms and other animal farms. According to the different volumes of mixing cabins, each feed mixer can feed 200-2000 cows per day, which can replace the [&hellip;]<\/p>\n","protected":false},"author":1,"featured_media":6574,"parent":0,"template":"","tags":[],"product-type":[19],"class_list":["post-6571","product","type-product","status-publish","has-post-thumbnail","hentry","product-type-silage-machine"],"_links":{"self":[{"href":"https:\/\/taizyagromachine.com\/pt\/wp-json\/wp\/v2\/product\/6571","targetHints":{"allow":["GET"]}}],"collection":[{"href":"https:\/\/taizyagromachine.com\/pt\/wp-json\/wp\/v2\/product"}],"about":[{"href":"https:\/\/taizyagromachine.com\/pt\/wp-json\/wp\/v2\/types\/product"}],"author":[{"embeddable":true,"href":"https:\/\/taizyagromachine.com\/pt\/wp-json\/wp\/v2\/users\/1"}],"wp:featuredmedia":[{"embeddable":true,"href":"https:\/\/taizyagromachine.com\/pt\/wp-json\/wp\/v2\/media\/6574"}],"wp:attachment":[{"href":"https:\/\/taizyagromachine.com\/pt\/wp-json\/wp\/v2\/media?parent=6571"}],"wp:term":[{"taxonomy":"post_tag","embeddable":true,"href":"https:\/\/taizyagromachine.com\/pt\/wp-json\/wp\/v2\/tags?post=6571"},{"taxonomy":"product-type","embeddable":true,"href":"https:\/\/taizyagromachine.com\/pt\/wp-json\/wp\/v2\/product-type?post=6571"}],"curies":[{"name":"wp","href":"https:\/\/api.w.org\/{rel}","templated":true}]}}