{"id":7010,"date":"2024-08-23T17:50:53","date_gmt":"2024-08-23T09:50:53","guid":{"rendered":"https:\/\/taizyagromachine.com\/?post_type=product&#038;p=7010"},"modified":"2025-04-02T16:54:55","modified_gmt":"2025-04-02T08:54:55","slug":"silage-cutting-machine","status":"publish","type":"product","link":"https:\/\/taizyagromachine.com\/pt\/product\/silage-cutting-machine\/","title":{"rendered":"M\u00e1quina de corte de silagem para fabrica\u00e7\u00e3o de forragem"},"content":{"rendered":"<p class=\"translation-block\">Nossa <strong>m\u00e1quina de corte de silagem<\/strong> \u00e9 usada para cortar e triturar palha seca e molhada, grama, talos de milho, palha de sorgo, feno, etc. em grama fina (comprimento de 10-180mm e largura de \u226410mm) para alimentar animais. Sua capacidade varia de 4t\/h a 15t\/h.<\/p>    <p>Esta m\u00e1quina de corte de palha pode usar um motor el\u00e9trico ou diesel como sistema de energia. Geralmente funciona com a enfardadeira de silagem de milho para fabrica\u00e7\u00e3o e embalagem de silagem. <\/p>    <p>A m\u00e1quina tem a vantagem de alta efici\u00eancia, boa qualidade e amplas aplica\u00e7\u00f5es. Assim, \u00e9 amplamente utilizado em fazendas pecu\u00e1rias e pecu\u00e1rias. <\/p>    <figure class=\"wp-block-embed is-type-video is-provider-youtube wp-block-embed-youtube wp-embed-aspect-16-9 wp-has-aspect-ratio\"><div class=\"wp-block-embed__wrapper\"> <iframe loading=\"lazy\" title=\"Processamento eficiente de silagem: m\u00e1quina de corte de grama | M\u00e1quina cortadora de palha para fazer silagem #silage\" width=\"500\" height=\"281\" src=\"https:\/\/www.youtube.com\/embed\/6nuLWAJHJj8?feature=oembed\" frameborder=\"0\" allow=\"accelerometer; autoplay; clipboard-write; encrypted-media; gyroscope; picture-in-picture; web-share\" referrerpolicy=\"strict-origin-when-cross-origin\" allowfullscreen><\/iframe> <\/div><figcaption class=\"wp-element-caption\">v\u00eddeo da m\u00e1quina de corte de palha de silagem<\/figcaption><\/figure>    <h2 class=\"wp-block-heading\"><strong>Vantagens da m\u00e1quina cortadora de silagem<\/strong><\/h2>    <ul class=\"wp-block-list\"> <li><strong>Produ\u00e7\u00e3o de 4-15t\/h<\/strong>. Nossa m\u00e1quina de corte de silagem pode triturar mat\u00e9rias-primas de silagem de 4-15t\/h, o que \u00e9 eficiente.<\/li>    <li><strong>L\u00e2minas feitas de liga de a\u00e7o<\/strong>. As l\u00e2minas da m\u00e1quina s\u00e3o feitas de materiais de alta qualidade e dur\u00e1veis. <\/li>    <li><strong>Cortar talos secos e molhados, grama, feno, alfafa, etc.<\/strong>. Este cortador de palha tem uma ampla gama de aplica\u00e7\u00f5es e pode cortar talos, grama, feno, palhas, etc.<\/li>    <li><strong>F\u00e1cil de mover<\/strong>. A m\u00e1quina cortadora de forragem Taizy est\u00e1 equipada com rodas pequenas, muito f\u00e1ceis de movimentar.<\/li> <\/ul>   <div class=\"wp-block-image\"> <figure class=\"aligncenter size-full\"><img loading=\"lazy\" decoding=\"async\" width=\"720\" height=\"540\" src=\"https:\/\/taizyagromachine.com\/wp-content\/uploads\/2024\/08\/silage-cutter-machine-for-sale.webp\" alt=\"M\u00e1quina cortadora de silagem para venda\" class=\"wp-image-7017\" srcset=\"https:\/\/taizyagromachine.com\/wp-content\/uploads\/2024\/08\/silage-cutter-machine-for-sale.webp 720w, https:\/\/taizyagromachine.com\/wp-content\/uploads\/2024\/08\/silage-cutter-machine-for-sale-16x12.webp 16w\" sizes=\"auto, (max-width: 720px) 100vw, 720px\" \/><figcaption class=\"wp-element-caption\">M\u00e1quina cortadora de silagem para venda<\/figcaption><\/figure> <\/div>   <h2 class=\"wp-block-heading\"><strong>Dados t\u00e9cnicos do triturador de silagem de milho<\/strong><\/h2>    <figure class=\"wp-block-table\"><table class=\"has-fixed-layout\"><tbody><tr><td>Modelo<\/td><td>9RSZ-4<\/td><td>9RSZ-6<\/td><td>9RSZ-10<\/td><td>9RSZ-15<\/td><\/tr><tr><td>Poder<\/td><td>7,5 kW<\/td><td>15+2,2 kW<\/td><td>22+3kw<\/td><td>30+5,5 kW<\/td><\/tr><tr><td>Velocidade do eixo principal<\/td><td>2860 r\/min<\/td><td>2860 r\/min<\/td><td>2860 r\/min<\/td><td>2100 r\/min<\/td><\/tr><tr><td>Capacidade<\/td><td>4t\/h<\/td><td>6t\/h<\/td><td>10t\/h<\/td><td>15t\/h<\/td><\/tr><tr><td>Quantidade de l\u00e2minas<\/td><td>32 unidades<\/td><td>40 unidades<\/td><td>48 unidades<\/td><td>64 unidades<\/td><\/tr><tr><td>Material das l\u00e2minas<\/td><td>Liga de a\u00e7o<\/td><td>Liga de a\u00e7o<\/td><td>Liga de a\u00e7o<\/td><td>Liga de a\u00e7o<\/td><\/tr><tr><td>Largura de alimenta\u00e7\u00e3o<\/td><td>240mm<\/td><td>300mm<\/td><td>500mm<\/td><td>800mm<\/td><\/tr><tr><td>Comprimento da corrente de alimenta\u00e7\u00e3o<\/td><td>\u22652300 mm<\/td><td>\u22652300 mm<\/td><td>\u22652300 mm<\/td><td>\u22652300 mm<\/td><\/tr><tr><td>Dimens\u00e3o (C*L*A)<\/td><td>2000*750*800mm<\/td><td>3000*900*1050mm<\/td><td>3600*930*1240mm<\/td><td>4200*1170*1250mm<\/td><\/tr><tr><td>Peso<\/td><td>300kg<\/td><td>980kg<\/td><td>1100kg<\/td><td>1400kg<\/td><\/tr><\/tbody><\/table><figcaption class=\"wp-element-caption\">Par\u00e2metros da m\u00e1quina cortadora de palha de silagem<\/figcaption><\/figure>    <p>Como voc\u00ea pode ver na tabela acima, temos \u00e0 venda quatro tipos de amassadeiras, 9RSZ-4, 9RSZ-6, 9RSZ-10 e 9RSZ-15. Voc\u00ea tamb\u00e9m pode saber a produ\u00e7\u00e3o, n\u00famero de l\u00e2minas, material e assim por diante. Se voc\u00ea quiser saber mais informa\u00e7\u00f5es, entre em contato conosco!<\/p>    <figure class=\"wp-block-gallery has-nested-images columns-default is-cropped wp-block-gallery-2 is-layout-flex wp-block-gallery-is-layout-flex\"> <figure class=\"wp-block-image size-large\"><img loading=\"lazy\" decoding=\"async\" width=\"720\" height=\"720\" data-id=\"7019\" src=\"https:\/\/taizyagromachine.com\/wp-content\/uploads\/2024\/08\/corn-silage-chopper-machine.webp\" alt=\"m\u00e1quina picadora de silagem de milho\" class=\"wp-image-7019\" srcset=\"https:\/\/taizyagromachine.com\/wp-content\/uploads\/2024\/08\/corn-silage-chopper-machine.webp 720w, https:\/\/taizyagromachine.com\/wp-content\/uploads\/2024\/08\/corn-silage-chopper-machine-12x12.webp 12w\" sizes=\"auto, (max-width: 720px) 100vw, 720px\" \/><figcaption class=\"wp-element-caption\">m\u00e1quina picadora de silagem de milho<\/figcaption><\/figure>    <figure class=\"wp-block-image size-large\"><img loading=\"lazy\" decoding=\"async\" width=\"720\" height=\"720\" data-id=\"7020\" src=\"https:\/\/taizyagromachine.com\/wp-content\/uploads\/2024\/08\/silage-chaff-cutting-machine.webp\" alt=\"m\u00e1quina de corte de palha de silagem\" class=\"wp-image-7020\" srcset=\"https:\/\/taizyagromachine.com\/wp-content\/uploads\/2024\/08\/silage-chaff-cutting-machine.webp 720w, https:\/\/taizyagromachine.com\/wp-content\/uploads\/2024\/08\/silage-chaff-cutting-machine-12x12.webp 12w\" sizes=\"auto, (max-width: 720px) 100vw, 720px\" \/><figcaption class=\"wp-element-caption\">m\u00e1quina de corte de palha de silagem<\/figcaption><\/figure> <\/figure>    <h2 class=\"wp-block-heading\"><strong>Estrutura da m\u00e1quina picadora de silagem Taizy<\/strong><\/h2>    <p>Nossa m\u00e1quina de corte de silagem consiste em entrada de alimenta\u00e7\u00e3o, dispositivo de corte e amassamento, sa\u00edda de descarga e sistema de transmiss\u00e3o.<\/p>    <ul class=\"wp-block-list\"> <li>Esta m\u00e1quina adota um dispositivo de alimenta\u00e7\u00e3o autom\u00e1tica de corrente, adequado para forragens com di\u00e2metros longos. Pode alimentar a grama de maneira uniforme e cont\u00ednua, economizando m\u00e3o de obra e reduzindo a intensidade de trabalho do operador.<\/li>    <li>Nossa m\u00e1quina de cortar forragem adota um par duplo de rolos de press\u00e3o para sugar e cortar grama, o que melhora o efeito de amassamento. A alimenta\u00e7\u00e3o \u00e9 suave e sem bloqueios, o que melhora a efici\u00eancia do trabalho.<\/li>    <li>A m\u00e1quina est\u00e1 equipada com rodas remov\u00edveis para facilitar a movimenta\u00e7\u00e3o.<\/li> <\/ul>    <figure class=\"wp-block-gallery has-nested-images columns-default is-cropped wp-block-gallery-3 is-layout-flex wp-block-gallery-is-layout-flex\"> <figure class=\"wp-block-image size-full\"><img loading=\"lazy\" decoding=\"async\" width=\"720\" height=\"720\" data-id=\"7024\" src=\"https:\/\/taizyagromachine.com\/wp-content\/uploads\/2024\/08\/machine-feeding-chain.webp\" alt=\"cadeia de alimenta\u00e7\u00e3o da m\u00e1quina\" class=\"wp-image-7024\" srcset=\"https:\/\/taizyagromachine.com\/wp-content\/uploads\/2024\/08\/machine-feeding-chain.webp 720w, https:\/\/taizyagromachine.com\/wp-content\/uploads\/2024\/08\/machine-feeding-chain-12x12.webp 12w\" sizes=\"auto, (max-width: 720px) 100vw, 720px\" \/><figcaption class=\"wp-element-caption\">cadeia de alimenta\u00e7\u00e3o da m\u00e1quina<\/figcaption><\/figure>    <figure class=\"wp-block-image size-full\"><img loading=\"lazy\" decoding=\"async\" width=\"720\" height=\"720\" data-id=\"7023\" src=\"https:\/\/taizyagromachine.com\/wp-content\/uploads\/2024\/08\/internal-parts-of-silage-making-machine.webp\" alt=\"partes internas da m\u00e1quina de fazer silagem\" class=\"wp-image-7023\" srcset=\"https:\/\/taizyagromachine.com\/wp-content\/uploads\/2024\/08\/internal-parts-of-silage-making-machine.webp 720w, https:\/\/taizyagromachine.com\/wp-content\/uploads\/2024\/08\/internal-parts-of-silage-making-machine-12x12.webp 12w\" sizes=\"auto, (max-width: 720px) 100vw, 720px\" \/><figcaption class=\"wp-element-caption\">partes internas da m\u00e1quina de fazer silagem<\/figcaption><\/figure> <\/figure>    <h2 class=\"wp-block-heading\"><strong>Como funciona a m\u00e1quina de corte para silagem de milho?<\/strong><\/h2>    <p>Depois de entender a estrutura da m\u00e1quina, vamos ver como ela funciona.<\/p>    <ul class=\"wp-block-list\"> <li>Em primeiro lugar, ligue o motor do rotor. Depois que a m\u00e1quina funcionar suavemente, ligue o motor redutor do mecanismo de alimenta\u00e7\u00e3o autom\u00e1tica. O dispositivo de alimenta\u00e7\u00e3o autom\u00e1tica come\u00e7a a funcionar.<\/li>    <li>Em seguida, o operador espalha uniformemente a palha na placa da corrente de alimenta\u00e7\u00e3o autom\u00e1tica.<\/li>    <li>Em seguida, o material \u00e9 batido, rasgado e amassado em formas de seda pelos martelos de alta velocidade e placas de amassamento fixas.<\/li>    <li>Finalmente, os produtos acabados s\u00e3o expulsos da m\u00e1quina pela for\u00e7a centr\u00edfuga.<\/li> <\/ul>    <h2 class=\"wp-block-heading\"><strong>Qual \u00e9 o pre\u00e7o da m\u00e1quina picadora de silagem?<\/strong><\/h2>    <p>O pre\u00e7o da m\u00e1quina cortadora de silagem \u00e9 afetado por v\u00e1rios fatores, incluindo modelo da m\u00e1quina, configura\u00e7\u00e3o funcional, tamanho da capacidade e marca. Ao comprar, voc\u00ea precisa combinar suas necessidades espec\u00edficas e or\u00e7amento para escolher o produto com melhor custo-benef\u00edcio.<\/p>    <p>Se voc\u00ea deseja um or\u00e7amento detalhado, entre em contato conosco para obter mais informa\u00e7\u00f5es sobre a m\u00e1quina!<\/p>   <div class=\"wp-block-image\"> <figure class=\"aligncenter size-full\"><img loading=\"lazy\" decoding=\"async\" width=\"720\" height=\"540\" src=\"https:\/\/taizyagromachine.com\/wp-content\/uploads\/2024\/08\/grass-cutting-machine-for-silage-making.webp\" alt=\"m\u00e1quina de corte de grama para fazer silagem\" class=\"wp-image-7021\" srcset=\"https:\/\/taizyagromachine.com\/wp-content\/uploads\/2024\/08\/grass-cutting-machine-for-silage-making.webp 720w, https:\/\/taizyagromachine.com\/wp-content\/uploads\/2024\/08\/grass-cutting-machine-for-silage-making-16x12.webp 16w\" sizes=\"auto, (max-width: 720px) 100vw, 720px\" \/><figcaption class=\"wp-element-caption\">m\u00e1quina de corte de grama para fazer silagem<\/figcaption><\/figure> <\/div>   <h2 class=\"wp-block-heading\"><strong>Dicas para selecionar uma m\u00e1quina de corte de feno adequada<\/strong><\/h2>    <p>Ao escolher a m\u00e1quina de corte de silagem certa, voc\u00ea precisa considerar os seguintes pontos:<\/p>    <ul class=\"wp-block-list\"> <li>Necessidades operacionais (por exemplo, comprimento de corte, capacidade)<\/li>    <li>Durabilidade e f\u00e1cil manuten\u00e7\u00e3o da m\u00e1quina<\/li>    <li>Se o servi\u00e7o p\u00f3s-venda \u00e9 perfeito<\/li> <\/ul>    <p>Escolha a melhor m\u00e1quina de corte de grama considerando o acima exposto.<\/p>    <h2 class=\"wp-block-heading\"><strong>M\u00e1quinas de silagem combinadas<\/strong><\/h2>    <p class=\"translation-block\">Como fabricante e fornecedor profissional de m\u00e1quinas de silagem, estamos neste setor h\u00e1 d\u00e9cadas. De acordo com nossa experi\u00eancia, os clientes geralmente a compram junto com uma <a href=\"https:\/\/taizyagromachine.com\/pt\/product\/silage-baler\/\">m\u00e1quina de embalagem e prensagem de silagem<\/a> para a produ\u00e7\u00e3o e prensagem de silagem.<\/p>    <figure class=\"wp-block-embed is-type-video is-provider-youtube wp-block-embed-youtube wp-embed-aspect-16-9 wp-has-aspect-ratio\"><div class=\"wp-block-embed__wrapper\"> <iframe loading=\"lazy\" title=\"Corte, enfardamento e embalagem eficientes de silagem com cortador de palha e enfardadeira redonda de silagem | Enfardadeira de milho\" width=\"500\" height=\"281\" src=\"https:\/\/www.youtube.com\/embed\/l3m4bY3Ddr8?feature=oembed\" frameborder=\"0\" allow=\"accelerometer; autoplay; clipboard-write; encrypted-media; gyroscope; picture-in-picture; web-share\" referrerpolicy=\"strict-origin-when-cross-origin\" allowfullscreen><\/iframe> <\/div><figcaption class=\"wp-element-caption\">v\u00eddeo de cortador de palha e enfardadeira redonda de silagem<\/figcaption><\/figure>    <p class=\"translation-block\">Al\u00e9m desta m\u00e1quina de corte de silagem, tamb\u00e9m temos outras m\u00e1quinas para fabrica\u00e7\u00e3o de silagem, como <a href=\"https:\/\/taizyagromachine.com\/pt\/product\/straw-crushing-and-recycling-machine\/\">colhedora de forragem<\/a>, cortador de palha e triturador de gr\u00e3os, etc. Se voc\u00ea deseja fazer <a href=\"https:\/\/en.wikipedia.org\/wiki\/Silage\" target=\"_blank\" rel=\"noopener\">silagem<\/a>, entre em contato conosco agora para mais detalhes!<\/p>    <figure class=\"wp-block-embed is-type-video is-provider-youtube wp-block-embed-youtube wp-embed-aspect-16-9 wp-has-aspect-ratio\"><div class=\"wp-block-embed__wrapper\"> <iframe loading=\"lazy\" title=\"CORTE DE CHAFT DE 6T\/H PARA FAZENDO DE SILAGEM | Feedback do helic\u00f3ptero da silagem da fazenda nigeriana para silagem\" width=\"500\" height=\"281\" src=\"https:\/\/www.youtube.com\/embed\/p5lQdpx-SSk?feature=oembed\" frameborder=\"0\" allow=\"accelerometer; autoplay; clipboard-write; encrypted-media; gyroscope; picture-in-picture; web-share\" referrerpolicy=\"strict-origin-when-cross-origin\" allowfullscreen><\/iframe> <\/div><figcaption class=\"wp-element-caption\">m\u00e1quina de corte de feno forrageira<\/figcaption><\/figure>","protected":false},"excerpt":{"rendered":"<p>Nossa m\u00e1quina de corte de silagem \u00e9 usada para cortar e triturar palhas secas e \u00famidas, grama, talos de milho, palhas de sorgo, feno, etc. em grama fina (comprimento de 10-180 mm e largura de \u226410 mm) para alimenta\u00e7\u00e3o de animais. Sua capacidade varia de 4t\/h a 15t\/h.<\/p>","protected":false},"author":1,"featured_media":7012,"parent":0,"template":"","tags":[116],"product-type":[19],"class_list":["post-7010","product","type-product","status-publish","has-post-thumbnail","hentry","tag-silage","product-type-silage-machine"],"_links":{"self":[{"href":"https:\/\/taizyagromachine.com\/pt\/wp-json\/wp\/v2\/product\/7010","targetHints":{"allow":["GET"]}}],"collection":[{"href":"https:\/\/taizyagromachine.com\/pt\/wp-json\/wp\/v2\/product"}],"about":[{"href":"https:\/\/taizyagromachine.com\/pt\/wp-json\/wp\/v2\/types\/product"}],"author":[{"embeddable":true,"href":"https:\/\/taizyagromachine.com\/pt\/wp-json\/wp\/v2\/users\/1"}],"wp:featuredmedia":[{"embeddable":true,"href":"https:\/\/taizyagromachine.com\/pt\/wp-json\/wp\/v2\/media\/7012"}],"wp:attachment":[{"href":"https:\/\/taizyagromachine.com\/pt\/wp-json\/wp\/v2\/media?parent=7010"}],"wp:term":[{"taxonomy":"post_tag","embeddable":true,"href":"https:\/\/taizyagromachine.com\/pt\/wp-json\/wp\/v2\/tags?post=7010"},{"taxonomy":"product-type","embeddable":true,"href":"https:\/\/taizyagromachine.com\/pt\/wp-json\/wp\/v2\/product-type?post=7010"}],"curies":[{"name":"wp","href":"https:\/\/api.w.org\/{rel}","templated":true}]}}