{"id":7059,"date":"2024-09-25T18:30:15","date_gmt":"2024-09-25T10:30:15","guid":{"rendered":"https:\/\/taizyagromachine.com\/?post_type=product&#038;p=7059"},"modified":"2024-10-15T09:44:10","modified_gmt":"2024-10-15T01:44:10","slug":"maize-grit-plant","status":"publish","type":"product","link":"https:\/\/taizyagromachine.com\/pt\/product\/maize-grit-plant\/","title":{"rendered":"Planta de gr\u00e3o de milho totalmente autom\u00e1tica"},"content":{"rendered":"<p class=\"translation-block\">A <strong>planta de gr\u00e3os de milho Taizy<\/strong> \u00e9 totalmente autom\u00e1tica para o processamento de milho para fazer gr\u00e3os de milho grandes e pequenos e farinha de milho pelo m\u00e9todo \u00famido. O tamanho dos produtos finais varia de 0,8 a 8 mm (farinha de milho ou gr\u00e3os de milho).<\/p>    <p>Esta planta de gr\u00e3os de milho adota um m\u00e9todo de descascamento duplo para tornar o produto final de maior qualidade. Al\u00e9m disso, em toda a planta de degermina\u00e7\u00e3o e moagem de milho, a produ\u00e7\u00e3o de uma m\u00e1quina de produ\u00e7\u00e3o de gr\u00e3os de milho \u00e9 de 200-400kg\/h. Se voc\u00ea deseja uma produ\u00e7\u00e3o maior, pode equipar mais. Voc\u00ea tamb\u00e9m pode nos consultar para obter informa\u00e7\u00f5es mais precisas.<\/p>    <figure class=\"wp-block-embed is-type-video is-provider-youtube wp-block-embed-youtube wp-embed-aspect-16-9 wp-has-aspect-ratio\"><div class=\"wp-block-embed__wrapper\"> <iframe loading=\"lazy\" title=\"Processamento completo de gr\u00e3os de milho e farinha de milho: limpeza, descascamento e moagem com m\u00e1quina de gr\u00e3os de milho\" width=\"500\" height=\"281\" src=\"https:\/\/www.youtube.com\/embed\/re0Wd3-MQH4?feature=oembed\" frameborder=\"0\" allow=\"accelerometer; autoplay; clipboard-write; encrypted-media; gyroscope; picture-in-picture; web-share\" referrerpolicy=\"strict-origin-when-cross-origin\" allowfullscreen><\/iframe> <\/div><figcaption class=\"wp-element-caption\">planta de m\u00e1quina para fazer gr\u00e3os de milho \u00famidos<\/figcaption><\/figure>    <h2 class=\"wp-block-heading\"><strong>Como fazer passo a passo gr\u00e3os de milho e farinha de milho?<\/strong><\/h2>    <p class=\"translation-block\">Os passos desta planta de gr\u00e3os de milho s\u00e3o <strong>limpeza do milho\u2192umidifica\u00e7\u00e3o\u2192descascamento\u2192moagem de milho e fabrica\u00e7\u00e3o de gr\u00e3os<\/strong>. Temos equipamentos correspondentes para realizar essas atividades. Veja os detalhes abaixo.<\/p>   <div class=\"wp-block-image\"> <figure class=\"aligncenter size-full\"><img loading=\"lazy\" decoding=\"async\" width=\"842\" height=\"363\" src=\"https:\/\/taizyagromachine.com\/wp-content\/uploads\/2024\/09\/flow-chart-of-maize-grits-processing-plant.webp\" alt=\"fluxograma da planta de processamento de gr\u00e3os de milho\" class=\"wp-image-7073\" srcset=\"https:\/\/taizyagromachine.com\/wp-content\/uploads\/2024\/09\/flow-chart-of-maize-grits-processing-plant.webp 842w, https:\/\/taizyagromachine.com\/wp-content\/uploads\/2024\/09\/flow-chart-of-maize-grits-processing-plant-18x8.webp 18w\" sizes=\"auto, (max-width: 842px) 100vw, 842px\" \/><figcaption class=\"wp-element-caption\">fluxograma da planta de processamento de gr\u00e3os de milho<\/figcaption><\/figure> <\/div>   <ol class=\"wp-block-list\"> <li><strong>Limpeza de milho<\/strong>: esta etapa consiste em retirar impurezas, pedras, etc. do milho.<\/li>    <li><strong>Imers\u00e3o<\/strong>: ap\u00f3s a limpeza, mergulhe o milho em \u00e1gua para amolecer o milho.<\/li>    <li><strong>Descama\u00e7\u00e3o<\/strong>: ent\u00e3o, as cascas de milho. \u00c9 bom para gr\u00e3os de milho subsequentes e moagem de farinha de milho.<\/li>    <li><strong>Moagem<\/strong>: esta etapa consiste em descascar as cascas de milho novamente e, em seguida, moer e moer o milho descascado at\u00e9 obter os gr\u00e3os e a farinha necess\u00e1rios.<\/li> <\/ol>    <p class=\"translation-block\"><strong>Equipamento em cada passo<\/strong><\/p>    <ul class=\"wp-block-list\"> <li><a href=\"https:\/\/taizyagromachine.com\/pt\/product\/corn-cleaning-machine\/\"><strong>Limpador de milho<\/strong><\/a>: remove as impurezas do milho.<\/li>    <li><strong>Silo<\/strong>: Ele ret\u00e9m e embebe principalmente o milho.<\/li>    <li><a href=\"https:\/\/taizyagromachine.com\/pt\/product\/corn-peeling-machine-maize-skin-remove\/\"><strong>M\u00e1quina de descascar milho<\/strong><\/a>: as cascas de milho s\u00e3o retiradas.<\/li>    <li><a href=\"https:\/\/taizyagromachine.com\/pt\/product\/maize-grits-milling-machine\/\"><strong>M\u00e1quina de gr\u00e3o de milho<\/strong><\/a>: esta m\u00e1quina m\u00f3i o milho processado em farinha de milho e gr\u00e3os de milho.<\/li> <\/ul>    <p class=\"translation-block\"><strong>Par\u00e2metros de configura\u00e7\u00e3o da m\u00e1quina da planta de processamento de gr\u00e3os de milho<\/strong><\/p>    <figure class=\"wp-block-table\"><table class=\"has-fixed-layout\"><tbody><tr><td>S\/N<\/td><td>Nome<\/td><td>Poder<\/td><\/tr><tr><td>1<\/td><td>M\u00e1quina de limpeza de milho<\/td><td>4kw<\/td><\/tr><tr><td>2<\/td><td>Silo<\/td><td>1,5 kW<\/td><\/tr><tr><td>3<\/td><td>M\u00e1quina descascadora de milho<\/td><td>11 kW<\/td><\/tr><tr><td>4<\/td><td>M\u00e1quina de fazer gr\u00e3os de milho<\/td><td>7,5+5,5 kW<\/td><\/tr><\/tbody><\/table><figcaption class=\"wp-element-caption\">lista de configura\u00e7\u00e3o para planta de produ\u00e7\u00e3o de gr\u00e3os e germes de milho<\/figcaption><\/figure>    <p>Al\u00e9m do equipamento acima, nossa planta de gr\u00e3os de milho ainda precisa corresponder a:<\/p>    <ul class=\"wp-block-list\"> <li>Transportador<\/li>    <li>Elevador<\/li>    <li>Elevador duplo<\/li>    <li>Funil<\/li>    <li>Caixa de distribui\u00e7\u00e3o<\/li> <\/ul>    <p>Se desejar mais informa\u00e7\u00f5es, n\u00e3o hesite em contactar-nos. Forneceremos os detalhes da m\u00e1quina para sua refer\u00eancia. <\/p>   <div class=\"wp-block-image\"> <figure class=\"aligncenter size-full\"><img loading=\"lazy\" decoding=\"async\" width=\"1020\" height=\"540\" src=\"https:\/\/taizyagromachine.com\/wp-content\/uploads\/2024\/09\/corn-grits-and-flour-milling-plant-in-the-factory.webp\" alt=\"gr\u00e3os de milho e planta de moagem de farinha na f\u00e1brica\" class=\"wp-image-7077\" srcset=\"https:\/\/taizyagromachine.com\/wp-content\/uploads\/2024\/09\/corn-grits-and-flour-milling-plant-in-the-factory.webp 1020w, https:\/\/taizyagromachine.com\/wp-content\/uploads\/2024\/09\/corn-grits-and-flour-milling-plant-in-the-factory-18x10.webp 18w\" sizes=\"auto, (max-width: 1020px) 100vw, 1020px\" \/><figcaption class=\"wp-element-caption\">gr\u00e3os de milho e planta de moagem de farinha na f\u00e1brica<\/figcaption><\/figure> <\/div>   <h2 class=\"wp-block-heading\"><strong>Vantagens da planta de gr\u00e3o de milho<\/strong><\/h2>    <p>A planta de gr\u00e3os de milho oferece uma variedade de vantagens, incluindo:<\/p>    <ul class=\"wp-block-list\"> <li>A planta de degermina\u00e7\u00e3o e moagem de milho pode <strong>fa\u00e7a gr\u00e3os de milho de 0,8-8 mm e fub\u00e1<\/strong> para atender \u00e0s diferentes necessidades dos clientes.<\/li>    <li><strong>1 pessoa pode operar toda a planta<\/strong>, que possui um alto grau de automa\u00e7\u00e3o.<\/li>    <li>Nossa f\u00e1brica de m\u00e1quinas de gr\u00e3os de milho \u00e9 <strong>economia de energia e ecologicamente correta<\/strong>. Adota tecnologia e equipamentos avan\u00e7ados para reduzir o consumo de energia.<\/li>    <li>Esta planta \u00e9<strong> de qualidade alimentar<\/strong>, higi\u00eanico e seguro.<\/li>    <li>Pudermos <strong>configurar flexivelmente o equipamento<\/strong> para atender \u00e0s suas necessidades.<\/li>    <li>\u00c9 um <strong>retorno r\u00e1pido do investimento<\/strong>. Possui um ciclo de produ\u00e7\u00e3o curto e um r\u00e1pido retorno do investimento.<\/li> <\/ul>   <div class=\"wp-block-image\"> <figure class=\"aligncenter size-full\"><img loading=\"lazy\" decoding=\"async\" width=\"720\" height=\"540\" src=\"https:\/\/taizyagromachine.com\/wp-content\/uploads\/2024\/09\/maize-grit-plant-for-corn-processing.webp\" alt=\"planta de gr\u00e3o de milho para processamento de milho\" class=\"wp-image-7079\" srcset=\"https:\/\/taizyagromachine.com\/wp-content\/uploads\/2024\/09\/maize-grit-plant-for-corn-processing.webp 720w, https:\/\/taizyagromachine.com\/wp-content\/uploads\/2024\/09\/maize-grit-plant-for-corn-processing-16x12.webp 16w\" sizes=\"auto, (max-width: 720px) 100vw, 720px\" \/><figcaption class=\"wp-element-caption\">planta de gr\u00e3o de milho para processamento de milho<\/figcaption><\/figure> <\/div>   <h2 class=\"wp-block-heading\"><strong>Aplica\u00e7\u00f5es da planta de moagem de gr\u00e3os de milho<\/strong><\/h2>    <p>Os produtos finais da f\u00e1brica de gr\u00e3os de milho s\u00e3o gr\u00e3os de milho e farinha de milho. Gr\u00e3os de milho e farinha de milho s\u00e3o amplamente utilizados no processamento de alimentos, processamento de ra\u00e7\u00f5es e outras ind\u00fastrias.<\/p>    <ul class=\"wp-block-list\"> <li><strong>Consumo dom\u00e9stico<\/strong>: p\u00e3o cozido no vapor, mingau, etc.<\/li>    <li><strong>Processamento de alimentos<\/strong>: como mat\u00e9ria-prima para panifica\u00e7\u00e3o, massas, alimentos para caf\u00e9 da manh\u00e3, etc.<\/li>    <li><strong>Processamento de alimenta\u00e7\u00e3o<\/strong>: utilizado como mat\u00e9ria-prima para alimenta\u00e7\u00e3o de gado e aves.<\/li>    <li><strong>Produ\u00e7\u00e3o de amido<\/strong>: utilizado como mat\u00e9ria-prima para a produ\u00e7\u00e3o de amido.<\/li> <\/ul>    <h2 class=\"wp-block-heading\"><strong>Qual \u00e9 o pre\u00e7o da m\u00e1quina de gr\u00e3os de milho?<\/strong><\/h2>    <p>O pre\u00e7o da planta de gr\u00e3o de milho Taizy varia dependendo da capacidade, configura\u00e7\u00e3o e marca. De modo geral, o pre\u00e7o de uma pequena unidade de processamento ser\u00e1 relativamente baixo, enquanto o investimento em grandes equipamentos totalmente automatizados ser\u00e1 maior.<\/p>    <p>Se voc\u00ea quiser obter informa\u00e7\u00f5es espec\u00edficas sobre cota\u00e7\u00f5es, recomendamos que entre em contato conosco diretamente. Diga-nos as suas necessidades espec\u00edficas e or\u00e7amento, e iremos fornecer-lhe o melhor or\u00e7amento de acordo com estes.<\/p>   <div class=\"wp-block-image\"> <figure class=\"aligncenter size-full\"><img loading=\"lazy\" decoding=\"async\" width=\"720\" height=\"540\" src=\"https:\/\/taizyagromachine.com\/wp-content\/uploads\/2024\/09\/corn-grit-machine-plant-display.webp\" alt=\"exibi\u00e7\u00e3o de planta de m\u00e1quina de gr\u00e3o de milho\" class=\"wp-image-7081\" srcset=\"https:\/\/taizyagromachine.com\/wp-content\/uploads\/2024\/09\/corn-grit-machine-plant-display.webp 720w, https:\/\/taizyagromachine.com\/wp-content\/uploads\/2024\/09\/corn-grit-machine-plant-display-16x12.webp 16w\" sizes=\"auto, (max-width: 720px) 100vw, 720px\" \/><figcaption class=\"wp-element-caption\">exibi\u00e7\u00e3o de planta de m\u00e1quina de gr\u00e3o de milho<\/figcaption><\/figure> <\/div>   <h2 class=\"wp-block-heading\"><strong>Por que escolher a planta de gr\u00e3os de milho Taizy?<\/strong><\/h2>    <p class=\"translation-block\">A raz\u00e3o para escolher a Taizy entre muitos <a href=\"https:\/\/taizyagromachine.com\/pt\/product\/maize-grits-milling-machine\/\">fornecedores de m\u00e1quinas de produ\u00e7\u00e3o de gr\u00e3os de milho<\/a> no mercado \u00e9:<\/p>    <ul class=\"wp-block-list\"> <li><strong>Tecnologia avan\u00e7ada<\/strong>. Taizy tem muitos anos de experi\u00eancia no desenvolvimento e fabrica\u00e7\u00e3o de equipamentos para processamento de milho. <\/li>    <li><strong>Qualidade confi\u00e1vel<\/strong>. Nossos produtos s\u00e3o de materiais de alta qualidade e dur\u00e1veis. Por exemplo, a estrutura interna da nossa m\u00e1quina para fazer gr\u00e3os de milho \u00e9 de a\u00e7o.<\/li>    <li><strong>Atendimento personalizado<\/strong>. Oferecemos solu\u00e7\u00f5es customizadas de acordo com suas necessidades.<\/li>    <li><strong>Servi\u00e7o p\u00f3s-venda confi\u00e1vel<\/strong>. Teste de m\u00e1quina, comiss\u00e3o, manual de opera\u00e7\u00e3o, orienta\u00e7\u00e3o on-line, etc.<\/li> <\/ul>   <div class=\"wp-block-image\"> <figure class=\"aligncenter size-full\"><img loading=\"lazy\" decoding=\"async\" width=\"720\" height=\"500\" src=\"https:\/\/taizyagromachine.com\/wp-content\/uploads\/2024\/09\/maize-corn-grits-flour-milling-processing-plant.webp\" alt=\"planta de processamento de moagem de farinha de gr\u00e3os de milho de milho\" class=\"wp-image-7083\" srcset=\"https:\/\/taizyagromachine.com\/wp-content\/uploads\/2024\/09\/maize-corn-grits-flour-milling-processing-plant.webp 720w, https:\/\/taizyagromachine.com\/wp-content\/uploads\/2024\/09\/maize-corn-grits-flour-milling-processing-plant-18x12.webp 18w\" sizes=\"auto, (max-width: 720px) 100vw, 720px\" \/><figcaption class=\"wp-element-caption\">planta de processamento de moagem de farinha de gr\u00e3os de milho de milho<\/figcaption><\/figure> <\/div>   <h2 class=\"wp-block-heading\"><strong>Contate-nos agora para mais detalhes!<\/strong><\/h2>    <p class=\"translation-block\">Se voc\u00ea estiver interessado na planta de processamento de gr\u00e3os de milho Taizy ou tiver alguma d\u00favida, sinta-se \u00e0 vontade para entrar em contato conosco. Teremos o prazer em fornecer informa\u00e7\u00f5es detalhadas e sugest\u00f5es para ajud\u00e1-lo a escolher o equipamento mais adequado para atender \u00e0s suas necessidades de <a href=\"https:\/\/en.wikipedia.org\/wiki\/Grits\" target=\"_blank\" rel=\"noopener\">produ\u00e7\u00e3o de gr\u00e3os de milho<\/a>.<\/p>","protected":false},"excerpt":{"rendered":"<p>A planta de gr\u00e3os de milho Taizy destina-se ao processamento de milho para produzir gr\u00e3os de milho grandes e pequenos e farinha de milho pelo m\u00e9todo \u00famido. O tamanho final do produto \u00e9 0,8-8 mm. <\/p>","protected":false},"author":1,"featured_media":7072,"parent":0,"template":"","tags":[228,226,227],"product-type":[27],"class_list":["post-7059","product","type-product","status-publish","has-post-thumbnail","hentry","tag-corn-flour","tag-corn-grits","tag-maize-grits","product-type-solutions"],"_links":{"self":[{"href":"https:\/\/taizyagromachine.com\/pt\/wp-json\/wp\/v2\/product\/7059","targetHints":{"allow":["GET"]}}],"collection":[{"href":"https:\/\/taizyagromachine.com\/pt\/wp-json\/wp\/v2\/product"}],"about":[{"href":"https:\/\/taizyagromachine.com\/pt\/wp-json\/wp\/v2\/types\/product"}],"author":[{"embeddable":true,"href":"https:\/\/taizyagromachine.com\/pt\/wp-json\/wp\/v2\/users\/1"}],"wp:featuredmedia":[{"embeddable":true,"href":"https:\/\/taizyagromachine.com\/pt\/wp-json\/wp\/v2\/media\/7072"}],"wp:attachment":[{"href":"https:\/\/taizyagromachine.com\/pt\/wp-json\/wp\/v2\/media?parent=7059"}],"wp:term":[{"taxonomy":"post_tag","embeddable":true,"href":"https:\/\/taizyagromachine.com\/pt\/wp-json\/wp\/v2\/tags?post=7059"},{"taxonomy":"product-type","embeddable":true,"href":"https:\/\/taizyagromachine.com\/pt\/wp-json\/wp\/v2\/product-type?post=7059"}],"curies":[{"name":"wp","href":"https:\/\/api.w.org\/{rel}","templated":true}]}}