{"id":7334,"date":"2024-11-27T17:40:53","date_gmt":"2024-11-27T09:40:53","guid":{"rendered":"https:\/\/taizyagromachine.com\/?post_type=product&#038;p=7334"},"modified":"2024-11-28T10:50:08","modified_gmt":"2024-11-28T02:50:08","slug":"no-till-corn-planter-machine","status":"publish","type":"product","link":"https:\/\/taizyagromachine.com\/pt\/product\/no-till-corn-planter-machine\/","title":{"rendered":"M\u00e1quina plantadora de milho sem plantio direto para trator"},"content":{"rendered":"<p class=\"translation-block\">Esta <strong>m\u00e1quina semeadora de milho<\/strong> \u00e9 da s\u00e9rie 2BYSF e pode fertilizar e semear sementes de milho, soja ou sorgo em \u00e1reas planas e montanhosas. Foi projetada para trabalhar com trator de 4 rodas (12-100hp), para plantio agr\u00edcola em grande escala.<\/p>    <p>A plantadeira de milho Taizy tem um espa\u00e7amento entre linhas de 428-570 mm, um espa\u00e7amento entre plantas de 140-280 mm e uma profundidade de vala de 60-80 mm. Eles s\u00e3o ajust\u00e1veis \u200b\u200bpara atender \u00e0s suas demandas de semeadura de milho. <\/p>    <p>Com sua alta efici\u00eancia, precis\u00e3o e versatilidade, tornou-se uma importante ferramenta para o plantio agr\u00edcola modernizado. Se voc\u00ea est\u00e1 procurando uma m\u00e1quina de plantar milho, entre em contato conosco para mais detalhes!<\/p>    <figure class=\"wp-block-embed is-type-video is-provider-youtube wp-block-embed-youtube wp-embed-aspect-16-9 wp-has-aspect-ratio\"><div class=\"wp-block-embed__wrapper\"> <iframe loading=\"lazy\" title=\"M\u00e1quina plantadora de milho eficiente para trator | Plantio de milho de alta precis\u00e3o | Plantador de milho com plantio direto\" width=\"500\" height=\"281\" src=\"https:\/\/www.youtube.com\/embed\/RaK92i2FgL4?feature=oembed\" frameborder=\"0\" allow=\"accelerometer; autoplay; clipboard-write; encrypted-media; gyroscope; picture-in-picture; web-share\" referrerpolicy=\"strict-origin-when-cross-origin\" allowfullscreen><\/iframe> <\/div><figcaption class=\"wp-element-caption\">v\u00eddeo de plantador de fileiras \u00e0 venda<\/figcaption><\/figure>    <h2 class=\"wp-block-heading\"><strong>Vantagens da m\u00e1quina plantadora de sementes de milho<\/strong><\/h2>    <ul class=\"wp-block-list\"> <li><strong>Semeadura de v\u00e1rias linhas<\/strong>: geralmente pode semear 2, 3, 4, 5 ou at\u00e9 mais linhas, podendo completar o plantio de grandes \u00e1reas em uma \u00fanica opera\u00e7\u00e3o.<\/li>    <li><strong>Controle preciso<\/strong>: a profundidade de semeadura, o espa\u00e7amento e o espa\u00e7amento entre linhas podem ser ajustados para garantir a limpeza do plantio e a taxa de germina\u00e7\u00e3o das sementes.<\/li>    <li><strong>Opera\u00e7\u00e3o eficiente<\/strong>: contando com a tra\u00e7\u00e3o do trator, \u00e9 adequado para o plantio de grandes \u00e1reas agr\u00edcolas e cobre uma ampla \u00e1rea em uma \u00fanica opera\u00e7\u00e3o, o que melhora muito a efici\u00eancia do plantio.<\/li>    <li><strong>Multifuncionalidade<\/strong>: esta semeadora suporta a opera\u00e7\u00e3o simult\u00e2nea de aplica\u00e7\u00e3o de fertilizantes, realizando a integra\u00e7\u00e3o entre semeadura e aplica\u00e7\u00e3o de fertilizantes.<\/li>    <li><strong>F\u00e1cil manuten\u00e7\u00e3o<\/strong>: estrutura simples do equipamento, forte durabilidade, adequada para m\u00faltiplas opera\u00e7\u00f5es de alta intensidade.<\/li> <\/ul>   <div class=\"wp-block-image\"> <figure class=\"aligncenter size-full\"><img loading=\"lazy\" decoding=\"async\" width=\"720\" height=\"540\" src=\"https:\/\/taizyagromachine.com\/wp-content\/uploads\/2024\/11\/Taizy-corn-and-soybean-planter.webp\" alt=\"Plantador de milho e soja Taizy\" class=\"wp-image-7351\" srcset=\"https:\/\/taizyagromachine.com\/wp-content\/uploads\/2024\/11\/Taizy-corn-and-soybean-planter.webp 720w, https:\/\/taizyagromachine.com\/wp-content\/uploads\/2024\/11\/Taizy-corn-and-soybean-planter-16x12.webp 16w\" sizes=\"auto, (max-width: 720px) 100vw, 720px\" \/><figcaption class=\"wp-element-caption\">Plantador de milho e soja Taizy<\/figcaption><\/figure> <\/div>   <h2 class=\"wp-block-heading\"><strong>Par\u00e2metros t\u00e9cnicos da m\u00e1quina de plantio de milho<\/strong><\/h2>    <p>Como fabricante e produtor profissional de equipamentos agr\u00edcolas, temos m\u00e1quinas plantadoras de milho em diversos tamanhos de fileiras. Nossos plantadores t\u00eam espa\u00e7amento ajust\u00e1vel entre plantas e linhas. Consulte a tabela a seguir para obter detalhes de par\u00e2metros espec\u00edficos.<\/p>    <figure class=\"wp-block-table\"><table class=\"has-fixed-layout\"><tbody><tr><td>Modelo<\/td><td>2BYSF-2<\/td><td>2BYSF-3<\/td><td>2BYSF-4<\/td><td>2BYSF-5<\/td><td>2BYSF-6<\/td><td>2BYSF-8<\/td><\/tr><tr><td>Tamanho<\/td><td>1,57*1,3*1,2m<\/td><td>1,57*1,7*1,2m<\/td><td>1,62*2,35*1,2m<\/td><td>1,62*2,75*1,2m<\/td><td>1,62*3,35*1,2m<\/td><td>1,64*4,6*1,2m<\/td><\/tr><tr><td>Linha<\/td><td>2<\/td><td>3<\/td><td>4<\/td><td>5<\/td><td>6<\/td><td>8<\/td><\/tr><tr><td>Espa\u00e7amento entre linhas<\/td><td>428-570mm<\/td><td>428-570mm<\/td><td>428-570mm<\/td><td>428-570mm<\/td><td>428-570mm<\/td><td>428-570mm<\/td><\/tr><tr><td>Espa\u00e7amento entre plantas<\/td><td>140-280mm<\/td><td>140-280mm<\/td><td>140-280mm<\/td><td>140-280mm<\/td><td>140-280mm<\/td><td>140-280mm<\/td><\/tr><tr><td>Profundidade de vala<\/td><td>60-80mm<\/td><td>60-80mm<\/td><td>60-80mm<\/td><td>60-80mm<\/td><td>60-80mm<\/td><td>60-80mm<\/td><\/tr><tr><td>Profundidade de fertiliza\u00e7\u00e3o<\/td><td>60-80mm<\/td><td>60-80mm<\/td><td>60-80mm<\/td><td>60-80mm<\/td><td>60-80mm<\/td><td>60-80mm<\/td><\/tr><tr><td>Profundidade de semeadura<\/td><td>30-50 mm<\/td><td>30-50 mm<\/td><td>30-50 mm<\/td><td>30-50 mm<\/td><td>30-50 mm<\/td><td>30-50 mm<\/td><\/tr><tr><td>Capacidade do tanque de fertilizante<\/td><td>18,75Lx2<\/td><td>18,75Lx3<\/td><td>18,75Lx4<\/td><td>18,75Lx5<\/td><td>18,75Lx6<\/td><td>18,75Lx8<\/td><\/tr><tr><td>Capacidade da caixa de sementes<\/td><td>8,5Lx2<\/td><td>8,5Lx3<\/td><td>8,5Lx4<\/td><td>8,5Lx5<\/td><td>8,5Lx6<\/td><td>8,5Lx 8<\/td><\/tr><tr><td>Peso<\/td><td>150kg<\/td><td>200kg<\/td><td>295kg<\/td><td>360kg<\/td><td>425kg<\/td><td>650kg<\/td><\/tr><tr><td>Poder correspondente<\/td><td>&nbsp;12-18 cv<\/td><td>15-25 cv<\/td><td>25-40 cv<\/td><td>40-60 cv<\/td><td>50-80 cv<\/td><td>75-100 cv<\/td><\/tr><tr><td>Liga\u00e7\u00e3o<\/td><td>&nbsp;3 pontas<\/td><td>&nbsp;3 pontas<\/td><td>&nbsp;3 pontas<\/td><td>&nbsp;3 pontas<\/td><td>&nbsp;3 pontas<\/td><td>&nbsp;3 pontas<\/td><\/tr><\/tbody><\/table><figcaption class=\"wp-element-caption\">dados t\u00e9cnicos de semeadora de milho 3 pontos para venda<\/figcaption><\/figure>    <h2 class=\"wp-block-heading\"><strong>Estrutura do plantador de milho Taizy<\/strong><\/h2>    <p>Esta plantadeira de milho e feij\u00e3o consiste em caixa de sementes de milho, caixa de fertilizante, regulador de espa\u00e7o entre fileiras, regulador de dist\u00e2ncia de sementes de milho, abridor de valas, dispositivo de cobertura de solo, etc.<\/p>    <ul class=\"wp-block-list\"> <li><strong>Caixa de sementes:<\/strong> grande capacidade, pode atender \u00e0 demanda de opera\u00e7\u00e3o cont\u00ednua de longo prazo.<\/li>    <li><strong>Abridor de sulco<\/strong>: profundidade uniforme de abertura do sulco, adequada para uma variedade de condi\u00e7\u00f5es de solo.<\/li>    <li><strong>Dispositivo de cobertura morta<\/strong>: pode concluir rapidamente a opera\u00e7\u00e3o de cobertura morta ap\u00f3s a semeadura e proteger o ambiente de cultivo das sementes.<\/li>    <li><strong>Sistema de ajuste de espa\u00e7amento entre linhas<\/strong>: ajuste flex\u00edvel do espa\u00e7amento entre linhas de semeadura, adaptando-se \u00e0s necessidades das diferentes culturas.<\/li> <\/ul>   <div class=\"wp-block-image\"> <figure class=\"aligncenter size-full\"><img loading=\"lazy\" decoding=\"async\" width=\"720\" height=\"540\" src=\"https:\/\/taizyagromachine.com\/wp-content\/uploads\/2024\/11\/structure-of-maize-planting-machine.webp\" alt=\"estrutura da m\u00e1quina de plantio de milho\" class=\"wp-image-7338\" srcset=\"https:\/\/taizyagromachine.com\/wp-content\/uploads\/2024\/11\/structure-of-maize-planting-machine.webp 720w, https:\/\/taizyagromachine.com\/wp-content\/uploads\/2024\/11\/structure-of-maize-planting-machine-16x12.webp 16w\" sizes=\"auto, (max-width: 720px) 100vw, 720px\" \/><figcaption class=\"wp-element-caption\">estrutura da m\u00e1quina de plantio de milho<\/figcaption><\/figure> <\/div>   <h2 class=\"wp-block-heading\"><strong>Como funciona a m\u00e1quina plantadora de milho de 3 pontos?<\/strong><\/h2>    <p>Atrav\u00e9s do sistema de transmiss\u00e3o de for\u00e7a, este tipo de semeadora de milho utiliza a tra\u00e7\u00e3o do trator para completar as opera\u00e7\u00f5es de abertura de sulco, semeadura, cobertura morta e supress\u00e3o.<\/p>    <p> Em primeiro lugar, o sulcador da m\u00e1quina cria um sulco de profundidade adequada no solo. O sistema de distribui\u00e7\u00e3o de sementes coloca uniformemente as sementes de milho no sulco, seguido por um dispositivo de cobertura morta que completa a cobertura das sementes. Ao mesmo tempo, o dispositivo de supress\u00e3o compacta o solo para garantir que as sementes estejam em pleno contacto com o solo e para promover a germina\u00e7\u00e3o. <\/p>    <p class=\"translation-block\">Todo o processo \u00e9 automatizado e eficiente, reduzindo a necessidade de m\u00e3o de obra. Tamb\u00e9m \u00e9 poss\u00edvel semear sorgo ou <a href=\"https:\/\/en.wikipedia.org\/wiki\/Soybean\" target=\"_blank\" rel=\"noopener\">soja<\/a> alterando os discos de semeadura.<\/p>   <div class=\"wp-block-image\"> <figure class=\"aligncenter size-full\"><img loading=\"lazy\" decoding=\"async\" width=\"800\" height=\"800\" src=\"https:\/\/taizyagromachine.com\/wp-content\/uploads\/2024\/11\/three-point-hitch-corn-planter-machine.webp\" alt=\"M\u00e1quina plantadora de milho com engate de tr\u00eas pontos\" class=\"wp-image-7353\" srcset=\"https:\/\/taizyagromachine.com\/wp-content\/uploads\/2024\/11\/three-point-hitch-corn-planter-machine.webp 800w, https:\/\/taizyagromachine.com\/wp-content\/uploads\/2024\/11\/three-point-hitch-corn-planter-machine-12x12.webp 12w\" sizes=\"auto, (max-width: 800px) 100vw, 800px\" \/><figcaption class=\"wp-element-caption\">M\u00e1quina plantadora de milho com engate de tr\u00eas pontos<\/figcaption><\/figure> <\/div>   <h2 class=\"wp-block-heading\"><strong>Qual \u00e9 o pre\u00e7o da plantadeira de milho?<\/strong><\/h2>    <p>O pre\u00e7o de uma plantadeira de milho com plantio direto varia de acordo com modelo, acess\u00f3rios, prazo de entrega, marca e desempenho. De modo geral, quanto mais linhas, maior ser\u00e1 o pre\u00e7o da m\u00e1quina. Por exemplo, uma plantadeira de milho de 4 fileiras \u00e9 mais cara do que uma plantadeira de milho de 2 fileiras.<\/p>    <p>O plantador de sementes de milho montado em trator Taizy n\u00e3o s\u00f3 garante a qualidade, mas tamb\u00e9m oferece pre\u00e7os competitivos no mercado para atender aos or\u00e7amentos e necessidades dos clientes. Se desejar pre\u00e7os espec\u00edficos, entre em contato conosco e forneceremos um or\u00e7amento detalhado de acordo com suas necessidades.<\/p>    <figure class=\"wp-block-gallery has-nested-images columns-default is-cropped wp-block-gallery-2 is-layout-flex wp-block-gallery-is-layout-flex\"> <figure class=\"wp-block-image size-large\"><img loading=\"lazy\" decoding=\"async\" width=\"800\" height=\"800\" data-id=\"7350\" src=\"https:\/\/taizyagromachine.com\/wp-content\/uploads\/2024\/11\/no-till-2-row-corn-planter-with-fertilizer.webp\" alt=\"plantador de milho de 2 fileiras sem plantio direto com fertilizante\" class=\"wp-image-7350\" srcset=\"https:\/\/taizyagromachine.com\/wp-content\/uploads\/2024\/11\/no-till-2-row-corn-planter-with-fertilizer.webp 800w, https:\/\/taizyagromachine.com\/wp-content\/uploads\/2024\/11\/no-till-2-row-corn-planter-with-fertilizer-12x12.webp 12w\" sizes=\"auto, (max-width: 800px) 100vw, 800px\" \/><figcaption class=\"wp-element-caption\">plantador de milho de 2 fileiras sem plantio direto com fertilizante<\/figcaption><\/figure>    <figure class=\"wp-block-image size-large\"><img loading=\"lazy\" decoding=\"async\" width=\"800\" height=\"800\" data-id=\"7348\" src=\"https:\/\/taizyagromachine.com\/wp-content\/uploads\/2024\/11\/3-row-planter-for-sale.webp\" alt=\"Vendo plantadeira de 3 fileiras\" class=\"wp-image-7348\" srcset=\"https:\/\/taizyagromachine.com\/wp-content\/uploads\/2024\/11\/3-row-planter-for-sale.webp 800w, https:\/\/taizyagromachine.com\/wp-content\/uploads\/2024\/11\/3-row-planter-for-sale-12x12.webp 12w\" sizes=\"auto, (max-width: 800px) 100vw, 800px\" \/><figcaption class=\"wp-element-caption\">Vendo plantadeira de 3 fileiras<\/figcaption><\/figure>    <figure class=\"wp-block-image size-large\"><img loading=\"lazy\" decoding=\"async\" width=\"800\" height=\"800\" data-id=\"7349\" src=\"https:\/\/taizyagromachine.com\/wp-content\/uploads\/2024\/11\/4-row-corn-planter-machine-with-tractor.webp\" alt=\"M\u00e1quina plantadora de milho de 4 linhas com trator\" class=\"wp-image-7349\" srcset=\"https:\/\/taizyagromachine.com\/wp-content\/uploads\/2024\/11\/4-row-corn-planter-machine-with-tractor.webp 800w, https:\/\/taizyagromachine.com\/wp-content\/uploads\/2024\/11\/4-row-corn-planter-machine-with-tractor-12x12.webp 12w\" sizes=\"auto, (max-width: 800px) 100vw, 800px\" \/><figcaption class=\"wp-element-caption\">M\u00e1quina plantadora de milho de 4 linhas com trator<\/figcaption><\/figure> <\/figure>    <h2 class=\"wp-block-heading\"><strong>Por que escolher o plantador de sementes de milho Taizy como sua primeira escolha?<\/strong><\/h2>    <p>Nossa plantadeira de milho tem as seguintes vantagens para atrair clientes no mercado internacional:<\/p>    <ul class=\"wp-block-list\"> <li><strong>Garantia de alta qualidade<\/strong>: Taizy produz e vende seus pr\u00f3prios produtos para garantir desempenho est\u00e1vel e longa vida \u00fatil do equipamento.<\/li>    <li><strong>Servi\u00e7o completo<\/strong>: n\u00e3o temos apenas v\u00e1rios tipos de m\u00e1quinas plantadoras de milho, mas tamb\u00e9m <a href=\"https:\/\/taizyagromachine.com\/pt\/product\/single-row-corn-harvester\/\">colheitadeira de milho<\/a>, debulhador, moedor de milho e assim por diante. Voc\u00ea pode comprar as m\u00e1quinas de milho necess\u00e1rias de uma s\u00f3 vez em Taizy.<\/li>    <li><strong>Servi\u00e7o p\u00f3s-venda<\/strong>: oferecemos suporte t\u00e9cnico abrangente e servi\u00e7os de manuten\u00e7\u00e3o para garantir que voc\u00ea n\u00e3o tenha preocupa\u00e7\u00f5es.<\/li>    <li><strong>Reconhecimento do cliente<\/strong>: a m\u00e1quina plantadora de milho \u00e9 muito popular no mercado internacional, com alta satisfa\u00e7\u00e3o do cliente.<\/li> <\/ul>    <h2 class=\"wp-block-heading\"><strong>Case de sucesso: exportar 16 conjuntos de plantadores de milho para o Reino Unido<\/strong><\/h2>    <p>Um cliente do Reino Unido, que opera uma empresa de vendas de m\u00e1quinas agr\u00edcolas, escolheu a m\u00e1quina plantadora de milho Taizy depois de comparar v\u00e1rias marcas. O cliente adquiriu 16 conjuntos de plantadores de milho de 3, 4 e 5 linhas de uma s\u00f3 vez, que s\u00e3o exportados principalmente para o mercado africano.<\/p>    <p>O cliente est\u00e1 satisfeito com o desempenho eficiente das m\u00e1quinas e a capacidade precisa de plantio, e tamb\u00e9m elogiou muito a solu\u00e7\u00e3o profissional de carregamento e servi\u00e7o de transporte da Taizy. Este caso de coopera\u00e7\u00e3o destaca a elevada qualidade e ampla aplica\u00e7\u00e3o do equipamento de planta\u00e7\u00e3o de Taiz\u00e9.<\/p>    <figure class=\"wp-block-gallery has-nested-images columns-default is-cropped wp-block-gallery-3 is-layout-flex wp-block-gallery-is-layout-flex\"> <figure class=\"wp-block-image size-large\"><img loading=\"lazy\" decoding=\"async\" width=\"720\" height=\"540\" data-id=\"7343\" src=\"https:\/\/taizyagromachine.com\/wp-content\/uploads\/2024\/11\/seed-drill-in-the-factory.webp\" alt=\"semeadora na f\u00e1brica\" class=\"wp-image-7343\" srcset=\"https:\/\/taizyagromachine.com\/wp-content\/uploads\/2024\/11\/seed-drill-in-the-factory.webp 720w, https:\/\/taizyagromachine.com\/wp-content\/uploads\/2024\/11\/seed-drill-in-the-factory-16x12.webp 16w\" sizes=\"auto, (max-width: 720px) 100vw, 720px\" \/><figcaption class=\"wp-element-caption\">semeadora na f\u00e1brica<\/figcaption><\/figure>    <figure class=\"wp-block-image size-large\"><img loading=\"lazy\" decoding=\"async\" width=\"720\" height=\"540\" data-id=\"7342\" src=\"https:\/\/taizyagromachine.com\/wp-content\/uploads\/2024\/11\/maize-seed-planter-package.webp\" alt=\"pacote de plantador de sementes de milho\" class=\"wp-image-7342\" srcset=\"https:\/\/taizyagromachine.com\/wp-content\/uploads\/2024\/11\/maize-seed-planter-package.webp 720w, https:\/\/taizyagromachine.com\/wp-content\/uploads\/2024\/11\/maize-seed-planter-package-16x12.webp 16w\" sizes=\"auto, (max-width: 720px) 100vw, 720px\" \/><figcaption class=\"wp-element-caption\">pacote de plantador de sementes de milho<\/figcaption><\/figure> <\/figure>    <figure class=\"wp-block-gallery has-nested-images columns-default is-cropped wp-block-gallery-4 is-layout-flex wp-block-gallery-is-layout-flex\"> <figure class=\"wp-block-image size-large\"><img loading=\"lazy\" decoding=\"async\" width=\"720\" height=\"720\" data-id=\"7345\" src=\"https:\/\/taizyagromachine.com\/wp-content\/uploads\/2024\/11\/4-row-corn-planter-machine-in-the-container.webp\" alt=\"M\u00e1quina plantadora de milho de 4 linhas no cont\u00eainer\" class=\"wp-image-7345\" srcset=\"https:\/\/taizyagromachine.com\/wp-content\/uploads\/2024\/11\/4-row-corn-planter-machine-in-the-container.webp 720w, https:\/\/taizyagromachine.com\/wp-content\/uploads\/2024\/11\/4-row-corn-planter-machine-in-the-container-12x12.webp 12w\" sizes=\"auto, (max-width: 720px) 100vw, 720px\" \/><figcaption class=\"wp-element-caption\">M\u00e1quina plantadora de milho de 4 linhas no cont\u00eainer<\/figcaption><\/figure>    <figure class=\"wp-block-image size-large\"><img loading=\"lazy\" decoding=\"async\" width=\"720\" height=\"720\" data-id=\"7346\" src=\"https:\/\/taizyagromachine.com\/wp-content\/uploads\/2024\/11\/machine-delivery-1.webp\" alt=\"entrega da m\u00e1quina\" class=\"wp-image-7346\" srcset=\"https:\/\/taizyagromachine.com\/wp-content\/uploads\/2024\/11\/machine-delivery-1.webp 720w, https:\/\/taizyagromachine.com\/wp-content\/uploads\/2024\/11\/machine-delivery-1-12x12.webp 12w\" sizes=\"auto, (max-width: 720px) 100vw, 720px\" \/><figcaption class=\"wp-element-caption\">entrega da m\u00e1quina<\/figcaption><\/figure> <\/figure>    <h2 class=\"wp-block-heading\"><strong>Contate-nos agora para um or\u00e7amento gratuito!<\/strong><\/h2>    <p>Quer saber mais sobre a m\u00e1quina plantadora de milho Taizy? Quer se trate de configura\u00e7\u00e3o de produtos, detalhes de pre\u00e7os ou servi\u00e7os log\u00edsticos, estamos prontos para fornecer respostas profissionais. Contate-nos agora para solu\u00e7\u00f5es especializadas e pre\u00e7os favor\u00e1veis!<\/p>","protected":false},"excerpt":{"rendered":"<p>Esta m\u00e1quina plantadora de milho \u00e9 da s\u00e9rie 2BYSF e pode fertilizar e semear sementes de milho em plan\u00edcies e \u00e1reas montanhosas. Funciona com trator de 4 rodas (12-100cv).<\/p>","protected":false},"author":1,"featured_media":7337,"parent":0,"template":"","tags":[235,234],"product-type":[17],"class_list":["post-7334","product","type-product","status-publish","has-post-thumbnail","hentry","tag-corn","tag-corn-planting","product-type-corn-machine"],"_links":{"self":[{"href":"https:\/\/taizyagromachine.com\/pt\/wp-json\/wp\/v2\/product\/7334","targetHints":{"allow":["GET"]}}],"collection":[{"href":"https:\/\/taizyagromachine.com\/pt\/wp-json\/wp\/v2\/product"}],"about":[{"href":"https:\/\/taizyagromachine.com\/pt\/wp-json\/wp\/v2\/types\/product"}],"author":[{"embeddable":true,"href":"https:\/\/taizyagromachine.com\/pt\/wp-json\/wp\/v2\/users\/1"}],"wp:featuredmedia":[{"embeddable":true,"href":"https:\/\/taizyagromachine.com\/pt\/wp-json\/wp\/v2\/media\/7337"}],"wp:attachment":[{"href":"https:\/\/taizyagromachine.com\/pt\/wp-json\/wp\/v2\/media?parent=7334"}],"wp:term":[{"taxonomy":"post_tag","embeddable":true,"href":"https:\/\/taizyagromachine.com\/pt\/wp-json\/wp\/v2\/tags?post=7334"},{"taxonomy":"product-type","embeddable":true,"href":"https:\/\/taizyagromachine.com\/pt\/wp-json\/wp\/v2\/product-type?post=7334"}],"curies":[{"name":"wp","href":"https:\/\/api.w.org\/{rel}","templated":true}]}}