{"id":7370,"date":"2024-12-04T14:37:28","date_gmt":"2024-12-04T06:37:28","guid":{"rendered":"https:\/\/taizyagromachine.com\/?post_type=product&#038;p=7370"},"modified":"2024-12-11T11:44:56","modified_gmt":"2024-12-11T03:44:56","slug":"wholesale-maize-shelling-machine","status":"publish","type":"product","link":"https:\/\/taizyagromachine.com\/pt\/product\/wholesale-maize-shelling-machine\/","title":{"rendered":"M\u00e1quina de descascar milho no atacado"},"content":{"rendered":"<p class=\"translation-block\">A debulhadora de milho Taizy foi concebida recentemente para debulhar milho com uma capacidade de 4000-6000kg\/h. Pertence \u00e0 s\u00e9rie 5TYM, com uma taxa de quebra de \u22641,5% e uma taxa de debulha de \u226598%. Esta debulhadora de milho pode usar motor el\u00e9trico, motor a gasolina ou motor a diesel como fonte de energia da m\u00e1quina.<\/p>    <p>Al\u00e9m disso, a m\u00e1quina pode utilizar pneus e quadros grandes, preferidos pelos clientes africanos. \u00c9 o novo modelo ideal para \u00e1reas produtoras de milho, fazendas e profissionais. Nossas m\u00e1quinas s\u00e3o frequentemente vendidas no atacado para clientes em diferentes pa\u00edses, como a Nicar\u00e1gua. Se voc\u00ea quiser saber mais, entre em contato conosco a qualquer momento!<\/p>    <figure class=\"wp-block-embed is-type-video is-provider-youtube wp-block-embed-youtube wp-embed-aspect-16-9 wp-has-aspect-ratio\"><div class=\"wp-block-embed__wrapper\"> <iframe loading=\"lazy\" title=\"Por que comprar esta descascadora de milho com rodas grandes e suporte? M\u00e1quina de descascar milho #cornsheller\" width=\"500\" height=\"281\" src=\"https:\/\/www.youtube.com\/embed\/kxEESK82j0A?feature=oembed\" frameborder=\"0\" allow=\"accelerometer; autoplay; clipboard-write; encrypted-media; gyroscope; picture-in-picture; web-share\" referrerpolicy=\"strict-origin-when-cross-origin\" allowfullscreen><\/iframe> <\/div><figcaption class=\"wp-element-caption\">v\u00eddeo da m\u00e1quina descascadora de milho<\/figcaption><\/figure>    <h2 class=\"wp-block-heading\"><strong>Vantagens da nova m\u00e1quina de descascar milho<\/strong><\/h2>    <ul class=\"wp-block-list\"> <li>Pode processar de 4 a 6 toneladas de milho por hora para atender \u00e0 demanda de produ\u00e7\u00e3o em larga escala, altamente eficiente.<\/li>    <li>A m\u00e1quina adota o projeto cient\u00edfico de debulha, reduzindo a taxa de quebra dos gr\u00e3os de milho (taxa de quebra \u22641,5%).<\/li>    <li>Esta m\u00e1quina pode ser equipada com rodas grandes e estrutura de tra\u00e7\u00e3o, adequada para movimenta\u00e7\u00e3o entre campos e locais.<\/li>    <li>Nossa m\u00e1quina descascadora de milho tem um volume pequeno, estrutura compacta, opera\u00e7\u00e3o e manuten\u00e7\u00e3o convenientes.<\/li> <\/ul>    <figure class=\"wp-block-gallery has-nested-images columns-default is-cropped wp-block-gallery-2 is-layout-flex wp-block-gallery-is-layout-flex\"> <figure class=\"wp-block-image size-large\"><img loading=\"lazy\" decoding=\"async\" width=\"720\" height=\"540\" data-id=\"7375\" src=\"https:\/\/taizyagromachine.com\/wp-content\/uploads\/2024\/12\/cost-effective-corn-shelling-machine.webp\" alt=\"m\u00e1quina de descascar milho econ\u00f4mica\" class=\"wp-image-7375\" srcset=\"https:\/\/taizyagromachine.com\/wp-content\/uploads\/2024\/12\/cost-effective-corn-shelling-machine.webp 720w, https:\/\/taizyagromachine.com\/wp-content\/uploads\/2024\/12\/cost-effective-corn-shelling-machine-16x12.webp 16w\" sizes=\"auto, (max-width: 720px) 100vw, 720px\" \/><figcaption class=\"wp-element-caption\">m\u00e1quina de descascar milho econ\u00f4mica<\/figcaption><\/figure>    <figure class=\"wp-block-image size-large\"><img loading=\"lazy\" decoding=\"async\" width=\"720\" height=\"540\" data-id=\"7376\" src=\"https:\/\/taizyagromachine.com\/wp-content\/uploads\/2024\/12\/maize-sheller-with-big-tyres-and-frame.webp\" alt=\"descascador de milho com pneus grandes e quadro\" class=\"wp-image-7376\" srcset=\"https:\/\/taizyagromachine.com\/wp-content\/uploads\/2024\/12\/maize-sheller-with-big-tyres-and-frame.webp 720w, https:\/\/taizyagromachine.com\/wp-content\/uploads\/2024\/12\/maize-sheller-with-big-tyres-and-frame-16x12.webp 16w\" sizes=\"auto, (max-width: 720px) 100vw, 720px\" \/><figcaption class=\"wp-element-caption\">descascador de milho com pneus grandes e quadro<\/figcaption><\/figure> <\/figure>    <h2 class=\"wp-block-heading\"><strong>Dados t\u00e9cnicos da m\u00e1quina comercial de descascar milho<\/strong><\/h2>    <figure class=\"wp-block-table\"><table><tbody><tr><td>Modelo<\/td><td>5TYM-850<\/td><\/tr><tr><td>Capacidade<\/td><td>4000-6000 kg\/h<\/td><\/tr><tr><td>Taxa de quebra<\/td><td>\u22641,5%<\/td><\/tr><tr><td>Taxa de debulha<\/td><td>\u226598%<\/td><\/tr><tr><td>Poder correspondente<\/td><td>\u22655,5-7,5 kW<\/td><\/tr><tr><td>Peso<\/td><td>340kg<\/td><\/tr><\/tbody><\/table><figcaption class=\"wp-element-caption\">par\u00e2metros da m\u00e1quina de descascar milho<\/figcaption><\/figure>    <p>Nota: a umidade do gr\u00e3o \u00e9 15%-20%, e a propor\u00e7\u00e3o entre gr\u00e3o e grama \u00e9 0,4%-1,0%.<\/p>    <h2 class=\"wp-block-heading\"><strong>Estrutura da m\u00e1quina descascadora de milho<\/strong><\/h2>    <p>Sua estrutura \u00e9 muito f\u00e1cil de entender, composta por ventilador, entrada, sa\u00edda de gr\u00e3o de milho, sa\u00edda de espiga de milho, energia, etc.<\/p>   <div class=\"wp-block-image\"> <figure class=\"aligncenter size-full\"><img loading=\"lazy\" decoding=\"async\" width=\"720\" height=\"540\" src=\"https:\/\/taizyagromachine.com\/wp-content\/uploads\/2024\/12\/structure-of-maize-sheller-machine.webp\" alt=\"estrutura da m\u00e1quina descascadora de milho\" class=\"wp-image-7372\" srcset=\"https:\/\/taizyagromachine.com\/wp-content\/uploads\/2024\/12\/structure-of-maize-sheller-machine.webp 720w, https:\/\/taizyagromachine.com\/wp-content\/uploads\/2024\/12\/structure-of-maize-sheller-machine-16x12.webp 16w\" sizes=\"auto, (max-width: 720px) 100vw, 720px\" \/><figcaption class=\"wp-element-caption\">estrutura da m\u00e1quina descascadora de milho<\/figcaption><\/figure> <\/div>   <h2 class=\"wp-block-heading\"><strong>Como funciona o macine para descascar milho?<\/strong><\/h2>    <p>Durante a debulha, as espigas de milho entram na c\u00e2mara de separa\u00e7\u00e3o pela porta de alimenta\u00e7\u00e3o. A debulha \u00e9 feita batendo os dentes e esfregando os calos. Os gr\u00e3os de milho debulhados caem na peneira vibrat\u00f3ria atrav\u00e9s da placa deslizante de gr\u00e3os. <\/p>    <p>Sob a agita\u00e7\u00e3o da peneira, os gr\u00e3os caem sob a peneira vibrat\u00f3ria e as espigas quebradas s\u00e3o sacudidas para fora da m\u00e1quina na superf\u00edcie da peneira. O farelo e os detritos s\u00e3o sugados para dentro do soprador e descarregados da m\u00e1quina no processo de queda pela abertura de suc\u00e7\u00e3o. As espigas de milho s\u00e3o descarregadas pela sa\u00edda sob o impulso de um tambor.<\/p>   <div class=\"wp-block-image\"> <figure class=\"aligncenter size-full\"><img loading=\"lazy\" decoding=\"async\" width=\"720\" height=\"540\" src=\"https:\/\/taizyagromachine.com\/wp-content\/uploads\/2024\/12\/small-maize-sheller-machine-for-corn-threshing.webp\" alt=\"pequena m\u00e1quina descascadora de milho para debulha de milho\" class=\"wp-image-7373\" srcset=\"https:\/\/taizyagromachine.com\/wp-content\/uploads\/2024\/12\/small-maize-sheller-machine-for-corn-threshing.webp 720w, https:\/\/taizyagromachine.com\/wp-content\/uploads\/2024\/12\/small-maize-sheller-machine-for-corn-threshing-16x12.webp 16w\" sizes=\"auto, (max-width: 720px) 100vw, 720px\" \/><figcaption class=\"wp-element-caption\">pequena m\u00e1quina descascadora de milho para debulha de milho<\/figcaption><\/figure> <\/div>   <h2 class=\"wp-block-heading\"><strong>Qual \u00e9 o pre\u00e7o da m\u00e1quina descascadora de milho?<\/strong><\/h2>    <p>O pre\u00e7o da m\u00e1quina de descascar milho Taizy varia de acordo com caracter\u00edsticas, capacidade, efici\u00eancia de debulha da m\u00e1quina e recursos adicionais, como mobilidade e separa\u00e7\u00e3o de impurezas. Quanto mais recursos e capacidade a m\u00e1quina tiver, maior ser\u00e1 o pre\u00e7o da m\u00e1quina.<\/p>    <p>Se voc\u00ea quiser saber o pre\u00e7o espec\u00edfico da m\u00e1quina, pode entrar em contato conosco diretamente, Taizy. Escolheremos o modelo certo para voc\u00ea de acordo com suas necessidades e or\u00e7amento e recomendaremos o melhor programa.<\/p>    <h2 class=\"wp-block-heading\"><strong>Caso de sucesso: m\u00e1quina de descascar milho no atacado para a Nicar\u00e1gua<\/strong><\/h2>    <p>Um cliente na Nicar\u00e1gua encomendou recentemente um lote de debulhadoras de milho, totalizando 5 unidades, principalmente para as necessidades de venda de agricultores locais e processadores de gr\u00e3os. Este cliente estava preocupado com o desempenho da m\u00e1quina, pre\u00e7o e embalagem de transporte e solicitou garantia de qualidade da m\u00e1quina e seguran\u00e7a no transporte.<\/p>    <p>Com base em suas necessidades, recomendamos descascadores de milho grandes e de desempenho est\u00e1vel, equipados com rodas grandes e estruturas de tra\u00e7\u00e3o para facilitar a movimenta\u00e7\u00e3o entre as fazendas. Ao mesmo tempo, fornecemos embalagens de madeira para cada m\u00e1quina para proteg\u00ea-la contra danos durante o transporte mar\u00edtimo.<\/p>    <p>Depois que o cliente recebeu a m\u00e1quina e a colocou em uso, a efici\u00eancia da debulha foi alta e atendeu \u00e0 demanda do mercado local, o cliente expressou grande satisfa\u00e7\u00e3o com ela e planejou uma maior coopera\u00e7\u00e3o.<\/p>    <figure class=\"wp-block-gallery has-nested-images columns-default is-cropped wp-block-gallery-3 is-layout-flex wp-block-gallery-is-layout-flex\"> <figure class=\"wp-block-image size-full\"><img loading=\"lazy\" decoding=\"async\" width=\"720\" height=\"540\" data-id=\"7374\" src=\"https:\/\/taizyagromachine.com\/wp-content\/uploads\/2024\/12\/maize-shelling-machine-manufacturer.webp\" alt=\"fabricante de m\u00e1quina de descascar milho\" class=\"wp-image-7374\" srcset=\"https:\/\/taizyagromachine.com\/wp-content\/uploads\/2024\/12\/maize-shelling-machine-manufacturer.webp 720w, https:\/\/taizyagromachine.com\/wp-content\/uploads\/2024\/12\/maize-shelling-machine-manufacturer-16x12.webp 16w\" sizes=\"auto, (max-width: 720px) 100vw, 720px\" \/><figcaption class=\"wp-element-caption\">fabricante de m\u00e1quina de descascar milho<\/figcaption><\/figure>    <figure class=\"wp-block-image size-full\"><img loading=\"lazy\" decoding=\"async\" width=\"720\" height=\"540\" data-id=\"7036\" src=\"https:\/\/taizyagromachine.com\/wp-content\/uploads\/2024\/09\/machine-package-ready-for-delivery.webp\" alt=\"pacote de m\u00e1quina pronto para entrega\" class=\"wp-image-7036\" srcset=\"https:\/\/taizyagromachine.com\/wp-content\/uploads\/2024\/09\/machine-package-ready-for-delivery.webp 720w, https:\/\/taizyagromachine.com\/wp-content\/uploads\/2024\/09\/machine-package-ready-for-delivery-16x12.webp 16w\" sizes=\"auto, (max-width: 720px) 100vw, 720px\" \/><figcaption class=\"wp-element-caption\">pacote de m\u00e1quina pronto para entrega<\/figcaption><\/figure> <\/figure>    <h2 class=\"wp-block-heading\"><strong>Contate-nos agora para um or\u00e7amento gratuito!<\/strong><\/h2>    <p class=\"translation-block\">Como fornecedor experiente de maquinaria agr\u00edcola, vendemos v\u00e1rias m\u00e1quinas de milho, como debulhadora de milho doce, moedor de martelo, semeador de milho, etc. <\/p>    <p class=\"translation-block\">Procura equipamento debulhador de milho econ\u00f3mico? Se sim, venha contactar-nos agora. Forneceremos a melhor solu\u00e7\u00e3o de debulha de <a href=\"https:\/\/en.wikipedia.org\/wiki\/Maize\" target=\"_blank\" rel=\"noopener\">milho<\/a> e uma cota\u00e7\u00e3o gratuita para sua refer\u00eancia.<\/p>    <figure class=\"wp-block-embed is-type-video is-provider-youtube wp-block-embed-youtube wp-embed-aspect-16-9 wp-has-aspect-ratio\"><div class=\"wp-block-embed__wrapper\"> <iframe loading=\"lazy\" title=\"M\u00e1quina descascadora de milho eficiente para descascar milho de alta velocidade #cornsheller #maize #thresher\" width=\"500\" height=\"281\" src=\"https:\/\/www.youtube.com\/embed\/qpD6OqSDwFk?feature=oembed\" frameborder=\"0\" allow=\"accelerometer; autoplay; clipboard-write; encrypted-media; gyroscope; picture-in-picture; web-share\" referrerpolicy=\"strict-origin-when-cross-origin\" allowfullscreen><\/iframe> <\/div><figcaption class=\"wp-element-caption\">v\u00eddeo de descascador de milho<\/figcaption><\/figure>","protected":false},"excerpt":{"rendered":"<p>A m\u00e1quina de descascar milho Taizy foi recentemente projetada para debulhar milho com capacidade de 4.000-6.000 kg \/ h, muitas vezes vendida no atacado para diferentes pa\u00edses.<\/p>","protected":false},"author":1,"featured_media":7371,"parent":0,"template":"","tags":[235,237,236],"product-type":[17],"class_list":["post-7370","product","type-product","status-publish","has-post-thumbnail","hentry","tag-corn","tag-shelling","tag-threshing","product-type-corn-machine"],"_links":{"self":[{"href":"https:\/\/taizyagromachine.com\/pt\/wp-json\/wp\/v2\/product\/7370","targetHints":{"allow":["GET"]}}],"collection":[{"href":"https:\/\/taizyagromachine.com\/pt\/wp-json\/wp\/v2\/product"}],"about":[{"href":"https:\/\/taizyagromachine.com\/pt\/wp-json\/wp\/v2\/types\/product"}],"author":[{"embeddable":true,"href":"https:\/\/taizyagromachine.com\/pt\/wp-json\/wp\/v2\/users\/1"}],"wp:featuredmedia":[{"embeddable":true,"href":"https:\/\/taizyagromachine.com\/pt\/wp-json\/wp\/v2\/media\/7371"}],"wp:attachment":[{"href":"https:\/\/taizyagromachine.com\/pt\/wp-json\/wp\/v2\/media?parent=7370"}],"wp:term":[{"taxonomy":"post_tag","embeddable":true,"href":"https:\/\/taizyagromachine.com\/pt\/wp-json\/wp\/v2\/tags?post=7370"},{"taxonomy":"product-type","embeddable":true,"href":"https:\/\/taizyagromachine.com\/pt\/wp-json\/wp\/v2\/product-type?post=7370"}],"curies":[{"name":"wp","href":"https:\/\/api.w.org\/{rel}","templated":true}]}}