{"id":7386,"date":"2024-12-12T17:43:44","date_gmt":"2024-12-12T09:43:44","guid":{"rendered":"https:\/\/taizyagromachine.com\/?post_type=product&#038;p=7386"},"modified":"2024-12-13T09:58:37","modified_gmt":"2024-12-13T01:58:37","slug":"mini-crawler-rotary-tiller","status":"publish","type":"product","link":"https:\/\/taizyagromachine.com\/pt\/product\/mini-crawler-rotary-tiller\/","title":{"rendered":"Leme rotativo de mini esteira multifuncional"},"content":{"rendered":"<p class=\"translation-block\">O cultivador rotativo rastreado Taizy \u00e9 o mais recente cultivador multifuncional, utilizado para sulcar e fertilizar uvas, \u00e1rvores de fruto, wolfberries e outras culturas comerciais.<\/p>    <p>Este micro leme de esteira tem fun\u00e7\u00f5es de abertura de valas, fertiliza\u00e7\u00e3o, aterro autom\u00e1tico, conclus\u00e3o \u00fanica (fertilizante qu\u00edmico + fertilizante org\u00e2nico), separa\u00e7\u00e3o de solo sulcado e fertilizante, preparo rotativo e remo\u00e7\u00e3o de ervas daninhas.<\/p>    <p>Adota uma estrutura de deslocamento sobre esteiras com excelente ader\u00eancia e estabilidade, muito adequada para trabalhar em terrenos lamacentos, escorregadios ou irregulares. Caso tenha interesse, entre em contato conosco para mais detalhes!<\/p>    <figure class=\"wp-block-embed is-type-video is-provider-youtube wp-block-embed-youtube wp-embed-aspect-16-9 wp-has-aspect-ratio\"><div class=\"wp-block-embed__wrapper\"> <iframe loading=\"lazy\" title=\"Mini leme rastreador poderoso | Solu\u00e7\u00e3o agr\u00edcola eficiente: microcultivador agr\u00edcola com esteira\" width=\"500\" height=\"281\" src=\"https:\/\/www.youtube.com\/embed\/VOv-FUahp0s?feature=oembed\" frameborder=\"0\" allow=\"accelerometer; autoplay; clipboard-write; encrypted-media; gyroscope; picture-in-picture; web-share\" referrerpolicy=\"strict-origin-when-cross-origin\" allowfullscreen><\/iframe> <\/div><figcaption class=\"wp-element-caption\">v\u00eddeo de trator de esteira leve com leme rotativo<\/figcaption><\/figure>    <h2 class=\"wp-block-heading\"><strong>Vantagens do leme rotativo de esteira a diesel<\/strong><\/h2>    <ul class=\"wp-block-list\"> <li>Nosso leme rotativo para trator de esteira \u00e9 um equipamento agr\u00edcola eficiente com m\u00faltiplas vantagens significativas:<\/li>    <li>A m\u00e1quina adota o <strong>design de esteira de borracha com forte desempenho de ader\u00eancia<\/strong>, adaptando-se a terrenos complexos.<\/li>    <li>Tem um <strong>tamanho pequeno e dire\u00e7\u00e3o flex\u00edvel<\/strong>, adequado para montanhas, colinas, pomares, estufas, etc.<\/li>    <li>Nosso microcultivador sobre esteiras pode ser usado para <strong>ara\u00e7\u00e3o rotativa, sulcagem, aterro<\/strong> e outras opera\u00e7\u00f5es agr\u00edcolas com alta efici\u00eancia operacional.<\/li>    <li>Comparado com tratores grandes, o minicultivador de esteiras \u00e9 <strong>mais econ\u00f4mico e pr\u00e1tico<\/strong>, especialmente adequado para pequenas explora\u00e7\u00f5es agr\u00edcolas ou agricultores individuais.<\/li> <\/ul>   <div class=\"wp-block-image\"> <figure class=\"aligncenter size-full\"><img loading=\"lazy\" decoding=\"async\" width=\"720\" height=\"540\" src=\"https:\/\/taizyagromachine.com\/wp-content\/uploads\/2024\/12\/light-weighed-crawler-tractor-with-rotary-tiller.webp\" alt=\"trator de esteira leve com leme rotativo\" class=\"wp-image-7392\" srcset=\"https:\/\/taizyagromachine.com\/wp-content\/uploads\/2024\/12\/light-weighed-crawler-tractor-with-rotary-tiller.webp 720w, https:\/\/taizyagromachine.com\/wp-content\/uploads\/2024\/12\/light-weighed-crawler-tractor-with-rotary-tiller-16x12.webp 16w\" sizes=\"auto, (max-width: 720px) 100vw, 720px\" \/><figcaption class=\"wp-element-caption\">trator de esteira leve com leme rotativo<\/figcaption><\/figure> <\/div>   <h2 class=\"wp-block-heading\"><strong>Par\u00e2metros t\u00e9cnicos do mini trator de esteira <\/strong><\/h2>    <figure class=\"wp-block-table\"><table class=\"has-fixed-layout\"><tbody><tr><td><strong>Peso<\/strong><strong><\/strong><\/td><td>650kg<\/td><td><strong>Tamanho<\/strong><strong><\/strong><\/td><td>2500*900*950mm<\/td><\/tr><tr><td><strong>Altura do solo<\/strong><strong><\/strong><\/td><td>200mm<\/td><td><strong>Largura de preparo rotativo<\/strong><strong><\/strong><\/td><td>1000mm<\/td><\/tr><tr><td><strong>Elevador<\/strong><strong><\/strong><\/td><td>Controle Hidr\u00e1ulico<\/td><td><strong>Velocidade de trabalho<\/strong><strong><\/strong><\/td><td>0,17-0,2 hectares\/h<\/td><\/tr><tr><td><strong>Engrenagem<\/strong><strong><\/strong><\/td><td>3 marchas \u00e0 frente, 1 marcha \u00e0 r\u00e9<\/td><td><strong>Trabalho em declive<\/strong><strong><\/strong><\/td><td>45\u00b0<\/td><\/tr><tr><td><strong>M\u00e9todo de inicializa\u00e7\u00e3o<\/strong><strong><\/strong><\/td><td>Partida el\u00e9trica<\/td><td><strong>Dire\u00e7\u00e3o<\/strong><strong><\/strong><\/td><td>Alavanca de opera\u00e7\u00e3o esquerda e direita<\/td><\/tr><tr><td><strong>Fun\u00e7\u00e3o<\/strong><strong><\/strong><\/td><td colspan=\"3\"><a href=\"https:\/\/en.wikipedia.org\/wiki\/Bulldozer\" target=\"_blank\" rel=\"noopener\">Destrui\u00e7\u00e3o<\/a>, preparo rotativo, abertura de valas, capina, aterro<\/td><\/tr><\/tbody><\/table><figcaption class=\"wp-element-caption\">especifica\u00e7\u00f5es do leme rotativo sobre esteiras<\/figcaption><\/figure>    <p>Este cultivador tipo esteira tem capacidade de 0,17-0,2hectare\/h, utiliza partida el\u00e9trica e pesa 650kg. Al\u00e9m disso, na tabela acima, voc\u00ea pode saber seu tamanho, velocidade de trabalho, etc. Se quiser mais detalhes, entre em contato conosco!<\/p>    <h2 class=\"wp-block-heading\"><strong>Estrutura do leme rotativo micro rastreador<\/strong><\/h2>    <p>Nosso leme rotativo para trator de esteira possui uma estrutura compacta e razo\u00e1vel, consistindo de cesto, motor diesel, alavanca de dire\u00e7\u00e3o, assento, leme rotativo (ou outras ferramentas agr\u00edcolas), esteira, etc.<\/p>   <div class=\"wp-block-image\"> <figure class=\"aligncenter size-full\"><img loading=\"lazy\" decoding=\"async\" width=\"720\" height=\"540\" src=\"https:\/\/taizyagromachine.com\/wp-content\/uploads\/2024\/12\/structure-of-mini-crawler-power-tiller.webp\" alt=\"estrutura do mini leme motorizado sobre esteiras\" class=\"wp-image-7388\" srcset=\"https:\/\/taizyagromachine.com\/wp-content\/uploads\/2024\/12\/structure-of-mini-crawler-power-tiller.webp 720w, https:\/\/taizyagromachine.com\/wp-content\/uploads\/2024\/12\/structure-of-mini-crawler-power-tiller-16x12.webp 16w\" sizes=\"auto, (max-width: 720px) 100vw, 720px\" \/><figcaption class=\"wp-element-caption\">estrutura do mini leme motorizado sobre esteiras<\/figcaption><\/figure> <\/div>   <h2 class=\"wp-block-heading\"><strong>Qual \u00e9 o pre\u00e7o do micro leme rastreador?<\/strong><\/h2>    <p>O pre\u00e7o de um minitrator de esteira com esteira varia de acordo com modelo, caracter\u00edsticas, configura\u00e7\u00e3o e local de origem. De um modo geral, os modelos padr\u00e3o t\u00eam pre\u00e7os moderados e s\u00e3o adequados para a maioria das necessidades dos agricultores. Modelos com mais recursos ou mais fun\u00e7\u00f5es ser\u00e3o um pouco mais caros. Caso necessite personalizar uma configura\u00e7\u00e3o especial, o pre\u00e7o ser\u00e1 ajustado de acordo. <\/p>    <p>Ao comprar um cultivador de leme rotativo com mini trator de esteira a diesel, podemos recomendar um leme rotativo de trator de esteira a diesel adequado para atender \u00e0s suas necessidades e or\u00e7amento.<\/p>   <div class=\"wp-block-image\"> <figure class=\"aligncenter size-full\"><img loading=\"lazy\" decoding=\"async\" width=\"720\" height=\"540\" src=\"https:\/\/taizyagromachine.com\/wp-content\/uploads\/2024\/12\/small-crawler-tiller-micro-cultivator-for-orchard.webp\" alt=\"Micro cultivador de leme pequeno para pomar\" class=\"wp-image-7393\" srcset=\"https:\/\/taizyagromachine.com\/wp-content\/uploads\/2024\/12\/small-crawler-tiller-micro-cultivator-for-orchard.webp 720w, https:\/\/taizyagromachine.com\/wp-content\/uploads\/2024\/12\/small-crawler-tiller-micro-cultivator-for-orchard-16x12.webp 16w\" sizes=\"auto, (max-width: 720px) 100vw, 720px\" \/><figcaption class=\"wp-element-caption\">Micro cultivador de leme pequeno para pomar<\/figcaption><\/figure> <\/div>   <h2 class=\"wp-block-heading\"><strong>Por que escolher a Taizy como fornecedor de leme rotativo de micro esteira?<\/strong><\/h2>    <p>No mercado agr\u00edcola, Taizy \u00e9 um nome confi\u00e1vel, com os seguintes pontos fortes:<\/p>    <ul class=\"wp-block-list\"> <li><strong>Servi\u00e7o completo<\/strong>: a parte traseira do microcultivador sobre esteiras pode ser substitu\u00edda por outros implementos agr\u00edcolas, como sulcadores, buld\u00f4zer, etc.<\/li>    <li><strong>Pre\u00e7o razo\u00e1vel<\/strong>: em compara\u00e7\u00e3o com produtos similares no mercado, o cultivador de micro leme rotativo sobre esteiras Taizy tem um pre\u00e7o mais razo\u00e1vel com a mesma qualidade e desempenho. Ao mesmo tempo, muitas vezes oferecemos pol\u00edticas preferenciais aos clientes para ajudar os agricultores a reduzir o custo de compra.<\/li>    <li><strong>Servi\u00e7o p\u00f3s-venda perfeito<\/strong>: Taizy fornece servi\u00e7o p\u00f3s-venda abrangente, incluindo comissionamento de equipamentos, treinamento operacional e suporte de manuten\u00e7\u00e3o. N\u00e3o importa quais problemas voc\u00ea encontre, nossa equipe profissional lhe dar\u00e1 ajuda oportuna. Voc\u00ea pode comprar com confian\u00e7a e us\u00e1-lo com tranquilidade.<\/li>    <li><strong>Marca reconhecida internacionalmente<\/strong>: Como uma marca bem conhecida de m\u00e1quinas agr\u00edcolas, os produtos da Taizy foram vendidos para muitos pa\u00edses e s\u00e3o amplamente elogiados por usu\u00e1rios em todo o mundo. N\u00e3o apenas motocultivador sobre esteiras, mas tamb\u00e9m <a href=\"https:\/\/taizyagromachine.com\/pt\/product\/reaper-machine\/\">m\u00e1quina ceifadora<\/a>, <a href=\"https:\/\/taizyagromachine.com\/pt\/product\/two-wheel-drive-walking-type-tractor\/\">trator de passeio<\/a> e muito mais.<\/li> <\/ul>    <figure class=\"wp-block-gallery has-nested-images columns-default is-cropped wp-block-gallery-2 is-layout-flex wp-block-gallery-is-layout-flex\"> <figure class=\"wp-block-image size-large\"><img loading=\"lazy\" decoding=\"async\" width=\"720\" height=\"540\" data-id=\"7395\" src=\"https:\/\/taizyagromachine.com\/wp-content\/uploads\/2024\/12\/micro-crawler-rotary-cultivator-manufacturer.webp\" alt=\"fabricante de cultivador rotativo de micro esteiras\" class=\"wp-image-7395\" srcset=\"https:\/\/taizyagromachine.com\/wp-content\/uploads\/2024\/12\/micro-crawler-rotary-cultivator-manufacturer.webp 720w, https:\/\/taizyagromachine.com\/wp-content\/uploads\/2024\/12\/micro-crawler-rotary-cultivator-manufacturer-16x12.webp 16w\" sizes=\"auto, (max-width: 720px) 100vw, 720px\" \/><figcaption class=\"wp-element-caption\">fabricante de cultivador rotativo de micro esteiras<\/figcaption><\/figure>    <figure class=\"wp-block-image size-large\"><img loading=\"lazy\" decoding=\"async\" width=\"720\" height=\"540\" data-id=\"7394\" src=\"https:\/\/taizyagromachine.com\/wp-content\/uploads\/2024\/12\/crawler-type-rotary-tiller-factory.webp\" alt=\"f\u00e1brica de leme rotativo tipo esteira rolante\" class=\"wp-image-7394\" srcset=\"https:\/\/taizyagromachine.com\/wp-content\/uploads\/2024\/12\/crawler-type-rotary-tiller-factory.webp 720w, https:\/\/taizyagromachine.com\/wp-content\/uploads\/2024\/12\/crawler-type-rotary-tiller-factory-16x12.webp 16w\" sizes=\"auto, (max-width: 720px) 100vw, 720px\" \/><figcaption class=\"wp-element-caption\">f\u00e1brica de leme rotativo tipo esteira rolante<\/figcaption><\/figure> <\/figure>    <h2 class=\"wp-block-heading\"><strong>Contacte-nos para mais detalhes!<\/strong><\/h2>    <p>Procurando um minicultivador sobre esteiras de alto desempenho? Entre em contato com Taizy hoje mesmo! Nossa equipe est\u00e1 pronta para fornecer informa\u00e7\u00f5es detalhadas sobre produtos, suporte t\u00e9cnico e solu\u00e7\u00f5es personalizadas para atender \u00e0s suas necessidades. Entre em contato agora e descubra como a Taizy pode ajudar a melhorar a efici\u00eancia da sua lavoura!<\/p>","protected":false},"excerpt":{"rendered":"<p>O leme rotativo sobre esteiras Taizy \u00e9 o mais recente cultivador multifuncional, usado para sulcar e fertilizar uvas, \u00e1rvores frut\u00edferas, wolfberries e outras culturas comerciais.<\/p>","protected":false},"author":1,"featured_media":7387,"parent":0,"template":"","tags":[239,238],"product-type":[22],"class_list":["post-7386","product","type-product","status-publish","has-post-thumbnail","hentry","tag-farming","tag-tiller","product-type-others"],"_links":{"self":[{"href":"https:\/\/taizyagromachine.com\/pt\/wp-json\/wp\/v2\/product\/7386","targetHints":{"allow":["GET"]}}],"collection":[{"href":"https:\/\/taizyagromachine.com\/pt\/wp-json\/wp\/v2\/product"}],"about":[{"href":"https:\/\/taizyagromachine.com\/pt\/wp-json\/wp\/v2\/types\/product"}],"author":[{"embeddable":true,"href":"https:\/\/taizyagromachine.com\/pt\/wp-json\/wp\/v2\/users\/1"}],"wp:featuredmedia":[{"embeddable":true,"href":"https:\/\/taizyagromachine.com\/pt\/wp-json\/wp\/v2\/media\/7387"}],"wp:attachment":[{"href":"https:\/\/taizyagromachine.com\/pt\/wp-json\/wp\/v2\/media?parent=7386"}],"wp:term":[{"taxonomy":"post_tag","embeddable":true,"href":"https:\/\/taizyagromachine.com\/pt\/wp-json\/wp\/v2\/tags?post=7386"},{"taxonomy":"product-type","embeddable":true,"href":"https:\/\/taizyagromachine.com\/pt\/wp-json\/wp\/v2\/product-type?post=7386"}],"curies":[{"name":"wp","href":"https:\/\/api.w.org\/{rel}","templated":true}]}}