{"id":7410,"date":"2024-12-18T16:53:21","date_gmt":"2024-12-18T08:53:21","guid":{"rendered":"https:\/\/taizyagromachine.com\/?post_type=product&#038;p=7410"},"modified":"2024-12-18T17:01:22","modified_gmt":"2024-12-18T09:01:22","slug":"small-corn-harvesting-machine","status":"publish","type":"product","link":"https:\/\/taizyagromachine.com\/pt\/product\/small-corn-harvesting-machine\/","title":{"rendered":"M\u00e1quina colhedora de milho pequena com assento"},"content":{"rendered":"<p class=\"translation-block\">A <strong>m\u00e1quina de colheita de milho<\/strong> Taizy combina as fun\u00e7\u00f5es de recolha, descascamento, esmagamento de palha e recolha de espigas de milho, completando de forma eficiente e r\u00e1pida a tarefa de colheita de milho. Pode colher milho de 0,05-0,12 hectares por hora.<\/p>    <p>Esta m\u00e1quina colheitadeira mazie tem um design de assento, pneus grandes e \u00e9 movida por 25 cv. Com sua alta efici\u00eancia, economia de trabalho, economia e praticidade, \u00e9 adequado para uma ampla variedade de terrenos e requisitos de trabalho. A m\u00e1quina \u00e9 ideal para opera\u00e7\u00f5es cont\u00ednuas de colheita de milho.<\/p>    <p>Se voc\u00ea estiver interessado neste equipamento, entre em contato conosco para mais informa\u00e7\u00f5es!<\/p>    <figure class=\"wp-block-embed is-type-video is-provider-youtube wp-block-embed-youtube wp-embed-aspect-16-9 wp-has-aspect-ratio\"><div class=\"wp-block-embed__wrapper\"> <iframe loading=\"lazy\" title=\"Colheita de milho eficiente com colhedora de milho Taizy | Colhedor de milho\" width=\"500\" height=\"281\" src=\"https:\/\/www.youtube.com\/embed\/RQLRhR-9diU?feature=oembed\" frameborder=\"0\" allow=\"accelerometer; autoplay; clipboard-write; encrypted-media; gyroscope; picture-in-picture; web-share\" referrerpolicy=\"strict-origin-when-cross-origin\" allowfullscreen><\/iframe> <\/div><figcaption class=\"wp-element-caption\">v\u00eddeo de trabalho da m\u00e1quina colhedora de milho<\/figcaption><\/figure>    <h2 class=\"wp-block-heading\"><strong>Vantagens da pequena colheitadeira de milho<\/strong><\/h2>    <ul class=\"wp-block-list\"> <li><strong>Design com assento<\/strong>: a m\u00e1quina est\u00e1 equipada com um assento confort\u00e1vel, o operador pode sentar-se e trabalhar, reduzindo significativamente a intensidade do trabalho e melhorando o conforto no trabalho.<\/li>    <li><strong>Opera\u00e7\u00e3o de linha \u00fanica<\/strong>: projetada para plantio em pequena escala, a colhedora de milho \u00e9 adequada para terras agr\u00edcolas com espa\u00e7amento entre fileiras pequeno e terrenos complicados.<\/li>    <li><strong>Colheita de alta efici\u00eancia<\/strong>: completa o trabalho de separa\u00e7\u00e3o, separa\u00e7\u00e3o e coleta de uma s\u00f3 vez, economizando muito trabalho e tempo.<\/li>    <li><strong>Flex\u00edvel e conveniente<\/strong>: esta m\u00e1quina tem um tamanho compacto e um pequeno raio de giro, adequado para plan\u00edcies, colinas e outros terrenos.<\/li>    <li>\u00c9 acess\u00edvel, simples de operar e f\u00e1cil de manter.<\/li> <\/ul>   <div class=\"wp-block-image\"> <figure class=\"aligncenter size-full\"><img loading=\"lazy\" decoding=\"async\" width=\"720\" height=\"540\" src=\"https:\/\/taizyagromachine.com\/wp-content\/uploads\/2024\/12\/mini-corn-harvester-machine.webp\" alt=\"mini m\u00e1quina colheitadeira de milho\" class=\"wp-image-7418\" srcset=\"https:\/\/taizyagromachine.com\/wp-content\/uploads\/2024\/12\/mini-corn-harvester-machine.webp 720w, https:\/\/taizyagromachine.com\/wp-content\/uploads\/2024\/12\/mini-corn-harvester-machine-16x12.webp 16w\" sizes=\"auto, (max-width: 720px) 100vw, 720px\" \/><figcaption class=\"wp-element-caption\">mini m\u00e1quina colheitadeira de milho<\/figcaption><\/figure> <\/div>   <h2 class=\"wp-block-heading\"><strong>Dados t\u00e9cnicos da colheitadeira de milho<\/strong><\/h2>    <figure class=\"wp-block-table\"><table><tbody><tr><td>Modelo<\/td><td>CM4YZP-1<\/td><\/tr><tr><td>Poder&nbsp;<\/td><td>25cv<\/td><\/tr><tr><td>Produtividade<\/td><td>0,05-0,12h\u33a1\/h<\/td><\/tr><tr><td>Faixa de trabalho<\/td><td>650mm<\/td><\/tr><tr><td>Dist\u00e2ncia m\u00ednima ao solo<\/td><td>200mm<\/td><\/tr><tr><td>Velocidade nominal<\/td><td>2200 r\/min<\/td><\/tr><tr><td>Tamanho<\/td><td>3650*1000*1270mm<\/td><\/tr><tr><td>Peso<\/td><td>980kg<\/td><\/tr><\/tbody><\/table><figcaption class=\"wp-element-caption\">especifica\u00e7\u00f5es da mini m\u00e1quina colheitadeira de milho<\/figcaption><\/figure>    <h2 class=\"wp-block-heading\"><strong>Estrutura<\/strong> <strong>da m\u00e1quina de colheita de milho<\/strong><\/h2>    <p>A m\u00e1quina foi projetada para ser compacta e eficiente, composta principalmente por mesa de corte, dispositivo de transporte, dispositivo de descascamento, coleta, sistema de energia, assento, etc.<\/p>    <ul class=\"wp-block-list\"> <li>Mesa de corte: utilizada para cortar os talos do milho e separar as espigas do milho.<\/li>    <li>Transportador: transfere as espigas da mesa de corte para o descascador.<\/li>    <li>Stripper: remove com efici\u00eancia as coberturas dos calos para garantir a limpeza do produto acabado.<\/li>    <li>Caixa de coleta: sed para coletar os calos descascados.<\/li>    <li>Sistema de energia: oferece energia para acionar a m\u00e1quina colhedora de milho.<\/li> <\/ul>   <div class=\"wp-block-image\"> <figure class=\"aligncenter size-full\"><img loading=\"lazy\" decoding=\"async\" width=\"720\" height=\"540\" src=\"https:\/\/taizyagromachine.com\/wp-content\/uploads\/2024\/12\/small-corn-harvesting-machine-for-sale.webp\" alt=\"Vendo pequena m\u00e1quina de colheita de milho\" class=\"wp-image-7416\" srcset=\"https:\/\/taizyagromachine.com\/wp-content\/uploads\/2024\/12\/small-corn-harvesting-machine-for-sale.webp 720w, https:\/\/taizyagromachine.com\/wp-content\/uploads\/2024\/12\/small-corn-harvesting-machine-for-sale-16x12.webp 16w\" sizes=\"auto, (max-width: 720px) 100vw, 720px\" \/><figcaption class=\"wp-element-caption\">Vendo pequena m\u00e1quina de colheita de milho<\/figcaption><\/figure> <\/div>   <h2 class=\"wp-block-heading\"><strong>Como funciona a colheitadeira de milho?<\/strong><\/h2>    <p>Quando a colheitadeira de milho est\u00e1 em opera\u00e7\u00e3o, a mesa de corte \u00e9 acionada pelo sistema de energia, que corta os talos de milho e depois transfere as espigas pela esteira at\u00e9 o descascador para processamento. O descascador retira as coberturas externas do milho e por fim armazena o milho processado em uma caixa coletora. Todo o processo \u00e9 eficiente e cont\u00ednuo, o que economiza substancialmente trabalho e tempo.<\/p>    <h2 class=\"wp-block-heading\"><strong>Qual \u00e9 o pre\u00e7o da m\u00e1quina de colheita de milho Taizy?<\/strong><\/h2>    <p>A colhedora de milho oferecida pela Taizy \u00e9 conhecida pelo seu alto desempenho de custo, e seus pre\u00e7os variam de acordo com modelos, configura\u00e7\u00f5es e fun\u00e7\u00f5es. A colhedora de milho \u00e0 venda na Taizy geralmente tem uma \u00fanica linha, mas tamb\u00e9m existe uma colhedora de milho de 2 linhas com configura\u00e7\u00f5es diferentes. Este \u00faltimo \u00e9 mais caro.<\/p>    <p>Tamb\u00e9m apoiamos solu\u00e7\u00f5es personalizadas para garantir que cada cliente obtenha o produto certo para suas necessidades. Se voc\u00ea quiser pre\u00e7os espec\u00edficos de m\u00e1quinas, entre em contato conosco. Diga-nos as suas necessidades e forneceremos a solu\u00e7\u00e3o mais adequada e o melhor pre\u00e7o!<\/p>   <div class=\"wp-block-image\"> <figure class=\"aligncenter size-full\"><img loading=\"lazy\" decoding=\"async\" width=\"720\" height=\"540\" src=\"https:\/\/taizyagromachine.com\/wp-content\/uploads\/2024\/12\/corn-picker-machine-with-seat.webp\" alt=\"m\u00e1quina colhedora de milho com assento\" class=\"wp-image-7417\" srcset=\"https:\/\/taizyagromachine.com\/wp-content\/uploads\/2024\/12\/corn-picker-machine-with-seat.webp 720w, https:\/\/taizyagromachine.com\/wp-content\/uploads\/2024\/12\/corn-picker-machine-with-seat-16x12.webp 16w\" sizes=\"auto, (max-width: 720px) 100vw, 720px\" \/><figcaption class=\"wp-element-caption\">m\u00e1quina colhedora de milho com assento<\/figcaption><\/figure> <\/div>   <h2 class=\"wp-block-heading\"><strong>Colhedora de milho com assento VS. colhedora de milho autopropelida de linha \u00fanica<\/strong><\/h2>    <p class=\"translation-block\"><strong>Colhedora de milho com assento<\/strong>: esta m\u00e1quina de colheita de milho \u00e9 adequada para longas horas de opera\u00e7\u00e3o, proporcionando conforto ao operador e maior efici\u00eancia. \u00c9 recomendada para fazendas de m\u00e9dio a grande porte ou em cen\u00e1rios com alta demanda por opera\u00e7\u00e3o cont\u00ednua.<\/p>    <p class=\"translation-block\"><strong>Colhedora autopropulsada de milho de uma linha<\/strong>: esta <a href=\"https:\/\/taizyagromachine.com\/pt\/product\/single-row-corn-harvester\/\">recolhedora de milho de 1 linha<\/a> \u00e9 mais compacta e flex\u00edvel, ideal para quintas individuais, pequenos talh\u00f5es ou quintas pequenas. Este tipo \u00e9 geralmente vendido a granel, favorecido por distribuidores em todo o mundo.<\/p>    <p>Ambos os modelos t\u00eam suas pr\u00f3prias vantagens. O modelo com assento \u00e9 indicado para usu\u00e1rios que buscam efici\u00eancia e conforto, enquanto o modelo autopropelido \u00e9 mais adequado para a demanda de opera\u00e7\u00e3o flex\u00edvel. Dependendo do ambiente operacional e do or\u00e7amento, os clientes s\u00e3o livres para escolher o modelo certo.<\/p>    <figure class=\"wp-block-gallery has-nested-images columns-default is-cropped wp-block-gallery-2 is-layout-flex wp-block-gallery-is-layout-flex\"> <figure class=\"wp-block-image size-full\"><img loading=\"lazy\" decoding=\"async\" width=\"720\" height=\"540\" data-id=\"7420\" src=\"https:\/\/taizyagromachine.com\/wp-content\/uploads\/2024\/12\/new-type-corn-harvesting-machine.webp\" alt=\"novo tipo de m\u00e1quina de colheita de milho\" class=\"wp-image-7420\" srcset=\"https:\/\/taizyagromachine.com\/wp-content\/uploads\/2024\/12\/new-type-corn-harvesting-machine.webp 720w, https:\/\/taizyagromachine.com\/wp-content\/uploads\/2024\/12\/new-type-corn-harvesting-machine-16x12.webp 16w\" sizes=\"auto, (max-width: 720px) 100vw, 720px\" \/><figcaption class=\"wp-element-caption\">novo tipo de m\u00e1quina de colheita de milho<\/figcaption><\/figure>    <figure class=\"wp-block-image size-full\"><img loading=\"lazy\" decoding=\"async\" width=\"720\" height=\"540\" data-id=\"7364\" src=\"https:\/\/taizyagromachine.com\/wp-content\/uploads\/2024\/12\/1-row-corn-picker.webp\" alt=\"Colhedor de milho de 1 linha\" class=\"wp-image-7364\" srcset=\"https:\/\/taizyagromachine.com\/wp-content\/uploads\/2024\/12\/1-row-corn-picker.webp 720w, https:\/\/taizyagromachine.com\/wp-content\/uploads\/2024\/12\/1-row-corn-picker-16x12.webp 16w\" sizes=\"auto, (max-width: 720px) 100vw, 720px\" \/><figcaption class=\"wp-element-caption\">Colhedor de milho de 1 linha<\/figcaption><\/figure> <\/figure>    <h2 class=\"wp-block-heading\"><strong>Servi\u00e7o p\u00f3s-venda que voc\u00ea pode desfrutar da Taizy<\/strong><\/h2>    <p>Depois de adquirir a m\u00e1quina de colheita de milho Taize, voc\u00ea desfrutar\u00e1 de um servi\u00e7o p\u00f3s-venda abrangente, incluindo:<\/p>    <ul class=\"wp-block-list\"> <li>Orienta\u00e7\u00e3o t\u00e9cnica<\/li>    <li>Fornecimento suficiente de pe\u00e7as de reposi\u00e7\u00e3o<\/li>    <li>Conselhos de manuten\u00e7\u00e3o de equipamentos<\/li>    <li>Controle de qualidade global on-line<\/li> <\/ul>    <p>Os servi\u00e7os acima s\u00e3o para voc\u00ea dar uma olhada. Nosso servi\u00e7o p\u00f3s-venda garante que sua m\u00e1quina colhedora de milho possa funcionar de forma est\u00e1vel por um longo tempo.<\/p>    <h2 class=\"wp-block-heading\"><strong>Contacte-nos para mais detalhes!<\/strong><\/h2>    <p class=\"translation-block\">Se estiver interessado na m\u00e1quina colhedora de milho Taizy, n\u00e3o hesite em contactar-nos. Forneceremos informa\u00e7\u00f5es detalhadas e solu\u00e7\u00f5es de colheita de <a href=\"https:\/\/en.wikipedia.org\/wiki\/Maize\" target=\"_blank\" rel=\"noopener\">milho<\/a>!<\/p>","protected":false},"excerpt":{"rendered":"<p>A m\u00e1quina de colheita de milho Taizy combina as fun\u00e7\u00f5es de colheita de milho, descascamento, esmagamento de palha e coleta de milho, com capacidade de 0,05-0,12h\u33a1\/h.<\/p>","protected":false},"author":1,"featured_media":7412,"parent":0,"template":"","tags":[79,240],"product-type":[17],"class_list":["post-7410","product","type-product","status-publish","has-post-thumbnail","hentry","tag-corn-machine","tag-harvester","product-type-corn-machine"],"_links":{"self":[{"href":"https:\/\/taizyagromachine.com\/pt\/wp-json\/wp\/v2\/product\/7410","targetHints":{"allow":["GET"]}}],"collection":[{"href":"https:\/\/taizyagromachine.com\/pt\/wp-json\/wp\/v2\/product"}],"about":[{"href":"https:\/\/taizyagromachine.com\/pt\/wp-json\/wp\/v2\/types\/product"}],"author":[{"embeddable":true,"href":"https:\/\/taizyagromachine.com\/pt\/wp-json\/wp\/v2\/users\/1"}],"wp:featuredmedia":[{"embeddable":true,"href":"https:\/\/taizyagromachine.com\/pt\/wp-json\/wp\/v2\/media\/7412"}],"wp:attachment":[{"href":"https:\/\/taizyagromachine.com\/pt\/wp-json\/wp\/v2\/media?parent=7410"}],"wp:term":[{"taxonomy":"post_tag","embeddable":true,"href":"https:\/\/taizyagromachine.com\/pt\/wp-json\/wp\/v2\/tags?post=7410"},{"taxonomy":"product-type","embeddable":true,"href":"https:\/\/taizyagromachine.com\/pt\/wp-json\/wp\/v2\/product-type?post=7410"}],"curies":[{"name":"wp","href":"https:\/\/api.w.org\/{rel}","templated":true}]}}