{"id":7488,"date":"2025-01-08T16:59:19","date_gmt":"2025-01-08T08:59:19","guid":{"rendered":"https:\/\/taizyagromachine.com\/?post_type=product&#038;p=7488"},"modified":"2025-01-08T17:53:44","modified_gmt":"2025-01-08T09:53:44","slug":"automatic-soybean-thresher-machine","status":"publish","type":"product","link":"https:\/\/taizyagromachine.com\/pt\/product\/automatic-soybean-thresher-machine\/","title":{"rendered":"M\u00e1quina debulhadora autom\u00e1tica de soja para uso agr\u00edcola"},"content":{"rendered":"<p class=\"translation-block\">Esta <strong>m\u00e1quina despalhadora de soja<\/strong> remove sementes e vagens de soja, feij\u00e3o broad, feij\u00e3o vermelho e outras culturas de leguminosas. Tem uma capacidade de 500-700kg\/h. A taxa de despalhamento \u00e9 \u226599%, a taxa de quebra \u00e9 \u22640,5% e a taxa de perda total \u00e9 \u22641,0%. <\/p>    <p>A m\u00e1quina de debulha de feij\u00e3o pode usar um motor el\u00e9trico, motor a diesel ou tomada de for\u00e7a (PTO) para a sua opera\u00e7\u00e3o. Com a sua f\u00e1cil opera\u00e7\u00e3o, amplas aplica\u00e7\u00f5es e alta efici\u00eancia, \u00e9 popular em f\u00e1bricas de processamento de feij\u00e3o. Se estiver interessado, entre em contato connosco agora para mais detalhes!<\/p>    <figure class=\"wp-block-embed is-type-video is-provider-youtube wp-block-embed-youtube wp-embed-aspect-16-9 wp-has-aspect-ratio\"><div class=\"wp-block-embed__wrapper\"> <iframe loading=\"lazy\" title=\"Debulhadora de soja de alta efici\u00eancia | Debulhador pequeno de feij\u00e3o multicultura para colheita de soja\" width=\"500\" height=\"281\" src=\"https:\/\/www.youtube.com\/embed\/O0HaKNz8GKQ?feature=oembed\" frameborder=\"0\" allow=\"accelerometer; autoplay; clipboard-write; encrypted-media; gyroscope; picture-in-picture; web-share\" referrerpolicy=\"strict-origin-when-cross-origin\" allowfullscreen><\/iframe> <\/div><figcaption class=\"wp-element-caption\">m\u00e1quina debulhadora de feij\u00e3o multiuso<\/figcaption><\/figure>    <h2 class=\"wp-block-heading\"><strong>Vantagens da debulhadora de soja<\/strong><\/h2>    <ul class=\"wp-block-list\"> <li>Pode <strong>debulhar 500-700kg de feij\u00e3o por hora<\/strong>, melhorando a efici\u00eancia do trabalho e reduzindo o trabalho manual.<\/li>    <li>Esta m\u00e1quina debulhadora de soja \u00e9 <strong>adequado para todos os tipos de culturas de feij\u00e3o, como fava, feij\u00e3o, feij\u00e3o mungo<\/strong>, etc.<\/li>    <li>Atrav\u00e9s de um design de precis\u00e3o, o <strong>a perda durante a debulha \u00e9 \u22641,0%<\/strong>, muito baixo, garantindo que mais gr\u00e3os de feij\u00e3o sejam colhidos intactos.<\/li>    <li>A m\u00e1quina tem um <strong>estrutura simples, f\u00e1cil de usar<\/strong>, adequado para diferentes n\u00edveis de usu\u00e1rios.<\/li>    <li>Pudermos <strong>personalize a tens\u00e3o da m\u00e1quina, pot\u00eancia, configura\u00e7\u00e3o, cor,<\/strong> etc para atender \u00e0s suas demandas.<\/li> <\/ul>   <div class=\"wp-block-image\"> <figure class=\"aligncenter size-full\"><img loading=\"lazy\" decoding=\"async\" width=\"720\" height=\"540\" src=\"https:\/\/taizyagromachine.com\/wp-content\/uploads\/2025\/01\/small-scale-bean-thresher.webp\" alt=\"debulhador de feij\u00e3o em pequena escala\" class=\"wp-image-7497\" srcset=\"https:\/\/taizyagromachine.com\/wp-content\/uploads\/2025\/01\/small-scale-bean-thresher.webp 720w, https:\/\/taizyagromachine.com\/wp-content\/uploads\/2025\/01\/small-scale-bean-thresher-16x12.webp 16w\" sizes=\"auto, (max-width: 720px) 100vw, 720px\" \/><figcaption class=\"wp-element-caption\">debulhador de feij\u00e3o em pequena escala<\/figcaption><\/figure> <\/div>   <h2 class=\"wp-block-heading\"><strong>Par\u00e2metros t\u00e9cnicos da m\u00e1quina debulhadora de soja<\/strong><\/h2>    <figure class=\"wp-block-table\"><table class=\"has-fixed-layout\"><tbody><tr><td>Modelo<\/td><td>5TD-900<\/td><\/tr><tr><td>Capacidade<\/td><td>500-700 kg\/hora<\/td><\/tr><tr><td>Poder correspondente<\/td><td>Motor \u22657,5 kw ou motor diesel de 12-15 cavalos de pot\u00eancia ou tomada de for\u00e7a do trator <\/td><\/tr><tr><td>Taxa de quebra<\/td><td>\u22640,5%<\/td><\/tr><tr><td>Taxa n\u00e3o reduzida<\/td><td>\u22641,0%<\/td><\/tr><tr><td>Taxa de perda total<\/td><td>\u22641,0%<\/td><\/tr><tr><td>Velocidade do ventilador<\/td><td>1000-1100 r\/min<\/td><\/tr><tr><td>Di\u00e2metro do ventilador de suc\u00e7\u00e3o (ventilador de limpeza)<\/td><td>D=600mm<\/td><\/tr><tr><td>Di\u00e2metro\/comprimento do tambor<\/td><td>D = 520 mm (ou 500), L = 900 mm<\/td><\/tr><tr><td>Amplitude da tela vibrat\u00f3ria<\/td><td>30mm<\/td><\/tr><tr><td>Dimens\u00e3o (incluindo pneus e estrutura de tra\u00e7\u00e3o)<\/td><td>340*170*140(ou 156)cm<\/td><\/tr><tr><td>Peso<\/td><td>400kg<\/td><\/tr><tr><td>Tamanho da embalagem<\/td><td>M\u00e1quina \u00fanica em caixa de madeira (incluindo motor diesel) 226*96*124cm<\/td><\/tr><\/tbody><\/table><figcaption class=\"wp-element-caption\">dados da m\u00e1quina debulhadora de feij\u00e3o<\/figcaption><\/figure>    <h2 class=\"wp-block-heading\"><strong>Aplica\u00e7\u00f5es da m\u00e1quina debulhadora de soja<\/strong><\/h2>    <p class=\"translation-block\">Esta m\u00e1quina despalhadora de gr\u00e3os n\u00e3o \u00e9 apenas para <strong>soja<\/strong>, mas tamb\u00e9m para <strong><a href=\"https:\/\/en.wikipedia.org\/wiki\/Vicia_faba\" target=\"_blank\" rel=\"noopener\">feij\u00e3o broad<\/a>, feij\u00e3o vermelho, feij\u00e3o mungo, sorgo, milho, girassol<\/strong>, etc.<\/p>    <p>Os principais cen\u00e1rios de aplica\u00e7\u00e3o incluem:<\/p>    <ul class=\"wp-block-list\"> <li><strong>Uso agr\u00edcola<\/strong>: ajudar os agricultores a melhorar a efici\u00eancia do trabalho e a debulha r\u00e1pida<\/li>    <li><strong>Planta de processamento em pequena escala<\/strong>: nas f\u00e1bricas de processamento de produtos de soja, a debulhadora \u00e9 usada para processar rapidamente a soja para processamento posterior em leite de soja, tofu, etc.<\/li>    <li><strong>Oficina familiar<\/strong>: adequado para produ\u00e7\u00e3o em pequena escala e redu\u00e7\u00e3o do trabalho manual.<\/li> <\/ul>    <figure class=\"wp-block-gallery has-nested-images columns-4 is-cropped wp-block-gallery-2 is-layout-flex wp-block-gallery-is-layout-flex\"> <figure class=\"wp-block-image size-full\"><img loading=\"lazy\" decoding=\"async\" width=\"1320\" height=\"1342\" data-id=\"7496\" src=\"https:\/\/taizyagromachine.com\/wp-content\/uploads\/2025\/01\/soybeans.webp\" alt=\"soja\" class=\"wp-image-7496\" srcset=\"https:\/\/taizyagromachine.com\/wp-content\/uploads\/2025\/01\/soybeans.webp 1320w, https:\/\/taizyagromachine.com\/wp-content\/uploads\/2025\/01\/soybeans-12x12.webp 12w\" sizes=\"auto, (max-width: 1320px) 100vw, 1320px\" \/><figcaption class=\"wp-element-caption\">soja<\/figcaption><\/figure>    <figure class=\"wp-block-image size-full\"><img loading=\"lazy\" decoding=\"async\" width=\"889\" height=\"500\" data-id=\"7493\" src=\"https:\/\/taizyagromachine.com\/wp-content\/uploads\/2025\/01\/fava-beans.webp\" alt=\"fava\" class=\"wp-image-7493\" srcset=\"https:\/\/taizyagromachine.com\/wp-content\/uploads\/2025\/01\/fava-beans.webp 889w, https:\/\/taizyagromachine.com\/wp-content\/uploads\/2025\/01\/fava-beans-18x10.webp 18w\" sizes=\"auto, (max-width: 889px) 100vw, 889px\" \/><figcaption class=\"wp-element-caption\">fava<\/figcaption><\/figure>    <figure class=\"wp-block-image size-full\"><img loading=\"lazy\" decoding=\"async\" width=\"640\" height=\"500\" data-id=\"7494\" src=\"https:\/\/taizyagromachine.com\/wp-content\/uploads\/2025\/01\/kidney-beans.webp\" alt=\"feij\u00e3o\" class=\"wp-image-7494\" srcset=\"https:\/\/taizyagromachine.com\/wp-content\/uploads\/2025\/01\/kidney-beans.webp 640w, https:\/\/taizyagromachine.com\/wp-content\/uploads\/2025\/01\/kidney-beans-15x12.webp 15w\" sizes=\"auto, (max-width: 640px) 100vw, 640px\" \/><figcaption class=\"wp-element-caption\">feij\u00e3o<\/figcaption><\/figure>    <figure class=\"wp-block-image size-full\"><img loading=\"lazy\" decoding=\"async\" width=\"500\" height=\"334\" data-id=\"7495\" src=\"https:\/\/taizyagromachine.com\/wp-content\/uploads\/2025\/01\/mung-beans.webp\" alt=\"feij\u00e3o mungo\" class=\"wp-image-7495\" srcset=\"https:\/\/taizyagromachine.com\/wp-content\/uploads\/2025\/01\/mung-beans.webp 500w, https:\/\/taizyagromachine.com\/wp-content\/uploads\/2025\/01\/mung-beans-18x12.webp 18w\" sizes=\"auto, (max-width: 500px) 100vw, 500px\" \/><figcaption class=\"wp-element-caption\">feij\u00e3o mungo<\/figcaption><\/figure> <\/figure>    <h2 class=\"wp-block-heading\"><strong>Estrutura da m\u00e1quina debulhadora de soja<\/strong><\/h2>    <p>A estrutura da m\u00e1quina debulhadora de feij\u00e3o seco multifuncional para venda inclui v\u00e1rias partes importantes, e a fun\u00e7\u00e3o de cada parte \u00e9 a seguinte:<\/p>    <ul class=\"wp-block-list\"> <li><strong>Entrada<\/strong>: alimenta a soja a ser trilhada na m\u00e1quina.<\/li>    <li><strong>Tambor debulhador<\/strong>: parte central da trilha, que separa a soja das vagens por rota\u00e7\u00e3o.<\/li>    <li><strong>Dispositivo de triagem<\/strong>: seleciona impurezas e separa a soja das cascas.<\/li>    <li><strong>Porta de descarga<\/strong>: os gr\u00e3os debulhados s\u00e3o descarregados pela porta de descarga para garantir limpeza e efici\u00eancia.<\/li>    <li><strong>Sistema de energia<\/strong>: alimentado por motor el\u00e9trico ou motor diesel para garantir o funcionamento est\u00e1vel da m\u00e1quina.<\/li> <\/ul>   <div class=\"wp-block-image\"> <figure class=\"aligncenter size-full\"><img loading=\"lazy\" decoding=\"async\" width=\"720\" height=\"540\" src=\"https:\/\/taizyagromachine.com\/wp-content\/uploads\/2025\/01\/bean-thresher-machine-for-sale.webp\" alt=\"Vendo m\u00e1quina debulhadora de feij\u00e3o\" class=\"wp-image-7489\" srcset=\"https:\/\/taizyagromachine.com\/wp-content\/uploads\/2025\/01\/bean-thresher-machine-for-sale.webp 720w, https:\/\/taizyagromachine.com\/wp-content\/uploads\/2025\/01\/bean-thresher-machine-for-sale-16x12.webp 16w\" sizes=\"auto, (max-width: 720px) 100vw, 720px\" \/><figcaption class=\"wp-element-caption\">Vendo m\u00e1quina debulhadora de feij\u00e3o<\/figcaption><\/figure> <\/div>   <h2 class=\"wp-block-heading\"><strong>Como funciona a m\u00e1quina debulhadora de soja?<\/strong><\/h2>    <p>A debulhadora de soja separa a soja dos frutos por rota\u00e7\u00e3o mec\u00e2nica. Primeiramente, os gr\u00e3os secos entram na debulhadora pela entrada, e os gr\u00e3os s\u00e3o separados das vagens pela a\u00e7\u00e3o rotativa do tambor debulhador. Em seguida, o dispositivo de peneiramento dentro da m\u00e1quina separa os gr\u00e3os de feij\u00e3o das impurezas. Finalmente, os gr\u00e3os de feij\u00e3o limpos s\u00e3o descarregados da porta de descarga para completar o processo de debulha.<\/p>    <p>Todo o processo \u00e9 limpo e r\u00e1pido, e \u00e9 bom para garantir a integridade dos gr\u00e3os.<\/p>    <h2 class=\"wp-block-heading\"><strong>Qual \u00e9 o pre\u00e7o da m\u00e1quina de debulhar soja?<\/strong><\/h2>    <p>O pre\u00e7o da debulhadora de soja varia de acordo com o sistema de energia, configura\u00e7\u00e3o da m\u00e1quina, marca e outros fatores.<\/p>    <p>Tr\u00eas tipos de energia podem corresponder \u00e0 debulhadora, e o pre\u00e7o de cada um \u00e9 diferente. Al\u00e9m disso, a configura\u00e7\u00e3o interna da m\u00e1quina difere um pouco de acordo com a mat\u00e9ria-prima a ser trilhada, e o pre\u00e7o tamb\u00e9m \u00e9 diferente. Al\u00e9m disso, os equipamentos de marcas conhecidas contam com um bom atendimento p\u00f3s-venda e o pre\u00e7o ser\u00e1 um pouco superior aos demais.<\/p>    <p>Nossa debulhadora de gr\u00e3os de soja Taizy tem um pre\u00e7o razo\u00e1vel e \u00e9 econ\u00f4mica, adequada para fazendas e processadores de diferentes tamanhos. Se voc\u00ea quiser saber o pre\u00e7o espec\u00edfico da m\u00e1quina, entre em contato conosco para um or\u00e7amento detalhado!<\/p>   <div class=\"wp-block-image\"> <figure class=\"aligncenter size-full\"><img loading=\"lazy\" decoding=\"async\" width=\"720\" height=\"540\" src=\"https:\/\/taizyagromachine.com\/wp-content\/uploads\/2025\/01\/soybean-thresher-machine-in-the-factory.webp\" alt=\"m\u00e1quina debulhadora de soja na f\u00e1brica\" class=\"wp-image-7492\" srcset=\"https:\/\/taizyagromachine.com\/wp-content\/uploads\/2025\/01\/soybean-thresher-machine-in-the-factory.webp 720w, https:\/\/taizyagromachine.com\/wp-content\/uploads\/2025\/01\/soybean-thresher-machine-in-the-factory-16x12.webp 16w\" sizes=\"auto, (max-width: 720px) 100vw, 720px\" \/><figcaption class=\"wp-element-caption\">m\u00e1quina debulhadora de soja na f\u00e1brica<\/figcaption><\/figure> <\/div>   <h2 class=\"wp-block-heading\"><strong>Por que escolher a Taizy como fornecedor de m\u00e1quina debulhadora de soja?<\/strong><\/h2>    <p class=\"translation-block\">Por que escolher a Taizy como fornecedora de m\u00e1quinas despalhadoras de soja quando h\u00e1 tantos fornecedores de <a href=\"https:\/\/taizyagromachine.com\/pt\/product\/multifunctional-thresher\/\">m\u00e1quinas despalhadoras multifuncionais<\/a> no mercado? Existem principalmente os seguintes pontos:<\/p>    <ul class=\"wp-block-list\"> <li><strong>Garantia da Qualidade<\/strong>: A m\u00e1quina de debulhar da Taize est\u00e1 integrada com a ind\u00fastria e o com\u00e9rcio. A nossa f\u00e1brica fabrica o equipamento com materiais de alta qualidade e estruturas robustas para garantir um funcionamento est\u00e1vel a longo prazo.<\/li>    <li><strong>Servi\u00e7o p\u00f3s-venda perfeito<\/strong>: prestamos uma s\u00e9rie de servi\u00e7os como instala\u00e7\u00e3o e comissionamento de equipamentos, treinamento operacional, suporte t\u00e9cnico, etc.<\/li>    <li><strong>Solu\u00e7\u00f5es personalizadas<\/strong>: de acordo com a necessidade do cliente, oferecemos configura\u00e7\u00e3o customizada de equipamentos para atender \u00e0s necessidades de produ\u00e7\u00e3o em diferentes escalas.<\/li> <\/ul>    <figure class=\"wp-block-gallery has-nested-images columns-default is-cropped wp-block-gallery-3 is-layout-flex wp-block-gallery-is-layout-flex\"> <figure class=\"wp-block-image size-large\"><img loading=\"lazy\" decoding=\"async\" width=\"720\" height=\"540\" data-id=\"7490\" src=\"https:\/\/taizyagromachine.com\/wp-content\/uploads\/2025\/01\/soya-beans-thresher-machine-manufacturer.webp\" alt=\"fabricante de m\u00e1quina debulhadora de soja\" class=\"wp-image-7490\" srcset=\"https:\/\/taizyagromachine.com\/wp-content\/uploads\/2025\/01\/soya-beans-thresher-machine-manufacturer.webp 720w, https:\/\/taizyagromachine.com\/wp-content\/uploads\/2025\/01\/soya-beans-thresher-machine-manufacturer-16x12.webp 16w\" sizes=\"auto, (max-width: 720px) 100vw, 720px\" \/><figcaption class=\"wp-element-caption\">fabricante de m\u00e1quina debulhadora de soja<\/figcaption><\/figure>    <figure class=\"wp-block-image size-large\"><img loading=\"lazy\" decoding=\"async\" width=\"720\" height=\"540\" data-id=\"7491\" src=\"https:\/\/taizyagromachine.com\/wp-content\/uploads\/2025\/01\/soybeans-thresher-in-stock.webp\" alt=\"debulhador de soja em estoque\" class=\"wp-image-7491\" srcset=\"https:\/\/taizyagromachine.com\/wp-content\/uploads\/2025\/01\/soybeans-thresher-in-stock.webp 720w, https:\/\/taizyagromachine.com\/wp-content\/uploads\/2025\/01\/soybeans-thresher-in-stock-16x12.webp 16w\" sizes=\"auto, (max-width: 720px) 100vw, 720px\" \/><figcaption class=\"wp-element-caption\">debulhador de soja em estoque<\/figcaption><\/figure> <\/figure>    <h2 class=\"wp-block-heading\"><strong>Contacte-nos para mais detalhes!<\/strong><\/h2>    <p>Se voc\u00ea tiver necessidade de comprar m\u00e1quina debulhadora de soja ou estiver interessado em nossos equipamentos, entre em contato conosco imediatamente. Forneceremos informa\u00e7\u00f5es detalhadas sobre produtos e or\u00e7amentos para ajud\u00e1-lo a escolher a debulhadora mais adequada e ajudar seu neg\u00f3cio agr\u00edcola a se desenvolver com sucesso!<\/p>","protected":false},"excerpt":{"rendered":"<p>Esta m\u00e1quina desgranadora de soja remove sementes e vagens de soja, feij\u00e3o-de-lima, feij\u00e3o vermelho e outras culturas de leguminosas. Tem uma capacidade de 500-700kg\/h.<\/p>","protected":false},"author":1,"featured_media":7498,"parent":0,"template":"","tags":[241],"product-type":[22],"class_list":["post-7488","product","type-product","status-publish","has-post-thumbnail","hentry","tag-soybean","product-type-others"],"_links":{"self":[{"href":"https:\/\/taizyagromachine.com\/pt\/wp-json\/wp\/v2\/product\/7488","targetHints":{"allow":["GET"]}}],"collection":[{"href":"https:\/\/taizyagromachine.com\/pt\/wp-json\/wp\/v2\/product"}],"about":[{"href":"https:\/\/taizyagromachine.com\/pt\/wp-json\/wp\/v2\/types\/product"}],"author":[{"embeddable":true,"href":"https:\/\/taizyagromachine.com\/pt\/wp-json\/wp\/v2\/users\/1"}],"wp:featuredmedia":[{"embeddable":true,"href":"https:\/\/taizyagromachine.com\/pt\/wp-json\/wp\/v2\/media\/7498"}],"wp:attachment":[{"href":"https:\/\/taizyagromachine.com\/pt\/wp-json\/wp\/v2\/media?parent=7488"}],"wp:term":[{"taxonomy":"post_tag","embeddable":true,"href":"https:\/\/taizyagromachine.com\/pt\/wp-json\/wp\/v2\/tags?post=7488"},{"taxonomy":"product-type","embeddable":true,"href":"https:\/\/taizyagromachine.com\/pt\/wp-json\/wp\/v2\/product-type?post=7488"}],"curies":[{"name":"wp","href":"https:\/\/api.w.org\/{rel}","templated":true}]}}