{"id":7875,"date":"2025-04-17T17:29:23","date_gmt":"2025-04-17T09:29:23","guid":{"rendered":"https:\/\/taizyagromachine.com\/?post_type=product&#038;p=7875"},"modified":"2025-04-17T17:29:24","modified_gmt":"2025-04-17T09:29:24","slug":"combine-potato-harvester","status":"publish","type":"product","link":"https:\/\/taizyagromachine.com\/pt\/product\/combine-potato-harvester\/","title":{"rendered":"Combine o coletor de batata com o trator"},"content":{"rendered":"<p class=\"translation-block\">O <strong>ceifador de batatas<\/strong> Taizy pode ser usado com um trator de quatro rodas para completar a escava\u00e7\u00e3o, transporte, recolha, carregamento e outras opera\u00e7\u00f5es de batatas de uma s\u00f3 vez. A pot\u00eancia do trator acoplado \u00e9 \u2265 40 cv (dependendo do modelo da m\u00e1quina), com opera\u00e7\u00e3o de engate conveniente e forte manobrabilidade.<\/p>    <p>Este escavador de batata de 3 pontos pode colher 5-8 mu de batatas ou batata doce por hora, e a taxa de batata Ming \u00e9 \u226596%, e a taxa de quebra da pele \u00e9 \u22642%. Ele tem as vantagens de carregamento autom\u00e1tico, alta efici\u00eancia de colheita, baixa taxa de quebra, luz funcionando sem vibra\u00e7\u00e3o, sem entupimento de capim, vazamento r\u00e1pido do solo e vida \u00fatil longa. Assim, esta m\u00e1quina \u00e9 ideal para a colheita de equipamentos agr\u00edcolas. Voc\u00ea est\u00e1 interessado? Entre em contato conosco agora para comprar um!<\/p>    <figure class=\"wp-block-embed is-type-video is-provider-youtube wp-block-embed-youtube wp-embed-aspect-16-9 wp-has-aspect-ratio\"><div class=\"wp-block-embed__wrapper\"> <iframe loading=\"lazy\" title=\"Batata Combine Harvester com trator | Equipamento de colheita de batata para cavar batatas #harvester\" width=\"500\" height=\"281\" src=\"https:\/\/www.youtube.com\/embed\/B5UAHV-4Zjw?feature=oembed\" frameborder=\"0\" allow=\"accelerometer; autoplay; clipboard-write; encrypted-media; gyroscope; picture-in-picture; web-share\" referrerpolicy=\"strict-origin-when-cross-origin\" allowfullscreen><\/iframe> <\/div><figcaption class=\"wp-element-caption\">V\u00eddeo da m\u00e1quina de colheita de batata<\/figcaption><\/figure>    <h2 class=\"wp-block-heading\"><strong>Vantagens da colheitadeira de batata \u00e0 venda<\/strong><\/h2>    <ul class=\"wp-block-list\"> <li>Atrav\u00e9s da opera\u00e7\u00e3o autom\u00e1tica, a \u00e1rea de opera\u00e7\u00e3o pode atingir <strong>5-8 MU por hora<\/strong>, o que economiza muito os custos de trabalho e tempo.<\/li>    <li>Adota um <strong>Pe\u00e7a vibrat\u00f3ria + Projeto de estrutura de transporte de borracha macia<\/strong>, minimizando os danos \u00e0s culturas no processo de colheita, mantendo intacta a apar\u00eancia de batatas.<\/li>    <li>Se \u00e9 <strong>solo arenoso, solo argiloso ou solo argiloso<\/strong>, o escavador de batata para trator pode manter uma opera\u00e7\u00e3o est\u00e1vel, adequada para v\u00e1rias parcelas de terra.<\/li>    <li>A m\u00e1quina tem um <strong>Projeto estrutural razo\u00e1vel<\/strong>e os agricultores comuns tamb\u00e9m podem come\u00e7ar rapidamente, reduzindo o limite operacional.<\/li> <\/ul>    <figure class=\"wp-block-gallery has-nested-images columns-default is-cropped wp-block-gallery-2 is-layout-flex wp-block-gallery-is-layout-flex\"> <figure class=\"wp-block-image size-large\"><img loading=\"lazy\" decoding=\"async\" width=\"720\" height=\"540\" data-id=\"7879\" src=\"https:\/\/taizyagromachine.com\/wp-content\/uploads\/2025\/04\/potato-harvester-machine.webp\" alt=\"M\u00e1quina de colheitadeira de batata\" class=\"wp-image-7879\" srcset=\"https:\/\/taizyagromachine.com\/wp-content\/uploads\/2025\/04\/potato-harvester-machine.webp 720w, https:\/\/taizyagromachine.com\/wp-content\/uploads\/2025\/04\/potato-harvester-machine-16x12.webp 16w\" sizes=\"auto, (max-width: 720px) 100vw, 720px\" \/><figcaption class=\"wp-element-caption\">M\u00e1quina de colheitadeira de batata<\/figcaption><\/figure>    <figure class=\"wp-block-image size-full\"><img loading=\"lazy\" decoding=\"async\" width=\"720\" height=\"540\" data-id=\"7881\" src=\"https:\/\/taizyagromachine.com\/wp-content\/uploads\/2025\/04\/unique-peanut-digger-design.webp\" alt=\"Design exclusivo de escavador de amendoim\" class=\"wp-image-7881\" srcset=\"https:\/\/taizyagromachine.com\/wp-content\/uploads\/2025\/04\/unique-peanut-digger-design.webp 720w, https:\/\/taizyagromachine.com\/wp-content\/uploads\/2025\/04\/unique-peanut-digger-design-16x12.webp 16w\" sizes=\"auto, (max-width: 720px) 100vw, 720px\" \/><figcaption class=\"wp-element-caption\">Design exclusivo de escavador de amendoim<\/figcaption><\/figure> <\/figure>    <h2 class=\"wp-block-heading\"><strong>Par\u00e2metros t\u00e9cnicos da colheitadeira de batata combinada<\/strong><\/h2>    <figure class=\"wp-block-table\"><table class=\"has-fixed-layout\"><tbody><tr><td>Modelo<\/td><td>4uql-1300<\/td><td>4UQL-1600<\/td><\/tr><tr><td>Produtividade<\/td><td>5-8mu\/h<\/td><td>5-8mu\/h<\/td><\/tr><tr><td>Profundidade de trabalho<\/td><td>250mm<\/td><td>250mm<\/td><\/tr><tr><td>Largura de trabalho<\/td><td>1300 mm<\/td><td>1600mm<\/td><\/tr><tr><td>Taxa de batata Ming<\/td><td>\u226596%<\/td><td>\u226596%<\/td><\/tr><tr><td>Taxa de quebra da pele<\/td><td>\u22642%<\/td><td>\u22642%<\/td><\/tr><tr><td>Velocidade da PTO<\/td><td>560rpm<\/td><td>560rpm<\/td><\/tr><tr><td>Poder correspondente<\/td><td>\u226540hp<\/td><td>\u226560hp<\/td><\/tr><tr><td>Peso bruto da m\u00e1quina total<\/td><td>1700kg<\/td><td>1800kg<\/td><\/tr><tr><td>Peso l\u00edquido da m\u00e1quina total<\/td><td>1560 kg<\/td><td>1660 kg<\/td><\/tr><tr><td>Dimens\u00e3o global<\/td><td>4500*4000*2700mm<\/td><td>4500*4000*2700mm<\/td><\/tr><tr><td>Tamanho da embalagem<\/td><td>3200*1800*1850mm<\/td><td>3250*2000*1950mm<\/td><\/tr><\/tbody><\/table><figcaption class=\"wp-element-caption\">Especifica\u00e7\u00f5es da colheitadeira de batata<\/figcaption><\/figure>    <h2 class=\"wp-block-heading\"><strong>Aplica\u00e7\u00f5es da m\u00e1quina de colheita de batata<\/strong><\/h2>    <p>Esta m\u00e1quina colhedora de batatas \u00e9 principalmente utilizada para a colheita de plantas de caule subterr\u00e2neo, como batatas, batatas-doces, alho e cenouras. \u00c9 adequada para pequenas e m\u00e9dias explora\u00e7\u00f5es agr\u00edcolas, cooperativas de produtores de batata, grandes bases de plantio, revendedores de maquinaria agr\u00edcola, candidatos a programas de subs\u00eddio para maquinaria agr\u00edcola, etc.<\/p>    <figure class=\"wp-block-gallery has-nested-images columns-default is-cropped wp-block-gallery-3 is-layout-flex wp-block-gallery-is-layout-flex\"> <figure class=\"wp-block-image size-large\"><img loading=\"lazy\" decoding=\"async\" width=\"750\" height=\"600\" data-id=\"7882\" src=\"https:\/\/taizyagromachine.com\/wp-content\/uploads\/2025\/04\/applications-of-sweet-potato-harvesting-machine.webp\" alt=\"Aplica\u00e7\u00f5es da m\u00e1quina de colheita de batata -doce\" class=\"wp-image-7882\" srcset=\"https:\/\/taizyagromachine.com\/wp-content\/uploads\/2025\/04\/applications-of-sweet-potato-harvesting-machine.webp 750w, https:\/\/taizyagromachine.com\/wp-content\/uploads\/2025\/04\/applications-of-sweet-potato-harvesting-machine-15x12.webp 15w\" sizes=\"auto, (max-width: 750px) 100vw, 750px\" \/><figcaption class=\"wp-element-caption\">Aplica\u00e7\u00f5es da m\u00e1quina de colheita de batata -doce<\/figcaption><\/figure>    <figure class=\"wp-block-image size-large\"><img loading=\"lazy\" decoding=\"async\" width=\"750\" height=\"600\" data-id=\"7883\" src=\"https:\/\/taizyagromachine.com\/wp-content\/uploads\/2025\/04\/working-scenes-of-3-point-hitch-peanut-digger-machine.webp\" alt=\"Cenas de trabalho de m\u00e1quina de escavador de amendoim de engate de 3 pontos\" class=\"wp-image-7883\" srcset=\"https:\/\/taizyagromachine.com\/wp-content\/uploads\/2025\/04\/working-scenes-of-3-point-hitch-peanut-digger-machine.webp 750w, https:\/\/taizyagromachine.com\/wp-content\/uploads\/2025\/04\/working-scenes-of-3-point-hitch-peanut-digger-machine-15x12.webp 15w\" sizes=\"auto, (max-width: 750px) 100vw, 750px\" \/><figcaption class=\"wp-element-caption\">Cenas de trabalho de m\u00e1quina de escavador de amendoim de engate de 3 pontos<\/figcaption><\/figure> <\/figure>    <h2 class=\"wp-block-heading\"><strong>Qual \u00e9 o pre\u00e7o da colheitadeira de batatas?<\/strong><\/h2>    <p>O pre\u00e7o de um escavador de batata de 3 pontos depende do modelo da m\u00e1quina, dos requisitos de configura\u00e7\u00e3o e personaliza\u00e7\u00e3o de recursos. O pre\u00e7o geral varia de alguns milhares a dezenas de milhares de d\u00f3lares. Por exemplo, o pre\u00e7o de uma colheitadeira b\u00e1sica \u00e9 baixa, enquanto o pre\u00e7o de um tipo combinado multifuncional com um transportador \u00e9 relativamente alto. Para obter uma cota\u00e7\u00e3o espec\u00edfica e uma tabela de compara\u00e7\u00e3o de par\u00e2metros, n\u00e3o hesite em entrar em contato conosco com suas informa\u00e7\u00f5es de requisitos.<\/p>   <div class=\"wp-block-image\"> <figure class=\"aligncenter size-full\"><img loading=\"lazy\" decoding=\"async\" width=\"720\" height=\"540\" src=\"https:\/\/taizyagromachine.com\/wp-content\/uploads\/2025\/04\/single-row-potato-digger-for-tractor.webp\" alt=\"Digger de batata de linha \u00fanica para trator\" class=\"wp-image-7880\" srcset=\"https:\/\/taizyagromachine.com\/wp-content\/uploads\/2025\/04\/single-row-potato-digger-for-tractor.webp 720w, https:\/\/taizyagromachine.com\/wp-content\/uploads\/2025\/04\/single-row-potato-digger-for-tractor-16x12.webp 16w\" sizes=\"auto, (max-width: 720px) 100vw, 720px\" \/><figcaption class=\"wp-element-caption\">Digger de batata de linha \u00fanica para trator<\/figcaption><\/figure> <\/div>   <h2 class=\"wp-block-heading\"><strong>Por que escolher Taizy entre muitos fabricantes de m\u00e1quinas de colheita de batata?<\/strong><\/h2>    <p>Taizy tem muitos anos de experi\u00eancia em fabrica\u00e7\u00e3o de m\u00e1quinas agr\u00edcolas, e nossos produtos s\u00e3o exportados para mais de 80 pa\u00edses em todo o mundo e s\u00e3o confi\u00e1veis \u200b\u200bpelos usu\u00e1rios. Nossas vantagens incluem:<\/p>    <ul class=\"wp-block-list\"> <li>Equipe T\u00e9cnica Profissional, Apoio ao Servi\u00e7o Personalizado<\/li>    <li>Controle rigoroso de qualidade e embalagem e transporte confi\u00e1veis<\/li>    <li>PROCESSO PRONTRA\u00c7\u00c3O DE PRODU\u00c7\u00d5ES APRONECIDAS E ORIENTA\u00c7\u00c3O DO V\u00cdDEO<\/li>    <li>Desempenho est\u00e1vel e econ\u00f4mico, adequado para usu\u00e1rios de diferentes escalas<\/li> <\/ul>    <p>Se voc\u00ea estiver interessado na m\u00e1quina de colheitadeira de batata, a escolha de Taizy est\u00e1 escolhendo qualidade, servi\u00e7o e garantia.<\/p>   <div class=\"wp-block-image\"> <figure class=\"aligncenter size-full\"><img loading=\"lazy\" decoding=\"async\" width=\"720\" height=\"540\" src=\"https:\/\/taizyagromachine.com\/wp-content\/uploads\/2025\/04\/commercial-potato-combine-harvester.webp\" alt=\"colheitadeira de batata comercial\" class=\"wp-image-7885\" srcset=\"https:\/\/taizyagromachine.com\/wp-content\/uploads\/2025\/04\/commercial-potato-combine-harvester.webp 720w, https:\/\/taizyagromachine.com\/wp-content\/uploads\/2025\/04\/commercial-potato-combine-harvester-16x12.webp 16w\" sizes=\"auto, (max-width: 720px) 100vw, 720px\" \/><figcaption class=\"wp-element-caption\">colheitadeira de batata comercial<\/figcaption><\/figure> <\/div>   <h2 class=\"wp-block-heading\"><strong>Outro tipo: pequena m\u00e1quina de colheitadeira de batata<\/strong><\/h2>    <p class=\"translation-block\">Para pequenos agricultores ou utilizadores com pequenas parcelas de terra, tamb\u00e9m fornecemos equipamento de colheita de batatas pequeno e port\u00e1til. A m\u00e1quina \u00e9 de tamanho pequeno, peso leve, opera\u00e7\u00e3o simples, adequada para acoplar a um <strong>trator de condu\u00e7\u00e3o<\/strong> de 15-20 cv, sendo a escolha ideal para plantio familiar, pequenas quintas e utilizadores de \u00e1reas montanhosas.<\/p>   <div class=\"wp-block-image\"> <figure class=\"aligncenter size-full\"><img loading=\"lazy\" decoding=\"async\" width=\"720\" height=\"540\" src=\"https:\/\/taizyagromachine.com\/wp-content\/uploads\/2025\/04\/small-potato-harvesting-machine-with-two-wheel-tractor.webp\" alt=\"M\u00e1quina de colheita de batata pequena com trator de duas rodas\" class=\"wp-image-7886\" srcset=\"https:\/\/taizyagromachine.com\/wp-content\/uploads\/2025\/04\/small-potato-harvesting-machine-with-two-wheel-tractor.webp 720w, https:\/\/taizyagromachine.com\/wp-content\/uploads\/2025\/04\/small-potato-harvesting-machine-with-two-wheel-tractor-16x12.webp 16w\" sizes=\"auto, (max-width: 720px) 100vw, 720px\" \/><figcaption class=\"wp-element-caption\">M\u00e1quina de colheita de batata pequena com trator de duas rodas<\/figcaption><\/figure> <\/div>   <h2 class=\"wp-block-heading\"><strong>Contate-nos agora para mais detalhes!<\/strong><\/h2>    <p class=\"translation-block\">Quer saber mais sobre o modelo, pre\u00e7o ou informa\u00e7\u00f5es de v\u00eddeo do ceifador de batatas? Sinta-se \u00e0 vontade para nos contactar! A Taizy oferece consulta gratuita, recomenda\u00e7\u00e3o de programas e demonstra\u00e7\u00e3o online para o ajudar a escolher a solu\u00e7\u00e3o de colheita de <strong>batata<\/strong> certa.<\/p>   <div class=\"wp-block-image\"> <figure class=\"aligncenter size-full\"><img loading=\"lazy\" decoding=\"async\" width=\"720\" height=\"540\" src=\"https:\/\/taizyagromachine.com\/wp-content\/uploads\/2025\/04\/potato-harvesting.webp\" alt=\"colheita de batata\" class=\"wp-image-7884\" srcset=\"https:\/\/taizyagromachine.com\/wp-content\/uploads\/2025\/04\/potato-harvesting.webp 720w, https:\/\/taizyagromachine.com\/wp-content\/uploads\/2025\/04\/potato-harvesting-16x12.webp 16w\" sizes=\"auto, (max-width: 720px) 100vw, 720px\" \/><figcaption class=\"wp-element-caption\">colheita de batata<\/figcaption><\/figure> <\/div>","protected":false},"excerpt":{"rendered":"<p>A colheitadeira de batatas Taizy pode completar a escava\u00e7\u00e3o, transporte, coleta, carregamento e outras opera\u00e7\u00f5es de uma s\u00f3 vez, trabalhando com um trator de 4 rodas. Tem uma capacidade de 5-8Mu\/h.<\/p>","protected":false},"author":1,"featured_media":7878,"parent":0,"template":"","tags":[242],"product-type":[22],"class_list":["post-7875","product","type-product","status-publish","has-post-thumbnail","hentry","tag-potato","product-type-others"],"_links":{"self":[{"href":"https:\/\/taizyagromachine.com\/pt\/wp-json\/wp\/v2\/product\/7875","targetHints":{"allow":["GET"]}}],"collection":[{"href":"https:\/\/taizyagromachine.com\/pt\/wp-json\/wp\/v2\/product"}],"about":[{"href":"https:\/\/taizyagromachine.com\/pt\/wp-json\/wp\/v2\/types\/product"}],"author":[{"embeddable":true,"href":"https:\/\/taizyagromachine.com\/pt\/wp-json\/wp\/v2\/users\/1"}],"wp:featuredmedia":[{"embeddable":true,"href":"https:\/\/taizyagromachine.com\/pt\/wp-json\/wp\/v2\/media\/7878"}],"wp:attachment":[{"href":"https:\/\/taizyagromachine.com\/pt\/wp-json\/wp\/v2\/media?parent=7875"}],"wp:term":[{"taxonomy":"post_tag","embeddable":true,"href":"https:\/\/taizyagromachine.com\/pt\/wp-json\/wp\/v2\/tags?post=7875"},{"taxonomy":"product-type","embeddable":true,"href":"https:\/\/taizyagromachine.com\/pt\/wp-json\/wp\/v2\/product-type?post=7875"}],"curies":[{"name":"wp","href":"https:\/\/api.w.org\/{rel}","templated":true}]}}