{"id":7953,"date":"2025-04-30T18:25:49","date_gmt":"2025-04-30T10:25:49","guid":{"rendered":"https:\/\/taizyagromachine.com\/?post_type=product&#038;p=7953"},"modified":"2025-05-06T14:43:41","modified_gmt":"2025-05-06T06:43:41","slug":"manure-and-fertilizer-spreader-truck","status":"publish","type":"product","link":"https:\/\/taizyagromachine.com\/pt\/product\/manure-and-fertilizer-spreader-truck\/","title":{"rendered":"Caminh\u00e3o distribuidor de esterco e fertilizante"},"content":{"rendered":"<p class=\"translation-block\">O <strong>cami\u00e3o espalhador de fertilizantes<\/strong> Taizy foi concebido para espalhar diversos estrume seco e h\u00famido, fertilizante granular, fertilizante org\u00e2nico, fertilizante qu\u00edmico, etc., nos campos agr\u00edcolas. \u00c9 adequado para cooperativas de cria\u00e7\u00e3o e grandes bases de planta\u00e7\u00e3o.<\/p>    <p>Este espalhador de estrume para trator \u00e9 do tipo PTO, com um trator de \u226550HP, tem um volume de 3m\u00b3, 6m\u00b3, 8m\u00b3, 10m\u00b3 e 12m\u00b3, e uma dist\u00e2ncia de espalhamento de 4-16m. A m\u00e1quina de espalhamento pode lan\u00e7ar o estrume de um caminh\u00e3o em 5-10 minutos, com uma capacidade de cerca de 500 Mu por dia.<\/p>    <p>Toda a m\u00e1quina \u00e9 controlada hidraulicamente, moldada integralmente, n\u00e3o soldada e mais dur\u00e1vel e resistente \u00e0 corros\u00e3o. Ela pode espalhar de forma eficiente e uniforme todos os tipos de fertilizantes granulados, fertilizantes org\u00e2nicos e fertilizantes de esterco seco, sendo uma ferramenta ideal para aumentar a efic\u00e1cia dos fertilizantes agr\u00edcolas e economizar m\u00e3o de obra. Interessado? Entre em contato conosco para obter mais informa\u00e7\u00f5es.<\/p>    <figure class=\"wp-block-embed is-type-video is-provider-youtube wp-block-embed-youtube wp-embed-aspect-16-9 wp-has-aspect-ratio\"><div class=\"wp-block-embed__wrapper\"> <iframe loading=\"lazy\" title=\"Distribuidor de esterco de fornecimento de tratores | Como funciona o caminh\u00e3o distribuidor de fertilizantes? Esterco de cavalo e de aves.\" width=\"500\" height=\"281\" src=\"https:\/\/www.youtube.com\/embed\/JDF1syW7Qso?feature=oembed\" frameborder=\"0\" allow=\"accelerometer; autoplay; clipboard-write; encrypted-media; gyroscope; picture-in-picture; web-share\" referrerpolicy=\"strict-origin-when-cross-origin\" allowfullscreen><\/iframe> <\/div><figcaption class=\"wp-element-caption\">v\u00eddeo do caminh\u00e3o distribuidor de esterco<\/figcaption><\/figure>    <h2 class=\"wp-block-heading\"><strong>Vantagens do caminh\u00e3o distribuidor de fertilizante de 3 pontos<\/strong><\/h2>    <ul class=\"wp-block-list\"> <li>O quadro de tra\u00e7\u00e3o do espalhador de estrume \u00e9 um <strong>tubo quadrado de 20*20cm<\/strong>, mais s\u00f3lido e dur\u00e1vel.<\/li>    <li>A corrente de alimenta\u00e7\u00e3o de fertilizante adota um <strong>tubo quadrado de 4*6cm com uma parede de 5mm de espessura.<\/strong>l, e o c<strong>fivela da corrente adota grau de minera\u00e7\u00e3o<\/strong>, que n\u00e3o \u00e9 f\u00e1cil de deformar e quebrar ap\u00f3s um longo tempo de alimenta\u00e7\u00e3o e distribui\u00e7\u00e3o de fertilizantes.<\/li>    <li>O tanque de \u00f3leo hidr\u00e1ulico de grande capacidade \u00e9 equipado com um <strong>dispositivo de arrefecimento<\/strong>, que garante o arrefecimento do \u00f3leo hidr\u00e1ulico.<\/li>    <li>Nosso caminh\u00e3o distribuidor de fertilizantes do tipo puxado \u00e9 equipado com um <strong>v\u00e1lvula de controle de fluxo (10 marchas)<\/strong>, ajust\u00e1vel. Quanto maior a engrenagem, mais r\u00e1pida a velocidade.<\/li>    <li>Tomando como exemplo um caminh\u00e3o distribuidor de esterco de 6m\u00b3, ele est\u00e1 equipado com <strong>um di\u00e2metro de 68cm disco duplo, uma dist\u00e2ncia de lan\u00e7amento de 4-15m<\/strong>, que pode ser ajustado livremente.<\/li> <\/ul>    <figure class=\"wp-block-gallery has-nested-images columns-default is-cropped wp-block-gallery-2 is-layout-flex wp-block-gallery-is-layout-flex\"> <figure class=\"wp-block-image size-large\"><img loading=\"lazy\" decoding=\"async\" width=\"720\" height=\"540\" data-id=\"7961\" src=\"https:\/\/taizyagromachine.com\/wp-content\/uploads\/2025\/04\/3-point-fertilizer-spreader-truck-1.webp\" alt=\"Caminh\u00e3o distribuidor de fertilizante de 3 pontos\" class=\"wp-image-7961\" srcset=\"https:\/\/taizyagromachine.com\/wp-content\/uploads\/2025\/04\/3-point-fertilizer-spreader-truck-1.webp 720w, https:\/\/taizyagromachine.com\/wp-content\/uploads\/2025\/04\/3-point-fertilizer-spreader-truck-1-16x12.webp 16w\" sizes=\"auto, (max-width: 720px) 100vw, 720px\" \/><figcaption class=\"wp-element-caption\">Caminh\u00e3o distribuidor de fertilizante de 3 pontos<\/figcaption><\/figure>    <figure class=\"wp-block-image size-large\"><img loading=\"lazy\" decoding=\"async\" width=\"720\" height=\"540\" data-id=\"7962\" src=\"https:\/\/taizyagromachine.com\/wp-content\/uploads\/2025\/04\/3-point-hitch-fertilizer-spreader.webp\" alt=\"Distribuidor de fertilizante de engate de 3 pontos\" class=\"wp-image-7962\" srcset=\"https:\/\/taizyagromachine.com\/wp-content\/uploads\/2025\/04\/3-point-hitch-fertilizer-spreader.webp 720w, https:\/\/taizyagromachine.com\/wp-content\/uploads\/2025\/04\/3-point-hitch-fertilizer-spreader-16x12.webp 16w\" sizes=\"auto, (max-width: 720px) 100vw, 720px\" \/><figcaption class=\"wp-element-caption\">Distribuidor de fertilizante de engate de 3 pontos<\/figcaption><\/figure> <\/figure>    <h2 class=\"wp-block-heading\"><strong>Par\u00e2metros t\u00e9cnicos do caminh\u00e3o distribuidor de fertilizantes secos.<\/strong><\/h2>    <p>O nosso espalhador de estrume seco e l\u00edquido oferece v\u00e1rias op\u00e7\u00f5es de capacidade, incluindo 3m\u00b3, 6m\u00b3, 8m\u00b3, 10m\u00b3 e 12m\u00b3, que podem ser selecionadas livremente de acordo com a \u00e1rea de trabalho e o tipo de estrume. Aqui est\u00e3o os par\u00e2metros dos tr\u00eas modelos mais vendidos para sua refer\u00eancia.<\/p>    <figure class=\"wp-block-table\"><table class=\"has-fixed-layout\"><tbody><tr><td><strong>Item <\/strong><strong><\/strong><\/td><td><strong>2FGH-3<\/strong><strong><\/strong><\/td><td><strong>2FGH-6<\/strong><\/td><td><strong>2FGH-8<\/strong><\/td><\/tr><tr><td>Volume do silo &nbsp;<\/td><td>3m\u00b3<\/td><td>6m\u00b3<\/td><td>8m\u00b3<\/td><\/tr><tr><td>Tamanho \u00fanico<\/td><td>4850*1800*2050mm<\/td><td>5750*2050*2430mm<\/td><td>6350*2200*2430mm<\/td><\/tr><tr><td>Forma estrutural<\/td><td>Tipo de caixa<\/td><td>Tipo de caixa<\/td><td>Tipo de caixa<\/td><\/tr><tr><td>Modo de trabalho<\/td><td>Lan\u00e7amento para tr\u00e1s<\/td><td>Lan\u00e7amento para tr\u00e1s<\/td><td>Lan\u00e7amento para tr\u00e1s<\/td><\/tr><tr><td>M\u00e9todo de entrega de fertilizante org\u00e2nico<\/td><td>Empurrador de corrente hidr\u00e1ulico<\/td><td>Empurrador de corrente hidr\u00e1ulico<\/td><td>Empurrador de corrente hidr\u00e1ulico<\/td><\/tr><tr><td>Tipo de dispositivo de espalhamento<\/td><td>Disco duplo traseiro<\/td><td>Disco duplo traseiro<\/td><td>Disco duplo traseiro<\/td><\/tr><tr><td>Largura de espalhamento<\/td><td>&gt;=5m<\/td><td>&gt;=5m<\/td><td>&gt;=5m<\/td><\/tr><tr><td>Qtd. de discos<\/td><td>2 unidades<\/td><td>2 unidades<\/td><td>2 unidades<\/td><\/tr><tr><td>Pneu<\/td><td>2 unidades<\/td><td>2 unidades<\/td><td>2 unidades<\/td><\/tr><tr><td>N\u00ba do pneu<\/td><td>20.5\/70-16<\/td><td>298\/60R22.5<\/td><td>295\/60R22.5<\/td><\/tr><tr><td>Poder correspondente<\/td><td>\u226550CV<\/td><td>\u226560,3kW<\/td><td>\u226570kW<\/td><\/tr><tr><td>Capacidade m\u00e1xima de carga<\/td><td>2400kg<\/td><td>4800kg<\/td><td>6000kg<\/td><\/tr><tr><td>Efici\u00eancia de trabalho<\/td><td>Cerca de 5-10min\/caminh\u00e3o (tempo de espalhamento dependendo de diferentes fertilizantes)<\/td><td>Cerca de 5-10min\/caminh\u00e3o (tempo de espalhamento dependendo de diferentes fertilizantes)<\/td><td>Cerca de 5-10min\/caminh\u00e3o (tempo de espalhamento dependendo de diferentes fertilizantes)<\/td><\/tr><\/tbody><\/table><figcaption class=\"wp-element-caption\">par\u00e2metros do caminh\u00e3o espalhador de fertilizante seco e l\u00edquido<\/figcaption><\/figure>    <figure class=\"wp-block-gallery has-nested-images columns-default is-cropped wp-block-gallery-3 is-layout-flex wp-block-gallery-is-layout-flex\"> <figure class=\"wp-block-image size-large\"><img loading=\"lazy\" decoding=\"async\" width=\"720\" height=\"540\" data-id=\"7956\" src=\"https:\/\/taizyagromachine.com\/wp-content\/uploads\/2025\/04\/pto-driven-manure-spreader-truck.webp\" alt=\"caminh\u00e3o distribuidor de esterco acionado por PTO\" class=\"wp-image-7956\" srcset=\"https:\/\/taizyagromachine.com\/wp-content\/uploads\/2025\/04\/pto-driven-manure-spreader-truck.webp 720w, https:\/\/taizyagromachine.com\/wp-content\/uploads\/2025\/04\/pto-driven-manure-spreader-truck-16x12.webp 16w\" sizes=\"auto, (max-width: 720px) 100vw, 720px\" \/><figcaption class=\"wp-element-caption\">caminh\u00e3o distribuidor de esterco acionado por PTO<\/figcaption><\/figure>    <figure class=\"wp-block-image size-large\"><img loading=\"lazy\" decoding=\"async\" width=\"720\" height=\"540\" data-id=\"7957\" src=\"https:\/\/taizyagromachine.com\/wp-content\/uploads\/2025\/04\/tractor-manure-spreader.webp\" alt=\"distribuidor de esterco para trator\" class=\"wp-image-7957\" srcset=\"https:\/\/taizyagromachine.com\/wp-content\/uploads\/2025\/04\/tractor-manure-spreader.webp 720w, https:\/\/taizyagromachine.com\/wp-content\/uploads\/2025\/04\/tractor-manure-spreader-16x12.webp 16w\" sizes=\"auto, (max-width: 720px) 100vw, 720px\" \/><figcaption class=\"wp-element-caption\">distribuidor de esterco para trator<\/figcaption><\/figure> <\/figure>    <h2 class=\"wp-block-heading\"><strong>Aplica\u00e7\u00f5es do caminh\u00e3o distribuidor de esterco<\/strong><\/h2>    <p>O caminh\u00e3o espalhador de fertilizante montado em trator Taizy \u00e9 adequado para todos os tipos de esterco seco e \u00famido, fertilizante org\u00e2nico, fertilizante granular e opera\u00e7\u00e3o de lan\u00e7amento de fertilizante qu\u00edmico, amplamente utilizado em:<\/p>    <ul class=\"wp-block-list\"> <li>Opera\u00e7\u00e3o de retorno de estrume nas explora\u00e7\u00f5es agr\u00edcolas<\/li>    <li>Distribui\u00e7\u00e3o de fertilizante org\u00e2nico nas bases de plantio<\/li>    <li>Projeto de aplica\u00e7\u00e3o de fertilizantes em escala de cooperativas agr\u00edcolas<\/li> <\/ul>    <h2 class=\"wp-block-heading\"><strong>Qual \u00e9 o pre\u00e7o do espalhador de estrume montado em cami\u00e3o?<\/strong><\/h2>    <p>Os pre\u00e7os dos cami\u00f5es espalhadores de fertilizante variam com base em diferentes capacidades, configura\u00e7\u00f5es e se s\u00e3o ou n\u00e3o personalizados. Por exemplo, o pre\u00e7o de um espalhador de esterco de 6m\u00b3 com sistema de parafuso vertical ser\u00e1 mais alto do que o da m\u00e1quina com controlo hidr\u00e1ulico e sistema de disco duplo.<\/p>    <p>Apoiamos solu\u00e7\u00f5es personalizadas de acordo com os or\u00e7amentos e necessidades operacionais dos clientes. Sinta-se \u00e0 vontade para nos contactar para obter o or\u00e7amento mais recente e solu\u00e7\u00f5es de transporte.<\/p>    <figure class=\"wp-block-gallery has-nested-images columns-default is-cropped wp-block-gallery-4 is-layout-flex wp-block-gallery-is-layout-flex\"> <figure class=\"wp-block-image size-large\"><img loading=\"lazy\" decoding=\"async\" width=\"720\" height=\"540\" data-id=\"7959\" src=\"https:\/\/taizyagromachine.com\/wp-content\/uploads\/2025\/04\/3-point-fertilizer-spreader-truck.webp\" alt=\"Caminh\u00e3o distribuidor de fertilizante de 3 pontos\" class=\"wp-image-7959\" srcset=\"https:\/\/taizyagromachine.com\/wp-content\/uploads\/2025\/04\/3-point-fertilizer-spreader-truck.webp 720w, https:\/\/taizyagromachine.com\/wp-content\/uploads\/2025\/04\/3-point-fertilizer-spreader-truck-16x12.webp 16w\" sizes=\"auto, (max-width: 720px) 100vw, 720px\" \/><figcaption class=\"wp-element-caption\">Caminh\u00e3o distribuidor de fertilizante de 3 pontos<\/figcaption><\/figure>    <figure class=\"wp-block-image size-large\"><img loading=\"lazy\" decoding=\"async\" width=\"720\" height=\"540\" data-id=\"7960\" src=\"https:\/\/taizyagromachine.com\/wp-content\/uploads\/2025\/04\/compact-manure-spreader-truck.webp\" alt=\"caminh\u00e3o compacto distribuidor de esterco\" class=\"wp-image-7960\" srcset=\"https:\/\/taizyagromachine.com\/wp-content\/uploads\/2025\/04\/compact-manure-spreader-truck.webp 720w, https:\/\/taizyagromachine.com\/wp-content\/uploads\/2025\/04\/compact-manure-spreader-truck-16x12.webp 16w\" sizes=\"auto, (max-width: 720px) 100vw, 720px\" \/><figcaption class=\"wp-element-caption\">caminh\u00e3o compacto distribuidor de esterco<\/figcaption><\/figure> <\/figure>    <h2 class=\"wp-block-heading\"><strong>Dicas para escolher um caminh\u00e3o distribuidor de fertilizantes adequado para a fazenda.<\/strong><\/h2>    <p>De acordo com nossa experi\u00eancia, as seguintes s\u00e3o as sugest\u00f5es de compra para um caminh\u00e3o espalhador de esterco, incluindo principalmente:<\/p>    <ul class=\"wp-block-list\"> <li>Definir o cen\u00e1rio de uso e o tipo de fertilizante<\/li>    <li>Escolha razo\u00e1vel de capacidade<\/li>    <li>Preste aten\u00e7\u00e3o \u00e0 largura e efici\u00eancia do espalhamento de fertilizantes<\/li>    <li>Correspond\u00eancia de pot\u00eancia do trator<\/li>    <li>Preste aten\u00e7\u00e3o ao sistema hidr\u00e1ulico e \u00e0 conveni\u00eancia de opera\u00e7\u00e3o<\/li>    <li>Escolha de fornecedores fi\u00e1veis<\/li> <\/ul>    <p>As acima s\u00e3o algumas sugest\u00f5es dadas quando voc\u00ea est\u00e1 comprando. Se precisar de mais detalhes, n\u00e3o hesite em nos contatar!<\/p>    <h2 class=\"wp-block-heading\"><strong>Por que escolher a Taizy como fornecedora de caminh\u00f5es distribuidores de esterco?<\/strong><\/h2>    <p>Escolher a Taizy entre muitos fornecedores de espalhadores de esterco \u00e0 venda \u00e9 porque:<\/p>    <ul class=\"wp-block-list\"> <li><strong>Experi\u00eancia rica<\/strong>Muitos anos de experi\u00eancia na exporta\u00e7\u00e3o de m\u00e1quinas agr\u00edcolas, produtos exportados para a \u00c1sia, \u00c1frica, Europa e outros pa\u00edses.<\/li>    <li><strong>Tecnologia fi\u00e1vel<\/strong>Adotando componentes de primeira linha, o caminh\u00e3o espalhador de esterco \u00e9 moldado em uma pe\u00e7a, com maior vida \u00fatil.<\/li>    <li><strong>Apoio \u00e0 personaliza\u00e7\u00e3o<\/strong>: Fornecemos solu\u00e7\u00f5es exclusivas de acordo com o terreno, cultura e requisitos de pot\u00eancia do cliente.<\/li>    <li><strong>Garantia p\u00f3s-venda<\/strong>: Acess\u00f3rios completos, orienta\u00e7\u00e3o em v\u00eddeo remota e um servi\u00e7o mais confi\u00e1vel para o caminh\u00e3o espalhador de fertilizante da Taizy.<\/li> <\/ul>    <figure class=\"wp-block-gallery has-nested-images columns-default is-cropped wp-block-gallery-5 is-layout-flex wp-block-gallery-is-layout-flex\"> <figure class=\"wp-block-image size-large\"><img loading=\"lazy\" decoding=\"async\" width=\"720\" height=\"540\" data-id=\"7963\" src=\"https:\/\/taizyagromachine.com\/wp-content\/uploads\/2025\/04\/three-point-hitch-fertilizer-spreader-truck.webp\" alt=\"caminh\u00e3o distribuidor de fertilizante com engate de tr\u00eas pontos\" class=\"wp-image-7963\" srcset=\"https:\/\/taizyagromachine.com\/wp-content\/uploads\/2025\/04\/three-point-hitch-fertilizer-spreader-truck.webp 720w, https:\/\/taizyagromachine.com\/wp-content\/uploads\/2025\/04\/three-point-hitch-fertilizer-spreader-truck-16x12.webp 16w\" sizes=\"auto, (max-width: 720px) 100vw, 720px\" \/><figcaption class=\"wp-element-caption\">caminh\u00e3o distribuidor de fertilizante com engate de tr\u00eas pontos<\/figcaption><\/figure>    <figure class=\"wp-block-image size-large\"><img loading=\"lazy\" decoding=\"async\" width=\"720\" height=\"540\" data-id=\"7964\" src=\"https:\/\/taizyagromachine.com\/wp-content\/uploads\/2025\/04\/truck-mounted-manure-spreader.webp\" alt=\"caminh\u00e3o montado com distribuidor de esterco\" class=\"wp-image-7964\" srcset=\"https:\/\/taizyagromachine.com\/wp-content\/uploads\/2025\/04\/truck-mounted-manure-spreader.webp 720w, https:\/\/taizyagromachine.com\/wp-content\/uploads\/2025\/04\/truck-mounted-manure-spreader-16x12.webp 16w\" sizes=\"auto, (max-width: 720px) 100vw, 720px\" \/><figcaption class=\"wp-element-caption\">caminh\u00e3o montado com distribuidor de esterco<\/figcaption><\/figure> <\/figure>    <h2 class=\"wp-block-heading\"><strong>Entre em contato conosco para um or\u00e7amento gratuito e informa\u00e7\u00f5es em v\u00eddeo!<\/strong><\/h2>    <p class=\"translation-block\">Seja uma cooperativa agr\u00edcola, um rancho ou um local de planta\u00e7\u00e3o, a Taizy tem uma solu\u00e7\u00e3o de espalhamento de fertilizantes eficiente e dur\u00e1vel.<\/p>    <ul class=\"wp-block-list\"> <li>Comunica\u00e7\u00e3o r\u00e1pida atrav\u00e9s do WhatsApp, WeChat e e-mail.<\/li>    <li>V\u00eddeo de funcionamento do equipamento gratuito, lista de pe\u00e7as sobressalentes e plano de transporte.<\/li>    <li>Servi\u00e7o individualizado por consultores de vendas profissionais para garantir uma compra sem preocupa\u00e7\u00f5es.<\/li> <\/ul>    <p class=\"translation-block\">Tamb\u00e9m temos outras m\u00e1quinas de silagem para venda, como a <a href=\"https:\/\/taizyagromachine.com\/pt\/product\/silage-baler-machine\/\">m\u00e1quina enfardadeira de silagem<\/a>, <a href=\"https:\/\/taizyagromachine.com\/pt\/product\/straw-crushing-and-recycling-machine\/\">colheitadeira de silagem<\/a> para a sua vida agr\u00edcola. Entre em contacto connosco para mais detalhes!<\/p>","protected":false},"excerpt":{"rendered":"<p>O caminh\u00e3o distribuidor de fertilizante Taizy \u00e9 para espalhar v\u00e1rios tipos de esterco seco e \u00famido, fertilizante granular, fertilizante org\u00e2nico, fertilizante qu\u00edmico, etc., nos campos agr\u00edcolas, com um volume de 3m\u00b3, 6m\u00b3, 8m\u00b3, 10m\u00b3 e 12m\u00b3.<\/p>","protected":false},"author":1,"featured_media":7955,"parent":0,"template":"","tags":[116],"product-type":[19],"class_list":["post-7953","product","type-product","status-publish","has-post-thumbnail","hentry","tag-silage","product-type-silage-machine"],"_links":{"self":[{"href":"https:\/\/taizyagromachine.com\/pt\/wp-json\/wp\/v2\/product\/7953","targetHints":{"allow":["GET"]}}],"collection":[{"href":"https:\/\/taizyagromachine.com\/pt\/wp-json\/wp\/v2\/product"}],"about":[{"href":"https:\/\/taizyagromachine.com\/pt\/wp-json\/wp\/v2\/types\/product"}],"author":[{"embeddable":true,"href":"https:\/\/taizyagromachine.com\/pt\/wp-json\/wp\/v2\/users\/1"}],"wp:featuredmedia":[{"embeddable":true,"href":"https:\/\/taizyagromachine.com\/pt\/wp-json\/wp\/v2\/media\/7955"}],"wp:attachment":[{"href":"https:\/\/taizyagromachine.com\/pt\/wp-json\/wp\/v2\/media?parent=7953"}],"wp:term":[{"taxonomy":"post_tag","embeddable":true,"href":"https:\/\/taizyagromachine.com\/pt\/wp-json\/wp\/v2\/tags?post=7953"},{"taxonomy":"product-type","embeddable":true,"href":"https:\/\/taizyagromachine.com\/pt\/wp-json\/wp\/v2\/product-type?post=7953"}],"curies":[{"name":"wp","href":"https:\/\/api.w.org\/{rel}","templated":true}]}}