{"id":8326,"date":"2025-10-13T15:06:47","date_gmt":"2025-10-13T07:06:47","guid":{"rendered":"https:\/\/taizyagromachine.com\/?post_type=product&#038;p=8326"},"modified":"2025-10-13T16:49:26","modified_gmt":"2025-10-13T08:49:26","slug":"small-scale-grain-thresher-machine","status":"publish","type":"product","link":"https:\/\/taizyagromachine.com\/pt\/product\/small-scale-grain-thresher-machine\/","title":{"rendered":"Maquina de debulhadora de gr\u00e3os de pequena escala"},"content":{"rendered":"<p class=\"translation-block\">A Taizy MT-1500 multipurpose <strong>m\u00e1quina debulhadora de gr\u00e3os<\/strong> combina alta efici\u00eancia com versatilidade, amplamente utilizada para debulhar milho (com capas), millet, sorgo, soja, arroz, trigo e outros gr\u00e3os e cereais. Atende \u00e0s necessidades de processamento ao longo do ano para v\u00e1rias culturas numa \u00fanica m\u00e1quina. A sua capacidade varia entre 2-5t por hora, preferida pelo Projeto de Licita\u00e7\u00e3o Agr\u00edcola.<\/p>    <p>Esta debulhadora de culturas pode usar motor a diesel (com arranque el\u00e9trico) ou motor el\u00e9trico como fonte de energia, equipada com grandes rodas e uma estrutura, muito apreciada por clientes africanos. Quer seja para explora\u00e7\u00f5es familiares, cooperativas ou instala\u00e7\u00f5es de processamento de gr\u00e3os, a nossa debulhadora oferece debulha eficiente, reduz custos de m\u00e3o de obra e aumenta a produtividade.<\/p>    <figure class=\"wp-block-embed is-type-video is-provider-youtube wp-block-embed-youtube wp-embed-aspect-16-9 wp-has-aspect-ratio\"><div class=\"wp-block-embed__wrapper\"> <iframe loading=\"lazy\" title=\"MT-1500 debulhadora multifuncional de gr\u00e3os para milho, millet, sorgo | Debulhadora de milho m\u00faltipla\" width=\"500\" height=\"281\" src=\"https:\/\/www.youtube.com\/embed\/q6hb9pE17o4?feature=oembed\" frameborder=\"0\" allow=\"accelerometer; autoplay; clipboard-write; encrypted-media; gyroscope; picture-in-picture; web-share\" referrerpolicy=\"strict-origin-when-cross-origin\" allowfullscreen><\/iframe> <\/div><figcaption class=\"wp-element-caption\">v\u00eddeo de funcionamento da debulhadora de gr\u00e3os m\u00faltipla<\/figcaption><\/figure>    <h2 class=\"wp-block-heading\"><strong>Vantagens da m\u00e1quina debulhadora multifuncional de gr\u00e3os<\/strong><\/h2>    <p>Alta compatibilidade com v\u00e1rias culturas: atinge as necessidades de debulha para v\u00e1rias culturas (milho, trigo, arroz, millet, sorgo, feij\u00e3o, etc.) em diferentes esta\u00e7\u00f5es.<\/p>    <ul class=\"wp-block-list\"> <li>Design de c\u00e2mara dupla: permite debulha secund\u00e1ria para gr\u00e3os mais limpos e perdas menores.<\/li>    <li>Sistema de duplo ventilador: remove completamente impurezas com efici\u00eancia de limpeza aumentada.<\/li>    <li>Constru\u00e7\u00e3o robusta: chassis est\u00e1vel com rodas grandes para zonas rurais ou terrenos irregulares.<\/li>    <li>Opera\u00e7\u00e3o e manuten\u00e7\u00e3o f\u00e1ceis: ideal para uso di\u00e1rio por agricultores, cooperativas e locais de processamento agr\u00edcola.<\/li> <\/ul>    <figure class=\"wp-block-gallery has-nested-images columns-default is-cropped wp-block-gallery-2 is-layout-flex wp-block-gallery-is-layout-flex\"> <figure class=\"wp-block-image size-large\"><img loading=\"lazy\" decoding=\"async\" width=\"720\" height=\"540\" data-id=\"8332\" src=\"https:\/\/taizyagromachine.com\/wp-content\/uploads\/2025\/10\/multi-crop-threshing-machine.webp\" alt=\"debulhadora multicultura\" class=\"wp-image-8332\" srcset=\"https:\/\/taizyagromachine.com\/wp-content\/uploads\/2025\/10\/multi-crop-threshing-machine.webp 720w, https:\/\/taizyagromachine.com\/wp-content\/uploads\/2025\/10\/multi-crop-threshing-machine-16x12.webp 16w\" sizes=\"auto, (max-width: 720px) 100vw, 720px\" \/><figcaption class=\"wp-element-caption\">debulhadora multicultura<\/figcaption><\/figure>    <figure class=\"wp-block-image size-large\"><img loading=\"lazy\" decoding=\"async\" width=\"720\" height=\"540\" data-id=\"8333\" src=\"https:\/\/taizyagromachine.com\/wp-content\/uploads\/2025\/10\/multifunctional-grain-thresher-machine-for-sale.webp\" alt=\"m\u00e1quina debulhadora multifuncional de gr\u00e3os para venda\" class=\"wp-image-8333\" srcset=\"https:\/\/taizyagromachine.com\/wp-content\/uploads\/2025\/10\/multifunctional-grain-thresher-machine-for-sale.webp 720w, https:\/\/taizyagromachine.com\/wp-content\/uploads\/2025\/10\/multifunctional-grain-thresher-machine-for-sale-16x12.webp 16w\" sizes=\"auto, (max-width: 720px) 100vw, 720px\" \/><figcaption class=\"wp-element-caption\">m\u00e1quina debulhadora multifuncional de gr\u00e3os para venda<\/figcaption><\/figure> <\/figure>    <figure class=\"wp-block-gallery has-nested-images columns-default is-cropped wp-block-gallery-3 is-layout-flex wp-block-gallery-is-layout-flex\"> <figure class=\"wp-block-image size-large\"><img loading=\"lazy\" decoding=\"async\" width=\"720\" height=\"540\" data-id=\"8336\" src=\"https:\/\/taizyagromachine.com\/wp-content\/uploads\/2025\/10\/new-type-multipurpose-threshing-machine.webp\" alt=\"nova-type debulhadora multifuncional\" class=\"wp-image-8336\" srcset=\"https:\/\/taizyagromachine.com\/wp-content\/uploads\/2025\/10\/new-type-multipurpose-threshing-machine.webp 720w, https:\/\/taizyagromachine.com\/wp-content\/uploads\/2025\/10\/new-type-multipurpose-threshing-machine-16x12.webp 16w\" sizes=\"auto, (max-width: 720px) 100vw, 720px\" \/><figcaption class=\"wp-element-caption\">nova-type debulhadora multifuncional<\/figcaption><\/figure>    <figure class=\"wp-block-image size-large\"><img loading=\"lazy\" decoding=\"async\" width=\"720\" height=\"540\" data-id=\"8334\" src=\"https:\/\/taizyagromachine.com\/wp-content\/uploads\/2025\/10\/multifunctional-thresher-machine-for-grains.webp\" alt=\"debulhadora multifuncional para gr\u00e3os\" class=\"wp-image-8334\" srcset=\"https:\/\/taizyagromachine.com\/wp-content\/uploads\/2025\/10\/multifunctional-thresher-machine-for-grains.webp 720w, https:\/\/taizyagromachine.com\/wp-content\/uploads\/2025\/10\/multifunctional-thresher-machine-for-grains-16x12.webp 16w\" sizes=\"auto, (max-width: 720px) 100vw, 720px\" \/><figcaption class=\"wp-element-caption\">debulhadora multifuncional para gr\u00e3os<\/figcaption><\/figure> <\/figure>    <h2 class=\"wp-block-heading\"><strong>Par\u00e2metros da debulhadora de gr\u00e3os<\/strong><\/h2>    <figure class=\"wp-block-table\"><table class=\"has-fixed-layout\"><tbody><tr><td>Modelo<\/td><td>MT-1500<\/td><\/tr><tr><td>Configura\u00e7\u00e3o de pot\u00eancia<\/td><td>Motor a diesel: 15\u201318 hp, arranque el\u00e9trico<br>Motor el\u00e9trico: Trif\u00e1sico 7,5 kW<\/td><\/tr><tr><td>Capacidade<\/td><td>Milho-mi\u00fado: 3 t\/h<br>Milho: 5t\/h<br>Arroz\/Trigo: 2t\/h<\/td><\/tr><tr><td>Formul\u00e1rios<\/td><td>Milho, millet, sorgo, soja, arroz, trigo, etc.<\/td><\/tr><\/tbody><\/table><figcaption class=\"wp-element-caption\">especifica\u00e7\u00f5es da debulhadora de gr\u00e3os multifuncional<\/figcaption><\/figure>    <h2 class=\"wp-block-heading\"><strong>Estrutura da m\u00e1quina debulhadora de gr\u00e3os Taizy<\/strong><\/h2>    <p>Como fabricante e fornecedor profissional de equipamentos agr\u00edcolas, atualizamos a m\u00e1quina para atender melhor os clientes africanos e projetos de licita\u00e7\u00e3o. A sua estrutura inclui entrada, sa\u00edda, pot\u00eancia, chassis, c\u00e2mara de debulha, etc. Consulte o diagrama abaixo para mais detalhes.<\/p>    <div class=\"wp-block-columns is-layout-flex wp-container-core-columns-is-layout-9d6595d7 wp-block-columns-is-layout-flex\"> <div class=\"wp-block-column is-layout-flow wp-block-column-is-layout-flow\"> <figure class=\"wp-block-image size-full\"><img loading=\"lazy\" decoding=\"async\" width=\"720\" height=\"540\" src=\"https:\/\/taizyagromachine.com\/wp-content\/uploads\/2025\/10\/components-of-multi-grain-thresher.webp\" alt=\"componentes da debulhadora de gr\u00e3os m\u00faltipla\" class=\"wp-image-8327\" srcset=\"https:\/\/taizyagromachine.com\/wp-content\/uploads\/2025\/10\/components-of-multi-grain-thresher.webp 720w, https:\/\/taizyagromachine.com\/wp-content\/uploads\/2025\/10\/components-of-multi-grain-thresher-16x12.webp 16w\" sizes=\"auto, (max-width: 720px) 100vw, 720px\" \/><figcaption class=\"wp-element-caption\">componentes da debulhadora de gr\u00e3os m\u00faltipla<\/figcaption><\/figure> <\/div>    <div class=\"wp-block-column is-layout-flow wp-block-column-is-layout-flow\"> <figure class=\"wp-block-image size-full\"><img loading=\"lazy\" decoding=\"async\" width=\"720\" height=\"540\" src=\"https:\/\/taizyagromachine.com\/wp-content\/uploads\/2025\/10\/structure-of-grain-threshing-machine.webp\" alt=\"estrutura da debulhadora de gr\u00e3os\" class=\"wp-image-8328\" srcset=\"https:\/\/taizyagromachine.com\/wp-content\/uploads\/2025\/10\/structure-of-grain-threshing-machine.webp 720w, https:\/\/taizyagromachine.com\/wp-content\/uploads\/2025\/10\/structure-of-grain-threshing-machine-16x12.webp 16w\" sizes=\"auto, (max-width: 720px) 100vw, 720px\" \/><figcaption class=\"wp-element-caption\">estrutura da debulhadora de gr\u00e3os<\/figcaption><\/figure> <\/div> <\/div>    <h2 class=\"wp-block-heading\"><strong>Por que \u00e9 a m\u00e1quina debulhadora de culturas Taizy adequada para projetos de concurso?<\/strong><\/h2>    <p>A m\u00e1quina debulhadora de gr\u00e3os multifuncional Taizy MT-1500 n\u00e3o apenas oferece desempenho excecional, mas tamb\u00e9m apresenta v\u00e1rias vantagens adequadas a concursos internacionais e aquisi\u00e7\u00f5es de projetos agr\u00edcolas:<\/p>    <ol class=\"wp-block-list\"> <li>Tecnologicamente madura com desempenho est\u00e1vel <ul class=\"wp-block-list\"> <li>Amplamente implantada na \u00c1frica, Sul da \u00c1sia e outras regi\u00f5es, esta m\u00e1quina funciona de forma fi\u00e1vel com manuten\u00e7\u00e3o simples e alta intercambialidade de componentes.<\/li> <\/ul> <\/li>    <li>Alto custo-efetividade <ul class=\"wp-block-list\"> <li>Cada unidade custa apenas algumas centenas de d\u00f3lares (sem incluir energia), mais acess\u00edvel do que equipamentos importados semelhantes. O seu desempenho \u00e9 compar\u00e1vel aos modelos licitados na \u00c1frica.<\/li> <\/ul> <\/li>    <li>Op\u00e7\u00f5es de pot\u00eancia flex\u00edveis <ul class=\"wp-block-list\"> <li>Os clientes podem escolher acionamento a diesel ou el\u00e9trico com base nas condi\u00e7\u00f5es locais, atendendo \u00e0s necessidades de \u00e1reas sem eletricidade ou de grandes fazendas.<\/li> <\/ul> <\/li>    <li>Conforme padr\u00f5es agr\u00edcolas m\u00faltiplos <ul class=\"wp-block-list\"> <li>A estrutura do produto cumpre os requisitos de exporta\u00e7\u00e3o com embalagem padronizada e fornece certifica\u00e7\u00f5es CE, ISO e outras, adequado para projetos de ajuda e aquisi\u00e7\u00e3o governamental.<\/li> <\/ul> <\/li> <\/ol>    <figure class=\"wp-block-gallery has-nested-images columns-default is-cropped wp-block-gallery-4 is-layout-flex wp-block-gallery-is-layout-flex\"> <figure class=\"wp-block-image size-large\"><img loading=\"lazy\" decoding=\"async\" width=\"720\" height=\"540\" data-id=\"8337\" src=\"https:\/\/taizyagromachine.com\/wp-content\/uploads\/2025\/10\/grain-thresher-with-traction.webp\" alt=\"debulhadora de gr\u00e3os com tra\u00e7\u00e3o\" class=\"wp-image-8337\" srcset=\"https:\/\/taizyagromachine.com\/wp-content\/uploads\/2025\/10\/grain-thresher-with-traction.webp 720w, https:\/\/taizyagromachine.com\/wp-content\/uploads\/2025\/10\/grain-thresher-with-traction-16x12.webp 16w\" sizes=\"auto, (max-width: 720px) 100vw, 720px\" \/><figcaption class=\"wp-element-caption\">debulhadora de gr\u00e3os com tra\u00e7\u00e3o<\/figcaption><\/figure>    <figure class=\"wp-block-image size-large\"><img loading=\"lazy\" decoding=\"async\" width=\"720\" height=\"540\" data-id=\"8338\" src=\"https:\/\/taizyagromachine.com\/wp-content\/uploads\/2025\/10\/multi-grain-threshing-machine-from-Taizy.webp\" alt=\"debulhadora de gr\u00e3os m\u00faltipla da Taizy\" class=\"wp-image-8338\" srcset=\"https:\/\/taizyagromachine.com\/wp-content\/uploads\/2025\/10\/multi-grain-threshing-machine-from-Taizy.webp 720w, https:\/\/taizyagromachine.com\/wp-content\/uploads\/2025\/10\/multi-grain-threshing-machine-from-Taizy-16x12.webp 16w\" sizes=\"auto, (max-width: 720px) 100vw, 720px\" \/><figcaption class=\"wp-element-caption\">debulhadora de gr\u00e3os m\u00faltipla da Taizy<\/figcaption><\/figure> <\/figure>    <figure class=\"wp-block-gallery has-nested-images columns-default is-cropped wp-block-gallery-5 is-layout-flex wp-block-gallery-is-layout-flex\"> <figure class=\"wp-block-image size-large\"><img loading=\"lazy\" decoding=\"async\" width=\"720\" height=\"540\" data-id=\"8341\" src=\"https:\/\/taizyagromachine.com\/wp-content\/uploads\/2025\/10\/multi-grain-thresher-for-corn.webp\" alt=\"debulhadora m\u00faltipla para milho\" class=\"wp-image-8341\" srcset=\"https:\/\/taizyagromachine.com\/wp-content\/uploads\/2025\/10\/multi-grain-thresher-for-corn.webp 720w, https:\/\/taizyagromachine.com\/wp-content\/uploads\/2025\/10\/multi-grain-thresher-for-corn-16x12.webp 16w\" sizes=\"auto, (max-width: 720px) 100vw, 720px\" \/><figcaption class=\"wp-element-caption\">debulhadora m\u00faltipla para milho<\/figcaption><\/figure>    <figure class=\"wp-block-image size-large\"><img loading=\"lazy\" decoding=\"async\" width=\"719\" height=\"540\" data-id=\"8340\" src=\"https:\/\/taizyagromachine.com\/wp-content\/uploads\/2025\/10\/grain-threshing-machine-for-millet.webp\" alt=\"m\u00e1quina de debulhar gr\u00e3os para milhoji\u0301galo\" class=\"wp-image-8340\" srcset=\"https:\/\/taizyagromachine.com\/wp-content\/uploads\/2025\/10\/grain-threshing-machine-for-millet.webp 719w, https:\/\/taizyagromachine.com\/wp-content\/uploads\/2025\/10\/grain-threshing-machine-for-millet-16x12.webp 16w\" sizes=\"auto, (max-width: 719px) 100vw, 719px\" \/><figcaption class=\"wp-element-caption\">m\u00e1quina de debulhar gr\u00e3os para milhoji\u0301galo<\/figcaption><\/figure>    <figure class=\"wp-block-image size-large\"><img loading=\"lazy\" decoding=\"async\" width=\"720\" height=\"540\" data-id=\"8339\" src=\"https:\/\/taizyagromachine.com\/wp-content\/uploads\/2025\/10\/crop-thresher-for-sorghum.webp\" alt=\"debulhadora para sorgo\" class=\"wp-image-8339\" srcset=\"https:\/\/taizyagromachine.com\/wp-content\/uploads\/2025\/10\/crop-thresher-for-sorghum.webp 720w, https:\/\/taizyagromachine.com\/wp-content\/uploads\/2025\/10\/crop-thresher-for-sorghum-16x12.webp 16w\" sizes=\"auto, (max-width: 720px) 100vw, 720px\" \/><figcaption class=\"wp-element-caption\">debulhadora para sorgo<\/figcaption><\/figure> <\/figure>    <h2 class=\"wp-block-heading\"><strong>Como encomendar esta debulhadora multiuso da Taizy?<\/strong><\/h2>    <p>Conseguir a MT-1500 Taizy m\u00e1quina debulhadora de gr\u00e3os \u00e9 simples:<\/p>    <ol class=\"wp-block-list\"> <li>Contacte-nos <ul class=\"wp-block-list\"> <li>Pode contactar a Taizy por e-mail, WhatsApp ou atrav\u00e9s do formul\u00e1rio do nosso site oficial.<\/li> <\/ul> <\/li>    <li>Confirmar requisitos <ul class=\"wp-block-list\"> <li>Especificar culturas-alvo (ex.: milho, millet, arroz), fonte de energia (motor el\u00e9trico\/d\u00ednelo a diesel) e produ\u00e7\u00e3o prevista. Iremos recomendar a configura\u00e7\u00e3o \u00f3tima da m\u00e1quina.<\/li> <\/ul> <\/li>    <li>Or\u00e7amento e contrato <ul class=\"wp-block-list\"> <li>Forneceremos especifica\u00e7\u00f5es t\u00e9cnicas detalhadas, pre\u00e7os, cronograma de entrega e acordos de remessa.<\/li> <\/ul> <\/li>    <li>Dep\u00f3sito &amp; produ\u00e7\u00e3o OU pagamento total <ul class=\"wp-block-list\"> <li>Fa\u00e7a o dep\u00f3sito e come\u00e7amos a produ\u00e7\u00e3o. Ap\u00f3s a produ\u00e7\u00e3o, tiramos v\u00eddeos e fotos da m\u00e1quina para a sua confirma\u00e7\u00e3o.<\/li>    <li>Quando a m\u00e1quina estiver em stock, embalaremos as mercadorias assim que recebermos o seu pagamento integral.<\/li> <\/ul> <\/li>    <li>Expedi\u00e7\u00e3o e assist\u00eancia p\u00f3s-venda <ul class=\"wp-block-list\"> <li>A Taizy mant\u00e9m um processo de exporta\u00e7\u00e3o comprovado e uma rede de suporte para garantir entrega atempada, orienta\u00e7\u00e3o t\u00e9cnica e forma\u00e7\u00e3o operacional.<\/li> <\/ul> <\/li> <\/ol>    <p>A nossa m\u00e1quina debulhadora de gr\u00e3os combina alta efici\u00eancia, grande adaptabilidade e manuten\u00e7\u00e3o reduzida, adequada para quintas, cooperativas e empresas de processamento agr\u00edcola de todos os tamanhos. Quer seja para produ\u00e7\u00e3o dom\u00e9stica ou projetos de exporta\u00e7\u00e3o, conquista a aceita\u00e7\u00e3o no mercado pela sua excecional performance e pre\u00e7o razo\u00e1vel.<\/p>    <p>Al\u00e9m disso, dispomos de outros equipamentos de processamento de milho, tais como:<\/p>    <ul class=\"wp-block-list\"> <li><a href=\"https:\/\/taizyagromachine.com\/pt\/product\/no-till-corn-planter-machine\/\">M\u00e1quina de plantar milho<\/a><\/li>    <li><a href=\"https:\/\/taizyagromachine.com\/pt\/product\/single-row-corn-harvester\/\">Colheitadora de milho de uma fila<\/a><\/li>    <li><a href=\"https:\/\/taizyagromachine.com\/pt\/product\/fresh-corn-sheller\/\">Debulhadora de milho fresca<\/a><\/li>    <li><a href=\"https:\/\/taizyagromachine.com\/pt\/product\/maize-grits-milling-machine\/\">M\u00e1quina de gr\u00e3os de milho<\/a><\/li> <\/ul>    <p>Se estiver interessado, sinta-se \u00e0 vontade para entrar em contato connosco a qualquer momento!<\/p>","protected":false},"excerpt":{"rendered":"<p>A nova debulhadora multifuncional Taizy MT-1500 processa de forma eficiente milho, millet, sorgo, soja e outras culturas. O seu design de c\u00e2mara dupla e fluxo de ar duplo assegura elevada limpeza e remo\u00e7\u00e3o completa de impurezas. Com op\u00e7\u00f5es de alimenta\u00e7\u00e3o flex\u00edveis e pre\u00e7os competitivos, \u00e9 particularmente adequada para explora\u00e7\u00f5es agr\u00edcolas e projetos de aquisi\u00e7\u00e3o governamental em mercados africanos e sul-asi\u00e1ticos.<\/p>","protected":false},"author":1,"featured_media":8346,"parent":0,"template":"","tags":[235],"product-type":[17],"class_list":["post-8326","product","type-product","status-publish","has-post-thumbnail","hentry","tag-corn","product-type-corn-machine"],"_links":{"self":[{"href":"https:\/\/taizyagromachine.com\/pt\/wp-json\/wp\/v2\/product\/8326","targetHints":{"allow":["GET"]}}],"collection":[{"href":"https:\/\/taizyagromachine.com\/pt\/wp-json\/wp\/v2\/product"}],"about":[{"href":"https:\/\/taizyagromachine.com\/pt\/wp-json\/wp\/v2\/types\/product"}],"author":[{"embeddable":true,"href":"https:\/\/taizyagromachine.com\/pt\/wp-json\/wp\/v2\/users\/1"}],"wp:featuredmedia":[{"embeddable":true,"href":"https:\/\/taizyagromachine.com\/pt\/wp-json\/wp\/v2\/media\/8346"}],"wp:attachment":[{"href":"https:\/\/taizyagromachine.com\/pt\/wp-json\/wp\/v2\/media?parent=8326"}],"wp:term":[{"taxonomy":"post_tag","embeddable":true,"href":"https:\/\/taizyagromachine.com\/pt\/wp-json\/wp\/v2\/tags?post=8326"},{"taxonomy":"product-type","embeddable":true,"href":"https:\/\/taizyagromachine.com\/pt\/wp-json\/wp\/v2\/product-type?post=8326"}],"curies":[{"name":"wp","href":"https:\/\/api.w.org\/{rel}","templated":true}]}}