{"id":8359,"date":"2025-10-22T14:52:26","date_gmt":"2025-10-22T06:52:26","guid":{"rendered":"https:\/\/taizyagromachine.com\/?post_type=product&#038;p=8359"},"modified":"2025-10-22T15:16:22","modified_gmt":"2025-10-22T07:16:22","slug":"multi-rice-and-wheat-thresher-machine","status":"publish","type":"product","link":"https:\/\/taizyagromachine.com\/pt\/product\/multi-rice-and-wheat-thresher-machine\/","title":{"rendered":"M\u00e1quina de debulhar de m\u00faltipla automotriz de arroz e trigo"},"content":{"rendered":"<p class=\"translation-block\">A <strong>m\u00e1quina de debulhar arroz e trigo Taizy<\/strong> pode processar n\u00e3o apenas arroz e trigo, mas tamb\u00e9m uma variedade de culturas de gr\u00e3os, incluindo sorgo, millet, quinua, soja e colza. Para diferentes gr\u00e3os, pode-se trocar as peneiras correspondentes. <\/p>    <p>Esta debulhadora de arroz e trigo multi pode usar motor a gasolina, motor a diesel ou motor el\u00e9trico como fonte de energia, podendo escolher de acordo com suas necessidades. Tem capacidade de 600-800kg\/h, rodas grandes, f\u00e1cil de mover. Para mais detalhes, entre em contato conosco imediatamente!<\/p>    <figure class=\"wp-block-embed is-type-video is-provider-youtube wp-block-embed-youtube wp-embed-aspect-16-9 wp-has-aspect-ratio\"><div class=\"wp-block-embed__wrapper\"> <iframe loading=\"lazy\" title=\"V\u00eddeo de funcionamento da debulhadora multi de arroz e trigo | M\u00e1quina de debulha de alta efici\u00eancia\" width=\"500\" height=\"281\" src=\"https:\/\/www.youtube.com\/embed\/xAsettSXftw?feature=oembed\" frameborder=\"0\" allow=\"accelerometer; autoplay; clipboard-write; encrypted-media; gyroscope; picture-in-picture; web-share\" referrerpolicy=\"strict-origin-when-cross-origin\" allowfullscreen><\/iframe> <\/div><figcaption class=\"wp-element-caption\">v\u00eddeo da m\u00e1quina de debulhar arroz e trigo<\/figcaption><\/figure>    <h2 class=\"wp-block-heading\"><strong>Vantagens da m\u00e1quina de debulhar arroz e trigo Taizy<\/strong><\/h2>    <ul class=\"wp-block-list\"> <li>Pode processar <strong>600-800kg por hora<\/strong>, que \u00e9 altamente eficiente para explora\u00e7\u00f5es agr\u00edcolas pequenas e m\u00e9dias.<\/li>    <li>Esta m\u00e1quina de debulhar multifuncional <strong>separa rapidamente arroz, trigo, milho, sorgo, quinoa, soja, millet, s\u00e9samo,<\/strong> e outras culturas, oferecendo uma verdadeira funcionalidade multiuso.<\/li>    <li>Com um <strong>taxa de debulha superior a 98%<\/strong> e um <strong>taxa de quebra abaixo de 2%<\/strong>, preservando efetivamente a qualidade do gr\u00e3o.<\/li>    <li>A debulhadora de arroz e trigo Taizy tem <strong>grandes pneus<\/strong> e uma estrutura compacta, <strong>f\u00e1cil de mover<\/strong>, tornando-a ideal para agricultores individuais, cooperativas e pequenas explora\u00e7\u00f5es.<\/li> <\/ul>    <figure class=\"wp-block-gallery has-nested-images columns-default is-cropped wp-block-gallery-2 is-layout-flex wp-block-gallery-is-layout-flex\"> <figure class=\"wp-block-image size-large\"><img loading=\"lazy\" decoding=\"async\" width=\"720\" height=\"540\" data-id=\"8366\" src=\"https:\/\/taizyagromachine.com\/wp-content\/uploads\/2025\/10\/grain-threshing-machine-for-rice-wheat.webp\" alt=\"m\u00e1quina de debulhar gr\u00e3os para arroz e trigo\" class=\"wp-image-8366\" srcset=\"https:\/\/taizyagromachine.com\/wp-content\/uploads\/2025\/10\/grain-threshing-machine-for-rice-wheat.webp 720w, https:\/\/taizyagromachine.com\/wp-content\/uploads\/2025\/10\/grain-threshing-machine-for-rice-wheat-16x12.webp 16w\" sizes=\"auto, (max-width: 720px) 100vw, 720px\" \/><figcaption class=\"wp-element-caption\">m\u00e1quina de debulhar gr\u00e3os para arroz e trigo<\/figcaption><\/figure>    <figure class=\"wp-block-image size-large\"><img loading=\"lazy\" decoding=\"async\" width=\"720\" height=\"540\" data-id=\"8367\" src=\"https:\/\/taizyagromachine.com\/wp-content\/uploads\/2025\/10\/rice-and-wheat-threshing-machine-for-sale.webp\" alt=\"m\u00e1quina de debulhar arroz e trigo \u00e0 venda\" class=\"wp-image-8367\" srcset=\"https:\/\/taizyagromachine.com\/wp-content\/uploads\/2025\/10\/rice-and-wheat-threshing-machine-for-sale.webp 720w, https:\/\/taizyagromachine.com\/wp-content\/uploads\/2025\/10\/rice-and-wheat-threshing-machine-for-sale-16x12.webp 16w\" sizes=\"auto, (max-width: 720px) 100vw, 720px\" \/><figcaption class=\"wp-element-caption\">m\u00e1quina de debulhar arroz e trigo \u00e0 venda<\/figcaption><\/figure> <\/figure>    <figure class=\"wp-block-gallery has-nested-images columns-default is-cropped wp-block-gallery-3 is-layout-flex wp-block-gallery-is-layout-flex\"> <figure class=\"wp-block-image size-large\"><img loading=\"lazy\" decoding=\"async\" width=\"405\" height=\"540\" data-id=\"8364\" src=\"https:\/\/taizyagromachine.com\/wp-content\/uploads\/2025\/10\/multifunctional-thresher-for-rice-and-millet.webp\" alt=\"debulhadora multifuncional de arroz e millet\" class=\"wp-image-8364\" srcset=\"https:\/\/taizyagromachine.com\/wp-content\/uploads\/2025\/10\/multifunctional-thresher-for-rice-and-millet.webp 405w, https:\/\/taizyagromachine.com\/wp-content\/uploads\/2025\/10\/multifunctional-thresher-for-rice-and-millet-9x12.webp 9w\" sizes=\"auto, (max-width: 405px) 100vw, 405px\" \/><figcaption class=\"wp-element-caption\">debulhadora multifuncional de arroz e millet<\/figcaption><\/figure>    <figure class=\"wp-block-image size-large\"><img loading=\"lazy\" decoding=\"async\" width=\"473\" height=\"540\" data-id=\"8365\" src=\"https:\/\/taizyagromachine.com\/wp-content\/uploads\/2025\/10\/rice-wheat-thresher-for-beans-and-wheat.webp\" alt=\"debulhadora de arroz e trigo para feij\u00f5es e trigo\" class=\"wp-image-8365\" srcset=\"https:\/\/taizyagromachine.com\/wp-content\/uploads\/2025\/10\/rice-wheat-thresher-for-beans-and-wheat.webp 473w, https:\/\/taizyagromachine.com\/wp-content\/uploads\/2025\/10\/rice-wheat-thresher-for-beans-and-wheat-11x12.webp 11w\" sizes=\"auto, (max-width: 473px) 100vw, 473px\" \/><figcaption class=\"wp-element-caption\">debulhadora de arroz e trigo para feij\u00f5es e trigo<\/figcaption><\/figure>    <figure class=\"wp-block-image size-large\"><img loading=\"lazy\" decoding=\"async\" width=\"562\" height=\"540\" data-id=\"8363\" src=\"https:\/\/taizyagromachine.com\/wp-content\/uploads\/2025\/10\/multi-crop-thresher-for-sorghum-and-rapeseed.webp\" alt=\"debulhadora multifuncional para sorgo e colza\" class=\"wp-image-8363\" srcset=\"https:\/\/taizyagromachine.com\/wp-content\/uploads\/2025\/10\/multi-crop-thresher-for-sorghum-and-rapeseed.webp 562w, https:\/\/taizyagromachine.com\/wp-content\/uploads\/2025\/10\/multi-crop-thresher-for-sorghum-and-rapeseed-12x12.webp 12w\" sizes=\"auto, (max-width: 562px) 100vw, 562px\" \/><figcaption class=\"wp-element-caption\">debulhadora multifuncional para sorgo e colza<\/figcaption><\/figure> <\/figure>    <h2 class=\"wp-block-heading\"><strong>Par\u00e2metros da debulhadora multifuncional de arroz e trigo<\/strong><\/h2>    <p>A m\u00e1quina de debulhar de arroz e trigo multiuso Taizy pertence \u00e0 s\u00e9rie 5TYC, com uma produ\u00e7\u00e3o hor\u00e1ria que varia de 600kg a 800kg. A m\u00e1quina pode ser equipada com motores a diesel, el\u00e9tricos ou a gasolina para se adaptar \u00e0s diferentes condi\u00e7\u00f5es de energia em v\u00e1rios pa\u00edses e regi\u00f5es. Possui uma estrutura bem desenhada com pot\u00eancia suficiente. Consulte a tabela abaixo para mais informa\u00e7\u00f5es.<\/p>    <figure class=\"wp-block-table\"><table class=\"has-fixed-layout\"><tbody><tr><td>Modelo<\/td><td>5TYC1-90<\/td><\/tr><tr><td>Poder<\/td><td>Motor a diesel \u22659hp montado, tipo de arranque por tra\u00e7\u00e3o<br>motor a gasolina 170F<\/td><\/tr><tr><td>Capacidade<\/td><td>600-800 kg\/hora<\/td><\/tr><tr><td>Velocidade nominal<\/td><td>3600rpm<\/td><\/tr><tr><td>Cilindro de debulhar<\/td><td>Di\u00e2metro 360*Comprimento 900mm<\/td><\/tr><tr><td>Tamanho da peneira<\/td><td>870*610mm<\/td><\/tr><tr><td>Peso<\/td><td>90kg sem motor<\/td><\/tr><tr><td>Tamanho total (L*W*H)<\/td><td>1640*1640*1280mm<\/td><\/tr><tr><td>Taxa de debulha<\/td><td>\u226598%<\/td><\/tr><tr><td>Taxa de esmagamento<\/td><td>\u22642%<\/td><\/tr><tr><td>Com diferentes peneiras<\/td><td>Peneira de colza de 4mm, sorgo de 6mm, trigo de 8mm, arroz de 8mm ou 10mm, feij\u00f5es de 10mm<\/td><\/tr><tr><td>QTD\/20GP<\/td><td>24 unidades <\/td><\/tr><tr><td>QTD\/40GP<\/td><td>66pcs<\/td><\/tr><\/tbody><\/table><figcaption class=\"wp-element-caption\">especifica\u00e7\u00f5es de 5TYC1-90<\/figcaption><\/figure>    <h2 class=\"wp-block-heading\"><strong>Design estrutural da debulhadora de arroz e trigo<\/strong><\/h2>    <p>Esta estrutura de debulhadora de culturas multifuncionais \u00e9 muito simples, incluindo entrada, sa\u00edda (palha e sementes), motor de for\u00e7a, rodas grandes, cilindro de debulhar e apoios de bra\u00e7o.<\/p>   <div class=\"wp-block-image\"> <figure class=\"aligncenter size-full\"><img loading=\"lazy\" decoding=\"async\" width=\"504\" height=\"540\" src=\"https:\/\/taizyagromachine.com\/wp-content\/uploads\/2025\/10\/structure-of-rice-and-wheat-thresher-machine.webp\" alt=\"estrutura da m\u00e1quina de debulhar arroz e trigo\" class=\"wp-image-8360\" srcset=\"https:\/\/taizyagromachine.com\/wp-content\/uploads\/2025\/10\/structure-of-rice-and-wheat-thresher-machine.webp 504w, https:\/\/taizyagromachine.com\/wp-content\/uploads\/2025\/10\/structure-of-rice-and-wheat-thresher-machine-11x12.webp 11w\" sizes=\"auto, (max-width: 504px) 100vw, 504px\" \/><figcaption class=\"wp-element-caption\">estrutura da m\u00e1quina de debulhar arroz e trigo<\/figcaption><\/figure> <\/div>   <ul class=\"wp-block-list\"> <li>A m\u00e1quina emprega um sistema de debulha do tipo tambor, integrado com um soprador potente e um conjunto de tela vibrat\u00f3ria, permitindo uma separa\u00e7\u00e3o eficiente dos gr\u00e3os das impurezas. <\/li>    <li>Uma sa\u00edda de gr\u00e3os na parte inferior permite a recolha direta em saco, simplificando significativamente o processo operacional. <\/li>    <li>Constru\u00edda em a\u00e7o de alta resist\u00eancia, a estrutura oferece resist\u00eancia ao desgaste e prote\u00e7\u00e3o contra corros\u00e3o para uma vida \u00fatil prolongada. <\/li>    <li>Equipado com rodas largas, adapta-se a terrenos diversos para maior mobilidade.<\/li> <\/ul>    <figure class=\"wp-block-gallery has-nested-images columns-default is-cropped wp-block-gallery-4 is-layout-flex wp-block-gallery-is-layout-flex\"> <figure class=\"wp-block-image size-large\"><img loading=\"lazy\" decoding=\"async\" width=\"540\" height=\"540\" data-id=\"8368\" src=\"https:\/\/taizyagromachine.com\/wp-content\/uploads\/2025\/10\/inner-design-of-rice-wheat-thresher.webp\" alt=\"Design interno da debulhadora de arroz e trigo\" class=\"wp-image-8368\" srcset=\"https:\/\/taizyagromachine.com\/wp-content\/uploads\/2025\/10\/inner-design-of-rice-wheat-thresher.webp 540w, https:\/\/taizyagromachine.com\/wp-content\/uploads\/2025\/10\/inner-design-of-rice-wheat-thresher-12x12.webp 12w\" sizes=\"auto, (max-width: 540px) 100vw, 540px\" \/><figcaption class=\"wp-element-caption\">Design interno da debulhadora de arroz e trigo<\/figcaption><\/figure>    <figure class=\"wp-block-image size-large\"><img loading=\"lazy\" decoding=\"async\" width=\"540\" height=\"540\" data-id=\"8369\" src=\"https:\/\/taizyagromachine.com\/wp-content\/uploads\/2025\/10\/working-scene-of-Taizy-rice-and-wheat-thresher-machine.webp\" alt=\"cen\u00e1rio de trabalho da m\u00e1quina de debulhar arroz e trigo Taizy\" class=\"wp-image-8369\" srcset=\"https:\/\/taizyagromachine.com\/wp-content\/uploads\/2025\/10\/working-scene-of-Taizy-rice-and-wheat-thresher-machine.webp 540w, https:\/\/taizyagromachine.com\/wp-content\/uploads\/2025\/10\/working-scene-of-Taizy-rice-and-wheat-thresher-machine-12x12.webp 12w\" sizes=\"auto, (max-width: 540px) 100vw, 540px\" \/><figcaption class=\"wp-element-caption\">cen\u00e1rio de trabalho da m\u00e1quina de debulhar arroz e trigo Taizy<\/figcaption><\/figure> <\/figure>    <h2 class=\"wp-block-heading\"><strong>What&#8217;s the rice and wheat thresher machine price?<\/strong><\/h2>    <p>As debulhadoras multifuncionais de arroz e trigo Taizy s\u00e3o conhecidas pela sua alta rela\u00e7\u00e3o custo-benef\u00edcio. Os pre\u00e7os variam consoante o modelo, capacidade de produ\u00e7\u00e3o e configura\u00e7\u00e3o. Este equipamento de debulhar \u00e9 adequado para fam\u00edlias, cooperativas ou projetos de menor escala a um pre\u00e7o acess\u00edvel. A Taizy oferece pre\u00e7os diretos de f\u00e1brica juntamente com servi\u00e7os de personaliza\u00e7\u00e3o e orienta\u00e7\u00e3o t\u00e9cnica, garantindo uma compra confi\u00e1vel e opera\u00e7\u00e3o tranquila.<\/p>    <h2 class=\"wp-block-heading\"><strong>Taizy: fabricante credenciado de debulhadoras multifuncionais de arroz e trigo<\/strong><\/h2>    <ul class=\"wp-block-list\"> <li>A Taizy Machinery tem mais de uma d\u00e9cada de experi\u00eancia no setor de maquinaria agr\u00edcola, com produtos exportados para mais de 60 pa\u00edses na \u00c1frica, Sudeste Asi\u00e1tico, Oriente M\u00e9dio e Am\u00e9rica do Sul. <\/li>    <li>A empresa n\u00e3o s\u00f3 fornece equipamentos de alta qualidade, mas tamb\u00e9m oferece servi\u00e7os de instala\u00e7\u00e3o e comissionamento, suporte p\u00f3s-venda e fornecimento de pe\u00e7as sobressalentes. <\/li>    <li>Com seu desempenho est\u00e1vel e experi\u00eancia excecional do cliente, a Taizy tornou-se um parceiro confi\u00e1vel para agricultores em todo o mundo.<\/li>    <li>Oferecemos uma solu\u00e7\u00e3o completa para o cultivo de arroz e trigo, como <a href=\"https:\/\/taizyagromachine.com\/pt\/product\/wheat-planter\/\">m\u00e1quina de planta\u00e7\u00e3o de trigo<\/a>, <a href=\"https:\/\/taizyagromachine.com\/pt\/product\/rice-combine-harvester\/\">colheitadeira de arroz e trigo<\/a>, m\u00e1quina de debulhar arroz e trigo, moinho de farinha de trigo, etc. <\/li> <\/ul>    <figure class=\"wp-block-gallery has-nested-images columns-2 is-cropped wp-block-gallery-5 is-layout-flex wp-block-gallery-is-layout-flex\"> <figure class=\"wp-block-image size-large\"><img loading=\"lazy\" decoding=\"async\" width=\"540\" height=\"540\" data-id=\"8373\" src=\"https:\/\/taizyagromachine.com\/wp-content\/uploads\/2025\/10\/rice-and-wheat-threshing-machine-factory-visit.webp\" alt=\"Visita \u00e0 f\u00e1brica de m\u00e1quinas de debulhar arroz e trigo\" class=\"wp-image-8373\" srcset=\"https:\/\/taizyagromachine.com\/wp-content\/uploads\/2025\/10\/rice-and-wheat-threshing-machine-factory-visit.webp 540w, https:\/\/taizyagromachine.com\/wp-content\/uploads\/2025\/10\/rice-and-wheat-threshing-machine-factory-visit-12x12.webp 12w\" sizes=\"auto, (max-width: 540px) 100vw, 540px\" \/><figcaption class=\"wp-element-caption\">Visita \u00e0 f\u00e1brica de m\u00e1quinas de debulhar arroz e trigo<\/figcaption><\/figure>    <figure class=\"wp-block-image size-large\"><img loading=\"lazy\" decoding=\"async\" width=\"540\" height=\"540\" data-id=\"8370\" src=\"https:\/\/taizyagromachine.com\/wp-content\/uploads\/2025\/10\/batch-of-thresher-machines-for-export.webp\" alt=\"lote de m\u00e1quinas de debulhar para exporta\u00e7\u00e3o\" class=\"wp-image-8370\" srcset=\"https:\/\/taizyagromachine.com\/wp-content\/uploads\/2025\/10\/batch-of-thresher-machines-for-export.webp 540w, https:\/\/taizyagromachine.com\/wp-content\/uploads\/2025\/10\/batch-of-thresher-machines-for-export-12x12.webp 12w\" sizes=\"auto, (max-width: 540px) 100vw, 540px\" \/><figcaption class=\"wp-element-caption\">lote de m\u00e1quinas de debulhar para exporta\u00e7\u00e3o<\/figcaption><\/figure>    <figure class=\"wp-block-image size-large\"><img loading=\"lazy\" decoding=\"async\" width=\"540\" height=\"540\" data-id=\"8371\" src=\"https:\/\/taizyagromachine.com\/wp-content\/uploads\/2025\/10\/dozens-of-threshers-ready-to-ship.webp\" alt=\"v\u00e1rios debulhadores prontos para envio\" class=\"wp-image-8371\" srcset=\"https:\/\/taizyagromachine.com\/wp-content\/uploads\/2025\/10\/dozens-of-threshers-ready-to-ship.webp 540w, https:\/\/taizyagromachine.com\/wp-content\/uploads\/2025\/10\/dozens-of-threshers-ready-to-ship-12x12.webp 12w\" sizes=\"auto, (max-width: 540px) 100vw, 540px\" \/><figcaption class=\"wp-element-caption\">v\u00e1rios debulhadores prontos para envio<\/figcaption><\/figure>    <figure class=\"wp-block-image size-large\"><img loading=\"lazy\" decoding=\"async\" width=\"540\" height=\"540\" data-id=\"8372\" src=\"https:\/\/taizyagromachine.com\/wp-content\/uploads\/2025\/10\/one-container-of-grain-rice-wheat-thresher.webp\" alt=\"um cont\u00eainer de debulhar arroz e trigo\" class=\"wp-image-8372\" srcset=\"https:\/\/taizyagromachine.com\/wp-content\/uploads\/2025\/10\/one-container-of-grain-rice-wheat-thresher.webp 540w, https:\/\/taizyagromachine.com\/wp-content\/uploads\/2025\/10\/one-container-of-grain-rice-wheat-thresher-12x12.webp 12w\" sizes=\"auto, (max-width: 540px) 100vw, 540px\" \/><figcaption class=\"wp-element-caption\">um cont\u00eainer de debulhar arroz e trigo<\/figcaption><\/figure> <\/figure>    <h2 class=\"wp-block-heading\"><strong>Como encomendar esta debulhadora rapidamente?<\/strong><\/h2>    <p>Encomendar uma m\u00e1quina de debulhar de arroz e trigo Taizy \u00e9 simples:<\/p>    <ol class=\"wp-block-list\"> <li>Contacte-nos via WhatsApp\/WeChat, nosso site ou e-mail, especificando o modelo e o tipo de cultura necess\u00e1rios.<\/li>    <li>Forneceremos uma cota\u00e7\u00e3o detalhada, especifica\u00e7\u00f5es da m\u00e1quina e op\u00e7\u00f5es de envio.<\/li>    <li>Ap\u00f3s a confirma\u00e7\u00e3o do pedido, a produ\u00e7\u00e3o e o envio s\u00e3o organizados, suportando transporte mar\u00edtimo, a\u00e9reo e outros m\u00e9todos.<\/li>    <li>A instala\u00e7\u00e3o e opera\u00e7\u00e3o ap\u00f3s a entrega garantem uma utiliza\u00e7\u00e3o sem problemas pelo cliente.<\/li> <\/ol>    <p>O acima descreve um processo simplificado. Para instru\u00e7\u00f5es detalhadas de encomenda, entre em contacto imediatamente.<\/p>    <figure class=\"wp-block-gallery has-nested-images columns-default is-cropped wp-block-gallery-6 is-layout-flex wp-block-gallery-is-layout-flex\"> <figure class=\"wp-block-image size-large\"><img loading=\"lazy\" decoding=\"async\" width=\"540\" height=\"540\" data-id=\"8374\" src=\"https:\/\/taizyagromachine.com\/wp-content\/uploads\/2025\/10\/grain-threshing-machine-for-sale.webp\" alt=\"m\u00e1quina de debulhar \u00e0 venda\" class=\"wp-image-8374\" srcset=\"https:\/\/taizyagromachine.com\/wp-content\/uploads\/2025\/10\/grain-threshing-machine-for-sale.webp 540w, https:\/\/taizyagromachine.com\/wp-content\/uploads\/2025\/10\/grain-threshing-machine-for-sale-12x12.webp 12w\" sizes=\"auto, (max-width: 540px) 100vw, 540px\" \/><figcaption class=\"wp-element-caption\">m\u00e1quina de debulhar \u00e0 venda<\/figcaption><\/figure>    <figure class=\"wp-block-image size-large\"><img loading=\"lazy\" decoding=\"async\" width=\"540\" height=\"540\" data-id=\"8375\" src=\"https:\/\/taizyagromachine.com\/wp-content\/uploads\/2025\/10\/multi-crop-rice-and-wheat-thresher-machine.webp\" alt=\"debulhadora de arroz e trigo multi\" class=\"wp-image-8375\" srcset=\"https:\/\/taizyagromachine.com\/wp-content\/uploads\/2025\/10\/multi-crop-rice-and-wheat-thresher-machine.webp 540w, https:\/\/taizyagromachine.com\/wp-content\/uploads\/2025\/10\/multi-crop-rice-and-wheat-thresher-machine-12x12.webp 12w\" sizes=\"auto, (max-width: 540px) 100vw, 540px\" \/><figcaption class=\"wp-element-caption\">debulhadora de arroz e trigo multi<\/figcaption><\/figure> <\/figure>","protected":false},"excerpt":{"rendered":"<p>A m\u00e1quina de debulhar arroz e trigo Taizy \u00e9 adequada para debulhar arroz, trigo, sorgo, millet, soja, quinoa, colza e outros cultivos. Alcan\u00e7a uma capacidade de processamento de 600-800 kg\/h, com uma taxa de debulha de \u226598% e uma taxa de gr\u00e3os partidos de \u22642%.<\/p>","protected":false},"author":1,"featured_media":8362,"parent":0,"template":"","tags":[218,219],"product-type":[20],"class_list":["post-8359","product","type-product","status-publish","has-post-thumbnail","hentry","tag-rice","tag-wheat","product-type-rice-and-wheat-machine"],"_links":{"self":[{"href":"https:\/\/taizyagromachine.com\/pt\/wp-json\/wp\/v2\/product\/8359","targetHints":{"allow":["GET"]}}],"collection":[{"href":"https:\/\/taizyagromachine.com\/pt\/wp-json\/wp\/v2\/product"}],"about":[{"href":"https:\/\/taizyagromachine.com\/pt\/wp-json\/wp\/v2\/types\/product"}],"author":[{"embeddable":true,"href":"https:\/\/taizyagromachine.com\/pt\/wp-json\/wp\/v2\/users\/1"}],"wp:featuredmedia":[{"embeddable":true,"href":"https:\/\/taizyagromachine.com\/pt\/wp-json\/wp\/v2\/media\/8362"}],"wp:attachment":[{"href":"https:\/\/taizyagromachine.com\/pt\/wp-json\/wp\/v2\/media?parent=8359"}],"wp:term":[{"taxonomy":"post_tag","embeddable":true,"href":"https:\/\/taizyagromachine.com\/pt\/wp-json\/wp\/v2\/tags?post=8359"},{"taxonomy":"product-type","embeddable":true,"href":"https:\/\/taizyagromachine.com\/pt\/wp-json\/wp\/v2\/product-type?post=8359"}],"curies":[{"name":"wp","href":"https:\/\/api.w.org\/{rel}","templated":true}]}}