{"id":8405,"date":"2025-10-31T15:27:26","date_gmt":"2025-10-31T07:27:26","guid":{"rendered":"https:\/\/taizyagromachine.com\/?post_type=product&#038;p=8405"},"modified":"2025-11-03T17:14:15","modified_gmt":"2025-11-03T09:14:15","slug":"self-propelled-forage-harvester-machine","status":"publish","type":"product","link":"https:\/\/taizyagromachine.com\/pt\/product\/self-propelled-forage-harvester-machine\/","title":{"rendered":"M\u00e1quina de colheitadeira de forragem autopropelida\u00a0"},"content":{"rendered":"<p class=\"translation-block\">A Taizy<strong>m\u00e1quina de colheita de forragem<\/strong>foi especificamente projetada para cortar, triturar e carregar culturas de ensilagem como talos de milho, capim-elefante, capim-naiper e capim-sudan\u00eas. Ela realiza corte, tritura\u00e7\u00e3o, transporte e carregamento em uma \u00fanica opera\u00e7\u00e3o, aumentando significativamente a efici\u00eancia na coleta de ensilagem e reduzindo o trabalho manual. O comprimento do ensilagem picada \u00e9 de aproximadamente 15mm, ajust\u00e1vel entre 10-40mm. Na Taizy, h\u00e1 dois tipos de colheitadeiras de milho para ensilagem dispon\u00edveis: do tipo crawler e do tipo de roda. Se interessado, continue lendo para mais informa\u00e7\u00f5es!<\/p>    <figure class=\"wp-block-embed is-type-video is-provider-youtube wp-block-embed-youtube wp-embed-aspect-16-9 wp-has-aspect-ratio\"><div class=\"wp-block-embed__wrapper\"> <iframe loading=\"lazy\" title=\"Colheitadeira de ensilagem eficiente no campo | M\u00e1quina de corte de ensilagem de milho e grama para gado\" width=\"500\" height=\"281\" src=\"https:\/\/www.youtube.com\/embed\/oQGKm1c9ynQ?feature=oembed\" frameborder=\"0\" allow=\"accelerometer; autoplay; clipboard-write; encrypted-media; gyroscope; picture-in-picture; web-share\" referrerpolicy=\"strict-origin-when-cross-origin\" allowfullscreen><\/iframe> <\/div><figcaption class=\"wp-element-caption\">v\u00eddeo de colheitadeira de ensilagem autopropelida<\/figcaption><\/figure>    <h2 class=\"wp-block-heading\"><strong>Tipos de m\u00e1quinas de colheita de forragem \u00e0 venda<\/strong><\/h2>    <p>Como fabricante e fornecedor profissional de equipamentos agr\u00edcolas, as colheitadeiras de forragem autopropelidas Taizy s\u00e3o principalmente categorizadas em dois tipos: <\/p>    <ul class=\"wp-block-list\"> <li>Colheitadeira de silagem do tipo tracked (com cobertura solar ou cabine fechada)<\/li>    <li>Colheitadeira de ensilagem de rodas (com cobertura solar ou cabine fechada)<\/li> <\/ul>    <p>Nota: Na cabina fechada do condutor, pode ser equipado o ar condicionado.<\/p>    <figure class=\"wp-block-gallery has-nested-images columns-default is-cropped wp-block-gallery-2 is-layout-flex wp-block-gallery-is-layout-flex\"> <figure class=\"wp-block-image size-large\"><img loading=\"lazy\" decoding=\"async\" width=\"540\" height=\"670\" data-id=\"8419\" src=\"https:\/\/taizyagromachine.com\/wp-content\/uploads\/2025\/10\/silage-harvester-with-sunshed.webp\" alt=\"Colheitadeira de ensilagem com cobertura solar\" class=\"wp-image-8419\" srcset=\"https:\/\/taizyagromachine.com\/wp-content\/uploads\/2025\/10\/silage-harvester-with-sunshed.webp 540w, https:\/\/taizyagromachine.com\/wp-content\/uploads\/2025\/10\/silage-harvester-with-sunshed-10x12.webp 10w\" sizes=\"auto, (max-width: 540px) 100vw, 540px\" \/><figcaption class=\"wp-element-caption\">Colheitadeira de ensilagem com cobertura solar<\/figcaption><\/figure>    <figure class=\"wp-block-image size-large\"><img loading=\"lazy\" decoding=\"async\" width=\"540\" height=\"720\" data-id=\"8420\" src=\"https:\/\/taizyagromachine.com\/wp-content\/uploads\/2025\/10\/self-propelled-forage-harvester-with-enclosed-cab.webp\" alt=\"M\u00e1quina de colheita de forragem autopropelida com cabine fechada\" class=\"wp-image-8420\" srcset=\"https:\/\/taizyagromachine.com\/wp-content\/uploads\/2025\/10\/self-propelled-forage-harvester-with-enclosed-cab.webp 540w, https:\/\/taizyagromachine.com\/wp-content\/uploads\/2025\/10\/self-propelled-forage-harvester-with-enclosed-cab-9x12.webp 9w\" sizes=\"auto, (max-width: 540px) 100vw, 540px\" \/><figcaption class=\"wp-element-caption\">M\u00e1quina de colheita de forragem autopropelida com cabine fechada<\/figcaption><\/figure> <\/figure>    <p>Estes dois modelos s\u00e3o adequados para diferentes ambientes operacionais e requisitos agr\u00edcolas, capazes de lidar com diversas condi\u00e7\u00f5es de trabalho, desde plan\u00edcies at\u00e9 \u00e1reas montanhosas, e de terrenos secos a lamacentos. Continue lendo para mais detalhes.<\/p>    <h3 class=\"wp-block-heading\"><strong>Tipo 1: M\u00e1quina de colheita de ensilagem do tipo crawler<\/strong><\/h3>    <p>A colheitadeira de forragem de milho do tipo crawler \u00e9 ideal para terrenos complexos, como \u00e1reas lamacentas, escorregadias e montanhosas encontradas no Sudeste Asi\u00e1tico, \u00c1frica Central e partes da Am\u00e9rica do Sul. Com tra\u00e7\u00e3o forte e alta capacidade de auto-recupera\u00e7\u00e3o, este modelo \u00e9 a solu\u00e7\u00e3o perfeita para temporadas de chuva e ambientes de alta umidade.<\/p>    <figure class=\"wp-block-gallery aligncenter has-nested-images columns-default is-cropped wp-block-gallery-3 is-layout-flex wp-block-gallery-is-layout-flex\"> <figure class=\"wp-block-image size-full\"><img loading=\"lazy\" decoding=\"async\" width=\"720\" height=\"540\" data-id=\"8417\" src=\"https:\/\/taizyagromachine.com\/wp-content\/uploads\/2025\/10\/tracked-forage-harvester-machine-for-grass-cutting.webp\" alt=\"M\u00e1quina de colheita de forragem do tipo tracked para corte de grama\" class=\"wp-image-8417\" srcset=\"https:\/\/taizyagromachine.com\/wp-content\/uploads\/2025\/10\/tracked-forage-harvester-machine-for-grass-cutting.webp 720w, https:\/\/taizyagromachine.com\/wp-content\/uploads\/2025\/10\/tracked-forage-harvester-machine-for-grass-cutting-16x12.webp 16w\" sizes=\"auto, (max-width: 720px) 100vw, 720px\" \/><figcaption class=\"wp-element-caption\">M\u00e1quina de colheita de forragem do tipo tracked para corte de grama<\/figcaption><\/figure>    <figure class=\"wp-block-image size-full\"><img loading=\"lazy\" decoding=\"async\" width=\"720\" height=\"540\" data-id=\"8425\" src=\"https:\/\/taizyagromachine.com\/wp-content\/uploads\/2025\/10\/crawler-type-corn-silage-forage-harvesting-machine.webp\" alt=\"M\u00e1quina de colheita de forragem de milho do tipo crawler\" class=\"wp-image-8425\" srcset=\"https:\/\/taizyagromachine.com\/wp-content\/uploads\/2025\/10\/crawler-type-corn-silage-forage-harvesting-machine.webp 720w, https:\/\/taizyagromachine.com\/wp-content\/uploads\/2025\/10\/crawler-type-corn-silage-forage-harvesting-machine-16x12.webp 16w\" sizes=\"auto, (max-width: 720px) 100vw, 720px\" \/><figcaption class=\"wp-element-caption\">M\u00e1quina de colheita de forragem de milho do tipo crawler<\/figcaption><\/figure> <\/figure>    <h4 class=\"wp-block-heading\"><strong>Caracter\u00edsticas da m\u00e1quina de colheita de forragem do tipo tracked<\/strong><\/h4>    <ul class=\"wp-block-list\"> <li>Desempenho potente: equipada com motores de alta pot\u00eancia de 100HP-160HP com transmiss\u00e3o longitudinal sem perda de correia.<\/li>    <li>Adaptabilidade excepcional ao terreno: Trilhos de 350mm de largura permitem opera\u00e7\u00e3o em superf\u00edcies lamacentas, inclinadas e arenosas.<\/li>    <li>Alta efici\u00eancia operacional: Fun\u00e7\u00f5es integradas de corte, tritura\u00e7\u00e3o e carregamento.<\/li>    <li>Comprimento de tritura\u00e7\u00e3o ajust\u00e1vel: Vari\u00e1vel de 10-40mm para garantir segmenta\u00e7\u00e3o uniforme da alimenta\u00e7\u00e3o.<\/li>    <li>Sistema de controle hidr\u00e1ulico: ajuste totalmente hidr\u00e1ulico para altura do cabe\u00e7alho, deslocamento e descarregamento.<\/li>    <li>Est\u00e1vel e confi\u00e1vel: centro de gravidade baixo e alta resist\u00eancia a choques permitem opera\u00e7\u00e3o prolongada cont\u00ednua.<\/li> <\/ul>    <h4 class=\"wp-block-heading\"><strong>Par\u00e2metros t\u00e9cnicos desta colheitadeira de milho para ensilagem<\/strong><\/h4>    <p>Este modelo \u00e9 o 4QZL-1600 com cabina fechada. As culturas adequadas incluem milho, capim-elefante, capim-sudan, sorgo e gram\u00edneas para ensilagem. Consulte a tabela abaixo para os par\u00e2metros da m\u00e1quina.<\/p>    <figure class=\"wp-block-table\"><table class=\"has-fixed-layout\"><tbody><tr><td>Modelo<\/td><td>4QZL-1600<\/td><\/tr><tr><td>Tipo<\/td><td>Autopropelido<\/td><\/tr><tr><td>Poder<\/td><td>110,3 kW(150 hp)<\/td><\/tr><tr><td>Velocidade nominal do motor<\/td><td>2400 r\/min<\/td><\/tr><tr><td>Largura de corte<\/td><td>1550 mm<\/td><\/tr><tr><td>Tipo de corte da plataforma<\/td><td>Cortador de disco<\/td><\/tr><tr><td>Tipo de mecanismo de tritura\u00e7\u00e3o de palha<\/td><td>Tipo de disco<\/td><\/tr><tr><td>Tipo de cabine<\/td><td>Cabine padr\u00e3o<\/td><\/tr><tr><td>M\u00e9todo de transmiss\u00e3o<\/td><td>Transmiss\u00e3o manual<\/td><\/tr><tr><td>M\u00e9todo de acionamento<\/td><td>Acionamento hidr\u00e1ulico<\/td><\/tr><tr><td>Largura da trilha<\/td><td>350 mm<\/td><\/tr><tr><td>Comprimento de contato do solo da trilha<\/td><td>1400 mm<\/td><\/tr><tr><td>Dist\u00e2ncia entre eixos<\/td><td>1240 mm<\/td><\/tr><tr><td>Faixa de velocidade de opera\u00e7\u00e3o<\/td><td>1-3 km\/h<\/td><\/tr><tr><td>Comprimento de corte projetado<\/td><td>15 mm<\/td><\/tr><tr><td>Bin de armazenamento<\/td><td>3,1 m\u00b3<\/td><\/tr><tr><td>Tamanho quando a m\u00e1quina est\u00e1 trabalhando<\/td><td>5200\u00d71680\u00d74200 mm<\/td><\/tr><\/tbody><\/table><figcaption class=\"wp-element-caption\">Especifica\u00e7\u00f5es da m\u00e1quina de colheita de forragem do tipo tracked<\/figcaption><\/figure>    <figure class=\"wp-block-gallery has-nested-images columns-default is-cropped wp-block-gallery-4 is-layout-flex wp-block-gallery-is-layout-flex\"> <figure class=\"wp-block-image size-large\"><img loading=\"lazy\" decoding=\"async\" width=\"720\" height=\"540\" data-id=\"8423\" src=\"https:\/\/taizyagromachine.com\/wp-content\/uploads\/2025\/10\/corn-silage-harvester-for-forage.webp\" alt=\"colhedora de silagem de milho para forragem\" class=\"wp-image-8423\" srcset=\"https:\/\/taizyagromachine.com\/wp-content\/uploads\/2025\/10\/corn-silage-harvester-for-forage.webp 720w, https:\/\/taizyagromachine.com\/wp-content\/uploads\/2025\/10\/corn-silage-harvester-for-forage-16x12.webp 16w\" sizes=\"auto, (max-width: 720px) 100vw, 720px\" \/><figcaption class=\"wp-element-caption\">colhedora de silagem de milho para forragem<\/figcaption><\/figure>    <figure class=\"wp-block-image size-large\"><img loading=\"lazy\" decoding=\"async\" width=\"720\" height=\"540\" data-id=\"8424\" src=\"https:\/\/taizyagromachine.com\/wp-content\/uploads\/2025\/10\/maize-forage-harvester-machine-for-silage-making.webp\" alt=\"M\u00e1quina de colheita de forragem de milho para produ\u00e7\u00e3o de ensilagem\" class=\"wp-image-8424\" srcset=\"https:\/\/taizyagromachine.com\/wp-content\/uploads\/2025\/10\/maize-forage-harvester-machine-for-silage-making.webp 720w, https:\/\/taizyagromachine.com\/wp-content\/uploads\/2025\/10\/maize-forage-harvester-machine-for-silage-making-16x12.webp 16w\" sizes=\"auto, (max-width: 720px) 100vw, 720px\" \/><figcaption class=\"wp-element-caption\">M\u00e1quina de colheita de forragem de milho para produ\u00e7\u00e3o de ensilagem<\/figcaption><\/figure> <\/figure>    <h3 class=\"wp-block-heading\"><strong>Tipo 2: Colheitadeira de milho do tipo de roda<\/strong><\/h3>    <p>A colheitadeira de milho para ensilagem montada na colheitadeira Taizy oferece alta mobilidade e realoca\u00e7\u00e3o flex\u00edvel, sendo ideal para terrenos planos ou fazendas com parcelas dispersas, como na \u00c1frica, Am\u00e9rica do Sul e Oriente M\u00e9dio. Oferece alta efici\u00eancia, al\u00e9m de manuten\u00e7\u00e3o simplificada e custos operacionais menores.<\/p>    <h4 class=\"wp-block-heading\"> <strong>Caracter\u00edsticas da colheitadeira de forragem de milho<\/strong><\/h4>    <ul class=\"wp-block-list\"> <li>F\u00e1cil de realocar: Velocidade m\u00e1xima de 20 km\/h permite movimento r\u00e1pido entre os campos.<\/li>    <li>Opera\u00e7\u00e3o simples: sistema de controle automatizado garante condu\u00e7\u00e3o sem esfor\u00e7o.<\/li>    <li>Custos de manuten\u00e7\u00e3o baixos: estrutura compacta com alta intercambialidade de componentes.<\/li>    <li>Tritura\u00e7\u00e3o uniforme: Design de l\u00e2mina de alta velocidade garante qualidade da silagem.<\/li>    <li>Alta fiabilidade: Sistema hidr\u00e1ulico est\u00e1vel garante opera\u00e7\u00e3o cont\u00ednua.<\/li> <\/ul>   <div class=\"wp-block-image\"> <figure class=\"aligncenter size-full\"><img loading=\"lazy\" decoding=\"async\" width=\"720\" height=\"540\" src=\"https:\/\/taizyagromachine.com\/wp-content\/uploads\/2025\/10\/commercial-corn-silage-harvester-machine-for-sale.webp\" alt=\"M\u00e1quina comercial de colheitadeira de milho para ensilagem \u00e0 venda\" class=\"wp-image-8413\" srcset=\"https:\/\/taizyagromachine.com\/wp-content\/uploads\/2025\/10\/commercial-corn-silage-harvester-machine-for-sale.webp 720w, https:\/\/taizyagromachine.com\/wp-content\/uploads\/2025\/10\/commercial-corn-silage-harvester-machine-for-sale-16x12.webp 16w\" sizes=\"auto, (max-width: 720px) 100vw, 720px\" \/><figcaption class=\"wp-element-caption\">M\u00e1quina comercial de colheitadeira de milho para ensilagem \u00e0 venda<\/figcaption><\/figure> <\/div>   <h4 class=\"wp-block-heading\"><strong>Dados t\u00e9cnicos da m\u00e1quina de colheita de forragem com rodas<\/strong><\/h4>    <p>\u00c9 um ensilador de palha de milho 4QZ-1800 com cabina fechada, e pode colher capim Napier, milho, etc. Abaixo est\u00e3o os detalhes dos par\u00e2metros desta ensiladora autopropelida. <\/p>    <figure class=\"wp-block-table\"><table class=\"has-fixed-layout\"><tbody><tr><td>Modelo<\/td><td>4QZ-1800<\/td><\/tr><tr><td>Tipo<\/td><td>Autopropelido<\/td><\/tr><tr><td>Poder<\/td><td>150 hp<\/td><\/tr><tr><td>Velocidade nominal do motor<\/td><td>2400 r\/min<\/td><\/tr><tr><td>Largura de corte<\/td><td>1800 mm<\/td><\/tr><tr><td>Tipo de corte da plataforma<\/td><td>Cortador de disco<\/td><\/tr><tr><td>Tipo de mecanismo de tritura\u00e7\u00e3o de palha<\/td><td>Tipo de disco<\/td><\/tr><tr><td>Tipo de cabine<\/td><td>Cabine padr\u00e3o<\/td><\/tr><tr><td>M\u00e9todo de transmiss\u00e3o<\/td><td>Transmiss\u00e3o manual<\/td><\/tr><tr><td>M\u00e9todo de acionamento<\/td><td>Acionamento hidr\u00e1ulico<\/td><\/tr><tr><td>Largura do trilho da roda guia<\/td><td>1290 mm<\/td><\/tr><tr><td>Especifica\u00e7\u00e3o do pneu da roda guia<\/td><td>27\u00d78.5-15<\/td><\/tr><tr><td>Largura do trilho da roda motriz<\/td><td>1290 mm<\/td><\/tr><tr><td>Especifica\u00e7\u00e3o do pneu da roda motriz<\/td><td>12-16.5<\/td><\/tr><tr><td>Dist\u00e2ncia entre eixos<\/td><td>2200 mm<\/td><\/tr><tr><td>Faixa de velocidade de opera\u00e7\u00e3o<\/td><td>2-5 km\/h<\/td><\/tr><tr><td>Comprimento de corte projetado<\/td><td>15 mm<\/td><\/tr><tr><td>Bin de armazenamento<\/td><td>3,1 m\u00b3<\/td><\/tr><tr><td>Tamanho quando a m\u00e1quina est\u00e1 em opera\u00e7\u00e3o<\/td><td>5400\u00d71900\u00d73800 mm<\/td><\/tr><\/tbody><\/table><figcaption class=\"wp-element-caption\">Especifica\u00e7\u00f5es da m\u00e1quina de colheita de forragem do tipo de roda<\/figcaption><\/figure>    <figure class=\"wp-block-gallery has-nested-images columns-default is-cropped wp-block-gallery-5 is-layout-flex wp-block-gallery-is-layout-flex\"> <figure class=\"wp-block-image size-large\"><img loading=\"lazy\" decoding=\"async\" width=\"720\" height=\"540\" data-id=\"8415\" src=\"https:\/\/taizyagromachine.com\/wp-content\/uploads\/2025\/10\/maize-forage-harvester-for-silage-chopping.webp\" alt=\"Colheitadeira de forragem de milho para corte de ensilagem\" class=\"wp-image-8415\" srcset=\"https:\/\/taizyagromachine.com\/wp-content\/uploads\/2025\/10\/maize-forage-harvester-for-silage-chopping.webp 720w, https:\/\/taizyagromachine.com\/wp-content\/uploads\/2025\/10\/maize-forage-harvester-for-silage-chopping-16x12.webp 16w\" sizes=\"auto, (max-width: 720px) 100vw, 720px\" \/><figcaption class=\"wp-element-caption\">Colheitadeira de forragem de milho para corte de ensilagem<\/figcaption><\/figure>    <figure class=\"wp-block-image size-large\"><img loading=\"lazy\" decoding=\"async\" width=\"720\" height=\"540\" data-id=\"8414\" src=\"https:\/\/taizyagromachine.com\/wp-content\/uploads\/2025\/10\/corn-forage-harvester-for-silage-cutting.webp\" alt=\"Colheitadeira de forragem de milho para ensilagem\" class=\"wp-image-8414\" srcset=\"https:\/\/taizyagromachine.com\/wp-content\/uploads\/2025\/10\/corn-forage-harvester-for-silage-cutting.webp 720w, https:\/\/taizyagromachine.com\/wp-content\/uploads\/2025\/10\/corn-forage-harvester-for-silage-cutting-16x12.webp 16w\" sizes=\"auto, (max-width: 720px) 100vw, 720px\" \/><figcaption class=\"wp-element-caption\">Colheitadeira de forragem de milho para ensilagem<\/figcaption><\/figure> <\/figure>    <h2 class=\"wp-block-heading\"><strong>Estrutura da m\u00e1quina de colheita de ensilagem de milho<\/strong><\/h2>    <p>Na verdade, sua estrutura \u00e9 clara e direta, incluindo sistema de corte, parte operacional, sistema de coleta e modo de caminhada. Como exemplo, a m\u00e1quina de colheita de forragem do tipo tracked:<\/p>    <figure class=\"wp-block-table\"><table class=\"has-fixed-layout\"><tbody><tr><td>Nome da pe\u00e7a da m\u00e1quina<\/td><td>Fun\u00e7\u00e3o<\/td><\/tr><tr><td>Sistema de corte<\/td><td>Corte eficiente e uniforme de milho, capim-naiper ou sorgo com o disco cortador.<\/td><\/tr><tr><td>Parte operacional<\/td><td>Assento confort\u00e1vel do motorista com painel de controle hidr\u00e1ulico, permitindo ajuste f\u00e1cil da altura de corte, velocidade de alimenta\u00e7\u00e3o e dire\u00e7\u00e3o de descarregamento.<\/td><\/tr><tr><td>Sistema de coleta<\/td><td>Recolher e transferir a forragem picada para o compartimento de armazenamento de forma suave atrav\u00e9s de um t\u00fanel de pulveriza\u00e7\u00e3o.<\/td><\/tr><tr><td>Modo de caminhada<\/td><td>Esteira de borracha de 350mm de largura que garante excelente estabilidade e ader\u00eancia mesmo em campos lamacentos ou irregulares.<\/td><\/tr><\/tbody><\/table><figcaption class=\"wp-element-caption\">Lista de estrutura da colheitadeira de forragem autopropelida <\/figcaption><\/figure>   <div class=\"wp-block-image\"> <figure class=\"aligncenter size-full\"><img loading=\"lazy\" decoding=\"async\" width=\"720\" height=\"540\" src=\"https:\/\/taizyagromachine.com\/wp-content\/uploads\/2025\/10\/structure-of-self-propelled-forage-harvester-machine.webp\" alt=\"Estrutura da m\u00e1quina de colheita de forragem autopropelida\" class=\"wp-image-8408\" srcset=\"https:\/\/taizyagromachine.com\/wp-content\/uploads\/2025\/10\/structure-of-self-propelled-forage-harvester-machine.webp 720w, https:\/\/taizyagromachine.com\/wp-content\/uploads\/2025\/10\/structure-of-self-propelled-forage-harvester-machine-16x12.webp 16w\" sizes=\"auto, (max-width: 720px) 100vw, 720px\" \/><figcaption class=\"wp-element-caption\">Estrutura da m\u00e1quina de colheita de forragem autopropelida<\/figcaption><\/figure> <\/div>   <h2 class=\"wp-block-heading\"><strong>Aplica\u00e7\u00f5es de <strong>auto-propulsado<\/strong> m\u00e1quina colheitadeira de forragem<\/strong><\/h2>    <p>Esta m\u00e1quina de colheita de milho para ensilagem \u00e9 amplamente utilizada em:<\/p>    <ul class=\"wp-block-list\"> <li>Fazendas de grande porte de gado <ul class=\"wp-block-list\"> <li>Como fazendas de latic\u00ednios, fazendas de gado bovino, ovinos, etc., para colheita e armazenamento de ra\u00e7\u00e3o de ensilagem.<\/li> <\/ul> <\/li>    <li>Ind\u00fastrias de processamento de ra\u00e7\u00e3o <ul class=\"wp-block-list\"> <li>Produzindo diretamente ra\u00e7\u00e3o de ensilagem por tritura\u00e7\u00e3o da forragem.<\/li> <\/ul> <\/li>    <li>Cooperativas agr\u00edcolas <ul class=\"wp-block-list\"> <li>Fornecer servi\u00e7os de colheita de ensilagem \u00e0s fazendas vizinhas.<\/li> <\/ul> <\/li>    <li>Projetos agr\u00edcolas governamentais <ul class=\"wp-block-list\"> <li>Para programas de promo\u00e7\u00e3o de subs\u00eddios agr\u00edcolas e demonstra\u00e7\u00f5es de mecaniza\u00e7\u00e3o.<\/li> <\/ul> <\/li> <\/ul>    <p>Culturas adequadas: Talos de milho, capim-elefante, capim-sudan\u00eas, sorgo, gram\u00edneas forrageiras, aveia, capim-naiper, etc.<\/p>    <figure class=\"wp-block-gallery has-nested-images columns-default is-cropped wp-block-gallery-6 is-layout-flex wp-block-gallery-is-layout-flex\"> <figure class=\"wp-block-image size-large\"><img loading=\"lazy\" decoding=\"async\" width=\"720\" height=\"540\" data-id=\"8429\" src=\"https:\/\/taizyagromachine.com\/wp-content\/uploads\/2025\/10\/chopped-silage.webp\" alt=\"Ensilagem picada\" class=\"wp-image-8429\" srcset=\"https:\/\/taizyagromachine.com\/wp-content\/uploads\/2025\/10\/chopped-silage.webp 720w, https:\/\/taizyagromachine.com\/wp-content\/uploads\/2025\/10\/chopped-silage-16x12.webp 16w\" sizes=\"auto, (max-width: 720px) 100vw, 720px\" \/><figcaption class=\"wp-element-caption\">Ensilagem picada<\/figcaption><\/figure>    <figure class=\"wp-block-image size-large\"><img loading=\"lazy\" decoding=\"async\" width=\"720\" height=\"540\" data-id=\"8430\" src=\"https:\/\/taizyagromachine.com\/wp-content\/uploads\/2025\/10\/silage-cutting-effect.webp\" alt=\"efeito de corte para ensilagem\" class=\"wp-image-8430\" srcset=\"https:\/\/taizyagromachine.com\/wp-content\/uploads\/2025\/10\/silage-cutting-effect.webp 720w, https:\/\/taizyagromachine.com\/wp-content\/uploads\/2025\/10\/silage-cutting-effect-16x12.webp 16w\" sizes=\"auto, (max-width: 720px) 100vw, 720px\" \/><figcaption class=\"wp-element-caption\">efeito de corte para ensilagem<\/figcaption><\/figure> <\/figure>    <h2 class=\"wp-block-heading\"><strong>Qual \u00e9 o pre\u00e7o da colheitadeira de ensilagem Taizy?<\/strong><\/h2>    <p>Os pre\u00e7os das m\u00e1quinas de colheita de forragem variam com o modelo, configura\u00e7\u00e3o e pot\u00eancia do motor. Geralmente, modelos maiores com especifica\u00e7\u00f5es mais altas t\u00eam pre\u00e7os mais elevados.<\/p>    <p>Por exemplo, para m\u00e1quinas de colheita de silagem autopropelidas com trilho, a vers\u00e3o com cabine totalmente fechada \u00e9 mais cara do que a com cobertura solar. Al\u00e9m disso, os clientes podem selecionar diferentes configura\u00e7\u00f5es de acordo com suas necessidades (por exemplo, n\u00famero de l\u00e2minas, pot\u00eancia do motor, capacidade do funil).<\/p>    <p>A Taizy oferece pre\u00e7os diretos de f\u00e1brica, garantias abrangentes de m\u00e1quinas e fornecimento de pe\u00e7as sobressalentes. Tamb\u00e9m fornecemos toda a documenta\u00e7\u00e3o de exporta\u00e7\u00e3o necess\u00e1ria (por exemplo, Certificados de Com\u00e9rcio Livre, Certificados de Origem).<\/p>   <div class=\"wp-block-image\"> <figure class=\"aligncenter size-full\"><img loading=\"lazy\" decoding=\"async\" width=\"720\" height=\"540\" src=\"https:\/\/taizyagromachine.com\/wp-content\/uploads\/2025\/10\/Taizy-self-propelled-silage-forage-harvester-machine-for-sale.webp\" alt=\"M\u00e1quina de colheita de silagem autopropelida Taizy \u00e0 venda\" class=\"wp-image-8427\" srcset=\"https:\/\/taizyagromachine.com\/wp-content\/uploads\/2025\/10\/Taizy-self-propelled-silage-forage-harvester-machine-for-sale.webp 720w, https:\/\/taizyagromachine.com\/wp-content\/uploads\/2025\/10\/Taizy-self-propelled-silage-forage-harvester-machine-for-sale-16x12.webp 16w\" sizes=\"auto, (max-width: 720px) 100vw, 720px\" \/><figcaption class=\"wp-element-caption\">M\u00e1quina de colheita de silagem autopropelida Taizy \u00e0 venda<\/figcaption><\/figure> <\/div>   <h2 class=\"wp-block-heading\"><strong>Como obter uma colheitadeira de milho adequada?<\/strong><\/h2>    <p>Ao escolher uma m\u00e1quina de colheita de milho para ensilagem, considere os seguintes fatores:<\/p>    <ul class=\"wp-block-list\"> <li>Condi\u00e7\u00f5es do terreno: Recomenda-se modelos com rodas para plan\u00edcies; escolha modelos com trilho para \u00e1reas montanhosas ou lamacentas.<\/li>    <li>Tipo de cultura e rendimento: Selecione diferentes pot\u00eancias com base na produ\u00e7\u00e3o de milho ou forragem.<\/li>    <li>Or\u00e7amento e frequ\u00eancia de uso: Opte por modelos de pot\u00eancia m\u00e9dia para uso di\u00e1rio; recomende modelos de alta especifica\u00e7\u00e3o para aplica\u00e7\u00f5es comerciais.<\/li>    <li>Servi\u00e7o p\u00f3s-venda: Selecione fabricantes como a Taizy, com vasta experi\u00eancia, fornecimento de pe\u00e7as a longo prazo e suporte t\u00e9cnico.<\/li> <\/ul>    <p class=\"translation-block\">A Taizy Machinery possui 22 anos de experi\u00eancia na fabrica\u00e7\u00e3o de equipamentos agr\u00edcolas. Nossos produtos s\u00e3o exportados para mais de 40 pa\u00edses na \u00c1frica, Sudeste Asi\u00e1tico, Am\u00e9rica do Sul e al\u00e9m, conquistando forte confian\u00e7a dos clientes. Al\u00e9m disso, oferecemos uma solu\u00e7\u00e3o completa para ensilagem: tritura\u00e7\u00e3o, empacotamento e envelopamento por<a href=\"https:\/\/taizyagromachine.com\/pt\/product\/silage-baler\/\">m\u00e1quina de envelopamento de fardos de silagem<\/a>.<\/p>    <p>Se interessado, entre em contato conosco imediatamente!<\/p>","protected":false},"excerpt":{"rendered":"<p>A Taizy oferece m\u00e1quinas profissionais de ensilagem para fazendas e f\u00e1bricas de ra\u00e7\u00e3o. Escolha entre tipos com rodas ou com esteiras para uma recolha de forragem eficiente e fi\u00e1vel. Projetado para alta efici\u00eancia, durabilidade e produ\u00e7\u00e3o de forragem de qualidade.<\/p>","protected":false},"author":1,"featured_media":8406,"parent":0,"template":"","tags":[235,116],"product-type":[19],"class_list":["post-8405","product","type-product","status-publish","has-post-thumbnail","hentry","tag-corn","tag-silage","product-type-silage-machine"],"_links":{"self":[{"href":"https:\/\/taizyagromachine.com\/pt\/wp-json\/wp\/v2\/product\/8405","targetHints":{"allow":["GET"]}}],"collection":[{"href":"https:\/\/taizyagromachine.com\/pt\/wp-json\/wp\/v2\/product"}],"about":[{"href":"https:\/\/taizyagromachine.com\/pt\/wp-json\/wp\/v2\/types\/product"}],"author":[{"embeddable":true,"href":"https:\/\/taizyagromachine.com\/pt\/wp-json\/wp\/v2\/users\/1"}],"wp:featuredmedia":[{"embeddable":true,"href":"https:\/\/taizyagromachine.com\/pt\/wp-json\/wp\/v2\/media\/8406"}],"wp:attachment":[{"href":"https:\/\/taizyagromachine.com\/pt\/wp-json\/wp\/v2\/media?parent=8405"}],"wp:term":[{"taxonomy":"post_tag","embeddable":true,"href":"https:\/\/taizyagromachine.com\/pt\/wp-json\/wp\/v2\/tags?post=8405"},{"taxonomy":"product-type","embeddable":true,"href":"https:\/\/taizyagromachine.com\/pt\/wp-json\/wp\/v2\/product-type?post=8405"}],"curies":[{"name":"wp","href":"https:\/\/api.w.org\/{rel}","templated":true}]}}