{"id":8541,"date":"2025-11-10T14:54:24","date_gmt":"2025-11-10T06:54:24","guid":{"rendered":"https:\/\/taizyagromachine.com\/?post_type=product&#038;p=8541"},"modified":"2025-11-10T16:01:01","modified_gmt":"2025-11-10T08:01:01","slug":"grain-and-grass-grinder-machine","status":"publish","type":"product","link":"https:\/\/taizyagromachine.com\/pt\/product\/grain-and-grass-grinder-machine\/","title":{"rendered":"M\u00e1quina combinada de moagem de gr\u00e3os e erva"},"content":{"rendered":"<p class=\"translation-block\">A Taizy <strong>moagem de erva<\/strong> combina polpa de silagem e moagem de gr\u00e3os, capaz de polpar erva ao mesmo tempo que tritura milho, trigo e soja. A erva atinge uma textura uniforme e fina com tamanho de part\u00edcula de 2-3mm, tornando-a ideal para alimentar porcos, gado, ovelhas, galinhas, patos, gansos e outros ruminantes.<\/p>    <p>A m\u00e1quina de polpa de silagem tem uma produ\u00e7\u00e3o de 300-1500kg por hora, apresenta estrutura compacta e opera\u00e7\u00e3o simples, suportando op\u00e7\u00f5es de pot\u00eancia tanto para motor el\u00e9trico como para motor a diesel, para sele\u00e7\u00e3o flex\u00edvel conforme as necessidades do cliente. Esta m\u00e1quina \u00e9 uma solu\u00e7\u00e3o eficiente para triturar gr\u00e3os e forragem. Contacte-nos para mais detalhes!<\/p>    <figure class=\"wp-block-embed is-type-video is-provider-youtube wp-block-embed-youtube wp-embed-aspect-16-9 wp-has-aspect-ratio\"><div class=\"wp-block-embed__wrapper\"> <iframe loading=\"lazy\" title=\"M\u00e1quina de moagem eficiente de gr\u00e3os e erva | Triturador de silagem e milho para produ\u00e7\u00e3o de ra\u00e7\u00e3o animal\" width=\"500\" height=\"281\" src=\"https:\/\/www.youtube.com\/embed\/_2AgSC_yXXE?feature=oembed\" frameborder=\"0\" allow=\"accelerometer; autoplay; clipboard-write; encrypted-media; gyroscope; picture-in-picture; web-share\" referrerpolicy=\"strict-origin-when-cross-origin\" allowfullscreen><\/iframe> <\/div><figcaption class=\"wp-element-caption\">v\u00eddeo da m\u00e1quina de moagem de erva<\/figcaption><\/figure>    <h2 class=\"wp-block-heading\"><strong>Vantagens da m\u00e1quina de moagem de gr\u00e3os e erva<\/strong><\/h2>    <ul class=\"wp-block-list\"> <li>A nossa m\u00e1quina de polpa de feno pode processar <strong>300-1500kg\/h<\/strong>, que \u00e9 altamente eficiente.<\/li>    <li>O <strong>fina<\/strong> de relva triturada \u00e9 <strong>2-3mm<\/strong>, uma mistura de p\u00f3 muito fino, boa para alimentar aves, porcos, etc.<\/li>    <li> Uma m\u00e1quina de tritura\u00e7\u00e3o de relva tudo-em-um <strong>combina corte de relva e moagem de gr\u00e3os<\/strong>.<\/li>    <li>Pudermos <strong>equipar com o ciclone e o quadro de tra\u00e7\u00e3o<\/strong>, e <strong>personalize a voltagem, cor, <\/strong>etc., to meet customers&#8217; demands.<\/li> <\/ul>    <figure class=\"wp-block-gallery has-nested-images columns-default is-cropped wp-block-gallery-2 is-layout-flex wp-block-gallery-is-layout-flex\"> <figure class=\"wp-block-image size-large\"><img loading=\"lazy\" decoding=\"async\" width=\"720\" height=\"540\" data-id=\"8548\" src=\"https:\/\/taizyagromachine.com\/wp-content\/uploads\/2025\/11\/combined-grain-milling-and-silage-grinder.webp\" alt=\"moagem combinada de gr\u00e3os e triturador de silagem\" class=\"wp-image-8548\" srcset=\"https:\/\/taizyagromachine.com\/wp-content\/uploads\/2025\/11\/combined-grain-milling-and-silage-grinder.webp 720w, https:\/\/taizyagromachine.com\/wp-content\/uploads\/2025\/11\/combined-grain-milling-and-silage-grinder-16x12.webp 16w\" sizes=\"auto, (max-width: 720px) 100vw, 720px\" \/><figcaption class=\"wp-element-caption\">moagem combinada de gr\u00e3os e triturador de silagem<\/figcaption><\/figure>    <figure class=\"wp-block-image size-large\"><img loading=\"lazy\" decoding=\"async\" width=\"720\" height=\"540\" data-id=\"8550\" src=\"https:\/\/taizyagromachine.com\/wp-content\/uploads\/2025\/11\/silage-pulping-machine-with-tractor.webp\" alt=\"m\u00e1quina de polpa de silagem com tractor\" class=\"wp-image-8550\" srcset=\"https:\/\/taizyagromachine.com\/wp-content\/uploads\/2025\/11\/silage-pulping-machine-with-tractor.webp 720w, https:\/\/taizyagromachine.com\/wp-content\/uploads\/2025\/11\/silage-pulping-machine-with-tractor-16x12.webp 16w\" sizes=\"auto, (max-width: 720px) 100vw, 720px\" \/><figcaption class=\"wp-element-caption\">m\u00e1quina de polpa de silagem com tractor<\/figcaption><\/figure> <\/figure>    <figure class=\"wp-block-gallery has-nested-images columns-default is-cropped wp-block-gallery-3 is-layout-flex wp-block-gallery-is-layout-flex\"> <figure class=\"wp-block-image size-large\"><img loading=\"lazy\" decoding=\"async\" width=\"328\" height=\"720\" data-id=\"8553\" src=\"https:\/\/taizyagromachine.com\/wp-content\/uploads\/2025\/11\/small-Napier-grass-grinder-machine.webp\" alt=\"pequena m\u00e1quina de moer Napier\" class=\"wp-image-8553\" srcset=\"https:\/\/taizyagromachine.com\/wp-content\/uploads\/2025\/11\/small-Napier-grass-grinder-machine.webp 328w, https:\/\/taizyagromachine.com\/wp-content\/uploads\/2025\/11\/small-Napier-grass-grinder-machine-5x12.webp 5w\" sizes=\"auto, (max-width: 328px) 100vw, 328px\" \/><figcaption class=\"wp-element-caption\">pequena m\u00e1quina de moer Napier<\/figcaption><\/figure>    <figure class=\"wp-block-image size-large\"><img loading=\"lazy\" decoding=\"async\" width=\"540\" height=\"720\" data-id=\"8552\" src=\"https:\/\/taizyagromachine.com\/wp-content\/uploads\/2025\/11\/grass-grinder-machine-with-cyclone.webp\" alt=\"moedor de erva com ciclone\" class=\"wp-image-8552\" srcset=\"https:\/\/taizyagromachine.com\/wp-content\/uploads\/2025\/11\/grass-grinder-machine-with-cyclone.webp 540w, https:\/\/taizyagromachine.com\/wp-content\/uploads\/2025\/11\/grass-grinder-machine-with-cyclone-9x12.webp 9w\" sizes=\"auto, (max-width: 540px) 100vw, 540px\" \/><figcaption class=\"wp-element-caption\">moedor de erva com ciclone<\/figcaption><\/figure>    <figure class=\"wp-block-image size-large\"><img loading=\"lazy\" decoding=\"async\" width=\"479\" height=\"720\" data-id=\"8551\" src=\"https:\/\/taizyagromachine.com\/wp-content\/uploads\/2025\/11\/crushed-grass.webp\" alt=\"grama esmagada\" class=\"wp-image-8551\" srcset=\"https:\/\/taizyagromachine.com\/wp-content\/uploads\/2025\/11\/crushed-grass.webp 479w, https:\/\/taizyagromachine.com\/wp-content\/uploads\/2025\/11\/crushed-grass-8x12.webp 8w\" sizes=\"auto, (max-width: 479px) 100vw, 479px\" \/><figcaption class=\"wp-element-caption\">grama esmagada<\/figcaption><\/figure> <\/figure>    <h2 class=\"wp-block-heading\"><strong>Dados t\u00e9cnicos da m\u00e1quina combinada de silagem e milho<\/strong><\/h2>    <figure class=\"wp-block-table\"><table class=\"has-fixed-layout\"><tbody><tr><td>Modelo<\/td><td>9RS-1000<\/td><td>9RS-1500<\/td><\/tr><tr><td>Poder<\/td><td>Motor de 3-4kw<\/td><td>Motor de 7,5 kW ou motor a diesel de 15 hp<\/td><\/tr><tr><td>Capacidade<\/td><td>300-1000kg\/h<\/td><td>1000-1500 kg\/hora<\/td><\/tr><tr><td>Tamanho<\/td><td>1200*600*1000mm<\/td><td>1800*1600*1150mm<\/td><\/tr><tr><td>Peso l\u00edquido<\/td><td>90kg<\/td><td>310kg<\/td><\/tr><\/tbody><\/table><figcaption class=\"wp-element-caption\">par\u00e2metros da m\u00e1quina de polpa de feno silage<\/figcaption><\/figure>    <figure class=\"wp-block-gallery has-nested-images columns-default is-cropped wp-block-gallery-4 is-layout-flex wp-block-gallery-is-layout-flex\"> <figure class=\"wp-block-image size-large\"><img loading=\"lazy\" decoding=\"async\" width=\"540\" height=\"540\" data-id=\"8545\" src=\"https:\/\/taizyagromachine.com\/wp-content\/uploads\/2025\/11\/9RS-1000-grain-and-grass-grinding-machine.webp\" alt=\"9RS-1000 m\u00e1quina de moagem de gr\u00e3os e erva\" class=\"wp-image-8545\" srcset=\"https:\/\/taizyagromachine.com\/wp-content\/uploads\/2025\/11\/9RS-1000-grain-and-grass-grinding-machine.webp 540w, https:\/\/taizyagromachine.com\/wp-content\/uploads\/2025\/11\/9RS-1000-grain-and-grass-grinding-machine-12x12.webp 12w\" sizes=\"auto, (max-width: 540px) 100vw, 540px\" \/><figcaption class=\"wp-element-caption\">9RS-1000 m\u00e1quina de moagem de gr\u00e3os e erva<\/figcaption><\/figure>    <figure class=\"wp-block-image size-large\"><img loading=\"lazy\" decoding=\"async\" width=\"540\" height=\"540\" data-id=\"8546\" src=\"https:\/\/taizyagromachine.com\/wp-content\/uploads\/2025\/11\/9RS-1500-grass-cutting-and-grinding-machine.webp\" alt=\"9RS-1500 m\u00e1quina de corte e moagem de erva\" class=\"wp-image-8546\" srcset=\"https:\/\/taizyagromachine.com\/wp-content\/uploads\/2025\/11\/9RS-1500-grass-cutting-and-grinding-machine.webp 540w, https:\/\/taizyagromachine.com\/wp-content\/uploads\/2025\/11\/9RS-1500-grass-cutting-and-grinding-machine-12x12.webp 12w\" sizes=\"auto, (max-width: 540px) 100vw, 540px\" \/><figcaption class=\"wp-element-caption\">9RS-1500 m\u00e1quina de corte e moagem de erva<\/figcaption><\/figure> <\/figure>    <h2 class=\"wp-block-heading\"><strong>Aplica\u00e7\u00f5es da m\u00e1quina de moagem de gr\u00e3os e erva \u00e0 venda<\/strong><\/h2>    <p>Este equipamento \u00e9 amplamente utilizado em explora\u00e7\u00f5es pecu\u00e1rias, f\u00e1bricas de processamento de ra\u00e7\u00e3o, cooperativas agr\u00edcolas e bases de produ\u00e7\u00e3o de silagem.<\/p>    <p>Os materiais adequados s\u00e3o v\u00e1rios silagens e gr\u00e3os, tais como feno, sarmentos de milho, erva Napier, milho, milho-mi\u00fado, soja, palha de trigo, palha de arroz, etc.<\/p>    <p>A pulverizadora de erva efectivamente tritura e mistura forragem de fibra grosseira com gr\u00e3os, aumentando a palatabilidade do alimento e as taxas de absor\u00e7\u00e3o de nutrientes. \u00c9 um equipamento indispens\u00e1vel na moderna processamento de ra\u00e7\u00e3o. Quer lidere com materiais secos ou h\u00famidos, esta m\u00e1quina opera de forma eficiente, ajudando os agricultores a atingir autossufici\u00eancia alimentar.<\/p>   <div class=\"wp-block-image\"> <figure class=\"aligncenter size-full\"><img loading=\"lazy\" decoding=\"async\" width=\"720\" height=\"540\" src=\"https:\/\/taizyagromachine.com\/wp-content\/uploads\/2025\/11\/grass-cutting-grinder-machine.webp\" alt=\"moedor de erva cortada\" class=\"wp-image-8557\" srcset=\"https:\/\/taizyagromachine.com\/wp-content\/uploads\/2025\/11\/grass-cutting-grinder-machine.webp 720w, https:\/\/taizyagromachine.com\/wp-content\/uploads\/2025\/11\/grass-cutting-grinder-machine-16x12.webp 16w\" sizes=\"auto, (max-width: 720px) 100vw, 720px\" \/><figcaption class=\"wp-element-caption\">moedor de erva cortada<\/figcaption><\/figure> <\/div>   <h2 class=\"wp-block-heading\"><strong>Como funciona a m\u00e1quina de polpa de silagem?<\/strong><\/h2>    <p>A m\u00e1quina de moer Napier usa conjuntos de l\u00e2minas de alta velocidade para cortar e pulverizar a forragem e os gr\u00e3os. Os materiais entram na c\u00e2mara de moagem pela toma de alimenta\u00e7\u00e3o, onde s\u00e3o processados em polpa ou p\u00f3 por l\u00e2minas de rota\u00e7\u00e3o r\u00e1pida antes de serem descarregados pela sa\u00edda. A m\u00e1quina oferece opera\u00e7\u00e3o simples e baixos custos de manuten\u00e7\u00e3o, tornando-a adequada para opera\u00e7\u00f5es agr\u00edcolas de v\u00e1rias escalas.<\/p>    <figure class=\"wp-block-gallery has-nested-images columns-default is-cropped wp-block-gallery-5 is-layout-flex wp-block-gallery-is-layout-flex\"> <figure class=\"wp-block-image size-large\"><img loading=\"lazy\" decoding=\"async\" width=\"438\" height=\"540\" data-id=\"8554\" src=\"https:\/\/taizyagromachine.com\/wp-content\/uploads\/2025\/11\/grain-and-forage-pulping-machine.webp\" alt=\"m\u00e1quina de polpa de gr\u00e3o e forragem\" class=\"wp-image-8554\" srcset=\"https:\/\/taizyagromachine.com\/wp-content\/uploads\/2025\/11\/grain-and-forage-pulping-machine.webp 438w, https:\/\/taizyagromachine.com\/wp-content\/uploads\/2025\/11\/grain-and-forage-pulping-machine-10x12.webp 10w\" sizes=\"auto, (max-width: 438px) 100vw, 438px\" \/><figcaption class=\"wp-element-caption\">m\u00e1quina de polpa de gr\u00e3o e forragem<\/figcaption><\/figure>    <figure class=\"wp-block-image size-large\"><img loading=\"lazy\" decoding=\"async\" width=\"540\" height=\"540\" data-id=\"8555\" src=\"https:\/\/taizyagromachine.com\/wp-content\/uploads\/2025\/11\/internal-structure-of-grinder.webp\" alt=\"estrutura interna do moedor\" class=\"wp-image-8555\" srcset=\"https:\/\/taizyagromachine.com\/wp-content\/uploads\/2025\/11\/internal-structure-of-grinder.webp 540w, https:\/\/taizyagromachine.com\/wp-content\/uploads\/2025\/11\/internal-structure-of-grinder-12x12.webp 12w\" sizes=\"auto, (max-width: 540px) 100vw, 540px\" \/><figcaption class=\"wp-element-caption\">estrutura interna do moedor<\/figcaption><\/figure> <\/figure>    <h2 class=\"wp-block-heading\"><strong>What&#8217;s the price of Taizy grain and grass grinder machine<\/strong><\/h2>    <p>O pre\u00e7o da m\u00e1quina de pulpar forragem depende principalmente do modelo da m\u00e1quina, da fonte de energia (motor el\u00e9trico ou motor a diesel), da configura\u00e7\u00e3o de sa\u00edda e de incluir ou n\u00e3o um ciclone ou um quadro de tra\u00e7\u00e3o. Modelos menores costumam ser mais acess\u00edveis, enquanto modelos maiores suportam alta produ\u00e7\u00e3o e opera\u00e7\u00e3o cont\u00ednua por longos per\u00edodos. O modelo de venda direta de f\u00e1brica da Taizy oferece aos clientes pre\u00e7os competitivos, com envio global e fornecimento de pe\u00e7as sobressalentes dispon\u00edvel.<\/p>    <h2 class=\"wp-block-heading\"><strong>Como fazer pedido na Taizy?<\/strong><\/h2>    <p>Os clientes podem contactar-nos diretamente via email, WhatsApp\/WeChat ou o nosso site oficial para indicar a sa\u00edda pretendida, pot\u00eancia, aplica\u00e7\u00e3o e necessidades de personaliza\u00e7\u00e3o. Recomendaremos o modelo mais adequado e forneceremos or\u00e7amentos detalhados e solu\u00e7\u00f5es de envio. <\/p>    <p>A Taizy Machinery oferece consultoria pr\u00e9-venda profissional, orienta\u00e7\u00e3o t\u00e9cnica e servi\u00e7o p\u00f3s-venda a clientes globais, assegurando aquisi\u00e7\u00e3o e utiliza\u00e7\u00e3o sem preocupa\u00e7\u00f5es.<\/p>    <p>Al\u00e9m disso, temos outros equipamentos de processo de silagem dispon\u00edveis para venda, tais como<\/p>    <ul class=\"wp-block-list\"> <li><a href=\"https:\/\/taizyagromachine.com\/pt\/product\/forage-chopper-machine\/\">Cortador de palha<\/a><\/li>    <li><a href=\"https:\/\/taizyagromachine.com\/pt\/product\/straw-cutting-machine\/\">M\u00e1quina de corte e amassadura de relva<\/a><\/li>    <li><a href=\"https:\/\/taizyagromachine.com\/pt\/product\/silage-baler\/\">M\u00e1quina de embrulhar fardos de silagem<\/a><\/li> <\/ul>    <p>Se estiver \u00e0 procura de maquinaria de processamento de silagem, contacte-nos de imediato. Oferecemos a melhor solu\u00e7\u00e3o para beneficiar os seus neg\u00f3cios de forragem.<\/p>","protected":false},"excerpt":{"rendered":"<p>Taizy Forage Pulper \u00e9 uma m\u00e1quina de processamento de ra\u00e7\u00e3o vers\u00e1til capaz de moer forragem e gr\u00e3os em part\u00edculas finas, uniformemente formadas e muito palat\u00e1veis. Com v\u00e1rias configura\u00e7\u00f5es personaliz\u00e1veis, serve como uma solu\u00e7\u00e3o ideal para processamento de ra\u00e7\u00e3o no pr\u00f3prio lote da fazenda.<\/p>","protected":false},"author":1,"featured_media":8543,"parent":0,"template":"","tags":[116],"product-type":[19],"class_list":["post-8541","product","type-product","status-publish","has-post-thumbnail","hentry","tag-silage","product-type-silage-machine"],"_links":{"self":[{"href":"https:\/\/taizyagromachine.com\/pt\/wp-json\/wp\/v2\/product\/8541","targetHints":{"allow":["GET"]}}],"collection":[{"href":"https:\/\/taizyagromachine.com\/pt\/wp-json\/wp\/v2\/product"}],"about":[{"href":"https:\/\/taizyagromachine.com\/pt\/wp-json\/wp\/v2\/types\/product"}],"author":[{"embeddable":true,"href":"https:\/\/taizyagromachine.com\/pt\/wp-json\/wp\/v2\/users\/1"}],"wp:featuredmedia":[{"embeddable":true,"href":"https:\/\/taizyagromachine.com\/pt\/wp-json\/wp\/v2\/media\/8543"}],"wp:attachment":[{"href":"https:\/\/taizyagromachine.com\/pt\/wp-json\/wp\/v2\/media?parent=8541"}],"wp:term":[{"taxonomy":"post_tag","embeddable":true,"href":"https:\/\/taizyagromachine.com\/pt\/wp-json\/wp\/v2\/tags?post=8541"},{"taxonomy":"product-type","embeddable":true,"href":"https:\/\/taizyagromachine.com\/pt\/wp-json\/wp\/v2\/product-type?post=8541"}],"curies":[{"name":"wp","href":"https:\/\/api.w.org\/{rel}","templated":true}]}}