{"id":8567,"date":"2025-11-19T16:53:20","date_gmt":"2025-11-19T08:53:20","guid":{"rendered":"https:\/\/taizyagromachine.com\/?post_type=product&#038;p=8567"},"modified":"2025-11-19T17:25:01","modified_gmt":"2025-11-19T09:25:01","slug":"hay-bale-shredder","status":"publish","type":"product","link":"https:\/\/taizyagromachine.com\/pt\/product\/hay-bale-shredder\/","title":{"rendered":"Triturador de fardos de feno"},"content":{"rendered":"<p class=\"translation-block\">Taizy <strong>hay bale shredder<\/strong> can crush and grind hay bale, straw bale, or straw into small pieces of 3-10cm. It&#8217;s used on big livestock farms to process hay and straw with a capacity of 2-18t per hour. This hay bale grinder commonly uses an electric motor as power, and has two discharging ways(top or bottom discharge). Also, the machine has a traction frame and tyres, easy to move. For livetsock farming, it&#8217;s ideal for bales processing.<\/p>    <figure class=\"wp-block-embed is-type-video is-provider-youtube wp-block-embed-youtube wp-embed-aspect-16-9 wp-has-aspect-ratio\"><div class=\"wp-block-embed__wrapper\"> <iframe loading=\"lazy\" title=\"Hay bale crusher | Grass bale shredder working test: complete straw &amp; hay bale crusher solution\" width=\"500\" height=\"281\" src=\"https:\/\/www.youtube.com\/embed\/22SeCz3fZuo?feature=oembed\" frameborder=\"0\" allow=\"accelerometer; autoplay; clipboard-write; encrypted-media; gyroscope; picture-in-picture; web-share\" referrerpolicy=\"strict-origin-when-cross-origin\" allowfullscreen><\/iframe> <\/div><figcaption class=\"wp-element-caption\">v\u00eddeo de trabalho do triturador de fardos de feno<\/figcaption><\/figure>    <h2 class=\"wp-block-heading\"><strong>Aplica\u00e7\u00f5es do triturador el\u00e9trico de fardos de feno da Taizy<\/strong><\/h2>    <p>O triturador de fardos de palha \u00e9 usado principalmente para desmontar e triturar rapidamente fardos redondos ou quadrados de forragem em ra\u00e7\u00e3o uniforme. \u00c9 adequado para:<\/p>    <ul class=\"wp-block-list\"> <li>Alimentando ruminantes como gado, ovelhas, cavalos e camelos<\/li>    <li>Pr\u00e9-processamento para silagem, feno, alfafa, palha e outros materiais<\/li>    <li>Pr\u00e9-tratamento antes dos misturadores TMR<\/li>    <li>Processamento de p\u00f3 de grama e moagem de mat\u00e9ria-prima para moinho de ra\u00e7\u00e3o<\/li> <\/ul>    <p>O picador de fardos de feno pequeno da Taizy pode processar 2000\u201318000kg de fardos de cada vez, triturando-os em peda\u00e7os de 3-10cm, sem danificar as fibras do feno, resultando em melhor palatabilidade.<\/p>   <div class=\"wp-block-image\"> <figure class=\"aligncenter size-full\"><img loading=\"lazy\" decoding=\"async\" width=\"720\" height=\"540\" src=\"https:\/\/taizyagromachine.com\/wp-content\/uploads\/2025\/11\/applications-of-straw-hay-bale-grinder.webp\" alt=\"aplica\u00e7\u00f5es do triturador de fardos de palha\" class=\"wp-image-8571\" srcset=\"https:\/\/taizyagromachine.com\/wp-content\/uploads\/2025\/11\/applications-of-straw-hay-bale-grinder.webp 720w, https:\/\/taizyagromachine.com\/wp-content\/uploads\/2025\/11\/applications-of-straw-hay-bale-grinder-16x12.webp 16w\" sizes=\"auto, (max-width: 720px) 100vw, 720px\" \/><figcaption class=\"wp-element-caption\">aplica\u00e7\u00f5es do triturador de fardos de palha<\/figcaption><\/figure> <\/div>   <p>Al\u00e9m disso, este triturador de disco \u00e9 amplamente utilizado em:<\/p>    <ul class=\"wp-block-list\"> <li>Ranchos de grande escala (fazendas de gado, fazendas de ovelhas, fazendas de camelos) <ul class=\"wp-block-list\"> <li>O processamento di\u00e1rio de grandes quantidades de forragem requer velocidade e economia de m\u00e3o de obra.<\/li> <\/ul> <\/li>    <li>Ind\u00fastrias de processamento de ra\u00e7\u00e3o <ul class=\"wp-block-list\"> <li>Como um passo preliminar para moagem de forragem e mistura de ra\u00e7\u00e3o.<\/li> <\/ul> <\/li>    <li>Cooperativas agr\u00edcolas <ul class=\"wp-block-list\"> <li>Fornecer servi\u00e7os de moagem de fardos para agricultores locais de gado.<\/li> <\/ul> <\/li>    <li>integra\u00e7\u00e3o do misturador de ra\u00e7\u00e3o TMR <ul class=\"wp-block-list\"> <li>Incorporar forragem triturada em misturas TMR melhora a efic\u00e1cia nutricional.<\/li> <\/ul> <\/li> <\/ul>    <h2 class=\"wp-block-heading\"><strong>Vantagens do triturador de grama e fardos de feno de disco<\/strong><\/h2>    <ul class=\"wp-block-list\"> <li>Pode <strong>manipular fardos redondos e quadrados, palhas, talos, etc.<\/strong>, e acomoda todos os tipos de fardos com forte adaptabilidade, atendendo a todas as necessidades de processamento de forragem na fazenda com uma \u00fanica m\u00e1quina.<\/li>    <li>Os martelos dentro da m\u00e1quina s\u00e3o <strong>feito de 65Mn<\/strong>, alta dureza e resist\u00eancia ao desgaste, entregando <strong>mais de 30% mais r\u00e1pido na tritura\u00e7\u00e3o<\/strong> do que m\u00e1quinas tradicionais.<\/li>    <li>Nosso triturador de fardos de feno apresenta um <strong>entrada de ra\u00e7\u00e3o do barril<\/strong>, e seu <strong>conveyor de corrente pesada<\/strong> desgarra facilmente fardos densos.<\/li>    <li>A unidade inteira apresenta <strong>placas de a\u00e7o espessas (5mm)<\/strong> e martelos substitu\u00edveis, tornando-o adequado para uso de longo prazo e alta intensidade.<\/li>    <li>O produto final mede <strong>3-10cm<\/strong>, ajust\u00e1veis de acordo com o tipo de animal. Por exemplo, 2\u20133cm (ovelhas), 3\u20135cm (gado), 5\u20138cm (cavalos), etc.<\/li>    <li>Seu <strong>a produ\u00e7\u00e3o varia de 2 a 18 toneladas por hora<\/strong>, e voc\u00ea pode escolher com base em suas necessidades.<\/li> <\/ul>    <figure class=\"wp-block-gallery has-nested-images columns-default is-cropped wp-block-gallery-2 is-layout-flex wp-block-gallery-is-layout-flex\"> <figure class=\"wp-block-image size-large\"><img loading=\"lazy\" decoding=\"async\" width=\"720\" height=\"540\" data-id=\"8578\" src=\"https:\/\/taizyagromachine.com\/wp-content\/uploads\/2025\/11\/quality-hay-bale-chopper-for-sale.webp\" alt=\"picador de fardos de feno de qualidade \u00e0 venda\" class=\"wp-image-8578\" srcset=\"https:\/\/taizyagromachine.com\/wp-content\/uploads\/2025\/11\/quality-hay-bale-chopper-for-sale.webp 720w, https:\/\/taizyagromachine.com\/wp-content\/uploads\/2025\/11\/quality-hay-bale-chopper-for-sale-16x12.webp 16w\" sizes=\"auto, (max-width: 720px) 100vw, 720px\" \/><figcaption class=\"wp-element-caption\">picador de fardos de feno de qualidade \u00e0 venda<\/figcaption><\/figure>    <figure class=\"wp-block-image size-large\"><img loading=\"lazy\" decoding=\"async\" width=\"720\" height=\"540\" data-id=\"8579\" src=\"https:\/\/taizyagromachine.com\/wp-content\/uploads\/2025\/11\/straw-bale-shredder-from-Taizy.webp\" alt=\"triturador de fardos de palha da Taizy\" class=\"wp-image-8579\" srcset=\"https:\/\/taizyagromachine.com\/wp-content\/uploads\/2025\/11\/straw-bale-shredder-from-Taizy.webp 720w, https:\/\/taizyagromachine.com\/wp-content\/uploads\/2025\/11\/straw-bale-shredder-from-Taizy-16x12.webp 16w\" sizes=\"auto, (max-width: 720px) 100vw, 720px\" \/><figcaption class=\"wp-element-caption\">triturador de fardos de palha da Taizy<\/figcaption><\/figure> <\/figure>    <h2 class=\"wp-block-heading\"><strong>Par\u00e2metros t\u00e9cnicos do triturador de fardos de palha redondos<\/strong><\/h2>    <figure class=\"wp-block-table\"><table class=\"has-fixed-layout\"><tbody><tr><td>Modelo<\/td><td>Poder correspondente<\/td><td>Capacidade<\/td><td>Tamanho de esmagamento<\/td><td>Peso<\/td><\/tr><tr><td>9FL-200<\/td><td>22KW<\/td><td>2-3t\/h<\/td><td>3-10cm<\/td><td>1.1T<\/td><\/tr><tr><td>9FL-240<\/td><td>37KW<\/td><td>5-8t\/h<\/td><td>3-10cm<\/td><td>2T<\/td><\/tr><tr><td>9FL-260<\/td><td>75KW<\/td><td>6-10t\/h<\/td><td>3-10cm<\/td><td>3t<\/td><\/tr><tr><td>9FL-300<\/td><td>90-110KW<\/td><td>8-12t\/h<\/td><td>3-10cm<\/td><td>6T<\/td><\/tr><tr><td>9FL-350<\/td><td>55KW (duplo)<\/td><td>12-18t\/h<\/td><td>3-10cm<\/td><td>8T<\/td><\/tr><\/tbody><\/table><figcaption class=\"wp-element-caption\">especifica\u00e7\u00f5es do triturador de fardos de feno<\/figcaption><\/figure>    <h2 class=\"wp-block-heading\"><strong>Diferentes tipos de trituradores de fardos de palha<\/strong><\/h2>    <p>Com base em diferentes configura\u00e7\u00f5es, pode ser dividido em v\u00e1rios tipos:<\/p>    <ul class=\"wp-block-list\"> <li>Triturador de fardos de palha com descarga superior<\/li>    <li>Triturador de fardos de feno com descarga inferior<\/li>    <li>Triturador de fardos de feno com ciclone<\/li>    <li>Triturador de fardos de feno com estrutura de tra\u00e7\u00e3o e pneus<\/li> <\/ul>    <div class=\"wp-block-columns is-layout-flex wp-container-core-columns-is-layout-9d6595d7 wp-block-columns-is-layout-flex\"> <div class=\"wp-block-column is-layout-flow wp-block-column-is-layout-flow\"> <figure class=\"wp-block-image size-full\"><img loading=\"lazy\" decoding=\"async\" width=\"720\" height=\"540\" src=\"https:\/\/taizyagromachine.com\/wp-content\/uploads\/2025\/11\/hay-bale-crusher-with-upper-discharge.webp\" alt=\"triturador de fardos de feno com descarga superior\" class=\"wp-image-8573\" srcset=\"https:\/\/taizyagromachine.com\/wp-content\/uploads\/2025\/11\/hay-bale-crusher-with-upper-discharge.webp 720w, https:\/\/taizyagromachine.com\/wp-content\/uploads\/2025\/11\/hay-bale-crusher-with-upper-discharge-16x12.webp 16w\" sizes=\"auto, (max-width: 720px) 100vw, 720px\" \/><figcaption class=\"wp-element-caption\">triturador de fardos de feno com descarga superior<\/figcaption><\/figure> <\/div>    <div class=\"wp-block-column is-layout-flow wp-block-column-is-layout-flow\"> <figure class=\"wp-block-image size-full\"><img loading=\"lazy\" decoding=\"async\" width=\"720\" height=\"540\" src=\"https:\/\/taizyagromachine.com\/wp-content\/uploads\/2025\/11\/hay-bale-shredder-with-bottom-discharge.webp\" alt=\"triturador de fardos de feno com descarga inferior\" class=\"wp-image-8574\" srcset=\"https:\/\/taizyagromachine.com\/wp-content\/uploads\/2025\/11\/hay-bale-shredder-with-bottom-discharge.webp 720w, https:\/\/taizyagromachine.com\/wp-content\/uploads\/2025\/11\/hay-bale-shredder-with-bottom-discharge-16x12.webp 16w\" sizes=\"auto, (max-width: 720px) 100vw, 720px\" \/><figcaption class=\"wp-element-caption\">triturador de fardos de feno com descarga inferior<\/figcaption><\/figure> <\/div> <\/div>    <div class=\"wp-block-columns is-layout-flex wp-container-core-columns-is-layout-9d6595d7 wp-block-columns-is-layout-flex\"> <div class=\"wp-block-column is-layout-flow wp-block-column-is-layout-flow\"> <figure class=\"wp-block-image size-full\"><img loading=\"lazy\" decoding=\"async\" width=\"720\" height=\"540\" src=\"https:\/\/taizyagromachine.com\/wp-content\/uploads\/2025\/11\/hay-bale-grinder-with-cyclone.webp\" alt=\"triturador de fardos de feno com ciclone\" class=\"wp-image-8576\" srcset=\"https:\/\/taizyagromachine.com\/wp-content\/uploads\/2025\/11\/hay-bale-grinder-with-cyclone.webp 720w, https:\/\/taizyagromachine.com\/wp-content\/uploads\/2025\/11\/hay-bale-grinder-with-cyclone-16x12.webp 16w\" sizes=\"auto, (max-width: 720px) 100vw, 720px\" \/><figcaption class=\"wp-element-caption\">triturador de fardos de feno com ciclone<\/figcaption><\/figure> <\/div>    <div class=\"wp-block-column is-layout-flow wp-block-column-is-layout-flow\"> <figure class=\"wp-block-image size-full\"><img loading=\"lazy\" decoding=\"async\" width=\"720\" height=\"540\" src=\"https:\/\/taizyagromachine.com\/wp-content\/uploads\/2025\/11\/straw-bale-crusher-with-traction-and-tires.webp\" alt=\"triturador de fardos de palha com tra\u00e7\u00e3o e pneus\" class=\"wp-image-8577\" srcset=\"https:\/\/taizyagromachine.com\/wp-content\/uploads\/2025\/11\/straw-bale-crusher-with-traction-and-tires.webp 720w, https:\/\/taizyagromachine.com\/wp-content\/uploads\/2025\/11\/straw-bale-crusher-with-traction-and-tires-16x12.webp 16w\" sizes=\"auto, (max-width: 720px) 100vw, 720px\" \/><figcaption class=\"wp-element-caption\">triturador de fardos de palha com tra\u00e7\u00e3o e pneus<\/figcaption><\/figure> <\/div> <\/div>    <h2 class=\"wp-block-heading\"><strong>Como funciona o picador de fardos de palha redondos da Taizy?<\/strong><\/h2>    <p>O triturador de fardos de feno da Taizy emprega um sistema de rasgamento e tritura\u00e7\u00e3o de alta efici\u00eancia para quebrar rapidamente fardos densos em ra\u00e7\u00e3o uniforme. O fluxo de trabalho geral \u00e9 o seguinte:<\/p>    <ol class=\"wp-block-list\"> <li>Alimente fardos ou palha na entrada de ra\u00e7\u00e3o.<\/li>    <li>Esmagar e amassar fardos\/palha com martelos.<\/li>    <li>Descarregar pequenos peda\u00e7os pela sa\u00edda.<\/li> <\/ol>    <h2 class=\"wp-block-heading\"><strong>What&#8217;s the hay bale crusher price?<\/strong><\/h2>    <p>O pre\u00e7o de um triturador de fardos de feno \u00e9 influenciado pelos seguintes fatores:<\/p>    <ul class=\"wp-block-list\"> <li>Capacidade de tamanho de fardos de feno<\/li>    <li>Tipo de fonte de energia (motor el\u00e9trico\/motor a diesel)<\/li>    <li>Requisito para estrutura de reboque, correia transportadora, cor personalizada ou voltagem<\/li>    <li>Integra\u00e7\u00e3o com TMR ou outros equipamentos<\/li> <\/ul>    <p>Even a single difference in specifications will affect the machine&#8217;s price. For detailed pricing information, please feel free to contact us. We will provide you with a detailed quotation based on your specific requirements.<\/p>    <h2 class=\"wp-block-heading\"><strong>Visita do cliente: tour pela f\u00e1brica do triturador de fardos de feno da Taizy<\/strong><\/h2>    <p>Recently, overseas clients visited the Taizy factory, focusing their tour on our hay bale shredder production line. On-site, they examined key details such as equipment structure, blade materials, and power configurations, and observed live shredding demonstrations. They expressed high satisfaction with the machine&#8217;s efficiency and the fineness of the finished product. This visit further solidified the clients&#8217; recognition of Taize&#8217;s manufacturing capabilities, laying a strong foundation for future collaboration.<\/p>    <figure class=\"wp-block-gallery has-nested-images columns-default is-cropped wp-block-gallery-3 is-layout-flex wp-block-gallery-is-layout-flex\"> <figure class=\"wp-block-image size-large\"><img loading=\"lazy\" decoding=\"async\" width=\"720\" height=\"540\" data-id=\"8582\" src=\"https:\/\/taizyagromachine.com\/wp-content\/uploads\/2025\/11\/hay-bale-tub-grinder-customer-visit.webp\" alt=\"visita de cliente ao triturador de fardos de feno\" class=\"wp-image-8582\" srcset=\"https:\/\/taizyagromachine.com\/wp-content\/uploads\/2025\/11\/hay-bale-tub-grinder-customer-visit.webp 720w, https:\/\/taizyagromachine.com\/wp-content\/uploads\/2025\/11\/hay-bale-tub-grinder-customer-visit-16x12.webp 16w\" sizes=\"auto, (max-width: 720px) 100vw, 720px\" \/><figcaption class=\"wp-element-caption\">visita de cliente ao triturador de fardos de feno<\/figcaption><\/figure>    <figure class=\"wp-block-image size-large\"><img loading=\"lazy\" decoding=\"async\" width=\"720\" height=\"540\" data-id=\"8583\" src=\"https:\/\/taizyagromachine.com\/wp-content\/uploads\/2025\/11\/straw-hay-bale-shredder-factory-visit.webp\" alt=\"visita \u00e0 f\u00e1brica do triturador de fardos de palha\" class=\"wp-image-8583\" srcset=\"https:\/\/taizyagromachine.com\/wp-content\/uploads\/2025\/11\/straw-hay-bale-shredder-factory-visit.webp 720w, https:\/\/taizyagromachine.com\/wp-content\/uploads\/2025\/11\/straw-hay-bale-shredder-factory-visit-16x12.webp 16w\" sizes=\"auto, (max-width: 720px) 100vw, 720px\" \/><figcaption class=\"wp-element-caption\">visita \u00e0 f\u00e1brica do triturador de fardos de palha<\/figcaption><\/figure> <\/figure>    <h2 class=\"wp-block-heading\"><strong>Configura\u00e7\u00e3o de equipamentos para pequeno triturador de fardos de palha<\/strong><\/h2>    <p>Como fabricante e fornecedor profissional de m\u00e1quinas agr\u00edcolas, podemos fornecer diferentes configura\u00e7\u00f5es para f\u00e1cil processamento de fardos, como<\/p>    <ul class=\"wp-block-list\"> <li>Triturador de fardos de feno \u2192 fardadeira<\/li>    <li>Triturador de fardos de feno \u2192<a href=\"https:\/\/taizyagromachine.com\/pt\/product\/silage-spreader-feed-spreader-mixer\/\">espalhador de ra\u00e7\u00e3o para silagem<\/a><\/li>    <li>Triturador de fardos de feno \u2192 coletor de poeira<\/li> <\/ul>   <div class=\"wp-block-image\"> <figure class=\"aligncenter size-full\"><img loading=\"lazy\" decoding=\"async\" width=\"720\" height=\"290\" src=\"https:\/\/taizyagromachine.com\/wp-content\/uploads\/2025\/11\/hay-bale-shredder-and-hydraulic-bagging-machine.webp\" alt=\"triturador de fardos de feno e m\u00e1quina de embalagem hidr\u00e1ulica\" class=\"wp-image-8572\" srcset=\"https:\/\/taizyagromachine.com\/wp-content\/uploads\/2025\/11\/hay-bale-shredder-and-hydraulic-bagging-machine.webp 720w, https:\/\/taizyagromachine.com\/wp-content\/uploads\/2025\/11\/hay-bale-shredder-and-hydraulic-bagging-machine-18x7.webp 18w\" sizes=\"auto, (max-width: 720px) 100vw, 720px\" \/><figcaption class=\"wp-element-caption\">triturador de fardos de feno e m\u00e1quina de embalagem hidr\u00e1ulica<\/figcaption><\/figure> <\/div>  <div class=\"wp-block-image\"> <figure class=\"aligncenter size-full\"><img loading=\"lazy\" decoding=\"async\" width=\"720\" height=\"290\" src=\"https:\/\/taizyagromachine.com\/wp-content\/uploads\/2025\/11\/straw-bale-chopper-with-dust-collector.webp\" alt=\"picador de fardos de palha com coletor de poeira\" class=\"wp-image-8581\" srcset=\"https:\/\/taizyagromachine.com\/wp-content\/uploads\/2025\/11\/straw-bale-chopper-with-dust-collector.webp 720w, https:\/\/taizyagromachine.com\/wp-content\/uploads\/2025\/11\/straw-bale-chopper-with-dust-collector-18x7.webp 18w\" sizes=\"auto, (max-width: 720px) 100vw, 720px\" \/><figcaption class=\"wp-element-caption\">picador de fardos de palha com coletor de poeira<\/figcaption><\/figure> <\/div>   <h2 class=\"wp-block-heading\"><strong>Por que escolher nosso triturador de fardos de feno?<\/strong><\/h2>    <ul class=\"wp-block-list\"> <li>\u2714 22 anos de experi\u00eancia em m\u00e1quinas, exportadas para mais de 80 pa\u00edses em todo o mundo<\/li>    <li>\u2714 Personaliza\u00e7\u00e3o dispon\u00edvel (cor, voltagem, fonte de energia, estrutura de descarga)<\/li>    <li>\u2714 Fornece v\u00eddeos de opera\u00e7\u00e3o de teste   relat\u00f3rios de teste de f\u00e1brica<\/li>    <li>\u2714 Abastecimento amplo de pe\u00e7as sobressalentes e resposta r\u00e1pida p\u00f3s-venda<\/li>    <li>\u2714 Pode ser emparelhado com conjuntos completos de equipamentos de silagem (fardadeira, distribuidor de ra\u00e7\u00e3o, etc.)<\/li> <\/ul>    <figure class=\"wp-block-gallery aligncenter has-nested-images columns-default is-cropped wp-block-gallery-4 is-layout-flex wp-block-gallery-is-layout-flex\"> <figure class=\"wp-block-image size-full\"><img loading=\"lazy\" decoding=\"async\" width=\"720\" height=\"540\" data-id=\"8587\" src=\"https:\/\/taizyagromachine.com\/wp-content\/uploads\/2025\/11\/round-hay-bale-crusher-manufacturer.webp\" alt=\"fabricante de trituradores de fardos de feno redondos\" class=\"wp-image-8587\" srcset=\"https:\/\/taizyagromachine.com\/wp-content\/uploads\/2025\/11\/round-hay-bale-crusher-manufacturer.webp 720w, https:\/\/taizyagromachine.com\/wp-content\/uploads\/2025\/11\/round-hay-bale-crusher-manufacturer-16x12.webp 16w\" sizes=\"auto, (max-width: 720px) 100vw, 720px\" \/><figcaption class=\"wp-element-caption\">fabricante de trituradores de fardos de feno redondos<\/figcaption><\/figure>    <figure class=\"wp-block-image size-full\"><img loading=\"lazy\" decoding=\"async\" width=\"720\" height=\"540\" data-id=\"8585\" src=\"https:\/\/taizyagromachine.com\/wp-content\/uploads\/2025\/11\/hay-grass-straw-bale-shredder-delivery.webp\" alt=\"entrega do triturador de fardos de feno de grama\" class=\"wp-image-8585\" srcset=\"https:\/\/taizyagromachine.com\/wp-content\/uploads\/2025\/11\/hay-grass-straw-bale-shredder-delivery.webp 720w, https:\/\/taizyagromachine.com\/wp-content\/uploads\/2025\/11\/hay-grass-straw-bale-shredder-delivery-16x12.webp 16w\" sizes=\"auto, (max-width: 720px) 100vw, 720px\" \/><figcaption class=\"wp-element-caption\">entrega do triturador de fardos de feno de grama<\/figcaption><\/figure> <\/figure>    <h2 class=\"wp-block-heading\"><strong>Como comprar o triturador de fardos de feno quadrados e redondos da Taizy?<\/strong><\/h2>    <p>Para pre\u00e7os, especifica\u00e7\u00f5es, custos de envio ou v\u00eddeos, entre em contato conosco:<\/p>    <ul class=\"wp-block-list\"> <li>\ud83d\udce9 Email: info@taizyagromachine.com<\/li>    <li>\ud83d\udcde WhatsApp: <a href=\"https:\/\/wa.me\/+8613673689272\" target=\"_blank\" rel=\"noopener\">+86 136 7368 9272<\/a><\/li>    <li>\ud83c\udf10 Website: <a href=\"https:\/\/taizyagromachine.com\/pt\/\">www.taizyagromachine.com<\/a><\/li> <\/ul>    <p>Responderemos com um or\u00e7amento e proposta t\u00e9cnica dentro de 1 hora.<\/p>","protected":false},"excerpt":{"rendered":"<p>O triturador de fardos de feno da Taizy tritura e moer fardos de feno, fardos de palha ou palha em pequenos peda\u00e7os de 3-10cm, com uma capacidade de 2-18t por hora, usado em grandes fazendas de gado.<\/p>","protected":false},"author":1,"featured_media":8570,"parent":0,"template":"","tags":[116],"product-type":[19],"class_list":["post-8567","product","type-product","status-publish","has-post-thumbnail","hentry","tag-silage","product-type-silage-machine"],"_links":{"self":[{"href":"https:\/\/taizyagromachine.com\/pt\/wp-json\/wp\/v2\/product\/8567","targetHints":{"allow":["GET"]}}],"collection":[{"href":"https:\/\/taizyagromachine.com\/pt\/wp-json\/wp\/v2\/product"}],"about":[{"href":"https:\/\/taizyagromachine.com\/pt\/wp-json\/wp\/v2\/types\/product"}],"author":[{"embeddable":true,"href":"https:\/\/taizyagromachine.com\/pt\/wp-json\/wp\/v2\/users\/1"}],"wp:featuredmedia":[{"embeddable":true,"href":"https:\/\/taizyagromachine.com\/pt\/wp-json\/wp\/v2\/media\/8570"}],"wp:attachment":[{"href":"https:\/\/taizyagromachine.com\/pt\/wp-json\/wp\/v2\/media?parent=8567"}],"wp:term":[{"taxonomy":"post_tag","embeddable":true,"href":"https:\/\/taizyagromachine.com\/pt\/wp-json\/wp\/v2\/tags?post=8567"},{"taxonomy":"product-type","embeddable":true,"href":"https:\/\/taizyagromachine.com\/pt\/wp-json\/wp\/v2\/product-type?post=8567"}],"curies":[{"name":"wp","href":"https:\/\/api.w.org\/{rel}","templated":true}]}}