{"id":8928,"date":"2026-03-02T16:42:42","date_gmt":"2026-03-02T08:42:42","guid":{"rendered":"https:\/\/taizyagromachine.com\/product\/\/"},"modified":"2026-03-02T17:39:37","modified_gmt":"2026-03-02T09:39:37","slug":"cattle-farm-manure-cleaning-machine-manure-collector","status":"publish","type":"product","link":"https:\/\/taizyagromachine.com\/pt\/product\/cattle-farm-manure-cleaning-machine-manure-collector\/","title":{"rendered":"M\u00e1quina de limpeza de esterco de fazenda de gado"},"content":{"rendered":"<p class=\"translation-block\">Taizy <strong>m\u00e1quina de limpeza de esterco<\/strong> foi projetada com fun\u00e7\u00f5es de remo\u00e7\u00e3o, transporte e descarregamento autom\u00e1tico para opera\u00e7\u00f5es de cria\u00e7\u00e3o de grande escala, como fazendas de gado, latic\u00ednios e ovelhas. Funciona com caminh\u00f5es de tr\u00eas ou quatro rodas movidos a diesel, lidando eficientemente com esterco animal com uma capacidade de 3-5 minutos ou 5-8 minutos por ve\u00edculo, dependendo da espessura do esterco.<\/p>    <p>Seu volume comum \u00e9 de 3m\u00b3, 5m\u00b3, etc. Comparado aos m\u00e9todos tradicionais de limpeza manual, o coletor de esterco de pasto melhora significativamente a efici\u00eancia da limpeza, reduz os custos de m\u00e3o de obra, melhora a sanitiza\u00e7\u00e3o da fazenda e minimiza o crescimento de am\u00f4nia e bact\u00e9rias. Isso leva a uma melhor sa\u00fade animal e uma gest\u00e3o de fazenda mais padronizada. <\/p>    <p>Como equipamento essencial para fazendas modernas que buscam gest\u00e3o mecanizada e automatizada, esta m\u00e1quina de limpeza de celeiro de gado tornou-se uma escolha fundamental para aumentar a efici\u00eancia da produ\u00e7\u00e3o e otimizar os custos operacionais.<\/p>    <figure class=\"wp-block-embed is-type-video is-provider-youtube wp-block-embed-youtube wp-embed-aspect-16-9 wp-has-aspect-ratio\"><div class=\"wp-block-embed__wrapper\"> <iframe loading=\"lazy\" title=\"V\u00eddeo de funcionamento da m\u00e1quina de limpeza de esterco a diesel | Coletor autom\u00e1tico de esterco para fazenda de gado #esterco\" width=\"500\" height=\"281\" src=\"https:\/\/www.youtube.com\/embed\/5JxMkd7zD5o?feature=oembed\" frameborder=\"0\" allow=\"accelerometer; autoplay; clipboard-write; encrypted-media; gyroscope; picture-in-picture; web-share\" referrerpolicy=\"strict-origin-when-cross-origin\" allowfullscreen><\/iframe> <\/div><figcaption class=\"wp-element-caption\">v\u00eddeo da m\u00e1quina coletora de esterco<\/figcaption><\/figure>    <h2 class=\"wp-block-heading\"><strong>O que \u00e9 uma m\u00e1quina de limpeza de esterco?<\/strong><\/h2>    <p>A m\u00e1quina de limpeza de esterco \u00e9 um dispositivo automatizado especificamente projetado para limpar esterco e res\u00edduos dentro de instala\u00e7\u00f5es de cria\u00e7\u00e3o de animais, como celeiros de gado e currais de ovelhas. Sua fun\u00e7\u00e3o principal \u00e9 remover excrementos animais periodicamente ou continuamente, mantendo os pisos do celeiro limpos e secos, al\u00e9m de melhorar os padr\u00f5es de higiene geral no ambiente de cria\u00e7\u00e3o.<\/p>    <p>O esterco \u00e9 coletado por uma escavadeira frontal e transportado atrav\u00e9s de um sistema de raspador de corrente para um recipiente de coleta para processamento centralizado. Portanto, tamb\u00e9m \u00e9 comumente referido como raspador de esterco autom\u00e1tico ou m\u00e1quina de remo\u00e7\u00e3o de esterco do celeiro.<\/p>   <div class=\"wp-block-image\"> <figure class=\"aligncenter size-full\"><img loading=\"lazy\" decoding=\"async\" width=\"720\" height=\"540\" src=\"https:\/\/taizyagromachine.com\/wp-content\/uploads\/2026\/03\/cow-manure-cleaning-machine.jpg\" alt=\"m\u00e1quina de limpeza de esterco de vaca\" class=\"wp-image-8939\" srcset=\"https:\/\/taizyagromachine.com\/wp-content\/uploads\/2026\/03\/cow-manure-cleaning-machine.jpg 720w, https:\/\/taizyagromachine.com\/wp-content\/uploads\/2026\/03\/cow-manure-cleaning-machine-16x12.jpg 16w\" sizes=\"auto, (max-width: 720px) 100vw, 720px\" \/><figcaption class=\"wp-element-caption\">m\u00e1quina de limpeza de esterco de vaca<\/figcaption><\/figure> <\/div>   <h2 class=\"wp-block-heading\"><strong>Vantagens principais da m\u00e1quina de limpeza de esterco de vaca<\/strong><\/h2>    <ul class=\"wp-block-list\"> <li>Opera\u00e7\u00e3o totalmente autom\u00e1tica com uma pessoa<\/li>    <li>Remo\u00e7\u00e3o eficiente de res\u00edduos de cria\u00e7\u00e3o com 3-5 min ou 5-8 min por caminh\u00e3o<\/li>    <li>Taxa de limpeza de \u226599% para melhorar a higiene do celeiro e a sa\u00fade animal<\/li>    <li>Op\u00e7\u00f5es de caminh\u00e3o: dispon\u00edvel caminh\u00e3o de 3 ou 4 rodas<\/li>    <li>Estrutura dur\u00e1vel com estrutura de a\u00e7o refor\u00e7ado e design de raspador resistente ao desgaste para uso a longo prazo<\/li>    <li>Adequado para fazendas de latic\u00ednios de m\u00e9dio e grande porte<\/li> <\/ul>    <h2 class=\"wp-block-heading\"><strong>Especifica\u00e7\u00f5es t\u00e9cnicas da m\u00e1quina de limpeza de esterco<\/strong><\/h2>    <div class=\"wp-block-columns is-layout-flex wp-container-core-columns-is-layout-9d6595d7 wp-block-columns-is-layout-flex\"> <div class=\"wp-block-column is-layout-flow wp-block-column-is-layout-flow\"><div class=\"wp-block-image\"> <figure class=\"aligncenter size-full\"><img loading=\"lazy\" decoding=\"async\" width=\"720\" height=\"540\" src=\"https:\/\/taizyagromachine.com\/wp-content\/uploads\/2026\/03\/three-wheel-paddock-manure-collector.jpg\" alt=\"Coletor de esterco de pasto de tr\u00eas rodas\" class=\"wp-image-8933\" srcset=\"https:\/\/taizyagromachine.com\/wp-content\/uploads\/2026\/03\/three-wheel-paddock-manure-collector.jpg 720w, https:\/\/taizyagromachine.com\/wp-content\/uploads\/2026\/03\/three-wheel-paddock-manure-collector-16x12.jpg 16w\" sizes=\"auto, (max-width: 720px) 100vw, 720px\" \/><figcaption class=\"wp-element-caption\">Coletor de esterco de pasto de tr\u00eas rodas<\/figcaption><\/figure> <\/div><\/div>    <div class=\"wp-block-column is-vertically-aligned-center is-layout-flow wp-block-column-is-layout-flow\"> <p class=\"has-text-align-center translation-block\"><strong>Par\u00e2metros do coletor de silagem de esterco de 3m\u00b3<\/strong><\/p>    <ul class=\"wp-block-list\"> <li>Modelo: QF-3<\/li>    <li>Dimens\u00e3o: 4500*1450*2450mm<\/li>    <li>Pot\u00eancia: motor a diesel de 25hp<\/li>    <li>Pot\u00eancia de caminhada: Triciclo<\/li>    <li>Capacidade de produ\u00e7\u00e3o: 3-5 minutos por ve\u00edculo<\/li>    <li>Volume do carrinho: 3m\u00b3<\/li>    <li>Triciclo: Futian Five Star<\/li> <\/ul> <\/div> <\/div>    <div class=\"wp-block-columns is-layout-flex wp-container-core-columns-is-layout-9d6595d7 wp-block-columns-is-layout-flex\"> <div class=\"wp-block-column is-layout-flow wp-block-column-is-layout-flow\"><div class=\"wp-block-image\"> <figure class=\"aligncenter size-full\"><img loading=\"lazy\" decoding=\"async\" width=\"720\" height=\"540\" src=\"https:\/\/taizyagromachine.com\/wp-content\/uploads\/2026\/03\/four-wheel-cattle-farm-cleaning-machine.jpg\" alt=\"m\u00e1quina de limpeza de fazenda de gado de quatro rodas\" class=\"wp-image-8936\" srcset=\"https:\/\/taizyagromachine.com\/wp-content\/uploads\/2026\/03\/four-wheel-cattle-farm-cleaning-machine.jpg 720w, https:\/\/taizyagromachine.com\/wp-content\/uploads\/2026\/03\/four-wheel-cattle-farm-cleaning-machine-16x12.jpg 16w\" sizes=\"auto, (max-width: 720px) 100vw, 720px\" \/><figcaption class=\"wp-element-caption\">m\u00e1quina de limpeza de fazenda de gado de quatro rodas<\/figcaption><\/figure> <\/div><\/div>    <div class=\"wp-block-column is-vertically-aligned-center is-layout-flow wp-block-column-is-layout-flow\"> <p class=\"has-text-align-center translation-block\"><strong>Par\u00e2metros do coletor de esterco de pasto de 5m\u00b3<\/strong><\/p>    <ul class=\"wp-block-list\"> <li>Modelo: QF-5<\/li>    <li>Volume do carrinho: 5m\u00b3<\/li>    <li>Dimens\u00e3o: 5200*2200*2600mm<\/li>    <li>Largura de limpeza de esterco: 2000mm<\/li>    <li>Capacidade de produ\u00e7\u00e3o: 5-8 minutos por ve\u00edculo((dependendo da espessura da camada de esterco))<\/li>    <li>Peso: 3500kg<\/li>    <li>Velocidade de condu\u00e7\u00e3o: \u226430km\/h<\/li>    <li>N\u00famero de pneus: 4 pe\u00e7as<\/li>    <li>Sistema de coleta de esterco: coletor de agitador frontal, transportador de escavadeira de corrente<\/li>    <li>M\u00e9todo de descarga de esterco do carrinho traseiro: caminh\u00e3o com ca\u00e7amba hidr\u00e1ulica<\/li> <\/ul> <\/div> <\/div>    <h2 class=\"wp-block-heading\"><strong>Como funciona a escavadeira de esterco de latic\u00ednios?<\/strong><\/h2>    <p>A m\u00e1quina autom\u00e1tica de limpeza de esterco funciona principalmente por coleta com escavadeira, transporte por correia de raspador, coleta por ve\u00edculo e descarregamento por tombamento hidr\u00e1ulico. O fluxo de trabalho principal \u00e9 o seguinte:<\/p>    <ol class=\"wp-block-list\"> <li>Uma pessoa inicia a coletora de esterco para a fazenda de latic\u00ednios.<\/li>    <li>Quando a pessoa conduz a m\u00e1quina de limpeza para frente, a escavadeira frontal coleta o lixo.<\/li>    <li>Depois, o lixo coletado \u00e9 conduzido ao carrinho via raspador de corrente.<\/li>    <li>A escavadeira e o raspador de corrente operam continuamente enquanto a m\u00e1quina avan\u00e7a, coletando esterco de animais para o carrinho at\u00e9 estar cheio.<\/li>    <li>Por fim, o mecanismo hidr\u00e1ulico de tombamento descarrega automaticamente o conte\u00fado, concluindo o ciclo de limpeza de esterco. A m\u00e1quina ent\u00e3o passa para a pr\u00f3xima rodada de opera\u00e7\u00e3o.<\/li> <\/ol>    <figure class=\"wp-block-gallery has-nested-images columns-default is-cropped wp-block-gallery-2 is-layout-flex wp-block-gallery-is-layout-flex\"> <figure class=\"wp-block-image size-large\"><img loading=\"lazy\" decoding=\"async\" width=\"720\" height=\"540\" data-id=\"8941\" src=\"https:\/\/taizyagromachine.com\/wp-content\/uploads\/2026\/03\/efficient-barn-cleaning-equipment-for-manure-removal.jpg\" alt=\"equipamento eficiente de limpeza de est\u00e1bulos para remo\u00e7\u00e3o de esterco\" class=\"wp-image-8941\" srcset=\"https:\/\/taizyagromachine.com\/wp-content\/uploads\/2026\/03\/efficient-barn-cleaning-equipment-for-manure-removal.jpg 720w, https:\/\/taizyagromachine.com\/wp-content\/uploads\/2026\/03\/efficient-barn-cleaning-equipment-for-manure-removal-16x12.jpg 16w\" sizes=\"auto, (max-width: 720px) 100vw, 720px\" \/><figcaption class=\"wp-element-caption\">equipamento eficiente de limpeza de est\u00e1bulos para remo\u00e7\u00e3o de esterco<\/figcaption><\/figure>    <figure class=\"wp-block-image size-large\"><img loading=\"lazy\" decoding=\"async\" width=\"720\" height=\"540\" data-id=\"8942\" src=\"https:\/\/taizyagromachine.com\/wp-content\/uploads\/2026\/03\/Hydraulic-tipper-truck.jpg\" alt=\"Cami\u00e3o basculante hidr\u00e1ulico\" class=\"wp-image-8942\" srcset=\"https:\/\/taizyagromachine.com\/wp-content\/uploads\/2026\/03\/Hydraulic-tipper-truck.jpg 720w, https:\/\/taizyagromachine.com\/wp-content\/uploads\/2026\/03\/Hydraulic-tipper-truck-16x12.jpg 16w\" sizes=\"auto, (max-width: 720px) 100vw, 720px\" \/><figcaption class=\"wp-element-caption\">Cami\u00e3o basculante hidr\u00e1ulico<\/figcaption><\/figure> <\/figure>    <h2 class=\"wp-block-heading\"><strong>Cen\u00e1rios de aplica\u00e7\u00e3o da m\u00e1quina coletora de esterco Taizy<\/strong><\/h2>    <p>Com o desenvolvimento da agricultura em grande escala, os equipamentos autom\u00e1ticos de remo\u00e7\u00e3o de esterco t\u00eam sido amplamente adotados em diversos ambientes de cria\u00e7\u00e3o de animais. Como uma m\u00e1quina eficiente de remo\u00e7\u00e3o de esterco, desempenha um papel vital em v\u00e1rios cen\u00e1rios agr\u00edcolas. <\/p>    <ul class=\"wp-block-list\"> <li>Fazendas de latic\u00ednios<\/li>    <li>Celeiros de gado<\/li>    <li>Fazendas de cria\u00e7\u00e3o de animais<\/li>    <li>Instala\u00e7\u00f5es agr\u00edcolas modernas intensivas<\/li> <\/ul>    <h2 class=\"wp-block-heading\"><strong>Qual \u00e9 o pre\u00e7o da m\u00e1quina de limpeza de esterco de vaca Taizy?<\/strong><\/h2>    <p>Ao selecionar equipamentos de limpeza de esterco, os clientes geralmente focam em quest\u00f5es principais: pre\u00e7o e personaliza\u00e7\u00e3o.<\/p>    <p class=\"translation-block\"><strong>Pre\u00e7o da coletora de esterco Taizy \u00e0 venda<\/strong><\/p>    <p>Fatores-chave que influenciam o pre\u00e7o da m\u00e1quina de limpeza de esterco incluem:<\/p>    <ul class=\"wp-block-list\"> <li>Volume do carrinho da m\u00e1quina<\/li>    <li>Quantidade de pneus do ve\u00edculo<\/li>    <li>Configura\u00e7\u00e3o de pot\u00eancia a diesel da m\u00e1quina<\/li>    <li>Fornecimento de pe\u00e7as de reposi\u00e7\u00e3o<\/li>    <li>Dist\u00e2ncia de transporte<\/li> <\/ul>    <p>Geralmente, configura\u00e7\u00f5es mais altas e passagens mais longas aumentam os custos gerais de equipamentos de limpeza de fazendas de latic\u00ednios. Portanto, recomenda-se escolher solu\u00e7\u00f5es com base nas necessidades reais, ao inv\u00e9s de buscar apenas pre\u00e7os baixos.<\/p>   <div class=\"wp-block-image\"> <figure class=\"aligncenter size-full\"><img loading=\"lazy\" decoding=\"async\" width=\"720\" height=\"540\" src=\"https:\/\/taizyagromachine.com\/wp-content\/uploads\/2026\/03\/cattle-farm-manure-cleaning-equipment.jpg\" alt=\"equipamento de limpeza de esterco para explora\u00e7\u00f5es de gado\" class=\"wp-image-8943\" srcset=\"https:\/\/taizyagromachine.com\/wp-content\/uploads\/2026\/03\/cattle-farm-manure-cleaning-equipment.jpg 720w, https:\/\/taizyagromachine.com\/wp-content\/uploads\/2026\/03\/cattle-farm-manure-cleaning-equipment-16x12.jpg 16w\" sizes=\"auto, (max-width: 720px) 100vw, 720px\" \/><figcaption class=\"wp-element-caption\">equipamento de limpeza de esterco para explora\u00e7\u00f5es de gado<\/figcaption><\/figure> <\/div>   <h2 class=\"wp-block-heading\"><strong>Por que escolher nossa escavadeira autom\u00e1tica de esterco?<\/strong><\/h2>    <p>Nossas solu\u00e7\u00f5es de remo\u00e7\u00e3o de esterco para celeiros de gado s\u00e3o projetadas especificamente para fazendas modernas, equilibrando efici\u00eancia, custo e opera\u00e7\u00e3o est\u00e1vel a longo prazo. S\u00e3o equipamentos confi\u00e1veis de manejo de res\u00edduos de cria\u00e7\u00e3o.<\/p>    <p>\u2714 Solu\u00e7\u00e3o de manejo de esterco econ\u00f4mica<\/p>    <p>\u2714 Reduz o trabalho em at\u00e9 40-60%<\/p>    <p>\u2714 Melhore a efici\u00eancia da fazenda<\/p>    <p>\u2714 Equipamento moderno de manejo de res\u00edduos de cria\u00e7\u00e3o<\/p>    <h2 class=\"wp-block-heading\"><strong>Perguntas Frequentes (FAQ) da limpeza de esterco de pasto Taizy<\/strong><\/h2>   <div id=\"rank-math-faq\" class=\"rank-math-block\"> <div class=\"rank-math-list\"> <div id=\"faq-question-1772440719924\" class=\"rank-math-list-item\"> <h3 class=\"rank-math-question\">Qual \u00e9 a diferen\u00e7a entre um espalhador de esterco e uma m\u00e1quina de limpeza de esterco?<\/h3> <div class=\"rank-math-answer\">  <p class=\"translation-block\">The two serve entirely different functions:<br \/><strong><a href=\"https:\/\/taizyagromachine.com\/pt\/product\/manure-and-fertilizer-spreader-truck\/\">Manure spreader<\/a><\/strong>: Primarily used to evenly distribute fermented manure across farmland for fertilization purposes.<br \/><strong>Manure cleaning machine<\/strong>: Employed inside cattle or sheep barns to collect and remove fecal waste from the floor.<\/p>  <\/div> <\/div> <div id=\"faq-question-1772440837790\" class=\"rank-math-list-item\"> <h3 class=\"rank-math-question\">A escavadeira autom\u00e1tica de esterco \u00e9 adequada para pequenas fazendas?<\/h3> <div class=\"rank-math-answer\">  <p>Sim, tamb\u00e9m se aplica a fazendas de m\u00e9dio e grande porte.<\/p>  <\/div> <\/div> <div id=\"faq-question-1772440877524\" class=\"rank-math-list-item\"> <h3 class=\"rank-math-question\">Com que frequ\u00eancia a m\u00e1quina de remo\u00e7\u00e3o de esterco do celeiro deve operar?<\/h3> <div class=\"rank-math-answer\">  <p>A frequ\u00eancia de opera\u00e7\u00e3o depende da densidade de estocagem e das condi\u00e7\u00f5es ambientais sazonais.<\/p>  <\/div> <\/div> <div id=\"faq-question-1772440918053\" class=\"rank-math-list-item\"> <h3 class=\"rank-math-question\">Pode funcionar em condi\u00e7\u00f5es de esterco \u00famido?<\/h3> <div class=\"rank-math-answer\">  <p>Sim. A limpeza de esterco de pasto Taizy foi projetada para lidar com ambientes de esterco \u00famido.<\/p>  <\/div> <\/div> <\/div> <\/div>","protected":false},"excerpt":{"rendered":"<p>A m\u00e1quina de limpeza de esterco Taizy \u00e9 projetada com fun\u00e7\u00f5es de remo\u00e7\u00e3o, transporte e descarregamento autom\u00e1tico, com 3-5min ou 5-8min por ve\u00edculo para explora\u00e7\u00e3o de gado.<\/p>","protected":false},"author":1,"featured_media":8929,"parent":0,"template":"","tags":[116],"product-type":[19],"class_list":["post-8928","product","type-product","status-publish","has-post-thumbnail","hentry","tag-silage","product-type-silage-machine"],"_links":{"self":[{"href":"https:\/\/taizyagromachine.com\/pt\/wp-json\/wp\/v2\/product\/8928","targetHints":{"allow":["GET"]}}],"collection":[{"href":"https:\/\/taizyagromachine.com\/pt\/wp-json\/wp\/v2\/product"}],"about":[{"href":"https:\/\/taizyagromachine.com\/pt\/wp-json\/wp\/v2\/types\/product"}],"author":[{"embeddable":true,"href":"https:\/\/taizyagromachine.com\/pt\/wp-json\/wp\/v2\/users\/1"}],"wp:featuredmedia":[{"embeddable":true,"href":"https:\/\/taizyagromachine.com\/pt\/wp-json\/wp\/v2\/media\/8929"}],"wp:attachment":[{"href":"https:\/\/taizyagromachine.com\/pt\/wp-json\/wp\/v2\/media?parent=8928"}],"wp:term":[{"taxonomy":"post_tag","embeddable":true,"href":"https:\/\/taizyagromachine.com\/pt\/wp-json\/wp\/v2\/tags?post=8928"},{"taxonomy":"product-type","embeddable":true,"href":"https:\/\/taizyagromachine.com\/pt\/wp-json\/wp\/v2\/product-type?post=8928"}],"curies":[{"name":"wp","href":"https:\/\/api.w.org\/{rel}","templated":true}]}}