{"id":9051,"date":"2026-04-07T16:17:13","date_gmt":"2026-04-07T08:17:13","guid":{"rendered":"https:\/\/taizyagromachine.com\/product\/peanut-roaster-machine\/"},"modified":"2026-04-08T10:14:18","modified_gmt":"2026-04-08T02:14:18","slug":"peanut-roaster-machine","status":"publish","type":"product","link":"https:\/\/taizyagromachine.com\/pt\/product\/peanut-roaster-machine\/","title":{"rendered":"M\u00e1quina de Torragem de Amendoim"},"content":{"rendered":"<p class=\"translation-block\">TAIZY <strong>M\u00e1quina de Torrar Amendoim<\/strong> (<strong>m\u00e1quina de torrefa\u00e7\u00e3o de nozes<\/strong> ou <strong>m\u00e1quina de assar amendoim<\/strong>) \u00e9 um equipamento comercial vers\u00e1til, projetado para assar ou secar v\u00e1rias nozes e sementes atrav\u00e9s de calor controlado. Esta m\u00e1quina \u00e9 perfeita para processar <strong>amendoins, castanhas, nozes, am\u00eandoas, sementes de girassol, feij\u00e3o-de-corda<\/strong>, e muitos outros tipos de nozes e gr\u00e3os.<\/p>    <p class=\"translation-block\">Tem uma capacidade de 80-650kg\/h, at\u00e9 1000kg\/h. Al\u00e9m disso, a m\u00e1quina pode usar<strong>g\u00e1s, eletricidade, \u00f3leo combust\u00edvel<\/strong>, e <strong>carv\u00e3o<\/strong>, como m\u00e9todo de aquecimento, adaptando-se \u00e0s diferentes disponibilidades de energia e requisitos de produ\u00e7\u00e3o. <\/p>    <p class=\"translation-block\">As nossas m\u00e1quinas de torrar amendoim de amendoim apresentam <strong>constru\u00e7\u00e3o interior em a\u00e7o inox<\/strong> com carcassa exterior em a\u00e7o carbono, garantindo padr\u00f5es de seguran\u00e7a alimentar enquanto mant\u00eam durabilidade. <\/p>    <p>Quer esteja a gerir um pequeno neg\u00f3cio de torrefa\u00e7\u00e3o de nozes ou uma grande f\u00e1brica de processamento de alimentos, as nossas torradeiras oferecem produtos consistentemente assados de forma uniforme, com excelente sabor e textura.<\/p>    <figure class=\"wp-block-embed is-type-video is-provider-youtube wp-block-embed-youtube wp-embed-aspect-16-9 wp-has-aspect-ratio\"><div class=\"wp-block-embed__wrapper\"> <iframe loading=\"lazy\" title=\"Drum Peanut Roasting Machine \ud83e\udd5c\ud83d\udd25 | Even Nut Roasting &amp; High Efficiency #roaster #roasting\" width=\"500\" height=\"281\" src=\"https:\/\/www.youtube.com\/embed\/9OlggfYLsas?feature=oembed\" frameborder=\"0\" allow=\"accelerometer; autoplay; clipboard-write; encrypted-media; gyroscope; picture-in-picture; web-share\" referrerpolicy=\"strict-origin-when-cross-origin\" allowfullscreen><\/iframe> <\/div><figcaption class=\"wp-element-caption\">v\u00eddeo da m\u00e1quina de torrar nozes<\/figcaption><\/figure>    <h2 class=\"wp-block-heading\"><strong>Principais vantagens da Taizy M\u00e1quina de Torrar Amendoim<\/strong><\/h2>    <ul class=\"wp-block-list\"> <li>Uma m\u00e1quina de torrar amendoim <strong>trata amendoins, castanhas, nozes, am\u00eandoas, sementes de girassol, feij\u00e3o-de-corda<\/strong>, e mais.<\/li>    <li>Escolha entre <strong>aquecimento a g\u00e1s, el\u00e9trico, \u00f3leo combust\u00edvel ou carv\u00e3o<\/strong> com base na sua disponibilidade e custo de energia. <ul class=\"wp-block-list\"> <li>Aquecimento a g\u00e1s \u00e9 popular em \u00e1reas com fornecimento de g\u00e1s acess\u00edvel e oferece: <ul class=\"wp-block-list\"> <li>Aquecimento r\u00e1pido e resposta de temperatura<\/li>    <li>Custos operacionais mais baixos em regi\u00f5es ricas em g\u00e1s<\/li>    <li>Distribui\u00e7\u00e3o uniforme de calor<\/li>    <li>Queima limpa e amiga do ambiente<\/li> <\/ul> <\/li>    <li>Aquecimento el\u00e9trico \u00e9 ideal para: <ul class=\"wp-block-list\"> <li>\u00c1reas com fornecimento de eletricidade est\u00e1vel<\/li>    <li>Opera\u00e7\u00f5es internas onde o g\u00e1s pode ser restrito<\/li>    <li>Controlo de temperatura preciso<\/li>    <li>Opera\u00e7\u00e3o limpa sem emiss\u00f5es<\/li> <\/ul> <\/li>    <li>Aquecimento a \u00f3leo combust\u00edvel e carv\u00e3o \u00e9 adequado para: <ul class=\"wp-block-list\"> <li>G\u00e1s e eletricidade s\u00e3o caros ou indispon\u00edveis<\/li>    <li>Solu\u00e7\u00f5es econ\u00f3micas mantendo a qualidade de torra<\/li> <\/ul> <\/li> <\/ul> <\/li>    <li><strong>A\u00e7o inoxid\u00e1vel interno<\/strong> garante seguran\u00e7a alimentar e f\u00e1cil limpeza, e <strong>Carca\u00e7a exterior em a\u00e7o carbono<\/strong> proporciona longa vida \u00fatil.<\/li>    <li>Modelos variam de <strong>80 kg\/h a 650 kg\/h<\/strong>, com op\u00e7\u00f5es personalizadas a partir de <strong>30 kg\/h<\/strong>.<\/li>    <li>Ambiente a <strong>300\u00b0C<\/strong>; apresenta controlo autom\u00e1tico completo, temperatura constante com configura\u00e7\u00f5es ajust\u00e1veis pelo utilizador.<\/li>    <li><strong>Controles simples<\/strong> exigem forma\u00e7\u00e3o m\u00ednima e uma pessoa pode operar a m\u00e1quina.<\/li>    <li>Configura\u00e7\u00f5es especiais dispon\u00edveis para requisitos espec\u00edficos: <ul class=\"wp-block-list\"> <li>Quantidade de m\u00e1quinas (1-5 conjuntos ou mais)<\/li>    <li>M\u00e9todo de aquecimento da m\u00e1quina<\/li>    <li>Tens\u00e3o da m\u00e1quina<\/li> <\/ul> <\/li> <\/ul>   <div class=\"wp-block-image\"> <figure class=\"aligncenter size-full\"><img loading=\"lazy\" decoding=\"async\" width=\"720\" height=\"540\" src=\"https:\/\/taizyagromachine.com\/wp-content\/uploads\/2026\/04\/commercial-peanut-roasting-machine.webp\" alt=\"m\u00e1quina comercial de torrar amendoim\" class=\"wp-image-9052\" srcset=\"https:\/\/taizyagromachine.com\/wp-content\/uploads\/2026\/04\/commercial-peanut-roasting-machine.webp 720w, https:\/\/taizyagromachine.com\/wp-content\/uploads\/2026\/04\/commercial-peanut-roasting-machine-16x12.webp 16w\" sizes=\"auto, (max-width: 720px) 100vw, 720px\" \/><figcaption class=\"wp-element-caption\">m\u00e1quina comercial de torrar amendoim<\/figcaption><\/figure> <\/div>   <h2 class=\"wp-block-heading\"><strong>Especifica\u00e7\u00f5es T\u00e9cnicas da M\u00e1quina de Torrar Amendoim<\/strong><\/h2>    <figure class=\"wp-block-table\"><table class=\"has-fixed-layout\"><thead><tr><th>Modelo<\/th><th>Dimens\u00f5es (mm)<\/th><th>Capacidade (kg\/h)<\/th><th>Pot\u00eancia do Motor (kW)<\/th><th>Aquecimento El\u00e9trico (kW)<\/th><th>Consumo de G\u00e1s (kg\/h)<\/th><\/tr><\/thead><tbody><tr><td>MHK-1<\/td><td>3000\u00d71200\u00d71700<\/td><td>80-120<\/td><td>1.1<\/td><td>18<\/td><td>2-3<\/td><\/tr><tr><td>MHK-2<\/td><td>3000\u00d72200\u00d71700<\/td><td>180-250<\/td><td>2.2<\/td><td>35<\/td><td>3-6<\/td><\/tr><tr><td>MHK-3<\/td><td>3000\u00d73300\u00d71700<\/td><td>280-350<\/td><td>3.3<\/td><td>45<\/td><td>6-9<\/td><\/tr><tr><td>MHK-4<\/td><td>3000\u00d74400\u00d71700<\/td><td>380-450<\/td><td>4.4<\/td><td>60<\/td><td>9-12<\/td><\/tr><tr><td>MHK-5<\/td><td>3000\u00d75500\u00d71700<\/td><td>500-650<\/td><td>5.5<\/td><td>75<\/td><td>12-15<\/td><\/tr><\/tbody><\/table><figcaption class=\"wp-element-caption\">Especifica\u00e7\u00f5es T\u00e9cnicas das M\u00e1quinas de Torrar Amendoim<\/figcaption><\/figure>    <figure class=\"wp-block-gallery has-nested-images columns-default is-cropped wp-block-gallery-2 is-layout-flex wp-block-gallery-is-layout-flex\"> <figure class=\"wp-block-image size-large\"><img loading=\"lazy\" decoding=\"async\" width=\"720\" height=\"540\" data-id=\"9054\" src=\"https:\/\/taizyagromachine.com\/wp-content\/uploads\/2026\/04\/peanut-roaster-machine-for-commericial-useModel-MHK-2.webp\" alt=\"m\u00e1quina de torrar amendoim para uso comercial (Modelo MHK-2)\" class=\"wp-image-9054\" srcset=\"https:\/\/taizyagromachine.com\/wp-content\/uploads\/2026\/04\/peanut-roaster-machine-for-commericial-useModel-MHK-2.webp 720w, https:\/\/taizyagromachine.com\/wp-content\/uploads\/2026\/04\/peanut-roaster-machine-for-commericial-useModel-MHK-2-16x12.webp 16w\" sizes=\"auto, (max-width: 720px) 100vw, 720px\" \/><figcaption class=\"wp-element-caption\">m\u00e1quina de torrar amendoim para uso comercial (Modelo MHK-2)<\/figcaption><\/figure>    <figure class=\"wp-block-image size-large\"><img loading=\"lazy\" decoding=\"async\" width=\"720\" height=\"540\" data-id=\"9053\" src=\"https:\/\/taizyagromachine.com\/wp-content\/uploads\/2026\/04\/groundnut-roasting-machine2-sets-of-MHK-5.webp\" alt=\"m\u00e1quina de torrar amendoim (2 conjuntos de MHK-5)\" class=\"wp-image-9053\" srcset=\"https:\/\/taizyagromachine.com\/wp-content\/uploads\/2026\/04\/groundnut-roasting-machine2-sets-of-MHK-5.webp 720w, https:\/\/taizyagromachine.com\/wp-content\/uploads\/2026\/04\/groundnut-roasting-machine2-sets-of-MHK-5-16x12.webp 16w\" sizes=\"auto, (max-width: 720px) 100vw, 720px\" \/><figcaption class=\"wp-element-caption\">m\u00e1quina de torrar amendoim (2 conjuntos de MHK-5)<\/figcaption><\/figure> <\/figure>    <p class=\"translation-block\"><strong>Notas:<\/strong><\/p>    <ul class=\"wp-block-list\"> <li><strong>Capacidade M\u00ednima<\/strong>: Produ\u00e7\u00e3o personalizada dispon\u00edvel a partir de 30-60 kg\/h para pequenas empresas<\/li>    <li><strong>Controlo de Temperatura<\/strong>: Regulagem de temperatura precisa para diferentes tipos de nozes e n\u00edveis de torra<\/li>    <li><strong>Torrar de forma uniforme<\/strong>: Rota\u00e7\u00e3o cont\u00ednua garante distribui\u00e7\u00e3o uniforme de calor e evita queimar<\/li> <\/ul>    <h2 class=\"wp-block-heading\"><strong>Nozes e sementes aplic\u00e1veis e ind\u00fastrias<\/strong><\/h2>    <p>As nossas m\u00e1quinas de torrar amendoim podem processar uma grande variedade de nozes e sementes, incluindo:<\/p>    <ul class=\"wp-block-list\"> <li><strong>Amendoim<\/strong> \u2013 A noz mais comum de torra, perfeita para snacks e produ\u00e7\u00e3o de manteiga de amendoim<\/li>    <li><strong>Castanhas<\/strong> \u2013 Snack sazonal popular, especialmente em mercados asi\u00e1ticos<\/li>    <li><strong>Nozes<\/strong> \u2013 Ideal para ingredientes de confeitaria e produtos de sa\u00fade<\/li>    <li><strong>Am\u00eandoas<\/strong> \u2013 Perfeito para snacks e produ\u00e7\u00e3o de manteiga de am\u00eandoa<\/li>    <li><strong>Sementes de Girassol<\/strong> \u2013 Item de snack popular, especialmente em mercados do Leste Europeu e Asi\u00e1ticos<\/li>    <li><strong>Feij\u00e3o-de-corda<\/strong> \u2013 Usada para snacks de feij\u00e3o-de-corda torrado<\/li>    <li><strong>Caju<\/strong> \u2013 Noz premium para produtos gourmet<\/li>    <li><strong>Avel\u00e3s<\/strong> \u2013 Popular em confeitaria e panifica\u00e7\u00e3o<\/li>    <li><strong>Pist\u00e1chios<\/strong> \u2013 Noz de snack premium<\/li>    <li><strong>Sementes de Mel\u00e3o<\/strong> \u2013 Popular nos mercados de snacks chineses<\/li> <\/ul>   <div class=\"wp-block-image\"> <figure class=\"aligncenter size-full\"><img loading=\"lazy\" decoding=\"async\" width=\"720\" height=\"540\" src=\"https:\/\/taizyagromachine.com\/wp-content\/uploads\/2026\/04\/applicable-nuts-of-peanut-ground-nut-roaster-machine.webp\" alt=\"nozes aplic\u00e1veis na m\u00e1quina de torrar amendoim de amendoim\" class=\"wp-image-9056\" srcset=\"https:\/\/taizyagromachine.com\/wp-content\/uploads\/2026\/04\/applicable-nuts-of-peanut-ground-nut-roaster-machine.webp 720w, https:\/\/taizyagromachine.com\/wp-content\/uploads\/2026\/04\/applicable-nuts-of-peanut-ground-nut-roaster-machine-16x12.webp 16w\" sizes=\"auto, (max-width: 720px) 100vw, 720px\" \/><figcaption class=\"wp-element-caption\">nozes aplic\u00e1veis na m\u00e1quina de torrar amendoim de amendoim<\/figcaption><\/figure> <\/div>   <p>\u00c9 frequentemente utilizado nos seguintes campos:<\/p>    <ul class=\"wp-block-list\"> <li>Produ\u00e7\u00e3o de Manteiga de Amendoim<\/li>    <li>Ind\u00fastria de Snacks<\/li>    <li>Padaria e Confeitaria<\/li>    <li>Neg\u00f3cio de Torrefa\u00e7\u00e3o de Nozes ao Detalhe<\/li> <\/ul>    <h2 class=\"wp-block-heading\"><strong>Como funciona a M\u00e1quina de Torrar Amendoim?<\/strong><\/h2>    <p>A m\u00e1quina de torrar nozes usa um design de tambor rotativo, no qual as nozes s\u00e3o continuamente giradas para garantir um aquecimento uniforme e evitar queimar. A temperatura e a velocidade de rota\u00e7\u00e3o podem ser controladas com precis\u00e3o para atingir o n\u00edvel de torra desejado para diferentes produtos. <\/p>    <p>O processo de torra envolve v\u00e1rias etapas-chave:<\/p>    <ol class=\"wp-block-list\"> <li><strong>Alimentando<\/strong>: As nozes cruas s\u00e3o carregadas na cuba de alimenta\u00e7\u00e3o ou sistema de transporte.<\/li>    <li><strong>C\u00e2mara de Aquecimento<\/strong>: As nozes entram no tambor rotativo onde s\u00e3o expostas a calor controlado.<\/li>    <li><strong>Rota\u00e7\u00e3o Cont\u00ednua<\/strong>: O mecanismo de rota\u00e7\u00e3o garante exposi\u00e7\u00e3o uniforme ao calor e evita queimar.<\/li>    <li><strong>Controlo de Temperatura<\/strong>: Term\u00f3statos avan\u00e7ados mant\u00eam temperatura precisa para torra \u00f3tima.<\/li>    <li><strong>Resfriamento e descarga<\/strong>: As nozes torradas s\u00e3o descarregadas e podem ser resfriadas antes de embalar.<\/li> <\/ol>   <div class=\"wp-block-image\"> <figure class=\"aligncenter size-full\"><img loading=\"lazy\" decoding=\"async\" width=\"720\" height=\"540\" src=\"https:\/\/taizyagromachine.com\/wp-content\/uploads\/2026\/04\/roaster-machine-for-nuts-from-taizy.webp\" alt=\"m\u00e1quina de torrar de nozes da Taizy\" class=\"wp-image-9055\" srcset=\"https:\/\/taizyagromachine.com\/wp-content\/uploads\/2026\/04\/roaster-machine-for-nuts-from-taizy.webp 720w, https:\/\/taizyagromachine.com\/wp-content\/uploads\/2026\/04\/roaster-machine-for-nuts-from-taizy-16x12.webp 16w\" sizes=\"auto, (max-width: 720px) 100vw, 720px\" \/><figcaption class=\"wp-element-caption\">m\u00e1quina de torrar de nozes da Taizy<\/figcaption><\/figure> <\/div>   <h2 class=\"wp-block-heading\"><strong>Perguntas Frequentes da M\u00e1quina Comercial de Torrar Amendoim<\/strong><\/h2>   <div id=\"rank-math-faq\" class=\"rank-math-block\"> <div class=\"rank-math-list\"> <div id=\"faq-001\" class=\"rank-math-list-item\"> <h3 class=\"rank-math-question\"><strong>Que tipos de nozes a m\u00e1quina de torrar amendoim pode processar?<\/strong><\/h3> <div class=\"rank-math-answer\">  <p>As nossas m\u00e1quinas de assar amendoim podem processar uma grande variedade de nozes e sementes, incluindo amendoins, castanhas, nozes, am\u00eandoas, sementes de girassol, feij\u00e3o-de-corda, caju, avel\u00e3s, pist\u00e1chios e sementes de mel\u00e3o. <\/p>  <\/div> <\/div> <div id=\"faq-002\" class=\"rank-math-list-item\"> <h3 class=\"rank-math-question\"><strong>Quais op\u00e7\u00f5es de aquecimento est\u00e3o dispon\u00edveis?<\/strong><\/h3> <div class=\"rank-math-answer\">  <p>Oferecemos quatro op\u00e7\u00f5es de aquecimento: aquecimento a g\u00e1s (GLP ou g\u00e1s natural), aquecimento el\u00e9trico, aquecimento a \u00f3leo combust\u00edvel e aquecimento a carv\u00e3o. <br \/>G\u00e1s e eletricidade s\u00e3o as op\u00e7\u00f5es mais populares. <br \/>A melhor op\u00e7\u00e3o depende dos custos de energia locais, disponibilidade e requisitos espec\u00edficos de produ\u00e7\u00e3o.<\/p>  <\/div> <\/div> <div id=\"faq-003\" class=\"rank-math-list-item\"> <h3 class=\"rank-math-question\"><strong>Qual \u00e9 a faixa de capacidade das suas m\u00e1quinas de torrefa\u00e7\u00e3o?<\/strong><\/h3> <div class=\"rank-math-answer\">  <p>Os nossos modelos padr\u00e3o variam de 80-120 kg\/h (MHK-1) a 500-650 kg\/h (MHK-5). Tamb\u00e9m oferecemos produ\u00e7\u00e3o personalizada a partir de 30-60 kg\/h para pequenas empresas. V\u00e1rios equipamentos podem ser combinados para capacidades ainda maiores.<\/p>  <\/div> <\/div> <div id=\"faq-004\" class=\"rank-math-list-item\"> <h3 class=\"rank-math-question\"><strong>Quais s\u00e3o as dimens\u00f5es e requisitos de energia?<\/strong><\/h3> <div class=\"rank-math-answer\">  <p>Dimens\u00f5es variam de 3000\u00d71200\u00d71700mm (MHK-1) a 3000\u00d75500\u00d71700mm (MHK-5). <br \/>Pot\u00eancia do motor varia de 1.1 kW a 5.5 kW. <br \/>A pot\u00eancia de aquecimento el\u00e9trica varia de 18 kW a 75 kW, dependendo do modelo. <br \/>O consumo de g\u00e1s varia de 2-3 kg\/h a 12-15 kg\/h.<\/p>  <\/div> <\/div> <div id=\"faq-005\" class=\"rank-math-list-item\"> <h3 class=\"rank-math-question\"><strong>A m\u00e1quina \u00e9 segura para alimentos?<\/strong><\/h3> <div class=\"rank-math-answer\">  <p>Sim, todas as nossas m\u00e1quinas de torrefa\u00e7\u00e3o apresentam constru\u00e7\u00e3o interior em a\u00e7o inoxid\u00e1vel que cumpre os padr\u00f5es de seguran\u00e7a alimentar. <br \/>As superf\u00edcies de contacto com alimentos s\u00e3o feitas de a\u00e7o inox de alta qualidade, garantindo higiene e f\u00e1cil limpeza. <br \/>A carca\u00e7a exterior em a\u00e7o carbono oferece durabilidade e rela\u00e7\u00e3o custo-benef\u00edcio.<\/p>  <\/div> <\/div> <div id=\"faq-006\" class=\"rank-math-list-item\"> <h3 class=\"rank-math-question\"><strong>Posso usar uma m\u00e1quina para diferentes tipos de nozes?<\/strong><\/h3> <div class=\"rank-math-answer\">  <p>Com certeza. As nossas m\u00e1quinas s\u00e3o projetadas para versatilidade. <br \/>Pode torrar diferentes tipos de nozes na mesma m\u00e1quina ajustando a temperatura e o tempo de torra. As configura\u00e7\u00f5es de temperatura e velocidade de rota\u00e7\u00e3o podem ser personalizadas para cada tipo de noz para obter resultados \u00f3timos.<\/p>  <\/div> <\/div> <div id=\"faq-007\" class=\"rank-math-list-item\"> <h3 class=\"rank-math-question\"><strong>Qual \u00e9 a temperatura t\u00edpica de torra para amendoim?<\/strong><\/h3> <div class=\"rank-math-answer\">  <p>As temperaturas de torrefa\u00e7\u00e3o do amendoim normalmente variam entre 140\u00b0C e 160\u00b0C, dependendo do n\u00edvel de torra desejado e do tempo de processamento. <br \/>Torra leve usa temperaturas mais baixas por per\u00edodos mais longos, enquanto torra escura usa temperaturas mais altas. <br \/>As nossas m\u00e1quinas permitem controlo de temperatura preciso para resultados consistentes.<\/p>  <\/div> <\/div> <\/div> <\/div>   <h2 class=\"wp-block-heading\"><strong>Linha Completa de Processamento de Nozes<\/strong><\/h2>    <p>A nossa m\u00e1quina de torrar amendoim pode ser integrada numa linha completa de processamento de nozes:<\/p>    <ol class=\"wp-block-list\"> <li><strong>Limpeza e Classifica\u00e7\u00e3o<\/strong> \u2013 Remover impurezas e classificar nozes por tamanho<\/li>    <li><strong><a href=\"https:\/\/taizyagromachine.com\/pt\/product\/groundnut-sheller\/\">Descascador de amendoim<\/a><\/strong> \u2013 Para amendoim: remover cascas duras (se estiver a processar amendoim cru)<\/li>    <li><strong>M\u00e1quina de Torragem de Amendoim<\/strong> \u2013 Torrar nozes at\u00e9 \u00e0 perfei\u00e7\u00e3o<\/li>    <li><strong><a href=\"https:\/\/taizyagromachine.com\/pt\/product\/roasted-peanut-peeling-machine\/\">M\u00e1quina de descascar amendoim<\/a><\/strong> \u2013 Para amendoim: remover casca vermelha ap\u00f3s a torra<\/li>    <li><strong>Tempero\/Revestimento<\/strong> \u2013 Adicionar sabores ou revestimentos, se necess\u00e1rio<\/li>    <li><strong>Resfriamento<\/strong> \u2013 Levar as nozes torradas \u00e0 temperatura de embalagem<\/li>    <li><strong>Embalagem<\/strong> \u2013 Embalar produtos acabados para venda<\/li> <\/ol>    <h2 class=\"wp-block-heading\"><strong>Contacte-nos hoje para uma M\u00e1quina de Torrar Amendoim<\/strong><\/h2>    <p>Est\u00e1 \u00e0 procura de equipamento para torrar nozes? Se sim, entre em contacto connosco para uma consulta gratuita e or\u00e7amento personalizado. Recomendaremos o modelo e a op\u00e7\u00e3o de aquecimento adequados \u00e0s suas necessidades espec\u00edficas, requisitos de produ\u00e7\u00e3o e or\u00e7amento.<\/p>    <p class=\"translation-block\"><strong>Informa\u00e7\u00f5es de Contato:<\/strong><\/p>    <ul class=\"wp-block-list\"> <li>WhatsApp: <a href=\"https:\/\/wa.me\/+8613673689272\" target=\"_blank\" rel=\"noopener\">+86 136 7368 9272<\/a><\/li>    <li>Email: <a href=\"mailto:info@taizyagromachine.com\">info@taizyagromachine.com<\/a><\/li>    <li>Website: <a href=\"https:\/\/taizyagromachine.com\/pt\/\">taizyagromachine. com<\/a><\/li> <\/ul>    <p>Fornecemos envio mundial, orienta\u00e7\u00e3o na instala\u00e7\u00e3o, forma\u00e7\u00e3o de operadores e suporte p\u00f3s-venda completo para garantir o sucesso do seu neg\u00f3cio.<\/p>","protected":false},"excerpt":{"rendered":"<p>Peanut roaster machine is versatile equipment for baking or drying various nuts including peanuts, chestnuts, walnuts, almonds, sunflower seeds, and broad beans. Available in gas and electric heating options with capacity from 80 to 650 kg\/h.<\/p>","protected":false},"author":1,"featured_media":9057,"parent":0,"template":"","tags":[254,256,255,252,247,251,253],"product-type":[21],"class_list":["post-9051","product","type-product","status-publish","has-post-thumbnail","hentry","tag-commercial-nut-roaster","tag-electric-nut-roaster","tag-gas-peanut-roaster","tag-nut-roasting-machine","tag-peanut","tag-peanut-roaster-machine","tag-peanut-roasting-equipment","product-type-peanut-machine"],"_links":{"self":[{"href":"https:\/\/taizyagromachine.com\/pt\/wp-json\/wp\/v2\/product\/9051","targetHints":{"allow":["GET"]}}],"collection":[{"href":"https:\/\/taizyagromachine.com\/pt\/wp-json\/wp\/v2\/product"}],"about":[{"href":"https:\/\/taizyagromachine.com\/pt\/wp-json\/wp\/v2\/types\/product"}],"author":[{"embeddable":true,"href":"https:\/\/taizyagromachine.com\/pt\/wp-json\/wp\/v2\/users\/1"}],"wp:featuredmedia":[{"embeddable":true,"href":"https:\/\/taizyagromachine.com\/pt\/wp-json\/wp\/v2\/media\/9057"}],"wp:attachment":[{"href":"https:\/\/taizyagromachine.com\/pt\/wp-json\/wp\/v2\/media?parent=9051"}],"wp:term":[{"taxonomy":"post_tag","embeddable":true,"href":"https:\/\/taizyagromachine.com\/pt\/wp-json\/wp\/v2\/tags?post=9051"},{"taxonomy":"product-type","embeddable":true,"href":"https:\/\/taizyagromachine.com\/pt\/wp-json\/wp\/v2\/product-type?post=9051"}],"curies":[{"name":"wp","href":"https:\/\/api.w.org\/{rel}","templated":true}]}}