{"id":2002,"date":"2022-02-10T08:13:22","date_gmt":"2022-02-10T08:13:22","guid":{"rendered":"https:\/\/taizyagromachine.com\/"},"modified":"2025-04-27T14:16:30","modified_gmt":"2025-04-27T06:16:30","slug":"two-wheel-drive-walking-type-tractor","status":"publish","type":"product","link":"https:\/\/taizyagromachine.com\/sw\/product\/two-wheel-drive-walking-type-tractor\/","title":{"rendered":"Trekta ya Kutembea ya Magurudumu Mbili"},"content":{"rendered":"<p class=\"translation-block\"><strong>G\u00e5ngtyp traktor<\/strong> \u00e4r en viktig 2-hjulig g\u00e5rdsg\u00e5ngtraktor, kapabel att driva m\u00e5nga olika redskap. G\u00e5ngtraktorn tillhandah\u00e5ller kraftk\u00e4llorna, och anv\u00e4nds i stor utstr\u00e4ckning v\u00e4rlden \u00f6ver. Handtraktorn har f\u00f6rdelar som multifunktionalitet, enkel drift och kompakt struktur. Dessutom kan denna g\u00e5ngtraktor matchas med olika utrustningar, som plog, ridger, <a href=\"https:\/\/cornmachines.com\/corn-planter-machine\/\" target=\"_blank\" rel=\"noreferrer noopener\">planterare<\/a>, vattenpump, etc. G\u00e5ngtraktortillbeh\u00f6ren kan vara olika. P\u00e5 grund av sitt ekonomiska pris \u00e4r tv\u00e5hjulstraktorn v\u00e4l mottagen i Sydafrika, Mauritius, Amerika, Zimbabwe, Uganda, etc. Om du \u00e4r intresserad, v\u00e4nligen kontakta oss n\u00e4r som helst.<\/p>    <h2 class=\"wp-block-heading\" id=\"features-of-walking-type-tractor\"><strong>Vipengele vya Trekta ya Aina ya Kutembea<\/strong><strong><\/strong><\/h2>    <ul class=\"wp-block-list\"> <li>Muundo rahisi, ubora mzuri, utendaji thabiti.<\/li>    <li>Bei ya ushindani kwenye soko. Bei ya trekta ya kutembea ni nafuu kwa watu katika nchi nyingi, kama vile Kenya.<\/li>    <li>Vitendaji vingi. Trekta hii ya magurudumu mawili inaweza kufanya kazi na aina tofauti za mashine ili kutambua mifereji, kupanda, tuta, kuvuna, nk.<\/li>    <li>Inasafirishwa kwa nchi na maeneo mengi. Kutokana na nguvu zake za bei, trekta hii ya mkono inayotembea imekuwa ikisafirishwa mara kwa mara barani Afrika. Kama vile Lesotho, Ghana, Afrika Kusini, Kenya, Zimbabwe, Nigeria, Yemen, Somalia, Botswana, nk.<\/li>    <li>Ufanisi mkubwa. Trekta hii ya kutembea kwa mikono shambani inaunda hali rahisi zaidi kwa watu walio katika hali mbaya.<\/li> <\/ul>    <h2 class=\"wp-block-heading\" id=\"working-video-of-walking-type-tractor-implements\"><strong>Video ya Kazi ya Vitendo vya Trekta za Aina ya Kutembea<\/strong><\/h2>    <p>Trekta hii ndogo na rahisi ya kutembea ina uwezekano mwingi kulingana na mahitaji ya wateja. Video hapa chini inaonyesha vya kutosha uwezekano na kazi kadhaa.<\/p>    <figure class=\"wp-block-embed is-type-video is-provider-youtube wp-block-embed-youtube\"><div class=\"wp-block-embed__wrapper\"> <iframe loading=\"lazy\" title=\"Trekta ya kutembea | trekta ya mkono | magurudumu mawili ya kutembea trekta | trekta ya kutembea-nyuma na kifaa cha dizeli\" width=\"500\" height=\"281\" src=\"https:\/\/www.youtube.com\/embed\/TQMlzGjxFTs?feature=oembed\" frameborder=\"0\" allow=\"accelerometer; autoplay; clipboard-write; encrypted-media; gyroscope; picture-in-picture; web-share\" referrerpolicy=\"strict-origin-when-cross-origin\" allowfullscreen><\/iframe> <\/div><\/figure>    <h2 class=\"wp-block-heading\" id=\"functional-diversification-of-walking-tractor\"><strong>Mseto wa Kitendaji wa Trekta ya Kutembea<\/strong><strong><\/strong><\/h2>    <p class=\"translation-block\">Eftersom denna tv\u00e5hjuliga traktor endast tillhandah\u00e5ller kraftk\u00e4llan kan den kopplas ihop med m\u00e5nga jordbruksmaskiner f\u00f6r att uppn\u00e5 olika funktioner. Till exempel kan g\u00e5ngtraktorn med plog bearbeta jorden f\u00f6r den f\u00f6ljande odlingen. Handtraktorn med planterare, som majsplanterare, <a href=\"https:\/\/taizyagromachine.com\/sw\/product\/wheat-planter\/\" target=\"_blank\" rel=\"noreferrer noopener\">vetesplanterare<\/a> kan plantera och g\u00f6dsla samtidigt. Dessutom kan g\u00e5ngtyp traktorn med en sl\u00e4p lasta f\u00f6rem\u00e5l. Dessutom kan den byta ut vanliga hjul mot rishjul f\u00f6r risf\u00e4lt. Sammanfattningsvis kan denna 2-hjulsdrivna traktor uppn\u00e5 flera funktioner tillsammans med m\u00e5nga maskiner. Vi ser fram emot din f\u00f6rfr\u00e5gan!<\/p>    <figure class=\"wp-block-gallery has-nested-images columns-default is-cropped wp-block-gallery-2 is-layout-flex wp-block-gallery-is-layout-flex\"> <figure class=\"wp-block-image size-large\"><img loading=\"lazy\" decoding=\"async\" width=\"720\" height=\"540\" data-id=\"2008\" src=\"https:\/\/taizyagromachine.com\/wp-content\/uploads\/2022\/02\/2-wheel-tractor-with-corn-planter.jpg\" alt=\"Trekta 2 za magurudumu yenye kipanda mahindi\" class=\"wp-image-2008\" srcset=\"https:\/\/taizyagromachine.com\/wp-content\/uploads\/2022\/02\/2-wheel-tractor-with-corn-planter.jpg 720w, https:\/\/taizyagromachine.com\/wp-content\/uploads\/2022\/02\/2-wheel-tractor-with-corn-planter-300x225.jpg 300w\" sizes=\"auto, (max-width: 720px) 100vw, 720px\" \/><figcaption class=\"wp-element-caption\">Trekta 2 za magurudumu yenye kipanda mahindi<\/figcaption><\/figure>    <figure class=\"wp-block-image size-large\"><img loading=\"lazy\" decoding=\"async\" width=\"720\" height=\"540\" data-id=\"2011\" src=\"https:\/\/taizyagromachine.com\/wp-content\/uploads\/2022\/02\/walk-behind-tractor-with-wheat-planter.jpg\" alt=\"tembea-nyuma ya trekta yenye kipanda ngano\" class=\"wp-image-2011\" srcset=\"https:\/\/taizyagromachine.com\/wp-content\/uploads\/2022\/02\/walk-behind-tractor-with-wheat-planter.jpg 720w, https:\/\/taizyagromachine.com\/wp-content\/uploads\/2022\/02\/walk-behind-tractor-with-wheat-planter-300x225.jpg 300w\" sizes=\"auto, (max-width: 720px) 100vw, 720px\" \/><figcaption class=\"wp-element-caption\">tembea-nyuma ya trekta yenye kipanda ngano<\/figcaption><\/figure>    <figure class=\"wp-block-image size-large\"><img loading=\"lazy\" decoding=\"async\" width=\"720\" height=\"540\" data-id=\"2013\" src=\"https:\/\/taizyagromachine.com\/wp-content\/uploads\/2022\/02\/walking-trator-trailer.jpg\" alt=\"kutembea- aina-trekta-trela\" class=\"wp-image-2013\" srcset=\"https:\/\/taizyagromachine.com\/wp-content\/uploads\/2022\/02\/walking-trator-trailer.jpg 720w, https:\/\/taizyagromachine.com\/wp-content\/uploads\/2022\/02\/walking-trator-trailer-300x225.jpg 300w\" sizes=\"auto, (max-width: 720px) 100vw, 720px\" \/><figcaption class=\"wp-element-caption\">trela<\/figcaption><\/figure> <\/figure>    <figure class=\"wp-block-gallery has-nested-images columns-default is-cropped wp-block-gallery-3 is-layout-flex wp-block-gallery-is-layout-flex\"> <figure class=\"wp-block-image size-large\"><img loading=\"lazy\" decoding=\"async\" width=\"720\" height=\"540\" data-id=\"2014\" src=\"https:\/\/taizyagromachine.com\/wp-content\/uploads\/2022\/02\/electric-start-device-walking-tractor.jpg\" alt=\"trekta ya umeme ya kuanza kwa kifaa-kutembea\" class=\"wp-image-2014\" srcset=\"https:\/\/taizyagromachine.com\/wp-content\/uploads\/2022\/02\/electric-start-device-walking-tractor.jpg 720w, https:\/\/taizyagromachine.com\/wp-content\/uploads\/2022\/02\/electric-start-device-walking-tractor-300x225.jpg 300w\" sizes=\"auto, (max-width: 720px) 100vw, 720px\" \/><figcaption class=\"wp-element-caption\">trekta ya umeme ya kuanza kwa kifaa-kutembea<\/figcaption><\/figure>    <figure class=\"wp-block-image size-large\"><img loading=\"lazy\" decoding=\"async\" width=\"720\" height=\"540\" data-id=\"2012\" src=\"https:\/\/taizyagromachine.com\/wp-content\/uploads\/2022\/02\/water-pump-hand-tractor.jpg\" alt=\"pampu ya maji\" class=\"wp-image-2012\" srcset=\"https:\/\/taizyagromachine.com\/wp-content\/uploads\/2022\/02\/water-pump-hand-tractor.jpg 720w, https:\/\/taizyagromachine.com\/wp-content\/uploads\/2022\/02\/water-pump-hand-tractor-300x225.jpg 300w\" sizes=\"auto, (max-width: 720px) 100vw, 720px\" \/><figcaption class=\"wp-element-caption\">pampu ya maji<\/figcaption><\/figure> <\/figure>    <h2 class=\"wp-block-heading\" id=\"walking-tractor-attachments\">Viambatisho vya Trekta ya Kutembea<\/h2>    <p>Kama mtengenezaji na muuzaji mtaalamu wa mashine ya kilimo, tuna mgao mbalimbali wa kukuonyesha.<\/p>    <h3 class=\"wp-block-heading\" id=\"walking-type-tractor-with-rovatator\">Trekta ya aina ya kutembea na rotovator<\/h3>    <p>Wakati hizi mbili kwa pamoja zinafanya kazi, inafaa kwa mashamba ya maji, na kulima nchi kavu. Pia, kutoka kwenye picha, tunaweza kuona wazi kwamba kuna muundo wa kiti ili kuunda hali rahisi kwa watumiaji.<\/p>   <div class=\"wp-block-image\"> <figure class=\"aligncenter size-full\"><img loading=\"lazy\" decoding=\"async\" width=\"720\" height=\"540\" src=\"https:\/\/taizyagromachine.com\/wp-content\/uploads\/2022\/02\/walking-type-tractor-with-rotavator.jpg\" alt=\"trekta ya aina ya kutembea na rotovator\" class=\"wp-image-2006\" srcset=\"https:\/\/taizyagromachine.com\/wp-content\/uploads\/2022\/02\/walking-type-tractor-with-rotavator.jpg 720w, https:\/\/taizyagromachine.com\/wp-content\/uploads\/2022\/02\/walking-type-tractor-with-rotavator-300x225.jpg 300w\" sizes=\"auto, (max-width: 720px) 100vw, 720px\" \/><figcaption class=\"wp-element-caption\">trekta ya aina ya kutembea na rotovator<\/figcaption><\/figure> <\/div>   <h3 class=\"wp-block-heading\" id=\"2-wheel-drive-tractor-with-double-disc-plough\">Trekta 2 za kuendeshea magurudumu yenye jembe la diski mbili<\/h3>    <p>Jembe la diski mbili ni la kulima maeneo kavu. Mchanganyiko huu una faida za uendeshaji rahisi, kasi ya haraka, na ufanisi wa juu.<\/p>   <div class=\"wp-block-image\"> <figure class=\"aligncenter size-full\"><img loading=\"lazy\" decoding=\"async\" width=\"720\" height=\"540\" src=\"https:\/\/taizyagromachine.com\/wp-content\/uploads\/2022\/02\/2-wheel-rive-tractor-with-double-disc-plough.jpg\" alt=\"Trekta 2 za kuendeshea magurudumu yenye jembe la diski mbili\" class=\"wp-image-2007\" srcset=\"https:\/\/taizyagromachine.com\/wp-content\/uploads\/2022\/02\/2-wheel-rive-tractor-with-double-disc-plough.jpg 720w, https:\/\/taizyagromachine.com\/wp-content\/uploads\/2022\/02\/2-wheel-rive-tractor-with-double-disc-plough-300x225.jpg 300w\" sizes=\"auto, (max-width: 720px) 100vw, 720px\" \/><figcaption class=\"wp-element-caption\">Trekta 2 za kuendeshea magurudumu yenye jembe la diski mbili<\/figcaption><\/figure> <\/div>   <h3 class=\"wp-block-heading\" id=\"hand-tractor-with-double-plough\">Trekta ya mkono yenye jembe mara mbili<\/h3>    <p>Trekta ya mkono yenye jembe maradufu hutumika kwa kawaida katika mashamba kavu kwa kugeuza udongo na kulegea udongo.<\/p>   <div class=\"wp-block-image\"> <figure class=\"aligncenter size-full\"><img loading=\"lazy\" decoding=\"async\" width=\"720\" height=\"540\" src=\"https:\/\/taizyagromachine.com\/wp-content\/uploads\/2022\/02\/hand-tractor-with-double-plough.jpg\" alt=\"trekta ya mkono yenye jembe maradufu\" class=\"wp-image-2009\" srcset=\"https:\/\/taizyagromachine.com\/wp-content\/uploads\/2022\/02\/hand-tractor-with-double-plough.jpg 720w, https:\/\/taizyagromachine.com\/wp-content\/uploads\/2022\/02\/hand-tractor-with-double-plough-300x225.jpg 300w\" sizes=\"auto, (max-width: 720px) 100vw, 720px\" \/><figcaption class=\"wp-element-caption\">trekta ya mkono yenye jembe maradufu<\/figcaption><\/figure> <\/div>   <h3 class=\"wp-block-heading\" id=\"two-wheel-drive-tractor-with-paddy-wheel\">Trekta ya magurudumu mawili yenye gurudumu la mpunga<\/h3>    <p>Aina hii ya trekta ya kutembea yenye gurudumu la mpunga ni kwa ajili ya mashamba ya maji ya mpunga. Gurudumu hili la mpunga ni la manufaa kwa kutembea kwenye mashamba yenye maji mengi, sio kukwama kwenye ardhi.<\/p>   <div class=\"wp-block-image\"> <figure class=\"aligncenter size-full\"><img loading=\"lazy\" decoding=\"async\" width=\"720\" height=\"540\" src=\"https:\/\/taizyagromachine.com\/wp-content\/uploads\/2022\/02\/two-whell-drive-tractor-with-paddy-wheel.jpg\" alt=\"trekta ya magurudumu mawili yenye gurudumu la mpunga\" class=\"wp-image-2010\" srcset=\"https:\/\/taizyagromachine.com\/wp-content\/uploads\/2022\/02\/two-whell-drive-tractor-with-paddy-wheel.jpg 720w, https:\/\/taizyagromachine.com\/wp-content\/uploads\/2022\/02\/two-whell-drive-tractor-with-paddy-wheel-300x225.jpg 300w\" sizes=\"auto, (max-width: 720px) 100vw, 720px\" \/><figcaption class=\"wp-element-caption\">trekta ya magurudumu mawili yenye gurudumu la mpunga<\/figcaption><\/figure> <\/div>   <h2 class=\"wp-block-heading\" id=\"successful-case-hand-tractor-exported-to-mauritius-and-south-africa\"><strong>Kesi Iliyofanikiwa: Trekta ya Mkono Kusafirishwa hadi Mauritius na Afrika Kusini<\/strong><strong><\/strong><\/h2>    <p>Kwa kweli, trekta hii ya kutembea-nyuma ni maarufu sana ulimwenguni. Kwa sababu ya unyenyekevu trekta mbili za magurudumu ina nguvu ya bei. Zaidi ya hayo, ina kazi nyingi na mashine tofauti. Kwa hivyo, ina soko pana. Meneja wetu wa mauzo Coco alipata mialiko ya nukuu kutoka Mauritius na Afrika Kusini mtawalia. Kwa sababu matrekta ya aina ya kutembea yanaweza kutumika kama chanzo cha nguvu na kufanya kazi na mashine tofauti, wateja nchini Mauritius na Afrika Kusini waliagiza sio tu trekta za mkono bali pia pampu za maji, jembe, matuta, magurudumu ya mpunga, viasha moto vya umeme, n.k. Tulipakia mashine ndani. masanduku ya mbao, akayapakia kwenye kontena, na kuyasafirisha hadi Mauritius na Afrika Kusini kwa njia ya bahari. Karibu wasiliana nasi kwa maelezo zaidi!<\/p>   <div class=\"wp-block-image\"> <figure class=\"aligncenter size-full\"><img loading=\"lazy\" decoding=\"async\" width=\"720\" height=\"540\" src=\"https:\/\/taizyagromachine.com\/wp-content\/uploads\/2022\/02\/pack-walking-tractor-into-wooden-cases.jpg\" alt=\"pakia trekta ya mkono kwenye sanduku za mbao\" class=\"wp-image-2004\" srcset=\"https:\/\/taizyagromachine.com\/wp-content\/uploads\/2022\/02\/pack-walking-tractor-into-wooden-cases.jpg 720w, https:\/\/taizyagromachine.com\/wp-content\/uploads\/2022\/02\/pack-walking-tractor-into-wooden-cases-300x225.jpg 300w\" sizes=\"auto, (max-width: 720px) 100vw, 720px\" \/><figcaption class=\"wp-element-caption\">pakia trekta ya mkono kwenye sanduku la mbao kwenye kontena<\/figcaption><\/figure> <\/div>   <figure class=\"wp-block-embed is-type-video is-provider-youtube wp-block-embed-youtube wp-embed-aspect-16-9 wp-has-aspect-ratio\"><div class=\"wp-block-embed__wrapper\"> <iframe loading=\"lazy\" title=\"Matembezi ya kutembea kwa mikono na wavunaji kwa karanga na uvunaji wa viazi | Vifaa vya uvunaji wa karanga\" width=\"500\" height=\"281\" src=\"https:\/\/www.youtube.com\/embed\/DzLEq9Kn4m4?feature=oembed\" frameborder=\"0\" allow=\"accelerometer; autoplay; clipboard-write; encrypted-media; gyroscope; picture-in-picture; web-share\" referrerpolicy=\"strict-origin-when-cross-origin\" allowfullscreen><\/iframe> <\/div><figcaption class=\"wp-element-caption\">Vide ya trekta ya mkono na wavunaji<\/figcaption><\/figure>","protected":false},"excerpt":{"rendered":"<p>Walking type tractor&nbsp;is an essential 2 wheel farm walking tractor, capable of operating many different implements. Walk-behind tractor supplies the power sources, widely used worldwide. The hand tractor has advantages of multi functions, easy operation, compact structure. Besides, this walking tractor can match with the different equipment, like plough, ridger, planter, water pump, etc. The [&hellip;]<\/p>\n","protected":false},"author":1,"featured_media":2159,"parent":0,"template":"","tags":[],"product-type":[22],"class_list":["post-2002","product","type-product","status-publish","has-post-thumbnail","hentry","product-type-others"],"_links":{"self":[{"href":"https:\/\/taizyagromachine.com\/sw\/wp-json\/wp\/v2\/product\/2002","targetHints":{"allow":["GET"]}}],"collection":[{"href":"https:\/\/taizyagromachine.com\/sw\/wp-json\/wp\/v2\/product"}],"about":[{"href":"https:\/\/taizyagromachine.com\/sw\/wp-json\/wp\/v2\/types\/product"}],"author":[{"embeddable":true,"href":"https:\/\/taizyagromachine.com\/sw\/wp-json\/wp\/v2\/users\/1"}],"wp:featuredmedia":[{"embeddable":true,"href":"https:\/\/taizyagromachine.com\/sw\/wp-json\/wp\/v2\/media\/2159"}],"wp:attachment":[{"href":"https:\/\/taizyagromachine.com\/sw\/wp-json\/wp\/v2\/media?parent=2002"}],"wp:term":[{"taxonomy":"post_tag","embeddable":true,"href":"https:\/\/taizyagromachine.com\/sw\/wp-json\/wp\/v2\/tags?post=2002"},{"taxonomy":"product-type","embeddable":true,"href":"https:\/\/taizyagromachine.com\/sw\/wp-json\/wp\/v2\/product-type?post=2002"}],"curies":[{"name":"wp","href":"https:\/\/api.w.org\/{rel}","templated":true}]}}